{"id":31331,"date":"2019-02-21T13:15:21","date_gmt":"2019-02-21T12:15:21","guid":{"rendered":"https:\/\/klaudynahebda.pl\/sklep\/?post_type=product&#038;p=31331"},"modified":"2026-04-17T23:26:55","modified_gmt":"2026-04-17T21:26:55","slug":"olejek-z-bergamotki-na-nerwy","status":"publish","type":"product","link":"https:\/\/klaudynahebda.pl\/sklep\/olejek-z-bergamotki-na-nerwy\/","title":{"rendered":"Olejek z bergamotki"},"content":{"rendered":"<p><span style=\"font-weight: 400;\">Wiele z naszych olejk\u00f3w ma zapach, kt\u00f3re mo\u017ce wp\u0142ywa\u0107 koj\u0105co, jednak to w\u0142a\u015bnie cytrusowy aromat olejku bergamotowego mo\u017ce wyciszy\u0107 emocje i jednocze\u015bnie doda\u0107 energii. <\/span><b>Jest to jeden z najlepszych olejk\u00f3w do pracy, <\/b><span style=\"font-weight: 400;\">a jego zapach, kt\u00f3ry pewnie znasz z herbaty Earl Grey, cz\u0119sto podoba si\u0119 r\u00f3wnie\u017c m\u0119\u017cczyznom<\/span><b>.\u00a0<\/b><\/p>\n<h2><b>Olejek eteryczny bergamotowy &#8211; zastosowanie<\/b><\/h2>\n<ul>\n<li><span style=\"font-weight: 400;\">Bergamotka jest<\/span> <span style=\"font-weight: 400;\"><span style=\"font-weight: 400;\">polecana do piel\u0119gnacji w kosmetykach przeznaczonych dla cery problematycznej, t\u0142ustej<\/span><\/span><\/li>\n<li><span style=\"font-weight: 400;\"><span style=\"font-weight: 400;\">Jej cytrusowy aromat i w\u0142a\u015bciwo\u015bci dezodoryzuj\u0105ce jest cz\u0119sto dodawana do kosmetyk\u00f3w oraz perfum<\/span><\/span><\/li>\n<li><span style=\"font-weight: 400;\">Jej dzia\u0142anie mo\u017cna przyr\u00f3wna\u0107 do starej wagi szalkowej, na kt\u00f3rej sprzedawczynie stawia\u0142y z jednej strony produkty, a z drugiej odwa\u017cniki, d\u0105\u017c\u0105c do ich wyr\u00f3wnania<\/span><\/li>\n<li><span style=\"font-weight: 400;\">W aromaterapii bergamotka ma opinie zapachu pomocnego przy poprawie nastroju, kt\u00f3ry harmonizuje emocje<\/span><\/li>\n<\/ul>\n<p>\u27a1\ufe0f Sprawd\u017a te\u017c:<\/p>\n<ul>\n<li><a href=\"https:\/\/klaudynahebda.pl\/sklep\/dyfuzor-do-aromaterapii\/\">dyfuzor bezprzewodowy<\/a>\u00a0do aromaterapii<\/li>\n<li>inne <a href=\"https:\/\/klaudynahebda.pl\/sklep\/olejki-eteryczne\/\">naturalne olejki eteryczne<\/a> K. Hebda.<\/li>\n<\/ul>\n","protected":false},"excerpt":{"rendered":"<h2>Olejek eteryczny z bergamotki to&#8230;<\/h2>\n<ul>\n<li>prawdziwy sojusznik w trudnych chwilach, gdy obowi\u0105zki gromadz\u0105 si\u0119 i gromadz\u0105&#8230; a codzienny nastr\u00f3j buja si\u0119 niczym hu\u015btawka.<\/li>\n<li>zapach, kt\u00f3ry potrafi rozja\u015bni\u0107 chmurne dni.<\/li>\n<li>kompan na d\u0142ugie rozmowy z sam\u0105 sob\u0105, gdy chcesz si\u0119 poczu\u0107 lepiej.<\/li>\n<\/ul>\n<p><b>Masz minutk\u0119<\/b><span style=\"font-weight: 400;\">? Tyle wystarczy, \u017ceby bezpiecznie u\u017cy\u0107 olejku. Dodaj go do dyfuzora albo wykorzystaj w formie rozcie\u0144czonej do k\u0105pieli lub na sk\u00f3r\u0119. Inne <\/span><b>proste sposoby na olejek eteryczny z bergamotki<\/b><span style=\"font-weight: 400;\"> znajdziesz w zak\u0142adce spos\u00f3b u\u017cycia.<\/span><\/p>\n<p><strong>Nowa, od\u015bwie\u017cona etykieta\u00a0<\/strong><br \/>\nTo wci\u0105\u017c ten sam, uwielbiany przez Was olejek \u2013 zmieni\u0142 si\u0119 tylko jego wygl\u0105d.<\/p>\n<p>&nbsp;<\/p>\n","protected":false},"featured_media":3323591,"comment_status":"open","ping_status":"closed","template":"","meta":[],"product_cat":[249,130,213,36,38,90,118],"product_tag":[],"acf":[],"yoast_head":"<!-- This site is optimized with the Yoast SEO plugin v19.6.1 - https:\/\/yoast.com\/wordpress\/plugins\/seo\/ -->\n<title>Olejek z bergamotki - Klaudyna Hebda Nature<\/title>\n<meta name=\"description\" content=\"Ten naturalny olejek z bergamotki pomo\u017ce przy wyczerpaniu nerwowym, stresuj\u0105cych momentach w pracy, podczas waha\u0144 nastroju, okresu czy menopauzy.\" \/>\n<meta name=\"robots\" content=\"index, follow, max-snippet:-1, max-image-preview:large, max-video-preview:-1\" \/>\n<link rel=\"canonical\" href=\"https:\/\/klaudynahebda.pl\/sklep\/olejek-z-bergamotki-na-nerwy\/\" \/>\n<meta property=\"og:locale\" content=\"pl_PL\" \/>\n<meta property=\"og:type\" content=\"article\" \/>\n<meta property=\"og:title\" content=\"Olejek z bergamotki - Klaudyna Hebda Nature\" \/>\n<meta property=\"og:description\" content=\"Ten naturalny olejek z bergamotki pomo\u017ce przy wyczerpaniu nerwowym, stresuj\u0105cych momentach w pracy, podczas waha\u0144 nastroju, okresu czy menopauzy.\" \/>\n<meta property=\"og:url\" content=\"https:\/\/klaudynahebda.pl\/sklep\/olejek-z-bergamotki-na-nerwy\/\" \/>\n<meta property=\"og:site_name\" content=\"Klaudyna Hebda Nature\" \/>\n<meta property=\"article:modified_time\" content=\"2026-04-17T21:26:55+00:00\" \/>\n<meta property=\"og:image\" content=\"https:\/\/klaudynahebda.pl\/sklep\/wp-content\/uploads\/2019\/02\/olejek-eteryczny-bergamotka-klaudyna-hebda-15-ml.png\" \/>\n\t<meta property=\"og:image:width\" content=\"844\" \/>\n\t<meta property=\"og:image:height\" content=\"1152\" \/>\n\t<meta property=\"og:image:type\" content=\"image\/png\" \/>\n<meta name=\"twitter:card\" content=\"summary_large_image\" \/>\n<meta name=\"twitter:label1\" content=\"Szacowany czas czytania\" \/>\n\t<meta name=\"twitter:data1\" content=\"1 minuta\" \/>\n<script type=\"application\/ld+json\" class=\"yoast-schema-graph\">{\"@context\":\"https:\/\/schema.org\",\"@graph\":[{\"@type\":\"WebPage\",\"@id\":\"https:\/\/klaudynahebda.pl\/sklep\/olejek-z-bergamotki-na-nerwy\/\",\"url\":\"https:\/\/klaudynahebda.pl\/sklep\/olejek-z-bergamotki-na-nerwy\/\",\"name\":\"Olejek z bergamotki - Klaudyna Hebda Nature\",\"isPartOf\":{\"@id\":\"https:\/\/klaudynahebda.pl\/sklep\/#website\"},\"datePublished\":\"2019-02-21T12:15:21+00:00\",\"dateModified\":\"2026-04-17T21:26:55+00:00\",\"description\":\"Ten naturalny olejek z bergamotki pomo\u017ce przy wyczerpaniu nerwowym, stresuj\u0105cych momentach w pracy, podczas waha\u0144 nastroju, okresu czy menopauzy.\",\"breadcrumb\":{\"@id\":\"https:\/\/klaudynahebda.pl\/sklep\/olejek-z-bergamotki-na-nerwy\/#breadcrumb\"},\"inLanguage\":\"pl-PL\",\"potentialAction\":[{\"@type\":\"ReadAction\",\"target\":[\"https:\/\/klaudynahebda.pl\/sklep\/olejek-z-bergamotki-na-nerwy\/\"]}]},{\"@type\":\"BreadcrumbList\",\"@id\":\"https:\/\/klaudynahebda.pl\/sklep\/olejek-z-bergamotki-na-nerwy\/#breadcrumb\",\"itemListElement\":[{\"@type\":\"ListItem\",\"position\":1,\"name\":\"Strona g\u0142\u00f3wna\",\"item\":\"https:\/\/klaudynahebda.pl\/sklep\/\"},{\"@type\":\"ListItem\",\"position\":2,\"name\":\"Sklep\",\"item\":\"https:\/\/klaudynahebda.pl\/sklep\/sklep\/\"},{\"@type\":\"ListItem\",\"position\":3,\"name\":\"Olejki eteryczne\",\"item\":\"https:\/\/klaudynahebda.pl\/sklep\/olejki-eteryczne\/\"},{\"@type\":\"ListItem\",\"position\":4,\"name\":\"Olejek z bergamotki\"}]},{\"@type\":\"WebSite\",\"@id\":\"https:\/\/klaudynahebda.pl\/sklep\/#website\",\"url\":\"https:\/\/klaudynahebda.pl\/sklep\/\",\"name\":\"Klaudyna Hebda Nature\",\"description\":\"Sklep\",\"publisher\":{\"@id\":\"https:\/\/klaudynahebda.pl\/sklep\/#organization\"},\"potentialAction\":[{\"@type\":\"SearchAction\",\"target\":{\"@type\":\"EntryPoint\",\"urlTemplate\":\"https:\/\/klaudynahebda.pl\/sklep\/?s={search_term_string}\"},\"query-input\":\"required name=search_term_string\"}],\"inLanguage\":\"pl-PL\"},{\"@type\":\"Organization\",\"@id\":\"https:\/\/klaudynahebda.pl\/sklep\/#organization\",\"name\":\"KlaudynaHebda\",\"url\":\"https:\/\/klaudynahebda.pl\/sklep\/\",\"sameAs\":[],\"logo\":{\"@type\":\"ImageObject\",\"inLanguage\":\"pl-PL\",\"@id\":\"https:\/\/klaudynahebda.pl\/sklep\/#\/schema\/logo\/image\/\",\"url\":\"\",\"contentUrl\":\"\",\"caption\":\"KlaudynaHebda\"},\"image\":{\"@id\":\"https:\/\/klaudynahebda.pl\/sklep\/#\/schema\/logo\/image\/\"}}]}<\/script>\n<!-- \/ Yoast SEO plugin. -->","yoast_head_json":{"title":"Olejek z bergamotki - Klaudyna Hebda Nature","description":"Ten naturalny olejek z bergamotki pomo\u017ce przy wyczerpaniu nerwowym, stresuj\u0105cych momentach w pracy, podczas waha\u0144 nastroju, okresu czy menopauzy.","robots":{"index":"index","follow":"follow","max-snippet":"max-snippet:-1","max-image-preview":"max-image-preview:large","max-video-preview":"max-video-preview:-1"},"canonical":"https:\/\/klaudynahebda.pl\/sklep\/olejek-z-bergamotki-na-nerwy\/","og_locale":"pl_PL","og_type":"article","og_title":"Olejek z bergamotki - Klaudyna Hebda Nature","og_description":"Ten naturalny olejek z bergamotki pomo\u017ce przy wyczerpaniu nerwowym, stresuj\u0105cych momentach w pracy, podczas waha\u0144 nastroju, okresu czy menopauzy.","og_url":"https:\/\/klaudynahebda.pl\/sklep\/olejek-z-bergamotki-na-nerwy\/","og_site_name":"Klaudyna Hebda Nature","article_modified_time":"2026-04-17T21:26:55+00:00","og_image":[{"width":844,"height":1152,"url":"https:\/\/klaudynahebda.pl\/sklep\/wp-content\/uploads\/2019\/02\/olejek-eteryczny-bergamotka-klaudyna-hebda-15-ml.png","type":"image\/png"}],"twitter_card":"summary_large_image","twitter_misc":{"Szacowany czas czytania":"1 minuta"},"schema":{"@context":"https:\/\/schema.org","@graph":[{"@type":"WebPage","@id":"https:\/\/klaudynahebda.pl\/sklep\/olejek-z-bergamotki-na-nerwy\/","url":"https:\/\/klaudynahebda.pl\/sklep\/olejek-z-bergamotki-na-nerwy\/","name":"Olejek z bergamotki - Klaudyna Hebda Nature","isPartOf":{"@id":"https:\/\/klaudynahebda.pl\/sklep\/#website"},"datePublished":"2019-02-21T12:15:21+00:00","dateModified":"2026-04-17T21:26:55+00:00","description":"Ten naturalny olejek z bergamotki pomo\u017ce przy wyczerpaniu nerwowym, stresuj\u0105cych momentach w pracy, podczas waha\u0144 nastroju, okresu czy menopauzy.","breadcrumb":{"@id":"https:\/\/klaudynahebda.pl\/sklep\/olejek-z-bergamotki-na-nerwy\/#breadcrumb"},"inLanguage":"pl-PL","potentialAction":[{"@type":"ReadAction","target":["https:\/\/klaudynahebda.pl\/sklep\/olejek-z-bergamotki-na-nerwy\/"]}]},{"@type":"BreadcrumbList","@id":"https:\/\/klaudynahebda.pl\/sklep\/olejek-z-bergamotki-na-nerwy\/#breadcrumb","itemListElement":[{"@type":"ListItem","position":1,"name":"Strona g\u0142\u00f3wna","item":"https:\/\/klaudynahebda.pl\/sklep\/"},{"@type":"ListItem","position":2,"name":"Sklep","item":"https:\/\/klaudynahebda.pl\/sklep\/sklep\/"},{"@type":"ListItem","position":3,"name":"Olejki eteryczne","item":"https:\/\/klaudynahebda.pl\/sklep\/olejki-eteryczne\/"},{"@type":"ListItem","position":4,"name":"Olejek z bergamotki"}]},{"@type":"WebSite","@id":"https:\/\/klaudynahebda.pl\/sklep\/#website","url":"https:\/\/klaudynahebda.pl\/sklep\/","name":"Klaudyna Hebda Nature","description":"Sklep","publisher":{"@id":"https:\/\/klaudynahebda.pl\/sklep\/#organization"},"potentialAction":[{"@type":"SearchAction","target":{"@type":"EntryPoint","urlTemplate":"https:\/\/klaudynahebda.pl\/sklep\/?s={search_term_string}"},"query-input":"required name=search_term_string"}],"inLanguage":"pl-PL"},{"@type":"Organization","@id":"https:\/\/klaudynahebda.pl\/sklep\/#organization","name":"KlaudynaHebda","url":"https:\/\/klaudynahebda.pl\/sklep\/","sameAs":[],"logo":{"@type":"ImageObject","inLanguage":"pl-PL","@id":"https:\/\/klaudynahebda.pl\/sklep\/#\/schema\/logo\/image\/","url":"","contentUrl":"","caption":"KlaudynaHebda"},"image":{"@id":"https:\/\/klaudynahebda.pl\/sklep\/#\/schema\/logo\/image\/"}}]}},"_links":{"self":[{"href":"https:\/\/klaudynahebda.pl\/sklep\/wp-json\/wp\/v2\/product\/31331"}],"collection":[{"href":"https:\/\/klaudynahebda.pl\/sklep\/wp-json\/wp\/v2\/product"}],"about":[{"href":"https:\/\/klaudynahebda.pl\/sklep\/wp-json\/wp\/v2\/types\/product"}],"replies":[{"embeddable":true,"href":"https:\/\/klaudynahebda.pl\/sklep\/wp-json\/wp\/v2\/comments?post=31331"}],"wp:featuredmedia":[{"embeddable":true,"href":"https:\/\/klaudynahebda.pl\/sklep\/wp-json\/wp\/v2\/media\/3323591"}],"wp:attachment":[{"href":"https:\/\/klaudynahebda.pl\/sklep\/wp-json\/wp\/v2\/media?parent=31331"}],"wp:term":[{"taxonomy":"product_cat","embeddable":true,"href":"https:\/\/klaudynahebda.pl\/sklep\/wp-json\/wp\/v2\/product_cat?post=31331"},{"taxonomy":"product_tag","embeddable":true,"href":"https:\/\/klaudynahebda.pl\/sklep\/wp-json\/wp\/v2\/product_tag?post=31331"}],"curies":[{"name":"wp","href":"https:\/\/api.w.org\/{rel}","templated":true}]}}