{"id":3079509,"date":"2024-11-12T14:34:59","date_gmt":"2024-11-12T13:34:59","guid":{"rendered":"https:\/\/klaudynahebda.pl\/sklep\/?post_type=product&#038;p=3079509"},"modified":"2026-04-12T12:02:41","modified_gmt":"2026-04-12T10:02:41","slug":"olejek-szalwia-muszkatolowa","status":"publish","type":"product","link":"https:\/\/klaudynahebda.pl\/sklep\/olejek-szalwia-muszkatolowa\/","title":{"rendered":"Olejek sza\u0142wia muszkato\u0142owa"},"content":{"rendered":"<h2>Jeste\u015b kobiet\u0105? Zatem musisz pozna\u0107 olejek sza\u0142wiowy!<\/h2>\n<p>Olejek z sza\u0142wii muszkato\u0142owej to jeden z tych olejk\u00f3w eterycznych, kt\u00f3ry powinna zna\u0107 ka\u017cda kobieta. Jego zio\u0142owy, ziemisty i lekko kwiatowy zapach mo\u017ce zmniejsza\u0107 zm\u0119czenie i poprawia\u0107 samopoczucie. Dodaj olejek do dyfuzora lub w\u0105chaj go prosto z buteleczki, gdy potrzebujesz ukojenia i zmniejszenia napi\u0119cia. Aromat olejku sza\u0142wiowego szybko pomo\u017ce Ci obni\u017cy\u0107 poczucie stresu i stworzy\u0107 atmosfer\u0119 sprzyjaj\u0105c\u0105 dobremu nastrojowi<\/p>\n<p>Miesi\u0105czka i menopauza to jedne z trudniejszych okres\u00f3w w \u017cyciu ka\u017cdej kobiety. Wesprzyj si\u0119 masa\u017cem z olejkiem z sza\u0142wii muszkato\u0142owej. Wymieszaj 4 krople olejku z 30 ml olejku bazowego i delikatnie masuj podbrzusze. Poczujesz, jak Tw\u00f3j komfort ro\u015bnie. W okresie menopauzy mo\u017cesz wykorzysta\u0107 olejek do dyfuzji \u2013 jego aromat ukoi i pomo\u017ce Ci zmniejszy\u0107 uczucie niepokoju oraz napi\u0119cie.<\/p>\n<p><strong>Nowa, od\u015bwie\u017cona etykieta\u00a0<\/strong><br \/>\nTo wci\u0105\u017c ten sam, uwielbiany przez Was olejek \u2013 zmieni\u0142 si\u0119 tylko jego wygl\u0105d.<\/p>\n<h2>Gdzie znajdziesz olejek sza\u0142wiowy (z sza\u0142wii muszkato\u0142owej)?<\/h2>\n<p>Klaudyna \u2014 jako kobieta i aromaterapeutka kliniczna \u2014 doskonale wie, gdzie olejek sza\u0142wiowy sprawdzi si\u0119 najlepiej. Dlatego umie\u015bci\u0142a go m.in. w takich recepturach jak:<\/p>\n<ul>\n<li><a href=\"https:\/\/klaudynahebda.pl\/sklep\/roll-on-ulga-dla-glowy\/\">roll-on Ulga dla g\u0142owy<\/a>,<\/li>\n<li><a href=\"https:\/\/klaudynahebda.pl\/sklep\/olejek-mieszanka-migrena\/\">mieszanka olejk\u00f3w eterycznych Ulga dla g\u0142owy<\/a><\/li>\n<\/ul>\n<p><strong>\ud83d\udc49 Sprawd\u017a te\u017c inne, naturalne, kobiece niezb\u0119dniki:<\/strong><\/p>\n<ul>\n<li><a href=\"https:\/\/klaudynahebda.pl\/sklep\/gaja-intima\/\">Olejek do higieny intymnej Gaja Intima<\/a><\/li>\n<li><a href=\"https:\/\/klaudynahebda.pl\/sklep\/olejek-gaja\/\">Mieszanka olejk\u00f3w eterycznych Gaja no 1.<\/a><\/li>\n<\/ul>\n","protected":false},"excerpt":{"rendered":"<h2><span data-contrast=\"auto\">Olejek eteryczny dla kobiet<\/span><span data-ccp-props=\"{&quot;134233117&quot;:false,&quot;134233118&quot;:false,&quot;201341983&quot;:0,&quot;335559738&quot;:0,&quot;335559739&quot;:200,&quot;335559740&quot;:276}\"> z sza\u0142wii muszkato\u0142owej to:<\/span><\/h2>\n<ul>\n<li data-leveltext=\"\u00b7\" data-font=\"Symbol\" data-listid=\"1\" data-list-defn-props=\"{&quot;335552541&quot;:1,&quot;335559685&quot;:720,&quot;335559991&quot;:360,&quot;469769226&quot;:&quot;Symbol&quot;,&quot;469769242&quot;:[8226],&quot;469777803&quot;:&quot;left&quot;,&quot;469777804&quot;:&quot;\u00b7&quot;,&quot;469777815&quot;:&quot;hybridMultilevel&quot;}\" data-aria-posinset=\"1\" data-aria-level=\"1\"><span data-contrast=\"auto\">100% najwy\u017cszej jako\u015bci olejku eterycznego<\/span><span data-ccp-props=\"{&quot;134233117&quot;:false,&quot;134233118&quot;:false,&quot;201341983&quot;:0,&quot;335559685&quot;:720,&quot;335559737&quot;:0,&quot;335559738&quot;:0,&quot;335559739&quot;:0,&quot;335559740&quot;:276,&quot;335559991&quot;:360}\">\u00a0<\/span><\/li>\n<\/ul>\n<ul>\n<li data-leveltext=\"\u00b7\" data-font=\"Symbol\" data-listid=\"1\" data-list-defn-props=\"{&quot;335552541&quot;:1,&quot;335559685&quot;:720,&quot;335559991&quot;:360,&quot;469769226&quot;:&quot;Symbol&quot;,&quot;469769242&quot;:[8226],&quot;469777803&quot;:&quot;left&quot;,&quot;469777804&quot;:&quot;\u00b7&quot;,&quot;469777815&quot;:&quot;hybridMultilevel&quot;}\" data-aria-posinset=\"2\" data-aria-level=\"1\"><span data-contrast=\"auto\">Zapach, kt\u00f3ry zmniejsza napi\u0119cie i stres<\/span><span data-ccp-props=\"{&quot;134233117&quot;:false,&quot;134233118&quot;:false,&quot;201341983&quot;:0,&quot;335559685&quot;:720,&quot;335559737&quot;:0,&quot;335559738&quot;:0,&quot;335559739&quot;:0,&quot;335559740&quot;:276,&quot;335559991&quot;:360}\">\u00a0<\/span><\/li>\n<\/ul>\n<ul>\n<li data-leveltext=\"\u00b7\" data-font=\"Symbol\" data-listid=\"1\" data-list-defn-props=\"{&quot;335552541&quot;:1,&quot;335559685&quot;:720,&quot;335559991&quot;:360,&quot;469769226&quot;:&quot;Symbol&quot;,&quot;469769242&quot;:[8226],&quot;469777803&quot;:&quot;left&quot;,&quot;469777804&quot;:&quot;\u00b7&quot;,&quot;469777815&quot;:&quot;hybridMultilevel&quot;}\" data-aria-posinset=\"3\" data-aria-level=\"1\"><span data-contrast=\"auto\">Tw\u00f3j aromarerapeutyczny przyjaciel do masa\u017cu podbrzusza w czasie miesi\u0105czki<\/span><span data-ccp-props=\"{&quot;134233117&quot;:false,&quot;134233118&quot;:false,&quot;201341983&quot;:0,&quot;335559685&quot;:720,&quot;335559737&quot;:0,&quot;335559738&quot;:0,&quot;335559739&quot;:0,&quot;335559740&quot;:276,&quot;335559991&quot;:360}\">\u00a0<\/span><\/li>\n<\/ul>\n<ul>\n<li data-leveltext=\"\u00b7\" data-font=\"Symbol\" data-listid=\"1\" data-list-defn-props=\"{&quot;335552541&quot;:1,&quot;335559685&quot;:720,&quot;335559991&quot;:360,&quot;469769226&quot;:&quot;Symbol&quot;,&quot;469769242&quot;:[8226],&quot;469777803&quot;:&quot;left&quot;,&quot;469777804&quot;:&quot;\u00b7&quot;,&quot;469777815&quot;:&quot;hybridMultilevel&quot;}\" data-aria-posinset=\"4\" data-aria-level=\"1\"><span data-contrast=\"auto\">Pomoc w lepszym samopoczuciu w okresie menopauzy<\/span><span data-ccp-props=\"{&quot;134233117&quot;:false,&quot;134233118&quot;:false,&quot;201341983&quot;:0,&quot;335559685&quot;:720,&quot;335559737&quot;:0,&quot;335559738&quot;:0,&quot;335559739&quot;:0,&quot;335559740&quot;:276,&quot;335559991&quot;:360}\">\u00a0<\/span><\/li>\n<\/ul>\n<p><strong>Nowa, od\u015bwie\u017cona etykieta\u00a0<\/strong><br \/>\nTo wci\u0105\u017c ten sam, uwielbiany przez Was olejek \u2013 zmieni\u0142 si\u0119 tylko jego wygl\u0105d.<\/p>\n","protected":false},"featured_media":3323606,"comment_status":"open","ping_status":"closed","template":"","meta":[],"product_cat":[250,249,130,36],"product_tag":[],"acf":[],"yoast_head":"<!-- This site is optimized with the Yoast SEO plugin v19.6.1 - https:\/\/yoast.com\/wordpress\/plugins\/seo\/ -->\n<title>Olejek sza\u0142wia muszkato\u0142owa - Klaudyna Hebda Nature<\/title>\n<meta name=\"description\" content=\"Jeste\u015b kobiet\u0105? Zatem musisz spr\u00f3bowa\u0107 100% olejku eterycznego z sza\u0142wii muszkato\u0142owej. Jej zapach wspiera w kobiecych wyzwaniach i pomaga si\u0119 zrelaksowa\u0107.\" \/>\n<meta name=\"robots\" content=\"index, follow, max-snippet:-1, max-image-preview:large, max-video-preview:-1\" \/>\n<link rel=\"canonical\" href=\"https:\/\/klaudynahebda.pl\/sklep\/olejek-szalwia-muszkatolowa\/\" \/>\n<meta property=\"og:locale\" content=\"pl_PL\" \/>\n<meta property=\"og:type\" content=\"article\" \/>\n<meta property=\"og:title\" content=\"Olejek sza\u0142wia muszkato\u0142owa - Klaudyna Hebda Nature\" \/>\n<meta property=\"og:description\" content=\"Jeste\u015b kobiet\u0105? Zatem musisz spr\u00f3bowa\u0107 100% olejku eterycznego z sza\u0142wii muszkato\u0142owej. Jej zapach wspiera w kobiecych wyzwaniach i pomaga si\u0119 zrelaksowa\u0107.\" \/>\n<meta property=\"og:url\" content=\"https:\/\/klaudynahebda.pl\/sklep\/olejek-szalwia-muszkatolowa\/\" \/>\n<meta property=\"og:site_name\" content=\"Klaudyna Hebda Nature\" \/>\n<meta property=\"article:modified_time\" content=\"2026-04-12T10:02:41+00:00\" \/>\n<meta property=\"og:image\" content=\"https:\/\/klaudynahebda.pl\/sklep\/wp-content\/uploads\/2019\/02\/olejek-eteryczny-szalwia-muszkatolowa-klaudyna-hebda-15-ml.png\" \/>\n\t<meta property=\"og:image:width\" content=\"844\" \/>\n\t<meta property=\"og:image:height\" content=\"1152\" \/>\n\t<meta property=\"og:image:type\" content=\"image\/png\" \/>\n<meta name=\"twitter:card\" content=\"summary_large_image\" \/>\n<meta name=\"twitter:label1\" content=\"Szacowany czas czytania\" \/>\n\t<meta name=\"twitter:data1\" content=\"2 minuty\" \/>\n<script type=\"application\/ld+json\" class=\"yoast-schema-graph\">{\"@context\":\"https:\/\/schema.org\",\"@graph\":[{\"@type\":\"WebPage\",\"@id\":\"https:\/\/klaudynahebda.pl\/sklep\/olejek-szalwia-muszkatolowa\/\",\"url\":\"https:\/\/klaudynahebda.pl\/sklep\/olejek-szalwia-muszkatolowa\/\",\"name\":\"Olejek sza\u0142wia muszkato\u0142owa - Klaudyna Hebda Nature\",\"isPartOf\":{\"@id\":\"https:\/\/klaudynahebda.pl\/sklep\/#website\"},\"datePublished\":\"2024-11-12T13:34:59+00:00\",\"dateModified\":\"2026-04-12T10:02:41+00:00\",\"description\":\"Jeste\u015b kobiet\u0105? Zatem musisz spr\u00f3bowa\u0107 100% olejku eterycznego z sza\u0142wii muszkato\u0142owej. Jej zapach wspiera w kobiecych wyzwaniach i pomaga si\u0119 zrelaksowa\u0107.\",\"breadcrumb\":{\"@id\":\"https:\/\/klaudynahebda.pl\/sklep\/olejek-szalwia-muszkatolowa\/#breadcrumb\"},\"inLanguage\":\"pl-PL\",\"potentialAction\":[{\"@type\":\"ReadAction\",\"target\":[\"https:\/\/klaudynahebda.pl\/sklep\/olejek-szalwia-muszkatolowa\/\"]}]},{\"@type\":\"BreadcrumbList\",\"@id\":\"https:\/\/klaudynahebda.pl\/sklep\/olejek-szalwia-muszkatolowa\/#breadcrumb\",\"itemListElement\":[{\"@type\":\"ListItem\",\"position\":1,\"name\":\"Strona g\u0142\u00f3wna\",\"item\":\"https:\/\/klaudynahebda.pl\/sklep\/\"},{\"@type\":\"ListItem\",\"position\":2,\"name\":\"Sklep\",\"item\":\"https:\/\/klaudynahebda.pl\/sklep\/sklep\/\"},{\"@type\":\"ListItem\",\"position\":3,\"name\":\"Olejki eteryczne\",\"item\":\"https:\/\/klaudynahebda.pl\/sklep\/olejki-eteryczne\/\"},{\"@type\":\"ListItem\",\"position\":4,\"name\":\"Olejek sza\u0142wia muszkato\u0142owa\"}]},{\"@type\":\"WebSite\",\"@id\":\"https:\/\/klaudynahebda.pl\/sklep\/#website\",\"url\":\"https:\/\/klaudynahebda.pl\/sklep\/\",\"name\":\"Klaudyna Hebda Nature\",\"description\":\"Sklep\",\"publisher\":{\"@id\":\"https:\/\/klaudynahebda.pl\/sklep\/#organization\"},\"potentialAction\":[{\"@type\":\"SearchAction\",\"target\":{\"@type\":\"EntryPoint\",\"urlTemplate\":\"https:\/\/klaudynahebda.pl\/sklep\/?s={search_term_string}\"},\"query-input\":\"required name=search_term_string\"}],\"inLanguage\":\"pl-PL\"},{\"@type\":\"Organization\",\"@id\":\"https:\/\/klaudynahebda.pl\/sklep\/#organization\",\"name\":\"KlaudynaHebda\",\"url\":\"https:\/\/klaudynahebda.pl\/sklep\/\",\"sameAs\":[],\"logo\":{\"@type\":\"ImageObject\",\"inLanguage\":\"pl-PL\",\"@id\":\"https:\/\/klaudynahebda.pl\/sklep\/#\/schema\/logo\/image\/\",\"url\":\"\",\"contentUrl\":\"\",\"caption\":\"KlaudynaHebda\"},\"image\":{\"@id\":\"https:\/\/klaudynahebda.pl\/sklep\/#\/schema\/logo\/image\/\"}}]}<\/script>\n<!-- \/ Yoast SEO plugin. -->","yoast_head_json":{"title":"Olejek sza\u0142wia muszkato\u0142owa - Klaudyna Hebda Nature","description":"Jeste\u015b kobiet\u0105? Zatem musisz spr\u00f3bowa\u0107 100% olejku eterycznego z sza\u0142wii muszkato\u0142owej. Jej zapach wspiera w kobiecych wyzwaniach i pomaga si\u0119 zrelaksowa\u0107.","robots":{"index":"index","follow":"follow","max-snippet":"max-snippet:-1","max-image-preview":"max-image-preview:large","max-video-preview":"max-video-preview:-1"},"canonical":"https:\/\/klaudynahebda.pl\/sklep\/olejek-szalwia-muszkatolowa\/","og_locale":"pl_PL","og_type":"article","og_title":"Olejek sza\u0142wia muszkato\u0142owa - Klaudyna Hebda Nature","og_description":"Jeste\u015b kobiet\u0105? Zatem musisz spr\u00f3bowa\u0107 100% olejku eterycznego z sza\u0142wii muszkato\u0142owej. Jej zapach wspiera w kobiecych wyzwaniach i pomaga si\u0119 zrelaksowa\u0107.","og_url":"https:\/\/klaudynahebda.pl\/sklep\/olejek-szalwia-muszkatolowa\/","og_site_name":"Klaudyna Hebda Nature","article_modified_time":"2026-04-12T10:02:41+00:00","og_image":[{"width":844,"height":1152,"url":"https:\/\/klaudynahebda.pl\/sklep\/wp-content\/uploads\/2019\/02\/olejek-eteryczny-szalwia-muszkatolowa-klaudyna-hebda-15-ml.png","type":"image\/png"}],"twitter_card":"summary_large_image","twitter_misc":{"Szacowany czas czytania":"2 minuty"},"schema":{"@context":"https:\/\/schema.org","@graph":[{"@type":"WebPage","@id":"https:\/\/klaudynahebda.pl\/sklep\/olejek-szalwia-muszkatolowa\/","url":"https:\/\/klaudynahebda.pl\/sklep\/olejek-szalwia-muszkatolowa\/","name":"Olejek sza\u0142wia muszkato\u0142owa - Klaudyna Hebda Nature","isPartOf":{"@id":"https:\/\/klaudynahebda.pl\/sklep\/#website"},"datePublished":"2024-11-12T13:34:59+00:00","dateModified":"2026-04-12T10:02:41+00:00","description":"Jeste\u015b kobiet\u0105? Zatem musisz spr\u00f3bowa\u0107 100% olejku eterycznego z sza\u0142wii muszkato\u0142owej. Jej zapach wspiera w kobiecych wyzwaniach i pomaga si\u0119 zrelaksowa\u0107.","breadcrumb":{"@id":"https:\/\/klaudynahebda.pl\/sklep\/olejek-szalwia-muszkatolowa\/#breadcrumb"},"inLanguage":"pl-PL","potentialAction":[{"@type":"ReadAction","target":["https:\/\/klaudynahebda.pl\/sklep\/olejek-szalwia-muszkatolowa\/"]}]},{"@type":"BreadcrumbList","@id":"https:\/\/klaudynahebda.pl\/sklep\/olejek-szalwia-muszkatolowa\/#breadcrumb","itemListElement":[{"@type":"ListItem","position":1,"name":"Strona g\u0142\u00f3wna","item":"https:\/\/klaudynahebda.pl\/sklep\/"},{"@type":"ListItem","position":2,"name":"Sklep","item":"https:\/\/klaudynahebda.pl\/sklep\/sklep\/"},{"@type":"ListItem","position":3,"name":"Olejki eteryczne","item":"https:\/\/klaudynahebda.pl\/sklep\/olejki-eteryczne\/"},{"@type":"ListItem","position":4,"name":"Olejek sza\u0142wia muszkato\u0142owa"}]},{"@type":"WebSite","@id":"https:\/\/klaudynahebda.pl\/sklep\/#website","url":"https:\/\/klaudynahebda.pl\/sklep\/","name":"Klaudyna Hebda Nature","description":"Sklep","publisher":{"@id":"https:\/\/klaudynahebda.pl\/sklep\/#organization"},"potentialAction":[{"@type":"SearchAction","target":{"@type":"EntryPoint","urlTemplate":"https:\/\/klaudynahebda.pl\/sklep\/?s={search_term_string}"},"query-input":"required name=search_term_string"}],"inLanguage":"pl-PL"},{"@type":"Organization","@id":"https:\/\/klaudynahebda.pl\/sklep\/#organization","name":"KlaudynaHebda","url":"https:\/\/klaudynahebda.pl\/sklep\/","sameAs":[],"logo":{"@type":"ImageObject","inLanguage":"pl-PL","@id":"https:\/\/klaudynahebda.pl\/sklep\/#\/schema\/logo\/image\/","url":"","contentUrl":"","caption":"KlaudynaHebda"},"image":{"@id":"https:\/\/klaudynahebda.pl\/sklep\/#\/schema\/logo\/image\/"}}]}},"_links":{"self":[{"href":"https:\/\/klaudynahebda.pl\/sklep\/wp-json\/wp\/v2\/product\/3079509"}],"collection":[{"href":"https:\/\/klaudynahebda.pl\/sklep\/wp-json\/wp\/v2\/product"}],"about":[{"href":"https:\/\/klaudynahebda.pl\/sklep\/wp-json\/wp\/v2\/types\/product"}],"replies":[{"embeddable":true,"href":"https:\/\/klaudynahebda.pl\/sklep\/wp-json\/wp\/v2\/comments?post=3079509"}],"wp:featuredmedia":[{"embeddable":true,"href":"https:\/\/klaudynahebda.pl\/sklep\/wp-json\/wp\/v2\/media\/3323606"}],"wp:attachment":[{"href":"https:\/\/klaudynahebda.pl\/sklep\/wp-json\/wp\/v2\/media?parent=3079509"}],"wp:term":[{"taxonomy":"product_cat","embeddable":true,"href":"https:\/\/klaudynahebda.pl\/sklep\/wp-json\/wp\/v2\/product_cat?post=3079509"},{"taxonomy":"product_tag","embeddable":true,"href":"https:\/\/klaudynahebda.pl\/sklep\/wp-json\/wp\/v2\/product_tag?post=3079509"}],"curies":[{"name":"wp","href":"https:\/\/api.w.org\/{rel}","templated":true}]}}