{"id":3079495,"date":"2024-11-05T12:29:54","date_gmt":"2024-11-05T11:29:54","guid":{"rendered":"https:\/\/klaudynahebda.pl\/sklep\/?post_type=product&#038;p=3079495"},"modified":"2026-04-04T15:25:11","modified_gmt":"2026-04-04T13:25:11","slug":"olejek-melisowy","status":"publish","type":"product","link":"https:\/\/klaudynahebda.pl\/sklep\/olejek-melisowy\/","title":{"rendered":"Olejek melisowy"},"content":{"rendered":"<h2><span data-contrast=\"auto\">Kiedy si\u0119gn\u0105\u0107 po olejek melisowy?<\/span><\/h2>\n<p><span data-contrast=\"auto\">S\u0105 sytuacje, w kt\u00f3rych masz wra\u017cenie, \u017ce tylko wiadro melisy mog\u0142oby Ci pom\u00f3c. Czujesz stres, niepok\u00f3j i napi\u0119cie, nie mo\u017cesz spa\u0107, a troski sprawiaj\u0105, \u017ce trudno Ci poradzi\u0107 sobie z emocjami. Wiesz, \u017ce to wiadro melisy mo\u017cesz zast\u0105pi\u0107 kropl\u0105 olejku melisowego? Ten olejek eteryczny to mocno skoncentrowana, naturalna substancja, kt\u00f3ra pomo\u017ce Ci wr\u00f3ci\u0107 do r\u00f3wnowagi. Poczuj, jak jej \u015bwie\u017cy zapach niesie ze sob\u0105 spok\u00f3j i relaks, poprawia samopoczucie, koi emocje i wycisza. <\/span><span data-ccp-props=\"{&quot;134233117&quot;:false,&quot;134233118&quot;:false,&quot;201341983&quot;:0,&quot;335559738&quot;:0,&quot;335559739&quot;:200,&quot;335559740&quot;:276}\">\u00a0<\/span><\/p>\n<p><span data-contrast=\"auto\">Paracelsus nazwa\u0142 j\u0105 eliksirem \u017cycia, a John Evelyn\u00a0 pisa\u0142, \u017ce wzmacnia pami\u0119\u0107 i odp\u0119dza melancholi\u0119. Tradycyjnie olejek z melisy stosuje si\u0119 przy zaburzeniach snu pochodzenia nerwowego, za\u0142amaniach nerwowych, trudno\u015bciach w regulacji emocji i problemach z pami\u0119ci\u0105. Olejek melisowy naturalnie uspokaja i podnosi na duchu. Czy nie takiego wsparcia potrzebujesz przy radzeniu sobie z codziennymi wyzwaniami?<\/span><span data-ccp-props=\"{&quot;134233117&quot;:false,&quot;134233118&quot;:false,&quot;201341983&quot;:0,&quot;335559738&quot;:0,&quot;335559739&quot;:200,&quot;335559740&quot;:276}\">\u00a0<\/span><\/p>\n<p>Pojemno\u015b\u0107: 5 ml<\/p>\n<p>\u27a1\ufe0f Sprawd\u017a te\u017c:<\/p>\n<ul>\n<li><a href=\"https:\/\/klaudynahebda.pl\/sklep\/dyfuzor-do-aromaterapii\/\">dyfuzor bezprzewodowy<\/a>\u00a0do aromaterapii<\/li>\n<li>inne <a href=\"https:\/\/klaudynahebda.pl\/sklep\/olejki-eteryczne\/\">naturalne olejki eteryczne<\/a> K. Hebda.<\/li>\n<\/ul>\n","protected":false},"excerpt":{"rendered":"<h2><span data-contrast=\"auto\">Olejek melisowy to&#8230;<\/span><\/h2>\n<ul>\n<li><span data-contrast=\"auto\">zapach, kt\u00f3ry mo\u017ce redukowa\u0107 stres i wspiera\u0107 r\u00f3wnowag\u0119 emocjonaln\u0105<\/span><span data-ccp-props=\"{&quot;134233117&quot;:false,&quot;134233118&quot;:false,&quot;201341983&quot;:0,&quot;335559738&quot;:0,&quot;335559739&quot;:200,&quot;335559740&quot;:276}\">\u00a0<\/span><\/li>\n<li data-leveltext=\"\u00b7\" data-font=\"Symbol\" data-listid=\"1\" data-list-defn-props=\"{&quot;335552541&quot;:1,&quot;335559685&quot;:720,&quot;335559991&quot;:360,&quot;469769226&quot;:&quot;Symbol&quot;,&quot;469769242&quot;:[8226],&quot;469777803&quot;:&quot;left&quot;,&quot;469777804&quot;:&quot;\u00b7&quot;,&quot;469777815&quot;:&quot;hybridMultilevel&quot;}\" data-aria-posinset=\"1\" data-aria-level=\"1\"><span data-contrast=\"auto\">olejek eteryczny najwy\u017cszej jako\u015bci<\/span><\/li>\n<li data-leveltext=\"\u00b7\" data-font=\"Symbol\" data-listid=\"1\" data-list-defn-props=\"{&quot;335552541&quot;:1,&quot;335559685&quot;:720,&quot;335559991&quot;:360,&quot;469769226&quot;:&quot;Symbol&quot;,&quot;469769242&quot;:[8226],&quot;469777803&quot;:&quot;left&quot;,&quot;469777804&quot;:&quot;\u00b7&quot;,&quot;469777815&quot;:&quot;hybridMultilevel&quot;}\" data-aria-posinset=\"1\" data-aria-level=\"1\"><span data-contrast=\"auto\">zapach, kt\u00f3ry uspokaja i wycisza<\/span><span data-ccp-props=\"{&quot;134233117&quot;:false,&quot;134233118&quot;:false,&quot;201341983&quot;:0,&quot;335559685&quot;:720,&quot;335559737&quot;:0,&quot;335559738&quot;:0,&quot;335559739&quot;:0,&quot;335559740&quot;:276,&quot;335559991&quot;:360}\">\u00a0<\/span><\/li>\n<li data-leveltext=\"\u00b7\" data-font=\"Symbol\" data-listid=\"1\" data-list-defn-props=\"{&quot;335552541&quot;:1,&quot;335559685&quot;:720,&quot;335559991&quot;:360,&quot;469769226&quot;:&quot;Symbol&quot;,&quot;469769242&quot;:[8226],&quot;469777803&quot;:&quot;left&quot;,&quot;469777804&quot;:&quot;\u00b7&quot;,&quot;469777815&quot;:&quot;hybridMultilevel&quot;}\" data-aria-posinset=\"1\" data-aria-level=\"1\"><span data-contrast=\"auto\">naturalny spos\u00f3b na napi\u0119cie i smutek<\/span><span data-ccp-props=\"{&quot;134233117&quot;:false,&quot;134233118&quot;:false,&quot;201341983&quot;:0,&quot;335559685&quot;:720,&quot;335559737&quot;:0,&quot;335559738&quot;:0,&quot;335559739&quot;:0,&quot;335559740&quot;:276,&quot;335559991&quot;:360}\">\u00a0<\/span><\/li>\n<li data-leveltext=\"\u00b7\" data-font=\"Symbol\" data-listid=\"1\" data-list-defn-props=\"{&quot;335552541&quot;:1,&quot;335559685&quot;:720,&quot;335559991&quot;:360,&quot;469769226&quot;:&quot;Symbol&quot;,&quot;469769242&quot;:[8226],&quot;469777803&quot;:&quot;left&quot;,&quot;469777804&quot;:&quot;\u00b7&quot;,&quot;469777815&quot;:&quot;hybridMultilevel&quot;}\" data-aria-posinset=\"1\" data-aria-level=\"1\"><span data-contrast=\"auto\">koj\u0105cy emocje aromat<\/span><span data-ccp-props=\"{&quot;134233117&quot;:false,&quot;134233118&quot;:false,&quot;201341983&quot;:0,&quot;335559685&quot;:720,&quot;335559737&quot;:0,&quot;335559738&quot;:0,&quot;335559739&quot;:0,&quot;335559740&quot;:276,&quot;335559991&quot;:360}\">\u00a0<\/span><\/li>\n<li data-leveltext=\"\u00b7\" data-font=\"Symbol\" data-listid=\"1\" data-list-defn-props=\"{&quot;335552541&quot;:1,&quot;335559685&quot;:720,&quot;335559991&quot;:360,&quot;469769226&quot;:&quot;Symbol&quot;,&quot;469769242&quot;:[8226],&quot;469777803&quot;:&quot;left&quot;,&quot;469777804&quot;:&quot;\u00b7&quot;,&quot;469777815&quot;:&quot;hybridMultilevel&quot;}\" data-aria-posinset=\"1\" data-aria-level=\"1\"><span data-contrast=\"auto\">100% olejek eteryczny do dyfuzji, inhalacji i masa\u017cu<\/span><span data-ccp-props=\"{&quot;134233117&quot;:false,&quot;134233118&quot;:false,&quot;201341983&quot;:0,&quot;335559685&quot;:720,&quot;335559737&quot;:0,&quot;335559738&quot;:0,&quot;335559739&quot;:0,&quot;335559740&quot;:276,&quot;335559991&quot;:360}\">\u00a0<\/span><\/li>\n<\/ul>\n<p>&nbsp;<\/p>\n","protected":false},"featured_media":3227432,"comment_status":"open","ping_status":"closed","template":"","meta":[],"product_cat":[36,123,90],"product_tag":[],"acf":[],"yoast_head":"<!-- This site is optimized with the Yoast SEO plugin v19.6.1 - https:\/\/yoast.com\/wordpress\/plugins\/seo\/ -->\n<title>Olejek melisowy - Klaudyna Hebda Nature<\/title>\n<meta name=\"description\" content=\"Olejek melisowy: zapach, kt\u00f3ry tworzy atmosfer\u0119 spokoju, relaksu i r\u00f3wnowagi emocjonalnej. 100% olejek eteryczny do dyfuzji, inhalacji i masa\u017cu. \ud83d\udc97 Sprawd\u017a!\u00a0\" \/>\n<meta name=\"robots\" content=\"index, follow, max-snippet:-1, max-image-preview:large, max-video-preview:-1\" \/>\n<link rel=\"canonical\" href=\"https:\/\/klaudynahebda.pl\/sklep\/olejek-melisowy\/\" \/>\n<meta property=\"og:locale\" content=\"pl_PL\" \/>\n<meta property=\"og:type\" content=\"article\" \/>\n<meta property=\"og:title\" content=\"Olejek melisowy - Klaudyna Hebda Nature\" \/>\n<meta property=\"og:description\" content=\"Olejek melisowy: zapach, kt\u00f3ry tworzy atmosfer\u0119 spokoju, relaksu i r\u00f3wnowagi emocjonalnej. 100% olejek eteryczny do dyfuzji, inhalacji i masa\u017cu. \ud83d\udc97 Sprawd\u017a!\u00a0\" \/>\n<meta property=\"og:url\" content=\"https:\/\/klaudynahebda.pl\/sklep\/olejek-melisowy\/\" \/>\n<meta property=\"og:site_name\" content=\"Klaudyna Hebda Nature\" \/>\n<meta property=\"article:modified_time\" content=\"2026-04-04T13:25:11+00:00\" \/>\n<meta property=\"og:image\" content=\"https:\/\/klaudynahebda.pl\/sklep\/wp-content\/uploads\/2024\/11\/34.jpg\" \/>\n\t<meta property=\"og:image:width\" content=\"1020\" \/>\n\t<meta property=\"og:image:height\" content=\"1530\" \/>\n\t<meta property=\"og:image:type\" content=\"image\/jpeg\" \/>\n<meta name=\"twitter:card\" content=\"summary_large_image\" \/>\n<meta name=\"twitter:label1\" content=\"Szacowany czas czytania\" \/>\n\t<meta name=\"twitter:data1\" content=\"1 minuta\" \/>\n<script type=\"application\/ld+json\" class=\"yoast-schema-graph\">{\"@context\":\"https:\/\/schema.org\",\"@graph\":[{\"@type\":\"WebPage\",\"@id\":\"https:\/\/klaudynahebda.pl\/sklep\/olejek-melisowy\/\",\"url\":\"https:\/\/klaudynahebda.pl\/sklep\/olejek-melisowy\/\",\"name\":\"Olejek melisowy - Klaudyna Hebda Nature\",\"isPartOf\":{\"@id\":\"https:\/\/klaudynahebda.pl\/sklep\/#website\"},\"datePublished\":\"2024-11-05T11:29:54+00:00\",\"dateModified\":\"2026-04-04T13:25:11+00:00\",\"description\":\"Olejek melisowy: zapach, kt\u00f3ry tworzy atmosfer\u0119 spokoju, relaksu i r\u00f3wnowagi emocjonalnej. 100% olejek eteryczny do dyfuzji, inhalacji i masa\u017cu. \ud83d\udc97 Sprawd\u017a!\u00a0\",\"breadcrumb\":{\"@id\":\"https:\/\/klaudynahebda.pl\/sklep\/olejek-melisowy\/#breadcrumb\"},\"inLanguage\":\"pl-PL\",\"potentialAction\":[{\"@type\":\"ReadAction\",\"target\":[\"https:\/\/klaudynahebda.pl\/sklep\/olejek-melisowy\/\"]}]},{\"@type\":\"BreadcrumbList\",\"@id\":\"https:\/\/klaudynahebda.pl\/sklep\/olejek-melisowy\/#breadcrumb\",\"itemListElement\":[{\"@type\":\"ListItem\",\"position\":1,\"name\":\"Strona g\u0142\u00f3wna\",\"item\":\"https:\/\/klaudynahebda.pl\/sklep\/\"},{\"@type\":\"ListItem\",\"position\":2,\"name\":\"Sklep\",\"item\":\"https:\/\/klaudynahebda.pl\/sklep\/sklep\/\"},{\"@type\":\"ListItem\",\"position\":3,\"name\":\"Olejki eteryczne\",\"item\":\"https:\/\/klaudynahebda.pl\/sklep\/olejki-eteryczne\/\"},{\"@type\":\"ListItem\",\"position\":4,\"name\":\"Olejek melisowy\"}]},{\"@type\":\"WebSite\",\"@id\":\"https:\/\/klaudynahebda.pl\/sklep\/#website\",\"url\":\"https:\/\/klaudynahebda.pl\/sklep\/\",\"name\":\"Klaudyna Hebda Nature\",\"description\":\"Sklep\",\"publisher\":{\"@id\":\"https:\/\/klaudynahebda.pl\/sklep\/#organization\"},\"potentialAction\":[{\"@type\":\"SearchAction\",\"target\":{\"@type\":\"EntryPoint\",\"urlTemplate\":\"https:\/\/klaudynahebda.pl\/sklep\/?s={search_term_string}\"},\"query-input\":\"required name=search_term_string\"}],\"inLanguage\":\"pl-PL\"},{\"@type\":\"Organization\",\"@id\":\"https:\/\/klaudynahebda.pl\/sklep\/#organization\",\"name\":\"KlaudynaHebda\",\"url\":\"https:\/\/klaudynahebda.pl\/sklep\/\",\"sameAs\":[],\"logo\":{\"@type\":\"ImageObject\",\"inLanguage\":\"pl-PL\",\"@id\":\"https:\/\/klaudynahebda.pl\/sklep\/#\/schema\/logo\/image\/\",\"url\":\"\",\"contentUrl\":\"\",\"caption\":\"KlaudynaHebda\"},\"image\":{\"@id\":\"https:\/\/klaudynahebda.pl\/sklep\/#\/schema\/logo\/image\/\"}}]}<\/script>\n<!-- \/ Yoast SEO plugin. -->","yoast_head_json":{"title":"Olejek melisowy - Klaudyna Hebda Nature","description":"Olejek melisowy: zapach, kt\u00f3ry tworzy atmosfer\u0119 spokoju, relaksu i r\u00f3wnowagi emocjonalnej. 100% olejek eteryczny do dyfuzji, inhalacji i masa\u017cu. \ud83d\udc97 Sprawd\u017a!\u00a0","robots":{"index":"index","follow":"follow","max-snippet":"max-snippet:-1","max-image-preview":"max-image-preview:large","max-video-preview":"max-video-preview:-1"},"canonical":"https:\/\/klaudynahebda.pl\/sklep\/olejek-melisowy\/","og_locale":"pl_PL","og_type":"article","og_title":"Olejek melisowy - Klaudyna Hebda Nature","og_description":"Olejek melisowy: zapach, kt\u00f3ry tworzy atmosfer\u0119 spokoju, relaksu i r\u00f3wnowagi emocjonalnej. 100% olejek eteryczny do dyfuzji, inhalacji i masa\u017cu. \ud83d\udc97 Sprawd\u017a!\u00a0","og_url":"https:\/\/klaudynahebda.pl\/sklep\/olejek-melisowy\/","og_site_name":"Klaudyna Hebda Nature","article_modified_time":"2026-04-04T13:25:11+00:00","og_image":[{"width":1020,"height":1530,"url":"https:\/\/klaudynahebda.pl\/sklep\/wp-content\/uploads\/2024\/11\/34.jpg","type":"image\/jpeg"}],"twitter_card":"summary_large_image","twitter_misc":{"Szacowany czas czytania":"1 minuta"},"schema":{"@context":"https:\/\/schema.org","@graph":[{"@type":"WebPage","@id":"https:\/\/klaudynahebda.pl\/sklep\/olejek-melisowy\/","url":"https:\/\/klaudynahebda.pl\/sklep\/olejek-melisowy\/","name":"Olejek melisowy - Klaudyna Hebda Nature","isPartOf":{"@id":"https:\/\/klaudynahebda.pl\/sklep\/#website"},"datePublished":"2024-11-05T11:29:54+00:00","dateModified":"2026-04-04T13:25:11+00:00","description":"Olejek melisowy: zapach, kt\u00f3ry tworzy atmosfer\u0119 spokoju, relaksu i r\u00f3wnowagi emocjonalnej. 100% olejek eteryczny do dyfuzji, inhalacji i masa\u017cu. \ud83d\udc97 Sprawd\u017a!\u00a0","breadcrumb":{"@id":"https:\/\/klaudynahebda.pl\/sklep\/olejek-melisowy\/#breadcrumb"},"inLanguage":"pl-PL","potentialAction":[{"@type":"ReadAction","target":["https:\/\/klaudynahebda.pl\/sklep\/olejek-melisowy\/"]}]},{"@type":"BreadcrumbList","@id":"https:\/\/klaudynahebda.pl\/sklep\/olejek-melisowy\/#breadcrumb","itemListElement":[{"@type":"ListItem","position":1,"name":"Strona g\u0142\u00f3wna","item":"https:\/\/klaudynahebda.pl\/sklep\/"},{"@type":"ListItem","position":2,"name":"Sklep","item":"https:\/\/klaudynahebda.pl\/sklep\/sklep\/"},{"@type":"ListItem","position":3,"name":"Olejki eteryczne","item":"https:\/\/klaudynahebda.pl\/sklep\/olejki-eteryczne\/"},{"@type":"ListItem","position":4,"name":"Olejek melisowy"}]},{"@type":"WebSite","@id":"https:\/\/klaudynahebda.pl\/sklep\/#website","url":"https:\/\/klaudynahebda.pl\/sklep\/","name":"Klaudyna Hebda Nature","description":"Sklep","publisher":{"@id":"https:\/\/klaudynahebda.pl\/sklep\/#organization"},"potentialAction":[{"@type":"SearchAction","target":{"@type":"EntryPoint","urlTemplate":"https:\/\/klaudynahebda.pl\/sklep\/?s={search_term_string}"},"query-input":"required name=search_term_string"}],"inLanguage":"pl-PL"},{"@type":"Organization","@id":"https:\/\/klaudynahebda.pl\/sklep\/#organization","name":"KlaudynaHebda","url":"https:\/\/klaudynahebda.pl\/sklep\/","sameAs":[],"logo":{"@type":"ImageObject","inLanguage":"pl-PL","@id":"https:\/\/klaudynahebda.pl\/sklep\/#\/schema\/logo\/image\/","url":"","contentUrl":"","caption":"KlaudynaHebda"},"image":{"@id":"https:\/\/klaudynahebda.pl\/sklep\/#\/schema\/logo\/image\/"}}]}},"_links":{"self":[{"href":"https:\/\/klaudynahebda.pl\/sklep\/wp-json\/wp\/v2\/product\/3079495"}],"collection":[{"href":"https:\/\/klaudynahebda.pl\/sklep\/wp-json\/wp\/v2\/product"}],"about":[{"href":"https:\/\/klaudynahebda.pl\/sklep\/wp-json\/wp\/v2\/types\/product"}],"replies":[{"embeddable":true,"href":"https:\/\/klaudynahebda.pl\/sklep\/wp-json\/wp\/v2\/comments?post=3079495"}],"wp:featuredmedia":[{"embeddable":true,"href":"https:\/\/klaudynahebda.pl\/sklep\/wp-json\/wp\/v2\/media\/3227432"}],"wp:attachment":[{"href":"https:\/\/klaudynahebda.pl\/sklep\/wp-json\/wp\/v2\/media?parent=3079495"}],"wp:term":[{"taxonomy":"product_cat","embeddable":true,"href":"https:\/\/klaudynahebda.pl\/sklep\/wp-json\/wp\/v2\/product_cat?post=3079495"},{"taxonomy":"product_tag","embeddable":true,"href":"https:\/\/klaudynahebda.pl\/sklep\/wp-json\/wp\/v2\/product_tag?post=3079495"}],"curies":[{"name":"wp","href":"https:\/\/api.w.org\/{rel}","templated":true}]}}