{"id":3079485,"date":"2024-10-08T14:56:46","date_gmt":"2024-10-08T12:56:46","guid":{"rendered":"https:\/\/klaudynahebda.pl\/sklep\/?post_type=product&#038;p=3079485"},"modified":"2026-04-22T16:25:12","modified_gmt":"2026-04-22T14:25:12","slug":"olejek-pichtowy-jodla-syberyjska","status":"publish","type":"product","link":"https:\/\/klaudynahebda.pl\/sklep\/olejek-pichtowy-jodla-syberyjska\/","title":{"rendered":"Olejek pichtowy (jod\u0142a syberyjska)"},"content":{"rendered":"<h2><strong>Olejek z jod\u0142y syberyjskiej &#8211; zamknij oczy i poczuj si\u0119 jak w lesie<\/strong><\/h2>\n<p><span data-contrast=\"auto\">Jesieni\u0105 i zim\u0105 cz\u0119sto trudno z\u0142apa\u0107 oddech. Przypominasz sobie, gdzie jest o to naj\u0142atwiej? Tak, w g\u0142\u0119bi iglastego lasu. Takie otoczenie od razu sprawia, \u017ce zaczynamy<\/span><b><span data-contrast=\"auto\"> oddycha\u0107 pe\u0142n\u0105 piersi\u0105 <\/span><\/b><span data-contrast=\"auto\">i czujemy, jak <\/span><b><span data-contrast=\"auto\">wype\u0142niamy si\u0119 spokojem<\/span><\/b><span data-contrast=\"auto\">. Olejek pichtowy ma \u015bwie\u017cy, balsamiczny, s\u0142odki, lekki, ale jednocze\u015bnie intensywny zapach, kt\u00f3ry pomo\u017ce Ci oddycha\u0107 g\u0142\u0119boko i komfortowo, nawet w sezonie jesienno-zimowym.<\/span><span data-ccp-props=\"{&quot;134233117&quot;:false,&quot;134233118&quot;:false,&quot;201341983&quot;:0,&quot;335559738&quot;:0,&quot;335559739&quot;:200,&quot;335559740&quot;:276}\">\u00a0<\/span><\/p>\n<h2><b><span data-contrast=\"auto\">Kiedy u\u017cywa\u0107 olejku pichtowego?<\/span><\/b><span data-contrast=\"auto\">\u00a0 <\/span><\/h2>\n<p><span data-contrast=\"auto\">Najlepiej wtedy, gdy po prostu chcesz wzi\u0105\u0107 pe\u0142ny oddech i poczu\u0107 zapach, kt\u00f3ry Ci to u\u0142atwi. I wtedy, gdy marzysz o regeneruj\u0105cym masa\u017cu z jod\u0142owym aromatem. Mo\u017ce r\u00f3wnie\u017c wtedy, gdy chcesz si\u0119 zrelaksowa\u0107 i poczu\u0107 si\u0119 jakby\u015b by\u0142a w\u015br\u00f3d pachn\u0105cych, zielonych drzew. Olejek pichtowy wspaniale sprawdzi si\u0119 do dyfuzji, inhalacji, masa\u017cu, nacierania klatki piersiowej i od\u015bwie\u017cania powietrza. <\/span><span data-ccp-props=\"{&quot;134233117&quot;:false,&quot;134233118&quot;:false,&quot;201341983&quot;:0,&quot;335559738&quot;:0,&quot;335559739&quot;:200,&quot;335559740&quot;:276}\">\u00a0<\/span><\/p>\n<h3><b><span data-contrast=\"auto\">Co na temat olejku pichtowego m\u00f3wi\u0105 badania?<\/span><\/b><span data-ccp-props=\"{&quot;134233117&quot;:false,&quot;134233118&quot;:false,&quot;201341983&quot;:0,&quot;335559738&quot;:0,&quot;335559739&quot;:200,&quot;335559740&quot;:276}\">\u00a0<\/span><\/h3>\n<ul>\n<li data-leveltext=\"\u00b7\" data-font=\"Symbol\" data-listid=\"1\" data-list-defn-props=\"{&quot;335552541&quot;:1,&quot;335559685&quot;:720,&quot;335559991&quot;:360,&quot;469769226&quot;:&quot;Symbol&quot;,&quot;469769242&quot;:[8226],&quot;469777803&quot;:&quot;left&quot;,&quot;469777804&quot;:&quot;\u00b7&quot;,&quot;469777815&quot;:&quot;hybridMultilevel&quot;}\" data-aria-posinset=\"6\" data-aria-level=\"1\"><span data-contrast=\"auto\">Badanie z 2011 roku sugeruje, \u017ce dyfuzowanie olejku z jod\u0142y\u00a0przy pracy biurowej mo\u017ce wp\u0142ywa\u0107 na poziom energii.<\/span><span data-ccp-props=\"{&quot;134233117&quot;:false,&quot;134233118&quot;:false,&quot;201341983&quot;:0,&quot;335559685&quot;:720,&quot;335559737&quot;:0,&quot;335559738&quot;:0,&quot;335559739&quot;:0,&quot;335559740&quot;:276,&quot;335559991&quot;:360}\">\u00a0<\/span><\/li>\n<\/ul>\n<ul>\n<li data-leveltext=\"\u00b7\" data-font=\"Symbol\" data-listid=\"1\" data-list-defn-props=\"{&quot;335552541&quot;:1,&quot;335559685&quot;:720,&quot;335559991&quot;:360,&quot;469769226&quot;:&quot;Symbol&quot;,&quot;469769242&quot;:[8226],&quot;469777803&quot;:&quot;left&quot;,&quot;469777804&quot;:&quot;\u00b7&quot;,&quot;469777815&quot;:&quot;hybridMultilevel&quot;}\" data-aria-posinset=\"7\" data-aria-level=\"1\"><span data-contrast=\"auto\">Wyniki jednego z nowszych bada\u0144 (2023) sugeruj\u0105, \u017ce rozpylanie olejku pichtowego wieczorem mo\u017ce stworzy\u0107 atmosfer\u0119, kt\u00f3ra sprzyja zasypianiu.<\/span><\/li>\n<\/ul>\n<ul>\n<li data-leveltext=\"\u00b7\" data-font=\"Symbol\" data-listid=\"1\" data-list-defn-props=\"{&quot;335552541&quot;:1,&quot;335559685&quot;:720,&quot;335559991&quot;:360,&quot;469769226&quot;:&quot;Symbol&quot;,&quot;469769242&quot;:[8226],&quot;469777803&quot;:&quot;left&quot;,&quot;469777804&quot;:&quot;\u00b7&quot;,&quot;469777815&quot;:&quot;hybridMultilevel&quot;}\" data-aria-posinset=\"8\" data-aria-level=\"1\"><span data-contrast=\"auto\">Wyniki badania z 2022 roku sugeruj\u0105, \u017ce zwi\u0105zki chemiczne zawarte w le\u015bnym powietrzu mog\u0105 wspiera\u0107 zdrowie. Wiesz, \u017ce terapi\u0119 le\u015bn\u0105 mo\u017cna sobie zafundowa\u0107 w domu, bo te same zwi\u0105zki zawiera w\u0142a\u015bnie nasz olejek?<\/span><span data-ccp-props=\"{&quot;134233117&quot;:false,&quot;134233118&quot;:false,&quot;201341983&quot;:0,&quot;335559685&quot;:720,&quot;335559737&quot;:0,&quot;335559738&quot;:0,&quot;335559739&quot;:0,&quot;335559740&quot;:276,&quot;335559991&quot;:360}\">\u00a0<\/span><\/li>\n<\/ul>\n<p><strong>\ud83d\udc49<\/strong> Sprawd\u017a te\u017c nasze pozosta\u0142e<strong> <a href=\"https:\/\/klaudynahebda.pl\/sklep\/olejki-eteryczne\/\" target=\"_blank\" rel=\"noopener\">olejki eteryczne<\/a>.<\/strong><\/p>\n","protected":false},"excerpt":{"rendered":"<h2>Olejek pichtowy to:<\/h2>\n<ul>\n<li data-leveltext=\"\u00b7\" data-font=\"Symbol\" data-listid=\"1\" data-list-defn-props=\"{&quot;335552541&quot;:1,&quot;335559685&quot;:720,&quot;335559991&quot;:360,&quot;469769226&quot;:&quot;Symbol&quot;,&quot;469769242&quot;:[8226],&quot;469777803&quot;:&quot;left&quot;,&quot;469777804&quot;:&quot;\u00b7&quot;,&quot;469777815&quot;:&quot;hybridMultilevel&quot;}\" data-aria-posinset=\"1\" data-aria-level=\"1\"><span data-contrast=\"auto\">100% olejku eterycznego z jod\u0142y syberyjskiej<\/span><span data-ccp-props=\"{&quot;134233117&quot;:false,&quot;134233118&quot;:false,&quot;201341983&quot;:0,&quot;335559685&quot;:720,&quot;335559737&quot;:0,&quot;335559738&quot;:0,&quot;335559739&quot;:0,&quot;335559740&quot;:276,&quot;335559991&quot;:360}\">\u00a0<\/span><\/li>\n<\/ul>\n<ul>\n<li data-leveltext=\"\u00b7\" data-font=\"Symbol\" data-listid=\"1\" data-list-defn-props=\"{&quot;335552541&quot;:1,&quot;335559685&quot;:720,&quot;335559991&quot;:360,&quot;469769226&quot;:&quot;Symbol&quot;,&quot;469769242&quot;:[8226],&quot;469777803&quot;:&quot;left&quot;,&quot;469777804&quot;:&quot;\u00b7&quot;,&quot;469777815&quot;:&quot;hybridMultilevel&quot;}\" data-aria-posinset=\"2\" data-aria-level=\"1\"><span data-contrast=\"auto\">zapach, kt\u00f3ry wspiera swobod\u0119 oddychania<\/span><span data-ccp-props=\"{&quot;134233117&quot;:false,&quot;134233118&quot;:false,&quot;201341983&quot;:0,&quot;335559685&quot;:720,&quot;335559737&quot;:0,&quot;335559738&quot;:0,&quot;335559739&quot;:0,&quot;335559740&quot;:276,&quot;335559991&quot;:360}\">\u00a0<\/span><\/li>\n<\/ul>\n<ul>\n<li data-leveltext=\"\u00b7\" data-font=\"Symbol\" data-listid=\"1\" data-list-defn-props=\"{&quot;335552541&quot;:1,&quot;335559685&quot;:720,&quot;335559991&quot;:360,&quot;469769226&quot;:&quot;Symbol&quot;,&quot;469769242&quot;:[8226],&quot;469777803&quot;:&quot;left&quot;,&quot;469777804&quot;:&quot;\u00b7&quot;,&quot;469777815&quot;:&quot;hybridMultilevel&quot;}\" data-aria-posinset=\"3\" data-aria-level=\"1\"><span data-contrast=\"auto\">idealny olejek do dyfuzji, inhalacji i nacierania<\/span><span data-ccp-props=\"{&quot;134233117&quot;:false,&quot;134233118&quot;:false,&quot;201341983&quot;:0,&quot;335559685&quot;:720,&quot;335559737&quot;:0,&quot;335559738&quot;:0,&quot;335559739&quot;:0,&quot;335559740&quot;:276,&quot;335559991&quot;:360}\"> (po uprzednim rozcie\u0144czeniu)<\/span><\/li>\n<\/ul>\n<ul>\n<li data-leveltext=\"\u00b7\" data-font=\"Symbol\" data-listid=\"1\" data-list-defn-props=\"{&quot;335552541&quot;:1,&quot;335559685&quot;:720,&quot;335559991&quot;:360,&quot;469769226&quot;:&quot;Symbol&quot;,&quot;469769242&quot;:[8226],&quot;469777803&quot;:&quot;left&quot;,&quot;469777804&quot;:&quot;\u00b7&quot;,&quot;469777815&quot;:&quot;hybridMultilevel&quot;}\" data-aria-posinset=\"4\" data-aria-level=\"1\"><span data-contrast=\"auto\">\u015bwie\u017cy, iglasty aromat wiecznie zielonego drzewa<\/span><span data-ccp-props=\"{&quot;134233117&quot;:false,&quot;134233118&quot;:false,&quot;201341983&quot;:0,&quot;335559685&quot;:720,&quot;335559737&quot;:0,&quot;335559738&quot;:0,&quot;335559739&quot;:0,&quot;335559740&quot;:276,&quot;335559991&quot;:360}\">\u00a0<\/span><\/li>\n<\/ul>\n<ul>\n<li data-leveltext=\"\u00b7\" data-font=\"Symbol\" data-listid=\"1\" data-list-defn-props=\"{&quot;335552541&quot;:1,&quot;335559685&quot;:720,&quot;335559991&quot;:360,&quot;469769226&quot;:&quot;Symbol&quot;,&quot;469769242&quot;:[8226],&quot;469777803&quot;:&quot;left&quot;,&quot;469777804&quot;:&quot;\u00b7&quot;,&quot;469777815&quot;:&quot;hybridMultilevel&quot;}\" data-aria-posinset=\"5\" data-aria-level=\"1\"><span data-contrast=\"auto\">Tw\u00f3j sprzymierzeniec do nacierania mi\u0119\u015bni i staw\u00f3w (po rozcie\u0144czeniu)<\/span><span data-ccp-props=\"{&quot;134233117&quot;:false,&quot;134233118&quot;:false,&quot;201341983&quot;:0,&quot;335559685&quot;:720,&quot;335559737&quot;:0,&quot;335559738&quot;:0,&quot;335559739&quot;:0,&quot;335559740&quot;:276,&quot;335559991&quot;:360}\">\u00a0<\/span><\/li>\n<\/ul>\n","protected":false},"featured_media":3227425,"comment_status":"open","ping_status":"closed","template":"","meta":[],"product_cat":[126,213,36,39,96],"product_tag":[],"acf":[],"yoast_head":"<!-- This site is optimized with the Yoast SEO plugin v19.6.1 - https:\/\/yoast.com\/wordpress\/plugins\/seo\/ -->\n<title>Olejek pichtowy (jod\u0142a syberyjska) - Klaudyna Hebda Nature<\/title>\n<meta name=\"description\" content=\"Olejek pichtowy (z jod\u0142y syberyjski) to zapach dla Ciebie, je\u015bli chcesz poczu\u0107 las we w\u0142asnym domu i wspiera\u0107 komfortowy oddech. \ud83c\udf32100% olejek eteryczny.\" \/>\n<meta name=\"robots\" content=\"index, follow, max-snippet:-1, max-image-preview:large, max-video-preview:-1\" \/>\n<link rel=\"canonical\" href=\"https:\/\/klaudynahebda.pl\/sklep\/olejek-pichtowy-jodla-syberyjska\/\" \/>\n<meta property=\"og:locale\" content=\"pl_PL\" \/>\n<meta property=\"og:type\" content=\"article\" \/>\n<meta property=\"og:title\" content=\"Olejek pichtowy (jod\u0142a syberyjska) - Klaudyna Hebda Nature\" \/>\n<meta property=\"og:description\" content=\"Olejek pichtowy (z jod\u0142y syberyjski) to zapach dla Ciebie, je\u015bli chcesz poczu\u0107 las we w\u0142asnym domu i wspiera\u0107 komfortowy oddech. \ud83c\udf32100% olejek eteryczny.\" \/>\n<meta property=\"og:url\" content=\"https:\/\/klaudynahebda.pl\/sklep\/olejek-pichtowy-jodla-syberyjska\/\" \/>\n<meta property=\"og:site_name\" content=\"Klaudyna Hebda Nature\" \/>\n<meta property=\"article:modified_time\" content=\"2026-04-22T14:25:12+00:00\" \/>\n<meta property=\"og:image\" content=\"https:\/\/klaudynahebda.pl\/sklep\/wp-content\/uploads\/2024\/10\/32.jpg\" \/>\n\t<meta property=\"og:image:width\" content=\"1020\" \/>\n\t<meta property=\"og:image:height\" content=\"1530\" \/>\n\t<meta property=\"og:image:type\" content=\"image\/jpeg\" \/>\n<meta name=\"twitter:card\" content=\"summary_large_image\" \/>\n<meta name=\"twitter:label1\" content=\"Szacowany czas czytania\" \/>\n\t<meta name=\"twitter:data1\" content=\"2 minuty\" \/>\n<script type=\"application\/ld+json\" class=\"yoast-schema-graph\">{\"@context\":\"https:\/\/schema.org\",\"@graph\":[{\"@type\":\"WebPage\",\"@id\":\"https:\/\/klaudynahebda.pl\/sklep\/olejek-pichtowy-jodla-syberyjska\/\",\"url\":\"https:\/\/klaudynahebda.pl\/sklep\/olejek-pichtowy-jodla-syberyjska\/\",\"name\":\"Olejek pichtowy (jod\u0142a syberyjska) - Klaudyna Hebda Nature\",\"isPartOf\":{\"@id\":\"https:\/\/klaudynahebda.pl\/sklep\/#website\"},\"datePublished\":\"2024-10-08T12:56:46+00:00\",\"dateModified\":\"2026-04-22T14:25:12+00:00\",\"description\":\"Olejek pichtowy (z jod\u0142y syberyjski) to zapach dla Ciebie, je\u015bli chcesz poczu\u0107 las we w\u0142asnym domu i wspiera\u0107 komfortowy oddech. \ud83c\udf32100% olejek eteryczny.\",\"breadcrumb\":{\"@id\":\"https:\/\/klaudynahebda.pl\/sklep\/olejek-pichtowy-jodla-syberyjska\/#breadcrumb\"},\"inLanguage\":\"pl-PL\",\"potentialAction\":[{\"@type\":\"ReadAction\",\"target\":[\"https:\/\/klaudynahebda.pl\/sklep\/olejek-pichtowy-jodla-syberyjska\/\"]}]},{\"@type\":\"BreadcrumbList\",\"@id\":\"https:\/\/klaudynahebda.pl\/sklep\/olejek-pichtowy-jodla-syberyjska\/#breadcrumb\",\"itemListElement\":[{\"@type\":\"ListItem\",\"position\":1,\"name\":\"Strona g\u0142\u00f3wna\",\"item\":\"https:\/\/klaudynahebda.pl\/sklep\/\"},{\"@type\":\"ListItem\",\"position\":2,\"name\":\"Sklep\",\"item\":\"https:\/\/klaudynahebda.pl\/sklep\/sklep\/\"},{\"@type\":\"ListItem\",\"position\":3,\"name\":\"Olejki eteryczne\",\"item\":\"https:\/\/klaudynahebda.pl\/sklep\/olejki-eteryczne\/\"},{\"@type\":\"ListItem\",\"position\":4,\"name\":\"Olejek pichtowy (jod\u0142a syberyjska)\"}]},{\"@type\":\"WebSite\",\"@id\":\"https:\/\/klaudynahebda.pl\/sklep\/#website\",\"url\":\"https:\/\/klaudynahebda.pl\/sklep\/\",\"name\":\"Klaudyna Hebda Nature\",\"description\":\"Sklep\",\"publisher\":{\"@id\":\"https:\/\/klaudynahebda.pl\/sklep\/#organization\"},\"potentialAction\":[{\"@type\":\"SearchAction\",\"target\":{\"@type\":\"EntryPoint\",\"urlTemplate\":\"https:\/\/klaudynahebda.pl\/sklep\/?s={search_term_string}\"},\"query-input\":\"required name=search_term_string\"}],\"inLanguage\":\"pl-PL\"},{\"@type\":\"Organization\",\"@id\":\"https:\/\/klaudynahebda.pl\/sklep\/#organization\",\"name\":\"KlaudynaHebda\",\"url\":\"https:\/\/klaudynahebda.pl\/sklep\/\",\"sameAs\":[],\"logo\":{\"@type\":\"ImageObject\",\"inLanguage\":\"pl-PL\",\"@id\":\"https:\/\/klaudynahebda.pl\/sklep\/#\/schema\/logo\/image\/\",\"url\":\"\",\"contentUrl\":\"\",\"caption\":\"KlaudynaHebda\"},\"image\":{\"@id\":\"https:\/\/klaudynahebda.pl\/sklep\/#\/schema\/logo\/image\/\"}}]}<\/script>\n<!-- \/ Yoast SEO plugin. -->","yoast_head_json":{"title":"Olejek pichtowy (jod\u0142a syberyjska) - Klaudyna Hebda Nature","description":"Olejek pichtowy (z jod\u0142y syberyjski) to zapach dla Ciebie, je\u015bli chcesz poczu\u0107 las we w\u0142asnym domu i wspiera\u0107 komfortowy oddech. \ud83c\udf32100% olejek eteryczny.","robots":{"index":"index","follow":"follow","max-snippet":"max-snippet:-1","max-image-preview":"max-image-preview:large","max-video-preview":"max-video-preview:-1"},"canonical":"https:\/\/klaudynahebda.pl\/sklep\/olejek-pichtowy-jodla-syberyjska\/","og_locale":"pl_PL","og_type":"article","og_title":"Olejek pichtowy (jod\u0142a syberyjska) - Klaudyna Hebda Nature","og_description":"Olejek pichtowy (z jod\u0142y syberyjski) to zapach dla Ciebie, je\u015bli chcesz poczu\u0107 las we w\u0142asnym domu i wspiera\u0107 komfortowy oddech. \ud83c\udf32100% olejek eteryczny.","og_url":"https:\/\/klaudynahebda.pl\/sklep\/olejek-pichtowy-jodla-syberyjska\/","og_site_name":"Klaudyna Hebda Nature","article_modified_time":"2026-04-22T14:25:12+00:00","og_image":[{"width":1020,"height":1530,"url":"https:\/\/klaudynahebda.pl\/sklep\/wp-content\/uploads\/2024\/10\/32.jpg","type":"image\/jpeg"}],"twitter_card":"summary_large_image","twitter_misc":{"Szacowany czas czytania":"2 minuty"},"schema":{"@context":"https:\/\/schema.org","@graph":[{"@type":"WebPage","@id":"https:\/\/klaudynahebda.pl\/sklep\/olejek-pichtowy-jodla-syberyjska\/","url":"https:\/\/klaudynahebda.pl\/sklep\/olejek-pichtowy-jodla-syberyjska\/","name":"Olejek pichtowy (jod\u0142a syberyjska) - Klaudyna Hebda Nature","isPartOf":{"@id":"https:\/\/klaudynahebda.pl\/sklep\/#website"},"datePublished":"2024-10-08T12:56:46+00:00","dateModified":"2026-04-22T14:25:12+00:00","description":"Olejek pichtowy (z jod\u0142y syberyjski) to zapach dla Ciebie, je\u015bli chcesz poczu\u0107 las we w\u0142asnym domu i wspiera\u0107 komfortowy oddech. \ud83c\udf32100% olejek eteryczny.","breadcrumb":{"@id":"https:\/\/klaudynahebda.pl\/sklep\/olejek-pichtowy-jodla-syberyjska\/#breadcrumb"},"inLanguage":"pl-PL","potentialAction":[{"@type":"ReadAction","target":["https:\/\/klaudynahebda.pl\/sklep\/olejek-pichtowy-jodla-syberyjska\/"]}]},{"@type":"BreadcrumbList","@id":"https:\/\/klaudynahebda.pl\/sklep\/olejek-pichtowy-jodla-syberyjska\/#breadcrumb","itemListElement":[{"@type":"ListItem","position":1,"name":"Strona g\u0142\u00f3wna","item":"https:\/\/klaudynahebda.pl\/sklep\/"},{"@type":"ListItem","position":2,"name":"Sklep","item":"https:\/\/klaudynahebda.pl\/sklep\/sklep\/"},{"@type":"ListItem","position":3,"name":"Olejki eteryczne","item":"https:\/\/klaudynahebda.pl\/sklep\/olejki-eteryczne\/"},{"@type":"ListItem","position":4,"name":"Olejek pichtowy (jod\u0142a syberyjska)"}]},{"@type":"WebSite","@id":"https:\/\/klaudynahebda.pl\/sklep\/#website","url":"https:\/\/klaudynahebda.pl\/sklep\/","name":"Klaudyna Hebda Nature","description":"Sklep","publisher":{"@id":"https:\/\/klaudynahebda.pl\/sklep\/#organization"},"potentialAction":[{"@type":"SearchAction","target":{"@type":"EntryPoint","urlTemplate":"https:\/\/klaudynahebda.pl\/sklep\/?s={search_term_string}"},"query-input":"required name=search_term_string"}],"inLanguage":"pl-PL"},{"@type":"Organization","@id":"https:\/\/klaudynahebda.pl\/sklep\/#organization","name":"KlaudynaHebda","url":"https:\/\/klaudynahebda.pl\/sklep\/","sameAs":[],"logo":{"@type":"ImageObject","inLanguage":"pl-PL","@id":"https:\/\/klaudynahebda.pl\/sklep\/#\/schema\/logo\/image\/","url":"","contentUrl":"","caption":"KlaudynaHebda"},"image":{"@id":"https:\/\/klaudynahebda.pl\/sklep\/#\/schema\/logo\/image\/"}}]}},"_links":{"self":[{"href":"https:\/\/klaudynahebda.pl\/sklep\/wp-json\/wp\/v2\/product\/3079485"}],"collection":[{"href":"https:\/\/klaudynahebda.pl\/sklep\/wp-json\/wp\/v2\/product"}],"about":[{"href":"https:\/\/klaudynahebda.pl\/sklep\/wp-json\/wp\/v2\/types\/product"}],"replies":[{"embeddable":true,"href":"https:\/\/klaudynahebda.pl\/sklep\/wp-json\/wp\/v2\/comments?post=3079485"}],"wp:featuredmedia":[{"embeddable":true,"href":"https:\/\/klaudynahebda.pl\/sklep\/wp-json\/wp\/v2\/media\/3227425"}],"wp:attachment":[{"href":"https:\/\/klaudynahebda.pl\/sklep\/wp-json\/wp\/v2\/media?parent=3079485"}],"wp:term":[{"taxonomy":"product_cat","embeddable":true,"href":"https:\/\/klaudynahebda.pl\/sklep\/wp-json\/wp\/v2\/product_cat?post=3079485"},{"taxonomy":"product_tag","embeddable":true,"href":"https:\/\/klaudynahebda.pl\/sklep\/wp-json\/wp\/v2\/product_tag?post=3079485"}],"curies":[{"name":"wp","href":"https:\/\/api.w.org\/{rel}","templated":true}]}}