{"id":3079395,"date":"2024-10-01T15:08:36","date_gmt":"2024-10-01T13:08:36","guid":{"rendered":"https:\/\/klaudynahebda.pl\/sklep\/?post_type=product&#038;p=3079395"},"modified":"2026-04-24T10:07:11","modified_gmt":"2026-04-24T08:07:11","slug":"k-hebda-olej-z-czarnuszki-250-ml","status":"publish","type":"product","link":"https:\/\/klaudynahebda.pl\/sklep\/k-hebda-olej-z-czarnuszki-250-ml\/","title":{"rendered":"Olej z czarnuszki  K.HEBDA [250 ml]"},"content":{"rendered":"<h2>Olej z czarnuszki &#8211; Twoja codzienna dawka zdrowych kwas\u00f3w nienasyconych<\/h2>\n<p>Ma\u0142e nasionko <strong>czarnuszki<\/strong> ma wielk\u0105 moc. A <strong>olej t\u0142oczony<\/strong> z tych ziarenek jest <strong>naturalnym wsparciem dla rozwoju Twojego dziecka i ca\u0142ej rodziny<\/strong>. Znany wszystkim rodzicom olej z czarnuszki to doskona\u0142y wyb\u00f3r dla os\u00f3b, kt\u00f3re szukaj\u0105 prostych, naturalnych rozwi\u0105za\u0144. Marzy Ci si\u0119 jesie\u0144 w\u015br\u00f3d z\u0142otych li\u015bci, a nie w domu mi\u0119dzy chusteczkami dzieci? Zima bez ci\u0105g\u0142ych katar\u00f3w? Sprawd\u017a, jak mo\u017ce pom\u00f3c w budowaniu zdrowych nawyk\u00f3w i wp\u0142yn\u0105\u0107 na ca\u0142y organizm.<\/p>\n<p>Nasz olej zosta\u0142 <strong>stworzony specjalnie z my\u015bl\u0105 o ca\u0142ej rodzinie, w tym najm\u0142odszych<\/strong>, \u017ceby wspomaga\u0107 ich zdrowy wzrost, koncentracj\u0119 i og\u00f3lne samopoczucie. Miesi\u0105cami szukali\u015bmy <strong>oleju o \u0142agodnym smaku<\/strong>, kt\u00f3ry b\u0119dzie ch\u0119tnie pity przez dzieci. Okaza\u0142o si\u0119, \u017ce <strong>po\u0142\u0105czenie najwy\u017cszej jako\u015bci i cennych w\u0142a\u015bciwo\u015bci z delikatniejszym smakiem<\/strong> jest mo\u017cliwe. Wszystko to dzi\u0119ki zr\u00f3wnowa\u017conej zawarto\u015bci tymochinonu.<\/p>\n<h2>Olej z czarnuszki K. Hebda jest:<\/h2>\n<ul>\n<li><strong>Nierafinowany<\/strong> \u2013 oznacza to, \u017ce nie zosta\u0142 poddany takim zabiegom, jak odbarwianie, dezodoryzacja i oczyszczanie. Dzi\u0119ki temu ma wi\u0119cej naturalnych sk\u0142adnik\u00f3w od\u017cywczych, witamin, minera\u0142\u00f3w i bioaktywnych zwi\u0105zk\u00f3w.<\/li>\n<li><strong>Niefiltrowany<\/strong> \u2013 zachowuje naturalne osady i drobne cz\u0105steczki, kt\u00f3re mog\u0105 mie\u0107 dodatkowe korzy\u015bci zdrowotne.<\/li>\n<li><b>T\u0142oczony na zimno<\/b> \u2013 nasiona s\u0105 t\u0142oczone w niskiej temperaturze (oko\u0142o 35 stopni C), dzi\u0119ki czemu zachowujemy wi\u0119cej cennych substancji od\u017cywczych, kt\u00f3re mog\u0142yby zosta\u0107 zniszczone przez wysok\u0105 temperatur\u0119.<\/li>\n<\/ul>\n<p>To wszystko oznacza, \u017ce produkt jest w pe\u0142ni naturalny, niepoddawany obr\u00f3bce chemicznej i mechanicznej i produkowany tak, \u017ceby zminimalizowa\u0107 wp\u0142yw wysokich temperatur na jego w\u0142a\u015bciwo\u015bci. <strong>O najwy\u017csz\u0105 jako\u015b\u0107 mo\u017cesz wi\u0119c by\u0107 spokojna.<\/strong><\/p>\n<h3><strong>Tak smakuje naturalne wsparcie dla ca\u0142ej rodziny!<\/strong><\/h3>\n<p>Potrzebujesz wsparcia uk\u0142adu odporno\u015bci? Wypr\u00f3buj kapsu\u0142ki z olejkiem oregano <a href=\"https:\/\/klaudynahebda.pl\/sklep\/aromacaps-kapsulki-z-olejkiem-z-oregano-i-cytrynowym\/\">Aromacaps<\/a>.<\/p>\n<h3>Olej z czarnuszki \u2013 w\u0142a\u015bciwo\u015bci<\/h3>\n<p>Olej z czarnuszki od wiek\u00f3w jest ceniony jako zdrowy element codziennej diety. Zawiera nienasycone kwasy t\u0142uszczowe, witaminy oraz zwi\u0105zki bioaktywne obecne w nasionach czarnuszki. Dzi\u0119ki temu cz\u0119sto wybierany jest przez osoby, kt\u00f3re poszukuj\u0105 naturalnych produkt\u00f3w ro\u015blinnych wspieraj\u0105cych zdrowy styl \u017cycia i zr\u00f3wnowa\u017cone nawyki \u017cywieniowe.<\/p>\n<h3>Jak stosowa\u0107 olej z czarnuszki?<\/h3>\n<p>Olej z czarnuszki najcz\u0119\u015bciej stosuje si\u0119 jako naturalny element codziennej diety. Mo\u017cna spo\u017cywa\u0107 go samodzielnie w niewielkiej ilo\u015bci lub dodawa\u0107 do potraw na zimno, takich jak sa\u0142atki, pasty czy warzywa. Aby zachowa\u0107 jego naturalne sk\u0142adniki, najlepiej u\u017cywa\u0107 oleju bez podgrzewania.<\/p>\n<h4>Dla dzieci i ca\u0142ej rodziny<\/h4>\n<p>Olej z czarnuszki bywa stosowany jako dodatek do diety ca\u0142ej rodziny, w tym tak\u017ce dzieci. Ze wzgl\u0119du na sw\u00f3j naturalny charakter cz\u0119sto wybierany jest przez rodzic\u00f3w, kt\u00f3rzy szukaj\u0105 prostych, ro\u015blinnych produkt\u00f3w w codziennym jad\u0142ospisie.<\/p>\n<h4>Piel\u0119gnacja w\u0142os\u00f3w z olejem z czarnuszki<\/h4>\n<p>Olej z czarnuszki mo\u017cna stosowa\u0107 r\u00f3wnie\u017c zewn\u0119trznie jako element piel\u0119gnacji w\u0142os\u00f3w. Niewielk\u0105 ilo\u015b\u0107 oleju mo\u017cna delikatnie wmasowa\u0107 w sk\u00f3r\u0119 g\u0142owy lub ko\u0144c\u00f3wki w\u0142os\u00f3w, pozostawi\u0107 na kilkana\u015bcie lub kilkadziesi\u0105t minut, a nast\u0119pnie umy\u0107 w\u0142osy jak zwykle.<\/p>\n<h4>Naturalna piel\u0119gnacja sk\u00f3ry<\/h4>\n<p>Naturalny olej z czarnuszki bywa u\u017cywany jako sk\u0142adnik codziennej piel\u0119gnacji sk\u00f3ry. Mo\u017cesz na\u0142o\u017cy\u0107 niewielk\u0105 ilo\u015b\u0107 oleju bezpo\u015brednio na sk\u00f3r\u0119 lub doda\u0107 go do ulubionego kremu czy balsamu.<\/p>\n<div class=\"row row-collapse align-middle\"  id=\"row-1999043799\">\n\n\t<div id=\"col-792669973\" class=\"col small-10 large-12\"  >\n\t\t\t\t<div class=\"col-inner\"  >\n\t\t\t\n\t\t\t\n<h3 class=\"accordion_title\">Najcz\u0119\u015bciej zadawane pytania<\/h3><div class=\"accordion\" rel=\"1\">\n<\/div>\n<div class=\"accordion-item\"><a href=\"#\" class=\"accordion-title plain\"><button class=\"toggle\"><i class=\"icon-angle-down\"><\/i><\/button><span>Czy K. Hebda Olej z czarnuszki mo\u017ce by\u0107 stosowany przez kobiety w ci\u0105\u017cy i w trakcie karmienia piersi\u0105?<\/span><\/a><div class=\"accordion-inner\">\n<p>Nie ma jednoznacznych wytycznych dotycz\u0105cych spo\u017cywania oleju z czarnuszki w trakcie ci\u0105\u017cy i karmienia piersi\u0105. Zalecamy jednak zachowanie ostro\u017cno\u015bci i konsultacj\u0119 z lekarzem prowadz\u0105cym przed rozpocz\u0119ciem stosowania.<\/p>\n<\/div><\/div>\n<div class=\"accordion-item\"><a href=\"#\" class=\"accordion-title plain\"><button class=\"toggle\"><i class=\"icon-angle-down\"><\/i><\/button><span>Od jakiego wieku mo\u017cna stosowa\u0107 K. Hebda Olej z czarnuszki?<\/span><\/a><div class=\"accordion-inner\">\n<p>Olej\u00a0 mo\u017cna stosowa\u0107 u dzieci powy\u017cej 1. roku \u017cycia. Wa\u017cne jest, aby pocz\u0105tkowo wprowadza\u0107 go do diety w niewielkich ilo\u015bciach, daj\u0105c organizmowi czas na adaptacj\u0119. Je\u015bli masz w\u0105tpliwo\u015bci dotycz\u0105ce tego, czy Twoje dziecko mo\u017ce spo\u017cywa\u0107 olej z czarnuszki, skonsultuj si\u0119 z lekarzem.<\/p>\n<\/div><\/div>\n<div class=\"accordion-item\"><a href=\"#\" class=\"accordion-title plain\"><button class=\"toggle\"><i class=\"icon-angle-down\"><\/i><\/button><span>Jak stosowa\u0107 K. Hebda Olej z czarnuszki?<\/span><\/a><div class=\"accordion-inner\">\n<p>Rekomendowany przez nas spos\u00f3b stosowania to:<\/p>\n<ul>\n<li>Doro\u015bli i m\u0142odzie\u017c ok. 2 \u0142y\u017ceczki dziennie<\/li>\n<li>Dzieci 1-2 lata \u2013 \u00bc \u0142y\u017ceczki<\/li>\n<li>Dzieci 3-5 lat \u2013 \u00bd \u0142y\u017ceczki<\/li>\n<li>Dzieci 6 lat i wi\u0119cej \u2013 1 \u0142y\u017ceczka<\/li>\n<\/ul>\n<p>Nale\u017cy pami\u0119ta\u0107, \u017ce produkt nie ma statusu suplementu diety i s\u0105 to rekomendowane przez nas sposoby u\u017cycia.\u00a0 Ilo\u015b\u0107 dostosuj do swoich potrzeb i preferencji.<\/p>\n<p>Olej z czarnuszki mo\u017cna spo\u017cywa\u0107 na wiele sposob\u00f3w, w zale\u017cno\u015bci od preferencji.<\/p>\n<p>Polecamy:<\/p>\n<ul>\n<li>Namaczanie chleba w oleju lub dodawanie oleju do kanapki.<\/li>\n<li>Jako dodatek do smoothie.<\/li>\n<li>Skrapianie warzyw i sa\u0142atek.<\/li>\n<li>Jako dodatek do zup i kaszek.<\/li>\n<li>Spo\u017cywanie na \u0142y\u017ceczce samodzielnie, z miodem lub sokiem.<\/li>\n<\/ul>\n<\/div><\/div>\n<div class=\"accordion-item\"><a href=\"#\" class=\"accordion-title plain\"><button class=\"toggle\"><i class=\"icon-angle-down\"><\/i><\/button><span>Czy osad w oleju jest zjawiskiem naturalnym? <\/span><\/a><div class=\"accordion-inner\">\n<p>Tak, osad w oleju z czarnuszki jest naturalny, poniewa\u017c produkt nie jest filtrowany i przechodzi proces naturalnej sedymentacji. Przed ka\u017cdym u\u017cyciem zaleca si\u0119 wstrz\u0105\u015bni\u0119cie butelk\u0105.<\/p>\n<\/div><\/div>\n<div class=\"accordion-item\"><a href=\"#\" class=\"accordion-title plain\"><button class=\"toggle\"><i class=\"icon-angle-down\"><\/i><\/button><span>Co zrobi\u0107, je\u015bli przy spo\u017cyciu oleju wyst\u0119puje odbijanie lub nieprzyjemny posmak?<\/span><\/a><div class=\"accordion-inner\">\n<p>Aby unikn\u0105\u0107 tych nieprzyjemnych objaw\u00f3w, zalecamy spo\u017cywanie oleju w trakcie lub po posi\u0142ku, popijaj\u0105c go du\u017c\u0105 ilo\u015bci\u0105 wody.<\/p>\n<\/div><\/div>\n<div class=\"accordion-item\"><a href=\"#\" class=\"accordion-title plain\"><button class=\"toggle\"><i class=\"icon-angle-down\"><\/i><\/button><span>Jaki jest termin przydatno\u015bci do spo\u017cycia Waszego oleju z czarnuszki?<\/span><\/a><div class=\"accordion-inner\">\n<p>Produkt najlepiej spo\u017cy\u0107 w ci\u0105gu 3-4 tygodni od otwarcia.<\/p>\n<\/div><\/div>\n<div class=\"accordion-item\"><a href=\"#\" class=\"accordion-title plain\"><button class=\"toggle\"><i class=\"icon-angle-down\"><\/i><\/button><span>W jaki spos\u00f3b przechowywa\u0107 K. Hebda Olej z czarnuszki? <\/span><\/a><div class=\"accordion-inner\">\n<p>Olej z czarnuszki nale\u017cy przechowywa\u0107 w lod\u00f3wce \u2013 zar\u00f3wno po zakupie, jak i po otwarciu.<\/p>\n<\/div><\/div>\n<div class=\"accordion-item\"><a href=\"#\" class=\"accordion-title plain\"><button class=\"toggle\"><i class=\"icon-angle-down\"><\/i><\/button><span>Czy K. Hebda Olej z czarnuszki jest nierafinowany, niefiltrowany i t\u0142oczony na zimno? <\/span><\/a><div class=\"accordion-inner\">\n<p>Tak, K. Hebda Olej z czarnuszki jest nierafinowany, niefiltrowany i t\u0142oczony na zimno, co pozwala zachowa\u0107 najwy\u017csz\u0105 jako\u015b\u0107 i wszystkie cenne w\u0142a\u015bciwo\u015bci czarnuszki.<\/p>\n<\/div><\/div>\n<div class=\"accordion-item\"><a href=\"#\" class=\"accordion-title plain\"><button class=\"toggle\"><i class=\"icon-angle-down\"><\/i><\/button><span>Czy K. Hebda Olej z czarnuszki mog\u0105 stosowa\u0107 alergicy?<\/span><\/a><div class=\"accordion-inner\">\n<p>Osoby z alergi\u0105 na migda\u0142y i orzechy w\u0142oskie powinny zachowa\u0107 ostro\u017cno\u015b\u0107, poniewa\u017c produkt mo\u017ce zawiera\u0107 \u015bladowe ilo\u015bci tych alergen\u00f3w.<\/p>\n<\/div><\/div>\n<div class=\"accordion-item\"><a href=\"#\" class=\"accordion-title plain\"><button class=\"toggle\"><i class=\"icon-angle-down\"><\/i><\/button><span>Na ile dni stosowania wystarczy butelka 250 ml K. Hebda Olej z czarnuszki? <\/span><\/a><div class=\"accordion-inner\">\n<p>Butelka oleju z czarnuszki ma pojemno\u015b\u0107 250 ml, a jedna \u0142y\u017ceczka to oko\u0142o 5 ml oleju, wi\u0119c w butelce znajduje si\u0119 50 \u0142y\u017ceczek.<\/p>\n<p>Przyk\u0142adowo, przy stosowaniu 2 \u0142y\u017ceczek dziennie dla osoby doros\u0142ej lub m\u0142odzie\u017cy (10 ml), butelka wystarczy na oko\u0142o 25 dni.<\/p>\n<\/div><\/div>\n\t<div id=\"gap-1685370950\" class=\"gap-element clearfix\" style=\"display:block; height:auto;\">\n\t\t\n<style>\n#gap-1685370950 {\n  padding-top: 20px;\n}\n<\/style>\n\t<\/div>\n\t\n\t\t<\/div>\n\t\t\t\t\t<\/div>\n\n\t\n\n<style>\n#row-1999043799 > .col > .col-inner {\n  padding: 35px 0px 20px 0px;\n}\n<\/style>\n<\/div>\n","protected":false},"excerpt":{"rendered":"<h2><b><span data-contrast=\"auto\">Olej z czarnuszki: Twoje naturalne wsparcie zdrowia przez ca\u0142y rok<\/span><\/b><\/h2>\n<ul>\n<li data-leveltext=\"\u00b7\" data-font=\"Symbol\" data-listid=\"1\" data-list-defn-props=\"{&quot;335552541&quot;:1,&quot;335559685&quot;:720,&quot;335559991&quot;:360,&quot;469769226&quot;:&quot;Symbol&quot;,&quot;469769242&quot;:[8226],&quot;469777803&quot;:&quot;left&quot;,&quot;469777804&quot;:&quot;\u00b7&quot;,&quot;469777815&quot;:&quot;hybridMultilevel&quot;}\" data-aria-posinset=\"1\" data-aria-level=\"1\"><span data-contrast=\"auto\">Naturalne wsparcie organizmu<\/span><span data-ccp-props=\"{&quot;134233117&quot;:false,&quot;134233118&quot;:false,&quot;201341983&quot;:0,&quot;335559685&quot;:720,&quot;335559737&quot;:0,&quot;335559738&quot;:0,&quot;335559739&quot;:0,&quot;335559740&quot;:276,&quot;335559991&quot;:360}\">\u00a0<\/span><\/li>\n<\/ul>\n<ul>\n<li data-leveltext=\"\u00b7\" data-font=\"Symbol\" data-listid=\"1\" data-list-defn-props=\"{&quot;335552541&quot;:1,&quot;335559685&quot;:720,&quot;335559991&quot;:360,&quot;469769226&quot;:&quot;Symbol&quot;,&quot;469769242&quot;:[8226],&quot;469777803&quot;:&quot;left&quot;,&quot;469777804&quot;:&quot;\u00b7&quot;,&quot;469777815&quot;:&quot;hybridMultilevel&quot;}\" data-aria-posinset=\"2\" data-aria-level=\"1\"><span data-contrast=\"auto\">Najwy\u017csza jako\u015b\u0107 oleju<\/span><span data-ccp-props=\"{&quot;134233117&quot;:false,&quot;134233118&quot;:false,&quot;201341983&quot;:0,&quot;335559685&quot;:720,&quot;335559737&quot;:0,&quot;335559738&quot;:0,&quot;335559739&quot;:0,&quot;335559740&quot;:276,&quot;335559991&quot;:360}\">\u00a0<\/span><\/li>\n<\/ul>\n<ul>\n<li data-leveltext=\"\u00b7\" data-font=\"Symbol\" data-listid=\"1\" data-list-defn-props=\"{&quot;335552541&quot;:1,&quot;335559685&quot;:720,&quot;335559991&quot;:360,&quot;469769226&quot;:&quot;Symbol&quot;,&quot;469769242&quot;:[8226],&quot;469777803&quot;:&quot;left&quot;,&quot;469777804&quot;:&quot;\u00b7&quot;,&quot;469777815&quot;:&quot;hybridMultilevel&quot;}\" data-aria-posinset=\"3\" data-aria-level=\"1\"><span data-contrast=\"auto\">Produkt w 100% naturalny<\/span><span data-ccp-props=\"{&quot;134233117&quot;:false,&quot;134233118&quot;:false,&quot;201341983&quot;:0,&quot;335559685&quot;:720,&quot;335559737&quot;:0,&quot;335559738&quot;:0,&quot;335559739&quot;:0,&quot;335559740&quot;:276,&quot;335559991&quot;:360}\">\u00a0<\/span><\/li>\n<\/ul>\n<ul>\n<li data-leveltext=\"\u00b7\" data-font=\"Symbol\" data-listid=\"1\" data-list-defn-props=\"{&quot;335552541&quot;:1,&quot;335559685&quot;:720,&quot;335559991&quot;:360,&quot;469769226&quot;:&quot;Symbol&quot;,&quot;469769242&quot;:[8226],&quot;469777803&quot;:&quot;left&quot;,&quot;469777804&quot;:&quot;\u00b7&quot;,&quot;469777815&quot;:&quot;hybridMultilevel&quot;}\" data-aria-posinset=\"4\" data-aria-level=\"1\"><span data-contrast=\"auto\">T\u0142oczony na zimno w polskiej olejarni<\/span><span data-ccp-props=\"{&quot;134233117&quot;:false,&quot;134233118&quot;:false,&quot;201341983&quot;:0,&quot;335559685&quot;:720,&quot;335559737&quot;:0,&quot;335559738&quot;:0,&quot;335559739&quot;:0,&quot;335559740&quot;:276,&quot;335559991&quot;:360}\">\u00a0<\/span><\/li>\n<\/ul>\n<ul>\n<li data-leveltext=\"\u00b7\" data-font=\"Symbol\" data-listid=\"1\" data-list-defn-props=\"{&quot;335552541&quot;:1,&quot;335559685&quot;:720,&quot;335559991&quot;:360,&quot;469769226&quot;:&quot;Symbol&quot;,&quot;469769242&quot;:[8226],&quot;469777803&quot;:&quot;left&quot;,&quot;469777804&quot;:&quot;\u00b7&quot;,&quot;469777815&quot;:&quot;hybridMultilevel&quot;}\" data-aria-posinset=\"5\" data-aria-level=\"1\"><span data-contrast=\"auto\">Olej z czarnuszki siewnej \u2013 wyj\u0105tkowo \u0142agodny w smaku<\/span><span data-ccp-props=\"{&quot;134233117&quot;:false,&quot;134233118&quot;:false,&quot;201341983&quot;:0,&quot;335559685&quot;:720,&quot;335559737&quot;:0,&quot;335559738&quot;:0,&quot;335559739&quot;:0,&quot;335559740&quot;:276,&quot;335559991&quot;:360}\">\u00a0<\/span><\/li>\n<\/ul>\n<ul>\n<li data-leveltext=\"\u00b7\" data-font=\"Symbol\" data-listid=\"1\" data-list-defn-props=\"{&quot;335552541&quot;:1,&quot;335559685&quot;:720,&quot;335559991&quot;:360,&quot;469769226&quot;:&quot;Symbol&quot;,&quot;469769242&quot;:[8226],&quot;469777803&quot;:&quot;left&quot;,&quot;469777804&quot;:&quot;\u00b7&quot;,&quot;469777815&quot;:&quot;hybridMultilevel&quot;}\" data-aria-posinset=\"6\" data-aria-level=\"1\"><span data-contrast=\"auto\">Wysoka zawarto\u015b\u0107 kwas\u00f3w nienasyconych<\/span><span data-ccp-props=\"{&quot;134233117&quot;:false,&quot;134233118&quot;:false,&quot;201341983&quot;:0,&quot;335559685&quot;:720,&quot;335559737&quot;:0,&quot;335559738&quot;:0,&quot;335559739&quot;:0,&quot;335559740&quot;:276,&quot;335559991&quot;:360}\">\u00a0<\/span><\/li>\n<\/ul>\n<p><strong>3 x NIE! Niefiltrowany, nierafinowany i niezast\u0105piony.<\/strong><\/p>\n<p>Najlepiej spo\u017cy\u0107 przed: 8.07.2026<\/p>\n","protected":false},"featured_media":3110275,"comment_status":"open","ping_status":"closed","template":"","meta":[],"product_cat":[246,238,187,39,190],"product_tag":[],"acf":[],"yoast_head":"<!-- This site is optimized with the Yoast SEO plugin v19.6.1 - https:\/\/yoast.com\/wordpress\/plugins\/seo\/ -->\n<title>Olej z czarnuszki - t\u0142oczony na zimno \u2013 w\u0142a\u015bciwo\u015bci i zastosowanie<\/title>\n<meta name=\"description\" content=\"Olej z czarnuszki t\u0142oczony na zimno, nierafinowany i niefiltrowany. Sprawd\u017a w\u0142a\u015bciwo\u015bci oleju z czarnuszki oraz jak stosowa\u0107 go w codziennej diecie.\" \/>\n<meta name=\"robots\" content=\"index, follow, max-snippet:-1, max-image-preview:large, max-video-preview:-1\" \/>\n<link rel=\"canonical\" href=\"https:\/\/klaudynahebda.pl\/sklep\/k-hebda-olej-z-czarnuszki-250-ml\/\" \/>\n<meta property=\"og:locale\" content=\"pl_PL\" \/>\n<meta property=\"og:type\" content=\"article\" \/>\n<meta property=\"og:title\" content=\"Olej z czarnuszki - t\u0142oczony na zimno \u2013 w\u0142a\u015bciwo\u015bci i zastosowanie\" \/>\n<meta property=\"og:description\" content=\"Olej z czarnuszki t\u0142oczony na zimno, nierafinowany i niefiltrowany. Sprawd\u017a w\u0142a\u015bciwo\u015bci oleju z czarnuszki oraz jak stosowa\u0107 go w codziennej diecie.\" \/>\n<meta property=\"og:url\" content=\"https:\/\/klaudynahebda.pl\/sklep\/k-hebda-olej-z-czarnuszki-250-ml\/\" \/>\n<meta property=\"og:site_name\" content=\"Klaudyna Hebda Nature\" \/>\n<meta property=\"article:modified_time\" content=\"2026-04-24T08:07:11+00:00\" \/>\n<meta property=\"og:image\" content=\"https:\/\/klaudynahebda.pl\/sklep\/wp-content\/uploads\/2024\/10\/3.jpg\" \/>\n\t<meta property=\"og:image:width\" content=\"1020\" \/>\n\t<meta property=\"og:image:height\" content=\"1530\" \/>\n\t<meta property=\"og:image:type\" content=\"image\/jpeg\" \/>\n<meta name=\"twitter:card\" content=\"summary_large_image\" \/>\n<meta name=\"twitter:label1\" content=\"Szacowany czas czytania\" \/>\n\t<meta name=\"twitter:data1\" content=\"6 minut\" \/>\n<script type=\"application\/ld+json\" class=\"yoast-schema-graph\">{\"@context\":\"https:\/\/schema.org\",\"@graph\":[{\"@type\":\"WebPage\",\"@id\":\"https:\/\/klaudynahebda.pl\/sklep\/k-hebda-olej-z-czarnuszki-250-ml\/\",\"url\":\"https:\/\/klaudynahebda.pl\/sklep\/k-hebda-olej-z-czarnuszki-250-ml\/\",\"name\":\"Olej z czarnuszki - t\u0142oczony na zimno \u2013 w\u0142a\u015bciwo\u015bci i zastosowanie\",\"isPartOf\":{\"@id\":\"https:\/\/klaudynahebda.pl\/sklep\/#website\"},\"datePublished\":\"2024-10-01T13:08:36+00:00\",\"dateModified\":\"2026-04-24T08:07:11+00:00\",\"description\":\"Olej z czarnuszki t\u0142oczony na zimno, nierafinowany i niefiltrowany. Sprawd\u017a w\u0142a\u015bciwo\u015bci oleju z czarnuszki oraz jak stosowa\u0107 go w codziennej diecie.\",\"breadcrumb\":{\"@id\":\"https:\/\/klaudynahebda.pl\/sklep\/k-hebda-olej-z-czarnuszki-250-ml\/#breadcrumb\"},\"inLanguage\":\"pl-PL\",\"potentialAction\":[{\"@type\":\"ReadAction\",\"target\":[\"https:\/\/klaudynahebda.pl\/sklep\/k-hebda-olej-z-czarnuszki-250-ml\/\"]}]},{\"@type\":\"BreadcrumbList\",\"@id\":\"https:\/\/klaudynahebda.pl\/sklep\/k-hebda-olej-z-czarnuszki-250-ml\/#breadcrumb\",\"itemListElement\":[{\"@type\":\"ListItem\",\"position\":1,\"name\":\"Strona g\u0142\u00f3wna\",\"item\":\"https:\/\/klaudynahebda.pl\/sklep\/\"},{\"@type\":\"ListItem\",\"position\":2,\"name\":\"Sklep\",\"item\":\"https:\/\/klaudynahebda.pl\/sklep\/sklep\/\"},{\"@type\":\"ListItem\",\"position\":3,\"name\":\"Oleje i suplementy\",\"item\":\"https:\/\/klaudynahebda.pl\/sklep\/oleje-i-suplementy\/\"},{\"@type\":\"ListItem\",\"position\":4,\"name\":\"Olej z czarnuszki K.HEBDA [250 ml]\"}]},{\"@type\":\"WebSite\",\"@id\":\"https:\/\/klaudynahebda.pl\/sklep\/#website\",\"url\":\"https:\/\/klaudynahebda.pl\/sklep\/\",\"name\":\"Klaudyna Hebda Nature\",\"description\":\"Sklep\",\"publisher\":{\"@id\":\"https:\/\/klaudynahebda.pl\/sklep\/#organization\"},\"potentialAction\":[{\"@type\":\"SearchAction\",\"target\":{\"@type\":\"EntryPoint\",\"urlTemplate\":\"https:\/\/klaudynahebda.pl\/sklep\/?s={search_term_string}\"},\"query-input\":\"required name=search_term_string\"}],\"inLanguage\":\"pl-PL\"},{\"@type\":\"Organization\",\"@id\":\"https:\/\/klaudynahebda.pl\/sklep\/#organization\",\"name\":\"KlaudynaHebda\",\"url\":\"https:\/\/klaudynahebda.pl\/sklep\/\",\"sameAs\":[],\"logo\":{\"@type\":\"ImageObject\",\"inLanguage\":\"pl-PL\",\"@id\":\"https:\/\/klaudynahebda.pl\/sklep\/#\/schema\/logo\/image\/\",\"url\":\"\",\"contentUrl\":\"\",\"caption\":\"KlaudynaHebda\"},\"image\":{\"@id\":\"https:\/\/klaudynahebda.pl\/sklep\/#\/schema\/logo\/image\/\"}}]}<\/script>\n<!-- \/ Yoast SEO plugin. -->","yoast_head_json":{"title":"Olej z czarnuszki - t\u0142oczony na zimno \u2013 w\u0142a\u015bciwo\u015bci i zastosowanie","description":"Olej z czarnuszki t\u0142oczony na zimno, nierafinowany i niefiltrowany. Sprawd\u017a w\u0142a\u015bciwo\u015bci oleju z czarnuszki oraz jak stosowa\u0107 go w codziennej diecie.","robots":{"index":"index","follow":"follow","max-snippet":"max-snippet:-1","max-image-preview":"max-image-preview:large","max-video-preview":"max-video-preview:-1"},"canonical":"https:\/\/klaudynahebda.pl\/sklep\/k-hebda-olej-z-czarnuszki-250-ml\/","og_locale":"pl_PL","og_type":"article","og_title":"Olej z czarnuszki - t\u0142oczony na zimno \u2013 w\u0142a\u015bciwo\u015bci i zastosowanie","og_description":"Olej z czarnuszki t\u0142oczony na zimno, nierafinowany i niefiltrowany. Sprawd\u017a w\u0142a\u015bciwo\u015bci oleju z czarnuszki oraz jak stosowa\u0107 go w codziennej diecie.","og_url":"https:\/\/klaudynahebda.pl\/sklep\/k-hebda-olej-z-czarnuszki-250-ml\/","og_site_name":"Klaudyna Hebda Nature","article_modified_time":"2026-04-24T08:07:11+00:00","og_image":[{"width":1020,"height":1530,"url":"https:\/\/klaudynahebda.pl\/sklep\/wp-content\/uploads\/2024\/10\/3.jpg","type":"image\/jpeg"}],"twitter_card":"summary_large_image","twitter_misc":{"Szacowany czas czytania":"6 minut"},"schema":{"@context":"https:\/\/schema.org","@graph":[{"@type":"WebPage","@id":"https:\/\/klaudynahebda.pl\/sklep\/k-hebda-olej-z-czarnuszki-250-ml\/","url":"https:\/\/klaudynahebda.pl\/sklep\/k-hebda-olej-z-czarnuszki-250-ml\/","name":"Olej z czarnuszki - t\u0142oczony na zimno \u2013 w\u0142a\u015bciwo\u015bci i zastosowanie","isPartOf":{"@id":"https:\/\/klaudynahebda.pl\/sklep\/#website"},"datePublished":"2024-10-01T13:08:36+00:00","dateModified":"2026-04-24T08:07:11+00:00","description":"Olej z czarnuszki t\u0142oczony na zimno, nierafinowany i niefiltrowany. Sprawd\u017a w\u0142a\u015bciwo\u015bci oleju z czarnuszki oraz jak stosowa\u0107 go w codziennej diecie.","breadcrumb":{"@id":"https:\/\/klaudynahebda.pl\/sklep\/k-hebda-olej-z-czarnuszki-250-ml\/#breadcrumb"},"inLanguage":"pl-PL","potentialAction":[{"@type":"ReadAction","target":["https:\/\/klaudynahebda.pl\/sklep\/k-hebda-olej-z-czarnuszki-250-ml\/"]}]},{"@type":"BreadcrumbList","@id":"https:\/\/klaudynahebda.pl\/sklep\/k-hebda-olej-z-czarnuszki-250-ml\/#breadcrumb","itemListElement":[{"@type":"ListItem","position":1,"name":"Strona g\u0142\u00f3wna","item":"https:\/\/klaudynahebda.pl\/sklep\/"},{"@type":"ListItem","position":2,"name":"Sklep","item":"https:\/\/klaudynahebda.pl\/sklep\/sklep\/"},{"@type":"ListItem","position":3,"name":"Oleje i suplementy","item":"https:\/\/klaudynahebda.pl\/sklep\/oleje-i-suplementy\/"},{"@type":"ListItem","position":4,"name":"Olej z czarnuszki K.HEBDA [250 ml]"}]},{"@type":"WebSite","@id":"https:\/\/klaudynahebda.pl\/sklep\/#website","url":"https:\/\/klaudynahebda.pl\/sklep\/","name":"Klaudyna Hebda Nature","description":"Sklep","publisher":{"@id":"https:\/\/klaudynahebda.pl\/sklep\/#organization"},"potentialAction":[{"@type":"SearchAction","target":{"@type":"EntryPoint","urlTemplate":"https:\/\/klaudynahebda.pl\/sklep\/?s={search_term_string}"},"query-input":"required name=search_term_string"}],"inLanguage":"pl-PL"},{"@type":"Organization","@id":"https:\/\/klaudynahebda.pl\/sklep\/#organization","name":"KlaudynaHebda","url":"https:\/\/klaudynahebda.pl\/sklep\/","sameAs":[],"logo":{"@type":"ImageObject","inLanguage":"pl-PL","@id":"https:\/\/klaudynahebda.pl\/sklep\/#\/schema\/logo\/image\/","url":"","contentUrl":"","caption":"KlaudynaHebda"},"image":{"@id":"https:\/\/klaudynahebda.pl\/sklep\/#\/schema\/logo\/image\/"}}]}},"_links":{"self":[{"href":"https:\/\/klaudynahebda.pl\/sklep\/wp-json\/wp\/v2\/product\/3079395"}],"collection":[{"href":"https:\/\/klaudynahebda.pl\/sklep\/wp-json\/wp\/v2\/product"}],"about":[{"href":"https:\/\/klaudynahebda.pl\/sklep\/wp-json\/wp\/v2\/types\/product"}],"replies":[{"embeddable":true,"href":"https:\/\/klaudynahebda.pl\/sklep\/wp-json\/wp\/v2\/comments?post=3079395"}],"wp:featuredmedia":[{"embeddable":true,"href":"https:\/\/klaudynahebda.pl\/sklep\/wp-json\/wp\/v2\/media\/3110275"}],"wp:attachment":[{"href":"https:\/\/klaudynahebda.pl\/sklep\/wp-json\/wp\/v2\/media?parent=3079395"}],"wp:term":[{"taxonomy":"product_cat","embeddable":true,"href":"https:\/\/klaudynahebda.pl\/sklep\/wp-json\/wp\/v2\/product_cat?post=3079395"},{"taxonomy":"product_tag","embeddable":true,"href":"https:\/\/klaudynahebda.pl\/sklep\/wp-json\/wp\/v2\/product_tag?post=3079395"}],"curies":[{"name":"wp","href":"https:\/\/api.w.org\/{rel}","templated":true}]}}