{"id":305871,"date":"2022-05-04T09:56:42","date_gmt":"2022-05-04T07:56:42","guid":{"rendered":"https:\/\/klaudynahebda.pl\/sklep\/?post_type=product&#038;p=305871"},"modified":"2026-01-31T13:04:58","modified_gmt":"2026-01-31T12:04:58","slug":"kobiecy-zestaw-dobry-sen","status":"publish","type":"product","link":"https:\/\/klaudynahebda.pl\/sklep\/kobiecy-zestaw-dobry-sen\/","title":{"rendered":"Kobiecy zestaw na dobry sen"},"content":{"rendered":"<p>Nie znajdziesz tu ekstrakt\u00f3w. Sztucznych aromat\u00f3w. Pi\u0119knych obrazk\u00f3w i pustych obietnic. Zamiast tego proponuj\u0119 Ci:<\/p>\n<ul>\n<li><strong>herbat\u0119 na dobry sen<\/strong> &#8211; stworzon\u0105 z a\u017c 11 zi\u00f3\u0142 z w\u0142a\u015bciwo\u015bciami uspokajaj\u0105cymi i wyciszaj\u0105cymi; poczujesz tu m.in. chmiel, lip\u0119, ashwagand\u0119, m\u0119czennic\u0119 czy klitori\u0119 ternate\u0144sk\u0105.<\/li>\n<\/ul>\n<p>Herbata zaskoczy Ci\u0119 nie tylko smakiem, ale tak\u017ce\u2026 zielononiebieskim kolorem!<\/p>\n<ul>\n<li><strong>roll-on na dobry sen<\/strong> &#8211; to 4 olejki eteryczne rozcie\u0144czone w oleju jojoba, dzi\u0119ki czemu mo\u017cesz u\u017cy\u0107 ich bezpo\u015brednio na sk\u00f3rze, bez wcze\u015bniejszego mieszania z baz\u0105. To jeden z naszych najbardziej delikatnych zapachowych po\u0142\u0105cze\u0144, kt\u00f3re nie b\u0119d\u0105 przeszkadza\u0107 Ci w za\u015bni\u0119ciu (mocne zapachy wiele os\u00f3b dra\u017cni\u0105 przy zasypianiu, nawet nie\u015bwiadomie, st\u0105d subtelno\u015b\u0107 roll-onu).<\/li>\n<\/ul>\n<p>Herbata jest odpowiednia dla os\u00f3b powy\u017cej 12.roku \u017cycia. Roll-on mo\u017cesz po\u017cycza\u0107 dzieciom ju\u017c pow. 3.roku \u017cycia \ud83d\ude42 Oba produkty stworzy\u0142am z najwy\u017cszej jako\u015bci zi\u00f3\u0142 oraz 100% olejk\u00f3w eterycznych. <strong>Wyci\u0105gn\u0119\u0142am z ro\u015blin to, co dla Ciebie najlepsze.\u00a0<\/strong><\/p>\n","protected":false},"excerpt":{"rendered":"<p><span style=\"font-weight: 400;\">To nie zestaw produkt\u00f3w.<br \/>\n<\/span>To rytua\u0142, kt\u00f3ry pozwoli Ci przyjemniej (i szybciej!) zasn\u0105\u0107.<\/p>\n<p><span style=\"font-weight: 400;\">Wiecz\u00f3r mo\u017cesz sp\u0119dzi\u0107 na niezapami\u0119tywaniu post\u00f3w w social mediach, kt\u00f3re w\u0142a\u015bnie przeczyta\u0142a\u015b. <strong>Mo\u017cesz si\u0119 z\u0142o\u015bci\u0107 na kiepski dzie\u0144<\/strong> i \u017ca\u0142owa\u0107, \u017ce znowu nie zrobi\u0142a\u015b wszystkiego, co chcia\u0142a\u015b.\u00a0<\/span><\/p>\n<p><strong>A mo\u017cesz te\u017c przywita\u0107 wiecz\u00f3r z rado\u015bci\u0105.\u00a0<\/strong><\/p>\n<p><span style=\"font-weight: 400;\">Si\u0119gn\u0105\u0107 po ksi\u0105\u017ck\u0119 &#8211; sama lub z rodzin\u0105. Zaparzy\u0107 herbat\u0119 z a\u017c 11 zi\u00f3\u0142, kt\u00f3re wycisz\u0105 Ci\u0119 przed snem. Posmarowa\u0107 si\u0119 4 relaksuj\u0105cymi olejkami eterycznymi w formie wygodnego roll-onu (nie musisz nawet przerywa\u0107 czytania!).\u00a0<\/span><\/p>\n<p><span style=\"font-weight: 400;\">I pomy\u015ble\u0107, za co jeste\u015b wdzi\u0119czna i co Ci si\u0119 dzisiaj uda\u0142o (\u2018\u2019nic\u2019\u2019 nigdy nie b\u0119dzie prawdziw\u0105 odpowiedzi\u0105!).\u00a0<\/span><\/p>\n<p><strong>Jaki wiecz\u00f3r wybierzesz?\u00a0<\/strong><\/p>\n","protected":false},"featured_media":2011936,"comment_status":"open","ping_status":"closed","template":"","meta":[],"product_cat":[131,123,210,134,46,118],"product_tag":[],"acf":[],"yoast_head":"<!-- This site is optimized with the Yoast SEO plugin v19.6.1 - https:\/\/yoast.com\/wordpress\/plugins\/seo\/ -->\n<title>Kobiecy zestaw na dobry sen - Klaudyna Hebda Nature<\/title>\n<meta name=\"description\" content=\"Zestaw na dobry sen dla kobiet tworzy herbata z a\u017c 11 wyciszaj\u0105cymi zio\u0142ami oraz subtelny roll-on do smarowania z 4 olejkami eterycznymi. Pi\u0119knej nocy!\" \/>\n<meta name=\"robots\" content=\"index, follow, max-snippet:-1, max-image-preview:large, max-video-preview:-1\" \/>\n<link rel=\"canonical\" href=\"https:\/\/klaudynahebda.pl\/sklep\/kobiecy-zestaw-dobry-sen\/\" \/>\n<meta property=\"og:locale\" content=\"pl_PL\" \/>\n<meta property=\"og:type\" content=\"article\" \/>\n<meta property=\"og:title\" content=\"Kobiecy zestaw na dobry sen - Klaudyna Hebda Nature\" \/>\n<meta property=\"og:description\" content=\"Zestaw na dobry sen dla kobiet tworzy herbata z a\u017c 11 wyciszaj\u0105cymi zio\u0142ami oraz subtelny roll-on do smarowania z 4 olejkami eterycznymi. Pi\u0119knej nocy!\" \/>\n<meta property=\"og:url\" content=\"https:\/\/klaudynahebda.pl\/sklep\/kobiecy-zestaw-dobry-sen\/\" \/>\n<meta property=\"og:site_name\" content=\"Klaudyna Hebda Nature\" \/>\n<meta property=\"article:modified_time\" content=\"2026-01-31T12:04:58+00:00\" \/>\n<meta property=\"og:image\" content=\"https:\/\/klaudynahebda.pl\/sklep\/wp-content\/uploads\/2023\/06\/Kobiecy-zestaw-na-dobry-sen-683x1024.png\" \/>\n\t<meta property=\"og:image:width\" content=\"683\" \/>\n\t<meta property=\"og:image:height\" content=\"1024\" \/>\n\t<meta property=\"og:image:type\" content=\"image\/png\" \/>\n<meta name=\"twitter:card\" content=\"summary_large_image\" \/>\n<meta name=\"twitter:label1\" content=\"Szacowany czas czytania\" \/>\n\t<meta name=\"twitter:data1\" content=\"1 minuta\" \/>\n<script type=\"application\/ld+json\" class=\"yoast-schema-graph\">{\"@context\":\"https:\/\/schema.org\",\"@graph\":[{\"@type\":\"WebPage\",\"@id\":\"https:\/\/klaudynahebda.pl\/sklep\/kobiecy-zestaw-dobry-sen\/\",\"url\":\"https:\/\/klaudynahebda.pl\/sklep\/kobiecy-zestaw-dobry-sen\/\",\"name\":\"Kobiecy zestaw na dobry sen - Klaudyna Hebda Nature\",\"isPartOf\":{\"@id\":\"https:\/\/klaudynahebda.pl\/sklep\/#website\"},\"datePublished\":\"2022-05-04T07:56:42+00:00\",\"dateModified\":\"2026-01-31T12:04:58+00:00\",\"description\":\"Zestaw na dobry sen dla kobiet tworzy herbata z a\u017c 11 wyciszaj\u0105cymi zio\u0142ami oraz subtelny roll-on do smarowania z 4 olejkami eterycznymi. Pi\u0119knej nocy!\",\"breadcrumb\":{\"@id\":\"https:\/\/klaudynahebda.pl\/sklep\/kobiecy-zestaw-dobry-sen\/#breadcrumb\"},\"inLanguage\":\"pl-PL\",\"potentialAction\":[{\"@type\":\"ReadAction\",\"target\":[\"https:\/\/klaudynahebda.pl\/sklep\/kobiecy-zestaw-dobry-sen\/\"]}]},{\"@type\":\"BreadcrumbList\",\"@id\":\"https:\/\/klaudynahebda.pl\/sklep\/kobiecy-zestaw-dobry-sen\/#breadcrumb\",\"itemListElement\":[{\"@type\":\"ListItem\",\"position\":1,\"name\":\"Strona g\u0142\u00f3wna\",\"item\":\"https:\/\/klaudynahebda.pl\/sklep\/\"},{\"@type\":\"ListItem\",\"position\":2,\"name\":\"Sklep\",\"item\":\"https:\/\/klaudynahebda.pl\/sklep\/sklep\/\"},{\"@type\":\"ListItem\",\"position\":3,\"name\":\"Olejki na dobry sen\",\"item\":\"https:\/\/klaudynahebda.pl\/sklep\/olejki-eteryczne-na-sen\/\"},{\"@type\":\"ListItem\",\"position\":4,\"name\":\"Kobiecy zestaw na dobry sen\"}]},{\"@type\":\"WebSite\",\"@id\":\"https:\/\/klaudynahebda.pl\/sklep\/#website\",\"url\":\"https:\/\/klaudynahebda.pl\/sklep\/\",\"name\":\"Klaudyna Hebda Nature\",\"description\":\"Sklep\",\"publisher\":{\"@id\":\"https:\/\/klaudynahebda.pl\/sklep\/#organization\"},\"potentialAction\":[{\"@type\":\"SearchAction\",\"target\":{\"@type\":\"EntryPoint\",\"urlTemplate\":\"https:\/\/klaudynahebda.pl\/sklep\/?s={search_term_string}\"},\"query-input\":\"required name=search_term_string\"}],\"inLanguage\":\"pl-PL\"},{\"@type\":\"Organization\",\"@id\":\"https:\/\/klaudynahebda.pl\/sklep\/#organization\",\"name\":\"KlaudynaHebda\",\"url\":\"https:\/\/klaudynahebda.pl\/sklep\/\",\"sameAs\":[],\"logo\":{\"@type\":\"ImageObject\",\"inLanguage\":\"pl-PL\",\"@id\":\"https:\/\/klaudynahebda.pl\/sklep\/#\/schema\/logo\/image\/\",\"url\":\"\",\"contentUrl\":\"\",\"caption\":\"KlaudynaHebda\"},\"image\":{\"@id\":\"https:\/\/klaudynahebda.pl\/sklep\/#\/schema\/logo\/image\/\"}}]}<\/script>\n<!-- \/ Yoast SEO plugin. -->","yoast_head_json":{"title":"Kobiecy zestaw na dobry sen - Klaudyna Hebda Nature","description":"Zestaw na dobry sen dla kobiet tworzy herbata z a\u017c 11 wyciszaj\u0105cymi zio\u0142ami oraz subtelny roll-on do smarowania z 4 olejkami eterycznymi. Pi\u0119knej nocy!","robots":{"index":"index","follow":"follow","max-snippet":"max-snippet:-1","max-image-preview":"max-image-preview:large","max-video-preview":"max-video-preview:-1"},"canonical":"https:\/\/klaudynahebda.pl\/sklep\/kobiecy-zestaw-dobry-sen\/","og_locale":"pl_PL","og_type":"article","og_title":"Kobiecy zestaw na dobry sen - Klaudyna Hebda Nature","og_description":"Zestaw na dobry sen dla kobiet tworzy herbata z a\u017c 11 wyciszaj\u0105cymi zio\u0142ami oraz subtelny roll-on do smarowania z 4 olejkami eterycznymi. Pi\u0119knej nocy!","og_url":"https:\/\/klaudynahebda.pl\/sklep\/kobiecy-zestaw-dobry-sen\/","og_site_name":"Klaudyna Hebda Nature","article_modified_time":"2026-01-31T12:04:58+00:00","og_image":[{"width":683,"height":1024,"url":"https:\/\/klaudynahebda.pl\/sklep\/wp-content\/uploads\/2023\/06\/Kobiecy-zestaw-na-dobry-sen-683x1024.png","type":"image\/png"}],"twitter_card":"summary_large_image","twitter_misc":{"Szacowany czas czytania":"1 minuta"},"schema":{"@context":"https:\/\/schema.org","@graph":[{"@type":"WebPage","@id":"https:\/\/klaudynahebda.pl\/sklep\/kobiecy-zestaw-dobry-sen\/","url":"https:\/\/klaudynahebda.pl\/sklep\/kobiecy-zestaw-dobry-sen\/","name":"Kobiecy zestaw na dobry sen - Klaudyna Hebda Nature","isPartOf":{"@id":"https:\/\/klaudynahebda.pl\/sklep\/#website"},"datePublished":"2022-05-04T07:56:42+00:00","dateModified":"2026-01-31T12:04:58+00:00","description":"Zestaw na dobry sen dla kobiet tworzy herbata z a\u017c 11 wyciszaj\u0105cymi zio\u0142ami oraz subtelny roll-on do smarowania z 4 olejkami eterycznymi. Pi\u0119knej nocy!","breadcrumb":{"@id":"https:\/\/klaudynahebda.pl\/sklep\/kobiecy-zestaw-dobry-sen\/#breadcrumb"},"inLanguage":"pl-PL","potentialAction":[{"@type":"ReadAction","target":["https:\/\/klaudynahebda.pl\/sklep\/kobiecy-zestaw-dobry-sen\/"]}]},{"@type":"BreadcrumbList","@id":"https:\/\/klaudynahebda.pl\/sklep\/kobiecy-zestaw-dobry-sen\/#breadcrumb","itemListElement":[{"@type":"ListItem","position":1,"name":"Strona g\u0142\u00f3wna","item":"https:\/\/klaudynahebda.pl\/sklep\/"},{"@type":"ListItem","position":2,"name":"Sklep","item":"https:\/\/klaudynahebda.pl\/sklep\/sklep\/"},{"@type":"ListItem","position":3,"name":"Olejki na dobry sen","item":"https:\/\/klaudynahebda.pl\/sklep\/olejki-eteryczne-na-sen\/"},{"@type":"ListItem","position":4,"name":"Kobiecy zestaw na dobry sen"}]},{"@type":"WebSite","@id":"https:\/\/klaudynahebda.pl\/sklep\/#website","url":"https:\/\/klaudynahebda.pl\/sklep\/","name":"Klaudyna Hebda Nature","description":"Sklep","publisher":{"@id":"https:\/\/klaudynahebda.pl\/sklep\/#organization"},"potentialAction":[{"@type":"SearchAction","target":{"@type":"EntryPoint","urlTemplate":"https:\/\/klaudynahebda.pl\/sklep\/?s={search_term_string}"},"query-input":"required name=search_term_string"}],"inLanguage":"pl-PL"},{"@type":"Organization","@id":"https:\/\/klaudynahebda.pl\/sklep\/#organization","name":"KlaudynaHebda","url":"https:\/\/klaudynahebda.pl\/sklep\/","sameAs":[],"logo":{"@type":"ImageObject","inLanguage":"pl-PL","@id":"https:\/\/klaudynahebda.pl\/sklep\/#\/schema\/logo\/image\/","url":"","contentUrl":"","caption":"KlaudynaHebda"},"image":{"@id":"https:\/\/klaudynahebda.pl\/sklep\/#\/schema\/logo\/image\/"}}]}},"_links":{"self":[{"href":"https:\/\/klaudynahebda.pl\/sklep\/wp-json\/wp\/v2\/product\/305871"}],"collection":[{"href":"https:\/\/klaudynahebda.pl\/sklep\/wp-json\/wp\/v2\/product"}],"about":[{"href":"https:\/\/klaudynahebda.pl\/sklep\/wp-json\/wp\/v2\/types\/product"}],"replies":[{"embeddable":true,"href":"https:\/\/klaudynahebda.pl\/sklep\/wp-json\/wp\/v2\/comments?post=305871"}],"wp:featuredmedia":[{"embeddable":true,"href":"https:\/\/klaudynahebda.pl\/sklep\/wp-json\/wp\/v2\/media\/2011936"}],"wp:attachment":[{"href":"https:\/\/klaudynahebda.pl\/sklep\/wp-json\/wp\/v2\/media?parent=305871"}],"wp:term":[{"taxonomy":"product_cat","embeddable":true,"href":"https:\/\/klaudynahebda.pl\/sklep\/wp-json\/wp\/v2\/product_cat?post=305871"},{"taxonomy":"product_tag","embeddable":true,"href":"https:\/\/klaudynahebda.pl\/sklep\/wp-json\/wp\/v2\/product_tag?post=305871"}],"curies":[{"name":"wp","href":"https:\/\/api.w.org\/{rel}","templated":true}]}}