{"id":3057760,"date":"2024-11-20T10:20:31","date_gmt":"2024-11-20T09:20:31","guid":{"rendered":"https:\/\/klaudynahebda.pl\/sklep\/?post_type=product&#038;p=3057760"},"modified":"2026-04-02T10:59:07","modified_gmt":"2026-04-02T08:59:07","slug":"korzenna-mandarynka-swieca","status":"publish","type":"product","link":"https:\/\/klaudynahebda.pl\/sklep\/korzenna-mandarynka-swieca\/","title":{"rendered":"\u015awieca Korzenna mandarynka"},"content":{"rendered":"<h2>Serce + Natura = \u015bwieca zapachowa inna ni\u017c wszystkie!<\/h2>\n<p><b><span data-contrast=\"auto\">Korzenna mandarynka <\/span><\/b><span data-contrast=\"auto\">to \u015bwieca, kt\u00f3ra jednocze\u015bnie <\/span><b><span data-contrast=\"auto\">tworzy ciep\u0142y klimat i dodaje energii<\/span><\/b><span data-contrast=\"auto\">. Zapal j\u0105 rano i poczuj, jak ca\u0142y dom wype\u0142nia pobudzaj\u0105cy zapach cytrus\u00f3w i cynamonu. W kilka chwil szary poranek zmienia si\u0119 w pe\u0142en energii i rado\u015bci pocz\u0105tek dobrze zapowiadaj\u0105cego si\u0119 dnia. Wypr\u00f3buj j\u0105 wieczorem, w czasie przeznaczonym na odpoczynek lub spotkanie z bliskimi, i zobacz, jak <\/span><b><span data-contrast=\"auto\">wprowadza atmosfer\u0119 ciep\u0142a i relaksu<\/span><\/b><span data-contrast=\"auto\">. Je\u015bli lubisz, gdy Twoja przestrze\u0144 jest wype\u0142niona przyjemnym aromatem, ta \u015bwieca b\u0119dzie dobrym wyborem.<\/span><span data-ccp-props=\"{&quot;134233117&quot;:false,&quot;134233118&quot;:false,&quot;201341983&quot;:0,&quot;335559738&quot;:0,&quot;335559739&quot;:200,&quot;335559740&quot;:276}\">\u00a0<\/span><\/p>\n<h2><span data-contrast=\"auto\">Co znajdziesz w naturalnej \u015bwiecy Korzenna Mandarynka?<\/span><\/h2>\n<p><span data-contrast=\"auto\">W naszej \u015bwiecy znajduje si\u0119 tylko wosk sojowy i autorska kompozycja olejk\u00f3w eterycznych. Zadbali\u015bmy o to, \u017ceby zapach by\u0142 naturalny i pasuj\u0105cy na wiele r\u00f3\u017cnych okazji. Poza soczystymi nutami czerwonej mandarynki i gorzkiej pomara\u0144czy wyczujesz tu cynamon i kardamon. To po\u0142\u0105czenie sprawia, \u017ce zapach jest wyrazisty, ale otulaj\u0105cy. Dodatek olejku copaiba nadaje aromatowi g\u0142\u0119bi i przytulno\u015bci. Sprawd\u017a, jak ca\u0142o\u015b\u0107 pobudza zmys\u0142y, przynosi rado\u015b\u0107 i pozytywn\u0105 energi\u0119. A mo\u017ce podarujesz te uczucia komu\u015b w prezencie?<\/span><span data-ccp-props=\"{&quot;134233117&quot;:false,&quot;134233118&quot;:false,&quot;201341983&quot;:0,&quot;335559738&quot;:0,&quot;335559739&quot;:200,&quot;335559740&quot;:276}\">\u00a0<\/span><\/p>\n<p>&nbsp;<\/p>\n<p>\ud83d\udc49 Sprawd\u017a te\u017c inne nasze <a href=\"https:\/\/klaudynahebda.pl\/sklep\/swiece\/\">\u015bwiece sojowe z prawdziwymi olejkami eterycznymi<\/a><\/p>\n","protected":false},"excerpt":{"rendered":"<h2>\u015awieca zapachowa Korzenna Mandarynka to:<\/h2>\n<ul>\n<li data-leveltext=\"\u00b7\" data-font=\"Symbol\" data-listid=\"1\" data-list-defn-props=\"{&quot;335552541&quot;:1,&quot;335559685&quot;:720,&quot;335559991&quot;:360,&quot;469769226&quot;:&quot;Symbol&quot;,&quot;469769242&quot;:[8226],&quot;469777803&quot;:&quot;left&quot;,&quot;469777804&quot;:&quot;\u00b7&quot;,&quot;469777815&quot;:&quot;hybridMultilevel&quot;}\" data-aria-posinset=\"1\" data-aria-level=\"1\"><span data-contrast=\"auto\">Naturalna <strong>\u015bwieca sojowa z olejkami eterycznymi<\/strong><\/span><span data-ccp-props=\"{&quot;134233117&quot;:false,&quot;134233118&quot;:false,&quot;201341983&quot;:0,&quot;335559685&quot;:720,&quot;335559737&quot;:0,&quot;335559738&quot;:0,&quot;335559739&quot;:0,&quot;335559740&quot;:276,&quot;335559991&quot;:360}\"><strong>\u00a0<\/strong> o du\u017cej gramaturze &#8211; a\u017c 210 g<\/span><\/li>\n<\/ul>\n<ul>\n<li data-leveltext=\"\u00b7\" data-font=\"Symbol\" data-listid=\"1\" data-list-defn-props=\"{&quot;335552541&quot;:1,&quot;335559685&quot;:720,&quot;335559991&quot;:360,&quot;469769226&quot;:&quot;Symbol&quot;,&quot;469769242&quot;:[8226],&quot;469777803&quot;:&quot;left&quot;,&quot;469777804&quot;:&quot;\u00b7&quot;,&quot;469777815&quot;:&quot;hybridMultilevel&quot;}\" data-aria-posinset=\"2\" data-aria-level=\"1\"><span data-contrast=\"auto\">Zapach, kt\u00f3ry <strong>wywo\u0142uje rado\u015b\u0107<\/strong> i dodaje energii<\/span><span data-ccp-props=\"{&quot;134233117&quot;:false,&quot;134233118&quot;:false,&quot;201341983&quot;:0,&quot;335559685&quot;:720,&quot;335559737&quot;:0,&quot;335559738&quot;:0,&quot;335559739&quot;:0,&quot;335559740&quot;:276,&quot;335559991&quot;:360}\">\u00a0<\/span><\/li>\n<\/ul>\n<ul>\n<li data-leveltext=\"\u00b7\" data-font=\"Symbol\" data-listid=\"1\" data-list-defn-props=\"{&quot;335552541&quot;:1,&quot;335559685&quot;:720,&quot;335559991&quot;:360,&quot;469769226&quot;:&quot;Symbol&quot;,&quot;469769242&quot;:[8226],&quot;469777803&quot;:&quot;left&quot;,&quot;469777804&quot;:&quot;\u00b7&quot;,&quot;469777815&quot;:&quot;hybridMultilevel&quot;}\" data-aria-posinset=\"3\" data-aria-level=\"1\"><span data-contrast=\"auto\">Pomaga stworzy\u0107 w domu ciep\u0142y i <strong>radosny nastr\u00f3j<\/strong><\/span><strong>\u00a0<\/strong><\/li>\n<\/ul>\n<ul>\n<li data-leveltext=\"\u00b7\" data-font=\"Symbol\" data-listid=\"1\" data-list-defn-props=\"{&quot;335552541&quot;:1,&quot;335559685&quot;:720,&quot;335559991&quot;:360,&quot;469769226&quot;:&quot;Symbol&quot;,&quot;469769242&quot;:[8226],&quot;469777803&quot;:&quot;left&quot;,&quot;469777804&quot;:&quot;\u00b7&quot;,&quot;469777815&quot;:&quot;hybridMultilevel&quot;}\" data-aria-posinset=\"4\" data-aria-level=\"1\"><span data-contrast=\"auto\"><strong>Po\u0142\u0105czenie<\/strong> soczystych cytrus\u00f3w z aromatycznymi przyprawami korzennymi<\/span><span data-ccp-props=\"{&quot;134233117&quot;:false,&quot;134233118&quot;:false,&quot;201341983&quot;:0,&quot;335559685&quot;:720,&quot;335559737&quot;:0,&quot;335559738&quot;:0,&quot;335559739&quot;:0,&quot;335559740&quot;:276,&quot;335559991&quot;:360}\">\u00a0<\/span><\/li>\n<\/ul>\n<ul>\n<li data-leveltext=\"\u00b7\" data-font=\"Symbol\" data-listid=\"1\" data-list-defn-props=\"{&quot;335552541&quot;:1,&quot;335559685&quot;:720,&quot;335559991&quot;:360,&quot;469769226&quot;:&quot;Symbol&quot;,&quot;469769242&quot;:[8226],&quot;469777803&quot;:&quot;left&quot;,&quot;469777804&quot;:&quot;\u00b7&quot;,&quot;469777815&quot;:&quot;hybridMultilevel&quot;}\" data-aria-posinset=\"5\" data-aria-level=\"1\"><span data-contrast=\"auto\">Pomys\u0142 na <strong>wyj\u0105tkowy prezent<\/strong><\/span><span data-ccp-props=\"{&quot;134233117&quot;:false,&quot;134233118&quot;:false,&quot;201341983&quot;:0,&quot;335559685&quot;:720,&quot;335559737&quot;:0,&quot;335559738&quot;:0,&quot;335559739&quot;:0,&quot;335559740&quot;:276,&quot;335559991&quot;:360}\">\u00a0<\/span><\/li>\n<\/ul>\n","protected":false},"featured_media":3404930,"comment_status":"open","ping_status":"closed","template":"","meta":[],"product_cat":[104,118],"product_tag":[],"acf":[],"yoast_head":"<!-- This site is optimized with the Yoast SEO plugin v19.6.1 - https:\/\/yoast.com\/wordpress\/plugins\/seo\/ -->\n<title>\u015awieca Korzenna mandarynka - Klaudyna Hebda Nature<\/title>\n<meta name=\"description\" content=\"Zapachowa \u015bwieca Korzenna Mandarynka - z ni\u0105 ka\u017cdy wiecz\u00f3r pachnie wyj\u0105tkowo \ud83e\udde1 Tylko wosk sojowy i naturalne olejki eteryczne. Robiona r\u0119cznie w Polsce \ud83e\udde1\" \/>\n<meta name=\"robots\" content=\"index, follow, max-snippet:-1, max-image-preview:large, max-video-preview:-1\" \/>\n<link rel=\"canonical\" href=\"https:\/\/klaudynahebda.pl\/sklep\/korzenna-mandarynka-swieca\/\" \/>\n<meta property=\"og:locale\" content=\"pl_PL\" \/>\n<meta property=\"og:type\" content=\"article\" \/>\n<meta property=\"og:title\" content=\"\u015awieca Korzenna mandarynka - Klaudyna Hebda Nature\" \/>\n<meta property=\"og:description\" content=\"Zapachowa \u015bwieca Korzenna Mandarynka - z ni\u0105 ka\u017cdy wiecz\u00f3r pachnie wyj\u0105tkowo \ud83e\udde1 Tylko wosk sojowy i naturalne olejki eteryczne. Robiona r\u0119cznie w Polsce \ud83e\udde1\" \/>\n<meta property=\"og:url\" content=\"https:\/\/klaudynahebda.pl\/sklep\/korzenna-mandarynka-swieca\/\" \/>\n<meta property=\"og:site_name\" content=\"Klaudyna Hebda Nature\" \/>\n<meta property=\"article:modified_time\" content=\"2026-04-02T08:59:07+00:00\" \/>\n<meta property=\"og:image\" content=\"https:\/\/klaudynahebda.pl\/sklep\/wp-content\/uploads\/2024\/11\/swieca-korzenna-mandarynka-packshot-biale-tlo-k-hebda.jpg\" \/>\n\t<meta property=\"og:image:width\" content=\"844\" \/>\n\t<meta property=\"og:image:height\" content=\"1152\" \/>\n\t<meta property=\"og:image:type\" content=\"image\/jpeg\" \/>\n<meta name=\"twitter:card\" content=\"summary_large_image\" \/>\n<meta name=\"twitter:label1\" content=\"Szacowany czas czytania\" \/>\n\t<meta name=\"twitter:data1\" content=\"2 minuty\" \/>\n<script type=\"application\/ld+json\" class=\"yoast-schema-graph\">{\"@context\":\"https:\/\/schema.org\",\"@graph\":[{\"@type\":\"WebPage\",\"@id\":\"https:\/\/klaudynahebda.pl\/sklep\/korzenna-mandarynka-swieca\/\",\"url\":\"https:\/\/klaudynahebda.pl\/sklep\/korzenna-mandarynka-swieca\/\",\"name\":\"\u015awieca Korzenna mandarynka - Klaudyna Hebda Nature\",\"isPartOf\":{\"@id\":\"https:\/\/klaudynahebda.pl\/sklep\/#website\"},\"datePublished\":\"2024-11-20T09:20:31+00:00\",\"dateModified\":\"2026-04-02T08:59:07+00:00\",\"description\":\"Zapachowa \u015bwieca Korzenna Mandarynka - z ni\u0105 ka\u017cdy wiecz\u00f3r pachnie wyj\u0105tkowo \ud83e\udde1 Tylko wosk sojowy i naturalne olejki eteryczne. Robiona r\u0119cznie w Polsce \ud83e\udde1\",\"breadcrumb\":{\"@id\":\"https:\/\/klaudynahebda.pl\/sklep\/korzenna-mandarynka-swieca\/#breadcrumb\"},\"inLanguage\":\"pl-PL\",\"potentialAction\":[{\"@type\":\"ReadAction\",\"target\":[\"https:\/\/klaudynahebda.pl\/sklep\/korzenna-mandarynka-swieca\/\"]}]},{\"@type\":\"BreadcrumbList\",\"@id\":\"https:\/\/klaudynahebda.pl\/sklep\/korzenna-mandarynka-swieca\/#breadcrumb\",\"itemListElement\":[{\"@type\":\"ListItem\",\"position\":1,\"name\":\"Strona g\u0142\u00f3wna\",\"item\":\"https:\/\/klaudynahebda.pl\/sklep\/\"},{\"@type\":\"ListItem\",\"position\":2,\"name\":\"Sklep\",\"item\":\"https:\/\/klaudynahebda.pl\/sklep\/sklep\/\"},{\"@type\":\"ListItem\",\"position\":3,\"name\":\"\u015awiece\",\"item\":\"https:\/\/klaudynahebda.pl\/sklep\/swiece\/\"},{\"@type\":\"ListItem\",\"position\":4,\"name\":\"\u015awieca Korzenna mandarynka\"}]},{\"@type\":\"WebSite\",\"@id\":\"https:\/\/klaudynahebda.pl\/sklep\/#website\",\"url\":\"https:\/\/klaudynahebda.pl\/sklep\/\",\"name\":\"Klaudyna Hebda Nature\",\"description\":\"Sklep\",\"publisher\":{\"@id\":\"https:\/\/klaudynahebda.pl\/sklep\/#organization\"},\"potentialAction\":[{\"@type\":\"SearchAction\",\"target\":{\"@type\":\"EntryPoint\",\"urlTemplate\":\"https:\/\/klaudynahebda.pl\/sklep\/?s={search_term_string}\"},\"query-input\":\"required name=search_term_string\"}],\"inLanguage\":\"pl-PL\"},{\"@type\":\"Organization\",\"@id\":\"https:\/\/klaudynahebda.pl\/sklep\/#organization\",\"name\":\"KlaudynaHebda\",\"url\":\"https:\/\/klaudynahebda.pl\/sklep\/\",\"sameAs\":[],\"logo\":{\"@type\":\"ImageObject\",\"inLanguage\":\"pl-PL\",\"@id\":\"https:\/\/klaudynahebda.pl\/sklep\/#\/schema\/logo\/image\/\",\"url\":\"\",\"contentUrl\":\"\",\"caption\":\"KlaudynaHebda\"},\"image\":{\"@id\":\"https:\/\/klaudynahebda.pl\/sklep\/#\/schema\/logo\/image\/\"}}]}<\/script>\n<!-- \/ Yoast SEO plugin. -->","yoast_head_json":{"title":"\u015awieca Korzenna mandarynka - Klaudyna Hebda Nature","description":"Zapachowa \u015bwieca Korzenna Mandarynka - z ni\u0105 ka\u017cdy wiecz\u00f3r pachnie wyj\u0105tkowo \ud83e\udde1 Tylko wosk sojowy i naturalne olejki eteryczne. Robiona r\u0119cznie w Polsce \ud83e\udde1","robots":{"index":"index","follow":"follow","max-snippet":"max-snippet:-1","max-image-preview":"max-image-preview:large","max-video-preview":"max-video-preview:-1"},"canonical":"https:\/\/klaudynahebda.pl\/sklep\/korzenna-mandarynka-swieca\/","og_locale":"pl_PL","og_type":"article","og_title":"\u015awieca Korzenna mandarynka - Klaudyna Hebda Nature","og_description":"Zapachowa \u015bwieca Korzenna Mandarynka - z ni\u0105 ka\u017cdy wiecz\u00f3r pachnie wyj\u0105tkowo \ud83e\udde1 Tylko wosk sojowy i naturalne olejki eteryczne. Robiona r\u0119cznie w Polsce \ud83e\udde1","og_url":"https:\/\/klaudynahebda.pl\/sklep\/korzenna-mandarynka-swieca\/","og_site_name":"Klaudyna Hebda Nature","article_modified_time":"2026-04-02T08:59:07+00:00","og_image":[{"width":844,"height":1152,"url":"https:\/\/klaudynahebda.pl\/sklep\/wp-content\/uploads\/2024\/11\/swieca-korzenna-mandarynka-packshot-biale-tlo-k-hebda.jpg","type":"image\/jpeg"}],"twitter_card":"summary_large_image","twitter_misc":{"Szacowany czas czytania":"2 minuty"},"schema":{"@context":"https:\/\/schema.org","@graph":[{"@type":"WebPage","@id":"https:\/\/klaudynahebda.pl\/sklep\/korzenna-mandarynka-swieca\/","url":"https:\/\/klaudynahebda.pl\/sklep\/korzenna-mandarynka-swieca\/","name":"\u015awieca Korzenna mandarynka - Klaudyna Hebda Nature","isPartOf":{"@id":"https:\/\/klaudynahebda.pl\/sklep\/#website"},"datePublished":"2024-11-20T09:20:31+00:00","dateModified":"2026-04-02T08:59:07+00:00","description":"Zapachowa \u015bwieca Korzenna Mandarynka - z ni\u0105 ka\u017cdy wiecz\u00f3r pachnie wyj\u0105tkowo \ud83e\udde1 Tylko wosk sojowy i naturalne olejki eteryczne. Robiona r\u0119cznie w Polsce \ud83e\udde1","breadcrumb":{"@id":"https:\/\/klaudynahebda.pl\/sklep\/korzenna-mandarynka-swieca\/#breadcrumb"},"inLanguage":"pl-PL","potentialAction":[{"@type":"ReadAction","target":["https:\/\/klaudynahebda.pl\/sklep\/korzenna-mandarynka-swieca\/"]}]},{"@type":"BreadcrumbList","@id":"https:\/\/klaudynahebda.pl\/sklep\/korzenna-mandarynka-swieca\/#breadcrumb","itemListElement":[{"@type":"ListItem","position":1,"name":"Strona g\u0142\u00f3wna","item":"https:\/\/klaudynahebda.pl\/sklep\/"},{"@type":"ListItem","position":2,"name":"Sklep","item":"https:\/\/klaudynahebda.pl\/sklep\/sklep\/"},{"@type":"ListItem","position":3,"name":"\u015awiece","item":"https:\/\/klaudynahebda.pl\/sklep\/swiece\/"},{"@type":"ListItem","position":4,"name":"\u015awieca Korzenna mandarynka"}]},{"@type":"WebSite","@id":"https:\/\/klaudynahebda.pl\/sklep\/#website","url":"https:\/\/klaudynahebda.pl\/sklep\/","name":"Klaudyna Hebda Nature","description":"Sklep","publisher":{"@id":"https:\/\/klaudynahebda.pl\/sklep\/#organization"},"potentialAction":[{"@type":"SearchAction","target":{"@type":"EntryPoint","urlTemplate":"https:\/\/klaudynahebda.pl\/sklep\/?s={search_term_string}"},"query-input":"required name=search_term_string"}],"inLanguage":"pl-PL"},{"@type":"Organization","@id":"https:\/\/klaudynahebda.pl\/sklep\/#organization","name":"KlaudynaHebda","url":"https:\/\/klaudynahebda.pl\/sklep\/","sameAs":[],"logo":{"@type":"ImageObject","inLanguage":"pl-PL","@id":"https:\/\/klaudynahebda.pl\/sklep\/#\/schema\/logo\/image\/","url":"","contentUrl":"","caption":"KlaudynaHebda"},"image":{"@id":"https:\/\/klaudynahebda.pl\/sklep\/#\/schema\/logo\/image\/"}}]}},"_links":{"self":[{"href":"https:\/\/klaudynahebda.pl\/sklep\/wp-json\/wp\/v2\/product\/3057760"}],"collection":[{"href":"https:\/\/klaudynahebda.pl\/sklep\/wp-json\/wp\/v2\/product"}],"about":[{"href":"https:\/\/klaudynahebda.pl\/sklep\/wp-json\/wp\/v2\/types\/product"}],"replies":[{"embeddable":true,"href":"https:\/\/klaudynahebda.pl\/sklep\/wp-json\/wp\/v2\/comments?post=3057760"}],"wp:featuredmedia":[{"embeddable":true,"href":"https:\/\/klaudynahebda.pl\/sklep\/wp-json\/wp\/v2\/media\/3404930"}],"wp:attachment":[{"href":"https:\/\/klaudynahebda.pl\/sklep\/wp-json\/wp\/v2\/media?parent=3057760"}],"wp:term":[{"taxonomy":"product_cat","embeddable":true,"href":"https:\/\/klaudynahebda.pl\/sklep\/wp-json\/wp\/v2\/product_cat?post=3057760"},{"taxonomy":"product_tag","embeddable":true,"href":"https:\/\/klaudynahebda.pl\/sklep\/wp-json\/wp\/v2\/product_tag?post=3057760"}],"curies":[{"name":"wp","href":"https:\/\/api.w.org\/{rel}","templated":true}]}}