{"id":3046446,"date":"2024-07-02T20:26:55","date_gmt":"2024-07-02T18:26:55","guid":{"rendered":"https:\/\/klaudynahebda.pl\/sklep\/?post_type=product&#038;p=3046446"},"modified":"2026-04-06T09:03:56","modified_gmt":"2026-04-06T07:03:56","slug":"lavandula-swieca-lawendowa","status":"publish","type":"product","link":"https:\/\/klaudynahebda.pl\/sklep\/lavandula-swieca-lawendowa\/","title":{"rendered":"\u015awieca do relaksu K. Hebda Lavandula\u00ae (zapach prawdziwej lawendy)"},"content":{"rendered":"<h2>\u015awieca lawendowa K.Hebda Lavandula\u00ae<\/h2>\n<p><span data-contrast=\"auto\">Zadbaj o dom, kt\u00f3ry b\u0119dzie Twoim azylem. Dom, do kt\u00f3rego wchodzisz i <\/span><b><span data-contrast=\"auto\">czujesz spok\u00f3j<\/span><\/b><span data-contrast=\"auto\">. Taki, w kt\u00f3rym <\/span><b><span data-contrast=\"auto\">wieczorny rytua\u0142 w \u0142azience zmienia si\u0119 w domowe SPA<\/span><\/b><span data-contrast=\"auto\">. Pomo\u017ce Ci si\u0119 o to zatroszczy\u0107 jeden ma\u0142y szczeg\u00f3\u0142. Sojowa \u015bwieca z serii Lavandula pachnie nie jednym, a a\u017c dwoma rodzajami lawendy. Po\u0142\u0105czyli\u015bmy s\u0142odki, kwiatowy zapach z zapachem \u015bwie\u017cym, z wyczuwalnymi nutami drzewnymi i zielnymi. Sprawd\u017a sama, jak <\/span><b><span data-contrast=\"auto\">wspaniale redukuje on stres i przynosi ukojenie<\/span><\/b><span data-contrast=\"auto\">.\u00a0<\/span><span data-ccp-props=\"{&quot;134233117&quot;:false,&quot;134233118&quot;:false,&quot;201341983&quot;:0,&quot;335559738&quot;:0,&quot;335559739&quot;:200,&quot;335559740&quot;:276}\">\u00a0<\/span><\/p>\n<h2>Co znajdziesz w \u015bwiecy Lavandula?<\/h2>\n<p><b><span data-contrast=\"auto\">Wosk sojowy i czyste olejki eteryczne<\/span><\/b><span data-contrast=\"auto\"> \u2013 tylko tyle i a\u017c tyle. Dzi\u0119ki temu, \u017ce sk\u0142ad naszej \u015bwiecy jest tak prosty, zapach, kt\u00f3ry wype\u0142nia ca\u0142e pomieszczenie, jest naturalny, pozbawiony sztuczno\u015bci. R\u0119cznie wykonan\u0105 \u015bwiec\u0119 zamkn\u0119li\u015bmy w opakowaniu, kt\u00f3re cieszy oczy i sprawia, \u017ce masz ochot\u0119 podarowa\u0107 j\u0105 komu\u015b bliskiemu. W ko\u0144cu <\/span><b><span data-contrast=\"auto\">relaks i czas dla siebie przy pachn\u0105cej \u015bwiecy to prezent idealny<\/span><\/b><span data-contrast=\"auto\"> do podarowania kochanej osobie.<\/span><span data-ccp-props=\"{&quot;134233117&quot;:false,&quot;134233118&quot;:false,&quot;201341983&quot;:0,&quot;335559738&quot;:0,&quot;335559739&quot;:200,&quot;335559740&quot;:276}\">\u00a0<\/span><\/p>\n<p>&nbsp;<\/p>\n<p>\ud83d\udc49 Sprawd\u017a te\u017c pozosta\u0142e formu\u0142y z <a href=\"https:\/\/klaudynahebda.pl\/sklep\/seria-lavandula\/\">lawendowej serii K. Hebda Lavandula<\/a>\u00ae.<\/p>\n","protected":false},"excerpt":{"rendered":"<h2>\u015awieca lawendowa Lavandula to:<\/h2>\n<ul>\n<li><b><span data-contrast=\"auto\">Zapach relaksu w Twoim domu<\/span><\/b><span data-ccp-props=\"{&quot;134233117&quot;:false,&quot;134233118&quot;:false,&quot;201341983&quot;:0,&quot;335559738&quot;:0,&quot;335559739&quot;:200,&quot;335559740&quot;:276}\">\u00a0<\/span><\/li>\n<li data-leveltext=\"\u00b7\" data-font=\"Symbol\" data-listid=\"1\" data-list-defn-props=\"{&quot;335552541&quot;:1,&quot;335559685&quot;:720,&quot;335559991&quot;:360,&quot;469769226&quot;:&quot;Symbol&quot;,&quot;469769242&quot;:[8226],&quot;469777803&quot;:&quot;left&quot;,&quot;469777804&quot;:&quot;\u00b7&quot;,&quot;469777815&quot;:&quot;hybridMultilevel&quot;}\" data-aria-posinset=\"1\" data-aria-level=\"1\"><span data-contrast=\"auto\">Wysokiej jako\u015bci wosk sojowy i olejki eteryczne<\/span><\/li>\n<li data-leveltext=\"\u00b7\" data-font=\"Symbol\" data-listid=\"1\" data-list-defn-props=\"{&quot;335552541&quot;:1,&quot;335559685&quot;:720,&quot;335559991&quot;:360,&quot;469769226&quot;:&quot;Symbol&quot;,&quot;469769242&quot;:[8226],&quot;469777803&quot;:&quot;left&quot;,&quot;469777804&quot;:&quot;\u00b7&quot;,&quot;469777815&quot;:&quot;hybridMultilevel&quot;}\" data-aria-posinset=\"1\" data-aria-level=\"1\"><span data-contrast=\"auto\">Naturalny zapach, kt\u00f3ry uspokaja<\/span><span data-ccp-props=\"{&quot;134233117&quot;:false,&quot;134233118&quot;:false,&quot;201341983&quot;:0,&quot;335559685&quot;:720,&quot;335559737&quot;:0,&quot;335559738&quot;:0,&quot;335559739&quot;:0,&quot;335559740&quot;:276,&quot;335559991&quot;:360}\">\u00a0<\/span><\/li>\n<li data-leveltext=\"\u00b7\" data-font=\"Symbol\" data-listid=\"1\" data-list-defn-props=\"{&quot;335552541&quot;:1,&quot;335559685&quot;:720,&quot;335559991&quot;:360,&quot;469769226&quot;:&quot;Symbol&quot;,&quot;469769242&quot;:[8226],&quot;469777803&quot;:&quot;left&quot;,&quot;469777804&quot;:&quot;\u00b7&quot;,&quot;469777815&quot;:&quot;hybridMultilevel&quot;}\" data-aria-posinset=\"1\" data-aria-level=\"1\"><span data-contrast=\"auto\">Unikatowe po\u0142\u0105czenie dw\u00f3ch rodzaj\u00f3w lawendy<\/span><span data-ccp-props=\"{&quot;134233117&quot;:false,&quot;134233118&quot;:false,&quot;201341983&quot;:0,&quot;335559685&quot;:720,&quot;335559737&quot;:0,&quot;335559738&quot;:0,&quot;335559739&quot;:0,&quot;335559740&quot;:276,&quot;335559991&quot;:360}\">\u00a0<\/span><\/li>\n<li data-leveltext=\"\u00b7\" data-font=\"Symbol\" data-listid=\"1\" data-list-defn-props=\"{&quot;335552541&quot;:1,&quot;335559685&quot;:720,&quot;335559991&quot;:360,&quot;469769226&quot;:&quot;Symbol&quot;,&quot;469769242&quot;:[8226],&quot;469777803&quot;:&quot;left&quot;,&quot;469777804&quot;:&quot;\u00b7&quot;,&quot;469777815&quot;:&quot;hybridMultilevel&quot;}\" data-aria-posinset=\"1\" data-aria-level=\"1\"><span data-contrast=\"auto\">Niezb\u0119dnik w domowym SPA<\/span><span data-ccp-props=\"{&quot;134233117&quot;:false,&quot;134233118&quot;:false,&quot;201341983&quot;:0,&quot;335559685&quot;:720,&quot;335559737&quot;:0,&quot;335559738&quot;:0,&quot;335559739&quot;:0,&quot;335559740&quot;:276,&quot;335559991&quot;:360}\">\u00a0<\/span><\/li>\n<li data-leveltext=\"\u00b7\" data-font=\"Symbol\" data-listid=\"1\" data-list-defn-props=\"{&quot;335552541&quot;:1,&quot;335559685&quot;:720,&quot;335559991&quot;:360,&quot;469769226&quot;:&quot;Symbol&quot;,&quot;469769242&quot;:[8226],&quot;469777803&quot;:&quot;left&quot;,&quot;469777804&quot;:&quot;\u00b7&quot;,&quot;469777815&quot;:&quot;hybridMultilevel&quot;}\" data-aria-posinset=\"1\" data-aria-level=\"1\"><span data-contrast=\"auto\">R\u0119czne wykonanie i opakowanie prezentowe<\/span><span data-ccp-props=\"{&quot;134233117&quot;:false,&quot;134233118&quot;:false,&quot;201341983&quot;:0,&quot;335559685&quot;:720,&quot;335559737&quot;:0,&quot;335559738&quot;:0,&quot;335559739&quot;:0,&quot;335559740&quot;:276,&quot;335559991&quot;:360}\">\u00a0<\/span><\/li>\n<\/ul>\n","protected":false},"featured_media":3410929,"comment_status":"open","ping_status":"closed","template":"","meta":[],"product_cat":[246,250,244,222,249,104,118],"product_tag":[],"acf":[],"yoast_head":"<!-- This site is optimized with the Yoast SEO plugin v19.6.1 - https:\/\/yoast.com\/wordpress\/plugins\/seo\/ -->\n<title>\u015awieca do relaksu K. Hebda Lavandula\u00ae (zapach prawdziwej lawendy) - Klaudyna Hebda Nature<\/title>\n<meta name=\"description\" content=\"Lawendowa \u015bwieca z naturalnego wosku sojowego z dodatkiem olejk\u00f3w eterycznych z a\u017c 2 rodzaj\u00f3w lawendy. Ten zapach relaksuje, i to podw\u00f3jnie!\" \/>\n<meta name=\"robots\" content=\"index, follow, max-snippet:-1, max-image-preview:large, max-video-preview:-1\" \/>\n<link rel=\"canonical\" href=\"https:\/\/klaudynahebda.pl\/sklep\/lavandula-swieca-lawendowa\/\" \/>\n<meta property=\"og:locale\" content=\"pl_PL\" \/>\n<meta property=\"og:type\" content=\"article\" \/>\n<meta property=\"og:title\" content=\"\u015awieca do relaksu K. Hebda Lavandula\u00ae (zapach prawdziwej lawendy) - Klaudyna Hebda Nature\" \/>\n<meta property=\"og:description\" content=\"Lawendowa \u015bwieca z naturalnego wosku sojowego z dodatkiem olejk\u00f3w eterycznych z a\u017c 2 rodzaj\u00f3w lawendy. Ten zapach relaksuje, i to podw\u00f3jnie!\" \/>\n<meta property=\"og:url\" content=\"https:\/\/klaudynahebda.pl\/sklep\/lavandula-swieca-lawendowa\/\" \/>\n<meta property=\"og:site_name\" content=\"Klaudyna Hebda Nature\" \/>\n<meta property=\"article:modified_time\" content=\"2026-04-06T07:03:56+00:00\" \/>\n<meta property=\"og:image\" content=\"https:\/\/klaudynahebda.pl\/sklep\/wp-content\/uploads\/2024\/04\/k-hebda-lavandula-swieca-lawendowa-zapach-spokoju.webp\" \/>\n\t<meta property=\"og:image:width\" content=\"844\" \/>\n\t<meta property=\"og:image:height\" content=\"1152\" \/>\n\t<meta property=\"og:image:type\" content=\"image\/webp\" \/>\n<meta name=\"twitter:card\" content=\"summary_large_image\" \/>\n<meta name=\"twitter:label1\" content=\"Szacowany czas czytania\" \/>\n\t<meta name=\"twitter:data1\" content=\"1 minuta\" \/>\n<script type=\"application\/ld+json\" class=\"yoast-schema-graph\">{\"@context\":\"https:\/\/schema.org\",\"@graph\":[{\"@type\":\"WebPage\",\"@id\":\"https:\/\/klaudynahebda.pl\/sklep\/lavandula-swieca-lawendowa\/\",\"url\":\"https:\/\/klaudynahebda.pl\/sklep\/lavandula-swieca-lawendowa\/\",\"name\":\"\u015awieca do relaksu K. Hebda Lavandula\u00ae (zapach prawdziwej lawendy) - Klaudyna Hebda Nature\",\"isPartOf\":{\"@id\":\"https:\/\/klaudynahebda.pl\/sklep\/#website\"},\"datePublished\":\"2024-07-02T18:26:55+00:00\",\"dateModified\":\"2026-04-06T07:03:56+00:00\",\"description\":\"Lawendowa \u015bwieca z naturalnego wosku sojowego z dodatkiem olejk\u00f3w eterycznych z a\u017c 2 rodzaj\u00f3w lawendy. Ten zapach relaksuje, i to podw\u00f3jnie!\",\"breadcrumb\":{\"@id\":\"https:\/\/klaudynahebda.pl\/sklep\/lavandula-swieca-lawendowa\/#breadcrumb\"},\"inLanguage\":\"pl-PL\",\"potentialAction\":[{\"@type\":\"ReadAction\",\"target\":[\"https:\/\/klaudynahebda.pl\/sklep\/lavandula-swieca-lawendowa\/\"]}]},{\"@type\":\"BreadcrumbList\",\"@id\":\"https:\/\/klaudynahebda.pl\/sklep\/lavandula-swieca-lawendowa\/#breadcrumb\",\"itemListElement\":[{\"@type\":\"ListItem\",\"position\":1,\"name\":\"Strona g\u0142\u00f3wna\",\"item\":\"https:\/\/klaudynahebda.pl\/sklep\/\"},{\"@type\":\"ListItem\",\"position\":2,\"name\":\"Sklep\",\"item\":\"https:\/\/klaudynahebda.pl\/sklep\/sklep\/\"},{\"@type\":\"ListItem\",\"position\":3,\"name\":\"\u015awiece\",\"item\":\"https:\/\/klaudynahebda.pl\/sklep\/swiece\/\"},{\"@type\":\"ListItem\",\"position\":4,\"name\":\"\u015awieca do relaksu K. Hebda Lavandula\u00ae (zapach prawdziwej lawendy)\"}]},{\"@type\":\"WebSite\",\"@id\":\"https:\/\/klaudynahebda.pl\/sklep\/#website\",\"url\":\"https:\/\/klaudynahebda.pl\/sklep\/\",\"name\":\"Klaudyna Hebda Nature\",\"description\":\"Sklep\",\"publisher\":{\"@id\":\"https:\/\/klaudynahebda.pl\/sklep\/#organization\"},\"potentialAction\":[{\"@type\":\"SearchAction\",\"target\":{\"@type\":\"EntryPoint\",\"urlTemplate\":\"https:\/\/klaudynahebda.pl\/sklep\/?s={search_term_string}\"},\"query-input\":\"required name=search_term_string\"}],\"inLanguage\":\"pl-PL\"},{\"@type\":\"Organization\",\"@id\":\"https:\/\/klaudynahebda.pl\/sklep\/#organization\",\"name\":\"KlaudynaHebda\",\"url\":\"https:\/\/klaudynahebda.pl\/sklep\/\",\"sameAs\":[],\"logo\":{\"@type\":\"ImageObject\",\"inLanguage\":\"pl-PL\",\"@id\":\"https:\/\/klaudynahebda.pl\/sklep\/#\/schema\/logo\/image\/\",\"url\":\"\",\"contentUrl\":\"\",\"caption\":\"KlaudynaHebda\"},\"image\":{\"@id\":\"https:\/\/klaudynahebda.pl\/sklep\/#\/schema\/logo\/image\/\"}}]}<\/script>\n<!-- \/ Yoast SEO plugin. -->","yoast_head_json":{"title":"\u015awieca do relaksu K. Hebda Lavandula\u00ae (zapach prawdziwej lawendy) - Klaudyna Hebda Nature","description":"Lawendowa \u015bwieca z naturalnego wosku sojowego z dodatkiem olejk\u00f3w eterycznych z a\u017c 2 rodzaj\u00f3w lawendy. Ten zapach relaksuje, i to podw\u00f3jnie!","robots":{"index":"index","follow":"follow","max-snippet":"max-snippet:-1","max-image-preview":"max-image-preview:large","max-video-preview":"max-video-preview:-1"},"canonical":"https:\/\/klaudynahebda.pl\/sklep\/lavandula-swieca-lawendowa\/","og_locale":"pl_PL","og_type":"article","og_title":"\u015awieca do relaksu K. Hebda Lavandula\u00ae (zapach prawdziwej lawendy) - Klaudyna Hebda Nature","og_description":"Lawendowa \u015bwieca z naturalnego wosku sojowego z dodatkiem olejk\u00f3w eterycznych z a\u017c 2 rodzaj\u00f3w lawendy. Ten zapach relaksuje, i to podw\u00f3jnie!","og_url":"https:\/\/klaudynahebda.pl\/sklep\/lavandula-swieca-lawendowa\/","og_site_name":"Klaudyna Hebda Nature","article_modified_time":"2026-04-06T07:03:56+00:00","og_image":[{"width":844,"height":1152,"url":"https:\/\/klaudynahebda.pl\/sklep\/wp-content\/uploads\/2024\/04\/k-hebda-lavandula-swieca-lawendowa-zapach-spokoju.webp","type":"image\/webp"}],"twitter_card":"summary_large_image","twitter_misc":{"Szacowany czas czytania":"1 minuta"},"schema":{"@context":"https:\/\/schema.org","@graph":[{"@type":"WebPage","@id":"https:\/\/klaudynahebda.pl\/sklep\/lavandula-swieca-lawendowa\/","url":"https:\/\/klaudynahebda.pl\/sklep\/lavandula-swieca-lawendowa\/","name":"\u015awieca do relaksu K. Hebda Lavandula\u00ae (zapach prawdziwej lawendy) - Klaudyna Hebda Nature","isPartOf":{"@id":"https:\/\/klaudynahebda.pl\/sklep\/#website"},"datePublished":"2024-07-02T18:26:55+00:00","dateModified":"2026-04-06T07:03:56+00:00","description":"Lawendowa \u015bwieca z naturalnego wosku sojowego z dodatkiem olejk\u00f3w eterycznych z a\u017c 2 rodzaj\u00f3w lawendy. Ten zapach relaksuje, i to podw\u00f3jnie!","breadcrumb":{"@id":"https:\/\/klaudynahebda.pl\/sklep\/lavandula-swieca-lawendowa\/#breadcrumb"},"inLanguage":"pl-PL","potentialAction":[{"@type":"ReadAction","target":["https:\/\/klaudynahebda.pl\/sklep\/lavandula-swieca-lawendowa\/"]}]},{"@type":"BreadcrumbList","@id":"https:\/\/klaudynahebda.pl\/sklep\/lavandula-swieca-lawendowa\/#breadcrumb","itemListElement":[{"@type":"ListItem","position":1,"name":"Strona g\u0142\u00f3wna","item":"https:\/\/klaudynahebda.pl\/sklep\/"},{"@type":"ListItem","position":2,"name":"Sklep","item":"https:\/\/klaudynahebda.pl\/sklep\/sklep\/"},{"@type":"ListItem","position":3,"name":"\u015awiece","item":"https:\/\/klaudynahebda.pl\/sklep\/swiece\/"},{"@type":"ListItem","position":4,"name":"\u015awieca do relaksu K. Hebda Lavandula\u00ae (zapach prawdziwej lawendy)"}]},{"@type":"WebSite","@id":"https:\/\/klaudynahebda.pl\/sklep\/#website","url":"https:\/\/klaudynahebda.pl\/sklep\/","name":"Klaudyna Hebda Nature","description":"Sklep","publisher":{"@id":"https:\/\/klaudynahebda.pl\/sklep\/#organization"},"potentialAction":[{"@type":"SearchAction","target":{"@type":"EntryPoint","urlTemplate":"https:\/\/klaudynahebda.pl\/sklep\/?s={search_term_string}"},"query-input":"required name=search_term_string"}],"inLanguage":"pl-PL"},{"@type":"Organization","@id":"https:\/\/klaudynahebda.pl\/sklep\/#organization","name":"KlaudynaHebda","url":"https:\/\/klaudynahebda.pl\/sklep\/","sameAs":[],"logo":{"@type":"ImageObject","inLanguage":"pl-PL","@id":"https:\/\/klaudynahebda.pl\/sklep\/#\/schema\/logo\/image\/","url":"","contentUrl":"","caption":"KlaudynaHebda"},"image":{"@id":"https:\/\/klaudynahebda.pl\/sklep\/#\/schema\/logo\/image\/"}}]}},"_links":{"self":[{"href":"https:\/\/klaudynahebda.pl\/sklep\/wp-json\/wp\/v2\/product\/3046446"}],"collection":[{"href":"https:\/\/klaudynahebda.pl\/sklep\/wp-json\/wp\/v2\/product"}],"about":[{"href":"https:\/\/klaudynahebda.pl\/sklep\/wp-json\/wp\/v2\/types\/product"}],"replies":[{"embeddable":true,"href":"https:\/\/klaudynahebda.pl\/sklep\/wp-json\/wp\/v2\/comments?post=3046446"}],"wp:featuredmedia":[{"embeddable":true,"href":"https:\/\/klaudynahebda.pl\/sklep\/wp-json\/wp\/v2\/media\/3410929"}],"wp:attachment":[{"href":"https:\/\/klaudynahebda.pl\/sklep\/wp-json\/wp\/v2\/media?parent=3046446"}],"wp:term":[{"taxonomy":"product_cat","embeddable":true,"href":"https:\/\/klaudynahebda.pl\/sklep\/wp-json\/wp\/v2\/product_cat?post=3046446"},{"taxonomy":"product_tag","embeddable":true,"href":"https:\/\/klaudynahebda.pl\/sklep\/wp-json\/wp\/v2\/product_tag?post=3046446"}],"curies":[{"name":"wp","href":"https:\/\/api.w.org\/{rel}","templated":true}]}}