{"id":3046441,"date":"2024-07-02T20:20:59","date_gmt":"2024-07-02T18:20:59","guid":{"rendered":"https:\/\/klaudynahebda.pl\/sklep\/?post_type=product&#038;p=3046441"},"modified":"2026-04-24T10:10:55","modified_gmt":"2026-04-24T08:10:55","slug":"olejek-majerankowy","status":"publish","type":"product","link":"https:\/\/klaudynahebda.pl\/sklep\/olejek-majerankowy\/","title":{"rendered":"Olejek majerankowy"},"content":{"rendered":"<h2>Zapach, kt\u00f3ry zaopiekuje si\u0119 Tob\u0105 jak ukochana babcia<\/h2>\n<p><span data-contrast=\"auto\">Kiedy pogoda za oknem daje o sobie zna\u0107,<\/span><b><span data-contrast=\"auto\"> chcesz odzyska\u0107 komfort oddechu, mi\u0119\u015bnie i stawy wo\u0142aj\u0105 o rozgrzanie, a stres czai si\u0119 tu\u017c za rogiem<\/span><\/b><span data-contrast=\"auto\">\u2026 olejek majerankowy wyci\u0105ga do Ciebie pomocn\u0105 d\u0142o\u0144. <\/span><span data-ccp-props=\"{&quot;201341983&quot;:0,&quot;335559739&quot;:160,&quot;335559740&quot;:259}\">\u00a0<\/span><\/p>\n<p><span data-contrast=\"auto\">Ten naturalny olejek to \u015bwietny wyb\u00f3r na dni, kiedy spokojny oddech staje si\u0119 wyzwaniem. Jego <\/span><b><span data-contrast=\"auto\">\u015bwie\u017cy, ciep\u0142y i zio\u0142owy zapach<\/span><\/b><span data-contrast=\"auto\"> wspomaga oczyszczanie dr\u00f3g oddechowych i podnosi komfort, gdy czujesz si\u0119 gorzej. Ale to nie wszystko \u2013 jego <\/span><b><span data-contrast=\"auto\">rozgrzewaj\u0105ce w\u0142a\u015bciwo\u015bci <\/span><\/b><span data-contrast=\"auto\">sprawdz\u0105 si\u0119 doskonale, gdy potrzebujesz rozlu\u017ani\u0107 spi\u0119te mi\u0119\u015bnie lub zmarzni\u0119te stawy.<\/span><span data-ccp-props=\"{&quot;201341983&quot;:0,&quot;335559739&quot;:160,&quot;335559740&quot;:259}\">\u00a0<\/span><\/p>\n<p><span data-contrast=\"auto\">Je\u015bli do tego czujesz, \u017ce napi\u0119cie i stres wkrad\u0142y si\u0119 do Twojej g\u0142owy, olejek majerankowy <\/span><b><span data-contrast=\"auto\">pomo\u017ce Ci zwolni\u0107 tempo, wyciszy\u0107 umys\u0142 i poczu\u0107 spok\u00f3j<\/span><\/b><span data-contrast=\"auto\">. W aromaterapii olejek majerankowy jest nazywany \u201ezio\u0142ow\u0105 lawend\u0105\u201d i podobnie jak ona ma multum zastosowa\u0144 i w\u0142a\u015bciwo\u015bci.\u00a0<\/span><span data-ccp-props=\"{&quot;201341983&quot;:0,&quot;335559739&quot;:160,&quot;335559740&quot;:259}\">\u00a0<\/span><\/p>\n<p><span data-contrast=\"auto\">Kilka kropel do dyfuzora, masa\u017cu czy k\u0105pieli wystarczy i mo\u017cesz cieszy\u0107 si\u0119 jego naturalnym dzia\u0142aniem. Wi\u0119cej pomys\u0142\u00f3w na wykorzystanie tego olejku znajdziesz w zak\u0142adce \u201cspos\u00f3b u\u017cycia\u201d<\/span><\/p>\n<h2>Za co pokochasz olejek majerankowy?<\/h2>\n<p>Pochodz\u0105cy z basenu Morza \u015ar\u00f3dziemnego majeranek od wiek\u00f3w by\u0142 uwa\u017cany za (nie) ma\u0142y cud natury. Taki te\u017c jest olejek majerankowy \u2013 \u0142agodny i wszechstronny, idealny do codziennego u\u017cytku. W aromaterapii jest tak znany za swoje wielozadaniowe dzia\u0142anie, \u017ce \u015bmia\u0142o mo\u017cna nazwa\u0107 go zio\u0142ow\u0105 apteczk\u0105 w butelce. Je\u015bli lubisz zapach kojarzony z oregano, ale szukasz czego\u015b \u0142agodniejszego, bezpieczniejszego i o w\u0142a\u015bciwo\u015bciach podobnych do lawendy, majeranek mo\u017ce Ci\u0119 pozytywnie zaskoczy\u0107.<\/p>\n<p>Olejek majerankowy to naturalne wsparcie w momentach, gdy oddychanie staje si\u0119 wyzwaniem. Delikatnie oczyszcza i przynosi ulg\u0119, gdy czujesz spi\u0119cie w klatce piersiowej \u2013 niezale\u017cnie, czy jest ono wynikiem stresu, czy sezonowych wyzwa\u0144. Jego \u015bwie\u017cy, zio\u0142owy aromat pomaga z\u0142apa\u0107 g\u0142\u0119bszy oddech, a stosowanie go w dyfuzorze lub w formie delikatnego masa\u017cu klatki piersiowej przynosi przyjemne uczucie rze\u015bko\u015bci i ogromn\u0105 r\u00f3\u017cnic\u0119, gdy potrzeby Ci g\u0142\u0119bszy oddech.<\/p>\n<p>Majeranek znany jest r\u00f3wnie\u017c z w\u0142a\u015bciwo\u015bci rozgrzewaj\u0105cych, kt\u00f3re \u015bwietnie sprawdzaj\u0105 si\u0119, gdy Twoje cia\u0142o potrzebuje wsparcia. Mo\u017cna go stosowa\u0107 do masa\u017cu spi\u0119tych mi\u0119\u015bni i obola\u0142ych staw\u00f3w \u2013 zw\u0142aszcza po d\u0142ugim, wyczerpuj\u0105cym dniu. Na tym si\u0119 nie ko\u0144czy \u2013 te same mocno rozkurczowe dzia\u0142anie sprawdzi si\u0119 przy b\u00f3lach menstruacyjnych. Wystarczy kilka kropel, by poczu\u0107 przyjemne rozlu\u017anienie i ciep\u0142o.<\/p>\n<p>Kiedy codzienne wyzwania staj\u0105 si\u0119 przyt\u0142aczaj\u0105ce, a stres pr\u00f3buje przej\u0105\u0107 kontrol\u0119, olejek majerankowy pomo\u017ce Ci odzyska\u0107 r\u00f3wnowag\u0119. Jego wyj\u0105tkowo relaksuj\u0105ce w\u0142a\u015bciwo\u015bci wspieraj\u0105 wyciszenie umys\u0142u i cia\u0142a, pomagaj\u0105c z\u0142agodzi\u0107 napi\u0119cia i stres. Aromaterapeuci szczeg\u00f3lnie polecaj\u0105 go dla os\u00f3b, u kt\u00f3rych nerwy manifestuj\u0105 si\u0119 \u015bciskiem w klatce piersiowej i problemami z oddychaniem. Tutaj majeranek przychodzi z pomoc\u0105 i nie ma sobie r\u00f3wnych!<\/p>\n<p>&nbsp;<\/p>\n<p><strong>Nowa, od\u015bwie\u017cona etykieta\u00a0<\/strong><br \/>\nTo wci\u0105\u017c ten sam, uwielbiany przez Was olejek \u2013 zmieni\u0142 si\u0119 tylko jego wygl\u0105d.<\/p>\n<p>&nbsp;<\/p>\n<h2>Gdzie znajdziesz olejek majerankowy?<\/h2>\n<p>To olejek, kt\u00f3ry znajdziesz te\u017c w <a href=\"https:\/\/klaudynahebda.pl\/sklep\/roll-on-majeranek-plus\/\">roll-onie Majeranek PLUS<\/a><\/p>\n<p>\u27a1\ufe0f Sprawd\u017a te\u017c:<\/p>\n<ul>\n<li><a href=\"https:\/\/klaudynahebda.pl\/sklep\/dyfuzor-do-aromaterapii\/\">dyfuzor bezprzewodowy<\/a>\u00a0do aromaterapii<\/li>\n<li>inne <a href=\"https:\/\/klaudynahebda.pl\/sklep\/olejki-eteryczne\/\">naturalne olejki eteryczne<\/a> K. Hebda.<\/li>\n<\/ul>\n","protected":false},"excerpt":{"rendered":"<h2><b><span data-contrast=\"auto\">Olejek, kt\u00f3rego zapach dba o Tw\u00f3j komfortowy oddech i spok\u00f3j<\/span><\/b><span data-ccp-props=\"{&quot;201341983&quot;:0,&quot;335559685&quot;:0,&quot;335559739&quot;:160,&quot;335559740&quot;:259}\">\u00a0<\/span><\/h2>\n<ul>\n<li data-leveltext=\"\uf0b7\" data-font=\"Symbol\" data-listid=\"6\" data-list-defn-props=\"{&quot;335552541&quot;:1,&quot;335559683&quot;:0,&quot;335559684&quot;:-2,&quot;335559685&quot;:720,&quot;335559991&quot;:360,&quot;469769226&quot;:&quot;Symbol&quot;,&quot;469769242&quot;:[8226],&quot;469777803&quot;:&quot;left&quot;,&quot;469777804&quot;:&quot;\uf0b7&quot;,&quot;469777815&quot;:&quot;hybridMultilevel&quot;}\" data-aria-posinset=\"1\" data-aria-level=\"1\"><span data-contrast=\"auto\">Naturalny olejek eteryczny najwy\u017cszej jako\u015bci<\/span><span data-ccp-props=\"{&quot;201341983&quot;:0,&quot;335559739&quot;:160,&quot;335559740&quot;:259}\">\u00a0<\/span><\/li>\n<\/ul>\n<ul>\n<li data-leveltext=\"\uf0b7\" data-font=\"Symbol\" data-listid=\"6\" data-list-defn-props=\"{&quot;335552541&quot;:1,&quot;335559683&quot;:0,&quot;335559684&quot;:-2,&quot;335559685&quot;:720,&quot;335559991&quot;:360,&quot;469769226&quot;:&quot;Symbol&quot;,&quot;469769242&quot;:[8226],&quot;469777803&quot;:&quot;left&quot;,&quot;469777804&quot;:&quot;\uf0b7&quot;,&quot;469777815&quot;:&quot;hybridMultilevel&quot;}\" data-aria-posinset=\"2\" data-aria-level=\"1\"><span data-contrast=\"auto\">Niezast\u0105piony w sezonie jesienno-zimowym<\/span><span data-ccp-props=\"{&quot;201341983&quot;:0,&quot;335559739&quot;:160,&quot;335559740&quot;:259}\">\u00a0<\/span><\/li>\n<\/ul>\n<ul>\n<li data-leveltext=\"\uf0b7\" data-font=\"Symbol\" data-listid=\"6\" data-list-defn-props=\"{&quot;335552541&quot;:1,&quot;335559683&quot;:0,&quot;335559684&quot;:-2,&quot;335559685&quot;:720,&quot;335559991&quot;:360,&quot;469769226&quot;:&quot;Symbol&quot;,&quot;469769242&quot;:[8226],&quot;469777803&quot;:&quot;left&quot;,&quot;469777804&quot;:&quot;\uf0b7&quot;,&quot;469777815&quot;:&quot;hybridMultilevel&quot;}\" data-aria-posinset=\"3\" data-aria-level=\"1\"><span data-contrast=\"auto\">Naturalny spos\u00f3b na rozgrzanie mi\u0119\u015bni i staw\u00f3w &#8211; wystarczy doda\u0107 go do olejku do masa\u017cu <\/span><span data-ccp-props=\"{&quot;201341983&quot;:0,&quot;335559739&quot;:160,&quot;335559740&quot;:259}\">\u00a0<\/span><\/li>\n<\/ul>\n<ul>\n<li data-leveltext=\"\uf0b7\" data-font=\"Symbol\" data-listid=\"6\" data-list-defn-props=\"{&quot;335552541&quot;:1,&quot;335559683&quot;:0,&quot;335559684&quot;:-2,&quot;335559685&quot;:720,&quot;335559991&quot;:360,&quot;469769226&quot;:&quot;Symbol&quot;,&quot;469769242&quot;:[8226],&quot;469777803&quot;:&quot;left&quot;,&quot;469777804&quot;:&quot;\uf0b7&quot;,&quot;469777815&quot;:&quot;hybridMultilevel&quot;}\" data-aria-posinset=\"4\" data-aria-level=\"1\"><span data-contrast=\"auto\">Zio\u0142owy zapach, kt\u00f3ry u\u0142atwia oddychanie<\/span><span data-ccp-props=\"{&quot;201341983&quot;:0,&quot;335559739&quot;:160,&quot;335559740&quot;:259}\">\u00a0<\/span><\/li>\n<\/ul>\n<ul>\n<li data-leveltext=\"\uf0b7\" data-font=\"Symbol\" data-listid=\"6\" data-list-defn-props=\"{&quot;335552541&quot;:1,&quot;335559683&quot;:0,&quot;335559684&quot;:-2,&quot;335559685&quot;:720,&quot;335559991&quot;:360,&quot;469769226&quot;:&quot;Symbol&quot;,&quot;469769242&quot;:[8226],&quot;469777803&quot;:&quot;left&quot;,&quot;469777804&quot;:&quot;\uf0b7&quot;,&quot;469777815&quot;:&quot;hybridMultilevel&quot;}\" data-aria-posinset=\"5\" data-aria-level=\"1\"><span data-contrast=\"auto\">Antidotum na napi\u0119cie i stres<\/span><span data-ccp-props=\"{&quot;201341983&quot;:0,&quot;335559739&quot;:160,&quot;335559740&quot;:259}\">\u00a0<\/span><\/li>\n<\/ul>\n<p><span data-ccp-props=\"{&quot;201341983&quot;:0,&quot;335559685&quot;:0,&quot;335559739&quot;:160,&quot;335559740&quot;:259}\">\u00a0<\/span><\/p>\n<p><span data-contrast=\"auto\"><strong>Nowa, od\u015bwie\u017cona etykieta\u00a0<\/strong><br \/>\nTo wci\u0105\u017c ten sam, uwielbiany przez Was olejek \u2013 zmieni\u0142 si\u0119 tylko jego wygl\u0105d.<\/span><span data-ccp-props=\"{&quot;201341983&quot;:0,&quot;335559739&quot;:160,&quot;335559740&quot;:259}\">\u00a0<\/span><\/p>\n","protected":false},"featured_media":3323599,"comment_status":"open","ping_status":"closed","template":"","meta":[],"product_cat":[130,126,36,39,96],"product_tag":[],"acf":[],"yoast_head":"<!-- This site is optimized with the Yoast SEO plugin v19.6.1 - https:\/\/yoast.com\/wordpress\/plugins\/seo\/ -->\n<title>Olejek majerankowy - Klaudyna Hebda Nature<\/title>\n<meta name=\"description\" content=\"Olejek majerankowy \u2013 niezb\u0119dnik w sezonie jesie\u0144\/zima i przy napi\u0119ciach. Rozgrzewaj\u0105cy, zio\u0142owy zapach, kt\u00f3ry wspiera komfort oddechu, Idealny do inhalacji.\" \/>\n<meta name=\"robots\" content=\"index, follow, max-snippet:-1, max-image-preview:large, max-video-preview:-1\" \/>\n<link rel=\"canonical\" href=\"https:\/\/klaudynahebda.pl\/sklep\/olejek-majerankowy\/\" \/>\n<meta property=\"og:locale\" content=\"pl_PL\" \/>\n<meta property=\"og:type\" content=\"article\" \/>\n<meta property=\"og:title\" content=\"Olejek majerankowy - Klaudyna Hebda Nature\" \/>\n<meta property=\"og:description\" content=\"Olejek majerankowy \u2013 niezb\u0119dnik w sezonie jesie\u0144\/zima i przy napi\u0119ciach. Rozgrzewaj\u0105cy, zio\u0142owy zapach, kt\u00f3ry wspiera komfort oddechu, Idealny do inhalacji.\" \/>\n<meta property=\"og:url\" content=\"https:\/\/klaudynahebda.pl\/sklep\/olejek-majerankowy\/\" \/>\n<meta property=\"og:site_name\" content=\"Klaudyna Hebda Nature\" \/>\n<meta property=\"article:modified_time\" content=\"2026-04-24T08:10:55+00:00\" \/>\n<meta property=\"og:image\" content=\"https:\/\/klaudynahebda.pl\/sklep\/wp-content\/uploads\/2019\/02\/olejek-eteryczny-majeranek-klaudyna-hebda-15-ml.png\" \/>\n\t<meta property=\"og:image:width\" content=\"844\" \/>\n\t<meta property=\"og:image:height\" content=\"1152\" \/>\n\t<meta property=\"og:image:type\" content=\"image\/png\" \/>\n<meta name=\"twitter:card\" content=\"summary_large_image\" \/>\n<meta name=\"twitter:label1\" content=\"Szacowany czas czytania\" \/>\n\t<meta name=\"twitter:data1\" content=\"3 minuty\" \/>\n<script type=\"application\/ld+json\" class=\"yoast-schema-graph\">{\"@context\":\"https:\/\/schema.org\",\"@graph\":[{\"@type\":\"WebPage\",\"@id\":\"https:\/\/klaudynahebda.pl\/sklep\/olejek-majerankowy\/\",\"url\":\"https:\/\/klaudynahebda.pl\/sklep\/olejek-majerankowy\/\",\"name\":\"Olejek majerankowy - Klaudyna Hebda Nature\",\"isPartOf\":{\"@id\":\"https:\/\/klaudynahebda.pl\/sklep\/#website\"},\"datePublished\":\"2024-07-02T18:20:59+00:00\",\"dateModified\":\"2026-04-24T08:10:55+00:00\",\"description\":\"Olejek majerankowy \u2013 niezb\u0119dnik w sezonie jesie\u0144\/zima i przy napi\u0119ciach. Rozgrzewaj\u0105cy, zio\u0142owy zapach, kt\u00f3ry wspiera komfort oddechu, Idealny do inhalacji.\",\"breadcrumb\":{\"@id\":\"https:\/\/klaudynahebda.pl\/sklep\/olejek-majerankowy\/#breadcrumb\"},\"inLanguage\":\"pl-PL\",\"potentialAction\":[{\"@type\":\"ReadAction\",\"target\":[\"https:\/\/klaudynahebda.pl\/sklep\/olejek-majerankowy\/\"]}]},{\"@type\":\"BreadcrumbList\",\"@id\":\"https:\/\/klaudynahebda.pl\/sklep\/olejek-majerankowy\/#breadcrumb\",\"itemListElement\":[{\"@type\":\"ListItem\",\"position\":1,\"name\":\"Strona g\u0142\u00f3wna\",\"item\":\"https:\/\/klaudynahebda.pl\/sklep\/\"},{\"@type\":\"ListItem\",\"position\":2,\"name\":\"Sklep\",\"item\":\"https:\/\/klaudynahebda.pl\/sklep\/sklep\/\"},{\"@type\":\"ListItem\",\"position\":3,\"name\":\"Olejki eteryczne\",\"item\":\"https:\/\/klaudynahebda.pl\/sklep\/olejki-eteryczne\/\"},{\"@type\":\"ListItem\",\"position\":4,\"name\":\"Olejek majerankowy\"}]},{\"@type\":\"WebSite\",\"@id\":\"https:\/\/klaudynahebda.pl\/sklep\/#website\",\"url\":\"https:\/\/klaudynahebda.pl\/sklep\/\",\"name\":\"Klaudyna Hebda Nature\",\"description\":\"Sklep\",\"publisher\":{\"@id\":\"https:\/\/klaudynahebda.pl\/sklep\/#organization\"},\"potentialAction\":[{\"@type\":\"SearchAction\",\"target\":{\"@type\":\"EntryPoint\",\"urlTemplate\":\"https:\/\/klaudynahebda.pl\/sklep\/?s={search_term_string}\"},\"query-input\":\"required name=search_term_string\"}],\"inLanguage\":\"pl-PL\"},{\"@type\":\"Organization\",\"@id\":\"https:\/\/klaudynahebda.pl\/sklep\/#organization\",\"name\":\"KlaudynaHebda\",\"url\":\"https:\/\/klaudynahebda.pl\/sklep\/\",\"sameAs\":[],\"logo\":{\"@type\":\"ImageObject\",\"inLanguage\":\"pl-PL\",\"@id\":\"https:\/\/klaudynahebda.pl\/sklep\/#\/schema\/logo\/image\/\",\"url\":\"\",\"contentUrl\":\"\",\"caption\":\"KlaudynaHebda\"},\"image\":{\"@id\":\"https:\/\/klaudynahebda.pl\/sklep\/#\/schema\/logo\/image\/\"}}]}<\/script>\n<!-- \/ Yoast SEO plugin. -->","yoast_head_json":{"title":"Olejek majerankowy - Klaudyna Hebda Nature","description":"Olejek majerankowy \u2013 niezb\u0119dnik w sezonie jesie\u0144\/zima i przy napi\u0119ciach. Rozgrzewaj\u0105cy, zio\u0142owy zapach, kt\u00f3ry wspiera komfort oddechu, Idealny do inhalacji.","robots":{"index":"index","follow":"follow","max-snippet":"max-snippet:-1","max-image-preview":"max-image-preview:large","max-video-preview":"max-video-preview:-1"},"canonical":"https:\/\/klaudynahebda.pl\/sklep\/olejek-majerankowy\/","og_locale":"pl_PL","og_type":"article","og_title":"Olejek majerankowy - Klaudyna Hebda Nature","og_description":"Olejek majerankowy \u2013 niezb\u0119dnik w sezonie jesie\u0144\/zima i przy napi\u0119ciach. Rozgrzewaj\u0105cy, zio\u0142owy zapach, kt\u00f3ry wspiera komfort oddechu, Idealny do inhalacji.","og_url":"https:\/\/klaudynahebda.pl\/sklep\/olejek-majerankowy\/","og_site_name":"Klaudyna Hebda Nature","article_modified_time":"2026-04-24T08:10:55+00:00","og_image":[{"width":844,"height":1152,"url":"https:\/\/klaudynahebda.pl\/sklep\/wp-content\/uploads\/2019\/02\/olejek-eteryczny-majeranek-klaudyna-hebda-15-ml.png","type":"image\/png"}],"twitter_card":"summary_large_image","twitter_misc":{"Szacowany czas czytania":"3 minuty"},"schema":{"@context":"https:\/\/schema.org","@graph":[{"@type":"WebPage","@id":"https:\/\/klaudynahebda.pl\/sklep\/olejek-majerankowy\/","url":"https:\/\/klaudynahebda.pl\/sklep\/olejek-majerankowy\/","name":"Olejek majerankowy - Klaudyna Hebda Nature","isPartOf":{"@id":"https:\/\/klaudynahebda.pl\/sklep\/#website"},"datePublished":"2024-07-02T18:20:59+00:00","dateModified":"2026-04-24T08:10:55+00:00","description":"Olejek majerankowy \u2013 niezb\u0119dnik w sezonie jesie\u0144\/zima i przy napi\u0119ciach. Rozgrzewaj\u0105cy, zio\u0142owy zapach, kt\u00f3ry wspiera komfort oddechu, Idealny do inhalacji.","breadcrumb":{"@id":"https:\/\/klaudynahebda.pl\/sklep\/olejek-majerankowy\/#breadcrumb"},"inLanguage":"pl-PL","potentialAction":[{"@type":"ReadAction","target":["https:\/\/klaudynahebda.pl\/sklep\/olejek-majerankowy\/"]}]},{"@type":"BreadcrumbList","@id":"https:\/\/klaudynahebda.pl\/sklep\/olejek-majerankowy\/#breadcrumb","itemListElement":[{"@type":"ListItem","position":1,"name":"Strona g\u0142\u00f3wna","item":"https:\/\/klaudynahebda.pl\/sklep\/"},{"@type":"ListItem","position":2,"name":"Sklep","item":"https:\/\/klaudynahebda.pl\/sklep\/sklep\/"},{"@type":"ListItem","position":3,"name":"Olejki eteryczne","item":"https:\/\/klaudynahebda.pl\/sklep\/olejki-eteryczne\/"},{"@type":"ListItem","position":4,"name":"Olejek majerankowy"}]},{"@type":"WebSite","@id":"https:\/\/klaudynahebda.pl\/sklep\/#website","url":"https:\/\/klaudynahebda.pl\/sklep\/","name":"Klaudyna Hebda Nature","description":"Sklep","publisher":{"@id":"https:\/\/klaudynahebda.pl\/sklep\/#organization"},"potentialAction":[{"@type":"SearchAction","target":{"@type":"EntryPoint","urlTemplate":"https:\/\/klaudynahebda.pl\/sklep\/?s={search_term_string}"},"query-input":"required name=search_term_string"}],"inLanguage":"pl-PL"},{"@type":"Organization","@id":"https:\/\/klaudynahebda.pl\/sklep\/#organization","name":"KlaudynaHebda","url":"https:\/\/klaudynahebda.pl\/sklep\/","sameAs":[],"logo":{"@type":"ImageObject","inLanguage":"pl-PL","@id":"https:\/\/klaudynahebda.pl\/sklep\/#\/schema\/logo\/image\/","url":"","contentUrl":"","caption":"KlaudynaHebda"},"image":{"@id":"https:\/\/klaudynahebda.pl\/sklep\/#\/schema\/logo\/image\/"}}]}},"_links":{"self":[{"href":"https:\/\/klaudynahebda.pl\/sklep\/wp-json\/wp\/v2\/product\/3046441"}],"collection":[{"href":"https:\/\/klaudynahebda.pl\/sklep\/wp-json\/wp\/v2\/product"}],"about":[{"href":"https:\/\/klaudynahebda.pl\/sklep\/wp-json\/wp\/v2\/types\/product"}],"replies":[{"embeddable":true,"href":"https:\/\/klaudynahebda.pl\/sklep\/wp-json\/wp\/v2\/comments?post=3046441"}],"wp:featuredmedia":[{"embeddable":true,"href":"https:\/\/klaudynahebda.pl\/sklep\/wp-json\/wp\/v2\/media\/3323599"}],"wp:attachment":[{"href":"https:\/\/klaudynahebda.pl\/sklep\/wp-json\/wp\/v2\/media?parent=3046441"}],"wp:term":[{"taxonomy":"product_cat","embeddable":true,"href":"https:\/\/klaudynahebda.pl\/sklep\/wp-json\/wp\/v2\/product_cat?post=3046441"},{"taxonomy":"product_tag","embeddable":true,"href":"https:\/\/klaudynahebda.pl\/sklep\/wp-json\/wp\/v2\/product_tag?post=3046441"}],"curies":[{"name":"wp","href":"https:\/\/api.w.org\/{rel}","templated":true}]}}