{"id":3046432,"date":"2026-01-06T08:18:28","date_gmt":"2026-01-06T07:18:28","guid":{"rendered":"https:\/\/klaudynahebda.pl\/sklep\/?post_type=product&#038;p=3046432"},"modified":"2026-04-19T00:48:32","modified_gmt":"2026-04-18T22:48:32","slug":"roll-on-cytrusowa-radosc","status":"publish","type":"product","link":"https:\/\/klaudynahebda.pl\/sklep\/roll-on-cytrusowa-radosc\/","title":{"rendered":"Roll-on Cytrusowa rado\u015b\u0107"},"content":{"rendered":"<h2><strong>Jakie olejki znajdziesz w roll-onie Cytrusowa rado\u015b\u0107?\u00a0<\/strong><\/h2>\n<p><strong>Roll-on Cytrusowa rado\u015b\u0107 to a\u017c 9 olejk\u00f3w eterycznych:\u00a0<\/strong><\/p>\n<ul>\n<li>mandarynka zielona,<\/li>\n<li>mandarynka czerwona,<\/li>\n<li>bergamotka,<\/li>\n<li>limonka,<\/li>\n<li>cytryna,<\/li>\n<li>May Chang (litsea),<\/li>\n<li>copaiba,<\/li>\n<li>ylang-ylang,<\/li>\n<li>paczula.<\/li>\n<\/ul>\n<p>Razem tworz\u0105 ciep\u0142y, owocowo-kwiatowy zapach z balsamiczn\u0105 nut\u0105.\u00a0To\u00a0przemy\u015blana,\u00a0aromaterapeutyczna\u00a0kompozycja cytrus\u00f3w z ciep\u0142ymi nutami\u00a0ylang-ylang, paczuli i\u00a0copaiby, w\u00a0ultraprostej, piel\u0119gnuj\u0105cej\u00a0bazie (olej\u00a0jojoba), kt\u00f3rej zapach poprawia nastr\u00f3j, ale jednocze\u015bnie otula i uziemia.<\/p>\n<h2><strong>Czy roll-on z olejkami eterycznymi Cytrusowa rado\u015b\u0107 to zapach dla Ciebie?<\/strong><\/h2>\n<p><strong>Zdecydowanie tak, je\u015bli:<\/strong><\/p>\n<ul>\n<li>szukasz naturalnego sposobu na popraw\u0119 samopoczucia,<\/li>\n<li>lubisz cytrusowe zapachy i zauwa\u017casz, \u017ce dobrze na Ciebie dzia\u0142aj\u0105,<\/li>\n<li>brak s\u0142o\u0144ca jesieni\u0105 i zim\u0105 jest dla Ciebie przyt\u0142aczaj\u0105cy i \u017ale wp\u0142ywa na Tw\u00f3j nastr\u00f3j,<\/li>\n<li>lubisz otacza\u0107 si\u0119 zapachami, kt\u00f3re dodaj\u0105 energii i pozytywnie nastrajaj\u0105,<\/li>\n<li>chcesz mie\u0107 pod r\u0119k\u0105 co\u015b, co w kilka sekund wywo\u0142a u\u015bmiech na twarzy,<\/li>\n<li>zamiast czeka\u0107 na urlop, wolisz mie\u0107 pod r\u0119k\u0105 s\u0142o\u0144ce w butelce o dowolnej porze dnia i roku,<\/li>\n<li>potrzebujesz aromaterapii w prostej formie \u2013 bez dyfuzora, bez rozcie\u0144czania,<\/li>\n<li>lubisz zapach mieszanki Cytrusowa rado\u015b\u0107 i chcesz go mie\u0107 r\u00f3wnie\u017c w formie\u00a0roll-onu.<\/li>\n<\/ul>\n<p>\ud83d\udc49\u00a0 Lubisz cytrusowe, energetyzuj\u0105ce zapachy? \ud83c\udf4b Sprawd\u017a te\u017c <strong><a href=\"https:\/\/klaudynahebda.pl\/sklep\/cytrusowa-radosc-mieszanka\/\">mieszank\u0119 Cytrusowa rado\u015b\u0107<\/a><\/strong>, idealn\u0105 do <strong><a href=\"https:\/\/klaudynahebda.pl\/sklep\/dyfuzor-do-aromaterapii\/\">dyfuzora<\/a><\/strong>.<\/p>\n<p>A tutaj znajdziesz z kolei nasze inne\u00a0<strong><a href=\"https:\/\/klaudynahebda.pl\/sklep\/roll-on-z-olejkami-eterycznymi\/?orderby=menu_order\">roll-ony z olejkami eterycznymi<\/a><\/strong>. Ka\u017cdy z nich jest tak samo por\u0119czny i \u0142atwy w u\u017cyciu. Wybierz ten, kt\u00f3ry najlepiej b\u0119dzie Ci\u0119 wspiera\u0142 w codziennych wyzwaniach i stworzy Twoje w\u0142asne, ma\u0142e rytua\u0142y.<\/p>\n<div class=\"row row-collapse align-middle\"  id=\"row-1141346272\">\n\t<div id=\"col-1525203912\" class=\"col small-10 large-12\"  >\n\t\t\t\t<div class=\"col-inner\"  >\n\t\t\t\n\t\t\t\n<h3 class=\"accordion_title\">Najcz\u0119\u015bciej zadawane pytania \u2014 Roll-on Cytrusowa rado\u015b\u0107<\/h3><div class=\"accordion\" rel=\"1\"><\/div>\n<div class=\"accordion-item\"><a href=\"#\" class=\"accordion-title plain\"><button class=\"toggle\"><i class=\"icon-angle-down\"><\/i><\/button><span>Do czego s\u0142u\u017cy roll-on Cytrusowa Rado\u015b\u0107?<\/span><\/a><div class=\"accordion-inner\">\nTo olejek w formie roll-onu do aromaterapii i masa\u017cu punktowego, kt\u00f3ry pomaga stworzy\u0107 energetyzuj\u0105c\u0105, radosn\u0105 atmosfer\u0119 dzi\u0119ki zapachowi olejk\u00f3w eterycznych m.in. mandarynki, may chang, ylang-ylang i copaiby.<br \/>\n<\/div><\/div>\n<div class=\"accordion-item\"><a href=\"#\" class=\"accordion-title plain\"><button class=\"toggle\"><i class=\"icon-angle-down\"><\/i><\/button><span>Gdzie mo\u017cna go aplikowa\u0107?<\/span><\/a><div class=\"accordion-inner\">\nNa skronie, kark, szyj\u0119, dekolt i nadgarstki. To kosmetyk do u\u017cytku zewn\u0119trznego.<br \/>\n<\/div><\/div>\n<div class=\"accordion-item\"><a href=\"#\" class=\"accordion-title plain\"><button class=\"toggle\"><i class=\"icon-angle-down\"><\/i><\/button><span>Czy mo\u017cna u\u017cywa\u0107 go latem?<\/span><\/a><div class=\"accordion-inner\">\nTak, ale z ostro\u017cno\u015bci\u0105. Ze wzgl\u0119du na zawarto\u015b\u0107 olejk\u00f3w cytrusowych nie nale\u017cy aplikowa\u0107 roll-onu na miejsca, kt\u00f3re b\u0119d\u0105 bezpo\u015brednio wystawione na s\u0142o\u0144ce (np. przed wyj\u015bciem na pla\u017c\u0119).<br \/>\n<\/div><\/div>\n<div class=\"accordion-item\"><a href=\"#\" class=\"accordion-title plain\"><button class=\"toggle\"><i class=\"icon-angle-down\"><\/i><\/button><span>Czym r\u00f3\u017cni si\u0119 roll-on od mieszanki do dyfuzji Cytrusowa Rado\u015b\u0107?<\/span><\/a><div class=\"accordion-inner\">\nMieszanka w butelce to 100% czystych olejk\u00f3w eterycznych przeznaczonych do dyfuzora. Roll-on ma zbli\u017cony profil zapachowy, jednak olejki eteryczne s\u0105 rozcie\u0144czone w oleju jojoba, dzi\u0119ki czemu mo\u017cna bezpiecznie stosowa\u0107 go bezpo\u015brednio na sk\u00f3r\u0119.<br \/>\n<\/div><\/div>\n<div class=\"accordion-item\"><a href=\"#\" class=\"accordion-title plain\"><button class=\"toggle\"><i class=\"icon-angle-down\"><\/i><\/button><span>Czy zapach roll-onu jest intensywny?<\/span><\/a><div class=\"accordion-inner\">\nTo zapach lekki, \u015bwie\u017cy i bardzo przyjemny \u2014 idealny do codziennego stosowania i do pracy. Olejki cytrusowe s\u0105 z natury lotne, jednak dzi\u0119ki dodatkowi paczuli, ylang-ylang oraz bazie z oleju jojoba zapach utrzymuje si\u0119 d\u0142u\u017cej ni\u017c w przypadku czystych cytrus\u00f3w. Roll-on mo\u017cna aplikowa\u0107 kilka razy dziennie.<br \/>\n<\/div><\/div>\n<div class=\"accordion-item\"><a href=\"#\" class=\"accordion-title plain\"><button class=\"toggle\"><i class=\"icon-angle-down\"><\/i><\/button><span>Jak cz\u0119sto stosowa\u0107 Cytrusow\u0105 Rado\u015b\u0107?<\/span><\/a><div class=\"accordion-inner\">\nW dowolnym momencie dnia \u2014 zawsze wtedy, gdy potrzebujesz chwili energii, \u015bwie\u017co\u015bci lub poprawy nastroju.<br \/>\n<\/div><\/div>\n<div class=\"accordion-item\"><a href=\"#\" class=\"accordion-title plain\"><button class=\"toggle\"><i class=\"icon-angle-down\"><\/i><\/button><span>Czy tego roll-onu mog\u0105 u\u017cywa\u0107 dzieci?<\/span><\/a><div class=\"accordion-inner\">\nKosmetyk zosta\u0142 stworzony z my\u015bl\u0105 o osobach doros\u0142ych.<br \/>\n<\/div><\/div>\n\t\t<\/div>\n\t\t\t\t\t<\/div>\n\n\t\n<style>\n#row-1141346272 > .col > .col-inner {\n  padding: 35px 0 20px 0;\n}\n<\/style>\n<\/div>\n","protected":false},"excerpt":{"rendered":"<h2><strong>Roll-on Cytrusowa rado\u015b\u0107 to:\u00a0<\/strong><\/h2>\n<ul>\n<li>zapach prawdziwej, dzieci\u0119cej rado\u015bci,<\/li>\n<li>kosmetyk, kt\u00f3ry mo\u017ce uratowa\u0107 sk\u00f3r\u0119 i niejeden gorszy dzie\u0144,<\/li>\n<li>s\u0142o\u0144ce w butelce, kt\u00f3re sprawia, \u017ce u\u015bmiech sam pojawia si\u0119 na twarzy \ud83d\ude0a,<\/li>\n<li>autorska receptura aromaterapeutki klinicznej &#8211; a\u017c 9 olejk\u00f3w eterycznych z olejem jojoba i witamin\u0105 E,<\/li>\n<li>aromat soczystej landrynki, kt\u00f3ry przeniesie Ci\u0119 my\u015blami prosto do cytrusowego gaju,<\/li>\n<li>szybki spos\u00f3b na kr\u00f3tki reset w biurze, szkole czy w domu,<\/li>\n<li>polska, rzemie\u015blnicza produkcja w manufakturze pod Krakowem.<\/li>\n<\/ul>\n","protected":false},"featured_media":3441085,"comment_status":"open","ping_status":"closed","template":"","meta":[],"product_cat":[246,249,117,134],"product_tag":[],"acf":[],"yoast_head":"<!-- This site is optimized with the Yoast SEO plugin v19.6.1 - https:\/\/yoast.com\/wordpress\/plugins\/seo\/ -->\n<title>Roll-on Cytrusowa rado\u015b\u0107 - Klaudyna Hebda Nature<\/title>\n<meta name=\"description\" content=\"Cytrusowa Rado\u015b\u0107 - roll-on z olejkami eterycznymi, dzi\u0119ki kt\u00f3remu mo\u017cesz zawsze mie\u0107 s\u0142o\u0144ce w torebce i rado\u015b\u0107 na twarzy.\" \/>\n<meta name=\"robots\" content=\"index, follow, max-snippet:-1, max-image-preview:large, max-video-preview:-1\" \/>\n<link rel=\"canonical\" href=\"https:\/\/klaudynahebda.pl\/sklep\/roll-on-cytrusowa-radosc\/\" \/>\n<meta property=\"og:locale\" content=\"pl_PL\" \/>\n<meta property=\"og:type\" content=\"article\" \/>\n<meta property=\"og:title\" content=\"Roll-on Cytrusowa rado\u015b\u0107 - Klaudyna Hebda Nature\" \/>\n<meta property=\"og:description\" content=\"Cytrusowa Rado\u015b\u0107 - roll-on z olejkami eterycznymi, dzi\u0119ki kt\u00f3remu mo\u017cesz zawsze mie\u0107 s\u0142o\u0144ce w torebce i rado\u015b\u0107 na twarzy.\" \/>\n<meta property=\"og:url\" content=\"https:\/\/klaudynahebda.pl\/sklep\/roll-on-cytrusowa-radosc\/\" \/>\n<meta property=\"og:site_name\" content=\"Klaudyna Hebda Nature\" \/>\n<meta property=\"article:modified_time\" content=\"2026-04-18T22:48:32+00:00\" \/>\n<meta property=\"og:image\" content=\"https:\/\/klaudynahebda.pl\/sklep\/wp-content\/uploads\/2025\/01\/roll-on-cytrusowa-radosc-olejek-aromaterapia-10ml.webp\" \/>\n\t<meta property=\"og:image:width\" content=\"844\" \/>\n\t<meta property=\"og:image:height\" content=\"1152\" \/>\n\t<meta property=\"og:image:type\" content=\"image\/webp\" \/>\n<meta name=\"twitter:card\" content=\"summary_large_image\" \/>\n<meta name=\"twitter:label1\" content=\"Szacowany czas czytania\" \/>\n\t<meta name=\"twitter:data1\" content=\"3 minuty\" \/>\n<script type=\"application\/ld+json\" class=\"yoast-schema-graph\">{\"@context\":\"https:\/\/schema.org\",\"@graph\":[{\"@type\":\"WebPage\",\"@id\":\"https:\/\/klaudynahebda.pl\/sklep\/roll-on-cytrusowa-radosc\/\",\"url\":\"https:\/\/klaudynahebda.pl\/sklep\/roll-on-cytrusowa-radosc\/\",\"name\":\"Roll-on Cytrusowa rado\u015b\u0107 - Klaudyna Hebda Nature\",\"isPartOf\":{\"@id\":\"https:\/\/klaudynahebda.pl\/sklep\/#website\"},\"datePublished\":\"2026-01-06T07:18:28+00:00\",\"dateModified\":\"2026-04-18T22:48:32+00:00\",\"description\":\"Cytrusowa Rado\u015b\u0107 - roll-on z olejkami eterycznymi, dzi\u0119ki kt\u00f3remu mo\u017cesz zawsze mie\u0107 s\u0142o\u0144ce w torebce i rado\u015b\u0107 na twarzy.\",\"breadcrumb\":{\"@id\":\"https:\/\/klaudynahebda.pl\/sklep\/roll-on-cytrusowa-radosc\/#breadcrumb\"},\"inLanguage\":\"pl-PL\",\"potentialAction\":[{\"@type\":\"ReadAction\",\"target\":[\"https:\/\/klaudynahebda.pl\/sklep\/roll-on-cytrusowa-radosc\/\"]}]},{\"@type\":\"BreadcrumbList\",\"@id\":\"https:\/\/klaudynahebda.pl\/sklep\/roll-on-cytrusowa-radosc\/#breadcrumb\",\"itemListElement\":[{\"@type\":\"ListItem\",\"position\":1,\"name\":\"Strona g\u0142\u00f3wna\",\"item\":\"https:\/\/klaudynahebda.pl\/sklep\/\"},{\"@type\":\"ListItem\",\"position\":2,\"name\":\"Sklep\",\"item\":\"https:\/\/klaudynahebda.pl\/sklep\/sklep\/\"},{\"@type\":\"ListItem\",\"position\":3,\"name\":\"Nowo\u015bci\",\"item\":\"https:\/\/klaudynahebda.pl\/sklep\/nowosci\/\"},{\"@type\":\"ListItem\",\"position\":4,\"name\":\"Roll-on Cytrusowa rado\u015b\u0107\"}]},{\"@type\":\"WebSite\",\"@id\":\"https:\/\/klaudynahebda.pl\/sklep\/#website\",\"url\":\"https:\/\/klaudynahebda.pl\/sklep\/\",\"name\":\"Klaudyna Hebda Nature\",\"description\":\"Sklep\",\"publisher\":{\"@id\":\"https:\/\/klaudynahebda.pl\/sklep\/#organization\"},\"potentialAction\":[{\"@type\":\"SearchAction\",\"target\":{\"@type\":\"EntryPoint\",\"urlTemplate\":\"https:\/\/klaudynahebda.pl\/sklep\/?s={search_term_string}\"},\"query-input\":\"required name=search_term_string\"}],\"inLanguage\":\"pl-PL\"},{\"@type\":\"Organization\",\"@id\":\"https:\/\/klaudynahebda.pl\/sklep\/#organization\",\"name\":\"KlaudynaHebda\",\"url\":\"https:\/\/klaudynahebda.pl\/sklep\/\",\"sameAs\":[],\"logo\":{\"@type\":\"ImageObject\",\"inLanguage\":\"pl-PL\",\"@id\":\"https:\/\/klaudynahebda.pl\/sklep\/#\/schema\/logo\/image\/\",\"url\":\"\",\"contentUrl\":\"\",\"caption\":\"KlaudynaHebda\"},\"image\":{\"@id\":\"https:\/\/klaudynahebda.pl\/sklep\/#\/schema\/logo\/image\/\"}}]}<\/script>\n<!-- \/ Yoast SEO plugin. -->","yoast_head_json":{"title":"Roll-on Cytrusowa rado\u015b\u0107 - Klaudyna Hebda Nature","description":"Cytrusowa Rado\u015b\u0107 - roll-on z olejkami eterycznymi, dzi\u0119ki kt\u00f3remu mo\u017cesz zawsze mie\u0107 s\u0142o\u0144ce w torebce i rado\u015b\u0107 na twarzy.","robots":{"index":"index","follow":"follow","max-snippet":"max-snippet:-1","max-image-preview":"max-image-preview:large","max-video-preview":"max-video-preview:-1"},"canonical":"https:\/\/klaudynahebda.pl\/sklep\/roll-on-cytrusowa-radosc\/","og_locale":"pl_PL","og_type":"article","og_title":"Roll-on Cytrusowa rado\u015b\u0107 - Klaudyna Hebda Nature","og_description":"Cytrusowa Rado\u015b\u0107 - roll-on z olejkami eterycznymi, dzi\u0119ki kt\u00f3remu mo\u017cesz zawsze mie\u0107 s\u0142o\u0144ce w torebce i rado\u015b\u0107 na twarzy.","og_url":"https:\/\/klaudynahebda.pl\/sklep\/roll-on-cytrusowa-radosc\/","og_site_name":"Klaudyna Hebda Nature","article_modified_time":"2026-04-18T22:48:32+00:00","og_image":[{"width":844,"height":1152,"url":"https:\/\/klaudynahebda.pl\/sklep\/wp-content\/uploads\/2025\/01\/roll-on-cytrusowa-radosc-olejek-aromaterapia-10ml.webp","type":"image\/webp"}],"twitter_card":"summary_large_image","twitter_misc":{"Szacowany czas czytania":"3 minuty"},"schema":{"@context":"https:\/\/schema.org","@graph":[{"@type":"WebPage","@id":"https:\/\/klaudynahebda.pl\/sklep\/roll-on-cytrusowa-radosc\/","url":"https:\/\/klaudynahebda.pl\/sklep\/roll-on-cytrusowa-radosc\/","name":"Roll-on Cytrusowa rado\u015b\u0107 - Klaudyna Hebda Nature","isPartOf":{"@id":"https:\/\/klaudynahebda.pl\/sklep\/#website"},"datePublished":"2026-01-06T07:18:28+00:00","dateModified":"2026-04-18T22:48:32+00:00","description":"Cytrusowa Rado\u015b\u0107 - roll-on z olejkami eterycznymi, dzi\u0119ki kt\u00f3remu mo\u017cesz zawsze mie\u0107 s\u0142o\u0144ce w torebce i rado\u015b\u0107 na twarzy.","breadcrumb":{"@id":"https:\/\/klaudynahebda.pl\/sklep\/roll-on-cytrusowa-radosc\/#breadcrumb"},"inLanguage":"pl-PL","potentialAction":[{"@type":"ReadAction","target":["https:\/\/klaudynahebda.pl\/sklep\/roll-on-cytrusowa-radosc\/"]}]},{"@type":"BreadcrumbList","@id":"https:\/\/klaudynahebda.pl\/sklep\/roll-on-cytrusowa-radosc\/#breadcrumb","itemListElement":[{"@type":"ListItem","position":1,"name":"Strona g\u0142\u00f3wna","item":"https:\/\/klaudynahebda.pl\/sklep\/"},{"@type":"ListItem","position":2,"name":"Sklep","item":"https:\/\/klaudynahebda.pl\/sklep\/sklep\/"},{"@type":"ListItem","position":3,"name":"Nowo\u015bci","item":"https:\/\/klaudynahebda.pl\/sklep\/nowosci\/"},{"@type":"ListItem","position":4,"name":"Roll-on Cytrusowa rado\u015b\u0107"}]},{"@type":"WebSite","@id":"https:\/\/klaudynahebda.pl\/sklep\/#website","url":"https:\/\/klaudynahebda.pl\/sklep\/","name":"Klaudyna Hebda Nature","description":"Sklep","publisher":{"@id":"https:\/\/klaudynahebda.pl\/sklep\/#organization"},"potentialAction":[{"@type":"SearchAction","target":{"@type":"EntryPoint","urlTemplate":"https:\/\/klaudynahebda.pl\/sklep\/?s={search_term_string}"},"query-input":"required name=search_term_string"}],"inLanguage":"pl-PL"},{"@type":"Organization","@id":"https:\/\/klaudynahebda.pl\/sklep\/#organization","name":"KlaudynaHebda","url":"https:\/\/klaudynahebda.pl\/sklep\/","sameAs":[],"logo":{"@type":"ImageObject","inLanguage":"pl-PL","@id":"https:\/\/klaudynahebda.pl\/sklep\/#\/schema\/logo\/image\/","url":"","contentUrl":"","caption":"KlaudynaHebda"},"image":{"@id":"https:\/\/klaudynahebda.pl\/sklep\/#\/schema\/logo\/image\/"}}]}},"_links":{"self":[{"href":"https:\/\/klaudynahebda.pl\/sklep\/wp-json\/wp\/v2\/product\/3046432"}],"collection":[{"href":"https:\/\/klaudynahebda.pl\/sklep\/wp-json\/wp\/v2\/product"}],"about":[{"href":"https:\/\/klaudynahebda.pl\/sklep\/wp-json\/wp\/v2\/types\/product"}],"replies":[{"embeddable":true,"href":"https:\/\/klaudynahebda.pl\/sklep\/wp-json\/wp\/v2\/comments?post=3046432"}],"wp:featuredmedia":[{"embeddable":true,"href":"https:\/\/klaudynahebda.pl\/sklep\/wp-json\/wp\/v2\/media\/3441085"}],"wp:attachment":[{"href":"https:\/\/klaudynahebda.pl\/sklep\/wp-json\/wp\/v2\/media?parent=3046432"}],"wp:term":[{"taxonomy":"product_cat","embeddable":true,"href":"https:\/\/klaudynahebda.pl\/sklep\/wp-json\/wp\/v2\/product_cat?post=3046432"},{"taxonomy":"product_tag","embeddable":true,"href":"https:\/\/klaudynahebda.pl\/sklep\/wp-json\/wp\/v2\/product_tag?post=3046432"}],"curies":[{"name":"wp","href":"https:\/\/api.w.org\/{rel}","templated":true}]}}