{"id":3046431,"date":"2024-07-02T20:12:55","date_gmt":"2024-07-02T18:12:55","guid":{"rendered":"https:\/\/klaudynahebda.pl\/sklep\/?post_type=product&#038;p=3046431"},"modified":"2026-04-22T18:52:16","modified_gmt":"2026-04-22T16:52:16","slug":"cytrusowa-radosc-mieszanka","status":"publish","type":"product","link":"https:\/\/klaudynahebda.pl\/sklep\/cytrusowa-radosc-mieszanka\/","title":{"rendered":"Cytrusowa rado\u015b\u0107 &#8211; naturalny zapach cytrusowej landrynki"},"content":{"rendered":"<h2><span data-contrast=\"auto\">Esencja lata, energii i optymizmu w butelce<\/span><\/h2>\n<p><span data-contrast=\"auto\">Za oknem szaruga, jesie\u0144 pokazuje swoje najgorsze oblicze. Zimny deszcz, ponura aura, brak s\u0142o\u0144ca \u2013 dos\u0142ownie wszystko, co wysysa z Ciebie energi\u0119 i ch\u0119\u0107 do dzia\u0142ania. Twoja motywacja znika, czujesz, jak nastr\u00f3j staje si\u0119 coraz ci\u0119\u017cszy, a koncentracja ucieka gdzie\u015b w g\u0105szczu codziennych obowi\u0105zk\u00f3w. Brzmi znajomo? Tak wygl\u0105da wi\u0119kszo\u015b\u0107 jesiennych i zimowych dni, kt\u00f3re jakby zm\u00f3wi\u0142y si\u0119 przeciwko naszej kreatywno\u015bci i dobremu samopoczuciu.<\/span><span data-ccp-props=\"{&quot;335559738&quot;:240,&quot;335559739&quot;:240}\">\u00a0<\/span><\/p>\n<p><span data-contrast=\"auto\">A co, gdybym Ci powiedzia\u0142a Ci, \u017ce w tej buteleczce znajduje si\u0119 prosty spos\u00f3b na prze\u0142amanie jesiennej chandry? \u017be ka\u017cdy z nas mo\u017ce zatrzyma\u0107 lato, energi\u0119 i optymizm \u2013 i jest to dos\u0142ownie na wyci\u0105gni\u0119cie r\u0119ki?<\/span><span data-ccp-props=\"{&quot;335559738&quot;:240,&quot;335559739&quot;:240}\">\u00a0<\/span><\/p>\n<p><span data-contrast=\"auto\">Poznaj <\/span><b><span data-contrast=\"auto\">Cytrusow\u0105 Rado\u015b\u0107<\/span><\/b><span data-contrast=\"auto\"> \u2013 mieszank\u0119 100% naturalnych olejk\u00f3w eterycznych, kt\u00f3ra dzia\u0142a jak promie\u0144 s\u0142o\u0144ca w butelce. To nie tylko zapach, to narz\u0119dzie do poprawy Twojego nastroju, kreatywno\u015bci i koncentracji. Stworzy\u0142am kompozycj\u0119, kt\u00f3ra nie tylko niesamowicie pachnie, ale przede wszystkim ma moc realnego wp\u0142ywu na Twoje samopoczucie.<\/span><span data-ccp-props=\"{&quot;335559738&quot;:240,&quot;335559739&quot;:240}\">\u00a0<\/span><\/p>\n<p><span data-contrast=\"auto\">Zastan\u00f3w si\u0119, kiedy ostatnio poczu\u0142a\u015b rado\u015b\u0107 dziecka, gdy smakowa\u0142a\u015b s\u0142odk\u0105 landrynk\u0119 w letni dzie\u0144. Albo przypomnij sobie ten moment, kiedy na wakacjach na po\u0142udniu Europy poczu\u0142a\u015b \u015bwie\u017cy zapach cytrus\u00f3w unosz\u0105cy si\u0119 w ciep\u0142ym powietrzu. <\/span><b><span data-contrast=\"auto\">Cytrusowa Rado\u015b\u0107<\/span><\/b><span data-contrast=\"auto\"> przypomni Ci te chwile za ka\u017cdym razem, gdy jej u\u017cyjesz. Otwierasz buteleczk\u0119, wdychasz g\u0142\u0119boko, a cytrusy i ciep\u0142e, zmys\u0142owe nuty zaczynaj\u0105 dzia\u0142a\u0107. Nagle jesienna chandra odchodzi na bok, a Ty czujesz, \u017ce mo\u017cesz podbi\u0107 \u015bwiat.<\/span><span data-ccp-props=\"{&quot;335559738&quot;:240,&quot;335559739&quot;:240}\">\u00a0<\/span><\/p>\n<p><span data-contrast=\"auto\">To co\u015b wi\u0119cej ni\u017c tylko zapach. To energia, kt\u00f3ra wraca wtedy, gdy najbardziej jej potrzebujesz. W chwilach, gdy pogoda za oknem nie sprzyja, a \u015bwiat wydaje si\u0119 szary i bezbarwny, kilka kropli tej mieszanki wystarczy, by poczu\u0107 przyp\u0142yw \u015bwie\u017co\u015bci i motywacji.<\/span><span data-ccp-props=\"{&quot;335559738&quot;:240,&quot;335559739&quot;:240}\">\u00a0<\/span><\/p>\n<p>&nbsp;<\/p>\n<h2><span data-ccp-props=\"{&quot;335559738&quot;:240,&quot;335559739&quot;:240}\">\u00a0Za co pokochasz mieszank\u0119 olejk\u00f3w Cytrusowa Rado\u015b\u0107?<\/span><\/h2>\n<p><b><span data-contrast=\"auto\">Cytrusowa Rado\u015b\u0107<\/span><\/b><span data-contrast=\"auto\"> to Tw\u00f3j tajny i pi\u0119knie pachn\u0105cy spos\u00f3b na:<\/span><span data-ccp-props=\"{&quot;335559738&quot;:240,&quot;335559739&quot;:240}\">\u00a0<\/span><\/p>\n<ul>\n<li data-leveltext=\"\uf0b7\" data-font=\"Symbol\" data-listid=\"2\" data-list-defn-props=\"{&quot;335552541&quot;:1,&quot;335559685&quot;:720,&quot;335559991&quot;:360,&quot;469769226&quot;:&quot;Symbol&quot;,&quot;469769242&quot;:[8226],&quot;469777803&quot;:&quot;left&quot;,&quot;469777804&quot;:&quot;\uf0b7&quot;,&quot;469777815&quot;:&quot;hybridMultilevel&quot;}\" data-aria-posinset=\"1\" data-aria-level=\"1\"><span data-contrast=\"auto\">prze\u0142amywanie jesiennego zm\u0119czenia i letargu,<\/span><span data-ccp-props=\"{&quot;335559739&quot;:0}\">\u00a0<\/span><\/li>\n<\/ul>\n<ul>\n<li data-leveltext=\"\uf0b7\" data-font=\"Symbol\" data-listid=\"2\" data-list-defn-props=\"{&quot;335552541&quot;:1,&quot;335559685&quot;:720,&quot;335559991&quot;:360,&quot;469769226&quot;:&quot;Symbol&quot;,&quot;469769242&quot;:[8226],&quot;469777803&quot;:&quot;left&quot;,&quot;469777804&quot;:&quot;\uf0b7&quot;,&quot;469777815&quot;:&quot;hybridMultilevel&quot;}\" data-aria-posinset=\"2\" data-aria-level=\"1\"><span data-contrast=\"auto\">wprowadzanie radosnej atmosfery do domu, gdy wszystko wok\u00f3\u0142 wydaje si\u0119 senne i przygn\u0119biaj\u0105ce,<\/span><span data-ccp-props=\"{&quot;335559739&quot;:0}\">\u00a0<\/span><\/li>\n<\/ul>\n<ul>\n<li data-leveltext=\"\uf0b7\" data-font=\"Symbol\" data-listid=\"2\" data-list-defn-props=\"{&quot;335552541&quot;:1,&quot;335559685&quot;:720,&quot;335559991&quot;:360,&quot;469769226&quot;:&quot;Symbol&quot;,&quot;469769242&quot;:[8226],&quot;469777803&quot;:&quot;left&quot;,&quot;469777804&quot;:&quot;\uf0b7&quot;,&quot;469777815&quot;:&quot;hybridMultilevel&quot;}\" data-aria-posinset=\"3\" data-aria-level=\"1\"><span data-contrast=\"auto\">wspomaganie kreatywno\u015bci, kiedy czujesz, \u017ce natchnienie ulatuje,<\/span><span data-ccp-props=\"{&quot;335559739&quot;:0}\">\u00a0<\/span><\/li>\n<\/ul>\n<ul>\n<li data-leveltext=\"\uf0b7\" data-font=\"Symbol\" data-listid=\"2\" data-list-defn-props=\"{&quot;335552541&quot;:1,&quot;335559685&quot;:720,&quot;335559991&quot;:360,&quot;469769226&quot;:&quot;Symbol&quot;,&quot;469769242&quot;:[8226],&quot;469777803&quot;:&quot;left&quot;,&quot;469777804&quot;:&quot;\uf0b7&quot;,&quot;469777815&quot;:&quot;hybridMultilevel&quot;}\" data-aria-posinset=\"4\" data-aria-level=\"1\"><span data-contrast=\"auto\">redukcj\u0119 stresu i l\u0119ku, kt\u00f3re cz\u0119sto towarzysz\u0105 nam w tych zimniejszych miesi\u0105cach.<\/span><span data-ccp-props=\"{&quot;335559739&quot;:0}\">\u00a0<\/span><\/li>\n<\/ul>\n<p><span data-ccp-props=\"{&quot;335559685&quot;:720,&quot;335559739&quot;:0}\">\u00a0<\/span><\/p>\n<h2><span data-contrast=\"auto\">Co znajdziesz w mieszance Cytrusowa Rado\u015b\u0107?<\/span><\/h2>\n<p><span data-contrast=\"auto\">Ta mieszanka to nie przypadek. Precyzyjnie dobra\u0142am 8 naturalnych olejk\u00f3w eterycznych, kt\u00f3re nie tylko pi\u0119knie pachn\u0105, ale te\u017c maj\u0105 prawdziwe dzia\u0142anie:<\/span><span data-ccp-props=\"{&quot;335559738&quot;:240,&quot;335559739&quot;:240}\">\u00a0<\/span><\/p>\n<ul>\n<li data-leveltext=\"\uf0b7\" data-font=\"Symbol\" data-listid=\"1\" data-list-defn-props=\"{&quot;335552541&quot;:1,&quot;335559685&quot;:720,&quot;335559991&quot;:360,&quot;469769226&quot;:&quot;Symbol&quot;,&quot;469769242&quot;:[8226],&quot;469777803&quot;:&quot;left&quot;,&quot;469777804&quot;:&quot;\uf0b7&quot;,&quot;469777815&quot;:&quot;hybridMultilevel&quot;}\" data-aria-posinset=\"1\" data-aria-level=\"1\"><span data-contrast=\"auto\">mandarynka zielona \u2013 mo\u017ce uspokaja\u0107 i poprawia\u0107 nastr\u00f3j,<\/span><span data-ccp-props=\"{&quot;335559739&quot;:0}\">\u00a0<\/span><\/li>\n<\/ul>\n<ul>\n<li data-leveltext=\"\uf0b7\" data-font=\"Symbol\" data-listid=\"1\" data-list-defn-props=\"{&quot;335552541&quot;:1,&quot;335559685&quot;:720,&quot;335559991&quot;:360,&quot;469769226&quot;:&quot;Symbol&quot;,&quot;469769242&quot;:[8226],&quot;469777803&quot;:&quot;left&quot;,&quot;469777804&quot;:&quot;\uf0b7&quot;,&quot;469777815&quot;:&quot;hybridMultilevel&quot;}\" data-aria-posinset=\"2\" data-aria-level=\"1\"><span data-contrast=\"auto\">mandarynka czerwona \u2013 mo\u017ce \u0142agodzi\u0107 nerwy i wspiera\u0107 spokojny sen,<\/span><span data-ccp-props=\"{&quot;335559739&quot;:0}\">\u00a0<\/span><\/li>\n<\/ul>\n<ul>\n<li data-leveltext=\"\uf0b7\" data-font=\"Symbol\" data-listid=\"1\" data-list-defn-props=\"{&quot;335552541&quot;:1,&quot;335559685&quot;:720,&quot;335559991&quot;:360,&quot;469769226&quot;:&quot;Symbol&quot;,&quot;469769242&quot;:[8226],&quot;469777803&quot;:&quot;left&quot;,&quot;469777804&quot;:&quot;\uf0b7&quot;,&quot;469777815&quot;:&quot;hybridMultilevel&quot;}\" data-aria-posinset=\"3\" data-aria-level=\"1\"><span data-contrast=\"auto\">bergamotka \u2013 mo\u017ce redukowa\u0107 stres i u\u0142atwia\u0107 relaks,<\/span><span data-ccp-props=\"{&quot;335559739&quot;:0}\">\u00a0<\/span><\/li>\n<\/ul>\n<ul>\n<li data-leveltext=\"\uf0b7\" data-font=\"Symbol\" data-listid=\"1\" data-list-defn-props=\"{&quot;335552541&quot;:1,&quot;335559685&quot;:720,&quot;335559991&quot;:360,&quot;469769226&quot;:&quot;Symbol&quot;,&quot;469769242&quot;:[8226],&quot;469777803&quot;:&quot;left&quot;,&quot;469777804&quot;:&quot;\uf0b7&quot;,&quot;469777815&quot;:&quot;hybridMultilevel&quot;}\" data-aria-posinset=\"4\" data-aria-level=\"1\"><span data-contrast=\"auto\">limonka \u2013 mo\u017ce doda\u0107 energii i zwalcza\u0107 apati\u0119,<\/span><span data-ccp-props=\"{&quot;335559739&quot;:0}\">\u00a0<\/span><\/li>\n<\/ul>\n<ul>\n<li data-leveltext=\"\uf0b7\" data-font=\"Symbol\" data-listid=\"1\" data-list-defn-props=\"{&quot;335552541&quot;:1,&quot;335559685&quot;:720,&quot;335559991&quot;:360,&quot;469769226&quot;:&quot;Symbol&quot;,&quot;469769242&quot;:[8226],&quot;469777803&quot;:&quot;left&quot;,&quot;469777804&quot;:&quot;\uf0b7&quot;,&quot;469777815&quot;:&quot;hybridMultilevel&quot;}\" data-aria-posinset=\"5\" data-aria-level=\"1\"><span data-contrast=\"auto\">may Chang \u2013 to jak zastrzyk koncentracji,<\/span><span data-ccp-props=\"{&quot;335559739&quot;:0}\">\u00a0<\/span><\/li>\n<\/ul>\n<ul>\n<li data-leveltext=\"\uf0b7\" data-font=\"Symbol\" data-listid=\"1\" data-list-defn-props=\"{&quot;335552541&quot;:1,&quot;335559685&quot;:720,&quot;335559991&quot;:360,&quot;469769226&quot;:&quot;Symbol&quot;,&quot;469769242&quot;:[8226],&quot;469777803&quot;:&quot;left&quot;,&quot;469777804&quot;:&quot;\uf0b7&quot;,&quot;469777815&quot;:&quot;hybridMultilevel&quot;}\" data-aria-posinset=\"6\" data-aria-level=\"1\"><span data-contrast=\"auto\">copaiba \u2013 mo\u017ce wspiera\u0107 regeneracj\u0119 emocjonaln\u0105,<\/span><span data-ccp-props=\"{&quot;335559739&quot;:0}\">\u00a0<\/span><\/li>\n<\/ul>\n<ul>\n<li data-leveltext=\"\uf0b7\" data-font=\"Symbol\" data-listid=\"1\" data-list-defn-props=\"{&quot;335552541&quot;:1,&quot;335559685&quot;:720,&quot;335559991&quot;:360,&quot;469769226&quot;:&quot;Symbol&quot;,&quot;469769242&quot;:[8226],&quot;469777803&quot;:&quot;left&quot;,&quot;469777804&quot;:&quot;\uf0b7&quot;,&quot;469777815&quot;:&quot;hybridMultilevel&quot;}\" data-aria-posinset=\"7\" data-aria-level=\"1\"><span data-contrast=\"auto\">ylang-ylang \u2013 zmys\u0142owy, kwiatowy olejek, kt\u00f3ry odpr\u0119\u017ca,<\/span><span data-ccp-props=\"{&quot;335559739&quot;:0}\">\u00a0<\/span><\/li>\n<\/ul>\n<ul>\n<li data-leveltext=\"\uf0b7\" data-font=\"Symbol\" data-listid=\"1\" data-list-defn-props=\"{&quot;335552541&quot;:1,&quot;335559685&quot;:720,&quot;335559991&quot;:360,&quot;469769226&quot;:&quot;Symbol&quot;,&quot;469769242&quot;:[8226],&quot;469777803&quot;:&quot;left&quot;,&quot;469777804&quot;:&quot;\uf0b7&quot;,&quot;469777815&quot;:&quot;hybridMultilevel&quot;}\" data-aria-posinset=\"8\" data-aria-level=\"1\"><span data-contrast=\"auto\">paczula \u2013 mo\u017ce g\u0142\u0119boko relaksowa\u0107 i uziemia\u0107.<\/span><span data-ccp-props=\"{&quot;335559739&quot;:0}\">\u00a0<\/span><\/li>\n<\/ul>\n<p><span data-contrast=\"auto\">Wi\u0119c kiedy nast\u0119pnym razem deszcz zacznie stuka\u0107 w okno, a szare niebo przyt\u0142oczy ka\u017cd\u0105 Twoj\u0105 my\u015bl, si\u0119gnij po <\/span><b><span data-contrast=\"auto\">Cytrusow\u0105 Rado\u015b\u0107<\/span><\/b><span data-contrast=\"auto\">. To prosty spos\u00f3b, by przywr\u00f3ci\u0107 lato do Twojego \u017cycia \u2013 w \u015brodku zimy, w samym sercu jesieni. S\u0142o\u0144ce jest bli\u017cej, ni\u017c my\u015blisz.<\/span><\/p>\n<p>&nbsp;<\/p>\n<p><span data-ccp-props=\"{&quot;335559738&quot;:240,&quot;335559739&quot;:240}\">\ud83d\udc49\u00a0Nie masz jak dyfuzowa\u0107 olejk\u00f3w? Sprawd\u017a <a href=\"https:\/\/klaudynahebda.pl\/sklep\/dyfuzor-do-aromaterapii\/\">dyfuzor bezwodny<\/a> do aromaterapii.\u00a0<\/span><\/p>\n<p>\ud83d\udc49\u00a0 Chcesz mie\u0107 &#8220;Cytrusow\u0105 Rado\u015b\u0107&#8221; zawsze przy sobie?\ud83c\udf4b Sprawd\u017a te\u017c <b><a href=\"https:\/\/klaudynahebda.pl\/sklep\/roll-on-cytrusowa-radosc\/\">roll-on<\/a> z tej samej serii i nie rozstawaj si\u0119 cytrusami na krok!<\/b><\/p>\n","protected":false},"excerpt":{"rendered":"<h2><b><span data-contrast=\"auto\">Mieszanka olejk\u00f3w eterycznych Cytrusowa Rado\u015b\u0107 to&#8230;<\/span><\/b><\/h2>\n<ul>\n<li><b><span data-contrast=\"auto\">energia, motywacja i dobry nastr\u00f3j w pachn\u0105cych kroplach<\/span><\/b><span data-ccp-props=\"{&quot;201341983&quot;:0,&quot;335559739&quot;:200,&quot;335559740&quot;:276}\">\u00a0<\/span><\/li>\n<li>cytrusowy radosny zapach landrynki \ud83c\udf4b<\/li>\n<li><span data-contrast=\"auto\">8 najlepszej jako\u015bci olejk\u00f3w eterycznych: <strong>mandarynka zielona, mandarynka czerwona, bergamotka, limonka, may Chang, copaiba, ylang-ylang, paczula<\/strong><\/span><\/li>\n<li>energetyzuj\u0105cy zapach soczystych cytrus\u00f3w, kt\u00f3ry &#8220;budzi do \u017cycia&#8221;<\/li>\n<li><span data-contrast=\"auto\">olfaktoryczny &#8220;poprawiacz&#8221; nastroju i samopoczucia<\/span><span data-ccp-props=\"{&quot;201341983&quot;:0,&quot;335559739&quot;:0,&quot;335559740&quot;:276}\">\u00a0<\/span><\/li>\n<li><span data-contrast=\"auto\">zapach, kt\u00f3ry dba o koncentracj\u0119 i jasno\u015b\u0107 umys\u0142u<\/span><span data-ccp-props=\"{&quot;201341983&quot;:0,&quot;335559739&quot;:0,&quot;335559740&quot;:276}\">\u00a0<\/span><\/li>\n<li data-leveltext=\"\u00b7\" data-font=\"Symbol\" data-listid=\"25\" data-list-defn-props=\"{&quot;335552541&quot;:1,&quot;335559685&quot;:720,&quot;335559991&quot;:360,&quot;469769226&quot;:&quot;Symbol&quot;,&quot;469769242&quot;:[8226],&quot;469777803&quot;:&quot;left&quot;,&quot;469777804&quot;:&quot;\u00b7&quot;,&quot;469777815&quot;:&quot;hybridMultilevel&quot;}\" data-aria-posinset=\"3\" data-aria-level=\"1\"><span data-contrast=\"auto\">naturalny spos\u00f3b na pobudzon\u0105 kreatywno\u015b\u0107<\/span><\/li>\n<li data-leveltext=\"\u00b7\" data-font=\"Symbol\" data-listid=\"25\" data-list-defn-props=\"{&quot;335552541&quot;:1,&quot;335559685&quot;:720,&quot;335559991&quot;:360,&quot;469769226&quot;:&quot;Symbol&quot;,&quot;469769242&quot;:[8226],&quot;469777803&quot;:&quot;left&quot;,&quot;469777804&quot;:&quot;\u00b7&quot;,&quot;469777815&quot;:&quot;hybridMultilevel&quot;}\" data-aria-posinset=\"3\" data-aria-level=\"1\"><span data-contrast=\"auto\">aromat, kt\u00f3ry pomaga zmniejszy\u0107 poziom stresu<\/span><\/li>\n<li data-leveltext=\"\u00b7\" data-font=\"Symbol\" data-listid=\"25\" data-list-defn-props=\"{&quot;335552541&quot;:1,&quot;335559685&quot;:720,&quot;335559991&quot;:360,&quot;469769226&quot;:&quot;Symbol&quot;,&quot;469769242&quot;:[8226],&quot;469777803&quot;:&quot;left&quot;,&quot;469777804&quot;:&quot;\u00b7&quot;,&quot;469777815&quot;:&quot;hybridMultilevel&quot;}\" data-aria-posinset=\"3\" data-aria-level=\"1\">&#8220;antidotum&#8221; na brak s\u0142o\u0144ca<\/li>\n<\/ul>\n","protected":false},"featured_media":3227418,"comment_status":"open","ping_status":"closed","template":"","meta":[],"product_cat":[114,130,36,38,90,118],"product_tag":[],"acf":[],"yoast_head":"<!-- This site is optimized with the Yoast SEO plugin v19.6.1 - https:\/\/yoast.com\/wordpress\/plugins\/seo\/ -->\n<title>Cytrusowa rado\u015b\u0107 \u2013 olejek cytrusowy, zapach cytrusowej landrynki [5-15 ml]<\/title>\n<meta name=\"description\" content=\"Cytrusowa Rado\u015b\u0107: mieszanka olejk\u00f3w eterycznych o \u015bwie\u017cym, energetyzuj\u0105cym zapachu cytrus\u00f3w, kt\u00f3ry wspiera dobry nastr\u00f3j i kreatywno\u015b\u0107. Spos\u00f3b na popraw\u0119 samopoczucia w szare dni!\" \/>\n<meta name=\"robots\" content=\"index, follow, max-snippet:-1, max-image-preview:large, max-video-preview:-1\" \/>\n<link rel=\"canonical\" href=\"https:\/\/klaudynahebda.pl\/sklep\/cytrusowa-radosc-mieszanka\/\" \/>\n<meta property=\"og:locale\" content=\"pl_PL\" \/>\n<meta property=\"og:type\" content=\"article\" \/>\n<meta property=\"og:title\" content=\"Cytrusowa rado\u015b\u0107 \u2013 olejek cytrusowy, zapach cytrusowej landrynki [5-15 ml]\" \/>\n<meta property=\"og:description\" content=\"Cytrusowa Rado\u015b\u0107: mieszanka olejk\u00f3w eterycznych o \u015bwie\u017cym, energetyzuj\u0105cym zapachu cytrus\u00f3w, kt\u00f3ry wspiera dobry nastr\u00f3j i kreatywno\u015b\u0107. Spos\u00f3b na popraw\u0119 samopoczucia w szare dni!\" \/>\n<meta property=\"og:url\" content=\"https:\/\/klaudynahebda.pl\/sklep\/cytrusowa-radosc-mieszanka\/\" \/>\n<meta property=\"og:site_name\" content=\"Klaudyna Hebda Nature\" \/>\n<meta property=\"article:modified_time\" content=\"2026-04-22T16:52:16+00:00\" \/>\n<meta property=\"og:image\" content=\"https:\/\/klaudynahebda.pl\/sklep\/wp-content\/uploads\/2024\/07\/38.jpg\" \/>\n\t<meta property=\"og:image:width\" content=\"1020\" \/>\n\t<meta property=\"og:image:height\" content=\"1530\" \/>\n\t<meta property=\"og:image:type\" content=\"image\/jpeg\" \/>\n<meta name=\"twitter:card\" content=\"summary_large_image\" \/>\n<meta name=\"twitter:label1\" content=\"Szacowany czas czytania\" \/>\n\t<meta name=\"twitter:data1\" content=\"3 minuty\" \/>\n<script type=\"application\/ld+json\" class=\"yoast-schema-graph\">{\"@context\":\"https:\/\/schema.org\",\"@graph\":[{\"@type\":\"WebPage\",\"@id\":\"https:\/\/klaudynahebda.pl\/sklep\/cytrusowa-radosc-mieszanka\/\",\"url\":\"https:\/\/klaudynahebda.pl\/sklep\/cytrusowa-radosc-mieszanka\/\",\"name\":\"Cytrusowa rado\u015b\u0107 \u2013 olejek cytrusowy, zapach cytrusowej landrynki [5-15 ml]\",\"isPartOf\":{\"@id\":\"https:\/\/klaudynahebda.pl\/sklep\/#website\"},\"datePublished\":\"2024-07-02T18:12:55+00:00\",\"dateModified\":\"2026-04-22T16:52:16+00:00\",\"description\":\"Cytrusowa Rado\u015b\u0107: mieszanka olejk\u00f3w eterycznych o \u015bwie\u017cym, energetyzuj\u0105cym zapachu cytrus\u00f3w, kt\u00f3ry wspiera dobry nastr\u00f3j i kreatywno\u015b\u0107. Spos\u00f3b na popraw\u0119 samopoczucia w szare dni!\",\"breadcrumb\":{\"@id\":\"https:\/\/klaudynahebda.pl\/sklep\/cytrusowa-radosc-mieszanka\/#breadcrumb\"},\"inLanguage\":\"pl-PL\",\"potentialAction\":[{\"@type\":\"ReadAction\",\"target\":[\"https:\/\/klaudynahebda.pl\/sklep\/cytrusowa-radosc-mieszanka\/\"]}]},{\"@type\":\"BreadcrumbList\",\"@id\":\"https:\/\/klaudynahebda.pl\/sklep\/cytrusowa-radosc-mieszanka\/#breadcrumb\",\"itemListElement\":[{\"@type\":\"ListItem\",\"position\":1,\"name\":\"Strona g\u0142\u00f3wna\",\"item\":\"https:\/\/klaudynahebda.pl\/sklep\/\"},{\"@type\":\"ListItem\",\"position\":2,\"name\":\"Sklep\",\"item\":\"https:\/\/klaudynahebda.pl\/sklep\/sklep\/\"},{\"@type\":\"ListItem\",\"position\":3,\"name\":\"Olejki eteryczne\",\"item\":\"https:\/\/klaudynahebda.pl\/sklep\/olejki-eteryczne\/\"},{\"@type\":\"ListItem\",\"position\":4,\"name\":\"Cytrusowa rado\u015b\u0107 &#8211; naturalny zapach cytrusowej landrynki\"}]},{\"@type\":\"WebSite\",\"@id\":\"https:\/\/klaudynahebda.pl\/sklep\/#website\",\"url\":\"https:\/\/klaudynahebda.pl\/sklep\/\",\"name\":\"Klaudyna Hebda Nature\",\"description\":\"Sklep\",\"publisher\":{\"@id\":\"https:\/\/klaudynahebda.pl\/sklep\/#organization\"},\"potentialAction\":[{\"@type\":\"SearchAction\",\"target\":{\"@type\":\"EntryPoint\",\"urlTemplate\":\"https:\/\/klaudynahebda.pl\/sklep\/?s={search_term_string}\"},\"query-input\":\"required name=search_term_string\"}],\"inLanguage\":\"pl-PL\"},{\"@type\":\"Organization\",\"@id\":\"https:\/\/klaudynahebda.pl\/sklep\/#organization\",\"name\":\"KlaudynaHebda\",\"url\":\"https:\/\/klaudynahebda.pl\/sklep\/\",\"sameAs\":[],\"logo\":{\"@type\":\"ImageObject\",\"inLanguage\":\"pl-PL\",\"@id\":\"https:\/\/klaudynahebda.pl\/sklep\/#\/schema\/logo\/image\/\",\"url\":\"\",\"contentUrl\":\"\",\"caption\":\"KlaudynaHebda\"},\"image\":{\"@id\":\"https:\/\/klaudynahebda.pl\/sklep\/#\/schema\/logo\/image\/\"}}]}<\/script>\n<!-- \/ Yoast SEO plugin. -->","yoast_head_json":{"title":"Cytrusowa rado\u015b\u0107 \u2013 olejek cytrusowy, zapach cytrusowej landrynki [5-15 ml]","description":"Cytrusowa Rado\u015b\u0107: mieszanka olejk\u00f3w eterycznych o \u015bwie\u017cym, energetyzuj\u0105cym zapachu cytrus\u00f3w, kt\u00f3ry wspiera dobry nastr\u00f3j i kreatywno\u015b\u0107. Spos\u00f3b na popraw\u0119 samopoczucia w szare dni!","robots":{"index":"index","follow":"follow","max-snippet":"max-snippet:-1","max-image-preview":"max-image-preview:large","max-video-preview":"max-video-preview:-1"},"canonical":"https:\/\/klaudynahebda.pl\/sklep\/cytrusowa-radosc-mieszanka\/","og_locale":"pl_PL","og_type":"article","og_title":"Cytrusowa rado\u015b\u0107 \u2013 olejek cytrusowy, zapach cytrusowej landrynki [5-15 ml]","og_description":"Cytrusowa Rado\u015b\u0107: mieszanka olejk\u00f3w eterycznych o \u015bwie\u017cym, energetyzuj\u0105cym zapachu cytrus\u00f3w, kt\u00f3ry wspiera dobry nastr\u00f3j i kreatywno\u015b\u0107. Spos\u00f3b na popraw\u0119 samopoczucia w szare dni!","og_url":"https:\/\/klaudynahebda.pl\/sklep\/cytrusowa-radosc-mieszanka\/","og_site_name":"Klaudyna Hebda Nature","article_modified_time":"2026-04-22T16:52:16+00:00","og_image":[{"width":1020,"height":1530,"url":"https:\/\/klaudynahebda.pl\/sklep\/wp-content\/uploads\/2024\/07\/38.jpg","type":"image\/jpeg"}],"twitter_card":"summary_large_image","twitter_misc":{"Szacowany czas czytania":"3 minuty"},"schema":{"@context":"https:\/\/schema.org","@graph":[{"@type":"WebPage","@id":"https:\/\/klaudynahebda.pl\/sklep\/cytrusowa-radosc-mieszanka\/","url":"https:\/\/klaudynahebda.pl\/sklep\/cytrusowa-radosc-mieszanka\/","name":"Cytrusowa rado\u015b\u0107 \u2013 olejek cytrusowy, zapach cytrusowej landrynki [5-15 ml]","isPartOf":{"@id":"https:\/\/klaudynahebda.pl\/sklep\/#website"},"datePublished":"2024-07-02T18:12:55+00:00","dateModified":"2026-04-22T16:52:16+00:00","description":"Cytrusowa Rado\u015b\u0107: mieszanka olejk\u00f3w eterycznych o \u015bwie\u017cym, energetyzuj\u0105cym zapachu cytrus\u00f3w, kt\u00f3ry wspiera dobry nastr\u00f3j i kreatywno\u015b\u0107. Spos\u00f3b na popraw\u0119 samopoczucia w szare dni!","breadcrumb":{"@id":"https:\/\/klaudynahebda.pl\/sklep\/cytrusowa-radosc-mieszanka\/#breadcrumb"},"inLanguage":"pl-PL","potentialAction":[{"@type":"ReadAction","target":["https:\/\/klaudynahebda.pl\/sklep\/cytrusowa-radosc-mieszanka\/"]}]},{"@type":"BreadcrumbList","@id":"https:\/\/klaudynahebda.pl\/sklep\/cytrusowa-radosc-mieszanka\/#breadcrumb","itemListElement":[{"@type":"ListItem","position":1,"name":"Strona g\u0142\u00f3wna","item":"https:\/\/klaudynahebda.pl\/sklep\/"},{"@type":"ListItem","position":2,"name":"Sklep","item":"https:\/\/klaudynahebda.pl\/sklep\/sklep\/"},{"@type":"ListItem","position":3,"name":"Olejki eteryczne","item":"https:\/\/klaudynahebda.pl\/sklep\/olejki-eteryczne\/"},{"@type":"ListItem","position":4,"name":"Cytrusowa rado\u015b\u0107 &#8211; naturalny zapach cytrusowej landrynki"}]},{"@type":"WebSite","@id":"https:\/\/klaudynahebda.pl\/sklep\/#website","url":"https:\/\/klaudynahebda.pl\/sklep\/","name":"Klaudyna Hebda Nature","description":"Sklep","publisher":{"@id":"https:\/\/klaudynahebda.pl\/sklep\/#organization"},"potentialAction":[{"@type":"SearchAction","target":{"@type":"EntryPoint","urlTemplate":"https:\/\/klaudynahebda.pl\/sklep\/?s={search_term_string}"},"query-input":"required name=search_term_string"}],"inLanguage":"pl-PL"},{"@type":"Organization","@id":"https:\/\/klaudynahebda.pl\/sklep\/#organization","name":"KlaudynaHebda","url":"https:\/\/klaudynahebda.pl\/sklep\/","sameAs":[],"logo":{"@type":"ImageObject","inLanguage":"pl-PL","@id":"https:\/\/klaudynahebda.pl\/sklep\/#\/schema\/logo\/image\/","url":"","contentUrl":"","caption":"KlaudynaHebda"},"image":{"@id":"https:\/\/klaudynahebda.pl\/sklep\/#\/schema\/logo\/image\/"}}]}},"_links":{"self":[{"href":"https:\/\/klaudynahebda.pl\/sklep\/wp-json\/wp\/v2\/product\/3046431"}],"collection":[{"href":"https:\/\/klaudynahebda.pl\/sklep\/wp-json\/wp\/v2\/product"}],"about":[{"href":"https:\/\/klaudynahebda.pl\/sklep\/wp-json\/wp\/v2\/types\/product"}],"replies":[{"embeddable":true,"href":"https:\/\/klaudynahebda.pl\/sklep\/wp-json\/wp\/v2\/comments?post=3046431"}],"wp:featuredmedia":[{"embeddable":true,"href":"https:\/\/klaudynahebda.pl\/sklep\/wp-json\/wp\/v2\/media\/3227418"}],"wp:attachment":[{"href":"https:\/\/klaudynahebda.pl\/sklep\/wp-json\/wp\/v2\/media?parent=3046431"}],"wp:term":[{"taxonomy":"product_cat","embeddable":true,"href":"https:\/\/klaudynahebda.pl\/sklep\/wp-json\/wp\/v2\/product_cat?post=3046431"},{"taxonomy":"product_tag","embeddable":true,"href":"https:\/\/klaudynahebda.pl\/sklep\/wp-json\/wp\/v2\/product_tag?post=3046431"}],"curies":[{"name":"wp","href":"https:\/\/api.w.org\/{rel}","templated":true}]}}