{"id":3016144,"date":"2024-05-14T16:10:52","date_gmt":"2024-05-14T14:10:52","guid":{"rendered":"https:\/\/klaudynahebda.pl\/sklep\/?post_type=product&#038;p=3016144"},"modified":"2025-11-13T09:36:31","modified_gmt":"2025-11-13T08:36:31","slug":"zestaw-3-herbat-na-dobry-sen-spokoj-czterech-alchemikow","status":"publish","type":"product","link":"https:\/\/klaudynahebda.pl\/sklep\/zestaw-3-herbat-na-dobry-sen-spokoj-czterech-alchemikow\/","title":{"rendered":"Zestaw 3 herbat: Na Dobry Sen, Spok\u00f3j, Czterech Alchemik\u00f3w\u00ae"},"content":{"rendered":"<p><span data-contrast=\"auto\">Herbatka Na Dobry Sen:<\/span><span data-ccp-props=\"{&quot;134233117&quot;:false,&quot;134233118&quot;:false,&quot;201341983&quot;:0,&quot;335559738&quot;:0,&quot;335559739&quot;:200,&quot;335559740&quot;:276}\">\u00a0<\/span><\/p>\n<p><b><span data-contrast=\"auto\">Ta mieszanka zio\u0142owa zawiera ziele m\u0119czennicy lekarskiej, kt\u00f3ra mo\u017ce przyczynia\u0107 si\u0119 do wspomagania zdrowego snu i odpr\u0119\u017cenia.\u00a0<\/span><\/b><span data-contrast=\"auto\">\u00a0<\/span><span data-ccp-props=\"{&quot;134233117&quot;:false,&quot;134233118&quot;:false,&quot;335551550&quot;:1,&quot;335551620&quot;:1,&quot;335557856&quot;:16777215,&quot;335559738&quot;:0,&quot;335559739&quot;:328}\">\u00a0<\/span><\/p>\n<p><span data-contrast=\"auto\">Wrzu\u0107 \u0142y\u017ck\u0119 suszu do ulubionego kubka, zalej wrz\u0105tkiem i patrz. Nie w telefon, lecz na prawdziw\u0105 magi\u0119, kt\u00f3ra w\u0142a\u015bnie dzieje si\u0119 na Twoim kuchennym blacie. Daj herbacie kilka minut, \u017ceby w pe\u0142ni wydoby\u0142 si\u0119 jej aromat oraz\u00a0<\/span><b><span data-contrast=\"auto\">niezwyk\u0142y, niebieski kolor<\/span><\/b><span data-contrast=\"auto\">.\u00a0\u00a0<\/span><span data-ccp-props=\"{&quot;134233117&quot;:false,&quot;134233118&quot;:false,&quot;335551550&quot;:1,&quot;335551620&quot;:1,&quot;335557856&quot;:16777215,&quot;335559738&quot;:0,&quot;335559739&quot;:328}\">\u00a0<\/span><\/p>\n<p><span data-contrast=\"auto\">Ta funkcjonalna herbatka zawiera\u00a0<\/span><b><span data-contrast=\"auto\">a\u017c 11 zi\u00f3\u0142.\u00a0<\/span><\/b><span data-contrast=\"auto\">Szyszka chmielu zwyczajnego\u00a0<\/span><b><span data-contrast=\"auto\">ma koj\u0105cy wp\u0142yw na uk\u0142ad nerwowy<\/span><\/b><span data-contrast=\"auto\">. <span class=\"TextRun SCXW142247055 BCX8\" lang=\"PL-PL\" xml:lang=\"PL-PL\" data-contrast=\"auto\"><span class=\"NormalTextRun SCXW142247055 BCX8\">Li\u015b\u0107 melisy lekarskiej przyczynia si\u0119 do zmniejszenia napi\u0119cia, niepokoju i dra\u017cliwo\u015bci.<\/span><\/span><\/span><\/p>\n<p><span data-contrast=\"auto\">To co\u015b wi\u0119cej ni\u017c kolejna \u201cherbatka na sen\u201d. To\u00a0<\/span><b><span data-contrast=\"auto\">moc prawdziwych zi\u00f3\u0142<\/span><\/b><span data-contrast=\"auto\">, kt\u00f3rych jako\u015b\u0107 \u2013 jako certyfikowana zielarka \u2013 sprawdzam osobi\u015bcie. Zaufaj starannie dobranym ro\u015blinom i daj sobie szans\u0119 na pi\u0119kne sny.<\/span><span data-ccp-props=\"{&quot;134233117&quot;:false,&quot;134233118&quot;:false,&quot;335551550&quot;:1,&quot;335551620&quot;:1,&quot;335557856&quot;:16777215,&quot;335559738&quot;:0,&quot;335559739&quot;:328}\">\u00a0<\/span><\/p>\n<p><span data-ccp-props=\"{&quot;134233117&quot;:false,&quot;134233118&quot;:false,&quot;201341983&quot;:0,&quot;335559738&quot;:0,&quot;335559739&quot;:200,&quot;335559740&quot;:276}\">\u00a0<\/span><\/p>\n<p><span data-contrast=\"auto\">Herbatka Spok\u00f3j:<\/span><span data-ccp-props=\"{&quot;134233117&quot;:false,&quot;134233118&quot;:false,&quot;201341983&quot;:0,&quot;335559738&quot;:0,&quot;335559739&quot;:200,&quot;335559740&quot;:276}\">\u00a0<\/span><\/p>\n<p><span data-contrast=\"auto\">Kiedy \u017cycie p\u0119dzi, nie daj\u0105c ci chwili wytchnienia, zaskakuje ci\u0119 i wywo\u0142uje chaos\u2026 Zatrzymaj si\u0119 na chwil\u0119 i po prostu daj sobie SPOK\u00d3J.<\/span><span data-ccp-props=\"{&quot;134233117&quot;:false,&quot;134233118&quot;:false,&quot;335551550&quot;:1,&quot;335551620&quot;:1,&quot;335557856&quot;:16777215,&quot;335559738&quot;:0,&quot;335559739&quot;:328}\">\u00a0<\/span><\/p>\n<p><span data-contrast=\"auto\">Nasz suplement diety w postaci herbatki \u201cSPOK\u00d3J\u201d pomo\u017ce uporz\u0105dkowa\u0107 zamotane my\u015bli. \u0141agodzi wszystko, co wynika z codziennego zgie\u0142ku.<\/span><span data-ccp-props=\"{&quot;134233117&quot;:false,&quot;134233118&quot;:false,&quot;335551550&quot;:1,&quot;335551620&quot;:1,&quot;335557856&quot;:16777215,&quot;335559738&quot;:0,&quot;335559739&quot;:328}\">\u00a0<\/span><\/p>\n<p><span data-contrast=\"auto\">Bazylia \u015bwi\u0119ta\u00a0<\/span><b><span data-contrast=\"auto\">pozwala zachowa\u0107 witalno\u015b\u0107<\/span><\/b><span data-contrast=\"auto\">. Pomaga r\u00f3wnie\u017c<\/span><b><span data-contrast=\"auto\">\u00a0zachowa\u0107 odporno\u015b\u0107 na stres.<\/span><\/b><span data-contrast=\"auto\">\u00a0Li\u015bcie mi\u0119ty pieprzowej przyczyniaj\u0105 si\u0119 do optymalnego<\/span><b><span data-contrast=\"auto\">\u00a0odpr\u0119\u017cenia oraz pomagaj\u0105 w utrzymaniu zdrowego snu.<\/span><\/b><span data-ccp-props=\"{&quot;134233117&quot;:false,&quot;134233118&quot;:false,&quot;335551550&quot;:1,&quot;335551620&quot;:1,&quot;335557856&quot;:16777215,&quot;335559738&quot;:0,&quot;335559739&quot;:328}\">\u00a0<\/span><\/p>\n<p><span data-contrast=\"auto\">Wiemy to, i Ty i ja, \u017ce czasem\u00a0<\/span><i><span data-contrast=\"auto\">SPOK\u00d3J<\/span><\/i><span data-contrast=\"auto\">\u00a0i tylko\u00a0<\/span><i><span data-contrast=\"auto\">SPOK\u00d3J<\/span><\/i><span data-contrast=\"auto\">\u00a0mo\u017ce nas uratowa\u0107\u2026<\/span><span data-ccp-props=\"{&quot;134233117&quot;:false,&quot;134233118&quot;:false,&quot;335551550&quot;:1,&quot;335551620&quot;:1,&quot;335557856&quot;:16777215,&quot;335559738&quot;:0,&quot;335559739&quot;:328}\">\u00a0<\/span><\/p>\n<p><span data-ccp-props=\"{&quot;134233117&quot;:false,&quot;134233118&quot;:false,&quot;201341983&quot;:0,&quot;335559738&quot;:0,&quot;335559739&quot;:200,&quot;335559740&quot;:276}\">\u00a0<\/span><\/p>\n<p><span data-contrast=\"auto\">Herbatka Czterech Alchemik\u00f3w\u00ae:<\/span><span data-ccp-props=\"{&quot;134233117&quot;:false,&quot;134233118&quot;:false,&quot;201341983&quot;:0,&quot;335559738&quot;:0,&quot;335559739&quot;:200,&quot;335559740&quot;:276}\">\u00a0<\/span><\/p>\n<p><span data-contrast=\"auto\">Z tej mieszanki Czterech Alchemik\u00f3w\u00ae jestem NAPRAWD\u0118 dumna.<\/span><span data-ccp-props=\"{&quot;134233117&quot;:false,&quot;134233118&quot;:false,&quot;335551550&quot;:1,&quot;335551620&quot;:1,&quot;335557856&quot;:16777215,&quot;335559738&quot;:0,&quot;335559739&quot;:328}\">\u00a0<\/span><\/p>\n<p><span data-contrast=\"auto\">To moja pierwsza mieszanka zio\u0142owa, w kt\u00f3rej znajdziesz gwiazdy zielarstwa. Tworz\u0105c j\u0105, po\u0142\u0105czy\u0142am tradycyjne zielarstwo, fantastycznej jako\u015bci sk\u0142adniki oraz wiedz\u0119 naukow\u0105.<\/span><\/p>\n<p><span data-contrast=\"auto\">Herbatka Czterech Alchemik\u00f3w\u00ae zawiera\u00a0<\/span><b><span data-contrast=\"auto\">kwiat czarnego bzu, imbir, mi\u0119t\u0119 pieprzow\u0105, kt\u00f3re pomagaj\u0105 w prawid\u0142owym funkcjonowaniu uk\u0142adu odporno\u015bciowego<\/span><\/b><span data-contrast=\"auto\">. W sk\u0142adzie wyst\u0119puje r\u00f3wnie\u017c\u00a0<\/span><b><span data-contrast=\"auto\">cynamon oraz go\u017adziki, kt\u00f3re wspomagaj\u0105 w utrzymaniu zdrowia g\u00f3rnych dr\u00f3g oddechowych.<\/span><\/b><span data-ccp-props=\"{&quot;134233117&quot;:false,&quot;134233118&quot;:false,&quot;335551550&quot;:1,&quot;335551620&quot;:1,&quot;335557856&quot;:16777215,&quot;335559738&quot;:0,&quot;335559739&quot;:328}\">\u00a0<\/span><\/p>\n<p><span data-contrast=\"auto\">Mam nadziej\u0119, \u017ce kiedy b\u0119dziesz zaparza\u0107, na chwil\u0119 pomy\u015blisz o swojej pra-pra-pra-babci\u2026<\/span><br \/>\n<span data-contrast=\"auto\">Kt\u00f3ra kiedy\u015b, gdzie\u015b, mo\u017ce przy piecu kaflowym albo w czajowarze, parzy\u0142a dla swojej rodziny gor\u0105cy, wspieraj\u0105cy wywar. Kiedy\u015b my b\u0119dziemy pra-pra-pra-\u2026. I kto wie, mo\u017ce te\u017c kto\u015b nas ciep\u0142o wspomni.<\/span><span data-ccp-props=\"{&quot;134233117&quot;:false,&quot;134233118&quot;:false,&quot;335551550&quot;:1,&quot;335551620&quot;:1,&quot;335557856&quot;:16777215,&quot;335559738&quot;:0,&quot;335559739&quot;:328}\">\u00a0<\/span><\/p>\n<p><span data-contrast=\"auto\">Wszystkie zio\u0142a i przyprawy w mieszance s\u0105 ekologiczne.<\/span><span data-ccp-props=\"{&quot;134233117&quot;:false,&quot;134233118&quot;:false,&quot;335551550&quot;:1,&quot;335551620&quot;:1,&quot;335557856&quot;:16777215,&quot;335559738&quot;:0,&quot;335559739&quot;:328}\">\u00a0<\/span><\/p>\n<p><span data-ccp-props=\"{&quot;134233117&quot;:false,&quot;134233118&quot;:false,&quot;201341983&quot;:0,&quot;335559738&quot;:0,&quot;335559739&quot;:200,&quot;335559740&quot;:276}\">\u00a0<\/span><\/p>\n<p><span data-contrast=\"auto\">Wi\u0119cej informacji o produktach z zestawu znajdziesz na stronach poszczeg\u00f3lnych produkt\u00f3w w naszym sklepie.<\/span><span data-contrast=\"auto\">\u00a0<\/span><span data-ccp-props=\"{&quot;134233117&quot;:false,&quot;134233118&quot;:false,&quot;201341983&quot;:0,&quot;335559738&quot;:0,&quot;335559739&quot;:200,&quot;335559740&quot;:276}\">\u00a0<\/span><\/p>\n","protected":false},"excerpt":{"rendered":"<p><span data-contrast=\"auto\">Zadbaj o sen, czas dla siebie i odporno\u015b\u0107. Ten zestaw Ci w tym pomo\u017ce. To trzy bukiety sprawdzonych, starannie dobranych zi\u00f3\u0142, zamkni\u0119te w trzech szklanych s\u0142oiczkach. Przyrz\u0105d\u017a z nich aromatyczne napary, zadbaj o chwil\u0119 dla siebie i sw\u00f3j organizm. Mo\u017cesz te\u017c podarowa\u0107 go bliskiej osobie &#8211; razem z nim przekazujesz jej trosk\u0119 o dobry\u00a0nastr\u00f3j, wsparcie i wiele chwil przy fili\u017cance ciep\u0142ego naparu. <\/span><span data-ccp-props=\"{&quot;134233117&quot;:false,&quot;134233118&quot;:false,&quot;201341983&quot;:0,&quot;335559738&quot;:0,&quot;335559739&quot;:200,&quot;335559740&quot;:276}\">\u00a0<\/span><\/p>\n<p><span data-ccp-props=\"{&quot;134233117&quot;:false,&quot;134233118&quot;:false,&quot;201341983&quot;:0,&quot;335559738&quot;:0,&quot;335559739&quot;:200,&quot;335559740&quot;:276}\">\u00a0<\/span><\/p>\n<p><span data-contrast=\"auto\">Zestaw zawiera:<\/span><span data-ccp-props=\"{&quot;134233117&quot;:false,&quot;134233118&quot;:false,&quot;201341983&quot;:0,&quot;335559738&quot;:0,&quot;335559739&quot;:200,&quot;335559740&quot;:276}\">\u00a0<\/span><\/p>\n<ul>\n<li data-leveltext=\"\u00b7\" data-font=\"Symbol\" data-listid=\"1\" data-list-defn-props=\"{&quot;335552541&quot;:1,&quot;335559685&quot;:720,&quot;335559991&quot;:360,&quot;469769226&quot;:&quot;Symbol&quot;,&quot;469769242&quot;:[8226],&quot;469777803&quot;:&quot;left&quot;,&quot;469777804&quot;:&quot;\u00b7&quot;,&quot;469777815&quot;:&quot;hybridMultilevel&quot;}\" data-aria-posinset=\"1\" data-aria-level=\"1\"><b><span data-contrast=\"auto\">herbatk\u0119 Na dobry sen<\/span><\/b><span data-contrast=\"auto\"> \u2013 polecan\u0105, gdy chcesz si\u0119 odpr\u0119\u017cy\u0107 przed snem;<\/span><span data-ccp-props=\"{&quot;134233117&quot;:false,&quot;134233118&quot;:false,&quot;201341983&quot;:0,&quot;335559685&quot;:720,&quot;335559737&quot;:0,&quot;335559738&quot;:0,&quot;335559739&quot;:0,&quot;335559740&quot;:276,&quot;335559991&quot;:360}\">\u00a0<\/span><\/li>\n<li data-leveltext=\"\u00b7\" data-font=\"Symbol\" data-listid=\"1\" data-list-defn-props=\"{&quot;335552541&quot;:1,&quot;335559685&quot;:720,&quot;335559991&quot;:360,&quot;469769226&quot;:&quot;Symbol&quot;,&quot;469769242&quot;:[8226],&quot;469777803&quot;:&quot;left&quot;,&quot;469777804&quot;:&quot;\u00b7&quot;,&quot;469777815&quot;:&quot;hybridMultilevel&quot;}\" data-aria-posinset=\"2\" data-aria-level=\"1\"><b><span data-contrast=\"auto\">herbatk\u0119 Spok\u00f3j<\/span><\/b><span data-contrast=\"auto\"> \u2013 kt\u00f3ra pomo\u017ce Ci si\u0119 zatrzyma\u0107 w codziennym biegu;<\/span><span data-ccp-props=\"{&quot;134233117&quot;:false,&quot;134233118&quot;:false,&quot;201341983&quot;:0,&quot;335559685&quot;:720,&quot;335559737&quot;:0,&quot;335559738&quot;:0,&quot;335559739&quot;:0,&quot;335559740&quot;:276,&quot;335559991&quot;:360}\">\u00a0<\/span><\/li>\n<li data-leveltext=\"\u00b7\" data-font=\"Symbol\" data-listid=\"1\" data-list-defn-props=\"{&quot;335552541&quot;:1,&quot;335559685&quot;:720,&quot;335559991&quot;:360,&quot;469769226&quot;:&quot;Symbol&quot;,&quot;469769242&quot;:[8226],&quot;469777803&quot;:&quot;left&quot;,&quot;469777804&quot;:&quot;\u00b7&quot;,&quot;469777815&quot;:&quot;hybridMultilevel&quot;}\" data-aria-posinset=\"3\" data-aria-level=\"1\"><b><span data-contrast=\"auto\">herbatk\u0119 Czterech Alchemik\u00f3w\u00ae<\/span><\/b><span data-contrast=\"auto\"> \u2013 z bzem czarnym, imbirem, mi\u0119t\u0105 i innymi zio\u0142ami, kt\u00f3re mog\u0105 wspiera\u0107 uk\u0142ad odporno\u015bciowy.<\/span><span data-ccp-props=\"{&quot;134233117&quot;:false,&quot;134233118&quot;:false,&quot;201341983&quot;:0,&quot;335559685&quot;:720,&quot;335559737&quot;:0,&quot;335559738&quot;:0,&quot;335559739&quot;:0,&quot;335559740&quot;:276,&quot;335559991&quot;:360}\">\u00a0<\/span><\/li>\n<\/ul>\n","protected":false},"featured_media":3016153,"comment_status":"open","ping_status":"closed","template":"","meta":[],"product_cat":[131],"product_tag":[],"acf":[],"yoast_head":"<!-- This site is optimized with the Yoast SEO plugin v19.6.1 - https:\/\/yoast.com\/wordpress\/plugins\/seo\/ -->\n<title>Zestaw 3 herbat: Na Dobry Sen, Spok\u00f3j, Czterech Alchemik\u00f3w\u00ae - Klaudyna Hebda Nature<\/title>\n<meta name=\"robots\" content=\"index, follow, max-snippet:-1, max-image-preview:large, max-video-preview:-1\" \/>\n<link rel=\"canonical\" href=\"https:\/\/klaudynahebda.pl\/sklep\/zestaw-3-herbat-na-dobry-sen-spokoj-czterech-alchemikow\/\" \/>\n<meta property=\"og:locale\" content=\"pl_PL\" \/>\n<meta property=\"og:type\" content=\"article\" \/>\n<meta property=\"og:title\" content=\"Zestaw 3 herbat: Na Dobry Sen, Spok\u00f3j, Czterech Alchemik\u00f3w\u00ae - Klaudyna Hebda Nature\" \/>\n<meta property=\"og:description\" content=\"Zadbaj o sen, czas dla siebie i odporno\u015b\u0107. Ten zestaw Ci w tym pomo\u017ce. To trzy bukiety sprawdzonych, starannie dobranych zi\u00f3\u0142, zamkni\u0119te w trzech szklanych s\u0142oiczkach. Przyrz\u0105d\u017a z nich aromatyczne napary, zadbaj o chwil\u0119 dla siebie i sw\u00f3j organizm. Mo\u017cesz te\u017c podarowa\u0107 go bliskiej osobie - razem z nim przekazujesz jej trosk\u0119 o dobry\u00a0nastr\u00f3j, wsparcie i wiele chwil przy fili\u017cance ciep\u0142ego naparu. \u00a0  \u00a0  Zestaw zawiera:\u00a0   herbatk\u0119 Na dobry sen \u2013 polecan\u0105, gdy chcesz si\u0119 odpr\u0119\u017cy\u0107 przed snem;\u00a0  herbatk\u0119 Spok\u00f3j \u2013 kt\u00f3ra pomo\u017ce Ci si\u0119 zatrzyma\u0107 w codziennym biegu;\u00a0  herbatk\u0119 Czterech Alchemik\u00f3w\u00ae \u2013 z bzem czarnym, imbirem, mi\u0119t\u0105 i innymi zio\u0142ami, kt\u00f3re mog\u0105 wspiera\u0107 uk\u0142ad odporno\u015bciowy.\u00a0\" \/>\n<meta property=\"og:url\" content=\"https:\/\/klaudynahebda.pl\/sklep\/zestaw-3-herbat-na-dobry-sen-spokoj-czterech-alchemikow\/\" \/>\n<meta property=\"og:site_name\" content=\"Klaudyna Hebda Nature\" \/>\n<meta property=\"article:modified_time\" content=\"2025-11-13T08:36:31+00:00\" \/>\n<meta property=\"og:image\" content=\"https:\/\/klaudynahebda.pl\/sklep\/wp-content\/uploads\/2024\/05\/Zestaw-3-Herbat-pion-scaled.jpg\" \/>\n\t<meta property=\"og:image:width\" content=\"1707\" \/>\n\t<meta property=\"og:image:height\" content=\"2560\" \/>\n\t<meta property=\"og:image:type\" content=\"image\/jpeg\" \/>\n<meta name=\"twitter:card\" content=\"summary_large_image\" \/>\n<meta name=\"twitter:label1\" content=\"Szacowany czas czytania\" \/>\n\t<meta name=\"twitter:data1\" content=\"2 minuty\" \/>\n<script type=\"application\/ld+json\" class=\"yoast-schema-graph\">{\"@context\":\"https:\/\/schema.org\",\"@graph\":[{\"@type\":\"WebPage\",\"@id\":\"https:\/\/klaudynahebda.pl\/sklep\/zestaw-3-herbat-na-dobry-sen-spokoj-czterech-alchemikow\/\",\"url\":\"https:\/\/klaudynahebda.pl\/sklep\/zestaw-3-herbat-na-dobry-sen-spokoj-czterech-alchemikow\/\",\"name\":\"Zestaw 3 herbat: Na Dobry Sen, Spok\u00f3j, Czterech Alchemik\u00f3w\u00ae - Klaudyna Hebda Nature\",\"isPartOf\":{\"@id\":\"https:\/\/klaudynahebda.pl\/sklep\/#website\"},\"datePublished\":\"2024-05-14T14:10:52+00:00\",\"dateModified\":\"2025-11-13T08:36:31+00:00\",\"breadcrumb\":{\"@id\":\"https:\/\/klaudynahebda.pl\/sklep\/zestaw-3-herbat-na-dobry-sen-spokoj-czterech-alchemikow\/#breadcrumb\"},\"inLanguage\":\"pl-PL\",\"potentialAction\":[{\"@type\":\"ReadAction\",\"target\":[\"https:\/\/klaudynahebda.pl\/sklep\/zestaw-3-herbat-na-dobry-sen-spokoj-czterech-alchemikow\/\"]}]},{\"@type\":\"BreadcrumbList\",\"@id\":\"https:\/\/klaudynahebda.pl\/sklep\/zestaw-3-herbat-na-dobry-sen-spokoj-czterech-alchemikow\/#breadcrumb\",\"itemListElement\":[{\"@type\":\"ListItem\",\"position\":1,\"name\":\"Strona g\u0142\u00f3wna\",\"item\":\"https:\/\/klaudynahebda.pl\/sklep\/\"},{\"@type\":\"ListItem\",\"position\":2,\"name\":\"Sklep\",\"item\":\"https:\/\/klaudynahebda.pl\/sklep\/sklep\/\"},{\"@type\":\"ListItem\",\"position\":3,\"name\":\"Herbaty zio\u0142owe z olejkami\",\"item\":\"https:\/\/klaudynahebda.pl\/sklep\/herbaty\/\"},{\"@type\":\"ListItem\",\"position\":4,\"name\":\"Zestaw 3 herbat: Na Dobry Sen, Spok\u00f3j, Czterech Alchemik\u00f3w\u00ae\"}]},{\"@type\":\"WebSite\",\"@id\":\"https:\/\/klaudynahebda.pl\/sklep\/#website\",\"url\":\"https:\/\/klaudynahebda.pl\/sklep\/\",\"name\":\"Klaudyna Hebda Nature\",\"description\":\"Sklep\",\"publisher\":{\"@id\":\"https:\/\/klaudynahebda.pl\/sklep\/#organization\"},\"potentialAction\":[{\"@type\":\"SearchAction\",\"target\":{\"@type\":\"EntryPoint\",\"urlTemplate\":\"https:\/\/klaudynahebda.pl\/sklep\/?s={search_term_string}\"},\"query-input\":\"required name=search_term_string\"}],\"inLanguage\":\"pl-PL\"},{\"@type\":\"Organization\",\"@id\":\"https:\/\/klaudynahebda.pl\/sklep\/#organization\",\"name\":\"KlaudynaHebda\",\"url\":\"https:\/\/klaudynahebda.pl\/sklep\/\",\"sameAs\":[],\"logo\":{\"@type\":\"ImageObject\",\"inLanguage\":\"pl-PL\",\"@id\":\"https:\/\/klaudynahebda.pl\/sklep\/#\/schema\/logo\/image\/\",\"url\":\"\",\"contentUrl\":\"\",\"caption\":\"KlaudynaHebda\"},\"image\":{\"@id\":\"https:\/\/klaudynahebda.pl\/sklep\/#\/schema\/logo\/image\/\"}}]}<\/script>\n<!-- \/ Yoast SEO plugin. -->","yoast_head_json":{"title":"Zestaw 3 herbat: Na Dobry Sen, Spok\u00f3j, Czterech Alchemik\u00f3w\u00ae - Klaudyna Hebda Nature","robots":{"index":"index","follow":"follow","max-snippet":"max-snippet:-1","max-image-preview":"max-image-preview:large","max-video-preview":"max-video-preview:-1"},"canonical":"https:\/\/klaudynahebda.pl\/sklep\/zestaw-3-herbat-na-dobry-sen-spokoj-czterech-alchemikow\/","og_locale":"pl_PL","og_type":"article","og_title":"Zestaw 3 herbat: Na Dobry Sen, Spok\u00f3j, Czterech Alchemik\u00f3w\u00ae - Klaudyna Hebda Nature","og_description":"Zadbaj o sen, czas dla siebie i odporno\u015b\u0107. Ten zestaw Ci w tym pomo\u017ce. To trzy bukiety sprawdzonych, starannie dobranych zi\u00f3\u0142, zamkni\u0119te w trzech szklanych s\u0142oiczkach. Przyrz\u0105d\u017a z nich aromatyczne napary, zadbaj o chwil\u0119 dla siebie i sw\u00f3j organizm. Mo\u017cesz te\u017c podarowa\u0107 go bliskiej osobie - razem z nim przekazujesz jej trosk\u0119 o dobry\u00a0nastr\u00f3j, wsparcie i wiele chwil przy fili\u017cance ciep\u0142ego naparu. \u00a0  \u00a0  Zestaw zawiera:\u00a0   herbatk\u0119 Na dobry sen \u2013 polecan\u0105, gdy chcesz si\u0119 odpr\u0119\u017cy\u0107 przed snem;\u00a0  herbatk\u0119 Spok\u00f3j \u2013 kt\u00f3ra pomo\u017ce Ci si\u0119 zatrzyma\u0107 w codziennym biegu;\u00a0  herbatk\u0119 Czterech Alchemik\u00f3w\u00ae \u2013 z bzem czarnym, imbirem, mi\u0119t\u0105 i innymi zio\u0142ami, kt\u00f3re mog\u0105 wspiera\u0107 uk\u0142ad odporno\u015bciowy.\u00a0","og_url":"https:\/\/klaudynahebda.pl\/sklep\/zestaw-3-herbat-na-dobry-sen-spokoj-czterech-alchemikow\/","og_site_name":"Klaudyna Hebda Nature","article_modified_time":"2025-11-13T08:36:31+00:00","og_image":[{"width":1707,"height":2560,"url":"https:\/\/klaudynahebda.pl\/sklep\/wp-content\/uploads\/2024\/05\/Zestaw-3-Herbat-pion-scaled.jpg","type":"image\/jpeg"}],"twitter_card":"summary_large_image","twitter_misc":{"Szacowany czas czytania":"2 minuty"},"schema":{"@context":"https:\/\/schema.org","@graph":[{"@type":"WebPage","@id":"https:\/\/klaudynahebda.pl\/sklep\/zestaw-3-herbat-na-dobry-sen-spokoj-czterech-alchemikow\/","url":"https:\/\/klaudynahebda.pl\/sklep\/zestaw-3-herbat-na-dobry-sen-spokoj-czterech-alchemikow\/","name":"Zestaw 3 herbat: Na Dobry Sen, Spok\u00f3j, Czterech Alchemik\u00f3w\u00ae - Klaudyna Hebda Nature","isPartOf":{"@id":"https:\/\/klaudynahebda.pl\/sklep\/#website"},"datePublished":"2024-05-14T14:10:52+00:00","dateModified":"2025-11-13T08:36:31+00:00","breadcrumb":{"@id":"https:\/\/klaudynahebda.pl\/sklep\/zestaw-3-herbat-na-dobry-sen-spokoj-czterech-alchemikow\/#breadcrumb"},"inLanguage":"pl-PL","potentialAction":[{"@type":"ReadAction","target":["https:\/\/klaudynahebda.pl\/sklep\/zestaw-3-herbat-na-dobry-sen-spokoj-czterech-alchemikow\/"]}]},{"@type":"BreadcrumbList","@id":"https:\/\/klaudynahebda.pl\/sklep\/zestaw-3-herbat-na-dobry-sen-spokoj-czterech-alchemikow\/#breadcrumb","itemListElement":[{"@type":"ListItem","position":1,"name":"Strona g\u0142\u00f3wna","item":"https:\/\/klaudynahebda.pl\/sklep\/"},{"@type":"ListItem","position":2,"name":"Sklep","item":"https:\/\/klaudynahebda.pl\/sklep\/sklep\/"},{"@type":"ListItem","position":3,"name":"Herbaty zio\u0142owe z olejkami","item":"https:\/\/klaudynahebda.pl\/sklep\/herbaty\/"},{"@type":"ListItem","position":4,"name":"Zestaw 3 herbat: Na Dobry Sen, Spok\u00f3j, Czterech Alchemik\u00f3w\u00ae"}]},{"@type":"WebSite","@id":"https:\/\/klaudynahebda.pl\/sklep\/#website","url":"https:\/\/klaudynahebda.pl\/sklep\/","name":"Klaudyna Hebda Nature","description":"Sklep","publisher":{"@id":"https:\/\/klaudynahebda.pl\/sklep\/#organization"},"potentialAction":[{"@type":"SearchAction","target":{"@type":"EntryPoint","urlTemplate":"https:\/\/klaudynahebda.pl\/sklep\/?s={search_term_string}"},"query-input":"required name=search_term_string"}],"inLanguage":"pl-PL"},{"@type":"Organization","@id":"https:\/\/klaudynahebda.pl\/sklep\/#organization","name":"KlaudynaHebda","url":"https:\/\/klaudynahebda.pl\/sklep\/","sameAs":[],"logo":{"@type":"ImageObject","inLanguage":"pl-PL","@id":"https:\/\/klaudynahebda.pl\/sklep\/#\/schema\/logo\/image\/","url":"","contentUrl":"","caption":"KlaudynaHebda"},"image":{"@id":"https:\/\/klaudynahebda.pl\/sklep\/#\/schema\/logo\/image\/"}}]}},"_links":{"self":[{"href":"https:\/\/klaudynahebda.pl\/sklep\/wp-json\/wp\/v2\/product\/3016144"}],"collection":[{"href":"https:\/\/klaudynahebda.pl\/sklep\/wp-json\/wp\/v2\/product"}],"about":[{"href":"https:\/\/klaudynahebda.pl\/sklep\/wp-json\/wp\/v2\/types\/product"}],"replies":[{"embeddable":true,"href":"https:\/\/klaudynahebda.pl\/sklep\/wp-json\/wp\/v2\/comments?post=3016144"}],"wp:featuredmedia":[{"embeddable":true,"href":"https:\/\/klaudynahebda.pl\/sklep\/wp-json\/wp\/v2\/media\/3016153"}],"wp:attachment":[{"href":"https:\/\/klaudynahebda.pl\/sklep\/wp-json\/wp\/v2\/media?parent=3016144"}],"wp:term":[{"taxonomy":"product_cat","embeddable":true,"href":"https:\/\/klaudynahebda.pl\/sklep\/wp-json\/wp\/v2\/product_cat?post=3016144"},{"taxonomy":"product_tag","embeddable":true,"href":"https:\/\/klaudynahebda.pl\/sklep\/wp-json\/wp\/v2\/product_tag?post=3016144"}],"curies":[{"name":"wp","href":"https:\/\/api.w.org\/{rel}","templated":true}]}}