{"id":299708,"date":"2022-04-21T12:48:02","date_gmt":"2022-04-21T10:48:02","guid":{"rendered":"https:\/\/klaudynahebda.pl\/sklep\/?post_type=product&#038;p=299708"},"modified":"2026-04-11T11:52:09","modified_gmt":"2026-04-11T09:52:09","slug":"herbata-na-dobry-sen","status":"publish","type":"product","link":"https:\/\/klaudynahebda.pl\/sklep\/herbata-na-dobry-sen\/","title":{"rendered":"NA DOBRY SEN \u2013 Suplement diety w formie herbatki [50 g]"},"content":{"rendered":"<h2><strong>Co zielarka i aromaterapeutka kliniczna m\u00f3wi o zio\u0142owej herbacie Na dobry sen?<\/strong><\/h2>\n<p><i><span data-contrast=\"auto\">Moja herbata na dobry sen jest inna od wszystkich, kt\u00f3re do tej pory pi\u0142a\u015b. Wi\u0119kszo\u015b\u0107 z tych \u0142atwo dost\u0119pnych sk\u0142ada si\u0119 z trzech, mo\u017ce czterech zi\u00f3\u0142. W mojej jest ich a\u017c 11 i to w towarzystwie adaptogenu ashwagandy i koj\u0105cego olejku z mandarynki. <\/span><\/i><i><span data-contrast=\"auto\">Poczujesz tu z pewno\u015bci\u0105 dobrze znane Ci aromaty: mi\u0119ty, melisy, werbeny, chmielu, lipy. Jednak dla wzmocnienia efektu po\u0142\u0105czy\u0142am je z zielem m\u0119czennicy, klitori\u0105 ternate\u0144sk\u0105 (to w\u0142a\u015bnie ona odpowiada za niebieski kolor naparu) oraz kocimi\u0119tk\u0105 i traw\u0105 cytrynow\u0105, kt\u00f3re nadaj\u0105 naparowi niepowtarzalny smak.<\/span><\/i><\/p>\n<h2><b><span data-contrast=\"auto\">Jak dzia\u0142a suplement diety <\/span><\/b><strong>Na dobry sen\u00a0<\/strong><b><span data-contrast=\"auto\">w formie herbatki?<\/span><\/b><span data-ccp-props=\"{&quot;201341983&quot;:0,&quot;335559739&quot;:160,&quot;335559740&quot;:259}\">\u00a0<\/span><\/h2>\n<p><span data-contrast=\"auto\">Herbatka ma w swoim sk\u0142adzie szyszk\u0119 chmielu zwyczajnego, kt\u00f3ra ma <strong>koj\u0105cy wp\u0142yw na uk\u0142ad nerwowy<\/strong>. <\/span><\/p>\n<p><span data-contrast=\"auto\">Li\u015b\u0107 melisy lekarskiej <strong>pomaga w lepszym \u015bnie i pomaga zmniejszy\u0107 napi\u0119cie<\/strong>. Jest du\u017ca szansa, \u017ce stosuj\u0105c Herbatk\u0119 kolejny dzie\u0144 rozpoczniesz <\/span><span data-contrast=\"none\">wyspana, wypocz\u0119ta i pe\u0142na energii.\u00a0<\/span><span data-ccp-props=\"{&quot;134233117&quot;:false,&quot;134233118&quot;:false,&quot;201341983&quot;:0,&quot;335551550&quot;:1,&quot;335551620&quot;:1,&quot;335559685&quot;:0,&quot;335559737&quot;:0,&quot;335559738&quot;:0,&quot;335559739&quot;:160,&quot;335559740&quot;:259}\">\u00a0<\/span><\/p>\n<p><span data-contrast=\"none\">Mo\u017cesz j\u0105 r\u00f3wnie\u017c stosowa\u0107 <\/span><b><span data-contrast=\"none\">po po\u0142udniu, by si\u0119 odpr\u0119\u017cy\u0107<\/span><\/b><span data-contrast=\"none\"> po intensywnym, pe\u0142nym obowi\u0105zk\u00f3w dniu. Nie martw si\u0119, Herbatka nie sprawi, \u017ce natychmiast za\u015bniesz! Mo\u017ce pom\u00f3c osi\u0105gn\u0105\u0107<strong> uczucie odpr\u0119\u017cenia<\/strong> w drugiej po\u0142owie dnia.<\/span><span data-ccp-props=\"{&quot;134233117&quot;:false,&quot;134233118&quot;:false,&quot;201341983&quot;:0,&quot;335551550&quot;:1,&quot;335551620&quot;:1,&quot;335559685&quot;:0,&quot;335559737&quot;:0,&quot;335559738&quot;:0,&quot;335559739&quot;:160,&quot;335559740&quot;:259}\">\u00a0<\/span><\/p>\n<h2><b><span data-contrast=\"auto\">Dlaczego warto wybra\u0107 herbatk\u0119 Na dobry sen?<\/span><\/b><span data-ccp-props=\"{&quot;201341983&quot;:0,&quot;335559739&quot;:160,&quot;335559740&quot;:259}\">\u00a0<\/span><\/h2>\n<p>W naszej zio\u0142owej herbacie z olejkami eterycznymi \u017caden sk\u0142adnik nie znalaz\u0142 si\u0119 przypadkiem. Ale to nie wszystko. Bo przecie\u017c nie liczy si\u0119 tylko, co znajduje si\u0119 w \u015brodku, ale te\u017c jak powsta\u0142o, sk\u0105d pochodzi i w jakim opakowaniu jest trzymane. Bo NAPRAWD\u0118 ka\u017cdy detal robi r\u00f3\u017cnic\u0119.<\/p>\n<h3><b><span data-contrast=\"auto\">Najwy\u017csza jako\u015b\u0107 zi\u00f3\u0142<\/span><\/b><span data-ccp-props=\"{&quot;201341983&quot;:0,&quot;335559685&quot;:0,&quot;335559739&quot;:160,&quot;335559740&quot;:259}\">\u00a0<\/span><\/h3>\n<p><span data-contrast=\"auto\">Zdarzy\u0142o Ci si\u0119 zaparza\u0107 lip\u0119 czy rumianek w papierowej saszetce, a potem stwierdzi\u0107, \u017ce&#8230; to nie dzia\u0142a? Herbatk\u0119 Na dobry sen <\/span><b><span data-contrast=\"auto\">wyr\u00f3\u017cnia najwy\u017csza jako\u015b\u0107 u\u017cytych zi\u00f3\u0142 <\/span><\/b><span data-contrast=\"auto\">oraz <\/span><span data-contrast=\"auto\">spos\u00f3b ich przetwarzania. Na ka\u017cdym etapie pilnujemy, by mieszanki, kt\u00f3re trafi\u0105 w Twoje r\u0119ce, pochodzi\u0142y z najlepszych upraw, by\u0142y odpowiednio zbierane i przechowywane. Wysyp susz na \u0142y\u017ck\u0119 i zobacz, jak \u0142atwo odnale\u017a\u0107 w nim ka\u017cdy ze sk\u0142adnik\u00f3w! Ale nie tylko efekt wizualny tu chodzi.<\/span><\/p>\n<h3><b><span data-contrast=\"auto\">Sprawdzony sk\u0142ad<\/span><\/b><span data-ccp-props=\"{&quot;201341983&quot;:0,&quot;335559685&quot;:0,&quot;335559739&quot;:160,&quot;335559740&quot;:259}\">\u00a0<\/span><\/h3>\n<p><span data-contrast=\"auto\">Za dzia\u0142anie zio\u0142owej herbatki Na dobry sen odpowiada m.in. <\/span><b><span data-contrast=\"auto\">m\u0119czennica &#8211; passiflora. Ziele m\u0119czennicy cielistej pomaga w relaksacji, spokojnym wypoczynku i zasypianiu. Wspiera zdrowy sen. <\/span><\/b><\/p>\n<p><span data-contrast=\"auto\">Passiflora wyst\u0119puje tu w towarzystwie<\/span><b><span data-contrast=\"auto\"> zi\u00f3\u0142 stosowanych od wiek\u00f3w w Polsce<\/span><\/b><span data-contrast=\"auto\">: rumianku, kwiatu lipy, melisy i chmielu. <\/span><b><\/b><\/p>\n<p><strong>Li\u015b\u0107 melisy lekarskiej przyczynia si\u0119 do zmniejszenia napi\u0119cia, uczucia niepokoju i dra\u017cliwo\u015bci.<\/strong><\/p>\n<p><span data-contrast=\"auto\">Niebieski kolor herbatki to z kolei sprawka <\/span><b><span data-contrast=\"auto\">klitorii ternate\u0144skiej<\/span><\/b><span data-contrast=\"auto\">. <\/span><span data-contrast=\"auto\">To w\u0142a\u015bnie dzi\u0119ki niej odcie\u0144 Herbatki Na dobry sen przywodzi na my\u015bl wakacje nad morzem i bezkresny b\u0142\u0119kit nieba nad letni\u0105 \u0142\u0105k\u0105&#8230; Kolor klitorii wynika z wysokiej zawarto\u015bci antocyjan\u00f3w \u2014 pigment\u00f3w przeciwutleniaj\u0105cych. Wiedzia\u0142a\u015b, \u017ce te same zwi\u0105zki nadaj\u0105 fioletow\u0105 barw\u0119 najzdrowszym owocom, takim jak bor\u00f3wki?<\/span><span data-ccp-props=\"{&quot;201341983&quot;:0,&quot;335559685&quot;:0,&quot;335559739&quot;:160,&quot;335559740&quot;:259}\">\u00a0<\/span><\/p>\n<p><b><span data-contrast=\"auto\">Ashwaganda, <\/span><\/b>cz\u0119sto stosowana w ajurwedzie, jest ceniona za swoje w\u0142a\u015bciwo\u015bci adaptogenne, kt\u00f3re pomagaj\u0105 organizmowi lepiej funkcjonowa\u0107 w codziennym \u017cyciu.<\/p>\n<p><span data-contrast=\"auto\">Jako aromaterapeutka kliniczna, Klaudyna doskonale wie, jaki olejek eteryczny doda\u0107 do suszu, by wzbogaci\u0107 jego smak. W tej mieszance postawi\u0142a na <\/span><b><span data-contrast=\"auto\">olejek z mandarynki.<\/span><\/b><span data-contrast=\"auto\">\u00a0<\/span><span data-ccp-props=\"{&quot;201341983&quot;:0,&quot;335559685&quot;:0,&quot;335559739&quot;:160,&quot;335559740&quot;:259}\">\u00a0<\/span><\/p>\n<h3><b><span data-contrast=\"auto\">Opakowanie ma znaczenie<\/span><\/b><span data-ccp-props=\"{&quot;201341983&quot;:0,&quot;335559685&quot;:0,&quot;335559739&quot;:160,&quot;335559740&quot;:259}\">\u00a0<\/span><\/h3>\n<p><span data-contrast=\"auto\">W przypadku zi\u00f3\u0142 opakowanie ma wielkie znaczenie. My wybrali\u015bmy <\/span><b><span data-contrast=\"auto\">szczelny s\u0142oik z ciemnego szk\u0142a<\/span><\/b><span data-contrast=\"auto\">. Szk\u0142o jest neutralne, nie ch\u0142onie zapach\u00f3w, a jego ciemny kolor dodatkowo chroni zio\u0142a przed utlenieniem. Twoje zio\u0142a b\u0119d\u0105 w nim bezpieczne i nie strac\u0105 z czasem na jako\u015bci.\u00a0<\/span><span data-ccp-props=\"{&quot;201341983&quot;:0,&quot;335559739&quot;:160,&quot;335559740&quot;:259}\">\u00a0<\/span><\/p>\n<p><span data-contrast=\"auto\">A gdy zu\u017cyjesz ju\u017c Herbatk\u0119, mo\u017cesz go uzupe\u0142ni\u0107 na nowo i wykorzysta\u0107 ponownie.\u00a0<\/span><span data-ccp-props=\"{&quot;201341983&quot;:0,&quot;335559739&quot;:160,&quot;335559740&quot;:259}\">\u00a0<\/span><\/p>\n<h2><b><span data-contrast=\"auto\">Jak smakuje herbata Na dobry sen? <\/span><\/b><span data-ccp-props=\"{&quot;201341983&quot;:0,&quot;335559739&quot;:160,&quot;335559740&quot;:259}\">\u00a0<\/span><\/h2>\n<p><span data-contrast=\"none\">Ka\u017cd\u0105 z mieszanek zio\u0142owych Klaudyna komponuje nie tylko pod k\u0105tem dzia\u0142ania, ale i smaku. Tak, kochamy zio\u0142a. Ale ich smak r\u00f3wnie\u017c ma dla nas znaczenie (te\u017c nie znosimy zi\u00f3\u0142ek o posmaku zesch\u0142ej trawy, do kt\u00f3rych przekonujesz si\u0119 na zasadzie \u201cniedobre, ale mo\u017ce zadzia\u0142a\u201d). Dlatego smak herbatki Na dobry sen jest efektem niezliczonych pr\u00f3b i zmieniania proporcji, a\u017c uda\u0142o si\u0119 uzyska\u0107 napar, kt\u00f3ry <\/span><b><span data-contrast=\"none\">skutecznie dzia\u0142a, intryguj\u0105co wygl\u0105da i doskonale smakuje<\/span><\/b><span data-contrast=\"none\">.\u00a0<\/span><span data-ccp-props=\"{&quot;201341983&quot;:0,&quot;335559739&quot;:160,&quot;335559740&quot;:259}\">\u00a0<\/span><\/p>\n<p><span data-contrast=\"none\">Jakie nuty smakowe znajdziesz w Herbatce? Jej smak jest \u015bwie\u017cy i delikatny, z nutami zio\u0142owymi i kwiatowymi. Passiflora odpowiada za \u0142agodno\u015b\u0107 i naturaln\u0105 s\u0142odycz, prze\u0142aman\u0105 przez ostrzejsze werben\u0119, mi\u0119t\u0119 i kocimi\u0119tk\u0119. Mo\u017ce Ci\u0119 zaskoczy\u0107 mandarynkowa nuta, kt\u00f3ra w po\u0142\u0105czeniu z traw\u0105 cytrynow\u0105 nadaje zio\u0142owej kompozycji charakterystyczny twist.\u00a0<\/span><span data-ccp-props=\"{&quot;134233117&quot;:false,&quot;134233118&quot;:false,&quot;201341983&quot;:0,&quot;335551550&quot;:1,&quot;335551620&quot;:1,&quot;335559685&quot;:0,&quot;335559737&quot;:0,&quot;335559738&quot;:0,&quot;335559739&quot;:160,&quot;335559740&quot;:259}\">\u00a0<\/span><\/p>\n<h3><b><span data-contrast=\"auto\">Herbata zmieniaj\u0105ca kolory<\/span><\/b><span data-ccp-props=\"{&quot;201341983&quot;:0,&quot;335559685&quot;:0,&quot;335559739&quot;:160,&quot;335559740&quot;:259}\">\u00a0<\/span><\/h3>\n<p><span data-contrast=\"none\">Herbatka Na dobry sen daje <\/span><b><span data-contrast=\"none\">niezliczone mo\u017cliwo\u015bci zabawy smakiem i kolorem naparu<\/span><\/b><span data-contrast=\"none\">. Koniecznie u\u017cyj szklanki lub prze\u017aroczystego dzbanka, by w pe\u0142ni nacieszy\u0107 si\u0119 efektem i zaimponowa\u0107 go\u015bciom!<\/span><span data-ccp-props=\"{&quot;201341983&quot;:0,&quot;335559685&quot;:0,&quot;335559739&quot;:160,&quot;335559740&quot;:259}\">\u00a0<\/span><\/p>\n<ul>\n<li data-leveltext=\"-\" data-font=\"Calibri\" data-listid=\"10\" data-list-defn-props=\"{&quot;335552541&quot;:1,&quot;335559684&quot;:-2,&quot;335559685&quot;:720,&quot;335559991&quot;:360,&quot;469769226&quot;:&quot;Calibri&quot;,&quot;469769242&quot;:[8226],&quot;469777803&quot;:&quot;left&quot;,&quot;469777804&quot;:&quot;-&quot;,&quot;469777815&quot;:&quot;hybridMultilevel&quot;}\" data-aria-posinset=\"1\" data-aria-level=\"1\"><span data-contrast=\"none\">Zaparz j\u0105 <\/span><b><span data-contrast=\"none\">klasycznie<\/span><\/b><span data-contrast=\"none\">: samym wrz\u0105tkiem, aby uzyska\u0107 napar o niezwyk\u0142ym niebeskim odcieniu.\u00a0<\/span><span data-ccp-props=\"{&quot;201341983&quot;:0,&quot;335559739&quot;:160,&quot;335559740&quot;:259}\">\u00a0<\/span><\/li>\n<li data-leveltext=\"-\" data-font=\"Calibri\" data-listid=\"10\" data-list-defn-props=\"{&quot;335552541&quot;:1,&quot;335559684&quot;:-2,&quot;335559685&quot;:720,&quot;335559991&quot;:360,&quot;469769226&quot;:&quot;Calibri&quot;,&quot;469769242&quot;:[8226],&quot;469777803&quot;:&quot;left&quot;,&quot;469777804&quot;:&quot;-&quot;,&quot;469777815&quot;:&quot;hybridMultilevel&quot;}\" data-aria-posinset=\"2\" data-aria-level=\"1\"><b><i><span data-contrast=\"none\">Blue tea <\/span><\/i><\/b><b><span data-contrast=\"none\">z mlekiem<\/span><\/b><span data-contrast=\"none\">: zalej herbat\u0119 po\u0142ow\u0105 porcji wody, a gdy si\u0119 zaparzy, uzupe\u0142nij ciep\u0142ym mlekiem. Uzyskasz kremowy napar o aksamitnej konsystencji. <\/span><span data-contrast=\"none\">W wersji wega\u0144skiej polecamy mleko owsiane, kt\u00f3re nada naparowi \u0142agodnej s\u0142odyczy.\u00a0<\/span><span data-ccp-props=\"{&quot;201341983&quot;:0,&quot;335559739&quot;:160,&quot;335559740&quot;:259}\">\u00a0<\/span><\/li>\n<li data-leveltext=\"-\" data-font=\"Calibri\" data-listid=\"10\" data-list-defn-props=\"{&quot;335552541&quot;:1,&quot;335559684&quot;:-2,&quot;335559685&quot;:720,&quot;335559991&quot;:360,&quot;469769226&quot;:&quot;Calibri&quot;,&quot;469769242&quot;:[8226],&quot;469777803&quot;:&quot;left&quot;,&quot;469777804&quot;:&quot;-&quot;,&quot;469777815&quot;:&quot;hybridMultilevel&quot;}\" data-aria-posinset=\"3\" data-aria-level=\"1\"><b><span data-contrast=\"none\">R\u00f3\u017cowa herbatka zimowa<\/span><\/b><span data-contrast=\"none\">: do zaparzonej klasycznie Herbatki na Dory Sen dodaj mi\u00f3d lub br\u0105zowy cukier, a nast\u0119pnie wlej kilka kropli cytryny i \u2026 patrz, jak Twoja herbatka zmienia kolor na r\u00f3\u017cowy! To w pe\u0142ni naturalny proces, wynikaj\u0105cy ze zmiany PH na kwa\u015bne.\u00a0<\/span><span data-ccp-props=\"{&quot;201341983&quot;:0,&quot;335559739&quot;:160,&quot;335559740&quot;:259}\">\u00a0<\/span><\/li>\n<li data-leveltext=\"-\" data-font=\"Calibri\" data-listid=\"10\" data-list-defn-props=\"{&quot;335552541&quot;:1,&quot;335559684&quot;:-2,&quot;335559685&quot;:720,&quot;335559991&quot;:360,&quot;469769226&quot;:&quot;Calibri&quot;,&quot;469769242&quot;:[8226],&quot;469777803&quot;:&quot;left&quot;,&quot;469777804&quot;:&quot;-&quot;,&quot;469777815&quot;:&quot;hybridMultilevel&quot;}\" data-aria-posinset=\"4\" data-aria-level=\"1\"><b><span data-contrast=\"none\">R\u00f3\u017cowa lub b\u0142\u0119kitna <\/span><\/b><b><i><span data-contrast=\"none\">ice tea<\/span><\/i><\/b><span data-contrast=\"none\">: do zaparzonej klasycznie Herbatki dodaj do smaku mi\u00f3d lub cukier oraz kostki lodu \u2013 tak uzyskasz niebiesk\u0105<\/span><i><span data-contrast=\"none\"> ice tea<\/span><\/i><span data-contrast=\"none\">. Do wersji r\u00f3\u017cowej dodaj odrobin\u0119 soku z cytryny.\u00a0<\/span><span data-ccp-props=\"{&quot;201341983&quot;:0,&quot;335559739&quot;:160,&quot;335559740&quot;:259}\">\u00a0<\/span><\/li>\n<\/ul>\n<p>&nbsp;<\/p>\n<p>\ud83d\udc49 Sprawd\u017a te\u017c inne <a href=\"https:\/\/klaudynahebda.pl\/sklep\/herbaty\/\">herbaty z olejkami eterycznymi i zio\u0142ami<\/a>.<\/p>\n","protected":false},"excerpt":{"rendered":"<h2><b><span data-contrast=\"auto\">Herbata Na dobry sen to:<\/span><\/b><\/h2>\n<ul>\n<li><b><span data-contrast=\"auto\">mieszanka zio\u0142owa z zielem m\u0119czennicy lekarskiej, kt\u00f3ra mo\u017ce przyczynia\u0107 si\u0119 do wspomagania zdrowego snu i odpr\u0119\u017cenia. <\/span><\/b><span data-ccp-props=\"{&quot;201341983&quot;:0,&quot;335559739&quot;:160,&quot;335559740&quot;:259}\">\u00a0<\/span><\/li>\n<li><span data-contrast=\"auto\">funkcjonalna herbatka zawiera <\/span><b><span data-contrast=\"auto\">a\u017c 11 zi\u00f3\u0142 <\/span><\/b>&#8211; szyszka chmielu zwyczajnego <b><span data-contrast=\"auto\">ma koj\u0105cy wp\u0142yw na uk\u0142ad nerwowy,<\/span><\/b> a<span data-contrast=\"auto\"> l<span class=\"TextRun SCXW142247055 BCX8\" lang=\"PL-PL\" xml:lang=\"PL-PL\" data-contrast=\"auto\"><span class=\"NormalTextRun SCXW142247055 BCX8\">i\u015b\u0107 melisy lekarskiej przyczynia si\u0119 do zmniejszenia napi\u0119cia, niepokoju i dra\u017cliwo\u015bci.<\/span><\/span><\/span><\/li>\n<li><span data-contrast=\"auto\">co\u015b wi\u0119cej ni\u017c kolejna \u201cherbatka na sen\u201d. To <strong>moc prawdziwych zi\u00f3\u0142<\/strong><\/span><\/li>\n<li><span data-contrast=\"auto\">Jako\u015b\u0107 przez du\u017ce &#8220;J&#8221; &#8211; jako <strong>certyfikowana zielarka<\/strong> sprawdzam j\u0105 osobi\u015bcie. <\/span><\/li>\n<\/ul>\n<p><span data-contrast=\"auto\">\u2728 Zaufaj starannie dobranym ro\u015blinom i daj sobie szans\u0119 na pi\u0119kne sny. <\/span><span data-ccp-props=\"{&quot;134233117&quot;:false,&quot;134233118&quot;:false,&quot;201341983&quot;:0,&quot;335551550&quot;:1,&quot;335551620&quot;:1,&quot;335559685&quot;:0,&quot;335559737&quot;:0,&quot;335559738&quot;:0,&quot;335559739&quot;:160,&quot;335559740&quot;:259}\">\u00a0<\/span><\/p>\n<p>&nbsp;<\/p>\n","protected":false},"featured_media":3279086,"comment_status":"open","ping_status":"closed","template":"","meta":[],"product_cat":[246,238,131,118],"product_tag":[],"acf":[],"yoast_head":"<!-- This site is optimized with the Yoast SEO plugin v19.6.1 - https:\/\/yoast.com\/wordpress\/plugins\/seo\/ -->\n<title>NA DOBRY SEN \u2013 Suplement diety w formie herbatki [50 g] - Klaudyna Hebda Nature<\/title>\n<meta name=\"description\" content=\"NA DOBRY SEN to herbata zio\u0142owa z zielem m\u0119czennicy lekarskiej, kt\u00f3ra mo\u017ce przyczynia\u0107 si\u0119 do wspomagania zdrowego snu i odpr\u0119\u017cenia. Poznaj moc 11 zi\u00f3\u0142.\" \/>\n<meta name=\"robots\" content=\"index, follow, max-snippet:-1, max-image-preview:large, max-video-preview:-1\" \/>\n<link rel=\"canonical\" href=\"https:\/\/klaudynahebda.pl\/sklep\/herbata-na-dobry-sen\/\" \/>\n<meta property=\"og:locale\" content=\"pl_PL\" \/>\n<meta property=\"og:type\" content=\"article\" \/>\n<meta property=\"og:title\" content=\"NA DOBRY SEN \u2013 Suplement diety w formie herbatki [50 g] - Klaudyna Hebda Nature\" \/>\n<meta property=\"og:description\" content=\"NA DOBRY SEN to herbata zio\u0142owa z zielem m\u0119czennicy lekarskiej, kt\u00f3ra mo\u017ce przyczynia\u0107 si\u0119 do wspomagania zdrowego snu i odpr\u0119\u017cenia. Poznaj moc 11 zi\u00f3\u0142.\" \/>\n<meta property=\"og:url\" content=\"https:\/\/klaudynahebda.pl\/sklep\/herbata-na-dobry-sen\/\" \/>\n<meta property=\"og:site_name\" content=\"Klaudyna Hebda Nature\" \/>\n<meta property=\"article:modified_time\" content=\"2026-04-11T09:52:09+00:00\" \/>\n<meta property=\"og:image\" content=\"https:\/\/klaudynahebda.pl\/sklep\/wp-content\/uploads\/2022\/04\/na_dobry_sen_herbatka.png\" \/>\n\t<meta property=\"og:image:width\" content=\"768\" \/>\n\t<meta property=\"og:image:height\" content=\"1152\" \/>\n\t<meta property=\"og:image:type\" content=\"image\/png\" \/>\n<meta name=\"twitter:card\" content=\"summary_large_image\" \/>\n<meta name=\"twitter:label1\" content=\"Szacowany czas czytania\" \/>\n\t<meta name=\"twitter:data1\" content=\"5 minut\" \/>\n<script type=\"application\/ld+json\" class=\"yoast-schema-graph\">{\"@context\":\"https:\/\/schema.org\",\"@graph\":[{\"@type\":\"WebPage\",\"@id\":\"https:\/\/klaudynahebda.pl\/sklep\/herbata-na-dobry-sen\/\",\"url\":\"https:\/\/klaudynahebda.pl\/sklep\/herbata-na-dobry-sen\/\",\"name\":\"NA DOBRY SEN \u2013 Suplement diety w formie herbatki [50 g] - Klaudyna Hebda Nature\",\"isPartOf\":{\"@id\":\"https:\/\/klaudynahebda.pl\/sklep\/#website\"},\"datePublished\":\"2022-04-21T10:48:02+00:00\",\"dateModified\":\"2026-04-11T09:52:09+00:00\",\"description\":\"NA DOBRY SEN to herbata zio\u0142owa z zielem m\u0119czennicy lekarskiej, kt\u00f3ra mo\u017ce przyczynia\u0107 si\u0119 do wspomagania zdrowego snu i odpr\u0119\u017cenia. Poznaj moc 11 zi\u00f3\u0142.\",\"breadcrumb\":{\"@id\":\"https:\/\/klaudynahebda.pl\/sklep\/herbata-na-dobry-sen\/#breadcrumb\"},\"inLanguage\":\"pl-PL\",\"potentialAction\":[{\"@type\":\"ReadAction\",\"target\":[\"https:\/\/klaudynahebda.pl\/sklep\/herbata-na-dobry-sen\/\"]}]},{\"@type\":\"BreadcrumbList\",\"@id\":\"https:\/\/klaudynahebda.pl\/sklep\/herbata-na-dobry-sen\/#breadcrumb\",\"itemListElement\":[{\"@type\":\"ListItem\",\"position\":1,\"name\":\"Strona g\u0142\u00f3wna\",\"item\":\"https:\/\/klaudynahebda.pl\/sklep\/\"},{\"@type\":\"ListItem\",\"position\":2,\"name\":\"Sklep\",\"item\":\"https:\/\/klaudynahebda.pl\/sklep\/sklep\/\"},{\"@type\":\"ListItem\",\"position\":3,\"name\":\"Herbaty zio\u0142owe z olejkami\",\"item\":\"https:\/\/klaudynahebda.pl\/sklep\/herbaty\/\"},{\"@type\":\"ListItem\",\"position\":4,\"name\":\"NA DOBRY SEN \u2013 Suplement diety w formie herbatki [50 g]\"}]},{\"@type\":\"WebSite\",\"@id\":\"https:\/\/klaudynahebda.pl\/sklep\/#website\",\"url\":\"https:\/\/klaudynahebda.pl\/sklep\/\",\"name\":\"Klaudyna Hebda Nature\",\"description\":\"Sklep\",\"publisher\":{\"@id\":\"https:\/\/klaudynahebda.pl\/sklep\/#organization\"},\"potentialAction\":[{\"@type\":\"SearchAction\",\"target\":{\"@type\":\"EntryPoint\",\"urlTemplate\":\"https:\/\/klaudynahebda.pl\/sklep\/?s={search_term_string}\"},\"query-input\":\"required name=search_term_string\"}],\"inLanguage\":\"pl-PL\"},{\"@type\":\"Organization\",\"@id\":\"https:\/\/klaudynahebda.pl\/sklep\/#organization\",\"name\":\"KlaudynaHebda\",\"url\":\"https:\/\/klaudynahebda.pl\/sklep\/\",\"sameAs\":[],\"logo\":{\"@type\":\"ImageObject\",\"inLanguage\":\"pl-PL\",\"@id\":\"https:\/\/klaudynahebda.pl\/sklep\/#\/schema\/logo\/image\/\",\"url\":\"\",\"contentUrl\":\"\",\"caption\":\"KlaudynaHebda\"},\"image\":{\"@id\":\"https:\/\/klaudynahebda.pl\/sklep\/#\/schema\/logo\/image\/\"}}]}<\/script>\n<!-- \/ Yoast SEO plugin. -->","yoast_head_json":{"title":"NA DOBRY SEN \u2013 Suplement diety w formie herbatki [50 g] - Klaudyna Hebda Nature","description":"NA DOBRY SEN to herbata zio\u0142owa z zielem m\u0119czennicy lekarskiej, kt\u00f3ra mo\u017ce przyczynia\u0107 si\u0119 do wspomagania zdrowego snu i odpr\u0119\u017cenia. Poznaj moc 11 zi\u00f3\u0142.","robots":{"index":"index","follow":"follow","max-snippet":"max-snippet:-1","max-image-preview":"max-image-preview:large","max-video-preview":"max-video-preview:-1"},"canonical":"https:\/\/klaudynahebda.pl\/sklep\/herbata-na-dobry-sen\/","og_locale":"pl_PL","og_type":"article","og_title":"NA DOBRY SEN \u2013 Suplement diety w formie herbatki [50 g] - Klaudyna Hebda Nature","og_description":"NA DOBRY SEN to herbata zio\u0142owa z zielem m\u0119czennicy lekarskiej, kt\u00f3ra mo\u017ce przyczynia\u0107 si\u0119 do wspomagania zdrowego snu i odpr\u0119\u017cenia. Poznaj moc 11 zi\u00f3\u0142.","og_url":"https:\/\/klaudynahebda.pl\/sklep\/herbata-na-dobry-sen\/","og_site_name":"Klaudyna Hebda Nature","article_modified_time":"2026-04-11T09:52:09+00:00","og_image":[{"width":768,"height":1152,"url":"https:\/\/klaudynahebda.pl\/sklep\/wp-content\/uploads\/2022\/04\/na_dobry_sen_herbatka.png","type":"image\/png"}],"twitter_card":"summary_large_image","twitter_misc":{"Szacowany czas czytania":"5 minut"},"schema":{"@context":"https:\/\/schema.org","@graph":[{"@type":"WebPage","@id":"https:\/\/klaudynahebda.pl\/sklep\/herbata-na-dobry-sen\/","url":"https:\/\/klaudynahebda.pl\/sklep\/herbata-na-dobry-sen\/","name":"NA DOBRY SEN \u2013 Suplement diety w formie herbatki [50 g] - Klaudyna Hebda Nature","isPartOf":{"@id":"https:\/\/klaudynahebda.pl\/sklep\/#website"},"datePublished":"2022-04-21T10:48:02+00:00","dateModified":"2026-04-11T09:52:09+00:00","description":"NA DOBRY SEN to herbata zio\u0142owa z zielem m\u0119czennicy lekarskiej, kt\u00f3ra mo\u017ce przyczynia\u0107 si\u0119 do wspomagania zdrowego snu i odpr\u0119\u017cenia. Poznaj moc 11 zi\u00f3\u0142.","breadcrumb":{"@id":"https:\/\/klaudynahebda.pl\/sklep\/herbata-na-dobry-sen\/#breadcrumb"},"inLanguage":"pl-PL","potentialAction":[{"@type":"ReadAction","target":["https:\/\/klaudynahebda.pl\/sklep\/herbata-na-dobry-sen\/"]}]},{"@type":"BreadcrumbList","@id":"https:\/\/klaudynahebda.pl\/sklep\/herbata-na-dobry-sen\/#breadcrumb","itemListElement":[{"@type":"ListItem","position":1,"name":"Strona g\u0142\u00f3wna","item":"https:\/\/klaudynahebda.pl\/sklep\/"},{"@type":"ListItem","position":2,"name":"Sklep","item":"https:\/\/klaudynahebda.pl\/sklep\/sklep\/"},{"@type":"ListItem","position":3,"name":"Herbaty zio\u0142owe z olejkami","item":"https:\/\/klaudynahebda.pl\/sklep\/herbaty\/"},{"@type":"ListItem","position":4,"name":"NA DOBRY SEN \u2013 Suplement diety w formie herbatki [50 g]"}]},{"@type":"WebSite","@id":"https:\/\/klaudynahebda.pl\/sklep\/#website","url":"https:\/\/klaudynahebda.pl\/sklep\/","name":"Klaudyna Hebda Nature","description":"Sklep","publisher":{"@id":"https:\/\/klaudynahebda.pl\/sklep\/#organization"},"potentialAction":[{"@type":"SearchAction","target":{"@type":"EntryPoint","urlTemplate":"https:\/\/klaudynahebda.pl\/sklep\/?s={search_term_string}"},"query-input":"required name=search_term_string"}],"inLanguage":"pl-PL"},{"@type":"Organization","@id":"https:\/\/klaudynahebda.pl\/sklep\/#organization","name":"KlaudynaHebda","url":"https:\/\/klaudynahebda.pl\/sklep\/","sameAs":[],"logo":{"@type":"ImageObject","inLanguage":"pl-PL","@id":"https:\/\/klaudynahebda.pl\/sklep\/#\/schema\/logo\/image\/","url":"","contentUrl":"","caption":"KlaudynaHebda"},"image":{"@id":"https:\/\/klaudynahebda.pl\/sklep\/#\/schema\/logo\/image\/"}}]}},"_links":{"self":[{"href":"https:\/\/klaudynahebda.pl\/sklep\/wp-json\/wp\/v2\/product\/299708"}],"collection":[{"href":"https:\/\/klaudynahebda.pl\/sklep\/wp-json\/wp\/v2\/product"}],"about":[{"href":"https:\/\/klaudynahebda.pl\/sklep\/wp-json\/wp\/v2\/types\/product"}],"replies":[{"embeddable":true,"href":"https:\/\/klaudynahebda.pl\/sklep\/wp-json\/wp\/v2\/comments?post=299708"}],"wp:featuredmedia":[{"embeddable":true,"href":"https:\/\/klaudynahebda.pl\/sklep\/wp-json\/wp\/v2\/media\/3279086"}],"wp:attachment":[{"href":"https:\/\/klaudynahebda.pl\/sklep\/wp-json\/wp\/v2\/media?parent=299708"}],"wp:term":[{"taxonomy":"product_cat","embeddable":true,"href":"https:\/\/klaudynahebda.pl\/sklep\/wp-json\/wp\/v2\/product_cat?post=299708"},{"taxonomy":"product_tag","embeddable":true,"href":"https:\/\/klaudynahebda.pl\/sklep\/wp-json\/wp\/v2\/product_tag?post=299708"}],"curies":[{"name":"wp","href":"https:\/\/api.w.org\/{rel}","templated":true}]}}