{"id":2970763,"date":"2024-04-08T11:02:50","date_gmt":"2024-04-08T09:02:50","guid":{"rendered":"https:\/\/klaudynahebda.pl\/sklep\/?post_type=product&#038;p=2970763"},"modified":"2026-04-16T23:24:29","modified_gmt":"2026-04-16T21:24:29","slug":"dyfuzor-szklane-elementy","status":"publish","type":"product","link":"https:\/\/klaudynahebda.pl\/sklep\/dyfuzor-szklane-elementy\/","title":{"rendered":"Zapasowe szk\u0142o z nasadk\u0105 do dyfuzora olejk\u00f3w eterycznych"},"content":{"rendered":"<p><span class=\"TextRun SCXW51152829 BCX0\" lang=\"PL-PL\" xml:lang=\"PL-PL\" data-contrast=\"auto\"><span class=\"NormalTextRun CommentStart CommentHighlightPipeClickedV2 CommentHighlightClicked SCXW51152829 BCX0\">Elementy wymienne do dyfuzora przydadz\u0105 si\u0119, gdy szklany pojemnik si\u0119 st\u0142ucze lub po prostu chcia\u0142aby\u015b<\/span><span class=\"NormalTextRun CommentHighlightClicked SCXW51152829 BCX0\"> wymieni\u0107 go na nowy.<\/span><span class=\"NormalTextRun CommentHighlightClicked SCXW51152829 BCX0\"> Nie musisz<\/span><span class=\"NormalTextRun CommentHighlightClicked SCXW51152829 BCX0\"> wtedy kupowa\u0107 ca\u0142ego dyfuzora, wystarczy zam\u00f3wi\u0107 zapasowe elementy szklane<\/span><span class=\"NormalTextRun CommentHighlightClicked SCXW51152829 BCX0\"> i <\/span><span class=\"NormalTextRun CommentHighlightClicked SCXW51152829 BCX0\">mo\u017cesz <\/span><span class=\"NormalTextRun CommentHighlightClicked SCXW51152829 BCX0\">dalej korzysta\u0107 ze swojego sprz\u0119tu.<\/span><\/span><span class=\"EOP CommentHighlightPipeClickedV2 SCXW51152829 BCX0\" data-ccp-props=\"{&quot;134233117&quot;:false,&quot;134233118&quot;:false,&quot;201341983&quot;:0,&quot;335559737&quot;:0,&quot;335559738&quot;:0,&quot;335559739&quot;:0,&quot;335559740&quot;:276}\">\u00a0<\/span><\/p>\n","protected":false},"excerpt":{"rendered":"<h2><span data-contrast=\"auto\">Zapasowe szk\u0142o do dyfuzora do aromaterapii<\/span><span data-ccp-props=\"{&quot;134233117&quot;:false,&quot;134233118&quot;:false,&quot;201341983&quot;:0,&quot;335559738&quot;:0,&quot;335559739&quot;:200,&quot;335559740&quot;:276}\">\u00a0<\/span><\/h2>\n<ul>\n<li data-leveltext=\"\u00b7\" data-font=\"Symbol\" data-listid=\"1\" data-list-defn-props=\"{&quot;335552541&quot;:1,&quot;335559685&quot;:720,&quot;335559991&quot;:360,&quot;469769226&quot;:&quot;Symbol&quot;,&quot;469769242&quot;:[8226],&quot;469777803&quot;:&quot;left&quot;,&quot;469777804&quot;:&quot;\u00b7&quot;,&quot;469777815&quot;:&quot;hybridMultilevel&quot;}\" aria-setsize=\"-1\" data-aria-posinset=\"1\" data-aria-level=\"1\"><span data-contrast=\"auto\">\u0141atwe do zamontowania<\/span><span data-ccp-props=\"{&quot;134233117&quot;:false,&quot;134233118&quot;:false,&quot;201341983&quot;:0,&quot;335559685&quot;:720,&quot;335559737&quot;:0,&quot;335559738&quot;:0,&quot;335559739&quot;:0,&quot;335559740&quot;:276,&quot;335559991&quot;:360}\">\u00a0<\/span><\/li>\n<li data-leveltext=\"\u00b7\" data-font=\"Symbol\" data-listid=\"1\" data-list-defn-props=\"{&quot;335552541&quot;:1,&quot;335559685&quot;:720,&quot;335559991&quot;:360,&quot;469769226&quot;:&quot;Symbol&quot;,&quot;469769242&quot;:[8226],&quot;469777803&quot;:&quot;left&quot;,&quot;469777804&quot;:&quot;\u00b7&quot;,&quot;469777815&quot;:&quot;hybridMultilevel&quot;}\" aria-setsize=\"-1\" data-aria-posinset=\"1\" data-aria-level=\"1\"><span data-contrast=\"auto\">Nie musisz wymienia\u0107 dyfuzora, gdy uszkodzisz szklan\u0105 cz\u0119\u015b\u0107<\/span><span data-ccp-props=\"{&quot;134233117&quot;:false,&quot;134233118&quot;:false,&quot;201341983&quot;:0,&quot;335559685&quot;:720,&quot;335559737&quot;:0,&quot;335559738&quot;:0,&quot;335559739&quot;:0,&quot;335559740&quot;:276,&quot;335559991&quot;:360}\">\u00a0<\/span><\/li>\n<li data-leveltext=\"\u00b7\" data-font=\"Symbol\" data-listid=\"1\" data-list-defn-props=\"{&quot;335552541&quot;:1,&quot;335559685&quot;:720,&quot;335559991&quot;:360,&quot;469769226&quot;:&quot;Symbol&quot;,&quot;469769242&quot;:[8226],&quot;469777803&quot;:&quot;left&quot;,&quot;469777804&quot;:&quot;\u00b7&quot;,&quot;469777815&quot;:&quot;hybridMultilevel&quot;}\" aria-setsize=\"-1\" data-aria-posinset=\"1\" data-aria-level=\"1\"><span data-contrast=\"auto\">Pasuje do<a href=\"https:\/\/klaudynahebda.pl\/sklep\/dyfuzor-do-aromaterapii\/\"> dyfuzora<\/a>, kt\u00f3ry znajdziesz w naszym sklepie<\/span><span data-ccp-props=\"{&quot;134233117&quot;:false,&quot;134233118&quot;:false,&quot;201341983&quot;:0,&quot;335559685&quot;:720,&quot;335559737&quot;:0,&quot;335559738&quot;:0,&quot;335559739&quot;:0,&quot;335559740&quot;:276,&quot;335559991&quot;:360}\">\u00a0<\/span><\/li>\n<li data-leveltext=\"\u00b7\" data-font=\"Symbol\" data-listid=\"1\" data-list-defn-props=\"{&quot;335552541&quot;:1,&quot;335559685&quot;:720,&quot;335559991&quot;:360,&quot;469769226&quot;:&quot;Symbol&quot;,&quot;469769242&quot;:[8226],&quot;469777803&quot;:&quot;left&quot;,&quot;469777804&quot;:&quot;\u00b7&quot;,&quot;469777815&quot;:&quot;hybridMultilevel&quot;}\" aria-setsize=\"-1\" data-aria-posinset=\"1\" data-aria-level=\"1\"><span data-contrast=\"auto\">Zestaw zawiera szklany pojemnik i nasadk\u0119<\/span><span data-ccp-props=\"{&quot;134233117&quot;:false,&quot;134233118&quot;:false,&quot;201341983&quot;:0,&quot;335559685&quot;:720,&quot;335559737&quot;:0,&quot;335559738&quot;:0,&quot;335559739&quot;:0,&quot;335559740&quot;:276,&quot;335559991&quot;:360}\">\u00a0<\/span><\/li>\n<\/ul>\n","protected":false},"featured_media":2993817,"comment_status":"open","ping_status":"closed","template":"","meta":[],"product_cat":[215],"product_tag":[],"acf":[],"yoast_head":"<!-- This site is optimized with the Yoast SEO plugin v19.6.1 - https:\/\/yoast.com\/wordpress\/plugins\/seo\/ -->\n<title>Zapasowe szk\u0142o z nasadk\u0105 do dyfuzora olejk\u00f3w eterycznych - Klaudyna Hebda Nature<\/title>\n<meta name=\"description\" content=\"Zapasowe szk\u0142o do dyfuzora olejk\u00f3w uratuje Ci\u0119, gdy szklany pojemnik si\u0119 st\u0142ucze lub zachcesz go wymieni\u0107. I ju\u017c nie musisz kupowa\u0107 nowego dyfuzora ;)\" \/>\n<meta name=\"robots\" content=\"index, follow, max-snippet:-1, max-image-preview:large, max-video-preview:-1\" \/>\n<link rel=\"canonical\" href=\"https:\/\/klaudynahebda.pl\/sklep\/dyfuzor-szklane-elementy\/\" \/>\n<meta property=\"og:locale\" content=\"pl_PL\" \/>\n<meta property=\"og:type\" content=\"article\" \/>\n<meta property=\"og:title\" content=\"Zapasowe szk\u0142o z nasadk\u0105 do dyfuzora olejk\u00f3w eterycznych - Klaudyna Hebda Nature\" \/>\n<meta property=\"og:description\" content=\"Zapasowe szk\u0142o do dyfuzora olejk\u00f3w uratuje Ci\u0119, gdy szklany pojemnik si\u0119 st\u0142ucze lub zachcesz go wymieni\u0107. I ju\u017c nie musisz kupowa\u0107 nowego dyfuzora ;)\" \/>\n<meta property=\"og:url\" content=\"https:\/\/klaudynahebda.pl\/sklep\/dyfuzor-szklane-elementy\/\" \/>\n<meta property=\"og:site_name\" content=\"Klaudyna Hebda Nature\" \/>\n<meta property=\"article:modified_time\" content=\"2026-04-16T21:24:29+00:00\" \/>\n<meta property=\"og:image\" content=\"https:\/\/klaudynahebda.pl\/sklep\/wp-content\/uploads\/2024\/04\/Dyfuzor-nowy-szklana-czesc-scaled.jpg\" \/>\n\t<meta property=\"og:image:width\" content=\"1707\" \/>\n\t<meta property=\"og:image:height\" content=\"2560\" \/>\n\t<meta property=\"og:image:type\" content=\"image\/jpeg\" \/>\n<meta name=\"twitter:card\" content=\"summary_large_image\" \/>\n<meta name=\"twitter:label1\" content=\"Szacowany czas czytania\" \/>\n\t<meta name=\"twitter:data1\" content=\"1 minuta\" \/>\n<script type=\"application\/ld+json\" class=\"yoast-schema-graph\">{\"@context\":\"https:\/\/schema.org\",\"@graph\":[{\"@type\":\"WebPage\",\"@id\":\"https:\/\/klaudynahebda.pl\/sklep\/dyfuzor-szklane-elementy\/\",\"url\":\"https:\/\/klaudynahebda.pl\/sklep\/dyfuzor-szklane-elementy\/\",\"name\":\"Zapasowe szk\u0142o z nasadk\u0105 do dyfuzora olejk\u00f3w eterycznych - Klaudyna Hebda Nature\",\"isPartOf\":{\"@id\":\"https:\/\/klaudynahebda.pl\/sklep\/#website\"},\"datePublished\":\"2024-04-08T09:02:50+00:00\",\"dateModified\":\"2026-04-16T21:24:29+00:00\",\"description\":\"Zapasowe szk\u0142o do dyfuzora olejk\u00f3w uratuje Ci\u0119, gdy szklany pojemnik si\u0119 st\u0142ucze lub zachcesz go wymieni\u0107. I ju\u017c nie musisz kupowa\u0107 nowego dyfuzora ;)\",\"breadcrumb\":{\"@id\":\"https:\/\/klaudynahebda.pl\/sklep\/dyfuzor-szklane-elementy\/#breadcrumb\"},\"inLanguage\":\"pl-PL\",\"potentialAction\":[{\"@type\":\"ReadAction\",\"target\":[\"https:\/\/klaudynahebda.pl\/sklep\/dyfuzor-szklane-elementy\/\"]}]},{\"@type\":\"BreadcrumbList\",\"@id\":\"https:\/\/klaudynahebda.pl\/sklep\/dyfuzor-szklane-elementy\/#breadcrumb\",\"itemListElement\":[{\"@type\":\"ListItem\",\"position\":1,\"name\":\"Strona g\u0142\u00f3wna\",\"item\":\"https:\/\/klaudynahebda.pl\/sklep\/\"},{\"@type\":\"ListItem\",\"position\":2,\"name\":\"Sklep\",\"item\":\"https:\/\/klaudynahebda.pl\/sklep\/sklep\/\"},{\"@type\":\"ListItem\",\"position\":3,\"name\":\"Akcesoria\",\"item\":\"https:\/\/klaudynahebda.pl\/sklep\/akcesoria\/\"},{\"@type\":\"ListItem\",\"position\":4,\"name\":\"Zapasowe szk\u0142o z nasadk\u0105 do dyfuzora olejk\u00f3w eterycznych\"}]},{\"@type\":\"WebSite\",\"@id\":\"https:\/\/klaudynahebda.pl\/sklep\/#website\",\"url\":\"https:\/\/klaudynahebda.pl\/sklep\/\",\"name\":\"Klaudyna Hebda Nature\",\"description\":\"Sklep\",\"publisher\":{\"@id\":\"https:\/\/klaudynahebda.pl\/sklep\/#organization\"},\"potentialAction\":[{\"@type\":\"SearchAction\",\"target\":{\"@type\":\"EntryPoint\",\"urlTemplate\":\"https:\/\/klaudynahebda.pl\/sklep\/?s={search_term_string}\"},\"query-input\":\"required name=search_term_string\"}],\"inLanguage\":\"pl-PL\"},{\"@type\":\"Organization\",\"@id\":\"https:\/\/klaudynahebda.pl\/sklep\/#organization\",\"name\":\"KlaudynaHebda\",\"url\":\"https:\/\/klaudynahebda.pl\/sklep\/\",\"sameAs\":[],\"logo\":{\"@type\":\"ImageObject\",\"inLanguage\":\"pl-PL\",\"@id\":\"https:\/\/klaudynahebda.pl\/sklep\/#\/schema\/logo\/image\/\",\"url\":\"\",\"contentUrl\":\"\",\"caption\":\"KlaudynaHebda\"},\"image\":{\"@id\":\"https:\/\/klaudynahebda.pl\/sklep\/#\/schema\/logo\/image\/\"}}]}<\/script>\n<!-- \/ Yoast SEO plugin. -->","yoast_head_json":{"title":"Zapasowe szk\u0142o z nasadk\u0105 do dyfuzora olejk\u00f3w eterycznych - Klaudyna Hebda Nature","description":"Zapasowe szk\u0142o do dyfuzora olejk\u00f3w uratuje Ci\u0119, gdy szklany pojemnik si\u0119 st\u0142ucze lub zachcesz go wymieni\u0107. I ju\u017c nie musisz kupowa\u0107 nowego dyfuzora ;)","robots":{"index":"index","follow":"follow","max-snippet":"max-snippet:-1","max-image-preview":"max-image-preview:large","max-video-preview":"max-video-preview:-1"},"canonical":"https:\/\/klaudynahebda.pl\/sklep\/dyfuzor-szklane-elementy\/","og_locale":"pl_PL","og_type":"article","og_title":"Zapasowe szk\u0142o z nasadk\u0105 do dyfuzora olejk\u00f3w eterycznych - Klaudyna Hebda Nature","og_description":"Zapasowe szk\u0142o do dyfuzora olejk\u00f3w uratuje Ci\u0119, gdy szklany pojemnik si\u0119 st\u0142ucze lub zachcesz go wymieni\u0107. I ju\u017c nie musisz kupowa\u0107 nowego dyfuzora ;)","og_url":"https:\/\/klaudynahebda.pl\/sklep\/dyfuzor-szklane-elementy\/","og_site_name":"Klaudyna Hebda Nature","article_modified_time":"2026-04-16T21:24:29+00:00","og_image":[{"width":1707,"height":2560,"url":"https:\/\/klaudynahebda.pl\/sklep\/wp-content\/uploads\/2024\/04\/Dyfuzor-nowy-szklana-czesc-scaled.jpg","type":"image\/jpeg"}],"twitter_card":"summary_large_image","twitter_misc":{"Szacowany czas czytania":"1 minuta"},"schema":{"@context":"https:\/\/schema.org","@graph":[{"@type":"WebPage","@id":"https:\/\/klaudynahebda.pl\/sklep\/dyfuzor-szklane-elementy\/","url":"https:\/\/klaudynahebda.pl\/sklep\/dyfuzor-szklane-elementy\/","name":"Zapasowe szk\u0142o z nasadk\u0105 do dyfuzora olejk\u00f3w eterycznych - Klaudyna Hebda Nature","isPartOf":{"@id":"https:\/\/klaudynahebda.pl\/sklep\/#website"},"datePublished":"2024-04-08T09:02:50+00:00","dateModified":"2026-04-16T21:24:29+00:00","description":"Zapasowe szk\u0142o do dyfuzora olejk\u00f3w uratuje Ci\u0119, gdy szklany pojemnik si\u0119 st\u0142ucze lub zachcesz go wymieni\u0107. I ju\u017c nie musisz kupowa\u0107 nowego dyfuzora ;)","breadcrumb":{"@id":"https:\/\/klaudynahebda.pl\/sklep\/dyfuzor-szklane-elementy\/#breadcrumb"},"inLanguage":"pl-PL","potentialAction":[{"@type":"ReadAction","target":["https:\/\/klaudynahebda.pl\/sklep\/dyfuzor-szklane-elementy\/"]}]},{"@type":"BreadcrumbList","@id":"https:\/\/klaudynahebda.pl\/sklep\/dyfuzor-szklane-elementy\/#breadcrumb","itemListElement":[{"@type":"ListItem","position":1,"name":"Strona g\u0142\u00f3wna","item":"https:\/\/klaudynahebda.pl\/sklep\/"},{"@type":"ListItem","position":2,"name":"Sklep","item":"https:\/\/klaudynahebda.pl\/sklep\/sklep\/"},{"@type":"ListItem","position":3,"name":"Akcesoria","item":"https:\/\/klaudynahebda.pl\/sklep\/akcesoria\/"},{"@type":"ListItem","position":4,"name":"Zapasowe szk\u0142o z nasadk\u0105 do dyfuzora olejk\u00f3w eterycznych"}]},{"@type":"WebSite","@id":"https:\/\/klaudynahebda.pl\/sklep\/#website","url":"https:\/\/klaudynahebda.pl\/sklep\/","name":"Klaudyna Hebda Nature","description":"Sklep","publisher":{"@id":"https:\/\/klaudynahebda.pl\/sklep\/#organization"},"potentialAction":[{"@type":"SearchAction","target":{"@type":"EntryPoint","urlTemplate":"https:\/\/klaudynahebda.pl\/sklep\/?s={search_term_string}"},"query-input":"required name=search_term_string"}],"inLanguage":"pl-PL"},{"@type":"Organization","@id":"https:\/\/klaudynahebda.pl\/sklep\/#organization","name":"KlaudynaHebda","url":"https:\/\/klaudynahebda.pl\/sklep\/","sameAs":[],"logo":{"@type":"ImageObject","inLanguage":"pl-PL","@id":"https:\/\/klaudynahebda.pl\/sklep\/#\/schema\/logo\/image\/","url":"","contentUrl":"","caption":"KlaudynaHebda"},"image":{"@id":"https:\/\/klaudynahebda.pl\/sklep\/#\/schema\/logo\/image\/"}}]}},"_links":{"self":[{"href":"https:\/\/klaudynahebda.pl\/sklep\/wp-json\/wp\/v2\/product\/2970763"}],"collection":[{"href":"https:\/\/klaudynahebda.pl\/sklep\/wp-json\/wp\/v2\/product"}],"about":[{"href":"https:\/\/klaudynahebda.pl\/sklep\/wp-json\/wp\/v2\/types\/product"}],"replies":[{"embeddable":true,"href":"https:\/\/klaudynahebda.pl\/sklep\/wp-json\/wp\/v2\/comments?post=2970763"}],"wp:featuredmedia":[{"embeddable":true,"href":"https:\/\/klaudynahebda.pl\/sklep\/wp-json\/wp\/v2\/media\/2993817"}],"wp:attachment":[{"href":"https:\/\/klaudynahebda.pl\/sklep\/wp-json\/wp\/v2\/media?parent=2970763"}],"wp:term":[{"taxonomy":"product_cat","embeddable":true,"href":"https:\/\/klaudynahebda.pl\/sklep\/wp-json\/wp\/v2\/product_cat?post=2970763"},{"taxonomy":"product_tag","embeddable":true,"href":"https:\/\/klaudynahebda.pl\/sklep\/wp-json\/wp\/v2\/product_tag?post=2970763"}],"curies":[{"name":"wp","href":"https:\/\/api.w.org\/{rel}","templated":true}]}}