{"id":2963850,"date":"2024-05-07T14:35:44","date_gmt":"2024-05-07T12:35:44","guid":{"rendered":"https:\/\/klaudynahebda.pl\/sklep\/?post_type=product&#038;p=2963850"},"modified":"2026-04-30T13:26:33","modified_gmt":"2026-04-30T11:26:33","slug":"spray-liptus-light","status":"publish","type":"product","link":"https:\/\/klaudynahebda.pl\/sklep\/spray-liptus-light\/","title":{"rendered":"Aromaterapeutyczny spray z olejkami eterycznymi Liptus\u00ae Light"},"content":{"rendered":"<h2><strong>B\u0142yskawiczna \u015bwie\u017co\u015b\u0107 w Twoim domu, gdy brakuje Ci si\u0142 lub czasu, by u\u017cy\u0107 dyfuzora<\/strong><\/h2>\n<p><strong>Cynamonowiec kamforowy, cytryna, lawenda i gorzka pomara\u0144cza<\/strong> \u2013 w\u0142a\u015bnie taka aromaterapeutyczna kompozycja zapachowa zadba o pi\u0119kny zapach w Twoim otoczeniu. Powietrze b\u0119dzie lekkie i \u015bwie\u017ce, a oddychanie nim b\u0119dzie czyst\u0105 przyjemno\u015bci\u0105.<\/p>\n<p>Rozpyl spray Liptus\u00ae Light w domu i otocz si\u0119 \u015bwie\u017co\u015bci\u0105. U\u017cyj go w biurze lub w samochodzie i poczuj naturalny, orze\u017awiaj\u0105cy zapach. Spryskaj nim po\u015bciel przed snem i za\u015bnij w relaksuj\u0105cym otoczeniu.<\/p>\n<p>&nbsp;<\/p>\n<h2><strong>Co znajdziesz w spray&#8217;u Liptus\u00ae Light?<\/strong><\/h2>\n<ul>\n<li><strong>Olejki eteryczne<\/strong> z cynamonowca kamforowego, cytryny, lawendy i gorzkiej pomara\u0144czy \u2013 ca\u0142o\u015b\u0107 zosta\u0142a skomponowana tak, \u017ceby olejki nie tylko dobrze pachnia\u0142y, ale te\u017c uzupe\u0142nia\u0142y swoje dzia\u0142anie.<\/li>\n<li><strong>Baz\u0119 alkoholow\u0105<\/strong>\u00a0\u2013 spray oparli\u015bmy na alkoholu, kt\u00f3ry jest dobrym no\u015bnikiem zapach\u00f3w, a jednocze\u015bnie u\u0142atwia rozpylanie i nie pozostawia plam.<\/li>\n<\/ul>\n<p>&nbsp;<\/p>\n<h3><strong>Spray Liptus\u00ae Light \u2013 czy to formu\u0142a dla Ciebie?<\/strong><\/h3>\n<p>Tak, je\u015bli:<\/p>\n<ul>\n<li>szukasz naturalnych, aromaterapeutycznych receptur, kt\u00f3rych zapach wspiera <strong>komfortowy oddech<\/strong>,<\/li>\n<li>lubisz lekkie i subtelne, ale orze\u017awiaj\u0105ce aromaty,<\/li>\n<li>chcesz zadba\u0107 o <strong>\u015bwie\u017ce i przyjemne powietrze w domu<\/strong>, szczeg\u00f3lnie w sezonie jesienno-zimowym,<\/li>\n<li>nie lubisz chemicznych zapach\u00f3w i szukasz<strong> naturalnej alternatywy dla od\u015bwie\u017caczy powietrza,<\/strong><\/li>\n<li>lubisz <strong>seri\u0119 Liptus\u00ae<\/strong> i chcesz otacza\u0107 si\u0119 jej zapachem na co dzie\u0144 &#8211; cho\u0107 w nieco delikatniejszej wersji.<\/li>\n<\/ul>\n<p>&nbsp;<\/p>\n<h2>Jak pachnie spray z olejkami eterycznymi Liptus Light?<\/h2>\n<p>Odpowied\u017a na to pytanie zawsze jest subiektywna, w ko\u0144cu ka\u017cdy z nas inaczej odbiera i opisuje zapachy. Okre\u015bliliby\u015bmy go jako kamforowo-zielony z wyczuwaln\u0105 nut\u0105 gorzkiej pomara\u0144czy. Gdzie\u015b w tle gra lawenda, kt\u00f3ra z cienia wychodzi dopiero po chwili. Z pewno\u015bci\u0105 nie jest to zapach p\u0142aski, a zmieniaj\u0105cy si\u0119 w czasie, wi\u0119c w\u0105chanie go to naprawd\u0119 uczta dla nosa \ud83d\ude0a<\/p>\n<p>&nbsp;<\/p>\n<h3>Aromaterapeutyczny rytua\u0142 z seri\u0105 Liptus\u00ae<\/h3>\n<p><a href=\"https:\/\/klaudynahebda.pl\/sklep\/seria-liptus\/\"><strong>Poznaj ca\u0142\u0105 seri\u0119 Liptus\u00ae<\/strong><\/a> \u2013 i korzystaj z mocy zi\u00f3\u0142 i aromaterapii w takiej formie, jaka najlepiej Ci odpowiada. Stw\u00f3rz w\u0142asny zestaw Liptus lub skorzystaj z naszych propozycji. A co masz do wyboru?<\/p>\n<ul>\n<li><strong><a href=\"https:\/\/klaudynahebda.pl\/sklep\/roll-on-liptus\/\">Roll-on Liptus\u00ae<\/a><\/strong> \u2013\u00a0 kompaktowy rozmiar sprawia, \u017ce mo\u017cesz go zabra\u0107 ze sob\u0105, gdy wychodzisz z domu lub wyje\u017cdzasz gdzie\u015b dalej.<\/li>\n<li><strong><a href=\"https:\/\/klaudynahebda.pl\/sklep\/masc-liptus\/\">Ma\u015b\u0107 Liptus<\/a><a href=\"https:\/\/klaudynahebda.pl\/sklep\/masc-liptus\/\">\u00ae<\/a> <\/strong>\u2013 do smarowania klatki piersiowej, zio\u0142owo-mentolowy aromat wspiera komfort oddechu.<\/li>\n<li><a href=\"https:\/\/klaudynahebda.pl\/sklep\/herbata-liptus\/\"><strong>Herbatka Liptus\u00ae<\/strong><\/a> \u2013 zio\u0142a, przyprawy i olejki eteryczne w Twoim ulubionym kubku. We\u017a \u0142yk i poczuj tradycyjn\u0105 moc ro\u015blin.<\/li>\n<li><strong><a href=\"https:\/\/klaudynahebda.pl\/sklep\/zatoki-i\/\">Olejek Liptus\u00ae<\/a><\/strong> \u2013 mieszanka olejk\u00f3w eterycznych dla fan\u00f3w dyfuzowania.<\/li>\n<li><strong>Spray Liptus Light\u00ae<\/strong>\u00a0 &#8211; wygodny spos\u00f3b na od\u015bwie\u017cenie pomieszcze\u0144 i po\u015bcieli.<\/li>\n<li><strong><a href=\"https:\/\/klaudynahebda.pl\/sklep\/sol-liptus\/\">S\u00f3l<\/a><\/strong> i <strong><a href=\"https:\/\/klaudynahebda.pl\/sklep\/koncentrat-do-kapieli-liptus-100-200-ml\/\">koncentrat do k\u0105pieli<\/a><\/strong> Liptus\u00ae &#8211; zanurz si\u0119 w od\u015bwie\u017caj\u0105cej k\u0105pieli.\u00a0 Dla Ciebie \u2013 aromatyczna k\u0105piel. Dla sk\u00f3ry \u2013 od\u017cywienie i nawil\u017cenie. Dla nosa \u2013 aromatyczna para z olejk\u00f3w, kt\u00f3ra unosi si\u0119 podczas k\u0105piel. Dla mi\u0142o\u015bnik\u00f3w k\u0105pieli z delikatn\u0105 piank\u0105 lub bez \ud83d\ude09<\/li>\n<\/ul>\n<div class=\"row row-collapse align-middle\"  id=\"row-70392932\">\n\n\t<div id=\"col-418859455\" class=\"col small-10 large-12\"  >\n\t\t\t\t<div class=\"col-inner\"  >\n\t\t\t\n\t\t\t <h3 class=\"accordion_title\">Najcz\u0119\u015bciej zadawane pytania o spray Liptus\u00ae Light<\/h3><div class=\"accordion\" rel=\"1\"><\/div>\n<div class=\"accordion-item\"><a href=\"#\" class=\"accordion-title plain\"><button class=\"toggle\"><i class=\"icon-angle-down\"><\/i><\/button><span>Czy mog\u0119 u\u017cywa\u0107 spray'u Liptus\u00ae Light na sk\u00f3r\u0119?<\/span><\/a><div class=\"accordion-inner\">\nNie, spray jest przeznaczony wy\u0142\u0105cznie do stosowania w pomieszczeniach lub na dolnej cz\u0119\u015bci po\u015bcieli. Przed rozpyleniem na tkaniny warto sprawdzi\u0107 dzia\u0142anie na niewielkim fragmencie materia\u0142u.<br \/>\n<\/div><\/div>\n<div class=\"accordion-item\"><a href=\"#\" class=\"accordion-title plain\"><button class=\"toggle\"><i class=\"icon-angle-down\"><\/i><\/button><span>Czy mog\u0119 stosowa\u0107 spray Liptus\u00ae Light codziennie?<\/span><\/a><div class=\"accordion-inner\">\nTak, mo\u017cesz u\u017cywa\u0107 go zawsze, gdy chcesz od\u015bwie\u017cy\u0107 powietrze w domu lub nada\u0107 mu przyjemny aromat. Dzi\u0119ki formule Light zapach jest delikatniejszy i mniej intensywny ni\u017c w klasycznym Liptusie.<br \/>\n<\/div><\/div>\n<div class=\"accordion-item\"><a href=\"#\" class=\"accordion-title plain\"><button class=\"toggle\"><i class=\"icon-angle-down\"><\/i><\/button><span>Jakie olejki eteryczne znajduj\u0105 si\u0119 w spray'u Liptus\u00ae Light?<\/span><\/a><div class=\"accordion-inner\">\nW \u015brodku znajdziesz kompozycj\u0119 naturalnych olejk\u00f3w eterycznych: z cynamonowca kamforowego (kamfora), cytryny, lawendy i gorzkiej pomara\u0144czy (petitgrain). Razem tworz\u0105 delikatniejsz\u0105, \u015bwie\u017c\u0105 i zio\u0142ow\u0105 aur\u0119 \u2013 l\u017cejsz\u0105 ni\u017c w klasycznym Liptusie.<br \/>\n<\/div><\/div>\n<div class=\"accordion-item\"><a href=\"#\" class=\"accordion-title plain\"><button class=\"toggle\"><i class=\"icon-angle-down\"><\/i><\/button><span>Jak wzmocni\u0107 dzia\u0142anie spray'u Liptus\u00ae Light?<\/span><\/a><div class=\"accordion-inner\">\nSpray mo\u017cesz po\u0142\u0105czy\u0107 z innymi produktami z serii Liptus\u00ae i stworzy\u0107 sw\u00f3j od\u015bwie\u017caj\u0105cy rytua\u0142 w sezonie jesienno-zimowym:<\/p>\n<ul>\n<li>\u00a0**K\u0105piel z aromatem** \u2013 u\u017cyj <strong><a href=\"https:\/\/klaudynahebda.pl\/sklep\/sol-liptus\/\">soli do k\u0105pieli Liptus\u00ae<\/a><\/strong>\u00a0lub <strong><a href=\"https:\/\/klaudynahebda.pl\/sklep\/koncentrat-do-kapieli-liptus-100-200-ml\/\">koncentrat do k\u0105pieli Liptus\u00ae<\/a><\/strong>.<\/li>\n<li>**Piel\u0119gnacja i ochrona** \u2013 posmaruj klatk\u0119 piersiow\u0105 lub plecy <strong><a href=\"https:\/\/klaudynahebda.pl\/sklep\/masc-liptus\/\">ma\u015bci\u0105 Liptus<\/a><a href=\"https:\/\/klaudynahebda.pl\/sklep\/masc-liptus\/\">\u00ae.<\/a><\/strong><\/li>\n<li>**Odpr\u0119\u017caj\u0105cy rytua\u0142** \u2013 si\u0119gnij po <strong><a href=\"https:\/\/klaudynahebda.pl\/sklep\/roll-on-liptus\/\">Roll-on Liptus\u00ae<\/a><\/strong>, by cieszy\u0107 si\u0119 subtelnym aromatem tak\u017ce poza domem.<\/li>\n<li>**Zio\u0142owy napar** \u2013 wypij kubek <a href=\"https:\/\/klaudynahebda.pl\/sklep\/herbata-liptus\/\"><strong>herbatki Liptus\u00ae<\/strong><\/a> i rozgrzej si\u0119 od \u015brodka.<\/li>\n<li>**Codzienna aromaterapia** \u2013 stosuj <strong><a href=\"https:\/\/klaudynahebda.pl\/sklep\/zatoki-i\/\">olejek Liptus\u00ae<\/a><\/strong> w dyfuzorze.<\/li>\n<\/ul>\n<div>\n<\/div><\/div>\n<div class=\"accordion-item\"><a href=\"#\" class=\"accordion-title plain\"><button class=\"toggle\"><i class=\"icon-angle-down\"><\/i><\/button><span>Czy mog\u0119 stosowa\u0107 produkt w pobli\u017cu dzieci?<\/span><\/a><div class=\"accordion-inner\">\nTak, spray Liptus\u00ae Light mo\u017cna stosowa\u0107 w pomieszczeniach, w kt\u00f3rych przebywaj\u0105 dzieci powy\u017cej 3. roku \u017cycia. Dla jak najlepszego komfortu nale\u017cy rozpyli\u0107 spray z umiarem i zadba\u0107 o dobr\u0105 wentylacj\u0119, przewietrzy\u0107 pok\u00f3j.<br \/>\n<\/div><\/div>\n<\/div>\n\t<div id=\"gap-2032420648\" class=\"gap-element clearfix\" style=\"display:block; height:auto;\">\n\t\t\n<style>\n#gap-2032420648 {\n  padding-top: 20px;\n}\n<\/style>\n\t<\/div>\n\t\n\t\t<\/div>\n\t\t\t\t\t<\/div>\n\n\t\n\n<style>\n#row-70392932 > .col > .col-inner {\n  padding: 35px 0px 20px 0px;\n}\n<\/style>\n<\/div>\n","protected":false},"excerpt":{"rendered":"<h2><strong>Spray z olejkami eterycznymi Liptus\u00ae Light to&#8230;<\/strong><\/h2>\n<ul>\n<li>spos\u00f3b na wprowadzenie do domu poczucia<strong> \u015bwie\u017co\u015bci i czysto\u015bc<\/strong>i,<\/li>\n<li>zapach, kt\u00f3ry<strong> wspiera komfortowy oddech <\/strong>&#8211; Tw\u00f3j nos go pokocha,<\/li>\n<li>aromaterapeutyczny spray <strong>ze 100% olejkami eterycznymi do stosowania w pomieszczeniach i na po\u015bciel<\/strong>,<\/li>\n<li>\u015bwie\u017cy i lekki <strong>zapach pochodz\u0105cy prosto z natury<\/strong>,<\/li>\n<li>receptura stworzona z trosk\u0105 przez aromaterapeutk\u0119 kliniczn\u0105 i zielark\u0119,<\/li>\n<li>\u0142atwa i wygodna forma <strong>od\u015bwie\u017cenia powietrza<\/strong> w domu i biurze dos\u0142ownie w chwil\u0119,<\/li>\n<li>l\u017cejsza i delikatniejsza ni\u017c klasyczny olejek Liptus\u00ae &#8211; ale wci\u0105\u017c niezmiennie skuteczna &#8211; formu\u0142a.<\/li>\n<\/ul>\n<p>&nbsp;<\/p>\n<p>Wa\u017cne! Spray ma nieco zmieniony sk\u0142ad, jednak wci\u0105\u017c znajduj\u0105 si\u0119 w nim te same olejki eteryczne. Zmianie uleg\u0142a baza \u2013 dzi\u0119ki temu spray nie powoduje powstawania plam podczas rozpylania.<\/p>\n","protected":false},"featured_media":3354210,"comment_status":"open","ping_status":"closed","template":"","meta":[],"product_cat":[241,114,130,39,132,80],"product_tag":[],"acf":[],"yoast_head":"<!-- This site is optimized with the Yoast SEO plugin v19.6.1 - https:\/\/yoast.com\/wordpress\/plugins\/seo\/ -->\n<title>Aromaterapeutyczny spray z olejkami eterycznymi Liptus\u00ae Light - Klaudyna Hebda Nature<\/title>\n<meta name=\"description\" content=\"Poznaj spray z olejkami eterycznymi Liptus \u00ae Light i oddychaj naturaln\u0105 \u015bwie\u017co\u015bci\u0105, gdziekolwiek jeste\u015b - w domu, w biurze, w samochodzie.\" \/>\n<meta name=\"robots\" content=\"index, follow, max-snippet:-1, max-image-preview:large, max-video-preview:-1\" \/>\n<link rel=\"canonical\" href=\"https:\/\/klaudynahebda.pl\/sklep\/spray-liptus-light\/\" \/>\n<meta property=\"og:locale\" content=\"pl_PL\" \/>\n<meta property=\"og:type\" content=\"article\" \/>\n<meta property=\"og:title\" content=\"Aromaterapeutyczny spray z olejkami eterycznymi Liptus\u00ae Light - Klaudyna Hebda Nature\" \/>\n<meta property=\"og:description\" content=\"Poznaj spray z olejkami eterycznymi Liptus \u00ae Light i oddychaj naturaln\u0105 \u015bwie\u017co\u015bci\u0105, gdziekolwiek jeste\u015b - w domu, w biurze, w samochodzie.\" \/>\n<meta property=\"og:url\" content=\"https:\/\/klaudynahebda.pl\/sklep\/spray-liptus-light\/\" \/>\n<meta property=\"og:site_name\" content=\"Klaudyna Hebda Nature\" \/>\n<meta property=\"article:modified_time\" content=\"2026-04-30T11:26:33+00:00\" \/>\n<meta property=\"og:image\" content=\"https:\/\/klaudynahebda.pl\/sklep\/wp-content\/uploads\/2024\/05\/liptus-light-spray-packshot-biale-tlo.jpg.png\" \/>\n\t<meta property=\"og:image:width\" content=\"844\" \/>\n\t<meta property=\"og:image:height\" content=\"1152\" \/>\n\t<meta property=\"og:image:type\" content=\"image\/png\" \/>\n<meta name=\"twitter:card\" content=\"summary_large_image\" \/>\n<meta name=\"twitter:label1\" content=\"Szacowany czas czytania\" \/>\n\t<meta name=\"twitter:data1\" content=\"4 minuty\" \/>\n<script type=\"application\/ld+json\" class=\"yoast-schema-graph\">{\"@context\":\"https:\/\/schema.org\",\"@graph\":[{\"@type\":\"WebPage\",\"@id\":\"https:\/\/klaudynahebda.pl\/sklep\/spray-liptus-light\/\",\"url\":\"https:\/\/klaudynahebda.pl\/sklep\/spray-liptus-light\/\",\"name\":\"Aromaterapeutyczny spray z olejkami eterycznymi Liptus\u00ae Light - Klaudyna Hebda Nature\",\"isPartOf\":{\"@id\":\"https:\/\/klaudynahebda.pl\/sklep\/#website\"},\"datePublished\":\"2024-05-07T12:35:44+00:00\",\"dateModified\":\"2026-04-30T11:26:33+00:00\",\"description\":\"Poznaj spray z olejkami eterycznymi Liptus \u00ae Light i oddychaj naturaln\u0105 \u015bwie\u017co\u015bci\u0105, gdziekolwiek jeste\u015b - w domu, w biurze, w samochodzie.\",\"breadcrumb\":{\"@id\":\"https:\/\/klaudynahebda.pl\/sklep\/spray-liptus-light\/#breadcrumb\"},\"inLanguage\":\"pl-PL\",\"potentialAction\":[{\"@type\":\"ReadAction\",\"target\":[\"https:\/\/klaudynahebda.pl\/sklep\/spray-liptus-light\/\"]}]},{\"@type\":\"BreadcrumbList\",\"@id\":\"https:\/\/klaudynahebda.pl\/sklep\/spray-liptus-light\/#breadcrumb\",\"itemListElement\":[{\"@type\":\"ListItem\",\"position\":1,\"name\":\"Strona g\u0142\u00f3wna\",\"item\":\"https:\/\/klaudynahebda.pl\/sklep\/\"},{\"@type\":\"ListItem\",\"position\":2,\"name\":\"Sklep\",\"item\":\"https:\/\/klaudynahebda.pl\/sklep\/sklep\/\"},{\"@type\":\"ListItem\",\"position\":3,\"name\":\"Seria Liptus\",\"item\":\"https:\/\/klaudynahebda.pl\/sklep\/seria-liptus\/\"},{\"@type\":\"ListItem\",\"position\":4,\"name\":\"Aromaterapeutyczny spray z olejkami eterycznymi Liptus\u00ae Light\"}]},{\"@type\":\"WebSite\",\"@id\":\"https:\/\/klaudynahebda.pl\/sklep\/#website\",\"url\":\"https:\/\/klaudynahebda.pl\/sklep\/\",\"name\":\"Klaudyna Hebda Nature\",\"description\":\"Sklep\",\"publisher\":{\"@id\":\"https:\/\/klaudynahebda.pl\/sklep\/#organization\"},\"potentialAction\":[{\"@type\":\"SearchAction\",\"target\":{\"@type\":\"EntryPoint\",\"urlTemplate\":\"https:\/\/klaudynahebda.pl\/sklep\/?s={search_term_string}\"},\"query-input\":\"required name=search_term_string\"}],\"inLanguage\":\"pl-PL\"},{\"@type\":\"Organization\",\"@id\":\"https:\/\/klaudynahebda.pl\/sklep\/#organization\",\"name\":\"KlaudynaHebda\",\"url\":\"https:\/\/klaudynahebda.pl\/sklep\/\",\"sameAs\":[],\"logo\":{\"@type\":\"ImageObject\",\"inLanguage\":\"pl-PL\",\"@id\":\"https:\/\/klaudynahebda.pl\/sklep\/#\/schema\/logo\/image\/\",\"url\":\"\",\"contentUrl\":\"\",\"caption\":\"KlaudynaHebda\"},\"image\":{\"@id\":\"https:\/\/klaudynahebda.pl\/sklep\/#\/schema\/logo\/image\/\"}}]}<\/script>\n<!-- \/ Yoast SEO plugin. -->","yoast_head_json":{"title":"Aromaterapeutyczny spray z olejkami eterycznymi Liptus\u00ae Light - Klaudyna Hebda Nature","description":"Poznaj spray z olejkami eterycznymi Liptus \u00ae Light i oddychaj naturaln\u0105 \u015bwie\u017co\u015bci\u0105, gdziekolwiek jeste\u015b - w domu, w biurze, w samochodzie.","robots":{"index":"index","follow":"follow","max-snippet":"max-snippet:-1","max-image-preview":"max-image-preview:large","max-video-preview":"max-video-preview:-1"},"canonical":"https:\/\/klaudynahebda.pl\/sklep\/spray-liptus-light\/","og_locale":"pl_PL","og_type":"article","og_title":"Aromaterapeutyczny spray z olejkami eterycznymi Liptus\u00ae Light - Klaudyna Hebda Nature","og_description":"Poznaj spray z olejkami eterycznymi Liptus \u00ae Light i oddychaj naturaln\u0105 \u015bwie\u017co\u015bci\u0105, gdziekolwiek jeste\u015b - w domu, w biurze, w samochodzie.","og_url":"https:\/\/klaudynahebda.pl\/sklep\/spray-liptus-light\/","og_site_name":"Klaudyna Hebda Nature","article_modified_time":"2026-04-30T11:26:33+00:00","og_image":[{"width":844,"height":1152,"url":"https:\/\/klaudynahebda.pl\/sklep\/wp-content\/uploads\/2024\/05\/liptus-light-spray-packshot-biale-tlo.jpg.png","type":"image\/png"}],"twitter_card":"summary_large_image","twitter_misc":{"Szacowany czas czytania":"4 minuty"},"schema":{"@context":"https:\/\/schema.org","@graph":[{"@type":"WebPage","@id":"https:\/\/klaudynahebda.pl\/sklep\/spray-liptus-light\/","url":"https:\/\/klaudynahebda.pl\/sklep\/spray-liptus-light\/","name":"Aromaterapeutyczny spray z olejkami eterycznymi Liptus\u00ae Light - Klaudyna Hebda Nature","isPartOf":{"@id":"https:\/\/klaudynahebda.pl\/sklep\/#website"},"datePublished":"2024-05-07T12:35:44+00:00","dateModified":"2026-04-30T11:26:33+00:00","description":"Poznaj spray z olejkami eterycznymi Liptus \u00ae Light i oddychaj naturaln\u0105 \u015bwie\u017co\u015bci\u0105, gdziekolwiek jeste\u015b - w domu, w biurze, w samochodzie.","breadcrumb":{"@id":"https:\/\/klaudynahebda.pl\/sklep\/spray-liptus-light\/#breadcrumb"},"inLanguage":"pl-PL","potentialAction":[{"@type":"ReadAction","target":["https:\/\/klaudynahebda.pl\/sklep\/spray-liptus-light\/"]}]},{"@type":"BreadcrumbList","@id":"https:\/\/klaudynahebda.pl\/sklep\/spray-liptus-light\/#breadcrumb","itemListElement":[{"@type":"ListItem","position":1,"name":"Strona g\u0142\u00f3wna","item":"https:\/\/klaudynahebda.pl\/sklep\/"},{"@type":"ListItem","position":2,"name":"Sklep","item":"https:\/\/klaudynahebda.pl\/sklep\/sklep\/"},{"@type":"ListItem","position":3,"name":"Seria Liptus","item":"https:\/\/klaudynahebda.pl\/sklep\/seria-liptus\/"},{"@type":"ListItem","position":4,"name":"Aromaterapeutyczny spray z olejkami eterycznymi Liptus\u00ae Light"}]},{"@type":"WebSite","@id":"https:\/\/klaudynahebda.pl\/sklep\/#website","url":"https:\/\/klaudynahebda.pl\/sklep\/","name":"Klaudyna Hebda Nature","description":"Sklep","publisher":{"@id":"https:\/\/klaudynahebda.pl\/sklep\/#organization"},"potentialAction":[{"@type":"SearchAction","target":{"@type":"EntryPoint","urlTemplate":"https:\/\/klaudynahebda.pl\/sklep\/?s={search_term_string}"},"query-input":"required name=search_term_string"}],"inLanguage":"pl-PL"},{"@type":"Organization","@id":"https:\/\/klaudynahebda.pl\/sklep\/#organization","name":"KlaudynaHebda","url":"https:\/\/klaudynahebda.pl\/sklep\/","sameAs":[],"logo":{"@type":"ImageObject","inLanguage":"pl-PL","@id":"https:\/\/klaudynahebda.pl\/sklep\/#\/schema\/logo\/image\/","url":"","contentUrl":"","caption":"KlaudynaHebda"},"image":{"@id":"https:\/\/klaudynahebda.pl\/sklep\/#\/schema\/logo\/image\/"}}]}},"_links":{"self":[{"href":"https:\/\/klaudynahebda.pl\/sklep\/wp-json\/wp\/v2\/product\/2963850"}],"collection":[{"href":"https:\/\/klaudynahebda.pl\/sklep\/wp-json\/wp\/v2\/product"}],"about":[{"href":"https:\/\/klaudynahebda.pl\/sklep\/wp-json\/wp\/v2\/types\/product"}],"replies":[{"embeddable":true,"href":"https:\/\/klaudynahebda.pl\/sklep\/wp-json\/wp\/v2\/comments?post=2963850"}],"wp:featuredmedia":[{"embeddable":true,"href":"https:\/\/klaudynahebda.pl\/sklep\/wp-json\/wp\/v2\/media\/3354210"}],"wp:attachment":[{"href":"https:\/\/klaudynahebda.pl\/sklep\/wp-json\/wp\/v2\/media?parent=2963850"}],"wp:term":[{"taxonomy":"product_cat","embeddable":true,"href":"https:\/\/klaudynahebda.pl\/sklep\/wp-json\/wp\/v2\/product_cat?post=2963850"},{"taxonomy":"product_tag","embeddable":true,"href":"https:\/\/klaudynahebda.pl\/sklep\/wp-json\/wp\/v2\/product_tag?post=2963850"}],"curies":[{"name":"wp","href":"https:\/\/api.w.org\/{rel}","templated":true}]}}