{"id":2775108,"date":"2024-02-14T14:14:24","date_gmt":"2024-02-14T13:14:24","guid":{"rendered":"https:\/\/klaudynahebda.pl\/sklep\/?post_type=product&#038;p=2775108"},"modified":"2026-04-06T11:38:00","modified_gmt":"2026-04-06T09:38:00","slug":"ciepelko-zmarzlucha","status":"publish","type":"product","link":"https:\/\/klaudynahebda.pl\/sklep\/ciepelko-zmarzlucha\/","title":{"rendered":"Ciepe\u0142ko Zmarzlucha \u2013 mieszanka 100% olejk\u00f3w eterycznych"},"content":{"rendered":"<h2>Jak dzia\u0142a Ciepe\u0142ko Zmarzlucha?<\/h2>\n<p><b><\/b><span data-contrast=\"auto\">Powsta\u0142o z my\u015bl\u0105 o osobach, kt\u00f3re \u0142atwo marzn\u0105 i cz\u0119sto maj\u0105 zimne stopy. Nie jest to zbyt komfortowe, prawda? Znacznie lepiej czu\u0107 przyjemne ciep\u0142o, kt\u00f3re a\u017c rozgrzewa od \u015brodka. Ju\u017c sam masa\u017c t\u0105 pachn\u0105c\u0105 mieszank\u0105 poprawi Ci samopoczucie, a uczucie rozgrzania pozostanie z Tob\u0105 na d\u0142ugo.\u00a0<\/span><b><span data-contrast=\"auto\">Aktywuj mieszank\u0119 w 4 krokach <\/span><\/b><span data-contrast=\"auto\">i poczuj, jak roztapiasz si\u0119 jak czekolada:<\/span><span data-ccp-props=\"{&quot;134233118&quot;:false,&quot;201341983&quot;:0,&quot;335551550&quot;:0,&quot;335551620&quot;:0,&quot;335559685&quot;:-20,&quot;335559737&quot;:-20,&quot;335559739&quot;:200,&quot;335559740&quot;:276}\">\u00a0<\/span><\/p>\n<ol>\n<li data-leveltext=\"%1.\" data-font=\"Times New Roman\" data-listid=\"5\" data-list-defn-props=\"{&quot;335551671&quot;:1,&quot;335552541&quot;:0,&quot;335559683&quot;:0,&quot;335559684&quot;:-1,&quot;335559685&quot;:720,&quot;335559991&quot;:360,&quot;469769242&quot;:[65533,0,46],&quot;469777803&quot;:&quot;left&quot;,&quot;469777804&quot;:&quot;%1.&quot;,&quot;469777815&quot;:&quot;hybridMultilevel&quot;}\" data-aria-posinset=\"1\" data-aria-level=\"1\"><span data-contrast=\"auto\">Rozgrzej r\u0119ce, pocieraj\u0105c je o siebie ok. 20 sekund.<\/span><span data-ccp-props=\"{&quot;134233117&quot;:false,&quot;134233118&quot;:false,&quot;201341983&quot;:0,&quot;335551550&quot;:0,&quot;335551620&quot;:0,&quot;335559738&quot;:0,&quot;335559739&quot;:0,&quot;335559740&quot;:276}\">\u00a0<\/span><\/li>\n<li data-leveltext=\"%1.\" data-font=\"Times New Roman\" data-listid=\"5\" data-list-defn-props=\"{&quot;335551671&quot;:1,&quot;335552541&quot;:0,&quot;335559683&quot;:0,&quot;335559684&quot;:-1,&quot;335559685&quot;:720,&quot;335559991&quot;:360,&quot;469769242&quot;:[65533,0,46],&quot;469777803&quot;:&quot;left&quot;,&quot;469777804&quot;:&quot;%1.&quot;,&quot;469777815&quot;:&quot;hybridMultilevel&quot;}\" data-aria-posinset=\"1\" data-aria-level=\"1\"><span data-contrast=\"auto\">Mieszank\u0119 rozcie\u0144czon\u0105 w oleju bazowym (2 krople na 10 ml oleju) na\u0142\u00f3\u017c na d\u0142onie.<\/span><span data-ccp-props=\"{&quot;134233117&quot;:false,&quot;134233118&quot;:false,&quot;201341983&quot;:0,&quot;335551550&quot;:0,&quot;335551620&quot;:0,&quot;335559738&quot;:0,&quot;335559739&quot;:0,&quot;335559740&quot;:276}\">\u00a0<\/span><\/li>\n<li data-leveltext=\"%1.\" data-font=\"Times New Roman\" data-listid=\"5\" data-list-defn-props=\"{&quot;335551671&quot;:1,&quot;335552541&quot;:0,&quot;335559683&quot;:0,&quot;335559684&quot;:-1,&quot;335559685&quot;:720,&quot;335559991&quot;:360,&quot;469769242&quot;:[65533,0,46],&quot;469777803&quot;:&quot;left&quot;,&quot;469777804&quot;:&quot;%1.&quot;,&quot;469777815&quot;:&quot;hybridMultilevel&quot;}\" data-aria-posinset=\"1\" data-aria-level=\"1\"><span data-contrast=\"auto\">Masuj stopy przez 20 sekund.<\/span><span data-ccp-props=\"{&quot;134233117&quot;:false,&quot;134233118&quot;:false,&quot;201341983&quot;:0,&quot;335551550&quot;:0,&quot;335551620&quot;:0,&quot;335559738&quot;:0,&quot;335559739&quot;:0,&quot;335559740&quot;:276}\">\u00a0<\/span><\/li>\n<li data-leveltext=\"%1.\" data-font=\"Times New Roman\" data-listid=\"5\" data-list-defn-props=\"{&quot;335551671&quot;:1,&quot;335552541&quot;:0,&quot;335559683&quot;:0,&quot;335559684&quot;:-1,&quot;335559685&quot;:720,&quot;335559991&quot;:360,&quot;469769242&quot;:[65533,0,46],&quot;469777803&quot;:&quot;left&quot;,&quot;469777804&quot;:&quot;%1.&quot;,&quot;469777815&quot;:&quot;hybridMultilevel&quot;}\" data-aria-posinset=\"1\" data-aria-level=\"1\"><span data-contrast=\"auto\">Za\u0142\u00f3\u017c skarpetki.<\/span><span data-ccp-props=\"{&quot;134233117&quot;:false,&quot;134233118&quot;:false,&quot;201341983&quot;:0,&quot;335551550&quot;:0,&quot;335551620&quot;:0,&quot;335559738&quot;:0,&quot;335559739&quot;:0,&quot;335559740&quot;:276}\">\u00a0<\/span><\/li>\n<\/ol>\n<p><span data-contrast=\"auto\">Po wszystkim pami\u0119taj o dok\u0142adnym umyciu d\u0142oni, \u017ceby nie zatrze\u0107 oczu mieszank\u0105.<\/span><span data-ccp-props=\"{&quot;134233118&quot;:false,&quot;201341983&quot;:0,&quot;335551550&quot;:0,&quot;335551620&quot;:0,&quot;335559685&quot;:-20,&quot;335559737&quot;:-20,&quot;335559739&quot;:200,&quot;335559740&quot;:276}\">\u00a0<\/span><span data-contrast=\"auto\">\u00a0<\/span><span data-ccp-props=\"{&quot;134233118&quot;:false,&quot;201341983&quot;:0,&quot;335551550&quot;:0,&quot;335551620&quot;:0,&quot;335559685&quot;:-20,&quot;335559737&quot;:-20,&quot;335559739&quot;:200,&quot;335559740&quot;:276}\">\u00a0<\/span><\/p>\n<p><span data-contrast=\"auto\">Nie mamy w\u0105tpliwo\u015bci \u2013 druga taka mieszanka nie istnieje. Jej sk\u0142adniki zosta\u0142y starannie dobrane przez aromaterapeutk\u0119 i zielark\u0119 z wieloletnim do\u015bwiadczeniem, a ka\u017cdy z nich ma swoj\u0105 rol\u0119. Zapach olejk\u00f3w mo\u017ce dzia\u0142a\u0107 nie tylko na Twoje cia\u0142o, ale r\u00f3wnie\u017c na zmys\u0142y i samopoczucie.<\/span><span data-ccp-props=\"{&quot;134233118&quot;:false,&quot;201341983&quot;:0,&quot;335551550&quot;:0,&quot;335551620&quot;:0,&quot;335559685&quot;:-20,&quot;335559737&quot;:-20,&quot;335559739&quot;:200,&quot;335559740&quot;:276}\">\u00a0<\/span><\/p>\n<h2><span data-contrast=\"auto\">Co tu tak pachnie?<\/span><span data-ccp-props=\"{&quot;134233118&quot;:false,&quot;201341983&quot;:0,&quot;335551550&quot;:0,&quot;335551620&quot;:0,&quot;335559685&quot;:-20,&quot;335559737&quot;:-20,&quot;335559739&quot;:200,&quot;335559740&quot;:276}\">\u00a0<\/span><\/h2>\n<ul>\n<li data-leveltext=\"\u00b7\" data-font=\"Symbol\" data-listid=\"1\" data-list-defn-props=\"{&quot;335552541&quot;:1,&quot;335559683&quot;:0,&quot;335559684&quot;:-2,&quot;335559685&quot;:720,&quot;335559991&quot;:360,&quot;469769226&quot;:&quot;Symbol&quot;,&quot;469769242&quot;:[8226],&quot;469777803&quot;:&quot;left&quot;,&quot;469777804&quot;:&quot;\u00b7&quot;,&quot;469777815&quot;:&quot;hybridMultilevel&quot;}\" data-aria-posinset=\"6\" data-aria-level=\"1\"><span data-contrast=\"auto\">olejek z korzenia imbiru \u2013 jego aromat mo\u017ce dzia\u0142a\u0107 na Ciebie pobudzaj\u0105co, rozgrzewaj\u0105co, dodawa\u0107 energii i optymizmu,<\/span><span data-ccp-props=\"{&quot;134233117&quot;:false,&quot;134233118&quot;:false,&quot;201341983&quot;:0,&quot;335551550&quot;:0,&quot;335551620&quot;:0,&quot;335559738&quot;:0,&quot;335559739&quot;:0,&quot;335559740&quot;:276}\">\u00a0<\/span><\/li>\n<li data-leveltext=\"\u00b7\" data-font=\"Symbol\" data-listid=\"1\" data-list-defn-props=\"{&quot;335552541&quot;:1,&quot;335559683&quot;:0,&quot;335559684&quot;:-2,&quot;335559685&quot;:720,&quot;335559991&quot;:360,&quot;469769226&quot;:&quot;Symbol&quot;,&quot;469769242&quot;:[8226],&quot;469777803&quot;:&quot;left&quot;,&quot;469777804&quot;:&quot;\u00b7&quot;,&quot;469777815&quot;:&quot;hybridMultilevel&quot;}\" data-aria-posinset=\"7\" data-aria-level=\"1\"><span data-contrast=\"auto\">olejek z pieprzu czarnego \u2013 jego ostry aromat pobudza umys\u0142 i zmys\u0142y,<\/span><span data-ccp-props=\"{&quot;134233117&quot;:false,&quot;134233118&quot;:false,&quot;201341983&quot;:0,&quot;335551550&quot;:0,&quot;335551620&quot;:0,&quot;335559738&quot;:0,&quot;335559739&quot;:0,&quot;335559740&quot;:276}\">\u00a0<\/span><\/li>\n<li data-leveltext=\"\u00b7\" data-font=\"Symbol\" data-listid=\"1\" data-list-defn-props=\"{&quot;335552541&quot;:1,&quot;335559683&quot;:0,&quot;335559684&quot;:-2,&quot;335559685&quot;:720,&quot;335559991&quot;:360,&quot;469769226&quot;:&quot;Symbol&quot;,&quot;469769242&quot;:[8226],&quot;469777803&quot;:&quot;left&quot;,&quot;469777804&quot;:&quot;\u00b7&quot;,&quot;469777815&quot;:&quot;hybridMultilevel&quot;}\" data-aria-posinset=\"8\" data-aria-level=\"1\"><span data-contrast=\"auto\">olejek z kory cynamonu \u2013 ma ciep\u0142y, korzenny zapach, kt\u00f3ra tworzy atmosfer\u0119 przytulno\u015bci,<\/span><span data-ccp-props=\"{&quot;134233117&quot;:false,&quot;134233118&quot;:false,&quot;201341983&quot;:0,&quot;335551550&quot;:0,&quot;335551620&quot;:0,&quot;335559738&quot;:0,&quot;335559739&quot;:0,&quot;335559740&quot;:276}\">\u00a0<\/span><\/li>\n<li data-leveltext=\"\u00b7\" data-font=\"Symbol\" data-listid=\"1\" data-list-defn-props=\"{&quot;335552541&quot;:1,&quot;335559683&quot;:0,&quot;335559684&quot;:-2,&quot;335559685&quot;:720,&quot;335559991&quot;:360,&quot;469769226&quot;:&quot;Symbol&quot;,&quot;469769242&quot;:[8226],&quot;469777803&quot;:&quot;left&quot;,&quot;469777804&quot;:&quot;\u00b7&quot;,&quot;469777815&quot;:&quot;hybridMultilevel&quot;}\" data-aria-posinset=\"9\" data-aria-level=\"1\"><span data-contrast=\"auto\"><a href=\"https:\/\/klaudynahebda.pl\/sklep\/copaiba\/\">olejek copaiba<\/a> \u2013 ten \u017cywiczny aromat dzia\u0142a relaksuj\u0105co i mo\u017ce pom\u00f3c \u0142agodzi\u0107 poczucie stresu,<\/span><span data-ccp-props=\"{&quot;134233117&quot;:false,&quot;134233118&quot;:false,&quot;201341983&quot;:0,&quot;335551550&quot;:0,&quot;335551620&quot;:0,&quot;335559738&quot;:0,&quot;335559739&quot;:0,&quot;335559740&quot;:276}\">\u00a0<\/span><\/li>\n<li data-leveltext=\"\u00b7\" data-font=\"Symbol\" data-listid=\"1\" data-list-defn-props=\"{&quot;335552541&quot;:1,&quot;335559683&quot;:0,&quot;335559684&quot;:-2,&quot;335559685&quot;:720,&quot;335559991&quot;:360,&quot;469769226&quot;:&quot;Symbol&quot;,&quot;469769242&quot;:[8226],&quot;469777803&quot;:&quot;left&quot;,&quot;469777804&quot;:&quot;\u00b7&quot;,&quot;469777815&quot;:&quot;hybridMultilevel&quot;}\" data-aria-posinset=\"10\" data-aria-level=\"1\"><span data-contrast=\"auto\">olejek ze sk\u00f3rki grapefruita \u2013 jeden z najbardziej energetyzuj\u0105cych olejk\u00f3w o \u015bwie\u017cym zapachu,<\/span><span data-ccp-props=\"{&quot;134233117&quot;:false,&quot;134233118&quot;:false,&quot;201341983&quot;:0,&quot;335551550&quot;:0,&quot;335551620&quot;:0,&quot;335559738&quot;:0,&quot;335559739&quot;:0,&quot;335559740&quot;:276}\">\u00a0<\/span><\/li>\n<li data-leveltext=\"\u00b7\" data-font=\"Symbol\" data-listid=\"1\" data-list-defn-props=\"{&quot;335552541&quot;:1,&quot;335559683&quot;:0,&quot;335559684&quot;:-2,&quot;335559685&quot;:720,&quot;335559991&quot;:360,&quot;469769226&quot;:&quot;Symbol&quot;,&quot;469769242&quot;:[8226],&quot;469777803&quot;:&quot;left&quot;,&quot;469777804&quot;:&quot;\u00b7&quot;,&quot;469777815&quot;:&quot;hybridMultilevel&quot;}\" data-aria-posinset=\"11\" data-aria-level=\"1\"><span data-contrast=\"auto\"><a href=\"https:\/\/klaudynahebda.pl\/sklep\/olejek-wetiweriowy\/\">olejek wetiweriowy<\/a> \u2013 znany jako olej spokoju, a masa\u017c z jego dodatkiem pomaga uwolni\u0107 napi\u0119cie.<\/span><span data-ccp-props=\"{&quot;134233117&quot;:false,&quot;134233118&quot;:false,&quot;201341983&quot;:0,&quot;335551550&quot;:0,&quot;335551620&quot;:0,&quot;335559738&quot;:0,&quot;335559739&quot;:0,&quot;335559740&quot;:276}\">\u00a0<\/span><\/li>\n<\/ul>\n<p><span data-ccp-props=\"{&quot;134233117&quot;:false,&quot;134233118&quot;:false,&quot;201341983&quot;:0,&quot;335551550&quot;:0,&quot;335551620&quot;:0,&quot;335559685&quot;:0,&quot;335559738&quot;:0,&quot;335559739&quot;:0,&quot;335559740&quot;:276}\">\u00a0<\/span><span data-contrast=\"auto\">Lubisz ciep\u0142o i przytuln\u0105 atmosfer\u0119? Szukasz naturalnych metod na zwi\u0119kszenie energii? Nie lubisz uczucia zimna podczas pracy lub odpoczynku bez ruchu? B\u0119dziesz zachwycona t\u0105 mieszank\u0105!<\/span><span data-ccp-props=\"{&quot;134233118&quot;:false,&quot;201341983&quot;:0,&quot;335551550&quot;:0,&quot;335551620&quot;:0,&quot;335559685&quot;:-20,&quot;335559737&quot;:-20,&quot;335559739&quot;:200,&quot;335559740&quot;:276}\">\u00a0<\/span><\/p>\n<p>\u27a1\ufe0f Sprawd\u017a te\u017c:<\/p>\n<ul>\n<li><a href=\"https:\/\/klaudynahebda.pl\/sklep\/dyfuzor-do-aromaterapii\/\">dyfuzor bezprzewodowy<\/a>\u00a0do aromaterapii<\/li>\n<li>inne <a href=\"https:\/\/klaudynahebda.pl\/sklep\/olejki-eteryczne\/\">naturalne olejki eteryczne<\/a> K. Hebda.<\/li>\n<\/ul>\n","protected":false},"excerpt":{"rendered":"<h2><b><span data-contrast=\"auto\">Mieszanka Ciepe\u0142ko Zmarzlucha to:<\/span><\/b><\/h2>\n<ul>\n<li><b><span data-contrast=\"auto\">mieszanka olejk\u00f3w dla kochaj\u0105cych ciep\u0142o;<\/span><\/b><span data-ccp-props=\"{&quot;134233118&quot;:false,&quot;201341983&quot;:0,&quot;335551550&quot;:0,&quot;335551620&quot;:0,&quot;335559685&quot;:-20,&quot;335559737&quot;:-20,&quot;335559739&quot;:200,&quot;335559740&quot;:276}\">\u00a0<\/span><\/li>\n<li><span data-contrast=\"auto\">aromatyczny dodatek do domowego masa\u017cu st\u00f3p<\/span><span data-ccp-props=\"{&quot;134233117&quot;:false,&quot;134233118&quot;:false,&quot;201341983&quot;:0,&quot;335551550&quot;:0,&quot;335551620&quot;:0,&quot;335559738&quot;:0,&quot;335559739&quot;:0,&quot;335559740&quot;:276}\">\u00a0&#8211; <\/span><span data-contrast=\"auto\">dzia\u0142a lepiej ni\u017c we\u0142niane ska<\/span><span data-contrast=\"auto\">rpetki;<\/span><span data-ccp-props=\"{&quot;134233117&quot;:false,&quot;134233118&quot;:false,&quot;201341983&quot;:0,&quot;335551550&quot;:0,&quot;335551620&quot;:0,&quot;335559738&quot;:0,&quot;335559739&quot;:0,&quot;335559740&quot;:276}\">\u00a0<\/span><\/li>\n<li data-leveltext=\"\u00b7\" data-font=\"Symbol\" data-listid=\"1\" data-list-defn-props=\"{&quot;335552541&quot;:1,&quot;335559683&quot;:0,&quot;335559684&quot;:-2,&quot;335559685&quot;:720,&quot;335559991&quot;:360,&quot;469769226&quot;:&quot;Symbol&quot;,&quot;469769242&quot;:[8226],&quot;469777803&quot;:&quot;left&quot;,&quot;469777804&quot;:&quot;\u00b7&quot;,&quot;469777815&quot;:&quot;hybridMultilevel&quot;}\" data-aria-posinset=\"2\" data-aria-level=\"1\"><span data-contrast=\"auto\">rozgrzewaj\u0105cy aromat imbiru i pieprzu;<\/span><span data-ccp-props=\"{&quot;134233117&quot;:false,&quot;134233118&quot;:false,&quot;201341983&quot;:0,&quot;335551550&quot;:0,&quot;335551620&quot;:0,&quot;335559738&quot;:0,&quot;335559739&quot;:0,&quot;335559740&quot;:276}\">\u00a0<\/span><\/li>\n<li data-leveltext=\"\u00b7\" data-font=\"Symbol\" data-listid=\"1\" data-list-defn-props=\"{&quot;335552541&quot;:1,&quot;335559683&quot;:0,&quot;335559684&quot;:-2,&quot;335559685&quot;:720,&quot;335559991&quot;:360,&quot;469769226&quot;:&quot;Symbol&quot;,&quot;469769242&quot;:[8226],&quot;469777803&quot;:&quot;left&quot;,&quot;469777804&quot;:&quot;\u00b7&quot;,&quot;469777815&quot;:&quot;hybridMultilevel&quot;}\" data-aria-posinset=\"4\" data-aria-level=\"1\"><span data-contrast=\"auto\"><strong>dodatek do zimowej k\u0105pieli z<\/strong> przyjemnym aromatem;<\/span><span data-ccp-props=\"{&quot;134233117&quot;:false,&quot;134233118&quot;:false,&quot;201341983&quot;:0,&quot;335551550&quot;:0,&quot;335551620&quot;:0,&quot;335559738&quot;:0,&quot;335559739&quot;:0,&quot;335559740&quot;:276}\">\u00a0<\/span><\/li>\n<li data-leveltext=\"\u00b7\" data-font=\"Symbol\" data-listid=\"1\" data-list-defn-props=\"{&quot;335552541&quot;:1,&quot;335559683&quot;:0,&quot;335559684&quot;:-2,&quot;335559685&quot;:720,&quot;335559991&quot;:360,&quot;469769226&quot;:&quot;Symbol&quot;,&quot;469769242&quot;:[8226],&quot;469777803&quot;:&quot;left&quot;,&quot;469777804&quot;:&quot;\u00b7&quot;,&quot;469777815&quot;:&quot;hybridMultilevel&quot;}\" data-aria-posinset=\"5\" data-aria-level=\"1\"><span data-contrast=\"auto\">receptura 1<strong>00% olejk\u00f3w eterycznych<\/strong> najwy\u017cszej jako\u015bci przygotowana przez zielark\u0119<\/span><span data-ccp-props=\"{&quot;134233117&quot;:false,&quot;134233118&quot;:false,&quot;201341983&quot;:0,&quot;335551550&quot;:0,&quot;335551620&quot;:0,&quot;335559738&quot;:0,&quot;335559739&quot;:0,&quot;335559740&quot;:276}\"> i aromaterapeutk\u0119 kliniczn\u0105.<\/span><\/li>\n<\/ul>\n","protected":false},"featured_media":3227447,"comment_status":"open","ping_status":"closed","template":"","meta":[],"product_cat":[114,130,36,118],"product_tag":[],"acf":[],"yoast_head":"<!-- This site is optimized with the Yoast SEO plugin v19.6.1 - https:\/\/yoast.com\/wordpress\/plugins\/seo\/ -->\n<title>Ciepe\u0142ko Zmarzlucha \u2013 mieszanka olejk\u00f3w eterycznych - Klaudyna Hebda Nature<\/title>\n<meta name=\"description\" content=\"Ciepe\u0142ko Zmarzlucha powsta\u0142o z my\u015bl\u0105 o tych, kt\u00f3rzy \u0142atwo marzn\u0105 i cz\u0119sto maj\u0105 zimne stopy. Ten zapach a\u017c rozgrzewa od \u015brodka. Sprawd\u017a na sobie!\" \/>\n<meta name=\"robots\" content=\"index, follow, max-snippet:-1, max-image-preview:large, max-video-preview:-1\" \/>\n<link rel=\"canonical\" href=\"https:\/\/klaudynahebda.pl\/sklep\/ciepelko-zmarzlucha\/\" \/>\n<meta property=\"og:locale\" content=\"pl_PL\" \/>\n<meta property=\"og:type\" content=\"article\" \/>\n<meta property=\"og:title\" content=\"Ciepe\u0142ko Zmarzlucha \u2013 mieszanka olejk\u00f3w eterycznych - Klaudyna Hebda Nature\" \/>\n<meta property=\"og:description\" content=\"Ciepe\u0142ko Zmarzlucha powsta\u0142o z my\u015bl\u0105 o tych, kt\u00f3rzy \u0142atwo marzn\u0105 i cz\u0119sto maj\u0105 zimne stopy. Ten zapach a\u017c rozgrzewa od \u015brodka. Sprawd\u017a na sobie!\" \/>\n<meta property=\"og:url\" content=\"https:\/\/klaudynahebda.pl\/sklep\/ciepelko-zmarzlucha\/\" \/>\n<meta property=\"og:site_name\" content=\"Klaudyna Hebda Nature\" \/>\n<meta property=\"article:modified_time\" content=\"2026-04-06T09:38:00+00:00\" \/>\n<meta property=\"og:image\" content=\"https:\/\/klaudynahebda.pl\/sklep\/wp-content\/uploads\/2024\/02\/40.jpg\" \/>\n\t<meta property=\"og:image:width\" content=\"1020\" \/>\n\t<meta property=\"og:image:height\" content=\"1530\" \/>\n\t<meta property=\"og:image:type\" content=\"image\/jpeg\" \/>\n<meta name=\"twitter:card\" content=\"summary_large_image\" \/>\n<meta name=\"twitter:label1\" content=\"Szacowany czas czytania\" \/>\n\t<meta name=\"twitter:data1\" content=\"2 minuty\" \/>\n<script type=\"application\/ld+json\" class=\"yoast-schema-graph\">{\"@context\":\"https:\/\/schema.org\",\"@graph\":[{\"@type\":\"WebPage\",\"@id\":\"https:\/\/klaudynahebda.pl\/sklep\/ciepelko-zmarzlucha\/\",\"url\":\"https:\/\/klaudynahebda.pl\/sklep\/ciepelko-zmarzlucha\/\",\"name\":\"Ciepe\u0142ko Zmarzlucha \u2013 mieszanka olejk\u00f3w eterycznych - Klaudyna Hebda Nature\",\"isPartOf\":{\"@id\":\"https:\/\/klaudynahebda.pl\/sklep\/#website\"},\"datePublished\":\"2024-02-14T13:14:24+00:00\",\"dateModified\":\"2026-04-06T09:38:00+00:00\",\"description\":\"Ciepe\u0142ko Zmarzlucha powsta\u0142o z my\u015bl\u0105 o tych, kt\u00f3rzy \u0142atwo marzn\u0105 i cz\u0119sto maj\u0105 zimne stopy. Ten zapach a\u017c rozgrzewa od \u015brodka. Sprawd\u017a na sobie!\",\"breadcrumb\":{\"@id\":\"https:\/\/klaudynahebda.pl\/sklep\/ciepelko-zmarzlucha\/#breadcrumb\"},\"inLanguage\":\"pl-PL\",\"potentialAction\":[{\"@type\":\"ReadAction\",\"target\":[\"https:\/\/klaudynahebda.pl\/sklep\/ciepelko-zmarzlucha\/\"]}]},{\"@type\":\"BreadcrumbList\",\"@id\":\"https:\/\/klaudynahebda.pl\/sklep\/ciepelko-zmarzlucha\/#breadcrumb\",\"itemListElement\":[{\"@type\":\"ListItem\",\"position\":1,\"name\":\"Strona g\u0142\u00f3wna\",\"item\":\"https:\/\/klaudynahebda.pl\/sklep\/\"},{\"@type\":\"ListItem\",\"position\":2,\"name\":\"Sklep\",\"item\":\"https:\/\/klaudynahebda.pl\/sklep\/sklep\/\"},{\"@type\":\"ListItem\",\"position\":3,\"name\":\"Autorskie mieszanki olejk\u00f3w eterycznych\",\"item\":\"https:\/\/klaudynahebda.pl\/sklep\/autorskie-mieszanki-olejkow\/\"},{\"@type\":\"ListItem\",\"position\":4,\"name\":\"Ciepe\u0142ko Zmarzlucha \u2013 mieszanka 100% olejk\u00f3w eterycznych\"}]},{\"@type\":\"WebSite\",\"@id\":\"https:\/\/klaudynahebda.pl\/sklep\/#website\",\"url\":\"https:\/\/klaudynahebda.pl\/sklep\/\",\"name\":\"Klaudyna Hebda Nature\",\"description\":\"Sklep\",\"publisher\":{\"@id\":\"https:\/\/klaudynahebda.pl\/sklep\/#organization\"},\"potentialAction\":[{\"@type\":\"SearchAction\",\"target\":{\"@type\":\"EntryPoint\",\"urlTemplate\":\"https:\/\/klaudynahebda.pl\/sklep\/?s={search_term_string}\"},\"query-input\":\"required name=search_term_string\"}],\"inLanguage\":\"pl-PL\"},{\"@type\":\"Organization\",\"@id\":\"https:\/\/klaudynahebda.pl\/sklep\/#organization\",\"name\":\"KlaudynaHebda\",\"url\":\"https:\/\/klaudynahebda.pl\/sklep\/\",\"sameAs\":[],\"logo\":{\"@type\":\"ImageObject\",\"inLanguage\":\"pl-PL\",\"@id\":\"https:\/\/klaudynahebda.pl\/sklep\/#\/schema\/logo\/image\/\",\"url\":\"\",\"contentUrl\":\"\",\"caption\":\"KlaudynaHebda\"},\"image\":{\"@id\":\"https:\/\/klaudynahebda.pl\/sklep\/#\/schema\/logo\/image\/\"}}]}<\/script>\n<!-- \/ Yoast SEO plugin. -->","yoast_head_json":{"title":"Ciepe\u0142ko Zmarzlucha \u2013 mieszanka olejk\u00f3w eterycznych - Klaudyna Hebda Nature","description":"Ciepe\u0142ko Zmarzlucha powsta\u0142o z my\u015bl\u0105 o tych, kt\u00f3rzy \u0142atwo marzn\u0105 i cz\u0119sto maj\u0105 zimne stopy. Ten zapach a\u017c rozgrzewa od \u015brodka. Sprawd\u017a na sobie!","robots":{"index":"index","follow":"follow","max-snippet":"max-snippet:-1","max-image-preview":"max-image-preview:large","max-video-preview":"max-video-preview:-1"},"canonical":"https:\/\/klaudynahebda.pl\/sklep\/ciepelko-zmarzlucha\/","og_locale":"pl_PL","og_type":"article","og_title":"Ciepe\u0142ko Zmarzlucha \u2013 mieszanka olejk\u00f3w eterycznych - Klaudyna Hebda Nature","og_description":"Ciepe\u0142ko Zmarzlucha powsta\u0142o z my\u015bl\u0105 o tych, kt\u00f3rzy \u0142atwo marzn\u0105 i cz\u0119sto maj\u0105 zimne stopy. Ten zapach a\u017c rozgrzewa od \u015brodka. Sprawd\u017a na sobie!","og_url":"https:\/\/klaudynahebda.pl\/sklep\/ciepelko-zmarzlucha\/","og_site_name":"Klaudyna Hebda Nature","article_modified_time":"2026-04-06T09:38:00+00:00","og_image":[{"width":1020,"height":1530,"url":"https:\/\/klaudynahebda.pl\/sklep\/wp-content\/uploads\/2024\/02\/40.jpg","type":"image\/jpeg"}],"twitter_card":"summary_large_image","twitter_misc":{"Szacowany czas czytania":"2 minuty"},"schema":{"@context":"https:\/\/schema.org","@graph":[{"@type":"WebPage","@id":"https:\/\/klaudynahebda.pl\/sklep\/ciepelko-zmarzlucha\/","url":"https:\/\/klaudynahebda.pl\/sklep\/ciepelko-zmarzlucha\/","name":"Ciepe\u0142ko Zmarzlucha \u2013 mieszanka olejk\u00f3w eterycznych - Klaudyna Hebda Nature","isPartOf":{"@id":"https:\/\/klaudynahebda.pl\/sklep\/#website"},"datePublished":"2024-02-14T13:14:24+00:00","dateModified":"2026-04-06T09:38:00+00:00","description":"Ciepe\u0142ko Zmarzlucha powsta\u0142o z my\u015bl\u0105 o tych, kt\u00f3rzy \u0142atwo marzn\u0105 i cz\u0119sto maj\u0105 zimne stopy. Ten zapach a\u017c rozgrzewa od \u015brodka. Sprawd\u017a na sobie!","breadcrumb":{"@id":"https:\/\/klaudynahebda.pl\/sklep\/ciepelko-zmarzlucha\/#breadcrumb"},"inLanguage":"pl-PL","potentialAction":[{"@type":"ReadAction","target":["https:\/\/klaudynahebda.pl\/sklep\/ciepelko-zmarzlucha\/"]}]},{"@type":"BreadcrumbList","@id":"https:\/\/klaudynahebda.pl\/sklep\/ciepelko-zmarzlucha\/#breadcrumb","itemListElement":[{"@type":"ListItem","position":1,"name":"Strona g\u0142\u00f3wna","item":"https:\/\/klaudynahebda.pl\/sklep\/"},{"@type":"ListItem","position":2,"name":"Sklep","item":"https:\/\/klaudynahebda.pl\/sklep\/sklep\/"},{"@type":"ListItem","position":3,"name":"Autorskie mieszanki olejk\u00f3w eterycznych","item":"https:\/\/klaudynahebda.pl\/sklep\/autorskie-mieszanki-olejkow\/"},{"@type":"ListItem","position":4,"name":"Ciepe\u0142ko Zmarzlucha \u2013 mieszanka 100% olejk\u00f3w eterycznych"}]},{"@type":"WebSite","@id":"https:\/\/klaudynahebda.pl\/sklep\/#website","url":"https:\/\/klaudynahebda.pl\/sklep\/","name":"Klaudyna Hebda Nature","description":"Sklep","publisher":{"@id":"https:\/\/klaudynahebda.pl\/sklep\/#organization"},"potentialAction":[{"@type":"SearchAction","target":{"@type":"EntryPoint","urlTemplate":"https:\/\/klaudynahebda.pl\/sklep\/?s={search_term_string}"},"query-input":"required name=search_term_string"}],"inLanguage":"pl-PL"},{"@type":"Organization","@id":"https:\/\/klaudynahebda.pl\/sklep\/#organization","name":"KlaudynaHebda","url":"https:\/\/klaudynahebda.pl\/sklep\/","sameAs":[],"logo":{"@type":"ImageObject","inLanguage":"pl-PL","@id":"https:\/\/klaudynahebda.pl\/sklep\/#\/schema\/logo\/image\/","url":"","contentUrl":"","caption":"KlaudynaHebda"},"image":{"@id":"https:\/\/klaudynahebda.pl\/sklep\/#\/schema\/logo\/image\/"}}]}},"_links":{"self":[{"href":"https:\/\/klaudynahebda.pl\/sklep\/wp-json\/wp\/v2\/product\/2775108"}],"collection":[{"href":"https:\/\/klaudynahebda.pl\/sklep\/wp-json\/wp\/v2\/product"}],"about":[{"href":"https:\/\/klaudynahebda.pl\/sklep\/wp-json\/wp\/v2\/types\/product"}],"replies":[{"embeddable":true,"href":"https:\/\/klaudynahebda.pl\/sklep\/wp-json\/wp\/v2\/comments?post=2775108"}],"wp:featuredmedia":[{"embeddable":true,"href":"https:\/\/klaudynahebda.pl\/sklep\/wp-json\/wp\/v2\/media\/3227447"}],"wp:attachment":[{"href":"https:\/\/klaudynahebda.pl\/sklep\/wp-json\/wp\/v2\/media?parent=2775108"}],"wp:term":[{"taxonomy":"product_cat","embeddable":true,"href":"https:\/\/klaudynahebda.pl\/sklep\/wp-json\/wp\/v2\/product_cat?post=2775108"},{"taxonomy":"product_tag","embeddable":true,"href":"https:\/\/klaudynahebda.pl\/sklep\/wp-json\/wp\/v2\/product_tag?post=2775108"}],"curies":[{"name":"wp","href":"https:\/\/api.w.org\/{rel}","templated":true}]}}