{"id":2584,"date":"2015-10-22T15:44:42","date_gmt":"2015-10-22T13:44:42","guid":{"rendered":"http:\/\/klaudynahebda.pl\/sklep\/product\/olejek-pomaranczowy-2\/"},"modified":"2026-04-21T16:32:12","modified_gmt":"2026-04-21T14:32:12","slug":"olejek-pomaranczowy-10x","status":"publish","type":"product","link":"https:\/\/klaudynahebda.pl\/sklep\/olejek-pomaranczowy-10x\/","title":{"rendered":"Olejek pomara\u0144czowy 10x"},"content":{"rendered":"<h2>Czym r\u00f3\u017cni si\u0119 olejek pomara\u0144cza 10x od &#8221;tradycyjnej pomara\u0144czy&#8221;?<\/h2>\n<p>Ten olejek eteryczny powstaje w wyniku t\u0142oczenia na zimno, a nast\u0119pnie destylacji. W praktyce uzyskuje si\u0119 olejek o bardzo mocnym, owocowym zapachu. Jednak ta sama destylacja sprawia, \u017ce zmniejsza si\u0119 ilo\u015b\u0107 pewnych zwi\u0105zk\u00f3w \u2014 terpen\u00f3w, dlatego olejki skoncentrowane wykorzystuje si\u0119 przede wszystkim w kosmetyce oraz w przemy\u015ble spo\u017cywczym.<\/p>\n<p>Je\u015bli chcesz pozna\u0107 inne olejki pomara\u0144czowe, sprawd\u017a <a href=\"https:\/\/klaudynahebda.pl\/sklep\/olejek-pomaranczowy\/\">tradycyjny olejek pomara\u0144czowy<\/a> lub <a href=\"https:\/\/klaudynahebda.pl\/sklep\/olejek-pomarancza-czerwona\/\">olejek z pomara\u0144czy czerwonej.<\/a><\/p>\n","protected":false},"excerpt":{"rendered":"<h2>Olejek Pomara\u0144cza 10x to:<\/h2>\n<ul>\n<li>prawdopodobnie najbardziej pomara\u0144czowy z pomara\u0144czowych olejk\u00f3w \ud83c\udf4a<\/li>\n<li>100% olejk\u00f3w eterycznych, 10 razy wi\u0119cej cytrusowej mocy;<\/li>\n<li>\u015bwietny zapach po ci\u0119\u017ckim dniu, kiedy szare chmury k\u0142\u0119bi\u0105 si\u0119 na niebie \u2014 otw\u00f3rz<strong style=\"color: #555555;\"> buteleczk\u0119 i uwolnij s\u0142odk\u0105 energi\u0119 pomara\u0144czy;<\/strong><\/li>\n<li><strong style=\"color: #555555;\">must have dla mi\u0142o\u015bniczek i mi\u0142o\u015bnik\u00f3w cytrusowych aromat\u00f3w<\/strong><span style=\"color: #555555;\">.<\/span><\/li>\n<li>wszechstronno\u015b\u0107 \u2014 jest doskona\u0142ym wyborem dla tych, kt\u00f3rzy ceni\u0105 sobie <strong style=\"color: #555555;\">naturalne sk\u0142adniki i chc\u0105 dodatkowego wsparcia dla swojego dobrego samopoczucia.<\/strong><\/li>\n<\/ul>\n","protected":false},"featured_media":3376570,"comment_status":"open","ping_status":"closed","template":"","meta":[],"product_cat":[130,126,213,36,38,90],"product_tag":[],"acf":[],"yoast_head":"<!-- This site is optimized with the Yoast SEO plugin v19.6.1 - https:\/\/yoast.com\/wordpress\/plugins\/seo\/ -->\n<title>Olejek pomara\u0144czowy 10x - Klaudyna Hebda Nature<\/title>\n<meta name=\"description\" content=\"Olejek pomara\u0144czowy to os\u0142oda na szare, zimne wieczory. Sprawd\u017a, jak mo\u017ce wp\u0142yn\u0105\u0107 na Twoje samopoczucie. To pomara\u0144cza do pot\u0119gi! Zam\u00f3w teraz!\" \/>\n<meta name=\"robots\" content=\"index, follow, max-snippet:-1, max-image-preview:large, max-video-preview:-1\" \/>\n<link rel=\"canonical\" href=\"https:\/\/klaudynahebda.pl\/sklep\/olejek-pomaranczowy-10x\/\" \/>\n<meta property=\"og:locale\" content=\"pl_PL\" \/>\n<meta property=\"og:type\" content=\"article\" \/>\n<meta property=\"og:title\" content=\"Olejek pomara\u0144czowy 10x - Klaudyna Hebda Nature\" \/>\n<meta property=\"og:description\" content=\"Olejek pomara\u0144czowy to os\u0142oda na szare, zimne wieczory. Sprawd\u017a, jak mo\u017ce wp\u0142yn\u0105\u0107 na Twoje samopoczucie. To pomara\u0144cza do pot\u0119gi! Zam\u00f3w teraz!\" \/>\n<meta property=\"og:url\" content=\"https:\/\/klaudynahebda.pl\/sklep\/olejek-pomaranczowy-10x\/\" \/>\n<meta property=\"og:site_name\" content=\"Klaudyna Hebda Nature\" \/>\n<meta property=\"article:modified_time\" content=\"2026-04-21T14:32:12+00:00\" \/>\n<meta property=\"og:image\" content=\"https:\/\/klaudynahebda.pl\/sklep\/wp-content\/uploads\/2015\/10\/olejek-pomarancza-10x-packshot-biale-tlo.jpg.png\" \/>\n\t<meta property=\"og:image:width\" content=\"844\" \/>\n\t<meta property=\"og:image:height\" content=\"1152\" \/>\n\t<meta property=\"og:image:type\" content=\"image\/png\" \/>\n<meta name=\"twitter:card\" content=\"summary_large_image\" \/>\n<meta name=\"twitter:label1\" content=\"Szacowany czas czytania\" \/>\n\t<meta name=\"twitter:data1\" content=\"1 minuta\" \/>\n<script type=\"application\/ld+json\" class=\"yoast-schema-graph\">{\"@context\":\"https:\/\/schema.org\",\"@graph\":[{\"@type\":\"WebPage\",\"@id\":\"https:\/\/klaudynahebda.pl\/sklep\/olejek-pomaranczowy-10x\/\",\"url\":\"https:\/\/klaudynahebda.pl\/sklep\/olejek-pomaranczowy-10x\/\",\"name\":\"Olejek pomara\u0144czowy 10x - Klaudyna Hebda Nature\",\"isPartOf\":{\"@id\":\"https:\/\/klaudynahebda.pl\/sklep\/#website\"},\"datePublished\":\"2015-10-22T13:44:42+00:00\",\"dateModified\":\"2026-04-21T14:32:12+00:00\",\"description\":\"Olejek pomara\u0144czowy to os\u0142oda na szare, zimne wieczory. Sprawd\u017a, jak mo\u017ce wp\u0142yn\u0105\u0107 na Twoje samopoczucie. To pomara\u0144cza do pot\u0119gi! Zam\u00f3w teraz!\",\"breadcrumb\":{\"@id\":\"https:\/\/klaudynahebda.pl\/sklep\/olejek-pomaranczowy-10x\/#breadcrumb\"},\"inLanguage\":\"pl-PL\",\"potentialAction\":[{\"@type\":\"ReadAction\",\"target\":[\"https:\/\/klaudynahebda.pl\/sklep\/olejek-pomaranczowy-10x\/\"]}]},{\"@type\":\"BreadcrumbList\",\"@id\":\"https:\/\/klaudynahebda.pl\/sklep\/olejek-pomaranczowy-10x\/#breadcrumb\",\"itemListElement\":[{\"@type\":\"ListItem\",\"position\":1,\"name\":\"Strona g\u0142\u00f3wna\",\"item\":\"https:\/\/klaudynahebda.pl\/sklep\/\"},{\"@type\":\"ListItem\",\"position\":2,\"name\":\"Sklep\",\"item\":\"https:\/\/klaudynahebda.pl\/sklep\/sklep\/\"},{\"@type\":\"ListItem\",\"position\":3,\"name\":\"Olejki eteryczne\",\"item\":\"https:\/\/klaudynahebda.pl\/sklep\/olejki-eteryczne\/\"},{\"@type\":\"ListItem\",\"position\":4,\"name\":\"Olejek pomara\u0144czowy 10x\"}]},{\"@type\":\"WebSite\",\"@id\":\"https:\/\/klaudynahebda.pl\/sklep\/#website\",\"url\":\"https:\/\/klaudynahebda.pl\/sklep\/\",\"name\":\"Klaudyna Hebda Nature\",\"description\":\"Sklep\",\"publisher\":{\"@id\":\"https:\/\/klaudynahebda.pl\/sklep\/#organization\"},\"potentialAction\":[{\"@type\":\"SearchAction\",\"target\":{\"@type\":\"EntryPoint\",\"urlTemplate\":\"https:\/\/klaudynahebda.pl\/sklep\/?s={search_term_string}\"},\"query-input\":\"required name=search_term_string\"}],\"inLanguage\":\"pl-PL\"},{\"@type\":\"Organization\",\"@id\":\"https:\/\/klaudynahebda.pl\/sklep\/#organization\",\"name\":\"KlaudynaHebda\",\"url\":\"https:\/\/klaudynahebda.pl\/sklep\/\",\"sameAs\":[],\"logo\":{\"@type\":\"ImageObject\",\"inLanguage\":\"pl-PL\",\"@id\":\"https:\/\/klaudynahebda.pl\/sklep\/#\/schema\/logo\/image\/\",\"url\":\"\",\"contentUrl\":\"\",\"caption\":\"KlaudynaHebda\"},\"image\":{\"@id\":\"https:\/\/klaudynahebda.pl\/sklep\/#\/schema\/logo\/image\/\"}}]}<\/script>\n<!-- \/ Yoast SEO plugin. -->","yoast_head_json":{"title":"Olejek pomara\u0144czowy 10x - Klaudyna Hebda Nature","description":"Olejek pomara\u0144czowy to os\u0142oda na szare, zimne wieczory. Sprawd\u017a, jak mo\u017ce wp\u0142yn\u0105\u0107 na Twoje samopoczucie. To pomara\u0144cza do pot\u0119gi! Zam\u00f3w teraz!","robots":{"index":"index","follow":"follow","max-snippet":"max-snippet:-1","max-image-preview":"max-image-preview:large","max-video-preview":"max-video-preview:-1"},"canonical":"https:\/\/klaudynahebda.pl\/sklep\/olejek-pomaranczowy-10x\/","og_locale":"pl_PL","og_type":"article","og_title":"Olejek pomara\u0144czowy 10x - Klaudyna Hebda Nature","og_description":"Olejek pomara\u0144czowy to os\u0142oda na szare, zimne wieczory. Sprawd\u017a, jak mo\u017ce wp\u0142yn\u0105\u0107 na Twoje samopoczucie. To pomara\u0144cza do pot\u0119gi! Zam\u00f3w teraz!","og_url":"https:\/\/klaudynahebda.pl\/sklep\/olejek-pomaranczowy-10x\/","og_site_name":"Klaudyna Hebda Nature","article_modified_time":"2026-04-21T14:32:12+00:00","og_image":[{"width":844,"height":1152,"url":"https:\/\/klaudynahebda.pl\/sklep\/wp-content\/uploads\/2015\/10\/olejek-pomarancza-10x-packshot-biale-tlo.jpg.png","type":"image\/png"}],"twitter_card":"summary_large_image","twitter_misc":{"Szacowany czas czytania":"1 minuta"},"schema":{"@context":"https:\/\/schema.org","@graph":[{"@type":"WebPage","@id":"https:\/\/klaudynahebda.pl\/sklep\/olejek-pomaranczowy-10x\/","url":"https:\/\/klaudynahebda.pl\/sklep\/olejek-pomaranczowy-10x\/","name":"Olejek pomara\u0144czowy 10x - Klaudyna Hebda Nature","isPartOf":{"@id":"https:\/\/klaudynahebda.pl\/sklep\/#website"},"datePublished":"2015-10-22T13:44:42+00:00","dateModified":"2026-04-21T14:32:12+00:00","description":"Olejek pomara\u0144czowy to os\u0142oda na szare, zimne wieczory. Sprawd\u017a, jak mo\u017ce wp\u0142yn\u0105\u0107 na Twoje samopoczucie. To pomara\u0144cza do pot\u0119gi! Zam\u00f3w teraz!","breadcrumb":{"@id":"https:\/\/klaudynahebda.pl\/sklep\/olejek-pomaranczowy-10x\/#breadcrumb"},"inLanguage":"pl-PL","potentialAction":[{"@type":"ReadAction","target":["https:\/\/klaudynahebda.pl\/sklep\/olejek-pomaranczowy-10x\/"]}]},{"@type":"BreadcrumbList","@id":"https:\/\/klaudynahebda.pl\/sklep\/olejek-pomaranczowy-10x\/#breadcrumb","itemListElement":[{"@type":"ListItem","position":1,"name":"Strona g\u0142\u00f3wna","item":"https:\/\/klaudynahebda.pl\/sklep\/"},{"@type":"ListItem","position":2,"name":"Sklep","item":"https:\/\/klaudynahebda.pl\/sklep\/sklep\/"},{"@type":"ListItem","position":3,"name":"Olejki eteryczne","item":"https:\/\/klaudynahebda.pl\/sklep\/olejki-eteryczne\/"},{"@type":"ListItem","position":4,"name":"Olejek pomara\u0144czowy 10x"}]},{"@type":"WebSite","@id":"https:\/\/klaudynahebda.pl\/sklep\/#website","url":"https:\/\/klaudynahebda.pl\/sklep\/","name":"Klaudyna Hebda Nature","description":"Sklep","publisher":{"@id":"https:\/\/klaudynahebda.pl\/sklep\/#organization"},"potentialAction":[{"@type":"SearchAction","target":{"@type":"EntryPoint","urlTemplate":"https:\/\/klaudynahebda.pl\/sklep\/?s={search_term_string}"},"query-input":"required name=search_term_string"}],"inLanguage":"pl-PL"},{"@type":"Organization","@id":"https:\/\/klaudynahebda.pl\/sklep\/#organization","name":"KlaudynaHebda","url":"https:\/\/klaudynahebda.pl\/sklep\/","sameAs":[],"logo":{"@type":"ImageObject","inLanguage":"pl-PL","@id":"https:\/\/klaudynahebda.pl\/sklep\/#\/schema\/logo\/image\/","url":"","contentUrl":"","caption":"KlaudynaHebda"},"image":{"@id":"https:\/\/klaudynahebda.pl\/sklep\/#\/schema\/logo\/image\/"}}]}},"_links":{"self":[{"href":"https:\/\/klaudynahebda.pl\/sklep\/wp-json\/wp\/v2\/product\/2584"}],"collection":[{"href":"https:\/\/klaudynahebda.pl\/sklep\/wp-json\/wp\/v2\/product"}],"about":[{"href":"https:\/\/klaudynahebda.pl\/sklep\/wp-json\/wp\/v2\/types\/product"}],"replies":[{"embeddable":true,"href":"https:\/\/klaudynahebda.pl\/sklep\/wp-json\/wp\/v2\/comments?post=2584"}],"wp:featuredmedia":[{"embeddable":true,"href":"https:\/\/klaudynahebda.pl\/sklep\/wp-json\/wp\/v2\/media\/3376570"}],"wp:attachment":[{"href":"https:\/\/klaudynahebda.pl\/sklep\/wp-json\/wp\/v2\/media?parent=2584"}],"wp:term":[{"taxonomy":"product_cat","embeddable":true,"href":"https:\/\/klaudynahebda.pl\/sklep\/wp-json\/wp\/v2\/product_cat?post=2584"},{"taxonomy":"product_tag","embeddable":true,"href":"https:\/\/klaudynahebda.pl\/sklep\/wp-json\/wp\/v2\/product_tag?post=2584"}],"curies":[{"name":"wp","href":"https:\/\/api.w.org\/{rel}","templated":true}]}}