{"id":2505278,"date":"2023-11-13T18:03:19","date_gmt":"2023-11-13T17:03:19","guid":{"rendered":"https:\/\/klaudynahebda.pl\/sklep\/?post_type=product&#038;p=2505278"},"modified":"2026-04-14T22:10:25","modified_gmt":"2026-04-14T20:10:25","slug":"chatka-w-lesie","status":"publish","type":"product","link":"https:\/\/klaudynahebda.pl\/sklep\/chatka-w-lesie\/","title":{"rendered":"Chatka w lesie &#8211; zapach prawdziwego lasu"},"content":{"rendered":"<h2><span data-contrast=\"auto\">Dlaczego zapach lasu tak mocno relaksuje?<\/span><\/h2>\n<p><span data-contrast=\"auto\"> Jak si\u0119 czujesz w lesie? Spokojna, odpr\u0119\u017cona? Pewno masz wra\u017cenie, \u017ce g\u0142owa odpoczywa, codzienne problemy wydaj\u0105 si\u0119 \u0142atwiejsze do pokonania, stres odp\u0142ywa, a Ty po prostu do\u015bwiadczasz bycia tu i teraz. Nie zawsze, gdy tego potrzebujesz, mo\u017cesz wyj\u015b\u0107 do lasu. Zawsze mo\u017cesz jednak da\u0107 sobie <\/span><b><span data-contrast=\"auto\">odrobin\u0119 lasoterapii bez wychodzenia z domu<\/span><\/b><span data-contrast=\"auto\">. Mieszanka z olejkiem sosnowym, cedrowym, ja\u0142owcowym i cyprysowym zabierze Ci\u0119 do aromatycznego lasu, gdy tylko j\u0105 pow\u0105chasz, a domowa k\u0105piel le\u015bna da Ci to, czego tak bardzo potrzebujesz.\u00a0<\/span><span data-ccp-props=\"{&quot;134233117&quot;:false,&quot;134233118&quot;:false,&quot;335551550&quot;:1,&quot;335551620&quot;:1,&quot;335557856&quot;:16777215,&quot;335559738&quot;:0,&quot;335559739&quot;:390}\">\u00a0<\/span><\/p>\n<p><span data-contrast=\"auto\">Gdy wchodzimy do lasu, odczuwamy go wszystkimi zmys\u0142ami. S\u0142yszymy inne ni\u017c w mie\u015bcie d\u017awi\u0119ki, nasz wzrok odpoczywa od \u015bwiate\u0142 i kolor\u00f3w, ale to w\u0142a\u015bnie zapach odgrywa tu wyj\u0105tkow\u0105 rol\u0119. Mo\u017ce chcia\u0142aby\u015b by\u0107 bli\u017cej lasu, a mo\u017ce ca\u0142kiem dobrze Ci w miejskiej d\u017cungli, ale czasem dobrze by\u0142oby p\u00f3j\u015b\u0107 w okolice le\u015bnej chatki. Gdy potrzebujesz wytchnienia po wielu godzinach w pomieszczeniu i chcesz poczu\u0107 si\u0119 jak po spacerze na \u015bwie\u017cym powietrzu \u2013 <\/span><b><span data-contrast=\"auto\">zamknij oczy, pow\u0105chaj Chatk\u0119 w lesie i<\/span><\/b> <span data-contrast=\"auto\">ciesz si\u0119 chwil\u0105 relaksu.<\/span><span data-ccp-props=\"{&quot;134233117&quot;:false,&quot;134233118&quot;:false,&quot;335551550&quot;:1,&quot;335551620&quot;:1,&quot;335557856&quot;:16777215,&quot;335559738&quot;:0,&quot;335559739&quot;:390}\">\u00a0<\/span><\/p>\n<p><span data-contrast=\"auto\">\u00a0\u00a0\u00a0<\/span><span data-ccp-props=\"{&quot;134233117&quot;:false,&quot;134233118&quot;:false,&quot;335551550&quot;:1,&quot;335551620&quot;:1,&quot;335557856&quot;:16777215,&quot;335559738&quot;:0,&quot;335559739&quot;:390}\">\u00a0<\/span><\/p>\n<h2>Mieszanka olejk\u00f3w Chatka w lesie &#8211; co tu tak pachnie?<\/h2>\n<ul>\n<li data-leveltext=\"\u00b7\" data-font=\"Symbol\" data-listid=\"1\" data-list-defn-props=\"{&quot;335552541&quot;:1,&quot;335559685&quot;:720,&quot;335559991&quot;:360,&quot;469769226&quot;:&quot;Symbol&quot;,&quot;469769242&quot;:[8226],&quot;469777803&quot;:&quot;left&quot;,&quot;469777804&quot;:&quot;\u00b7&quot;,&quot;469777815&quot;:&quot;hybridMultilevel&quot;}\" data-aria-posinset=\"7\" data-aria-level=\"1\"><b><span data-contrast=\"none\">Olejek cedrowy<\/span><\/b><span data-contrast=\"none\"> \u2013 jego ciep\u0142y, drzewny aromat kojarzy si\u0119 z harmoni\u0105 i spokojem, wprowadza relaksuj\u0105c\u0105 atmosfer\u0119.<\/span><span data-ccp-props=\"{&quot;134233117&quot;:false,&quot;134233118&quot;:false,&quot;335551550&quot;:1,&quot;335551620&quot;:1,&quot;335557856&quot;:16777215,&quot;335559738&quot;:0,&quot;335559739&quot;:0}\">\u00a0<\/span><\/li>\n<\/ul>\n<ul>\n<li data-leveltext=\"\u00b7\" data-font=\"Symbol\" data-listid=\"1\" data-list-defn-props=\"{&quot;335552541&quot;:1,&quot;335559685&quot;:720,&quot;335559991&quot;:360,&quot;469769226&quot;:&quot;Symbol&quot;,&quot;469769242&quot;:[8226],&quot;469777803&quot;:&quot;left&quot;,&quot;469777804&quot;:&quot;\u00b7&quot;,&quot;469777815&quot;:&quot;hybridMultilevel&quot;}\" data-aria-posinset=\"8\" data-aria-level=\"1\"><b><span data-contrast=\"none\">Olejek sosnowy<\/span><\/b><span data-contrast=\"none\"> \u2013 \u015bwie\u017cy zapach sosny przywo\u0142uje na my\u015bl poranny spacer w lesie, o\u017cywia przestrze\u0144 i wprowadza rze\u015bko\u015b\u0107.<\/span><span data-ccp-props=\"{&quot;134233117&quot;:false,&quot;134233118&quot;:false,&quot;335551550&quot;:1,&quot;335551620&quot;:1,&quot;335557856&quot;:16777215,&quot;335559738&quot;:0,&quot;335559739&quot;:0}\">\u00a0<\/span><\/li>\n<\/ul>\n<ul>\n<li data-leveltext=\"\u00b7\" data-font=\"Symbol\" data-listid=\"1\" data-list-defn-props=\"{&quot;335552541&quot;:1,&quot;335559685&quot;:720,&quot;335559991&quot;:360,&quot;469769226&quot;:&quot;Symbol&quot;,&quot;469769242&quot;:[8226],&quot;469777803&quot;:&quot;left&quot;,&quot;469777804&quot;:&quot;\u00b7&quot;,&quot;469777815&quot;:&quot;hybridMultilevel&quot;}\" data-aria-posinset=\"9\" data-aria-level=\"1\"><b><span data-contrast=\"none\">Olejek cyprysowy<\/span><\/b><span data-contrast=\"none\"> \u2013 jego subtelny, drzewny aromat tworzy atmosfer\u0119 sprzyjaj\u0105c\u0105 skupieniu i wewn\u0119trznej harmonii.<\/span><span data-ccp-props=\"{&quot;134233117&quot;:false,&quot;134233118&quot;:false,&quot;335551550&quot;:1,&quot;335551620&quot;:1,&quot;335557856&quot;:16777215,&quot;335559738&quot;:0,&quot;335559739&quot;:0}\">\u00a0<\/span><\/li>\n<\/ul>\n<ul>\n<li data-leveltext=\"\u00b7\" data-font=\"Symbol\" data-listid=\"1\" data-list-defn-props=\"{&quot;335552541&quot;:1,&quot;335559685&quot;:720,&quot;335559991&quot;:360,&quot;469769226&quot;:&quot;Symbol&quot;,&quot;469769242&quot;:[8226],&quot;469777803&quot;:&quot;left&quot;,&quot;469777804&quot;:&quot;\u00b7&quot;,&quot;469777815&quot;:&quot;hybridMultilevel&quot;}\" data-aria-posinset=\"10\" data-aria-level=\"1\"><b><span data-contrast=\"none\">Olejek z ja\u0142owca<\/span><\/b><span data-contrast=\"none\"> \u2013 jego \u015bwie\u017cy, zio\u0142owy zapach pomaga wprowadzi\u0107 do przestrzeni poczucie lekko\u015bci i relaksu.<\/span><span data-ccp-props=\"{&quot;134233117&quot;:false,&quot;134233118&quot;:false,&quot;335551550&quot;:1,&quot;335551620&quot;:1,&quot;335557856&quot;:16777215,&quot;335559738&quot;:0,&quot;335559739&quot;:0}\">\u00a0<\/span><\/li>\n<\/ul>\n<ul>\n<li data-leveltext=\"\u00b7\" data-font=\"Symbol\" data-listid=\"1\" data-list-defn-props=\"{&quot;335552541&quot;:1,&quot;335559685&quot;:720,&quot;335559991&quot;:360,&quot;469769226&quot;:&quot;Symbol&quot;,&quot;469769242&quot;:[8226],&quot;469777803&quot;:&quot;left&quot;,&quot;469777804&quot;:&quot;\u00b7&quot;,&quot;469777815&quot;:&quot;hybridMultilevel&quot;}\" data-aria-posinset=\"11\" data-aria-level=\"1\"><b><span data-contrast=\"none\">Olejek copaiba<\/span><\/b><span data-contrast=\"none\"> \u2013 drzewny, s\u0142odko-ziemisty zapach ceniony za swoje w\u0142a\u015bciwo\u015bci tworzenia spokojnej, koj\u0105cej atmosfery.<\/span><span data-ccp-props=\"{&quot;134233117&quot;:false,&quot;134233118&quot;:false,&quot;335551550&quot;:1,&quot;335551620&quot;:1,&quot;335557856&quot;:16777215,&quot;335559738&quot;:0,&quot;335559739&quot;:0}\">\u00a0<\/span><\/li>\n<\/ul>\n<ul>\n<li data-leveltext=\"\u00b7\" data-font=\"Symbol\" data-listid=\"1\" data-list-defn-props=\"{&quot;335552541&quot;:1,&quot;335559685&quot;:720,&quot;335559991&quot;:360,&quot;469769226&quot;:&quot;Symbol&quot;,&quot;469769242&quot;:[8226],&quot;469777803&quot;:&quot;left&quot;,&quot;469777804&quot;:&quot;\u00b7&quot;,&quot;469777815&quot;:&quot;hybridMultilevel&quot;}\" data-aria-posinset=\"12\" data-aria-level=\"1\"><b><span data-contrast=\"none\">Olejek paczulowy<\/span><\/b><span data-contrast=\"none\"> \u2013 g\u0142\u0119boki, ziemisty zapach paczuli wprowadza nut\u0119 ciep\u0142a i komfortu.<\/span><span data-ccp-props=\"{&quot;134233117&quot;:false,&quot;134233118&quot;:false,&quot;335551550&quot;:1,&quot;335551620&quot;:1,&quot;335557856&quot;:16777215,&quot;335559738&quot;:0,&quot;335559739&quot;:0}\">\u00a0<\/span><\/li>\n<\/ul>\n<p>\u27a1\ufe0f Sprawd\u017a te\u017c:<\/p>\n<ul>\n<li><a href=\"https:\/\/klaudynahebda.pl\/sklep\/dyfuzor-do-aromaterapii\/\">dyfuzor bezprzewodowy<\/a>\u00a0do aromaterapii<\/li>\n<li><a href=\"https:\/\/klaudynahebda.pl\/sklep\/roll-on-chatka-w-lesie\">roll-on Chatka w lesie<\/a>: by zapach prawdziwego lasu by\u0142 zawsze pod r\u0119k\u0105<\/li>\n<li>inne <a href=\"https:\/\/klaudynahebda.pl\/sklep\/olejki-eteryczne\/\">naturalne olejki eteryczne<\/a> K. Hebda.<\/li>\n<\/ul>\n","protected":false},"excerpt":{"rendered":"<h2><b><span data-contrast=\"auto\">Zapach lasu zamkni\u0119ty w butelce<\/span><\/b><span data-contrast=\"auto\">\u00a0<\/span><span data-ccp-props=\"{&quot;134233117&quot;:false,&quot;134233118&quot;:false,&quot;335551550&quot;:1,&quot;335551620&quot;:1,&quot;335557856&quot;:16777215,&quot;335559738&quot;:0,&quot;335559739&quot;:410}\">\u00a0<\/span><\/h2>\n<ul>\n<li data-leveltext=\"\u00b7\" data-font=\"Symbol\" data-listid=\"1\" data-list-defn-props=\"{&quot;335552541&quot;:1,&quot;335559685&quot;:720,&quot;335559991&quot;:360,&quot;469769226&quot;:&quot;Symbol&quot;,&quot;469769242&quot;:[8226],&quot;469777803&quot;:&quot;left&quot;,&quot;469777804&quot;:&quot;\u00b7&quot;,&quot;469777815&quot;:&quot;hybridMultilevel&quot;}\" data-aria-posinset=\"1\" data-aria-level=\"1\"><span data-contrast=\"auto\">Przeniesie Ci\u0119 my\u015blami do le\u015bnej chatki\u00a0<\/span><span data-ccp-props=\"{&quot;134233117&quot;:false,&quot;134233118&quot;:false,&quot;335551550&quot;:1,&quot;335551620&quot;:1,&quot;335557856&quot;:16777215,&quot;335559738&quot;:0,&quot;335559739&quot;:0}\">\u00a0<\/span><\/li>\n<\/ul>\n<ul>\n<li data-leveltext=\"\u00b7\" data-font=\"Symbol\" data-listid=\"1\" data-list-defn-props=\"{&quot;335552541&quot;:1,&quot;335559685&quot;:720,&quot;335559991&quot;:360,&quot;469769226&quot;:&quot;Symbol&quot;,&quot;469769242&quot;:[8226],&quot;469777803&quot;:&quot;left&quot;,&quot;469777804&quot;:&quot;\u00b7&quot;,&quot;469777815&quot;:&quot;hybridMultilevel&quot;}\" data-aria-posinset=\"2\" data-aria-level=\"1\"><span data-contrast=\"auto\">Wprowadzi atmosfer\u0119 relaksu i harmonii<\/span><span data-ccp-props=\"{&quot;134233117&quot;:false,&quot;134233118&quot;:false,&quot;335551550&quot;:1,&quot;335551620&quot;:1,&quot;335557856&quot;:16777215,&quot;335559738&quot;:0,&quot;335559739&quot;:0}\">\u00a0<\/span><\/li>\n<\/ul>\n<ul>\n<li data-leveltext=\"\u00b7\" data-font=\"Symbol\" data-listid=\"1\" data-list-defn-props=\"{&quot;335552541&quot;:1,&quot;335559685&quot;:720,&quot;335559991&quot;:360,&quot;469769226&quot;:&quot;Symbol&quot;,&quot;469769242&quot;:[8226],&quot;469777803&quot;:&quot;left&quot;,&quot;469777804&quot;:&quot;\u00b7&quot;,&quot;469777815&quot;:&quot;hybridMultilevel&quot;}\" data-aria-posinset=\"3\" data-aria-level=\"1\"><span data-contrast=\"auto\">Stworzy \u015bwie\u017c\u0105 i przyjemn\u0105 atmosfer\u0119 w domu\u00a0<\/span><span data-ccp-props=\"{&quot;134233117&quot;:false,&quot;134233118&quot;:false,&quot;335551550&quot;:1,&quot;335551620&quot;:1,&quot;335557856&quot;:16777215,&quot;335559738&quot;:0,&quot;335559739&quot;:0}\">\u00a0<\/span><\/li>\n<\/ul>\n<ul>\n<li data-leveltext=\"\u00b7\" data-font=\"Symbol\" data-listid=\"1\" data-list-defn-props=\"{&quot;335552541&quot;:1,&quot;335559685&quot;:720,&quot;335559991&quot;:360,&quot;469769226&quot;:&quot;Symbol&quot;,&quot;469769242&quot;:[8226],&quot;469777803&quot;:&quot;left&quot;,&quot;469777804&quot;:&quot;\u00b7&quot;,&quot;469777815&quot;:&quot;hybridMultilevel&quot;}\" data-aria-posinset=\"4\" data-aria-level=\"1\"><span data-contrast=\"auto\">Autentyczny zapach lasu sosnowego o poranku\u00a0<\/span><span data-ccp-props=\"{&quot;134233117&quot;:false,&quot;134233118&quot;:false,&quot;335551550&quot;:1,&quot;335551620&quot;:1,&quot;335557856&quot;:16777215,&quot;335559738&quot;:0,&quot;335559739&quot;:0}\">\u00a0<\/span><\/li>\n<\/ul>\n<ul>\n<li data-leveltext=\"\u00b7\" data-font=\"Symbol\" data-listid=\"1\" data-list-defn-props=\"{&quot;335552541&quot;:1,&quot;335559685&quot;:720,&quot;335559991&quot;:360,&quot;469769226&quot;:&quot;Symbol&quot;,&quot;469769242&quot;:[8226],&quot;469777803&quot;:&quot;left&quot;,&quot;469777804&quot;:&quot;\u00b7&quot;,&quot;469777815&quot;:&quot;hybridMultilevel&quot;}\" data-aria-posinset=\"5\" data-aria-level=\"1\"><span data-contrast=\"auto\">Podaruje Ci odpr\u0119\u017caj\u0105c\u0105 k\u0105piel z le\u015bnym aromatem\u00a0<\/span><span data-ccp-props=\"{&quot;134233117&quot;:false,&quot;134233118&quot;:false,&quot;335551550&quot;:1,&quot;335551620&quot;:1,&quot;335557856&quot;:16777215,&quot;335559738&quot;:0,&quot;335559739&quot;:0}\">\u00a0<\/span><\/li>\n<\/ul>\n<ul>\n<li data-leveltext=\"\u00b7\" data-font=\"Symbol\" data-listid=\"1\" data-list-defn-props=\"{&quot;335552541&quot;:1,&quot;335559685&quot;:720,&quot;335559991&quot;:360,&quot;469769226&quot;:&quot;Symbol&quot;,&quot;469769242&quot;:[8226],&quot;469777803&quot;:&quot;left&quot;,&quot;469777804&quot;:&quot;\u00b7&quot;,&quot;469777815&quot;:&quot;hybridMultilevel&quot;}\" data-aria-posinset=\"6\" data-aria-level=\"1\"><span data-contrast=\"auto\">Mieszanka najlepszej jako\u015bci olejk\u00f3w eterycznych<\/span><span data-ccp-props=\"{&quot;134233117&quot;:false,&quot;134233118&quot;:false,&quot;335551550&quot;:1,&quot;335551620&quot;:1,&quot;335557856&quot;:16777215,&quot;335559738&quot;:0,&quot;335559739&quot;:0}\">\u00a0<\/span><\/li>\n<\/ul>\n","protected":false},"featured_media":3227442,"comment_status":"open","ping_status":"closed","template":"","meta":[],"product_cat":[114,130,213,36,118],"product_tag":[],"acf":[],"yoast_head":"<!-- This site is optimized with the Yoast SEO plugin v19.6.1 - https:\/\/yoast.com\/wordpress\/plugins\/seo\/ -->\n<title>Chatka w lesie - zapach prawdziwego lasu - Klaudyna Hebda Nature<\/title>\n<meta name=\"description\" content=\"Mieszanka z olejkiem sosnowym, cedrowym, ja\u0142owcowym i cyprysowym zabierze Ci\u0119 do aromatycznego lasu, gdy tylko j\u0105 pow\u0105chasz, a domowa k\u0105piel le\u015bna da Ci to, czego tak bardzo potrzebujesz.\" \/>\n<meta name=\"robots\" content=\"index, follow, max-snippet:-1, max-image-preview:large, max-video-preview:-1\" \/>\n<link rel=\"canonical\" href=\"https:\/\/klaudynahebda.pl\/sklep\/chatka-w-lesie\/\" \/>\n<meta property=\"og:locale\" content=\"pl_PL\" \/>\n<meta property=\"og:type\" content=\"article\" \/>\n<meta property=\"og:title\" content=\"Chatka w lesie - zapach prawdziwego lasu - Klaudyna Hebda Nature\" \/>\n<meta property=\"og:description\" content=\"Mieszanka z olejkiem sosnowym, cedrowym, ja\u0142owcowym i cyprysowym zabierze Ci\u0119 do aromatycznego lasu, gdy tylko j\u0105 pow\u0105chasz, a domowa k\u0105piel le\u015bna da Ci to, czego tak bardzo potrzebujesz.\" \/>\n<meta property=\"og:url\" content=\"https:\/\/klaudynahebda.pl\/sklep\/chatka-w-lesie\/\" \/>\n<meta property=\"og:site_name\" content=\"Klaudyna Hebda Nature\" \/>\n<meta property=\"article:modified_time\" content=\"2026-04-14T20:10:25+00:00\" \/>\n<meta property=\"og:image\" content=\"https:\/\/klaudynahebda.pl\/sklep\/wp-content\/uploads\/2023\/11\/39.jpg\" \/>\n\t<meta property=\"og:image:width\" content=\"1020\" \/>\n\t<meta property=\"og:image:height\" content=\"1530\" \/>\n\t<meta property=\"og:image:type\" content=\"image\/jpeg\" \/>\n<meta name=\"twitter:card\" content=\"summary_large_image\" \/>\n<meta name=\"twitter:label1\" content=\"Szacowany czas czytania\" \/>\n\t<meta name=\"twitter:data1\" content=\"2 minuty\" \/>\n<script type=\"application\/ld+json\" class=\"yoast-schema-graph\">{\"@context\":\"https:\/\/schema.org\",\"@graph\":[{\"@type\":\"WebPage\",\"@id\":\"https:\/\/klaudynahebda.pl\/sklep\/chatka-w-lesie\/\",\"url\":\"https:\/\/klaudynahebda.pl\/sklep\/chatka-w-lesie\/\",\"name\":\"Chatka w lesie - zapach prawdziwego lasu - Klaudyna Hebda Nature\",\"isPartOf\":{\"@id\":\"https:\/\/klaudynahebda.pl\/sklep\/#website\"},\"datePublished\":\"2023-11-13T17:03:19+00:00\",\"dateModified\":\"2026-04-14T20:10:25+00:00\",\"description\":\"Mieszanka z olejkiem sosnowym, cedrowym, ja\u0142owcowym i cyprysowym zabierze Ci\u0119 do aromatycznego lasu, gdy tylko j\u0105 pow\u0105chasz, a domowa k\u0105piel le\u015bna da Ci to, czego tak bardzo potrzebujesz.\",\"breadcrumb\":{\"@id\":\"https:\/\/klaudynahebda.pl\/sklep\/chatka-w-lesie\/#breadcrumb\"},\"inLanguage\":\"pl-PL\",\"potentialAction\":[{\"@type\":\"ReadAction\",\"target\":[\"https:\/\/klaudynahebda.pl\/sklep\/chatka-w-lesie\/\"]}]},{\"@type\":\"BreadcrumbList\",\"@id\":\"https:\/\/klaudynahebda.pl\/sklep\/chatka-w-lesie\/#breadcrumb\",\"itemListElement\":[{\"@type\":\"ListItem\",\"position\":1,\"name\":\"Strona g\u0142\u00f3wna\",\"item\":\"https:\/\/klaudynahebda.pl\/sklep\/\"},{\"@type\":\"ListItem\",\"position\":2,\"name\":\"Sklep\",\"item\":\"https:\/\/klaudynahebda.pl\/sklep\/sklep\/\"},{\"@type\":\"ListItem\",\"position\":3,\"name\":\"Olejki eteryczne\",\"item\":\"https:\/\/klaudynahebda.pl\/sklep\/olejki-eteryczne\/\"},{\"@type\":\"ListItem\",\"position\":4,\"name\":\"Chatka w lesie &#8211; zapach prawdziwego lasu\"}]},{\"@type\":\"WebSite\",\"@id\":\"https:\/\/klaudynahebda.pl\/sklep\/#website\",\"url\":\"https:\/\/klaudynahebda.pl\/sklep\/\",\"name\":\"Klaudyna Hebda Nature\",\"description\":\"Sklep\",\"publisher\":{\"@id\":\"https:\/\/klaudynahebda.pl\/sklep\/#organization\"},\"potentialAction\":[{\"@type\":\"SearchAction\",\"target\":{\"@type\":\"EntryPoint\",\"urlTemplate\":\"https:\/\/klaudynahebda.pl\/sklep\/?s={search_term_string}\"},\"query-input\":\"required name=search_term_string\"}],\"inLanguage\":\"pl-PL\"},{\"@type\":\"Organization\",\"@id\":\"https:\/\/klaudynahebda.pl\/sklep\/#organization\",\"name\":\"KlaudynaHebda\",\"url\":\"https:\/\/klaudynahebda.pl\/sklep\/\",\"sameAs\":[],\"logo\":{\"@type\":\"ImageObject\",\"inLanguage\":\"pl-PL\",\"@id\":\"https:\/\/klaudynahebda.pl\/sklep\/#\/schema\/logo\/image\/\",\"url\":\"\",\"contentUrl\":\"\",\"caption\":\"KlaudynaHebda\"},\"image\":{\"@id\":\"https:\/\/klaudynahebda.pl\/sklep\/#\/schema\/logo\/image\/\"}}]}<\/script>\n<!-- \/ Yoast SEO plugin. -->","yoast_head_json":{"title":"Chatka w lesie - zapach prawdziwego lasu - Klaudyna Hebda Nature","description":"Mieszanka z olejkiem sosnowym, cedrowym, ja\u0142owcowym i cyprysowym zabierze Ci\u0119 do aromatycznego lasu, gdy tylko j\u0105 pow\u0105chasz, a domowa k\u0105piel le\u015bna da Ci to, czego tak bardzo potrzebujesz.","robots":{"index":"index","follow":"follow","max-snippet":"max-snippet:-1","max-image-preview":"max-image-preview:large","max-video-preview":"max-video-preview:-1"},"canonical":"https:\/\/klaudynahebda.pl\/sklep\/chatka-w-lesie\/","og_locale":"pl_PL","og_type":"article","og_title":"Chatka w lesie - zapach prawdziwego lasu - Klaudyna Hebda Nature","og_description":"Mieszanka z olejkiem sosnowym, cedrowym, ja\u0142owcowym i cyprysowym zabierze Ci\u0119 do aromatycznego lasu, gdy tylko j\u0105 pow\u0105chasz, a domowa k\u0105piel le\u015bna da Ci to, czego tak bardzo potrzebujesz.","og_url":"https:\/\/klaudynahebda.pl\/sklep\/chatka-w-lesie\/","og_site_name":"Klaudyna Hebda Nature","article_modified_time":"2026-04-14T20:10:25+00:00","og_image":[{"width":1020,"height":1530,"url":"https:\/\/klaudynahebda.pl\/sklep\/wp-content\/uploads\/2023\/11\/39.jpg","type":"image\/jpeg"}],"twitter_card":"summary_large_image","twitter_misc":{"Szacowany czas czytania":"2 minuty"},"schema":{"@context":"https:\/\/schema.org","@graph":[{"@type":"WebPage","@id":"https:\/\/klaudynahebda.pl\/sklep\/chatka-w-lesie\/","url":"https:\/\/klaudynahebda.pl\/sklep\/chatka-w-lesie\/","name":"Chatka w lesie - zapach prawdziwego lasu - Klaudyna Hebda Nature","isPartOf":{"@id":"https:\/\/klaudynahebda.pl\/sklep\/#website"},"datePublished":"2023-11-13T17:03:19+00:00","dateModified":"2026-04-14T20:10:25+00:00","description":"Mieszanka z olejkiem sosnowym, cedrowym, ja\u0142owcowym i cyprysowym zabierze Ci\u0119 do aromatycznego lasu, gdy tylko j\u0105 pow\u0105chasz, a domowa k\u0105piel le\u015bna da Ci to, czego tak bardzo potrzebujesz.","breadcrumb":{"@id":"https:\/\/klaudynahebda.pl\/sklep\/chatka-w-lesie\/#breadcrumb"},"inLanguage":"pl-PL","potentialAction":[{"@type":"ReadAction","target":["https:\/\/klaudynahebda.pl\/sklep\/chatka-w-lesie\/"]}]},{"@type":"BreadcrumbList","@id":"https:\/\/klaudynahebda.pl\/sklep\/chatka-w-lesie\/#breadcrumb","itemListElement":[{"@type":"ListItem","position":1,"name":"Strona g\u0142\u00f3wna","item":"https:\/\/klaudynahebda.pl\/sklep\/"},{"@type":"ListItem","position":2,"name":"Sklep","item":"https:\/\/klaudynahebda.pl\/sklep\/sklep\/"},{"@type":"ListItem","position":3,"name":"Olejki eteryczne","item":"https:\/\/klaudynahebda.pl\/sklep\/olejki-eteryczne\/"},{"@type":"ListItem","position":4,"name":"Chatka w lesie &#8211; zapach prawdziwego lasu"}]},{"@type":"WebSite","@id":"https:\/\/klaudynahebda.pl\/sklep\/#website","url":"https:\/\/klaudynahebda.pl\/sklep\/","name":"Klaudyna Hebda Nature","description":"Sklep","publisher":{"@id":"https:\/\/klaudynahebda.pl\/sklep\/#organization"},"potentialAction":[{"@type":"SearchAction","target":{"@type":"EntryPoint","urlTemplate":"https:\/\/klaudynahebda.pl\/sklep\/?s={search_term_string}"},"query-input":"required name=search_term_string"}],"inLanguage":"pl-PL"},{"@type":"Organization","@id":"https:\/\/klaudynahebda.pl\/sklep\/#organization","name":"KlaudynaHebda","url":"https:\/\/klaudynahebda.pl\/sklep\/","sameAs":[],"logo":{"@type":"ImageObject","inLanguage":"pl-PL","@id":"https:\/\/klaudynahebda.pl\/sklep\/#\/schema\/logo\/image\/","url":"","contentUrl":"","caption":"KlaudynaHebda"},"image":{"@id":"https:\/\/klaudynahebda.pl\/sklep\/#\/schema\/logo\/image\/"}}]}},"_links":{"self":[{"href":"https:\/\/klaudynahebda.pl\/sklep\/wp-json\/wp\/v2\/product\/2505278"}],"collection":[{"href":"https:\/\/klaudynahebda.pl\/sklep\/wp-json\/wp\/v2\/product"}],"about":[{"href":"https:\/\/klaudynahebda.pl\/sklep\/wp-json\/wp\/v2\/types\/product"}],"replies":[{"embeddable":true,"href":"https:\/\/klaudynahebda.pl\/sklep\/wp-json\/wp\/v2\/comments?post=2505278"}],"wp:featuredmedia":[{"embeddable":true,"href":"https:\/\/klaudynahebda.pl\/sklep\/wp-json\/wp\/v2\/media\/3227442"}],"wp:attachment":[{"href":"https:\/\/klaudynahebda.pl\/sklep\/wp-json\/wp\/v2\/media?parent=2505278"}],"wp:term":[{"taxonomy":"product_cat","embeddable":true,"href":"https:\/\/klaudynahebda.pl\/sklep\/wp-json\/wp\/v2\/product_cat?post=2505278"},{"taxonomy":"product_tag","embeddable":true,"href":"https:\/\/klaudynahebda.pl\/sklep\/wp-json\/wp\/v2\/product_tag?post=2505278"}],"curies":[{"name":"wp","href":"https:\/\/api.w.org\/{rel}","templated":true}]}}