{"id":234297,"date":"2021-11-30T10:17:09","date_gmt":"2021-11-30T09:17:09","guid":{"rendered":"https:\/\/klaudynahebda.pl\/sklep\/?post_type=product&#038;p=234297"},"modified":"2026-04-04T17:31:21","modified_gmt":"2026-04-04T15:31:21","slug":"zestaw-olejkow-cytrusowych","status":"publish","type":"product","link":"https:\/\/klaudynahebda.pl\/sklep\/zestaw-olejkow-cytrusowych\/","title":{"rendered":"Cytrusowe Trio"},"content":{"rendered":"<h2>3 eteryczne olejki Cyrusowe Trio: potr\u00f3jna moc owocowej energii<\/h2>\n<p>Wa\u017cne! Zerknij w zak\u0142adk\u0119 <em>spos\u00f3b u\u017cycia<\/em>, \u017ceby zobaczy\u0107, jak wiele z tymi olejkami mo\u017cesz zdzia\u0142a\u0107!<\/p>\n<p>Pami\u0119taj, \u017ce <strong>olejek z bergamotki<\/strong> jako jedyny z tego trio <strong>jest fototoksyczny<\/strong>. Nie u\u017cywaj go na sk\u00f3r\u0119, je\u015bli planujesz wiosenne spacery w s\u0142oneczne dni &#8211; mo\u017ce zostawi\u0107 na sk\u00f3rze plamki \ud83d\ude42<\/p>\n<p>&nbsp;<\/p>\n<p>\ud83d\udc49 Sprawd\u017a te\u017c inne nasze <a href=\"https:\/\/klaudynahebda.pl\/sklep\/zestawy\/\">aromaterapeutyczne zestawy<\/a> od Klaudyny Hebdy oraz <a href=\"https:\/\/klaudynahebda.pl\/sklep\/dyfuzor-do-aromaterapii\/\">bezprzewodowy dyfuzor do olejk\u00f3w eterycznych<\/a>.<\/p>\n","protected":false},"excerpt":{"rendered":"<h2>Olejki Cytrusowe Trio to:<\/h2>\n<ul>\n<li>Twoja skoncentrowana dawka s\u0142o\u0144ca w butelce za jeszcze ni\u017csz\u0105 cen\u0119;<\/li>\n<li>zestaw, kt\u00f3ry wprowadzi do Twojego domu prawdziwie wakacyjn\u0105 atmosfer\u0119, nawet gdy za oknem szaro i buro;<\/li>\n<li>cytrusowy zestaw trzech 100% olejk\u00f3w eterycznych.<\/li>\n<\/ul>\n<h2>Co wchodzi w sk\u0142ad zestawu olejk\u00f3w Cytrusowe Trio?<\/h2>\n<ol>\n<li><strong>Mandarynka<\/strong> &#8211; jej zapach mo\u017ce by\u0107 wyciszaj\u0105cy; jest idealna jako towarzyszka w zasypianiu; polecana r\u00f3wnie\u017c dla m\u0142odszych dzieci<\/li>\n<li><strong>Pomara\u0144cza x10<\/strong> &#8211; wyobra\u017a sobie zapach soczystej pomara\u0144czy, ale 10-krotnie mocniejszy\u2026 Tak w\u0142a\u015bnie pachnie nasz skoncentrowany olejek z pomara\u0144czy. Ten aromat to prawdziwa magia! Dodaj go do dyfuzora lub rozcie\u0144cz w oleju do masa\u017cu.<\/li>\n<li><strong>Bergamotka<\/strong> &#8211; polecana do rozpylania w czasie pracy, kiedy potrzebujesz skupienia\u2026 Jej zapach mo\u017ce podnosi\u0107 na duchu i wprowadza\u0107 harmoni\u0119.<\/li>\n<\/ol>\n<p>Szukasz s\u0142o\u0144ca i wiosny? Nie mog\u0142a\u015b trafi\u0107 lepiej!<\/p>\n","protected":false},"featured_media":3407960,"comment_status":"open","ping_status":"closed","template":"","meta":[],"product_cat":[210,46],"product_tag":[],"acf":[],"yoast_head":"<!-- This site is optimized with the Yoast SEO plugin v19.6.1 - https:\/\/yoast.com\/wordpress\/plugins\/seo\/ -->\n<title>Cytrusowe Trio - Klaudyna Hebda Nature<\/title>\n<meta name=\"description\" content=\"Zestaw trzech cytrusowych olejk\u00f3w eterycznych, dzi\u0119ki kt\u00f3rym poczujesz energi\u0119 na wiosn\u0119! Dodaj je do dyfuzora, kosmetyk\u00f3w lub wielkanocnych wypiek\u00f3w\" \/>\n<meta name=\"robots\" content=\"index, follow, max-snippet:-1, max-image-preview:large, max-video-preview:-1\" \/>\n<link rel=\"canonical\" href=\"https:\/\/klaudynahebda.pl\/sklep\/zestaw-olejkow-cytrusowych\/\" \/>\n<meta property=\"og:locale\" content=\"pl_PL\" \/>\n<meta property=\"og:type\" content=\"article\" \/>\n<meta property=\"og:title\" content=\"Cytrusowe Trio - Klaudyna Hebda Nature\" \/>\n<meta property=\"og:description\" content=\"Zestaw trzech cytrusowych olejk\u00f3w eterycznych, dzi\u0119ki kt\u00f3rym poczujesz energi\u0119 na wiosn\u0119! Dodaj je do dyfuzora, kosmetyk\u00f3w lub wielkanocnych wypiek\u00f3w\" \/>\n<meta property=\"og:url\" content=\"https:\/\/klaudynahebda.pl\/sklep\/zestaw-olejkow-cytrusowych\/\" \/>\n<meta property=\"og:site_name\" content=\"Klaudyna Hebda Nature\" \/>\n<meta property=\"article:modified_time\" content=\"2026-04-04T15:31:21+00:00\" \/>\n<meta property=\"og:image\" content=\"https:\/\/klaudynahebda.pl\/sklep\/wp-content\/uploads\/2021\/11\/zestaw-olejkow-cytrusowych-klaudyna-hebda-aromaterapia.webp\" \/>\n\t<meta property=\"og:image:width\" content=\"844\" \/>\n\t<meta property=\"og:image:height\" content=\"1152\" \/>\n\t<meta property=\"og:image:type\" content=\"image\/webp\" \/>\n<meta name=\"twitter:card\" content=\"summary_large_image\" \/>\n<meta name=\"twitter:label1\" content=\"Szacowany czas czytania\" \/>\n\t<meta name=\"twitter:data1\" content=\"1 minuta\" \/>\n<script type=\"application\/ld+json\" class=\"yoast-schema-graph\">{\"@context\":\"https:\/\/schema.org\",\"@graph\":[{\"@type\":\"WebPage\",\"@id\":\"https:\/\/klaudynahebda.pl\/sklep\/zestaw-olejkow-cytrusowych\/\",\"url\":\"https:\/\/klaudynahebda.pl\/sklep\/zestaw-olejkow-cytrusowych\/\",\"name\":\"Cytrusowe Trio - Klaudyna Hebda Nature\",\"isPartOf\":{\"@id\":\"https:\/\/klaudynahebda.pl\/sklep\/#website\"},\"datePublished\":\"2021-11-30T09:17:09+00:00\",\"dateModified\":\"2026-04-04T15:31:21+00:00\",\"description\":\"Zestaw trzech cytrusowych olejk\u00f3w eterycznych, dzi\u0119ki kt\u00f3rym poczujesz energi\u0119 na wiosn\u0119! Dodaj je do dyfuzora, kosmetyk\u00f3w lub wielkanocnych wypiek\u00f3w\",\"breadcrumb\":{\"@id\":\"https:\/\/klaudynahebda.pl\/sklep\/zestaw-olejkow-cytrusowych\/#breadcrumb\"},\"inLanguage\":\"pl-PL\",\"potentialAction\":[{\"@type\":\"ReadAction\",\"target\":[\"https:\/\/klaudynahebda.pl\/sklep\/zestaw-olejkow-cytrusowych\/\"]}]},{\"@type\":\"BreadcrumbList\",\"@id\":\"https:\/\/klaudynahebda.pl\/sklep\/zestaw-olejkow-cytrusowych\/#breadcrumb\",\"itemListElement\":[{\"@type\":\"ListItem\",\"position\":1,\"name\":\"Strona g\u0142\u00f3wna\",\"item\":\"https:\/\/klaudynahebda.pl\/sklep\/\"},{\"@type\":\"ListItem\",\"position\":2,\"name\":\"Sklep\",\"item\":\"https:\/\/klaudynahebda.pl\/sklep\/sklep\/\"},{\"@type\":\"ListItem\",\"position\":3,\"name\":\"PROMOCJE\u2757\",\"item\":\"https:\/\/klaudynahebda.pl\/sklep\/promocje\/\"},{\"@type\":\"ListItem\",\"position\":4,\"name\":\"Cytrusowe Trio\"}]},{\"@type\":\"WebSite\",\"@id\":\"https:\/\/klaudynahebda.pl\/sklep\/#website\",\"url\":\"https:\/\/klaudynahebda.pl\/sklep\/\",\"name\":\"Klaudyna Hebda Nature\",\"description\":\"Sklep\",\"publisher\":{\"@id\":\"https:\/\/klaudynahebda.pl\/sklep\/#organization\"},\"potentialAction\":[{\"@type\":\"SearchAction\",\"target\":{\"@type\":\"EntryPoint\",\"urlTemplate\":\"https:\/\/klaudynahebda.pl\/sklep\/?s={search_term_string}\"},\"query-input\":\"required name=search_term_string\"}],\"inLanguage\":\"pl-PL\"},{\"@type\":\"Organization\",\"@id\":\"https:\/\/klaudynahebda.pl\/sklep\/#organization\",\"name\":\"KlaudynaHebda\",\"url\":\"https:\/\/klaudynahebda.pl\/sklep\/\",\"sameAs\":[],\"logo\":{\"@type\":\"ImageObject\",\"inLanguage\":\"pl-PL\",\"@id\":\"https:\/\/klaudynahebda.pl\/sklep\/#\/schema\/logo\/image\/\",\"url\":\"\",\"contentUrl\":\"\",\"caption\":\"KlaudynaHebda\"},\"image\":{\"@id\":\"https:\/\/klaudynahebda.pl\/sklep\/#\/schema\/logo\/image\/\"}}]}<\/script>\n<!-- \/ Yoast SEO plugin. -->","yoast_head_json":{"title":"Cytrusowe Trio - Klaudyna Hebda Nature","description":"Zestaw trzech cytrusowych olejk\u00f3w eterycznych, dzi\u0119ki kt\u00f3rym poczujesz energi\u0119 na wiosn\u0119! Dodaj je do dyfuzora, kosmetyk\u00f3w lub wielkanocnych wypiek\u00f3w","robots":{"index":"index","follow":"follow","max-snippet":"max-snippet:-1","max-image-preview":"max-image-preview:large","max-video-preview":"max-video-preview:-1"},"canonical":"https:\/\/klaudynahebda.pl\/sklep\/zestaw-olejkow-cytrusowych\/","og_locale":"pl_PL","og_type":"article","og_title":"Cytrusowe Trio - Klaudyna Hebda Nature","og_description":"Zestaw trzech cytrusowych olejk\u00f3w eterycznych, dzi\u0119ki kt\u00f3rym poczujesz energi\u0119 na wiosn\u0119! Dodaj je do dyfuzora, kosmetyk\u00f3w lub wielkanocnych wypiek\u00f3w","og_url":"https:\/\/klaudynahebda.pl\/sklep\/zestaw-olejkow-cytrusowych\/","og_site_name":"Klaudyna Hebda Nature","article_modified_time":"2026-04-04T15:31:21+00:00","og_image":[{"width":844,"height":1152,"url":"https:\/\/klaudynahebda.pl\/sklep\/wp-content\/uploads\/2021\/11\/zestaw-olejkow-cytrusowych-klaudyna-hebda-aromaterapia.webp","type":"image\/webp"}],"twitter_card":"summary_large_image","twitter_misc":{"Szacowany czas czytania":"1 minuta"},"schema":{"@context":"https:\/\/schema.org","@graph":[{"@type":"WebPage","@id":"https:\/\/klaudynahebda.pl\/sklep\/zestaw-olejkow-cytrusowych\/","url":"https:\/\/klaudynahebda.pl\/sklep\/zestaw-olejkow-cytrusowych\/","name":"Cytrusowe Trio - Klaudyna Hebda Nature","isPartOf":{"@id":"https:\/\/klaudynahebda.pl\/sklep\/#website"},"datePublished":"2021-11-30T09:17:09+00:00","dateModified":"2026-04-04T15:31:21+00:00","description":"Zestaw trzech cytrusowych olejk\u00f3w eterycznych, dzi\u0119ki kt\u00f3rym poczujesz energi\u0119 na wiosn\u0119! Dodaj je do dyfuzora, kosmetyk\u00f3w lub wielkanocnych wypiek\u00f3w","breadcrumb":{"@id":"https:\/\/klaudynahebda.pl\/sklep\/zestaw-olejkow-cytrusowych\/#breadcrumb"},"inLanguage":"pl-PL","potentialAction":[{"@type":"ReadAction","target":["https:\/\/klaudynahebda.pl\/sklep\/zestaw-olejkow-cytrusowych\/"]}]},{"@type":"BreadcrumbList","@id":"https:\/\/klaudynahebda.pl\/sklep\/zestaw-olejkow-cytrusowych\/#breadcrumb","itemListElement":[{"@type":"ListItem","position":1,"name":"Strona g\u0142\u00f3wna","item":"https:\/\/klaudynahebda.pl\/sklep\/"},{"@type":"ListItem","position":2,"name":"Sklep","item":"https:\/\/klaudynahebda.pl\/sklep\/sklep\/"},{"@type":"ListItem","position":3,"name":"PROMOCJE\u2757","item":"https:\/\/klaudynahebda.pl\/sklep\/promocje\/"},{"@type":"ListItem","position":4,"name":"Cytrusowe Trio"}]},{"@type":"WebSite","@id":"https:\/\/klaudynahebda.pl\/sklep\/#website","url":"https:\/\/klaudynahebda.pl\/sklep\/","name":"Klaudyna Hebda Nature","description":"Sklep","publisher":{"@id":"https:\/\/klaudynahebda.pl\/sklep\/#organization"},"potentialAction":[{"@type":"SearchAction","target":{"@type":"EntryPoint","urlTemplate":"https:\/\/klaudynahebda.pl\/sklep\/?s={search_term_string}"},"query-input":"required name=search_term_string"}],"inLanguage":"pl-PL"},{"@type":"Organization","@id":"https:\/\/klaudynahebda.pl\/sklep\/#organization","name":"KlaudynaHebda","url":"https:\/\/klaudynahebda.pl\/sklep\/","sameAs":[],"logo":{"@type":"ImageObject","inLanguage":"pl-PL","@id":"https:\/\/klaudynahebda.pl\/sklep\/#\/schema\/logo\/image\/","url":"","contentUrl":"","caption":"KlaudynaHebda"},"image":{"@id":"https:\/\/klaudynahebda.pl\/sklep\/#\/schema\/logo\/image\/"}}]}},"_links":{"self":[{"href":"https:\/\/klaudynahebda.pl\/sklep\/wp-json\/wp\/v2\/product\/234297"}],"collection":[{"href":"https:\/\/klaudynahebda.pl\/sklep\/wp-json\/wp\/v2\/product"}],"about":[{"href":"https:\/\/klaudynahebda.pl\/sklep\/wp-json\/wp\/v2\/types\/product"}],"replies":[{"embeddable":true,"href":"https:\/\/klaudynahebda.pl\/sklep\/wp-json\/wp\/v2\/comments?post=234297"}],"wp:featuredmedia":[{"embeddable":true,"href":"https:\/\/klaudynahebda.pl\/sklep\/wp-json\/wp\/v2\/media\/3407960"}],"wp:attachment":[{"href":"https:\/\/klaudynahebda.pl\/sklep\/wp-json\/wp\/v2\/media?parent=234297"}],"wp:term":[{"taxonomy":"product_cat","embeddable":true,"href":"https:\/\/klaudynahebda.pl\/sklep\/wp-json\/wp\/v2\/product_cat?post=234297"},{"taxonomy":"product_tag","embeddable":true,"href":"https:\/\/klaudynahebda.pl\/sklep\/wp-json\/wp\/v2\/product_tag?post=234297"}],"curies":[{"name":"wp","href":"https:\/\/api.w.org\/{rel}","templated":true}]}}