{"id":2281517,"date":"2023-10-04T12:59:11","date_gmt":"2023-10-04T10:59:11","guid":{"rendered":"https:\/\/klaudynahebda.pl\/sklep\/?post_type=product&#038;p=2281517"},"modified":"2026-02-27T15:20:01","modified_gmt":"2026-02-27T14:20:01","slug":"herbatka-wdech-i-wydech","status":"publish","type":"product","link":"https:\/\/klaudynahebda.pl\/sklep\/herbatka-wdech-i-wydech\/","title":{"rendered":"WDECH I WYDECH \u2013 suplement diety w formie herbatki zio\u0142owej [50 g]"},"content":{"rendered":"<h2>Co wyr\u00f3\u017cnia herbatk\u0119 Wdech i wydech?<\/h2>\n<ol>\n<li data-leveltext=\"\u00b7\" data-font=\"Symbol\" data-listid=\"12\" data-list-defn-props=\"{&quot;335552541&quot;:1,&quot;335559683&quot;:0,&quot;335559684&quot;:-2,&quot;335559685&quot;:720,&quot;335559991&quot;:360,&quot;469769226&quot;:&quot;Symbol&quot;,&quot;469769242&quot;:[8226],&quot;469777803&quot;:&quot;left&quot;,&quot;469777804&quot;:&quot;\u00b7&quot;,&quot;469777815&quot;:&quot;hybridMultilevel&quot;}\" data-aria-posinset=\"5\" data-aria-level=\"1\"><b><span data-contrast=\"auto\">Sk\u0142ad <\/span><\/b><span data-contrast=\"auto\">\u2013 to najlepszej jako\u015bci zio\u0142a dobrane przez zielark\u0119 i tworz\u0105ce unikaln\u0105 kompozycj\u0119.<\/span><span data-ccp-props=\"{&quot;134233117&quot;:false,&quot;134233118&quot;:false,&quot;201341983&quot;:0,&quot;335551550&quot;:0,&quot;335551620&quot;:0,&quot;335559738&quot;:0,&quot;335559739&quot;:0,&quot;335559740&quot;:259}\">\u00a0<\/span><\/li>\n<li data-leveltext=\"\u00b7\" data-font=\"Symbol\" data-listid=\"12\" data-list-defn-props=\"{&quot;335552541&quot;:1,&quot;335559683&quot;:0,&quot;335559684&quot;:-2,&quot;335559685&quot;:720,&quot;335559991&quot;:360,&quot;469769226&quot;:&quot;Symbol&quot;,&quot;469769242&quot;:[8226],&quot;469777803&quot;:&quot;left&quot;,&quot;469777804&quot;:&quot;\u00b7&quot;,&quot;469777815&quot;:&quot;hybridMultilevel&quot;}\" data-aria-posinset=\"6\" data-aria-level=\"1\"><b><span data-contrast=\"auto\">Dzia\u0142anie <\/span><\/b><span data-contrast=\"auto\">\u2013 herbatka mo\u017ce poprawi\u0107 komfort oddechowy i naturalnie wspiera\u0107 regeneracj\u0119.<\/span><span data-ccp-props=\"{&quot;134233117&quot;:false,&quot;134233118&quot;:false,&quot;201341983&quot;:0,&quot;335551550&quot;:0,&quot;335551620&quot;:0,&quot;335559738&quot;:0,&quot;335559739&quot;:0,&quot;335559740&quot;:259}\">\u00a0<\/span><\/li>\n<li data-leveltext=\"\u00b7\" data-font=\"Symbol\" data-listid=\"12\" data-list-defn-props=\"{&quot;335552541&quot;:1,&quot;335559683&quot;:0,&quot;335559684&quot;:-2,&quot;335559685&quot;:720,&quot;335559991&quot;:360,&quot;469769226&quot;:&quot;Symbol&quot;,&quot;469769242&quot;:[8226],&quot;469777803&quot;:&quot;left&quot;,&quot;469777804&quot;:&quot;\u00b7&quot;,&quot;469777815&quot;:&quot;hybridMultilevel&quot;}\" data-aria-posinset=\"7\" data-aria-level=\"1\"><b><span data-contrast=\"auto\">Smak <\/span><\/b><span data-contrast=\"auto\">\u2013 dzi\u0119ki niemu pijesz dla przyjemno\u015bci, a nie tylko dla efekt\u00f3w.<\/span><span data-ccp-props=\"{&quot;134233117&quot;:false,&quot;134233118&quot;:false,&quot;201341983&quot;:0,&quot;335551550&quot;:0,&quot;335551620&quot;:0,&quot;335559738&quot;:0,&quot;335559739&quot;:0,&quot;335559740&quot;:259}\">\u00a0<\/span><\/li>\n<\/ol>\n<h2>Co zawiera zio\u0142owa herbatka Wdech i wydech?<\/h2>\n<ul>\n<li data-leveltext=\"\u00b7\" data-font=\"Symbol\" data-listid=\"1\" data-list-defn-props=\"{&quot;335552541&quot;:1,&quot;335559683&quot;:0,&quot;335559684&quot;:-2,&quot;335559685&quot;:720,&quot;335559991&quot;:360,&quot;469769226&quot;:&quot;Symbol&quot;,&quot;469769242&quot;:[8226],&quot;469777803&quot;:&quot;left&quot;,&quot;469777804&quot;:&quot;\u00b7&quot;,&quot;469777815&quot;:&quot;hybridMultilevel&quot;}\" data-aria-posinset=\"5\" data-aria-level=\"1\"><span data-contrast=\"auto\">Miodunk\u0119 plamist\u0105, zwan\u0105 p\u0142ucnikiem lekarskim,<strong> kt\u00f3ra przynosi ulg\u0119 podczas \u0142askotania w gardle i w krtani.<\/strong><\/span><strong>\u00a0<\/strong><\/li>\n<li data-leveltext=\"\u00b7\" data-font=\"Symbol\" data-listid=\"1\" data-list-defn-props=\"{&quot;335552541&quot;:1,&quot;335559683&quot;:0,&quot;335559684&quot;:-2,&quot;335559685&quot;:720,&quot;335559991&quot;:360,&quot;469769226&quot;:&quot;Symbol&quot;,&quot;469769242&quot;:[8226],&quot;469777803&quot;:&quot;left&quot;,&quot;469777804&quot;:&quot;\u00b7&quot;,&quot;469777815&quot;:&quot;hybridMultilevel&quot;}\" data-aria-posinset=\"6\" data-aria-level=\"1\"><span data-contrast=\"auto\">Korze\u0144 lukrecji, kt\u00f3ry <strong>pomaga udro\u017cni\u0107 drogi oddechowe.<\/strong><\/span><strong>\u00a0<\/strong><\/li>\n<li data-leveltext=\"\u00b7\" data-font=\"Symbol\" data-listid=\"1\" data-list-defn-props=\"{&quot;335552541&quot;:1,&quot;335559683&quot;:0,&quot;335559684&quot;:-2,&quot;335559685&quot;:720,&quot;335559991&quot;:360,&quot;469769226&quot;:&quot;Symbol&quot;,&quot;469769242&quot;:[8226],&quot;469777803&quot;:&quot;left&quot;,&quot;469777804&quot;:&quot;\u00b7&quot;,&quot;469777815&quot;:&quot;hybridMultilevel&quot;}\" data-aria-posinset=\"7\" data-aria-level=\"1\"><span data-contrast=\"auto\">Bazyli\u0119 azjatyck\u0105 Tulsi, kt\u00f3ra <strong>pozytywnie wp\u0142ywa na drogi oddechowe.<\/strong><\/span><strong>\u00a0<\/strong><\/li>\n<li data-leveltext=\"\u00b7\" data-font=\"Symbol\" data-listid=\"1\" data-list-defn-props=\"{&quot;335552541&quot;:1,&quot;335559683&quot;:0,&quot;335559684&quot;:-2,&quot;335559685&quot;:720,&quot;335559991&quot;:360,&quot;469769226&quot;:&quot;Symbol&quot;,&quot;469769242&quot;:[8226],&quot;469777803&quot;:&quot;left&quot;,&quot;469777804&quot;:&quot;\u00b7&quot;,&quot;469777815&quot;:&quot;hybridMultilevel&quot;}\" data-aria-posinset=\"8\" data-aria-level=\"1\"><strong>Kwiat bzu czarnego, tradycyjnie stosowany w okresie jesienno-zimowym.\u00a0<\/strong><\/li>\n<li data-leveltext=\"\u00b7\" data-font=\"Symbol\" data-listid=\"1\" data-list-defn-props=\"{&quot;335552541&quot;:1,&quot;335559683&quot;:0,&quot;335559684&quot;:-2,&quot;335559685&quot;:720,&quot;335559991&quot;:360,&quot;469769226&quot;:&quot;Symbol&quot;,&quot;469769242&quot;:[8226],&quot;469777803&quot;:&quot;left&quot;,&quot;469777804&quot;:&quot;\u00b7&quot;,&quot;469777815&quot;:&quot;hybridMultilevel&quot;}\" data-aria-posinset=\"9\" data-aria-level=\"1\"><span data-contrast=\"auto\">Hyzop lekarski o \u015bwie\u017cym, intensywnym zapachu.<\/span><span data-ccp-props=\"{&quot;134233117&quot;:false,&quot;134233118&quot;:false,&quot;201341983&quot;:0,&quot;335551550&quot;:0,&quot;335551620&quot;:0,&quot;335559738&quot;:0,&quot;335559739&quot;:0,&quot;335559740&quot;:259}\">\u00a0<\/span><\/li>\n<li data-leveltext=\"\u00b7\" data-font=\"Symbol\" data-listid=\"1\" data-list-defn-props=\"{&quot;335552541&quot;:1,&quot;335559683&quot;:0,&quot;335559684&quot;:-2,&quot;335559685&quot;:720,&quot;335559991&quot;:360,&quot;469769226&quot;:&quot;Symbol&quot;,&quot;469769242&quot;:[8226],&quot;469777803&quot;:&quot;left&quot;,&quot;469777804&quot;:&quot;\u00b7&quot;,&quot;469777815&quot;:&quot;hybridMultilevel&quot;}\" data-aria-posinset=\"10\" data-aria-level=\"1\"><span data-contrast=\"auto\">Tymianek, kt\u00f3ry ma silny, aromatyczny smak.<\/span><span data-ccp-props=\"{&quot;134233117&quot;:false,&quot;134233118&quot;:false,&quot;201341983&quot;:0,&quot;335551550&quot;:0,&quot;335551620&quot;:0,&quot;335559738&quot;:0,&quot;335559739&quot;:0,&quot;335559740&quot;:259}\">\u00a0<\/span><\/li>\n<li data-leveltext=\"\u00b7\" data-font=\"Symbol\" data-listid=\"1\" data-list-defn-props=\"{&quot;335552541&quot;:1,&quot;335559683&quot;:0,&quot;335559684&quot;:-2,&quot;335559685&quot;:720,&quot;335559991&quot;:360,&quot;469769226&quot;:&quot;Symbol&quot;,&quot;469769242&quot;:[8226],&quot;469777803&quot;:&quot;left&quot;,&quot;469777804&quot;:&quot;\u00b7&quot;,&quot;469777815&quot;:&quot;hybridMultilevel&quot;}\" data-aria-posinset=\"11\" data-aria-level=\"1\"><span data-contrast=\"auto\">Owoc cytry\u0144ca chi\u0144skiego, dzi\u0119ki kt\u00f3remu herbatka pysznie, cytrusowo smakuje.<\/span><span data-ccp-props=\"{&quot;134233117&quot;:false,&quot;134233118&quot;:false,&quot;201341983&quot;:0,&quot;335551550&quot;:0,&quot;335551620&quot;:0,&quot;335559738&quot;:0,&quot;335559739&quot;:0,&quot;335559740&quot;:259}\">\u00a0<\/span><\/li>\n<li data-leveltext=\"\u00b7\" data-font=\"Symbol\" data-listid=\"1\" data-list-defn-props=\"{&quot;335552541&quot;:1,&quot;335559683&quot;:0,&quot;335559684&quot;:-2,&quot;335559685&quot;:720,&quot;335559991&quot;:360,&quot;469769226&quot;:&quot;Symbol&quot;,&quot;469769242&quot;:[8226],&quot;469777803&quot;:&quot;left&quot;,&quot;469777804&quot;:&quot;\u00b7&quot;,&quot;469777815&quot;:&quot;hybridMultilevel&quot;}\" data-aria-posinset=\"12\" data-aria-level=\"1\"><span data-contrast=\"auto\">K\u0142\u0105cze imbiru lekarskiego, kt\u00f3re dodaje lekko pikantnego smaku.<\/span><span data-ccp-props=\"{&quot;134233117&quot;:false,&quot;134233118&quot;:false,&quot;201341983&quot;:0,&quot;335551550&quot;:0,&quot;335551620&quot;:0,&quot;335559738&quot;:0,&quot;335559739&quot;:0,&quot;335559740&quot;:259}\">\u00a0<\/span><\/li>\n<\/ul>\n<p><span data-ccp-props=\"{&quot;201341983&quot;:0,&quot;335559739&quot;:160,&quot;335559740&quot;:259}\">\u00a0Znasz nasze pozosta\u0142e zio\u0142owe napary? Sprawd\u017a:<\/span><\/p>\n<ol>\n<li><span data-ccp-props=\"{&quot;201341983&quot;:0,&quot;335559739&quot;:160,&quot;335559740&quot;:259}\"><a href=\"https:\/\/klaudynahebda.pl\/sklep\/herbata-czterech-alchemikow\/\" target=\"_blank\" rel=\"noopener\">korzenna herbatka Czterech Alchemik\u00f3w\u00ae<\/a> z go\u017adzikami i imbirem, kt\u00f3re rozgrzej\u0105 w ka\u017cdy jesienno-zimowy wiecz\u00f3r<\/span><\/li>\n<li><a href=\"https:\/\/klaudynahebda.pl\/sklep\/herbata-na-dobry-sen\/\" target=\"_blank\" rel=\"noopener\">niebieska herbatka na Dobry Sen<\/a> z melis\u0105 lekarsk\u0105, kt\u00f3ra pomaga w lepszym \u015bnie i pomaga zmniejszy\u0107 napi\u0119cie<\/li>\n<li><a href=\"https:\/\/klaudynahebda.pl\/sklep\/herbata-liptus\/\" target=\"_blank\" rel=\"noopener\">&#8220;herbata-inhalacja&#8221; Liptus\u00ae<\/a>, dzi\u0119ki kt\u00f3rej Tw\u00f3j nos poczuje w ko\u0144cu mi\u0119t\u0119 \ud83d\ude42<\/li>\n<\/ol>\n","protected":false},"excerpt":{"rendered":"<h2><span data-contrast=\"auto\">Zio\u0142owa herbatka z przyprawami, kt\u00f3ra pomo\u017ce poprawi\u0107 <strong>komfort oddechu<\/strong><\/span><span data-ccp-props=\"{&quot;134233118&quot;:false,&quot;201341983&quot;:0,&quot;335551550&quot;:0,&quot;335551620&quot;:0,&quot;335559739&quot;:160,&quot;335559740&quot;:257}\">\u00a0<\/span><\/h2>\n<ul>\n<li data-leveltext=\"\u00b7\" data-font=\"Symbol\" data-listid=\"1\" data-list-defn-props=\"{&quot;335552541&quot;:1,&quot;335559683&quot;:0,&quot;335559684&quot;:-2,&quot;335559685&quot;:720,&quot;335559991&quot;:360,&quot;469769226&quot;:&quot;Symbol&quot;,&quot;469769242&quot;:[8226],&quot;469777803&quot;:&quot;left&quot;,&quot;469777804&quot;:&quot;\u00b7&quot;,&quot;469777815&quot;:&quot;hybridMultilevel&quot;}\" data-aria-posinset=\"1\" data-aria-level=\"1\"><strong>8 starannie wybranych, najlepszej jako\u015bci zi\u00f3\u0142\u00a0<\/strong><\/li>\n<li data-leveltext=\"\u00b7\" data-font=\"Symbol\" data-listid=\"1\" data-list-defn-props=\"{&quot;335552541&quot;:1,&quot;335559683&quot;:0,&quot;335559684&quot;:-2,&quot;335559685&quot;:720,&quot;335559991&quot;:360,&quot;469769226&quot;:&quot;Symbol&quot;,&quot;469769242&quot;:[8226],&quot;469777803&quot;:&quot;left&quot;,&quot;469777804&quot;:&quot;\u00b7&quot;,&quot;469777815&quot;:&quot;hybridMultilevel&quot;}\" data-aria-posinset=\"2\" data-aria-level=\"1\"><span data-contrast=\"auto\">z miodunk\u0105, czyli p\u0142ucnikiem lekarskim<\/span><span data-ccp-props=\"{&quot;134233117&quot;:false,&quot;134233118&quot;:false,&quot;201341983&quot;:0,&quot;335551550&quot;:0,&quot;335551620&quot;:0,&quot;335559738&quot;:0,&quot;335559739&quot;:0,&quot;335559740&quot;:259}\">\u00a0<\/span><\/li>\n<li data-leveltext=\"\u00b7\" data-font=\"Symbol\" data-listid=\"1\" data-list-defn-props=\"{&quot;335552541&quot;:1,&quot;335559683&quot;:0,&quot;335559684&quot;:-2,&quot;335559685&quot;:720,&quot;335559991&quot;:360,&quot;469769226&quot;:&quot;Symbol&quot;,&quot;469769242&quot;:[8226],&quot;469777803&quot;:&quot;left&quot;,&quot;469777804&quot;:&quot;\u00b7&quot;,&quot;469777815&quot;:&quot;hybridMultilevel&quot;}\" data-aria-posinset=\"3\" data-aria-level=\"1\"><span data-contrast=\"auto\">zawiera<strong> zio\u0142a, kt\u00f3re dzia\u0142aj\u0105 koj\u0105co na drogi oddechowe<\/strong><\/span><\/li>\n<li data-leveltext=\"\u00b7\" data-font=\"Symbol\" data-listid=\"1\" data-list-defn-props=\"{&quot;335552541&quot;:1,&quot;335559683&quot;:0,&quot;335559684&quot;:-2,&quot;335559685&quot;:720,&quot;335559991&quot;:360,&quot;469769226&quot;:&quot;Symbol&quot;,&quot;469769242&quot;:[8226],&quot;469777803&quot;:&quot;left&quot;,&quot;469777804&quot;:&quot;\u00b7&quot;,&quot;469777815&quot;:&quot;hybridMultilevel&quot;}\" data-aria-posinset=\"4\" data-aria-level=\"1\"><span data-contrast=\"auto\">zio\u0142owy smak z nutk\u0105 imbiru, w sam raz <strong>na okres jesienno-zimowy<\/strong><\/span><strong>\u00a0<\/strong><\/li>\n<\/ul>\n<p><span data-contrast=\"auto\">W gardle \u0142askocze, trudno Ci m\u00f3wi\u0107, a p\u0142uca wyra\u017anie chc\u0105 si\u0119 przemie\u015bci\u0107\u2026 Jedyne, na co masz ochot\u0119, to ciep\u0142a herbata. Otwierasz wieczko herbatki Wdech i wydech, g\u0142\u0119boko oddychasz i od razu to czujesz \u2013 korzenny, aromatyczny zapach, kt\u00f3ry ju\u017c za chwil\u0119 mo\u017ce przynie\u015b\u0107 ulg\u0119 Twoim drogom oddechowym. Pijesz napar i masz wra\u017cenie, jakby\u015b wprowadza\u0142a do p\u0142uc miote\u0142k\u0119, kt\u00f3ra je oczyszcza.<\/span><span data-ccp-props=\"{&quot;134233118&quot;:false,&quot;201341983&quot;:0,&quot;335551550&quot;:0,&quot;335551620&quot;:0,&quot;335559739&quot;:160,&quot;335559740&quot;:257}\">\u00a0<\/span><\/p>\n<p><span data-contrast=\"auto\">Czy to magia? Je\u015bli magi\u0105 jest dla Ciebie tradycyjna wiedza zielarska, nauka i badania, to tak \u2013 to w\u0142a\u015bnie magia. Od dawna wiadomo, \u017ce <strong>miodunka ma koj\u0105cy wp\u0142yw na gard\u0142o, krta\u0144 i struny g\u0142osowe<\/strong>, lukrecja pomaga utrzyma\u0107 dro\u017cno\u015b\u0107 dr\u00f3g oddechowych, a <strong>\u015bwi\u0119ta bazylia korzystnie wp\u0142ywa na uk\u0142ad oddechowy.<\/strong> To w\u0142a\u015bnie te i inne zio\u0142a s\u0105 odpowiedzialne za to, \u017ce <strong>po wypiciu herbatki Wdech i wydech po prostu g\u0142\u0119biej oddychasz.<\/strong><\/span><strong>\u00a0<\/strong><\/p>\n<p>&nbsp;<\/p>\n","protected":false},"featured_media":2434687,"comment_status":"open","ping_status":"closed","template":"","meta":[],"product_cat":[238,131,190],"product_tag":[],"acf":[],"yoast_head":"<!-- This site is optimized with the Yoast SEO plugin v19.6.1 - https:\/\/yoast.com\/wordpress\/plugins\/seo\/ -->\n<title>WDECH I WYDECH \u2013 suplement diety w formie herbatki zio\u0142owej [50 g] - Klaudyna Hebda Nature<\/title>\n<meta name=\"description\" content=\"Herbatka Wdech i wydech zawiera korze\u0144 lukrecji, kt\u00f3ry dzia\u0142a koj\u0105co na g\u00f3rne drogi oddechowe i pomaga utrzyma\u0107 ich komfort.\" \/>\n<meta name=\"robots\" content=\"index, follow, max-snippet:-1, max-image-preview:large, max-video-preview:-1\" \/>\n<link rel=\"canonical\" href=\"https:\/\/klaudynahebda.pl\/sklep\/herbatka-wdech-i-wydech\/\" \/>\n<meta property=\"og:locale\" content=\"pl_PL\" \/>\n<meta property=\"og:type\" content=\"article\" \/>\n<meta property=\"og:title\" content=\"WDECH I WYDECH \u2013 suplement diety w formie herbatki zio\u0142owej [50 g] - Klaudyna Hebda Nature\" \/>\n<meta property=\"og:description\" content=\"Herbatka Wdech i wydech zawiera korze\u0144 lukrecji, kt\u00f3ry dzia\u0142a koj\u0105co na g\u00f3rne drogi oddechowe i pomaga utrzyma\u0107 ich komfort.\" \/>\n<meta property=\"og:url\" content=\"https:\/\/klaudynahebda.pl\/sklep\/herbatka-wdech-i-wydech\/\" \/>\n<meta property=\"og:site_name\" content=\"Klaudyna Hebda Nature\" \/>\n<meta property=\"article:modified_time\" content=\"2026-02-27T14:20:01+00:00\" \/>\n<meta property=\"og:image\" content=\"https:\/\/klaudynahebda.pl\/sklep\/wp-content\/uploads\/2023\/10\/SKLEP_HERBATKA_WDECH_WYDECH_KLAUDYNA_HEBDA_05.jpg\" \/>\n\t<meta property=\"og:image:width\" content=\"900\" \/>\n\t<meta property=\"og:image:height\" content=\"1400\" \/>\n\t<meta property=\"og:image:type\" content=\"image\/jpeg\" \/>\n<meta name=\"twitter:card\" content=\"summary_large_image\" \/>\n<meta name=\"twitter:label1\" content=\"Szacowany czas czytania\" \/>\n\t<meta name=\"twitter:data1\" content=\"1 minuta\" \/>\n<script type=\"application\/ld+json\" class=\"yoast-schema-graph\">{\"@context\":\"https:\/\/schema.org\",\"@graph\":[{\"@type\":\"WebPage\",\"@id\":\"https:\/\/klaudynahebda.pl\/sklep\/herbatka-wdech-i-wydech\/\",\"url\":\"https:\/\/klaudynahebda.pl\/sklep\/herbatka-wdech-i-wydech\/\",\"name\":\"WDECH I WYDECH \u2013 suplement diety w formie herbatki zio\u0142owej [50 g] - Klaudyna Hebda Nature\",\"isPartOf\":{\"@id\":\"https:\/\/klaudynahebda.pl\/sklep\/#website\"},\"datePublished\":\"2023-10-04T10:59:11+00:00\",\"dateModified\":\"2026-02-27T14:20:01+00:00\",\"description\":\"Herbatka Wdech i wydech zawiera korze\u0144 lukrecji, kt\u00f3ry dzia\u0142a koj\u0105co na g\u00f3rne drogi oddechowe i pomaga utrzyma\u0107 ich komfort.\",\"breadcrumb\":{\"@id\":\"https:\/\/klaudynahebda.pl\/sklep\/herbatka-wdech-i-wydech\/#breadcrumb\"},\"inLanguage\":\"pl-PL\",\"potentialAction\":[{\"@type\":\"ReadAction\",\"target\":[\"https:\/\/klaudynahebda.pl\/sklep\/herbatka-wdech-i-wydech\/\"]}]},{\"@type\":\"BreadcrumbList\",\"@id\":\"https:\/\/klaudynahebda.pl\/sklep\/herbatka-wdech-i-wydech\/#breadcrumb\",\"itemListElement\":[{\"@type\":\"ListItem\",\"position\":1,\"name\":\"Strona g\u0142\u00f3wna\",\"item\":\"https:\/\/klaudynahebda.pl\/sklep\/\"},{\"@type\":\"ListItem\",\"position\":2,\"name\":\"Sklep\",\"item\":\"https:\/\/klaudynahebda.pl\/sklep\/sklep\/\"},{\"@type\":\"ListItem\",\"position\":3,\"name\":\"Herbaty zio\u0142owe z olejkami\",\"item\":\"https:\/\/klaudynahebda.pl\/sklep\/herbaty\/\"},{\"@type\":\"ListItem\",\"position\":4,\"name\":\"WDECH I WYDECH \u2013 suplement diety w formie herbatki zio\u0142owej [50 g]\"}]},{\"@type\":\"WebSite\",\"@id\":\"https:\/\/klaudynahebda.pl\/sklep\/#website\",\"url\":\"https:\/\/klaudynahebda.pl\/sklep\/\",\"name\":\"Klaudyna Hebda Nature\",\"description\":\"Sklep\",\"publisher\":{\"@id\":\"https:\/\/klaudynahebda.pl\/sklep\/#organization\"},\"potentialAction\":[{\"@type\":\"SearchAction\",\"target\":{\"@type\":\"EntryPoint\",\"urlTemplate\":\"https:\/\/klaudynahebda.pl\/sklep\/?s={search_term_string}\"},\"query-input\":\"required name=search_term_string\"}],\"inLanguage\":\"pl-PL\"},{\"@type\":\"Organization\",\"@id\":\"https:\/\/klaudynahebda.pl\/sklep\/#organization\",\"name\":\"KlaudynaHebda\",\"url\":\"https:\/\/klaudynahebda.pl\/sklep\/\",\"sameAs\":[],\"logo\":{\"@type\":\"ImageObject\",\"inLanguage\":\"pl-PL\",\"@id\":\"https:\/\/klaudynahebda.pl\/sklep\/#\/schema\/logo\/image\/\",\"url\":\"\",\"contentUrl\":\"\",\"caption\":\"KlaudynaHebda\"},\"image\":{\"@id\":\"https:\/\/klaudynahebda.pl\/sklep\/#\/schema\/logo\/image\/\"}}]}<\/script>\n<!-- \/ Yoast SEO plugin. -->","yoast_head_json":{"title":"WDECH I WYDECH \u2013 suplement diety w formie herbatki zio\u0142owej [50 g] - Klaudyna Hebda Nature","description":"Herbatka Wdech i wydech zawiera korze\u0144 lukrecji, kt\u00f3ry dzia\u0142a koj\u0105co na g\u00f3rne drogi oddechowe i pomaga utrzyma\u0107 ich komfort.","robots":{"index":"index","follow":"follow","max-snippet":"max-snippet:-1","max-image-preview":"max-image-preview:large","max-video-preview":"max-video-preview:-1"},"canonical":"https:\/\/klaudynahebda.pl\/sklep\/herbatka-wdech-i-wydech\/","og_locale":"pl_PL","og_type":"article","og_title":"WDECH I WYDECH \u2013 suplement diety w formie herbatki zio\u0142owej [50 g] - Klaudyna Hebda Nature","og_description":"Herbatka Wdech i wydech zawiera korze\u0144 lukrecji, kt\u00f3ry dzia\u0142a koj\u0105co na g\u00f3rne drogi oddechowe i pomaga utrzyma\u0107 ich komfort.","og_url":"https:\/\/klaudynahebda.pl\/sklep\/herbatka-wdech-i-wydech\/","og_site_name":"Klaudyna Hebda Nature","article_modified_time":"2026-02-27T14:20:01+00:00","og_image":[{"width":900,"height":1400,"url":"https:\/\/klaudynahebda.pl\/sklep\/wp-content\/uploads\/2023\/10\/SKLEP_HERBATKA_WDECH_WYDECH_KLAUDYNA_HEBDA_05.jpg","type":"image\/jpeg"}],"twitter_card":"summary_large_image","twitter_misc":{"Szacowany czas czytania":"1 minuta"},"schema":{"@context":"https:\/\/schema.org","@graph":[{"@type":"WebPage","@id":"https:\/\/klaudynahebda.pl\/sklep\/herbatka-wdech-i-wydech\/","url":"https:\/\/klaudynahebda.pl\/sklep\/herbatka-wdech-i-wydech\/","name":"WDECH I WYDECH \u2013 suplement diety w formie herbatki zio\u0142owej [50 g] - Klaudyna Hebda Nature","isPartOf":{"@id":"https:\/\/klaudynahebda.pl\/sklep\/#website"},"datePublished":"2023-10-04T10:59:11+00:00","dateModified":"2026-02-27T14:20:01+00:00","description":"Herbatka Wdech i wydech zawiera korze\u0144 lukrecji, kt\u00f3ry dzia\u0142a koj\u0105co na g\u00f3rne drogi oddechowe i pomaga utrzyma\u0107 ich komfort.","breadcrumb":{"@id":"https:\/\/klaudynahebda.pl\/sklep\/herbatka-wdech-i-wydech\/#breadcrumb"},"inLanguage":"pl-PL","potentialAction":[{"@type":"ReadAction","target":["https:\/\/klaudynahebda.pl\/sklep\/herbatka-wdech-i-wydech\/"]}]},{"@type":"BreadcrumbList","@id":"https:\/\/klaudynahebda.pl\/sklep\/herbatka-wdech-i-wydech\/#breadcrumb","itemListElement":[{"@type":"ListItem","position":1,"name":"Strona g\u0142\u00f3wna","item":"https:\/\/klaudynahebda.pl\/sklep\/"},{"@type":"ListItem","position":2,"name":"Sklep","item":"https:\/\/klaudynahebda.pl\/sklep\/sklep\/"},{"@type":"ListItem","position":3,"name":"Herbaty zio\u0142owe z olejkami","item":"https:\/\/klaudynahebda.pl\/sklep\/herbaty\/"},{"@type":"ListItem","position":4,"name":"WDECH I WYDECH \u2013 suplement diety w formie herbatki zio\u0142owej [50 g]"}]},{"@type":"WebSite","@id":"https:\/\/klaudynahebda.pl\/sklep\/#website","url":"https:\/\/klaudynahebda.pl\/sklep\/","name":"Klaudyna Hebda Nature","description":"Sklep","publisher":{"@id":"https:\/\/klaudynahebda.pl\/sklep\/#organization"},"potentialAction":[{"@type":"SearchAction","target":{"@type":"EntryPoint","urlTemplate":"https:\/\/klaudynahebda.pl\/sklep\/?s={search_term_string}"},"query-input":"required name=search_term_string"}],"inLanguage":"pl-PL"},{"@type":"Organization","@id":"https:\/\/klaudynahebda.pl\/sklep\/#organization","name":"KlaudynaHebda","url":"https:\/\/klaudynahebda.pl\/sklep\/","sameAs":[],"logo":{"@type":"ImageObject","inLanguage":"pl-PL","@id":"https:\/\/klaudynahebda.pl\/sklep\/#\/schema\/logo\/image\/","url":"","contentUrl":"","caption":"KlaudynaHebda"},"image":{"@id":"https:\/\/klaudynahebda.pl\/sklep\/#\/schema\/logo\/image\/"}}]}},"_links":{"self":[{"href":"https:\/\/klaudynahebda.pl\/sklep\/wp-json\/wp\/v2\/product\/2281517"}],"collection":[{"href":"https:\/\/klaudynahebda.pl\/sklep\/wp-json\/wp\/v2\/product"}],"about":[{"href":"https:\/\/klaudynahebda.pl\/sklep\/wp-json\/wp\/v2\/types\/product"}],"replies":[{"embeddable":true,"href":"https:\/\/klaudynahebda.pl\/sklep\/wp-json\/wp\/v2\/comments?post=2281517"}],"wp:featuredmedia":[{"embeddable":true,"href":"https:\/\/klaudynahebda.pl\/sklep\/wp-json\/wp\/v2\/media\/2434687"}],"wp:attachment":[{"href":"https:\/\/klaudynahebda.pl\/sklep\/wp-json\/wp\/v2\/media?parent=2281517"}],"wp:term":[{"taxonomy":"product_cat","embeddable":true,"href":"https:\/\/klaudynahebda.pl\/sklep\/wp-json\/wp\/v2\/product_cat?post=2281517"},{"taxonomy":"product_tag","embeddable":true,"href":"https:\/\/klaudynahebda.pl\/sklep\/wp-json\/wp\/v2\/product_tag?post=2281517"}],"curies":[{"name":"wp","href":"https:\/\/api.w.org\/{rel}","templated":true}]}}