{"id":220592,"date":"2021-11-15T12:37:49","date_gmt":"2021-11-15T11:37:49","guid":{"rendered":"https:\/\/klaudynahebda.pl\/sklep\/?post_type=product&#038;p=220592"},"modified":"2026-04-10T13:47:14","modified_gmt":"2026-04-10T11:47:14","slug":"olejek-rumiankowy","status":"publish","type":"product","link":"https:\/\/klaudynahebda.pl\/sklep\/olejek-rumiankowy\/","title":{"rendered":"Olejek rumiankowy"},"content":{"rendered":"<h2>Kiedy u\u017cy\u0107 olejku rumiankowego?<\/h2>\n<p>Zapach olejku rzymskiego (zwanego te\u017c rumiankiem szlachetnym) <strong>mo\u017ce mie\u0107 dzia\u0142anie uspokajaj\u0105ce i relaksuj\u0105ce<\/strong>, szczeg\u00f3lnie <strong>kiedy dzieci potrzebuj\u0105 wyciszenia np. w trakcie z\u0105bkowania<\/strong>. W tym wypadku niekt\u00f3rzy m\u00f3wi\u0105, \u017ce sprawdza si\u0119 lepiej ni\u017c lawenda. Aromaterapeuci zalecaj\u0105 rozcie\u0144czy\u0107 olejek eteryczny z olejem bazowym i na\u0142o\u017cy\u0107 na zewn\u0119trzn\u0105 cz\u0119\u015b\u0107 policzka przed snem lub doda\u0107 kropelk\u0119 do p\u0142ynu do k\u0105pieli, \u017ceby stworzy\u0107 s\u0142odk\u0105, delikatn\u0105 atmosfer\u0119 w \u0142azience lub pokoju dziecka.<\/p>\n<p>Zapach olejku rumiankowego mo\u017cna por\u00f3wna\u0107 do u\u015bcisku ciep\u0142ych ramion, kt\u00f3re otaczaj\u0105 Twojego malucha mi\u0142o\u015bci\u0105 i trosk\u0105. Jego aromat mo\u017ce koi\u0107 i przywraca\u0107 spok\u00f3j w trudnych chwilach.<\/p>\n<p>Super skoncentrowany. Jedna kropelka wystarcza na d\u0142ugo. Buteleczka wydaje si\u0119 ma\u0142a, ale to tylko pozory, bo olejek jest bardzo wydajny.<\/p>\n<p>W aromaterapii mo\u017ce by\u0107 stosowany poprzez inhalacj\u0119, masa\u017c, dodawanie do k\u0105pieli lub korzystanie z dyfuzor\u00f3w zapachowych.<\/p>\n<p>&nbsp;<\/p>\n<p>Nie masz jak dyfuzowa\u0107 olejk\u00f3w eterycznych? Sprawd\u017a nasz <a href=\"https:\/\/klaudynahebda.pl\/sklep\/dyfuzor-do-aromaterapii\" target=\"_blank\" rel=\"noopener\">dyfuzor do aromaterapii<\/a>!<\/p>\n","protected":false},"excerpt":{"rendered":"<h2>Olejek rumiankowy to&#8230;<\/h2>\n<ul>\n<li>ogromna moc w ma\u0142ej buteleczce 5 ml \u2014 niczym w ziarenku, z kt\u00f3rego wyrasta pot\u0119\u017cne drzewo;<\/li>\n<li><strong>zapach, kt\u00f3ry mo\u017ce pom\u00f3c w wyciszeniu przed snem<\/strong>;<\/li>\n<li>magiczne zakl\u0119cie na dobranoc \u2014 wystarczy kropelka, \u017ceby pozna\u0107 jego s\u0142odki, otulaj\u0105cy aromat, kt\u00f3ry wype\u0142ni pomieszczenie;<\/li>\n<li>superbohater dla dzieci i doros\u0142ych \u2014 ten aromat to pomocnik w trudnych chwilach malucha, np. przy pierwszych z\u0105bkach.<\/li>\n<\/ul>\n<p><strong>Nowa, od\u015bwie\u017cona etykieta\u00a0<\/strong><br \/>\nTo wci\u0105\u017c ten sam, uwielbiany przez Was olejek \u2013 zmieni\u0142 si\u0119 tylko jego wygl\u0105d.<\/p>\n","protected":false},"featured_media":3419320,"comment_status":"open","ping_status":"closed","template":"","meta":[],"product_cat":[130,126,36,123],"product_tag":[],"acf":[],"yoast_head":"<!-- This site is optimized with the Yoast SEO plugin v19.6.1 - https:\/\/yoast.com\/wordpress\/plugins\/seo\/ -->\n<title>Olejek rumiankowy - Klaudyna Hebda Nature<\/title>\n<meta name=\"description\" content=\"Zapach olejku z rumianku mo\u017ce mie\u0107 dzia\u0142anie uspokajaj\u0105ce i relaksuj\u0105ce, szczeg\u00f3lnie kiedy dzieci potrzebuj\u0105 wyciszenia, np. w trakcie z\u0105bkowania.\" \/>\n<meta name=\"robots\" content=\"index, follow, max-snippet:-1, max-image-preview:large, max-video-preview:-1\" \/>\n<link rel=\"canonical\" href=\"https:\/\/klaudynahebda.pl\/sklep\/olejek-rumiankowy\/\" \/>\n<meta property=\"og:locale\" content=\"pl_PL\" \/>\n<meta property=\"og:type\" content=\"article\" \/>\n<meta property=\"og:title\" content=\"Olejek rumiankowy - Klaudyna Hebda Nature\" \/>\n<meta property=\"og:description\" content=\"Zapach olejku z rumianku mo\u017ce mie\u0107 dzia\u0142anie uspokajaj\u0105ce i relaksuj\u0105ce, szczeg\u00f3lnie kiedy dzieci potrzebuj\u0105 wyciszenia, np. w trakcie z\u0105bkowania.\" \/>\n<meta property=\"og:url\" content=\"https:\/\/klaudynahebda.pl\/sklep\/olejek-rumiankowy\/\" \/>\n<meta property=\"og:site_name\" content=\"Klaudyna Hebda Nature\" \/>\n<meta property=\"article:modified_time\" content=\"2026-04-10T11:47:14+00:00\" \/>\n<meta property=\"og:image\" content=\"https:\/\/klaudynahebda.pl\/sklep\/wp-content\/uploads\/2021\/11\/rumainek-rzymski-5ml.webp\" \/>\n\t<meta property=\"og:image:width\" content=\"844\" \/>\n\t<meta property=\"og:image:height\" content=\"1152\" \/>\n\t<meta property=\"og:image:type\" content=\"image\/webp\" \/>\n<meta name=\"twitter:card\" content=\"summary_large_image\" \/>\n<meta name=\"twitter:label1\" content=\"Szacowany czas czytania\" \/>\n\t<meta name=\"twitter:data1\" content=\"1 minuta\" \/>\n<script type=\"application\/ld+json\" class=\"yoast-schema-graph\">{\"@context\":\"https:\/\/schema.org\",\"@graph\":[{\"@type\":\"WebPage\",\"@id\":\"https:\/\/klaudynahebda.pl\/sklep\/olejek-rumiankowy\/\",\"url\":\"https:\/\/klaudynahebda.pl\/sklep\/olejek-rumiankowy\/\",\"name\":\"Olejek rumiankowy - Klaudyna Hebda Nature\",\"isPartOf\":{\"@id\":\"https:\/\/klaudynahebda.pl\/sklep\/#website\"},\"datePublished\":\"2021-11-15T11:37:49+00:00\",\"dateModified\":\"2026-04-10T11:47:14+00:00\",\"description\":\"Zapach olejku z rumianku mo\u017ce mie\u0107 dzia\u0142anie uspokajaj\u0105ce i relaksuj\u0105ce, szczeg\u00f3lnie kiedy dzieci potrzebuj\u0105 wyciszenia, np. w trakcie z\u0105bkowania.\",\"breadcrumb\":{\"@id\":\"https:\/\/klaudynahebda.pl\/sklep\/olejek-rumiankowy\/#breadcrumb\"},\"inLanguage\":\"pl-PL\",\"potentialAction\":[{\"@type\":\"ReadAction\",\"target\":[\"https:\/\/klaudynahebda.pl\/sklep\/olejek-rumiankowy\/\"]}]},{\"@type\":\"BreadcrumbList\",\"@id\":\"https:\/\/klaudynahebda.pl\/sklep\/olejek-rumiankowy\/#breadcrumb\",\"itemListElement\":[{\"@type\":\"ListItem\",\"position\":1,\"name\":\"Strona g\u0142\u00f3wna\",\"item\":\"https:\/\/klaudynahebda.pl\/sklep\/\"},{\"@type\":\"ListItem\",\"position\":2,\"name\":\"Sklep\",\"item\":\"https:\/\/klaudynahebda.pl\/sklep\/sklep\/\"},{\"@type\":\"ListItem\",\"position\":3,\"name\":\"Olejki eteryczne\",\"item\":\"https:\/\/klaudynahebda.pl\/sklep\/olejki-eteryczne\/\"},{\"@type\":\"ListItem\",\"position\":4,\"name\":\"Olejek rumiankowy\"}]},{\"@type\":\"WebSite\",\"@id\":\"https:\/\/klaudynahebda.pl\/sklep\/#website\",\"url\":\"https:\/\/klaudynahebda.pl\/sklep\/\",\"name\":\"Klaudyna Hebda Nature\",\"description\":\"Sklep\",\"publisher\":{\"@id\":\"https:\/\/klaudynahebda.pl\/sklep\/#organization\"},\"potentialAction\":[{\"@type\":\"SearchAction\",\"target\":{\"@type\":\"EntryPoint\",\"urlTemplate\":\"https:\/\/klaudynahebda.pl\/sklep\/?s={search_term_string}\"},\"query-input\":\"required name=search_term_string\"}],\"inLanguage\":\"pl-PL\"},{\"@type\":\"Organization\",\"@id\":\"https:\/\/klaudynahebda.pl\/sklep\/#organization\",\"name\":\"KlaudynaHebda\",\"url\":\"https:\/\/klaudynahebda.pl\/sklep\/\",\"sameAs\":[],\"logo\":{\"@type\":\"ImageObject\",\"inLanguage\":\"pl-PL\",\"@id\":\"https:\/\/klaudynahebda.pl\/sklep\/#\/schema\/logo\/image\/\",\"url\":\"\",\"contentUrl\":\"\",\"caption\":\"KlaudynaHebda\"},\"image\":{\"@id\":\"https:\/\/klaudynahebda.pl\/sklep\/#\/schema\/logo\/image\/\"}}]}<\/script>\n<!-- \/ Yoast SEO plugin. -->","yoast_head_json":{"title":"Olejek rumiankowy - Klaudyna Hebda Nature","description":"Zapach olejku z rumianku mo\u017ce mie\u0107 dzia\u0142anie uspokajaj\u0105ce i relaksuj\u0105ce, szczeg\u00f3lnie kiedy dzieci potrzebuj\u0105 wyciszenia, np. w trakcie z\u0105bkowania.","robots":{"index":"index","follow":"follow","max-snippet":"max-snippet:-1","max-image-preview":"max-image-preview:large","max-video-preview":"max-video-preview:-1"},"canonical":"https:\/\/klaudynahebda.pl\/sklep\/olejek-rumiankowy\/","og_locale":"pl_PL","og_type":"article","og_title":"Olejek rumiankowy - Klaudyna Hebda Nature","og_description":"Zapach olejku z rumianku mo\u017ce mie\u0107 dzia\u0142anie uspokajaj\u0105ce i relaksuj\u0105ce, szczeg\u00f3lnie kiedy dzieci potrzebuj\u0105 wyciszenia, np. w trakcie z\u0105bkowania.","og_url":"https:\/\/klaudynahebda.pl\/sklep\/olejek-rumiankowy\/","og_site_name":"Klaudyna Hebda Nature","article_modified_time":"2026-04-10T11:47:14+00:00","og_image":[{"width":844,"height":1152,"url":"https:\/\/klaudynahebda.pl\/sklep\/wp-content\/uploads\/2021\/11\/rumainek-rzymski-5ml.webp","type":"image\/webp"}],"twitter_card":"summary_large_image","twitter_misc":{"Szacowany czas czytania":"1 minuta"},"schema":{"@context":"https:\/\/schema.org","@graph":[{"@type":"WebPage","@id":"https:\/\/klaudynahebda.pl\/sklep\/olejek-rumiankowy\/","url":"https:\/\/klaudynahebda.pl\/sklep\/olejek-rumiankowy\/","name":"Olejek rumiankowy - Klaudyna Hebda Nature","isPartOf":{"@id":"https:\/\/klaudynahebda.pl\/sklep\/#website"},"datePublished":"2021-11-15T11:37:49+00:00","dateModified":"2026-04-10T11:47:14+00:00","description":"Zapach olejku z rumianku mo\u017ce mie\u0107 dzia\u0142anie uspokajaj\u0105ce i relaksuj\u0105ce, szczeg\u00f3lnie kiedy dzieci potrzebuj\u0105 wyciszenia, np. w trakcie z\u0105bkowania.","breadcrumb":{"@id":"https:\/\/klaudynahebda.pl\/sklep\/olejek-rumiankowy\/#breadcrumb"},"inLanguage":"pl-PL","potentialAction":[{"@type":"ReadAction","target":["https:\/\/klaudynahebda.pl\/sklep\/olejek-rumiankowy\/"]}]},{"@type":"BreadcrumbList","@id":"https:\/\/klaudynahebda.pl\/sklep\/olejek-rumiankowy\/#breadcrumb","itemListElement":[{"@type":"ListItem","position":1,"name":"Strona g\u0142\u00f3wna","item":"https:\/\/klaudynahebda.pl\/sklep\/"},{"@type":"ListItem","position":2,"name":"Sklep","item":"https:\/\/klaudynahebda.pl\/sklep\/sklep\/"},{"@type":"ListItem","position":3,"name":"Olejki eteryczne","item":"https:\/\/klaudynahebda.pl\/sklep\/olejki-eteryczne\/"},{"@type":"ListItem","position":4,"name":"Olejek rumiankowy"}]},{"@type":"WebSite","@id":"https:\/\/klaudynahebda.pl\/sklep\/#website","url":"https:\/\/klaudynahebda.pl\/sklep\/","name":"Klaudyna Hebda Nature","description":"Sklep","publisher":{"@id":"https:\/\/klaudynahebda.pl\/sklep\/#organization"},"potentialAction":[{"@type":"SearchAction","target":{"@type":"EntryPoint","urlTemplate":"https:\/\/klaudynahebda.pl\/sklep\/?s={search_term_string}"},"query-input":"required name=search_term_string"}],"inLanguage":"pl-PL"},{"@type":"Organization","@id":"https:\/\/klaudynahebda.pl\/sklep\/#organization","name":"KlaudynaHebda","url":"https:\/\/klaudynahebda.pl\/sklep\/","sameAs":[],"logo":{"@type":"ImageObject","inLanguage":"pl-PL","@id":"https:\/\/klaudynahebda.pl\/sklep\/#\/schema\/logo\/image\/","url":"","contentUrl":"","caption":"KlaudynaHebda"},"image":{"@id":"https:\/\/klaudynahebda.pl\/sklep\/#\/schema\/logo\/image\/"}}]}},"_links":{"self":[{"href":"https:\/\/klaudynahebda.pl\/sklep\/wp-json\/wp\/v2\/product\/220592"}],"collection":[{"href":"https:\/\/klaudynahebda.pl\/sklep\/wp-json\/wp\/v2\/product"}],"about":[{"href":"https:\/\/klaudynahebda.pl\/sklep\/wp-json\/wp\/v2\/types\/product"}],"replies":[{"embeddable":true,"href":"https:\/\/klaudynahebda.pl\/sklep\/wp-json\/wp\/v2\/comments?post=220592"}],"wp:featuredmedia":[{"embeddable":true,"href":"https:\/\/klaudynahebda.pl\/sklep\/wp-json\/wp\/v2\/media\/3419320"}],"wp:attachment":[{"href":"https:\/\/klaudynahebda.pl\/sklep\/wp-json\/wp\/v2\/media?parent=220592"}],"wp:term":[{"taxonomy":"product_cat","embeddable":true,"href":"https:\/\/klaudynahebda.pl\/sklep\/wp-json\/wp\/v2\/product_cat?post=220592"},{"taxonomy":"product_tag","embeddable":true,"href":"https:\/\/klaudynahebda.pl\/sklep\/wp-json\/wp\/v2\/product_tag?post=220592"}],"curies":[{"name":"wp","href":"https:\/\/api.w.org\/{rel}","templated":true}]}}