{"id":209517,"date":"2021-10-22T08:04:50","date_gmt":"2021-10-22T06:04:50","guid":{"rendered":"https:\/\/klaudynahebda.pl\/sklep\/?post_type=product&#038;p=209517"},"modified":"2026-04-17T13:32:13","modified_gmt":"2026-04-17T11:32:13","slug":"olejek-do-masazu-aromabaza","status":"publish","type":"product","link":"https:\/\/klaudynahebda.pl\/sklep\/olejek-do-masazu-aromabaza\/","title":{"rendered":"Aromabaza &#8211; olej z \u017cywokostem do masa\u017cu [200ml]"},"content":{"rendered":"<h2><span style=\"font-weight: 400;\">Co znajdziesz w Aromabazie?\u00a0\u00a0<\/span><\/h2>\n<ul>\n<li style=\"font-weight: 400;\"><span style=\"font-weight: 400;\"><strong>macerat nagietkowy<\/strong> \u2014 od\u017cywia sk\u00f3r\u0119 i przywraca jej s\u0142oneczny blask<\/span><\/li>\n<li style=\"font-weight: 400;\"><span style=\"font-weight: 400;\"><strong>macerat \u017cywokostowy<\/strong> \u2014\u00a0 balsam dla sk\u00f3ry, po kt\u00f3rym jest mi\u0119kka jak dotyk jedwabiu<\/span><\/li>\n<li style=\"font-weight: 400;\"><span style=\"font-weight: 400;\"><strong>macerat dziurawcowy<\/strong> \u2014 przywo\u0142uje harmoni\u0119 i r\u00f3wnowag\u0119<\/span><\/li>\n<li style=\"font-weight: 400;\"><span style=\"font-weight: 400;\"><strong>oleje kokosowy oraz jojoba<\/strong> \u2014 delikatnie g\u0142aszcz\u0105 sk\u00f3r\u0119 i pomagaj\u0105 jej doj\u015b\u0107 do siebie <\/span><\/li>\n<li style=\"font-weight: 400;\"><span style=\"font-weight: 400;\"><strong>witamin\u0119 E<\/strong> \u2014 ma\u0142a tarcza ochronna dla Twojej cery<br \/>\n<\/span><\/li>\n<\/ul>\n<h2><span style=\"font-weight: 400;\">Jedna Aromabaza &#8211; tak wiele mo\u017cliwo\u015bci<\/span><\/h2>\n<p><span style=\"font-weight: 400;\">To kosmetyk<em> all inclusive<\/em> \u2014 po jego u\u017cyciu ju\u017c nie potrzebujesz dodatkowych nawil\u017caczy, zmi\u0119kczaczy czy przyjemniaczy. Wszystko, co najwa\u017cniejsze, spakowa\u0142am do tej szklanej butelki.<\/span><\/p>\n<ul>\n<li style=\"font-weight: 400;\"><span style=\"font-weight: 400;\">Zakochasz si\u0119 w niej, <\/span><b>u\u017cywaj\u0105c jej po prostu do piel\u0119gnacji sk\u00f3ry.<\/b><\/li>\n<li style=\"font-weight: 400;\"><b>Naturalnie rozcie\u0144cza <a href=\"https:\/\/klaudynahebda.pl\/sklep\/olejki-eteryczne\/\" target=\"_blank\" rel=\"noopener\">olejki eteryczne<\/a>,<\/b><span style=\"font-weight: 400;\"> kiedy chcesz je zastosowa\u0107 na sk\u00f3r\u0119, wi\u0119c wszelkie pakiety jak: ulubiony olejek + Aromabaza, s\u0105 z g\u00f3ry skazane na sukces.\u00a0<\/span><\/li>\n<li><b>Znakomicie odnajduje si\u0119 jako baza do masa\u017cu. <\/b><span style=\"font-weight: 400;\">I niewa\u017cne, czy masa\u017c b\u0119dzie zrobiony na Twojej kanapie, czy na profesjonalnym stole w gabinecie.<\/span><\/li>\n<\/ul>\n<p><span style=\"font-weight: 400;\">Przeczytaj artyku\u0142 i znajd\u017a inspiracj\u0119 na masa\u017c Aromabaz\u0105! <a href=\"https:\/\/klaudynahebda.pl\/masaz-aromaterapeutyczny-jak-wybrac-najlepszy-olejek-do-masazu\/\"><strong>Masa\u017c aromaterapeutyczny krok po kroku \u2192<\/strong><\/a><\/span><\/p>\n<p><span style=\"font-weight: 400;\">Ceni\u0119 prostot\u0119, dlatego Aromabaz\u0119 tworzy tylko siedem sk\u0142adnik\u00f3w, w kt\u00f3rych nie znajdziesz sztucznych ulepszaczy czy alergizuj\u0105cych aromat\u00f3w. <\/span><span style=\"font-weight: 400;\">Dbam te\u017c o \u015brodowisko, wi\u0119c Twoja Aromabaza przyjedzie do Ciebie w szklanej butelce i bez kilogram\u00f3w plastikowych folii.\u00a0<\/span><\/p>\n","protected":false},"excerpt":{"rendered":"<h2><strong>Aromabaza to:<\/strong><\/h2>\n<ul>\n<li><strong> idealny olejek do masa\u017cu<\/strong><\/li>\n<li style=\"font-weight: 400;\"><span style=\"font-weight: 400;\"><strong>uniwersalna baza<\/strong>\u00a0do rozcie\u0144czania olejk\u00f3w eterycznych, gdy potrzebujesz je zastosowa\u0107 na sk\u00f3r\u0119<\/span><\/li>\n<li style=\"font-weight: 400;\"><span style=\"font-weight: 400;\">kosmetyk, kt\u00f3ry zadba o Twoje cia\u0142o i <strong>doda mu mi\u0119kko\u015bci i delikatno\u015bci<\/strong>\u00a0<\/span><\/li>\n<li style=\"font-weight: 400;\"><span style=\"font-weight: 400;\">formu\u0142a, kt\u00f3ra cho\u0107 od\u017cywia, to nadmiernie <strong>nie t\u0142u\u015bci <\/strong><\/span><\/li>\n<li style=\"font-weight: 400;\">prawdziwa &#8220;z\u0142ota r\u0105czka&#8221; w piel\u0119gnacji. B\u0119dzie bohaterem zar\u00f3wno Twojego domu, jak i profesjonalnego gabinetu oferuj\u0105cego masa\u017ce;<\/li>\n<li style=\"font-weight: 400;\">po\u0142\u0105czenie ro\u015blinnych olej\u00f3w i zio\u0142owych macerat\u00f3w, do kt\u00f3rych mo\u017cesz doda\u0107 olejki eteryczne i zrobi\u0107 aromaterapeutyczny masa\u017c.<\/li>\n<\/ul>\n<p><strong>A teraz powiem Ci co\u015b w sekrecie. <\/strong><span style=\"font-weight: 400;\"><strong>Nie ma dobrych powod\u00f3w, \u017ceby NIE si\u0119gn\u0105\u0107 po Aromabaz\u0119.<\/strong>\u00a0<\/span><\/p>\n<p><span style=\"font-weight: 400;\">Na co wi\u0119c czekasz?\u00a0<\/span><\/p>\n","protected":false},"featured_media":3409687,"comment_status":"open","ping_status":"closed","template":"","meta":[],"product_cat":[252,130,47],"product_tag":[],"acf":[],"yoast_head":"<!-- This site is optimized with the Yoast SEO plugin v19.6.1 - https:\/\/yoast.com\/wordpress\/plugins\/seo\/ -->\n<title>Aromabaza - olej z \u017cywokostem do masa\u017cu [200ml] - Klaudyna Hebda Nature<\/title>\n<meta name=\"description\" content=\"\ud83c\udf3fAromabaza to ro\u015blinne oleje i zio\u0142owe maceraty, kt\u00f3re piel\u0119gnuj\u0105 sk\u00f3r\u0119. Nie pozostawia t\u0142ustej warstwy. U\u017cywaj solo lub z ulubionymi olejkami eterycznymi.\" \/>\n<meta name=\"robots\" content=\"index, follow, max-snippet:-1, max-image-preview:large, max-video-preview:-1\" \/>\n<link rel=\"canonical\" href=\"https:\/\/klaudynahebda.pl\/sklep\/olejek-do-masazu-aromabaza\/\" \/>\n<meta property=\"og:locale\" content=\"pl_PL\" \/>\n<meta property=\"og:type\" content=\"article\" \/>\n<meta property=\"og:title\" content=\"Aromabaza - olej z \u017cywokostem do masa\u017cu [200ml] - Klaudyna Hebda Nature\" \/>\n<meta property=\"og:description\" content=\"\ud83c\udf3fAromabaza to ro\u015blinne oleje i zio\u0142owe maceraty, kt\u00f3re piel\u0119gnuj\u0105 sk\u00f3r\u0119. Nie pozostawia t\u0142ustej warstwy. U\u017cywaj solo lub z ulubionymi olejkami eterycznymi.\" \/>\n<meta property=\"og:url\" content=\"https:\/\/klaudynahebda.pl\/sklep\/olejek-do-masazu-aromabaza\/\" \/>\n<meta property=\"og:site_name\" content=\"Klaudyna Hebda Nature\" \/>\n<meta property=\"article:modified_time\" content=\"2026-04-17T11:32:13+00:00\" \/>\n<meta property=\"og:image\" content=\"https:\/\/klaudynahebda.pl\/sklep\/wp-content\/uploads\/2021\/10\/aromabaza-olejek-bazowy-masaz-hebda-200ml.webp\" \/>\n\t<meta property=\"og:image:width\" content=\"844\" \/>\n\t<meta property=\"og:image:height\" content=\"1152\" \/>\n\t<meta property=\"og:image:type\" content=\"image\/webp\" \/>\n<meta name=\"twitter:card\" content=\"summary_large_image\" \/>\n<meta name=\"twitter:label1\" content=\"Szacowany czas czytania\" \/>\n\t<meta name=\"twitter:data1\" content=\"2 minuty\" \/>\n<script type=\"application\/ld+json\" class=\"yoast-schema-graph\">{\"@context\":\"https:\/\/schema.org\",\"@graph\":[{\"@type\":\"WebPage\",\"@id\":\"https:\/\/klaudynahebda.pl\/sklep\/olejek-do-masazu-aromabaza\/\",\"url\":\"https:\/\/klaudynahebda.pl\/sklep\/olejek-do-masazu-aromabaza\/\",\"name\":\"Aromabaza - olej z \u017cywokostem do masa\u017cu [200ml] - Klaudyna Hebda Nature\",\"isPartOf\":{\"@id\":\"https:\/\/klaudynahebda.pl\/sklep\/#website\"},\"datePublished\":\"2021-10-22T06:04:50+00:00\",\"dateModified\":\"2026-04-17T11:32:13+00:00\",\"description\":\"\ud83c\udf3fAromabaza to ro\u015blinne oleje i zio\u0142owe maceraty, kt\u00f3re piel\u0119gnuj\u0105 sk\u00f3r\u0119. Nie pozostawia t\u0142ustej warstwy. U\u017cywaj solo lub z ulubionymi olejkami eterycznymi.\",\"breadcrumb\":{\"@id\":\"https:\/\/klaudynahebda.pl\/sklep\/olejek-do-masazu-aromabaza\/#breadcrumb\"},\"inLanguage\":\"pl-PL\",\"potentialAction\":[{\"@type\":\"ReadAction\",\"target\":[\"https:\/\/klaudynahebda.pl\/sklep\/olejek-do-masazu-aromabaza\/\"]}]},{\"@type\":\"BreadcrumbList\",\"@id\":\"https:\/\/klaudynahebda.pl\/sklep\/olejek-do-masazu-aromabaza\/#breadcrumb\",\"itemListElement\":[{\"@type\":\"ListItem\",\"position\":1,\"name\":\"Strona g\u0142\u00f3wna\",\"item\":\"https:\/\/klaudynahebda.pl\/sklep\/\"},{\"@type\":\"ListItem\",\"position\":2,\"name\":\"Sklep\",\"item\":\"https:\/\/klaudynahebda.pl\/sklep\/sklep\/\"},{\"@type\":\"ListItem\",\"position\":3,\"name\":\"Kosmetyki naturalne\",\"item\":\"https:\/\/klaudynahebda.pl\/sklep\/kosmetyki-naturalne\/\"},{\"@type\":\"ListItem\",\"position\":4,\"name\":\"Aromabaza &#8211; olej z \u017cywokostem do masa\u017cu [200ml]\"}]},{\"@type\":\"WebSite\",\"@id\":\"https:\/\/klaudynahebda.pl\/sklep\/#website\",\"url\":\"https:\/\/klaudynahebda.pl\/sklep\/\",\"name\":\"Klaudyna Hebda Nature\",\"description\":\"Sklep\",\"publisher\":{\"@id\":\"https:\/\/klaudynahebda.pl\/sklep\/#organization\"},\"potentialAction\":[{\"@type\":\"SearchAction\",\"target\":{\"@type\":\"EntryPoint\",\"urlTemplate\":\"https:\/\/klaudynahebda.pl\/sklep\/?s={search_term_string}\"},\"query-input\":\"required name=search_term_string\"}],\"inLanguage\":\"pl-PL\"},{\"@type\":\"Organization\",\"@id\":\"https:\/\/klaudynahebda.pl\/sklep\/#organization\",\"name\":\"KlaudynaHebda\",\"url\":\"https:\/\/klaudynahebda.pl\/sklep\/\",\"sameAs\":[],\"logo\":{\"@type\":\"ImageObject\",\"inLanguage\":\"pl-PL\",\"@id\":\"https:\/\/klaudynahebda.pl\/sklep\/#\/schema\/logo\/image\/\",\"url\":\"\",\"contentUrl\":\"\",\"caption\":\"KlaudynaHebda\"},\"image\":{\"@id\":\"https:\/\/klaudynahebda.pl\/sklep\/#\/schema\/logo\/image\/\"}}]}<\/script>\n<!-- \/ Yoast SEO plugin. -->","yoast_head_json":{"title":"Aromabaza - olej z \u017cywokostem do masa\u017cu [200ml] - Klaudyna Hebda Nature","description":"\ud83c\udf3fAromabaza to ro\u015blinne oleje i zio\u0142owe maceraty, kt\u00f3re piel\u0119gnuj\u0105 sk\u00f3r\u0119. Nie pozostawia t\u0142ustej warstwy. U\u017cywaj solo lub z ulubionymi olejkami eterycznymi.","robots":{"index":"index","follow":"follow","max-snippet":"max-snippet:-1","max-image-preview":"max-image-preview:large","max-video-preview":"max-video-preview:-1"},"canonical":"https:\/\/klaudynahebda.pl\/sklep\/olejek-do-masazu-aromabaza\/","og_locale":"pl_PL","og_type":"article","og_title":"Aromabaza - olej z \u017cywokostem do masa\u017cu [200ml] - Klaudyna Hebda Nature","og_description":"\ud83c\udf3fAromabaza to ro\u015blinne oleje i zio\u0142owe maceraty, kt\u00f3re piel\u0119gnuj\u0105 sk\u00f3r\u0119. Nie pozostawia t\u0142ustej warstwy. U\u017cywaj solo lub z ulubionymi olejkami eterycznymi.","og_url":"https:\/\/klaudynahebda.pl\/sklep\/olejek-do-masazu-aromabaza\/","og_site_name":"Klaudyna Hebda Nature","article_modified_time":"2026-04-17T11:32:13+00:00","og_image":[{"width":844,"height":1152,"url":"https:\/\/klaudynahebda.pl\/sklep\/wp-content\/uploads\/2021\/10\/aromabaza-olejek-bazowy-masaz-hebda-200ml.webp","type":"image\/webp"}],"twitter_card":"summary_large_image","twitter_misc":{"Szacowany czas czytania":"2 minuty"},"schema":{"@context":"https:\/\/schema.org","@graph":[{"@type":"WebPage","@id":"https:\/\/klaudynahebda.pl\/sklep\/olejek-do-masazu-aromabaza\/","url":"https:\/\/klaudynahebda.pl\/sklep\/olejek-do-masazu-aromabaza\/","name":"Aromabaza - olej z \u017cywokostem do masa\u017cu [200ml] - Klaudyna Hebda Nature","isPartOf":{"@id":"https:\/\/klaudynahebda.pl\/sklep\/#website"},"datePublished":"2021-10-22T06:04:50+00:00","dateModified":"2026-04-17T11:32:13+00:00","description":"\ud83c\udf3fAromabaza to ro\u015blinne oleje i zio\u0142owe maceraty, kt\u00f3re piel\u0119gnuj\u0105 sk\u00f3r\u0119. Nie pozostawia t\u0142ustej warstwy. U\u017cywaj solo lub z ulubionymi olejkami eterycznymi.","breadcrumb":{"@id":"https:\/\/klaudynahebda.pl\/sklep\/olejek-do-masazu-aromabaza\/#breadcrumb"},"inLanguage":"pl-PL","potentialAction":[{"@type":"ReadAction","target":["https:\/\/klaudynahebda.pl\/sklep\/olejek-do-masazu-aromabaza\/"]}]},{"@type":"BreadcrumbList","@id":"https:\/\/klaudynahebda.pl\/sklep\/olejek-do-masazu-aromabaza\/#breadcrumb","itemListElement":[{"@type":"ListItem","position":1,"name":"Strona g\u0142\u00f3wna","item":"https:\/\/klaudynahebda.pl\/sklep\/"},{"@type":"ListItem","position":2,"name":"Sklep","item":"https:\/\/klaudynahebda.pl\/sklep\/sklep\/"},{"@type":"ListItem","position":3,"name":"Kosmetyki naturalne","item":"https:\/\/klaudynahebda.pl\/sklep\/kosmetyki-naturalne\/"},{"@type":"ListItem","position":4,"name":"Aromabaza &#8211; olej z \u017cywokostem do masa\u017cu [200ml]"}]},{"@type":"WebSite","@id":"https:\/\/klaudynahebda.pl\/sklep\/#website","url":"https:\/\/klaudynahebda.pl\/sklep\/","name":"Klaudyna Hebda Nature","description":"Sklep","publisher":{"@id":"https:\/\/klaudynahebda.pl\/sklep\/#organization"},"potentialAction":[{"@type":"SearchAction","target":{"@type":"EntryPoint","urlTemplate":"https:\/\/klaudynahebda.pl\/sklep\/?s={search_term_string}"},"query-input":"required name=search_term_string"}],"inLanguage":"pl-PL"},{"@type":"Organization","@id":"https:\/\/klaudynahebda.pl\/sklep\/#organization","name":"KlaudynaHebda","url":"https:\/\/klaudynahebda.pl\/sklep\/","sameAs":[],"logo":{"@type":"ImageObject","inLanguage":"pl-PL","@id":"https:\/\/klaudynahebda.pl\/sklep\/#\/schema\/logo\/image\/","url":"","contentUrl":"","caption":"KlaudynaHebda"},"image":{"@id":"https:\/\/klaudynahebda.pl\/sklep\/#\/schema\/logo\/image\/"}}]}},"_links":{"self":[{"href":"https:\/\/klaudynahebda.pl\/sklep\/wp-json\/wp\/v2\/product\/209517"}],"collection":[{"href":"https:\/\/klaudynahebda.pl\/sklep\/wp-json\/wp\/v2\/product"}],"about":[{"href":"https:\/\/klaudynahebda.pl\/sklep\/wp-json\/wp\/v2\/types\/product"}],"replies":[{"embeddable":true,"href":"https:\/\/klaudynahebda.pl\/sklep\/wp-json\/wp\/v2\/comments?post=209517"}],"wp:featuredmedia":[{"embeddable":true,"href":"https:\/\/klaudynahebda.pl\/sklep\/wp-json\/wp\/v2\/media\/3409687"}],"wp:attachment":[{"href":"https:\/\/klaudynahebda.pl\/sklep\/wp-json\/wp\/v2\/media?parent=209517"}],"wp:term":[{"taxonomy":"product_cat","embeddable":true,"href":"https:\/\/klaudynahebda.pl\/sklep\/wp-json\/wp\/v2\/product_cat?post=209517"},{"taxonomy":"product_tag","embeddable":true,"href":"https:\/\/klaudynahebda.pl\/sklep\/wp-json\/wp\/v2\/product_tag?post=209517"}],"curies":[{"name":"wp","href":"https:\/\/api.w.org\/{rel}","templated":true}]}}