{"id":206212,"date":"2021-10-19T11:39:58","date_gmt":"2021-10-19T09:39:58","guid":{"rendered":"https:\/\/klaudynahebda.pl\/sklep\/?post_type=product&#038;p=206212"},"modified":"2026-04-06T11:02:32","modified_gmt":"2026-04-06T09:02:32","slug":"herbata-czterech-alchemikow","status":"publish","type":"product","link":"https:\/\/klaudynahebda.pl\/sklep\/herbata-czterech-alchemikow\/","title":{"rendered":"CZTERECH ALCHEMIK\u00d3W\u00ae &#8211; suplement diety w formie herbatki [50 g]"},"content":{"rendered":"<h2>Herbatka Czterech Alchemik\u00f3w\u00ae &#8211; co czyni j\u0105 tak wyj\u0105tkow\u0105?<\/h2>\n<p>Receptur\u0119 tego naparu opar\u0142am na klasycznych przepisach zielarskich, w kt\u00f3rych tkwi\u0142y ludowe m\u0105dro\u015bci, przekazywane z ust do ust. Ale poniewa\u017c same zio\u0142a maj\u0105 cz\u0119sto do\u015b\u0107 delikatny posmak, postanowi\u0142am po\u0142\u0105czy\u0107 je z korzennymi przyprawami dla wi\u0119kszej wyrazisto\u015bci. <strong>To moja wsp\u00f3\u0142czesna herbata szeptuchy<\/strong> \ud83d\ude42 Pe\u0142na dobroczynnych w\u0142a\u015bciwo\u015bci, kt\u00f3re mog\u0105 poprawi\u0107 Twoje samopoczucie.<\/p>\n<p>Mam nadziej\u0119, \u017ce kiedy b\u0119dziesz zaparza\u0107, na chwil\u0119 pomy\u015blisz o swojej pra-pra-pra-babci\u2026<br \/>\nKt\u00f3ra kiedy\u015b, gdzie\u015b, mo\u017ce przy piecu kaflowym albo w czajowarze, parzy\u0142a dla swojej rodziny gor\u0105cy, wspieraj\u0105cy wywar. Kiedy\u015b my b\u0119dziemy pra-pra-pra-\u2026. I kto wie, mo\u017ce te\u017c kto\u015b nas ciep\u0142o wspomni.<\/p>\n<h3>Co znajdziesz w aromatycznej herbacie Czterech Alchemik\u00f3w\u00ae?<\/h3>\n<p>Herbatka Czterech Alchemik\u00f3w\u00ae zawiera <strong>kwiat czarnego bzu, imbir, mi\u0119t\u0119 pieprzow\u0105, kt\u00f3re pomagaj\u0105 w prawid\u0142owym funkcjonowaniu uk\u0142adu odporno\u015bciowego<\/strong>. W sk\u0142adzie wyst\u0119puje r\u00f3wnie\u017c <strong>cynamon oraz go\u017adziki, kt\u00f3re wspomagaj\u0105 w utrzymaniu zdrowia g\u00f3rnych dr\u00f3g oddechowych.<\/strong><\/p>\n<p>Wszystkie zio\u0142a oraz przyprawy pochodz\u0105 z upraw ekologicznych.<\/p>\n<h3>Jak pi\u0107 herbatk\u0119 zio\u0142ow\u0105 Czterech Alchemik\u00f3w\u00ae?<\/h3>\n<p>1 \u0142y\u017ceczk\u0119 suszu zalej ok. 200 ml wrz\u0105cej wody i trzymaj pod przykryciem przez ok. 5 minut. Wi\u0119cej informacji znajdziesz w sekcji &#8220;Spos\u00f3b u\u017cycia&#8221;.<\/p>\n<p>S\u0142oiczek z herbatk\u0105 Czterech Alchemik\u00f3w\u00ae mo\u017cesz ponownie uzupe\u0142ni\u0107. W naszym sklepie znajdziesz r\u00f3wnie\u017c zapas herbatki o zawarto\u015bci 100 g &#8211; <a href=\"https:\/\/klaudynahebda.pl\/sklep\/herbatka-czterech-alchemikow-zapas\/\" target=\"_blank\" rel=\"noopener\">Herbatka Czterech Alchemik\u00f3w\u00ae (100 g)<\/a><\/p>\n<p>Sprawd\u017a te\u017c pozosta\u0142e receptury z <a href=\"https:\/\/klaudynahebda.pl\/sklep\/seria-czterech-alchemikow\/\">serii Czterech Alchemik\u00f3w.<\/a><\/p>\n<p>&nbsp;<\/p>\n","protected":false},"excerpt":{"rendered":"<h2>Zio\u0142owa herbata Czterech Alchemik\u00f3w\u00ae to:<\/h2>\n<ul>\n<li>mieszanka, z kt\u00f3rej jestem NAPRAWD\u0118 dumna;<\/li>\n<li>po\u0142\u0105czenie tradycyjnego zielarstwa, fantastycznej jako\u015bci sk\u0142adniki oraz wiedzy naukowej;<\/li>\n<li><span class=\"TextRun Highlight SCXW237425961 BCX0\" lang=\"PL-PL\" xml:lang=\"PL-PL\" data-contrast=\"none\"><span class=\"NormalTextRun SCXW237425961 BCX0\">Tw\u00f3j zio\u0142owy as w r\u0119kawie &#8211; <strong>kiedy nie ma<\/strong><\/span><strong><span class=\"NormalTextRun SCXW237425961 BCX0\">sz<\/span><\/strong><span class=\"NormalTextRun SCXW237425961 BCX0\"><strong> czasu na eksperymenty<\/strong>, <\/span><span class=\"NormalTextRun SCXW237425961 BCX0\">si\u0119gasz<\/span><span class=\"NormalTextRun SCXW237425961 BCX0\"> po to, co sprawdzone;<\/span><\/span><\/li>\n<li>moja pierwsza mieszanka zio\u0142owa z ekologicznych upraw, w kt\u00f3rej znajdziesz prawdziwe gwiazdy zielarstwa, m.in.\u00a0<strong>kwiat czarnego bzu, imbir, mi\u0119t\u0119 pieprzow\u0105, kt\u00f3re pomagaj\u0105 w prawid\u0142owym funkcjonowaniu uk\u0142adu odporno\u015bciowego, <\/strong>a tak\u017ce\u00a0<strong>cynamon oraz go\u017adziki, kt\u00f3re wspomagaj\u0105 w utrzymaniu zdrowia g\u00f3rnych dr\u00f3g oddechowych.<\/strong><\/li>\n<\/ul>\n<p><strong>To nie magia! To moc zi\u00f3\u0142!<\/strong><\/p>\n","protected":false},"featured_media":3224181,"comment_status":"open","ping_status":"closed","template":"","meta":[],"product_cat":[246,244,238,131,129,190,118],"product_tag":[],"acf":[],"yoast_head":"<!-- This site is optimized with the Yoast SEO plugin v19.6.1 - https:\/\/yoast.com\/wordpress\/plugins\/seo\/ -->\n<title>CZTERECH ALCHEMIK\u00d3W\u00ae - suplement diety w formie herbatki [50 g] - Klaudyna Hebda Nature<\/title>\n<meta name=\"description\" content=\"Herbata na bazie polskich zi\u00f3\u0142, lecz z dodatkiem korzennych i rozgrzewaj\u0105cych serce przypraw. Pyszna w smaku, dobroczynna dla Twojego samopoczucia.\" \/>\n<meta name=\"robots\" content=\"index, follow, max-snippet:-1, max-image-preview:large, max-video-preview:-1\" \/>\n<link rel=\"canonical\" href=\"https:\/\/klaudynahebda.pl\/sklep\/herbata-czterech-alchemikow\/\" \/>\n<meta property=\"og:locale\" content=\"pl_PL\" \/>\n<meta property=\"og:type\" content=\"article\" \/>\n<meta property=\"og:title\" content=\"CZTERECH ALCHEMIK\u00d3W\u00ae - suplement diety w formie herbatki [50 g] - Klaudyna Hebda Nature\" \/>\n<meta property=\"og:description\" content=\"Herbata na bazie polskich zi\u00f3\u0142, lecz z dodatkiem korzennych i rozgrzewaj\u0105cych serce przypraw. Pyszna w smaku, dobroczynna dla Twojego samopoczucia.\" \/>\n<meta property=\"og:url\" content=\"https:\/\/klaudynahebda.pl\/sklep\/herbata-czterech-alchemikow\/\" \/>\n<meta property=\"og:site_name\" content=\"Klaudyna Hebda Nature\" \/>\n<meta property=\"article:modified_time\" content=\"2026-04-06T09:02:32+00:00\" \/>\n<meta property=\"og:image\" content=\"https:\/\/klaudynahebda.pl\/sklep\/wp-content\/uploads\/2021\/10\/6.jpg\" \/>\n\t<meta property=\"og:image:width\" content=\"1020\" \/>\n\t<meta property=\"og:image:height\" content=\"1530\" \/>\n\t<meta property=\"og:image:type\" content=\"image\/jpeg\" \/>\n<meta name=\"twitter:card\" content=\"summary_large_image\" \/>\n<meta name=\"twitter:label1\" content=\"Szacowany czas czytania\" \/>\n\t<meta name=\"twitter:data1\" content=\"2 minuty\" \/>\n<script type=\"application\/ld+json\" class=\"yoast-schema-graph\">{\"@context\":\"https:\/\/schema.org\",\"@graph\":[{\"@type\":\"WebPage\",\"@id\":\"https:\/\/klaudynahebda.pl\/sklep\/herbata-czterech-alchemikow\/\",\"url\":\"https:\/\/klaudynahebda.pl\/sklep\/herbata-czterech-alchemikow\/\",\"name\":\"CZTERECH ALCHEMIK\u00d3W\u00ae - suplement diety w formie herbatki [50 g] - Klaudyna Hebda Nature\",\"isPartOf\":{\"@id\":\"https:\/\/klaudynahebda.pl\/sklep\/#website\"},\"datePublished\":\"2021-10-19T09:39:58+00:00\",\"dateModified\":\"2026-04-06T09:02:32+00:00\",\"description\":\"Herbata na bazie polskich zi\u00f3\u0142, lecz z dodatkiem korzennych i rozgrzewaj\u0105cych serce przypraw. Pyszna w smaku, dobroczynna dla Twojego samopoczucia.\",\"breadcrumb\":{\"@id\":\"https:\/\/klaudynahebda.pl\/sklep\/herbata-czterech-alchemikow\/#breadcrumb\"},\"inLanguage\":\"pl-PL\",\"potentialAction\":[{\"@type\":\"ReadAction\",\"target\":[\"https:\/\/klaudynahebda.pl\/sklep\/herbata-czterech-alchemikow\/\"]}]},{\"@type\":\"BreadcrumbList\",\"@id\":\"https:\/\/klaudynahebda.pl\/sklep\/herbata-czterech-alchemikow\/#breadcrumb\",\"itemListElement\":[{\"@type\":\"ListItem\",\"position\":1,\"name\":\"Strona g\u0142\u00f3wna\",\"item\":\"https:\/\/klaudynahebda.pl\/sklep\/\"},{\"@type\":\"ListItem\",\"position\":2,\"name\":\"Sklep\",\"item\":\"https:\/\/klaudynahebda.pl\/sklep\/sklep\/\"},{\"@type\":\"ListItem\",\"position\":3,\"name\":\"Herbaty zio\u0142owe z olejkami\",\"item\":\"https:\/\/klaudynahebda.pl\/sklep\/herbaty\/\"},{\"@type\":\"ListItem\",\"position\":4,\"name\":\"CZTERECH ALCHEMIK\u00d3W\u00ae &#8211; suplement diety w formie herbatki [50 g]\"}]},{\"@type\":\"WebSite\",\"@id\":\"https:\/\/klaudynahebda.pl\/sklep\/#website\",\"url\":\"https:\/\/klaudynahebda.pl\/sklep\/\",\"name\":\"Klaudyna Hebda Nature\",\"description\":\"Sklep\",\"publisher\":{\"@id\":\"https:\/\/klaudynahebda.pl\/sklep\/#organization\"},\"potentialAction\":[{\"@type\":\"SearchAction\",\"target\":{\"@type\":\"EntryPoint\",\"urlTemplate\":\"https:\/\/klaudynahebda.pl\/sklep\/?s={search_term_string}\"},\"query-input\":\"required name=search_term_string\"}],\"inLanguage\":\"pl-PL\"},{\"@type\":\"Organization\",\"@id\":\"https:\/\/klaudynahebda.pl\/sklep\/#organization\",\"name\":\"KlaudynaHebda\",\"url\":\"https:\/\/klaudynahebda.pl\/sklep\/\",\"sameAs\":[],\"logo\":{\"@type\":\"ImageObject\",\"inLanguage\":\"pl-PL\",\"@id\":\"https:\/\/klaudynahebda.pl\/sklep\/#\/schema\/logo\/image\/\",\"url\":\"\",\"contentUrl\":\"\",\"caption\":\"KlaudynaHebda\"},\"image\":{\"@id\":\"https:\/\/klaudynahebda.pl\/sklep\/#\/schema\/logo\/image\/\"}}]}<\/script>\n<!-- \/ Yoast SEO plugin. -->","yoast_head_json":{"title":"CZTERECH ALCHEMIK\u00d3W\u00ae - suplement diety w formie herbatki [50 g] - Klaudyna Hebda Nature","description":"Herbata na bazie polskich zi\u00f3\u0142, lecz z dodatkiem korzennych i rozgrzewaj\u0105cych serce przypraw. Pyszna w smaku, dobroczynna dla Twojego samopoczucia.","robots":{"index":"index","follow":"follow","max-snippet":"max-snippet:-1","max-image-preview":"max-image-preview:large","max-video-preview":"max-video-preview:-1"},"canonical":"https:\/\/klaudynahebda.pl\/sklep\/herbata-czterech-alchemikow\/","og_locale":"pl_PL","og_type":"article","og_title":"CZTERECH ALCHEMIK\u00d3W\u00ae - suplement diety w formie herbatki [50 g] - Klaudyna Hebda Nature","og_description":"Herbata na bazie polskich zi\u00f3\u0142, lecz z dodatkiem korzennych i rozgrzewaj\u0105cych serce przypraw. Pyszna w smaku, dobroczynna dla Twojego samopoczucia.","og_url":"https:\/\/klaudynahebda.pl\/sklep\/herbata-czterech-alchemikow\/","og_site_name":"Klaudyna Hebda Nature","article_modified_time":"2026-04-06T09:02:32+00:00","og_image":[{"width":1020,"height":1530,"url":"https:\/\/klaudynahebda.pl\/sklep\/wp-content\/uploads\/2021\/10\/6.jpg","type":"image\/jpeg"}],"twitter_card":"summary_large_image","twitter_misc":{"Szacowany czas czytania":"2 minuty"},"schema":{"@context":"https:\/\/schema.org","@graph":[{"@type":"WebPage","@id":"https:\/\/klaudynahebda.pl\/sklep\/herbata-czterech-alchemikow\/","url":"https:\/\/klaudynahebda.pl\/sklep\/herbata-czterech-alchemikow\/","name":"CZTERECH ALCHEMIK\u00d3W\u00ae - suplement diety w formie herbatki [50 g] - Klaudyna Hebda Nature","isPartOf":{"@id":"https:\/\/klaudynahebda.pl\/sklep\/#website"},"datePublished":"2021-10-19T09:39:58+00:00","dateModified":"2026-04-06T09:02:32+00:00","description":"Herbata na bazie polskich zi\u00f3\u0142, lecz z dodatkiem korzennych i rozgrzewaj\u0105cych serce przypraw. Pyszna w smaku, dobroczynna dla Twojego samopoczucia.","breadcrumb":{"@id":"https:\/\/klaudynahebda.pl\/sklep\/herbata-czterech-alchemikow\/#breadcrumb"},"inLanguage":"pl-PL","potentialAction":[{"@type":"ReadAction","target":["https:\/\/klaudynahebda.pl\/sklep\/herbata-czterech-alchemikow\/"]}]},{"@type":"BreadcrumbList","@id":"https:\/\/klaudynahebda.pl\/sklep\/herbata-czterech-alchemikow\/#breadcrumb","itemListElement":[{"@type":"ListItem","position":1,"name":"Strona g\u0142\u00f3wna","item":"https:\/\/klaudynahebda.pl\/sklep\/"},{"@type":"ListItem","position":2,"name":"Sklep","item":"https:\/\/klaudynahebda.pl\/sklep\/sklep\/"},{"@type":"ListItem","position":3,"name":"Herbaty zio\u0142owe z olejkami","item":"https:\/\/klaudynahebda.pl\/sklep\/herbaty\/"},{"@type":"ListItem","position":4,"name":"CZTERECH ALCHEMIK\u00d3W\u00ae &#8211; suplement diety w formie herbatki [50 g]"}]},{"@type":"WebSite","@id":"https:\/\/klaudynahebda.pl\/sklep\/#website","url":"https:\/\/klaudynahebda.pl\/sklep\/","name":"Klaudyna Hebda Nature","description":"Sklep","publisher":{"@id":"https:\/\/klaudynahebda.pl\/sklep\/#organization"},"potentialAction":[{"@type":"SearchAction","target":{"@type":"EntryPoint","urlTemplate":"https:\/\/klaudynahebda.pl\/sklep\/?s={search_term_string}"},"query-input":"required name=search_term_string"}],"inLanguage":"pl-PL"},{"@type":"Organization","@id":"https:\/\/klaudynahebda.pl\/sklep\/#organization","name":"KlaudynaHebda","url":"https:\/\/klaudynahebda.pl\/sklep\/","sameAs":[],"logo":{"@type":"ImageObject","inLanguage":"pl-PL","@id":"https:\/\/klaudynahebda.pl\/sklep\/#\/schema\/logo\/image\/","url":"","contentUrl":"","caption":"KlaudynaHebda"},"image":{"@id":"https:\/\/klaudynahebda.pl\/sklep\/#\/schema\/logo\/image\/"}}]}},"_links":{"self":[{"href":"https:\/\/klaudynahebda.pl\/sklep\/wp-json\/wp\/v2\/product\/206212"}],"collection":[{"href":"https:\/\/klaudynahebda.pl\/sklep\/wp-json\/wp\/v2\/product"}],"about":[{"href":"https:\/\/klaudynahebda.pl\/sklep\/wp-json\/wp\/v2\/types\/product"}],"replies":[{"embeddable":true,"href":"https:\/\/klaudynahebda.pl\/sklep\/wp-json\/wp\/v2\/comments?post=206212"}],"wp:featuredmedia":[{"embeddable":true,"href":"https:\/\/klaudynahebda.pl\/sklep\/wp-json\/wp\/v2\/media\/3224181"}],"wp:attachment":[{"href":"https:\/\/klaudynahebda.pl\/sklep\/wp-json\/wp\/v2\/media?parent=206212"}],"wp:term":[{"taxonomy":"product_cat","embeddable":true,"href":"https:\/\/klaudynahebda.pl\/sklep\/wp-json\/wp\/v2\/product_cat?post=206212"},{"taxonomy":"product_tag","embeddable":true,"href":"https:\/\/klaudynahebda.pl\/sklep\/wp-json\/wp\/v2\/product_tag?post=206212"}],"curies":[{"name":"wp","href":"https:\/\/api.w.org\/{rel}","templated":true}]}}