{"id":182822,"date":"2021-09-08T10:23:09","date_gmt":"2021-09-08T08:23:09","guid":{"rendered":"https:\/\/klaudynahebda.pl\/sklep\/?post_type=product&#038;p=182822"},"modified":"2026-04-10T13:53:55","modified_gmt":"2026-04-10T11:53:55","slug":"maslo-czterech-alchemikow","status":"publish","type":"product","link":"https:\/\/klaudynahebda.pl\/sklep\/maslo-czterech-alchemikow\/","title":{"rendered":"Mas\u0142o Czterech Alchemik\u00f3w\u00ae"},"content":{"rendered":"<h2><strong>Dlaczego warto wybra\u0107 naturalne mas\u0142o do cia\u0142a?<\/strong><\/h2>\n<p>Bo mocno uzale\u017cnia, natychmiastowo zwi\u0119kszaj\u0105c poziom endorfin! Si\u0119gaj po nie zawsze, kiedy najdzie Ci\u0119 na to ochota. Najlepiej dzia\u0142a w po\u0142\u0105czeniu z gor\u0105cym kakao, dobr\u0105 ksi\u0105\u017ck\u0105 czy ulubionym serialem. Przed posmarowaniem rozgrzej niewielk\u0105 ilo\u015b\u0107 w d\u0142oniach, \u017ceby jeszcze lepiej si\u0119 wch\u0142on\u0105\u0142. Musisz by\u0107 twarda, bo chocia\u017c wygl\u0105da jak apetyczny mus z mango, absolutnie nie nadaje si\u0119 do podjadania podczas smarowania<\/p>\n<p>Uwaga! U\u017cywaj\u0105c Mas\u0142a Czterech Alchemik\u00f3w\u00ae, przygotuj si\u0119 psychicznie na pytania: &#8220;Co tak \u0142adnie pachnie?&#8221; oraz &#8220;Czy mog\u0119 si\u0119 na chwilk\u0119 przytuli\u0107?&#8221;.<\/p>\n<p>Z powodu u\u017cycia najwy\u017cszej jako\u015bci sk\u0142adnik\u00f3w,<b>\u00a0mase\u0142ko mo\u017ce pozostawi\u0107 na sk\u00f3rze delikatny, pomara\u0144czowy kolor.<\/b> Nabieraj go NAPRAWD\u0118 ma\u0142o, to w zupe\u0142no\u015bci wystarczy, \u017ceby o siebie zadba\u0107.<\/p>\n<p>&nbsp;<\/p>\n<p>\ud83d\udc49 Sprawd\u017a te\u017c inne formu\u0142y z<a href=\"https:\/\/klaudynahebda.pl\/sklep\/seria-czterech-alchemikow\/\"> serii Czterech Alchemik\u00f3w\u00ae.<\/a><\/p>\n","protected":false},"excerpt":{"rendered":"<h2>Mas\u0142o do cia\u0142a Czterech Alchemik\u00f3w\u00ae\u00a0to:<\/h2>\n<ul>\n<li><b>najbardziej s\u0142oneczne mase\u0142ko \u015bwiata<\/b>, kt\u00f3rego urokowi nie da si\u0119 oprze\u0107;<\/li>\n<li>prawdziwe ciep\u0142o i szcz\u0119\u015bcie zamkni\u0119te w s\u0142oiku, stworzone z najbardziej udanego trio \u015bwiata \u2013 orze\u017awiaj\u0105cej pomara\u0144czy, nietuzinkowego kardamonu i szczypty zimowego cynamonu.<\/li>\n<li>korzenne mas\u0142o, idealne na wieczory po ci\u0119\u017ckim dniu, kiedy nie masz na nic si\u0142y \u2013<b> nasze mase\u0142ko przeniesie Ci\u0119 wprost na pole pe\u0142ne s\u0142onecznik\u00f3w.<\/b><\/li>\n<\/ul>\n<p>Odwa\u017c si\u0119 straci\u0107 dla niego g\u0142ow\u0119!<\/p>\n","protected":false},"featured_media":3409739,"comment_status":"open","ping_status":"closed","template":"","meta":[],"product_cat":[229,130,47,129],"product_tag":[],"acf":[],"yoast_head":"<!-- This site is optimized with the Yoast SEO plugin v19.6.1 - https:\/\/yoast.com\/wordpress\/plugins\/seo\/ -->\n<title>Mas\u0142o Czterech Alchemik\u00f3w\u00ae - Klaudyna Hebda Nature<\/title>\n<meta name=\"description\" content=\"To korzenne mas\u0142o do cia\u0142a, dla kt\u00f3rego stracisz g\u0142ow\u0119! W 100% naturalne i z dodatkiem olejk\u00f3w eterycznych z pomara\u0144czy, cynamonu oraz kardamonu.\" \/>\n<meta name=\"robots\" content=\"index, follow, max-snippet:-1, max-image-preview:large, max-video-preview:-1\" \/>\n<link rel=\"canonical\" href=\"https:\/\/klaudynahebda.pl\/sklep\/maslo-czterech-alchemikow\/\" \/>\n<meta property=\"og:locale\" content=\"pl_PL\" \/>\n<meta property=\"og:type\" content=\"article\" \/>\n<meta property=\"og:title\" content=\"Mas\u0142o Czterech Alchemik\u00f3w\u00ae - Klaudyna Hebda Nature\" \/>\n<meta property=\"og:description\" content=\"To korzenne mas\u0142o do cia\u0142a, dla kt\u00f3rego stracisz g\u0142ow\u0119! W 100% naturalne i z dodatkiem olejk\u00f3w eterycznych z pomara\u0144czy, cynamonu oraz kardamonu.\" \/>\n<meta property=\"og:url\" content=\"https:\/\/klaudynahebda.pl\/sklep\/maslo-czterech-alchemikow\/\" \/>\n<meta property=\"og:site_name\" content=\"Klaudyna Hebda Nature\" \/>\n<meta property=\"article:modified_time\" content=\"2026-04-10T11:53:55+00:00\" \/>\n<meta property=\"og:image\" content=\"https:\/\/klaudynahebda.pl\/sklep\/wp-content\/uploads\/2021\/09\/maslo-czterech-alchemikow-klaudyna-hebda-180ml.webp\" \/>\n\t<meta property=\"og:image:width\" content=\"844\" \/>\n\t<meta property=\"og:image:height\" content=\"1152\" \/>\n\t<meta property=\"og:image:type\" content=\"image\/webp\" \/>\n<meta name=\"twitter:card\" content=\"summary_large_image\" \/>\n<meta name=\"twitter:label1\" content=\"Szacowany czas czytania\" \/>\n\t<meta name=\"twitter:data1\" content=\"1 minuta\" \/>\n<script type=\"application\/ld+json\" class=\"yoast-schema-graph\">{\"@context\":\"https:\/\/schema.org\",\"@graph\":[{\"@type\":\"WebPage\",\"@id\":\"https:\/\/klaudynahebda.pl\/sklep\/maslo-czterech-alchemikow\/\",\"url\":\"https:\/\/klaudynahebda.pl\/sklep\/maslo-czterech-alchemikow\/\",\"name\":\"Mas\u0142o Czterech Alchemik\u00f3w\u00ae - Klaudyna Hebda Nature\",\"isPartOf\":{\"@id\":\"https:\/\/klaudynahebda.pl\/sklep\/#website\"},\"datePublished\":\"2021-09-08T08:23:09+00:00\",\"dateModified\":\"2026-04-10T11:53:55+00:00\",\"description\":\"To korzenne mas\u0142o do cia\u0142a, dla kt\u00f3rego stracisz g\u0142ow\u0119! W 100% naturalne i z dodatkiem olejk\u00f3w eterycznych z pomara\u0144czy, cynamonu oraz kardamonu.\",\"breadcrumb\":{\"@id\":\"https:\/\/klaudynahebda.pl\/sklep\/maslo-czterech-alchemikow\/#breadcrumb\"},\"inLanguage\":\"pl-PL\",\"potentialAction\":[{\"@type\":\"ReadAction\",\"target\":[\"https:\/\/klaudynahebda.pl\/sklep\/maslo-czterech-alchemikow\/\"]}]},{\"@type\":\"BreadcrumbList\",\"@id\":\"https:\/\/klaudynahebda.pl\/sklep\/maslo-czterech-alchemikow\/#breadcrumb\",\"itemListElement\":[{\"@type\":\"ListItem\",\"position\":1,\"name\":\"Strona g\u0142\u00f3wna\",\"item\":\"https:\/\/klaudynahebda.pl\/sklep\/\"},{\"@type\":\"ListItem\",\"position\":2,\"name\":\"Sklep\",\"item\":\"https:\/\/klaudynahebda.pl\/sklep\/sklep\/\"},{\"@type\":\"ListItem\",\"position\":3,\"name\":\"Kosmetyki naturalne\",\"item\":\"https:\/\/klaudynahebda.pl\/sklep\/kosmetyki-naturalne\/\"},{\"@type\":\"ListItem\",\"position\":4,\"name\":\"Mas\u0142o Czterech Alchemik\u00f3w\u00ae\"}]},{\"@type\":\"WebSite\",\"@id\":\"https:\/\/klaudynahebda.pl\/sklep\/#website\",\"url\":\"https:\/\/klaudynahebda.pl\/sklep\/\",\"name\":\"Klaudyna Hebda Nature\",\"description\":\"Sklep\",\"publisher\":{\"@id\":\"https:\/\/klaudynahebda.pl\/sklep\/#organization\"},\"potentialAction\":[{\"@type\":\"SearchAction\",\"target\":{\"@type\":\"EntryPoint\",\"urlTemplate\":\"https:\/\/klaudynahebda.pl\/sklep\/?s={search_term_string}\"},\"query-input\":\"required name=search_term_string\"}],\"inLanguage\":\"pl-PL\"},{\"@type\":\"Organization\",\"@id\":\"https:\/\/klaudynahebda.pl\/sklep\/#organization\",\"name\":\"KlaudynaHebda\",\"url\":\"https:\/\/klaudynahebda.pl\/sklep\/\",\"sameAs\":[],\"logo\":{\"@type\":\"ImageObject\",\"inLanguage\":\"pl-PL\",\"@id\":\"https:\/\/klaudynahebda.pl\/sklep\/#\/schema\/logo\/image\/\",\"url\":\"\",\"contentUrl\":\"\",\"caption\":\"KlaudynaHebda\"},\"image\":{\"@id\":\"https:\/\/klaudynahebda.pl\/sklep\/#\/schema\/logo\/image\/\"}}]}<\/script>\n<!-- \/ Yoast SEO plugin. -->","yoast_head_json":{"title":"Mas\u0142o Czterech Alchemik\u00f3w\u00ae - Klaudyna Hebda Nature","description":"To korzenne mas\u0142o do cia\u0142a, dla kt\u00f3rego stracisz g\u0142ow\u0119! W 100% naturalne i z dodatkiem olejk\u00f3w eterycznych z pomara\u0144czy, cynamonu oraz kardamonu.","robots":{"index":"index","follow":"follow","max-snippet":"max-snippet:-1","max-image-preview":"max-image-preview:large","max-video-preview":"max-video-preview:-1"},"canonical":"https:\/\/klaudynahebda.pl\/sklep\/maslo-czterech-alchemikow\/","og_locale":"pl_PL","og_type":"article","og_title":"Mas\u0142o Czterech Alchemik\u00f3w\u00ae - Klaudyna Hebda Nature","og_description":"To korzenne mas\u0142o do cia\u0142a, dla kt\u00f3rego stracisz g\u0142ow\u0119! W 100% naturalne i z dodatkiem olejk\u00f3w eterycznych z pomara\u0144czy, cynamonu oraz kardamonu.","og_url":"https:\/\/klaudynahebda.pl\/sklep\/maslo-czterech-alchemikow\/","og_site_name":"Klaudyna Hebda Nature","article_modified_time":"2026-04-10T11:53:55+00:00","og_image":[{"width":844,"height":1152,"url":"https:\/\/klaudynahebda.pl\/sklep\/wp-content\/uploads\/2021\/09\/maslo-czterech-alchemikow-klaudyna-hebda-180ml.webp","type":"image\/webp"}],"twitter_card":"summary_large_image","twitter_misc":{"Szacowany czas czytania":"1 minuta"},"schema":{"@context":"https:\/\/schema.org","@graph":[{"@type":"WebPage","@id":"https:\/\/klaudynahebda.pl\/sklep\/maslo-czterech-alchemikow\/","url":"https:\/\/klaudynahebda.pl\/sklep\/maslo-czterech-alchemikow\/","name":"Mas\u0142o Czterech Alchemik\u00f3w\u00ae - Klaudyna Hebda Nature","isPartOf":{"@id":"https:\/\/klaudynahebda.pl\/sklep\/#website"},"datePublished":"2021-09-08T08:23:09+00:00","dateModified":"2026-04-10T11:53:55+00:00","description":"To korzenne mas\u0142o do cia\u0142a, dla kt\u00f3rego stracisz g\u0142ow\u0119! W 100% naturalne i z dodatkiem olejk\u00f3w eterycznych z pomara\u0144czy, cynamonu oraz kardamonu.","breadcrumb":{"@id":"https:\/\/klaudynahebda.pl\/sklep\/maslo-czterech-alchemikow\/#breadcrumb"},"inLanguage":"pl-PL","potentialAction":[{"@type":"ReadAction","target":["https:\/\/klaudynahebda.pl\/sklep\/maslo-czterech-alchemikow\/"]}]},{"@type":"BreadcrumbList","@id":"https:\/\/klaudynahebda.pl\/sklep\/maslo-czterech-alchemikow\/#breadcrumb","itemListElement":[{"@type":"ListItem","position":1,"name":"Strona g\u0142\u00f3wna","item":"https:\/\/klaudynahebda.pl\/sklep\/"},{"@type":"ListItem","position":2,"name":"Sklep","item":"https:\/\/klaudynahebda.pl\/sklep\/sklep\/"},{"@type":"ListItem","position":3,"name":"Kosmetyki naturalne","item":"https:\/\/klaudynahebda.pl\/sklep\/kosmetyki-naturalne\/"},{"@type":"ListItem","position":4,"name":"Mas\u0142o Czterech Alchemik\u00f3w\u00ae"}]},{"@type":"WebSite","@id":"https:\/\/klaudynahebda.pl\/sklep\/#website","url":"https:\/\/klaudynahebda.pl\/sklep\/","name":"Klaudyna Hebda Nature","description":"Sklep","publisher":{"@id":"https:\/\/klaudynahebda.pl\/sklep\/#organization"},"potentialAction":[{"@type":"SearchAction","target":{"@type":"EntryPoint","urlTemplate":"https:\/\/klaudynahebda.pl\/sklep\/?s={search_term_string}"},"query-input":"required name=search_term_string"}],"inLanguage":"pl-PL"},{"@type":"Organization","@id":"https:\/\/klaudynahebda.pl\/sklep\/#organization","name":"KlaudynaHebda","url":"https:\/\/klaudynahebda.pl\/sklep\/","sameAs":[],"logo":{"@type":"ImageObject","inLanguage":"pl-PL","@id":"https:\/\/klaudynahebda.pl\/sklep\/#\/schema\/logo\/image\/","url":"","contentUrl":"","caption":"KlaudynaHebda"},"image":{"@id":"https:\/\/klaudynahebda.pl\/sklep\/#\/schema\/logo\/image\/"}}]}},"_links":{"self":[{"href":"https:\/\/klaudynahebda.pl\/sklep\/wp-json\/wp\/v2\/product\/182822"}],"collection":[{"href":"https:\/\/klaudynahebda.pl\/sklep\/wp-json\/wp\/v2\/product"}],"about":[{"href":"https:\/\/klaudynahebda.pl\/sklep\/wp-json\/wp\/v2\/types\/product"}],"replies":[{"embeddable":true,"href":"https:\/\/klaudynahebda.pl\/sklep\/wp-json\/wp\/v2\/comments?post=182822"}],"wp:featuredmedia":[{"embeddable":true,"href":"https:\/\/klaudynahebda.pl\/sklep\/wp-json\/wp\/v2\/media\/3409739"}],"wp:attachment":[{"href":"https:\/\/klaudynahebda.pl\/sklep\/wp-json\/wp\/v2\/media?parent=182822"}],"wp:term":[{"taxonomy":"product_cat","embeddable":true,"href":"https:\/\/klaudynahebda.pl\/sklep\/wp-json\/wp\/v2\/product_cat?post=182822"},{"taxonomy":"product_tag","embeddable":true,"href":"https:\/\/klaudynahebda.pl\/sklep\/wp-json\/wp\/v2\/product_tag?post=182822"}],"curies":[{"name":"wp","href":"https:\/\/api.w.org\/{rel}","templated":true}]}}