{"id":1801068,"date":"2023-05-15T17:08:07","date_gmt":"2023-05-15T15:08:07","guid":{"rendered":"https:\/\/klaudynahebda.pl\/sklep\/?post_type=product&#038;p=1801068"},"modified":"2026-04-10T13:38:37","modified_gmt":"2026-04-10T11:38:37","slug":"zestaw-spacerowa-41-gratis","status":"publish","type":"product","link":"https:\/\/klaudynahebda.pl\/sklep\/zestaw-spacerowa-41-gratis\/","title":{"rendered":"Zestaw Spacerowa 4+1 Gratis"},"content":{"rendered":"<h2><strong>Wiemy, jak to jest&#8230; Dlatego jest Mieszanka Spacerowa (i to w zestawie)<\/strong><\/h2>\n<p>Wiemy, jak to jest, kiedy chcesz pokazywa\u0107 dzieciom pi\u0119kno natury, a jednocze\u015bnie masz \u015bwiadomo\u015b\u0107, <strong>\u017ce &#8220;mali, nieproszeni go\u015bcie&#8221; \u00a0<\/strong>mog\u0105 skutecznie utrudni\u0107 Wam cieszenie si\u0119 z przebywania na \u015bwie\u017cym powietrzu. Wiemy, jak to jest, kiedy patrz\u0105c na biegn\u0105ce przez \u0142\u0105k\u0119 dziecko, masz z ty\u0142u g\u0142owy \u2018\u2019musz\u0119 je w domu dok\u0142adnie obejrze\u0107\u2019\u2019.<\/p>\n<p>Wiemy, jak to jest&#8230; i dlatego kilka lat temu \u0142\u0105cz\u0105c wiedz\u0119 zielarsk\u0105 z badaniami naukowymi, stworzyli\u015bmy mieszank\u0119 Spacerow\u0105. Znana do niedawna pod inn\u0105 nazw\u0105, codziennie pomaga rodzicom nareszcie odetchn\u0105\u0107 i cieszy\u0107 si\u0119 spacerem. Spryskaj ni\u0105 miejsca, takie jak ko\u0142nierzyk czy nogawki<strong> i do\u0142\u0105cz do kilku tysi\u0119cy rodzin, kt\u00f3re sprawdzi\u0142y na sobie i swoich rodzinach skuteczno\u015b\u0107 tej mieszanki. <\/strong><\/p>\n<p>Receptura nadaje si\u0119 do u\u017cycia powy\u017cej 3. roku \u017cycia.<\/p>\n<p>Przeznaczona jest wy\u0142\u0105cznie dla ludzi, a nie domowych zwierz\u0105t.<\/p>\n<p>&nbsp;<\/p>\n<p>\ud83d\udc49 Sprawd\u017a te\u017c inne <a href=\"https:\/\/klaudynahebda.pl\/sklep\/olejki-kadzidlowe-frankincense-olibanum\/\">spraye z olejkami eterycznymi<\/a>.<\/p>\n","protected":false},"excerpt":{"rendered":"<h2><strong>Zestaw Spacerowa 4+1 GRATIS to:<\/strong><\/h2>\n<ul>\n<li>kompozycja z naturalnymi <strong>olejkami eterycznymi<\/strong> dobranymi specjalnie z my\u015bl\u0105 o aktywno\u015bciach na \u015bwie\u017cym powietrzu;<\/li>\n<li><strong>autorska receptura<\/strong> aromaterapeutki klinicznej i zielarki z wieloletnim do\u015bwiadczeniem;<\/li>\n<li>zestaw <strong>dla prawdziwych \u0142owc\u00f3w g\u00f3rskich przyg\u00f3d<\/strong>, a tak\u017ce le\u015bnych i \u0142\u0105kowych spacer\u00f3w;<\/li>\n<li>prawdziwa okazja dla du\u017cych rodzin i os\u00f3b uzale\u017cnionych od ponadprzeci\u0119tnej dawki przyrody &#8211; <strong>bierzesz 5 butelek Spacerowej, a p\u0142acisz tylko za 4!<\/strong><\/li>\n<li>Tw\u00f3j <strong>spok\u00f3j<\/strong> o siebie i najbli\u017cszych, nie tylko w sezonie wiosenno-letnim;<\/li>\n<li>Twoja odpowied\u017a na: &#8220;O nie, zapomnieli\u015bmy zabra\u0107 ze sob\u0105 Spacerowej&#8230;&#8221;.<\/li>\n<\/ul>\n","protected":false},"featured_media":1801284,"comment_status":"open","ping_status":"closed","template":"","meta":[],"product_cat":[241,214,111,210,46],"product_tag":[],"acf":[],"yoast_head":"<!-- This site is optimized with the Yoast SEO plugin v19.6.1 - https:\/\/yoast.com\/wordpress\/plugins\/seo\/ -->\n<title>Zestaw Spacerowa 4+1 Gratis - Klaudyna Hebda Nature<\/title>\n<meta name=\"description\" content=\"Zestaw Spacerowa: kup 5 butelek Spacerowej i zap\u0142a\u0107 za 4! Spray z olejkami eterycznymi dla rodzin sp\u0119dzaj\u0105cych czas na \u015bwie\u017cym powietrzu. I masz spok\u00f3j!\" \/>\n<meta name=\"robots\" content=\"index, follow, max-snippet:-1, max-image-preview:large, max-video-preview:-1\" \/>\n<link rel=\"canonical\" href=\"https:\/\/klaudynahebda.pl\/sklep\/zestaw-spacerowa-41-gratis\/\" \/>\n<meta property=\"og:locale\" content=\"pl_PL\" \/>\n<meta property=\"og:type\" content=\"article\" \/>\n<meta property=\"og:title\" content=\"Zestaw Spacerowa 4+1 Gratis - Klaudyna Hebda Nature\" \/>\n<meta property=\"og:description\" content=\"Zestaw Spacerowa: kup 5 butelek Spacerowej i zap\u0142a\u0107 za 4! Spray z olejkami eterycznymi dla rodzin sp\u0119dzaj\u0105cych czas na \u015bwie\u017cym powietrzu. I masz spok\u00f3j!\" \/>\n<meta property=\"og:url\" content=\"https:\/\/klaudynahebda.pl\/sklep\/zestaw-spacerowa-41-gratis\/\" \/>\n<meta property=\"og:site_name\" content=\"Klaudyna Hebda Nature\" \/>\n<meta property=\"article:modified_time\" content=\"2026-04-10T11:38:37+00:00\" \/>\n<meta property=\"og:image\" content=\"https:\/\/klaudynahebda.pl\/sklep\/wp-content\/uploads\/2023\/05\/Spacerowa-41-Gratis.png\" \/>\n\t<meta property=\"og:image:width\" content=\"1200\" \/>\n\t<meta property=\"og:image:height\" content=\"1800\" \/>\n\t<meta property=\"og:image:type\" content=\"image\/png\" \/>\n<meta name=\"twitter:card\" content=\"summary_large_image\" \/>\n<meta name=\"twitter:label1\" content=\"Szacowany czas czytania\" \/>\n\t<meta name=\"twitter:data1\" content=\"1 minuta\" \/>\n<script type=\"application\/ld+json\" class=\"yoast-schema-graph\">{\"@context\":\"https:\/\/schema.org\",\"@graph\":[{\"@type\":\"WebPage\",\"@id\":\"https:\/\/klaudynahebda.pl\/sklep\/zestaw-spacerowa-41-gratis\/\",\"url\":\"https:\/\/klaudynahebda.pl\/sklep\/zestaw-spacerowa-41-gratis\/\",\"name\":\"Zestaw Spacerowa 4+1 Gratis - Klaudyna Hebda Nature\",\"isPartOf\":{\"@id\":\"https:\/\/klaudynahebda.pl\/sklep\/#website\"},\"datePublished\":\"2023-05-15T15:08:07+00:00\",\"dateModified\":\"2026-04-10T11:38:37+00:00\",\"description\":\"Zestaw Spacerowa: kup 5 butelek Spacerowej i zap\u0142a\u0107 za 4! Spray z olejkami eterycznymi dla rodzin sp\u0119dzaj\u0105cych czas na \u015bwie\u017cym powietrzu. I masz spok\u00f3j!\",\"breadcrumb\":{\"@id\":\"https:\/\/klaudynahebda.pl\/sklep\/zestaw-spacerowa-41-gratis\/#breadcrumb\"},\"inLanguage\":\"pl-PL\",\"potentialAction\":[{\"@type\":\"ReadAction\",\"target\":[\"https:\/\/klaudynahebda.pl\/sklep\/zestaw-spacerowa-41-gratis\/\"]}]},{\"@type\":\"BreadcrumbList\",\"@id\":\"https:\/\/klaudynahebda.pl\/sklep\/zestaw-spacerowa-41-gratis\/#breadcrumb\",\"itemListElement\":[{\"@type\":\"ListItem\",\"position\":1,\"name\":\"Strona g\u0142\u00f3wna\",\"item\":\"https:\/\/klaudynahebda.pl\/sklep\/\"},{\"@type\":\"ListItem\",\"position\":2,\"name\":\"Sklep\",\"item\":\"https:\/\/klaudynahebda.pl\/sklep\/sklep\/\"},{\"@type\":\"ListItem\",\"position\":3,\"name\":\"Olejki na kleszcze i komary\",\"item\":\"https:\/\/klaudynahebda.pl\/sklep\/olejki-na-kleszcze-i-komary\/\"},{\"@type\":\"ListItem\",\"position\":4,\"name\":\"Zestaw Spacerowa 4+1 Gratis\"}]},{\"@type\":\"WebSite\",\"@id\":\"https:\/\/klaudynahebda.pl\/sklep\/#website\",\"url\":\"https:\/\/klaudynahebda.pl\/sklep\/\",\"name\":\"Klaudyna Hebda Nature\",\"description\":\"Sklep\",\"publisher\":{\"@id\":\"https:\/\/klaudynahebda.pl\/sklep\/#organization\"},\"potentialAction\":[{\"@type\":\"SearchAction\",\"target\":{\"@type\":\"EntryPoint\",\"urlTemplate\":\"https:\/\/klaudynahebda.pl\/sklep\/?s={search_term_string}\"},\"query-input\":\"required name=search_term_string\"}],\"inLanguage\":\"pl-PL\"},{\"@type\":\"Organization\",\"@id\":\"https:\/\/klaudynahebda.pl\/sklep\/#organization\",\"name\":\"KlaudynaHebda\",\"url\":\"https:\/\/klaudynahebda.pl\/sklep\/\",\"sameAs\":[],\"logo\":{\"@type\":\"ImageObject\",\"inLanguage\":\"pl-PL\",\"@id\":\"https:\/\/klaudynahebda.pl\/sklep\/#\/schema\/logo\/image\/\",\"url\":\"\",\"contentUrl\":\"\",\"caption\":\"KlaudynaHebda\"},\"image\":{\"@id\":\"https:\/\/klaudynahebda.pl\/sklep\/#\/schema\/logo\/image\/\"}}]}<\/script>\n<!-- \/ Yoast SEO plugin. -->","yoast_head_json":{"title":"Zestaw Spacerowa 4+1 Gratis - Klaudyna Hebda Nature","description":"Zestaw Spacerowa: kup 5 butelek Spacerowej i zap\u0142a\u0107 za 4! Spray z olejkami eterycznymi dla rodzin sp\u0119dzaj\u0105cych czas na \u015bwie\u017cym powietrzu. I masz spok\u00f3j!","robots":{"index":"index","follow":"follow","max-snippet":"max-snippet:-1","max-image-preview":"max-image-preview:large","max-video-preview":"max-video-preview:-1"},"canonical":"https:\/\/klaudynahebda.pl\/sklep\/zestaw-spacerowa-41-gratis\/","og_locale":"pl_PL","og_type":"article","og_title":"Zestaw Spacerowa 4+1 Gratis - Klaudyna Hebda Nature","og_description":"Zestaw Spacerowa: kup 5 butelek Spacerowej i zap\u0142a\u0107 za 4! Spray z olejkami eterycznymi dla rodzin sp\u0119dzaj\u0105cych czas na \u015bwie\u017cym powietrzu. I masz spok\u00f3j!","og_url":"https:\/\/klaudynahebda.pl\/sklep\/zestaw-spacerowa-41-gratis\/","og_site_name":"Klaudyna Hebda Nature","article_modified_time":"2026-04-10T11:38:37+00:00","og_image":[{"width":1200,"height":1800,"url":"https:\/\/klaudynahebda.pl\/sklep\/wp-content\/uploads\/2023\/05\/Spacerowa-41-Gratis.png","type":"image\/png"}],"twitter_card":"summary_large_image","twitter_misc":{"Szacowany czas czytania":"1 minuta"},"schema":{"@context":"https:\/\/schema.org","@graph":[{"@type":"WebPage","@id":"https:\/\/klaudynahebda.pl\/sklep\/zestaw-spacerowa-41-gratis\/","url":"https:\/\/klaudynahebda.pl\/sklep\/zestaw-spacerowa-41-gratis\/","name":"Zestaw Spacerowa 4+1 Gratis - Klaudyna Hebda Nature","isPartOf":{"@id":"https:\/\/klaudynahebda.pl\/sklep\/#website"},"datePublished":"2023-05-15T15:08:07+00:00","dateModified":"2026-04-10T11:38:37+00:00","description":"Zestaw Spacerowa: kup 5 butelek Spacerowej i zap\u0142a\u0107 za 4! Spray z olejkami eterycznymi dla rodzin sp\u0119dzaj\u0105cych czas na \u015bwie\u017cym powietrzu. I masz spok\u00f3j!","breadcrumb":{"@id":"https:\/\/klaudynahebda.pl\/sklep\/zestaw-spacerowa-41-gratis\/#breadcrumb"},"inLanguage":"pl-PL","potentialAction":[{"@type":"ReadAction","target":["https:\/\/klaudynahebda.pl\/sklep\/zestaw-spacerowa-41-gratis\/"]}]},{"@type":"BreadcrumbList","@id":"https:\/\/klaudynahebda.pl\/sklep\/zestaw-spacerowa-41-gratis\/#breadcrumb","itemListElement":[{"@type":"ListItem","position":1,"name":"Strona g\u0142\u00f3wna","item":"https:\/\/klaudynahebda.pl\/sklep\/"},{"@type":"ListItem","position":2,"name":"Sklep","item":"https:\/\/klaudynahebda.pl\/sklep\/sklep\/"},{"@type":"ListItem","position":3,"name":"Olejki na kleszcze i komary","item":"https:\/\/klaudynahebda.pl\/sklep\/olejki-na-kleszcze-i-komary\/"},{"@type":"ListItem","position":4,"name":"Zestaw Spacerowa 4+1 Gratis"}]},{"@type":"WebSite","@id":"https:\/\/klaudynahebda.pl\/sklep\/#website","url":"https:\/\/klaudynahebda.pl\/sklep\/","name":"Klaudyna Hebda Nature","description":"Sklep","publisher":{"@id":"https:\/\/klaudynahebda.pl\/sklep\/#organization"},"potentialAction":[{"@type":"SearchAction","target":{"@type":"EntryPoint","urlTemplate":"https:\/\/klaudynahebda.pl\/sklep\/?s={search_term_string}"},"query-input":"required name=search_term_string"}],"inLanguage":"pl-PL"},{"@type":"Organization","@id":"https:\/\/klaudynahebda.pl\/sklep\/#organization","name":"KlaudynaHebda","url":"https:\/\/klaudynahebda.pl\/sklep\/","sameAs":[],"logo":{"@type":"ImageObject","inLanguage":"pl-PL","@id":"https:\/\/klaudynahebda.pl\/sklep\/#\/schema\/logo\/image\/","url":"","contentUrl":"","caption":"KlaudynaHebda"},"image":{"@id":"https:\/\/klaudynahebda.pl\/sklep\/#\/schema\/logo\/image\/"}}]}},"_links":{"self":[{"href":"https:\/\/klaudynahebda.pl\/sklep\/wp-json\/wp\/v2\/product\/1801068"}],"collection":[{"href":"https:\/\/klaudynahebda.pl\/sklep\/wp-json\/wp\/v2\/product"}],"about":[{"href":"https:\/\/klaudynahebda.pl\/sklep\/wp-json\/wp\/v2\/types\/product"}],"replies":[{"embeddable":true,"href":"https:\/\/klaudynahebda.pl\/sklep\/wp-json\/wp\/v2\/comments?post=1801068"}],"wp:featuredmedia":[{"embeddable":true,"href":"https:\/\/klaudynahebda.pl\/sklep\/wp-json\/wp\/v2\/media\/1801284"}],"wp:attachment":[{"href":"https:\/\/klaudynahebda.pl\/sklep\/wp-json\/wp\/v2\/media?parent=1801068"}],"wp:term":[{"taxonomy":"product_cat","embeddable":true,"href":"https:\/\/klaudynahebda.pl\/sklep\/wp-json\/wp\/v2\/product_cat?post=1801068"},{"taxonomy":"product_tag","embeddable":true,"href":"https:\/\/klaudynahebda.pl\/sklep\/wp-json\/wp\/v2\/product_tag?post=1801068"}],"curies":[{"name":"wp","href":"https:\/\/api.w.org\/{rel}","templated":true}]}}