{"id":1779161,"date":"2023-05-09T17:36:06","date_gmt":"2023-05-09T15:36:06","guid":{"rendered":"https:\/\/klaudynahebda.pl\/sklep\/?post_type=product&#038;p=1779161"},"modified":"2026-04-21T16:26:44","modified_gmt":"2026-04-21T14:26:44","slug":"masc-topolowa","status":"publish","type":"product","link":"https:\/\/klaudynahebda.pl\/sklep\/masc-topolowa\/","title":{"rendered":"Ma\u015b\u0107 topolowa z magnezem &#8211; do rozgrzewaj\u0105cego masa\u017cu staw\u00f3w  [50 ml]"},"content":{"rendered":"<h2><span data-contrast=\"auto\">Ma\u015b\u0107 topolowa z magnezem: takiej ma\u015bci jeszcze nie by\u0142o! <\/span><\/h2>\n<p><span data-contrast=\"auto\">Ma\u015b\u0107 topolowa to niezwyk\u0142a<strong> moc nauki i tradycyjnych ro\u015blinnych rozwi\u0105za\u0144<\/strong>, kt\u00f3ra wspiera w zmaganiach z dyskomfortem. Gotowa na natychmiastow\u0105 akcj\u0119, ma\u015b\u0107 topolowa\u00a0 \u0142agodzi nieprzyjemne stany zwi\u0105zane z przem\u0119czeniem i napi\u0119ciem sk\u00f3ry. Zawarte w niej sk\u0142adniki i ekstrakty oferuj\u0105 kompleksowe dzia\u0142anie. o<\/span><\/p>\n<p><span data-contrast=\"auto\">To klucz do redukcji r\u00f3\u017cnych niepo\u017c\u0105danych uci\u0105\u017cliwo\u015bci, daj\u0105c Ci swobod\u0119 korzystania z pe\u0142ni swojego potencja\u0142u.<\/span><span data-ccp-props=\"{&quot;201341983&quot;:0,&quot;335551550&quot;:1,&quot;335551620&quot;:1,&quot;335559739&quot;:200,&quot;335559740&quot;:276,&quot;469777462&quot;:[1210],&quot;469777927&quot;:[0],&quot;469777928&quot;:[1]}\">\u00a0<\/span><\/p>\n<h2>Co wyr\u00f3\u017cnia nasz\u0105 ma\u015b\u0107 topolowo-magnezow\u0105?<\/h2>\n<ul>\n<li><span class=\"OYPEnA text-decoration-none text-strikethrough-none\"><strong>Bogaty sk\u0142ad<\/strong> i a\u017c 15 sk\u0142adnik\u00f3w &#8211; ro\u015blinne ekstrakty, <a href=\"https:\/\/klaudynahebda.pl\/sklep\/zel-magnezowy-hebda-magnez-transdermalny\/\" target=\"_blank\" rel=\"noopener\">\u017cel magnezowy<\/a>, 100% olejki eteryczne: <\/span><span class=\"OYPEnA text-decoration-none text-strikethrough-none\">copaiba, <\/span><span class=\"OYPEnA text-decoration-none text-strikethrough-none\">lawendowy,<\/span><span class=\"OYPEnA text-decoration-none text-strikethrough-none\"> tymiankowy, <\/span><span class=\"OYPEnA text-decoration-none text-strikethrough-none\">z sza\u0142wii muszkato\u0142owej,<\/span><span class=\"OYPEnA text-decoration-none text-strikethrough-none\"> kadzid\u0142owy, <\/span><span class=\"OYPEnA text-decoration-none text-strikethrough-none\">z sosny zwyczajnej.<\/span><\/li>\n<li><span class=\"OYPEnA text-decoration-none text-strikethrough-none\">W ma\u015bci wykorzystano <strong>olej gorczycowy<\/strong> &#8211; zawiera cenne sk\u0142adniki od\u017cywcze, takie jak witamina E i kwasy t\u0142uszczowe omega-3 i omega-6, kt\u00f3re <strong>mog\u0105 korzystnie wp\u0142ywa\u0107 na kondycj\u0119 sk\u00f3ry i w\u0142os\u00f3w.<\/strong><\/span><\/li>\n<li><span class=\"OYPEnA text-decoration-none text-strikethrough-none\"><strong>Bez parafiny i wazeliny &#8211;<\/strong> w ma\u015bci jest za to olej gorczycowy, olej z dziurawca, lanolina, wosk pszczeli.<\/span><\/li>\n<li><strong>3 ro\u015blinne ekstrakty &#8211; z p\u0105k\u00f3w topoli, rozmarynu i dziurawca.<\/strong><\/li>\n<li><span class=\"OYPEnA text-decoration-none text-strikethrough-none\"><strong>Formu\u0142a ma\u015bci z \u017celem magnezowym Zechstein Inside\u00ae\u00a0<\/strong> &#8211; &#8220;magnez w ma\u015bci&#8221;<\/span><span class=\"OYPEnA text-decoration-none text-strikethrough-strikethrough\"> &#8211; dodatkowo wp\u0142ywa na regeneracj\u0119 sk\u00f3ry po zwi\u0119kszonym wysi\u0142ku, wyczerpaniu.<\/span><\/li>\n<li>Daje uczucie<strong> rozgrzania sk\u00f3ry, <\/strong>wi\u0119c warto stosowa\u0107 j\u0105 zimn\u0105 i jesieni\u0105, szczeg\u00f3lnie w miejscach, kt\u00f3re najbardziej potrzebuj\u0105 rozgrzania np. stopy, r\u0119ce.<\/li>\n<li><strong><span class=\"OYPEnA text-decoration-none text-strikethrough-none\">Wszechstronne zastosowanie,<\/span><\/strong><span class=\"OYPEnA text-decoration-none text-strikethrough-none\"> z kt\u00f3rego Ty i Twoi bliscy mog\u0105 korzysta\u0107 zawsze, gdy poczujecie potrzeb\u0119<\/span>.<\/li>\n<li><span class=\"OYPEnA text-decoration-none text-strikethrough-none\"><strong>Tworzy na sk\u00f3rze ochronny film<\/strong>, kt\u00f3ry chroni przed czynnikami zewn\u0119trznymi np. wiatrem.<\/span><\/li>\n<li><span class=\"OYPEnA text-decoration-none text-strikethrough-none\"><strong>W s\u0142oiczku z ciemnego szk\u0142a<\/strong>, a nie w tubce &#8211; nie wycieka po kolejnym u\u017cyciu.<\/span><\/li>\n<\/ul>\n<p><span data-contrast=\"auto\">Wspieraj\u0105c Tw\u00f3j aktywny tryb \u017cycia lub dolegliwo\u015bci zwi\u0105zane z wiekiem, ma\u015b\u0107 topolowa <strong>pomo\u017ce Ci odzyska\u0107 komfort i rado\u015b\u0107 p\u0142yn\u0105c\u0105 z ruchu<\/strong>. Zmniejszy napi\u0119cie sk\u00f3ry okolic staw\u00f3w i wyeliminuje dyskomfort, pozwalaj\u0105c Ci czerpa\u0107 pe\u0142ni\u0119 przyjemno\u015bci z Twoich ulubionych aktywno\u015bci. Wybieraj\u0105c ma\u015b\u0107 topolow\u0105, <strong>wybierasz naturalne rozwi\u0105zania<\/strong>, kt\u00f3re maj\u0105 moc, aby pom\u00f3c Ci do\u015bwiadczy\u0107 rewitalizacji i<strong> poprawi\u0107 Twoje samopoczucie<\/strong>.<\/span><span data-ccp-props=\"{&quot;201341983&quot;:0,&quot;335551550&quot;:1,&quot;335551620&quot;:1,&quot;335559739&quot;:200,&quot;335559740&quot;:276,&quot;469777462&quot;:[1210],&quot;469777927&quot;:[0],&quot;469777928&quot;:[1]}\">\u00a0<\/span><\/p>\n<p>&nbsp;<\/p>\n","protected":false},"excerpt":{"rendered":"<p><!--ScriptorStartFragment--><\/p>\n<div class=\"scriptor-paragraph\">\n<p><!--ScriptorStartFragment--><\/p>\n<div class=\"scriptor-paragraph\">\n<h2>Ma\u015b\u0107 topolowa z magnezem to:<\/h2>\n<ul>\n<li>bogata i od\u017cywcza formu\u0142a idealna do masa\u017cu zesztywnia\u0142ych d\u0142oni (zw\u0142aszcza sk\u00f3ry na paliczkach);<\/li>\n<li>naturalne sk\u0142adniki, np. oleje, olejki eteryczne i ekstrakty zio\u0142owe;<\/li>\n<li>autorska receptura zielarki oraz aromaterapeutki klinicznej \u2014 idealna do piel\u0119gnacyjnego masa\u017cu staw\u00f3w;<\/li>\n<li>uczucie przyjemnego, lekkiego rozgrzania i mrowienia w czasie masowania.<\/li>\n<\/ul>\n<\/div>\n<div class=\"scriptor-paragraph\">\n<h2>Kiedy si\u0119gn\u0105\u0107 po zio\u0142ow\u0105 ma\u015b\u0107 topolow\u0105 z magnezem?<\/h2>\n<p>U\u017cywaj, kiedy Ty lub Twoi bliscy potrzebujecie masa\u017cu paliczk\u00f3w ze wzgl\u0119du na:<\/p>\n<ul>\n<li>zesztywnia\u0142e stawy, kt\u00f3re potrzebuj\u0105 lekkiego rozgrzania;<\/li>\n<li>idzie jesie\u0144\/ zima, a stawy zaczynaj\u0105 sztywnie\u0107 i ci\u0105gn\u0105\u0107;<\/li>\n<li>du\u017co pracujesz r\u0119kami (na przyk\u0142ad w ogrodzie) i zauwa\u017casz, \u017ce nie s\u0105 ju\u017c takie sprawne jak wcze\u015bniej.<\/li>\n<\/ul>\n<\/div>\n<div class=\"scriptor-paragraph\"><\/div>\n<p><!--ScriptorEndFragment--><\/p>\n<\/div>\n","protected":false},"featured_media":2221654,"comment_status":"open","ping_status":"closed","template":"","meta":[],"product_cat":[246,130,209,118],"product_tag":[],"acf":[],"yoast_head":"<!-- This site is optimized with the Yoast SEO plugin v19.6.1 - https:\/\/yoast.com\/wordpress\/plugins\/seo\/ -->\n<title>Ma\u015b\u0107 topolowa z magnezem - do rozgrzewaj\u0105cego masa\u017cu staw\u00f3w [50 ml] - Klaudyna Hebda Nature<\/title>\n<meta name=\"description\" content=\"Ma\u015b\u0107 topolowa z magnezem \u0142\u0105czy moc nauki i tradycyjnych ro\u015blinnych rozwi\u0105za\u0144 - wspiera w walce z codziennym dyskomfortem i wyzwaniami. Wypr\u00f3buj i Ty!\" \/>\n<meta name=\"robots\" content=\"index, follow, max-snippet:-1, max-image-preview:large, max-video-preview:-1\" \/>\n<link rel=\"canonical\" href=\"https:\/\/klaudynahebda.pl\/sklep\/masc-topolowa\/\" \/>\n<meta property=\"og:locale\" content=\"pl_PL\" \/>\n<meta property=\"og:type\" content=\"article\" \/>\n<meta property=\"og:title\" content=\"Ma\u015b\u0107 topolowa z magnezem - do rozgrzewaj\u0105cego masa\u017cu staw\u00f3w [50 ml] - Klaudyna Hebda Nature\" \/>\n<meta property=\"og:description\" content=\"Ma\u015b\u0107 topolowa z magnezem \u0142\u0105czy moc nauki i tradycyjnych ro\u015blinnych rozwi\u0105za\u0144 - wspiera w walce z codziennym dyskomfortem i wyzwaniami. Wypr\u00f3buj i Ty!\" \/>\n<meta property=\"og:url\" content=\"https:\/\/klaudynahebda.pl\/sklep\/masc-topolowa\/\" \/>\n<meta property=\"og:site_name\" content=\"Klaudyna Hebda Nature\" \/>\n<meta property=\"article:modified_time\" content=\"2026-04-21T14:26:44+00:00\" \/>\n<meta property=\"og:image\" content=\"https:\/\/klaudynahebda.pl\/sklep\/wp-content\/uploads\/2023\/05\/SKLEP_PRODUKT_MASC_TOPOLOWA_01.jpg\" \/>\n\t<meta property=\"og:image:width\" content=\"900\" \/>\n\t<meta property=\"og:image:height\" content=\"1400\" \/>\n\t<meta property=\"og:image:type\" content=\"image\/jpeg\" \/>\n<meta name=\"twitter:card\" content=\"summary_large_image\" \/>\n<meta name=\"twitter:label1\" content=\"Szacowany czas czytania\" \/>\n\t<meta name=\"twitter:data1\" content=\"2 minuty\" \/>\n<script type=\"application\/ld+json\" class=\"yoast-schema-graph\">{\"@context\":\"https:\/\/schema.org\",\"@graph\":[{\"@type\":\"WebPage\",\"@id\":\"https:\/\/klaudynahebda.pl\/sklep\/masc-topolowa\/\",\"url\":\"https:\/\/klaudynahebda.pl\/sklep\/masc-topolowa\/\",\"name\":\"Ma\u015b\u0107 topolowa z magnezem - do rozgrzewaj\u0105cego masa\u017cu staw\u00f3w [50 ml] - Klaudyna Hebda Nature\",\"isPartOf\":{\"@id\":\"https:\/\/klaudynahebda.pl\/sklep\/#website\"},\"datePublished\":\"2023-05-09T15:36:06+00:00\",\"dateModified\":\"2026-04-21T14:26:44+00:00\",\"description\":\"Ma\u015b\u0107 topolowa z magnezem \u0142\u0105czy moc nauki i tradycyjnych ro\u015blinnych rozwi\u0105za\u0144 - wspiera w walce z codziennym dyskomfortem i wyzwaniami. Wypr\u00f3buj i Ty!\",\"breadcrumb\":{\"@id\":\"https:\/\/klaudynahebda.pl\/sklep\/masc-topolowa\/#breadcrumb\"},\"inLanguage\":\"pl-PL\",\"potentialAction\":[{\"@type\":\"ReadAction\",\"target\":[\"https:\/\/klaudynahebda.pl\/sklep\/masc-topolowa\/\"]}]},{\"@type\":\"BreadcrumbList\",\"@id\":\"https:\/\/klaudynahebda.pl\/sklep\/masc-topolowa\/#breadcrumb\",\"itemListElement\":[{\"@type\":\"ListItem\",\"position\":1,\"name\":\"Strona g\u0142\u00f3wna\",\"item\":\"https:\/\/klaudynahebda.pl\/sklep\/\"},{\"@type\":\"ListItem\",\"position\":2,\"name\":\"Sklep\",\"item\":\"https:\/\/klaudynahebda.pl\/sklep\/sklep\/\"},{\"@type\":\"ListItem\",\"position\":3,\"name\":\"Ma\u015bci i balsamy\",\"item\":\"https:\/\/klaudynahebda.pl\/sklep\/masci\/\"},{\"@type\":\"ListItem\",\"position\":4,\"name\":\"Ma\u015b\u0107 topolowa z magnezem &#8211; do rozgrzewaj\u0105cego masa\u017cu staw\u00f3w [50 ml]\"}]},{\"@type\":\"WebSite\",\"@id\":\"https:\/\/klaudynahebda.pl\/sklep\/#website\",\"url\":\"https:\/\/klaudynahebda.pl\/sklep\/\",\"name\":\"Klaudyna Hebda Nature\",\"description\":\"Sklep\",\"publisher\":{\"@id\":\"https:\/\/klaudynahebda.pl\/sklep\/#organization\"},\"potentialAction\":[{\"@type\":\"SearchAction\",\"target\":{\"@type\":\"EntryPoint\",\"urlTemplate\":\"https:\/\/klaudynahebda.pl\/sklep\/?s={search_term_string}\"},\"query-input\":\"required name=search_term_string\"}],\"inLanguage\":\"pl-PL\"},{\"@type\":\"Organization\",\"@id\":\"https:\/\/klaudynahebda.pl\/sklep\/#organization\",\"name\":\"KlaudynaHebda\",\"url\":\"https:\/\/klaudynahebda.pl\/sklep\/\",\"sameAs\":[],\"logo\":{\"@type\":\"ImageObject\",\"inLanguage\":\"pl-PL\",\"@id\":\"https:\/\/klaudynahebda.pl\/sklep\/#\/schema\/logo\/image\/\",\"url\":\"\",\"contentUrl\":\"\",\"caption\":\"KlaudynaHebda\"},\"image\":{\"@id\":\"https:\/\/klaudynahebda.pl\/sklep\/#\/schema\/logo\/image\/\"}}]}<\/script>\n<!-- \/ Yoast SEO plugin. -->","yoast_head_json":{"title":"Ma\u015b\u0107 topolowa z magnezem - do rozgrzewaj\u0105cego masa\u017cu staw\u00f3w [50 ml] - Klaudyna Hebda Nature","description":"Ma\u015b\u0107 topolowa z magnezem \u0142\u0105czy moc nauki i tradycyjnych ro\u015blinnych rozwi\u0105za\u0144 - wspiera w walce z codziennym dyskomfortem i wyzwaniami. Wypr\u00f3buj i Ty!","robots":{"index":"index","follow":"follow","max-snippet":"max-snippet:-1","max-image-preview":"max-image-preview:large","max-video-preview":"max-video-preview:-1"},"canonical":"https:\/\/klaudynahebda.pl\/sklep\/masc-topolowa\/","og_locale":"pl_PL","og_type":"article","og_title":"Ma\u015b\u0107 topolowa z magnezem - do rozgrzewaj\u0105cego masa\u017cu staw\u00f3w [50 ml] - Klaudyna Hebda Nature","og_description":"Ma\u015b\u0107 topolowa z magnezem \u0142\u0105czy moc nauki i tradycyjnych ro\u015blinnych rozwi\u0105za\u0144 - wspiera w walce z codziennym dyskomfortem i wyzwaniami. Wypr\u00f3buj i Ty!","og_url":"https:\/\/klaudynahebda.pl\/sklep\/masc-topolowa\/","og_site_name":"Klaudyna Hebda Nature","article_modified_time":"2026-04-21T14:26:44+00:00","og_image":[{"width":900,"height":1400,"url":"https:\/\/klaudynahebda.pl\/sklep\/wp-content\/uploads\/2023\/05\/SKLEP_PRODUKT_MASC_TOPOLOWA_01.jpg","type":"image\/jpeg"}],"twitter_card":"summary_large_image","twitter_misc":{"Szacowany czas czytania":"2 minuty"},"schema":{"@context":"https:\/\/schema.org","@graph":[{"@type":"WebPage","@id":"https:\/\/klaudynahebda.pl\/sklep\/masc-topolowa\/","url":"https:\/\/klaudynahebda.pl\/sklep\/masc-topolowa\/","name":"Ma\u015b\u0107 topolowa z magnezem - do rozgrzewaj\u0105cego masa\u017cu staw\u00f3w [50 ml] - Klaudyna Hebda Nature","isPartOf":{"@id":"https:\/\/klaudynahebda.pl\/sklep\/#website"},"datePublished":"2023-05-09T15:36:06+00:00","dateModified":"2026-04-21T14:26:44+00:00","description":"Ma\u015b\u0107 topolowa z magnezem \u0142\u0105czy moc nauki i tradycyjnych ro\u015blinnych rozwi\u0105za\u0144 - wspiera w walce z codziennym dyskomfortem i wyzwaniami. Wypr\u00f3buj i Ty!","breadcrumb":{"@id":"https:\/\/klaudynahebda.pl\/sklep\/masc-topolowa\/#breadcrumb"},"inLanguage":"pl-PL","potentialAction":[{"@type":"ReadAction","target":["https:\/\/klaudynahebda.pl\/sklep\/masc-topolowa\/"]}]},{"@type":"BreadcrumbList","@id":"https:\/\/klaudynahebda.pl\/sklep\/masc-topolowa\/#breadcrumb","itemListElement":[{"@type":"ListItem","position":1,"name":"Strona g\u0142\u00f3wna","item":"https:\/\/klaudynahebda.pl\/sklep\/"},{"@type":"ListItem","position":2,"name":"Sklep","item":"https:\/\/klaudynahebda.pl\/sklep\/sklep\/"},{"@type":"ListItem","position":3,"name":"Ma\u015bci i balsamy","item":"https:\/\/klaudynahebda.pl\/sklep\/masci\/"},{"@type":"ListItem","position":4,"name":"Ma\u015b\u0107 topolowa z magnezem &#8211; do rozgrzewaj\u0105cego masa\u017cu staw\u00f3w [50 ml]"}]},{"@type":"WebSite","@id":"https:\/\/klaudynahebda.pl\/sklep\/#website","url":"https:\/\/klaudynahebda.pl\/sklep\/","name":"Klaudyna Hebda Nature","description":"Sklep","publisher":{"@id":"https:\/\/klaudynahebda.pl\/sklep\/#organization"},"potentialAction":[{"@type":"SearchAction","target":{"@type":"EntryPoint","urlTemplate":"https:\/\/klaudynahebda.pl\/sklep\/?s={search_term_string}"},"query-input":"required name=search_term_string"}],"inLanguage":"pl-PL"},{"@type":"Organization","@id":"https:\/\/klaudynahebda.pl\/sklep\/#organization","name":"KlaudynaHebda","url":"https:\/\/klaudynahebda.pl\/sklep\/","sameAs":[],"logo":{"@type":"ImageObject","inLanguage":"pl-PL","@id":"https:\/\/klaudynahebda.pl\/sklep\/#\/schema\/logo\/image\/","url":"","contentUrl":"","caption":"KlaudynaHebda"},"image":{"@id":"https:\/\/klaudynahebda.pl\/sklep\/#\/schema\/logo\/image\/"}}]}},"_links":{"self":[{"href":"https:\/\/klaudynahebda.pl\/sklep\/wp-json\/wp\/v2\/product\/1779161"}],"collection":[{"href":"https:\/\/klaudynahebda.pl\/sklep\/wp-json\/wp\/v2\/product"}],"about":[{"href":"https:\/\/klaudynahebda.pl\/sklep\/wp-json\/wp\/v2\/types\/product"}],"replies":[{"embeddable":true,"href":"https:\/\/klaudynahebda.pl\/sklep\/wp-json\/wp\/v2\/comments?post=1779161"}],"wp:featuredmedia":[{"embeddable":true,"href":"https:\/\/klaudynahebda.pl\/sklep\/wp-json\/wp\/v2\/media\/2221654"}],"wp:attachment":[{"href":"https:\/\/klaudynahebda.pl\/sklep\/wp-json\/wp\/v2\/media?parent=1779161"}],"wp:term":[{"taxonomy":"product_cat","embeddable":true,"href":"https:\/\/klaudynahebda.pl\/sklep\/wp-json\/wp\/v2\/product_cat?post=1779161"},{"taxonomy":"product_tag","embeddable":true,"href":"https:\/\/klaudynahebda.pl\/sklep\/wp-json\/wp\/v2\/product_tag?post=1779161"}],"curies":[{"name":"wp","href":"https:\/\/api.w.org\/{rel}","templated":true}]}}