{"id":1779148,"date":"2023-09-08T14:21:34","date_gmt":"2023-09-08T12:21:34","guid":{"rendered":"https:\/\/klaudynahebda.pl\/sklep\/?post_type=product&#038;p=1779148"},"modified":"2026-04-06T23:22:07","modified_gmt":"2026-04-06T21:22:07","slug":"masc-arnikowa","status":"publish","type":"product","link":"https:\/\/klaudynahebda.pl\/sklep\/masc-arnikowa\/","title":{"rendered":"Ma\u015b\u0107 arnikowa [30 ml]"},"content":{"rendered":"<h2><span data-contrast=\"auto\">Ma\u015b\u0107 z arniki g\u00f3rskiej: naturalne wsparcie dla Twojej sk\u00f3ry\u00a0<\/span><\/h2>\n<p><span data-contrast=\"auto\">To wyj\u0105tkowa <strong>ma\u015b\u0107 arnikowa<\/strong>, kt\u00f3ra \u0142\u0105czy w sobie dawne tradycje zielarskie i nowoczesne nowinki naukowe. Jej wyj\u0105tkowa formu\u0142a zawiera drogocenne sk\u0142adniki, takie jak<strong> olejek eteryczny: lawendowy, copaiba, z kocanki w\u0142oskiej i kadzid\u0142owy<\/strong>, kt\u00f3re harmonijnie wsp\u00f3\u0142graj\u0105 <strong>ze specjalnym ekstraktem CO2 z arniki g\u00f3rskiej<\/strong>. <\/span><\/p>\n<p><span data-contrast=\"auto\">Te<strong> substancje pochodz\u0105ce z natury<\/strong> zamkni\u0119te s\u0105<strong> w przyjemnej do nak\u0142adania na sk\u00f3r\u0119 bazie<\/strong> z olej\u00f3w ro\u015blinnych i wosku pszczelego.<\/span><span data-ccp-props=\"{&quot;201341983&quot;:0,&quot;335551550&quot;:1,&quot;335551620&quot;:1,&quot;335559739&quot;:200,&quot;335559740&quot;:276,&quot;469777462&quot;:[1210],&quot;469777927&quot;:[0],&quot;469777928&quot;:[1]}\">\u00a0<\/span><\/p>\n<p><span data-contrast=\"auto\">Dzi\u0119ki tej wyj\u0105tkowej kompozycji ma\u015b\u0107 arnikowa staje si\u0119 <strong>niezast\u0105pionym wsparciem w zadaniach specjalnych<\/strong> dla Twojej sk\u00f3ry.<\/span><\/p>\n<h2>Co wyr\u00f3\u017cnia nasz\u0105 ma\u015b\u0107 arnikow\u0105?<\/h2>\n<ul>\n<li><span class=\"OYPEnA text-decoration-none text-strikethrough-none\"><strong>naturalny sk\u0142ad<\/strong>: ekstrakt z kwiat\u00f3w arniki g\u00f3rskiej, oleje ro\u015blinne, wosk pszczeli i a\u017c cztery 100% olejki eteryczne<\/span><\/li>\n<li><strong><span class=\"OYPEnA text-decoration-none text-strikethrough-none\">wysoka zawarto\u015b\u0107 ekstraktu z kwiat\u00f3w arniki g\u00f3rskiej &#8211; 15%<\/span><\/strong><\/li>\n<li><span class=\"OYPEnA text-decoration-none text-strikethrough-none\">bez parafiny i wazeliny, <\/span><span class=\"OYPEnA text-decoration-none text-strikethrough-none\">bez ulepszaczy<\/span><\/li>\n<li><span class=\"OYPEnA text-decoration-none text-strikethrough-strikethrough\">w sk\u0142adzie znajdziesz znane i lubiane przez sk\u00f3r\u0119 olejki: m.in. <strong>olejek eteryczny copaiba, olejek kadzid\u0142owy<\/strong><\/span><\/li>\n<li><span class=\"OYPEnA text-decoration-none text-strikethrough-none\">wszechstronne zastosowanie<\/span><\/li>\n<li><span class=\"OYPEnA text-decoration-none text-strikethrough-none\">tworzy na sk\u00f3rze ochronny film, kt\u00f3ry chroni przed czynnikami zewn\u0119trznymi np. przed wiatrem &#8211; stosuj ca\u0142y rok i chro\u0144 swoj\u0105 sk\u00f3r\u0119 w czasie jesiennych wycieczek i zimowych aktywno\u015bci<\/span><\/li>\n<li><span class=\"OYPEnA text-decoration-none text-strikethrough-none\">w s\u0142oiczku z ciemnego szk\u0142a, a nie w tubce &#8211; nie wycieka przy kolejnym u\u017cyciu<\/span><\/li>\n<li><span class=\"OYPEnA text-decoration-none text-strikethrough-none\"><strong>piel\u0119gnuje sk\u00f3r\u0119<\/strong>, kt\u00f3ra ma tendencj\u0119 do powstawania siniak\u00f3w, obrz\u0119k\u00f3w, rozszerzonych naczynek<\/span><\/li>\n<\/ul>\n<h2>Kiedy ma\u015b\u0107 arnikowa b\u0119dzie dla Ciebie najlepsza?<\/h2>\n<p><span data-contrast=\"auto\">Niezale\u017cnie od tego, czy potrzebujesz czego\u015b, co <strong>wspomo\u017ce sk\u00f3r\u0119<\/strong> po drobnych skaleczeniach, czy czego\u015b, co <strong>z\u0142agodzi zaczerwienienia<\/strong>, ma\u015b\u0107 arnikowa daje Ci szans\u0119 cieszy\u0107 si\u0119 naturalnymi dobrodziejstwami natury, zapewniaj\u0105c sk\u00f3rze<strong> komfort i b\u0142yskawiczn\u0105 regeneracj\u0119. <\/strong><\/span><\/p>\n<p><span data-contrast=\"auto\">Ma\u015b\u0107 z arniki g\u00f3rskiej mo\u017ce sta\u0107 si\u0119 Twoim<strong> niezast\u0105pionym towarzyszem w podr\u00f3\u017cy. Po co?<\/strong> Aby\u015b zawsze by\u0142a przygotowana na ka\u017cd\u0105 sytuacj\u0119, jak\u0105 niesie ze sob\u0105 codzienne \u017cycie.<\/span><span data-ccp-props=\"{&quot;201341983&quot;:0,&quot;335551550&quot;:1,&quot;335551620&quot;:1,&quot;335559739&quot;:200,&quot;335559740&quot;:276,&quot;469777462&quot;:[1210],&quot;469777927&quot;:[0],&quot;469777928&quot;:[1]}\">\u00a0<\/span><\/p>\n<p>Ma\u015b\u0107 arnikowa<strong> \u0142agodzi podra\u017cnienia i zaczerwienienia sk\u00f3ry. Ma dzia\u0142anie od\u017cywcze, nawil\u017caj\u0105ce.<\/strong> Chroni sk\u00f3r\u0119 przed wiatrem.<\/p>\n<p>Szukasz innych ma\u015bci wype\u0142nionych naturalnymi olejkami i innymi skarbami natury? Sprawd\u017a te\u017c <a href=\"https:\/\/klaudynahebda.pl\/sklep\/masc-nagietkowa\/\" target=\"_blank\" rel=\"noopener\">ma\u015b\u0107 nagietkow\u0105 <\/a> oraz <a href=\"https:\/\/klaudynahebda.pl\/sklep\/masc-topolowa\/\" target=\"_blank\" rel=\"noopener\">ma\u015b\u0107 topolow\u0105<\/a>.<\/p>\n<p>Taniej w tr\u00f3jpaku! Wybierz\u00a0<a href=\"https:\/\/klaudynahebda.pl\/sklep\/zestaw-3-masci-masc-nagietkowa-masc-arnikowa-masc-topolowa\/\" target=\"_blank\" rel=\"noopener\">zestaw trzech ma\u015bci<\/a>.<\/p>\n","protected":false},"excerpt":{"rendered":"<h2><span class=\"TextRun SCXW241497836 BCX0\" lang=\"PL-PL\" xml:lang=\"PL-PL\" data-contrast=\"auto\"><span class=\"NormalTextRun SCXW241497836 BCX0\" data-ccp-charstyle=\"normaltextrun\" data-ccp-charstyle-defn=\"{&quot;ObjectId&quot;:&quot;946fdb0c-4300-471e-9411-7e1fcbe61ae6|122&quot;,&quot;ClassId&quot;:1073872969,&quot;Properties&quot;:[469775450,&quot;normaltextrun&quot;,201340122,&quot;1&quot;,134233614,&quot;true&quot;,469778129,&quot;normaltextrun&quot;,335572020,&quot;1&quot;,469778324,&quot;Default Paragraph Font&quot;]}\">Ma\u015b\u0107 arnikowa to&#8230; <\/span><\/span><\/h2>\n<ul>\n<li><span lang=\"PL-PL\" xml:lang=\"PL-PL\" data-contrast=\"auto\">wyj\u0105tkowe<\/span><span class=\"TextRun SCXW241497836 BCX0\" lang=\"PL-PL\" xml:lang=\"PL-PL\" data-contrast=\"auto\"><span class=\"NormalTextRun SCXW241497836 BCX0\" data-ccp-charstyle=\"normaltextrun\"><strong> po\u0142\u0105czenie tradycyjnego zielarstwa i nowoczesnych osi\u0105gni\u0119\u0107 zio\u0142olecznictwa;<\/strong><\/span><\/span><\/li>\n<li><span class=\"TextRun SCXW241497836 BCX0\" lang=\"PL-PL\" xml:lang=\"PL-PL\" data-contrast=\"auto\"><span class=\"NormalTextRun SCXW241497836 BCX0\" data-ccp-charstyle=\"normaltextrun\">unikalny sk\u0142ad zawieraj\u0105cy nie tylko <\/span><span class=\"NormalTextRun SCXW241497836 BCX0\" data-ccp-charstyle=\"normaltextrun\">znane i <\/span><span class=\"NormalTextRun SCXW241497836 BCX0\" data-ccp-charstyle=\"normaltextrun\">cenione olejki eteryczne, ale tak\u017ce starannie wyselekcjonowane ekstrakty ro\u015blinne, kt\u00f3re kompleksowo dbaj\u0105 o Twoj\u0105 sk\u00f3r\u0119 w momencie, gdy <\/span><span class=\"NormalTextRun SCXW241497836 BCX0\" data-ccp-charstyle=\"normaltextrun\">trzeba jej<\/span><span class=\"NormalTextRun SCXW241497836 BCX0\" data-ccp-charstyle=\"normaltextrun\"> szybkiej i skutecznej pomocy;<\/span><\/span><\/li>\n<li><span class=\"TextRun SCXW241497836 BCX0\" lang=\"PL-PL\" xml:lang=\"PL-PL\" data-contrast=\"auto\"><span class=\"NormalTextRun SCXW241497836 BCX0\" data-ccp-charstyle=\"normaltextrun\">po\u0142\u0105czenie sk\u0142adnik\u00f3w, kt\u00f3re daje pewno\u015b\u0107, <\/span><\/span><\/li>\n<li><span class=\"TextRun SCXW241497836 BCX0\" lang=\"PL-PL\" xml:lang=\"PL-PL\" data-contrast=\"auto\"><span class=\"NormalTextRun SCXW241497836 BCX0\" data-ccp-charstyle=\"normaltextrun\">nafuralna receptura niezr\u00f3wnana w dzia\u0142aniu &#8211; spe\u0142ni oczekiwania <\/span><span class=\"NormalTextRun SCXW241497836 BCX0\" data-ccp-charstyle=\"normaltextrun\">w <\/span><span class=\"NormalTextRun SCXW241497836 BCX0\" data-ccp-charstyle=\"normaltextrun\">nawet najbardziej wymagaj\u0105cych <\/span><span class=\"NormalTextRun SCXW241497836 BCX0\" data-ccp-charstyle=\"normaltextrun\">sytuacjach<\/span><span class=\"NormalTextRun SCXW241497836 BCX0\" data-ccp-charstyle=\"normaltextrun\">.<\/span><\/span><span class=\"EOP SCXW241497836 BCX0\" data-ccp-props=\"{&quot;201341983&quot;:0,&quot;335551550&quot;:1,&quot;335551620&quot;:1,&quot;335559739&quot;:200,&quot;335559740&quot;:276}\">\u00a0<\/span><\/li>\n<\/ul>\n<h3><b><span data-contrast=\"auto\">Jak dzia\u0142a ma\u015b\u0107 arnikowa?<\/span><\/b><\/h3>\n<p><b><span data-contrast=\"auto\">Wspomaga gojenie sk\u00f3ry: <\/span><\/b><span data-contrast=\"auto\">Od wiek\u00f3w ma\u015b\u0107 arnikowa jest niezawodnym naturalnym wsparciem dla sk\u00f3ry podczas procesu gojenia.<\/span><span data-ccp-props=\"{&quot;201341983&quot;:0,&quot;335551550&quot;:1,&quot;335551620&quot;:1,&quot;335559739&quot;:200,&quot;335559740&quot;:276}\">\u00a0<\/span><\/p>\n<p><b><span data-contrast=\"auto\">Przynosi ulg\u0119 i komfort: <\/span><\/b><span data-contrast=\"auto\">Ma\u015b\u0107 arnikowa jest ceniona ze wzgl\u0119du na \u0142agodz\u0105ce dzia\u0142anie, kt\u00f3re mo\u017ce przynie\u015b\u0107 ulg\u0119 i uczucie komfortu na sk\u00f3rze.<\/span><span data-ccp-props=\"{&quot;201341983&quot;:0,&quot;335551550&quot;:1,&quot;335551620&quot;:1,&quot;335559739&quot;:200,&quot;335559740&quot;:276}\">\u00a0<\/span><\/p>\n<p><b><span data-contrast=\"auto\">\u0141agodzi podra\u017cnienia: <\/span><\/b><span data-contrast=\"auto\">Ma\u015b\u0107 arnikowa mo\u017ce wykazywa\u0107 dzia\u0142anie \u0142agodz\u0105ce na podra\u017cnienia sk\u00f3ry, pomagaj\u0105c w redukcji zaczerwienienia i obrz\u0119ku.<\/span><span data-ccp-props=\"{&quot;201341983&quot;:0,&quot;335551550&quot;:1,&quot;335551620&quot;:1,&quot;335559739&quot;:200,&quot;335559740&quot;:276}\">\u00a0<\/span><\/p>\n<p><b><span data-contrast=\"auto\">Naturalny sk\u0142ad: <\/span><\/b><span data-contrast=\"auto\">Ka\u017cdy sk\u0142adnik zawarty w ma\u015bci arnikowej jest szczeg\u00f3lnie wyj\u0105tkowy \u2013 poniewa\u017c pochodzi z natury, kt\u00f3r\u0105 tak bardzo kochamy i cenimy.\u00a0<\/span><span data-ccp-props=\"{&quot;201341983&quot;:0,&quot;335551550&quot;:1,&quot;335551620&quot;:1,&quot;335559739&quot;:200,&quot;335559740&quot;:276}\">\u00a0<\/span><\/p>\n<p><b><span data-contrast=\"auto\">Tradycja spotyka nauk\u0119: <\/span><\/b><span data-contrast=\"auto\">Nasza ma\u015b\u0107 arnikowa \u0142\u0105czy w sobie nowoczesne nowinki zio\u0142olecznictwa z tradycyjnym i skutecznym zielarstwem.<\/span><span data-ccp-props=\"{&quot;201341983&quot;:0,&quot;335551550&quot;:1,&quot;335551620&quot;:1,&quot;335559739&quot;:200,&quot;335559740&quot;:276}\">\u00a0<\/span><\/p>\n","protected":false},"featured_media":2221660,"comment_status":"open","ping_status":"closed","template":"","meta":[],"product_cat":[246,209,118],"product_tag":[],"acf":[],"yoast_head":"<!-- This site is optimized with the Yoast SEO plugin v19.6.1 - https:\/\/yoast.com\/wordpress\/plugins\/seo\/ -->\n<title>Ma\u015b\u0107 arnikowa [30 ml] - Klaudyna Hebda Nature<\/title>\n<meta name=\"description\" content=\"Ma\u015b\u0107 arnikowa \u0142agodzi zaczerwienienia i podra\u017cnienia. 4 olejki eteryczne, ekstrakt z arniki g\u00f3rskiej oraz oleje ro\u015blinne piel\u0119gnuj\u0105 i dbaj\u0105 o komfort sk\u00f3ry.\" \/>\n<meta name=\"robots\" content=\"index, follow, max-snippet:-1, max-image-preview:large, max-video-preview:-1\" \/>\n<link rel=\"canonical\" href=\"https:\/\/klaudynahebda.pl\/sklep\/masc-arnikowa\/\" \/>\n<meta property=\"og:locale\" content=\"pl_PL\" \/>\n<meta property=\"og:type\" content=\"article\" \/>\n<meta property=\"og:title\" content=\"Ma\u015b\u0107 arnikowa [30 ml] - Klaudyna Hebda Nature\" \/>\n<meta property=\"og:description\" content=\"Ma\u015b\u0107 arnikowa \u0142agodzi zaczerwienienia i podra\u017cnienia. 4 olejki eteryczne, ekstrakt z arniki g\u00f3rskiej oraz oleje ro\u015blinne piel\u0119gnuj\u0105 i dbaj\u0105 o komfort sk\u00f3ry.\" \/>\n<meta property=\"og:url\" content=\"https:\/\/klaudynahebda.pl\/sklep\/masc-arnikowa\/\" \/>\n<meta property=\"og:site_name\" content=\"Klaudyna Hebda Nature\" \/>\n<meta property=\"article:modified_time\" content=\"2026-04-06T21:22:07+00:00\" \/>\n<meta property=\"og:image\" content=\"https:\/\/klaudynahebda.pl\/sklep\/wp-content\/uploads\/2023\/05\/SKLEP_PRODUKT_MASC_ARNIKOWA_01.jpg\" \/>\n\t<meta property=\"og:image:width\" content=\"900\" \/>\n\t<meta property=\"og:image:height\" content=\"1400\" \/>\n\t<meta property=\"og:image:type\" content=\"image\/jpeg\" \/>\n<meta name=\"twitter:card\" content=\"summary_large_image\" \/>\n<meta name=\"twitter:label1\" content=\"Szacowany czas czytania\" \/>\n\t<meta name=\"twitter:data1\" content=\"2 minuty\" \/>\n<script type=\"application\/ld+json\" class=\"yoast-schema-graph\">{\"@context\":\"https:\/\/schema.org\",\"@graph\":[{\"@type\":\"WebPage\",\"@id\":\"https:\/\/klaudynahebda.pl\/sklep\/masc-arnikowa\/\",\"url\":\"https:\/\/klaudynahebda.pl\/sklep\/masc-arnikowa\/\",\"name\":\"Ma\u015b\u0107 arnikowa [30 ml] - Klaudyna Hebda Nature\",\"isPartOf\":{\"@id\":\"https:\/\/klaudynahebda.pl\/sklep\/#website\"},\"datePublished\":\"2023-09-08T12:21:34+00:00\",\"dateModified\":\"2026-04-06T21:22:07+00:00\",\"description\":\"Ma\u015b\u0107 arnikowa \u0142agodzi zaczerwienienia i podra\u017cnienia. 4 olejki eteryczne, ekstrakt z arniki g\u00f3rskiej oraz oleje ro\u015blinne piel\u0119gnuj\u0105 i dbaj\u0105 o komfort sk\u00f3ry.\",\"breadcrumb\":{\"@id\":\"https:\/\/klaudynahebda.pl\/sklep\/masc-arnikowa\/#breadcrumb\"},\"inLanguage\":\"pl-PL\",\"potentialAction\":[{\"@type\":\"ReadAction\",\"target\":[\"https:\/\/klaudynahebda.pl\/sklep\/masc-arnikowa\/\"]}]},{\"@type\":\"BreadcrumbList\",\"@id\":\"https:\/\/klaudynahebda.pl\/sklep\/masc-arnikowa\/#breadcrumb\",\"itemListElement\":[{\"@type\":\"ListItem\",\"position\":1,\"name\":\"Strona g\u0142\u00f3wna\",\"item\":\"https:\/\/klaudynahebda.pl\/sklep\/\"},{\"@type\":\"ListItem\",\"position\":2,\"name\":\"Sklep\",\"item\":\"https:\/\/klaudynahebda.pl\/sklep\/sklep\/\"},{\"@type\":\"ListItem\",\"position\":3,\"name\":\"Ma\u015bci i balsamy\",\"item\":\"https:\/\/klaudynahebda.pl\/sklep\/masci\/\"},{\"@type\":\"ListItem\",\"position\":4,\"name\":\"Ma\u015b\u0107 arnikowa [30 ml]\"}]},{\"@type\":\"WebSite\",\"@id\":\"https:\/\/klaudynahebda.pl\/sklep\/#website\",\"url\":\"https:\/\/klaudynahebda.pl\/sklep\/\",\"name\":\"Klaudyna Hebda Nature\",\"description\":\"Sklep\",\"publisher\":{\"@id\":\"https:\/\/klaudynahebda.pl\/sklep\/#organization\"},\"potentialAction\":[{\"@type\":\"SearchAction\",\"target\":{\"@type\":\"EntryPoint\",\"urlTemplate\":\"https:\/\/klaudynahebda.pl\/sklep\/?s={search_term_string}\"},\"query-input\":\"required name=search_term_string\"}],\"inLanguage\":\"pl-PL\"},{\"@type\":\"Organization\",\"@id\":\"https:\/\/klaudynahebda.pl\/sklep\/#organization\",\"name\":\"KlaudynaHebda\",\"url\":\"https:\/\/klaudynahebda.pl\/sklep\/\",\"sameAs\":[],\"logo\":{\"@type\":\"ImageObject\",\"inLanguage\":\"pl-PL\",\"@id\":\"https:\/\/klaudynahebda.pl\/sklep\/#\/schema\/logo\/image\/\",\"url\":\"\",\"contentUrl\":\"\",\"caption\":\"KlaudynaHebda\"},\"image\":{\"@id\":\"https:\/\/klaudynahebda.pl\/sklep\/#\/schema\/logo\/image\/\"}}]}<\/script>\n<!-- \/ Yoast SEO plugin. -->","yoast_head_json":{"title":"Ma\u015b\u0107 arnikowa [30 ml] - Klaudyna Hebda Nature","description":"Ma\u015b\u0107 arnikowa \u0142agodzi zaczerwienienia i podra\u017cnienia. 4 olejki eteryczne, ekstrakt z arniki g\u00f3rskiej oraz oleje ro\u015blinne piel\u0119gnuj\u0105 i dbaj\u0105 o komfort sk\u00f3ry.","robots":{"index":"index","follow":"follow","max-snippet":"max-snippet:-1","max-image-preview":"max-image-preview:large","max-video-preview":"max-video-preview:-1"},"canonical":"https:\/\/klaudynahebda.pl\/sklep\/masc-arnikowa\/","og_locale":"pl_PL","og_type":"article","og_title":"Ma\u015b\u0107 arnikowa [30 ml] - Klaudyna Hebda Nature","og_description":"Ma\u015b\u0107 arnikowa \u0142agodzi zaczerwienienia i podra\u017cnienia. 4 olejki eteryczne, ekstrakt z arniki g\u00f3rskiej oraz oleje ro\u015blinne piel\u0119gnuj\u0105 i dbaj\u0105 o komfort sk\u00f3ry.","og_url":"https:\/\/klaudynahebda.pl\/sklep\/masc-arnikowa\/","og_site_name":"Klaudyna Hebda Nature","article_modified_time":"2026-04-06T21:22:07+00:00","og_image":[{"width":900,"height":1400,"url":"https:\/\/klaudynahebda.pl\/sklep\/wp-content\/uploads\/2023\/05\/SKLEP_PRODUKT_MASC_ARNIKOWA_01.jpg","type":"image\/jpeg"}],"twitter_card":"summary_large_image","twitter_misc":{"Szacowany czas czytania":"2 minuty"},"schema":{"@context":"https:\/\/schema.org","@graph":[{"@type":"WebPage","@id":"https:\/\/klaudynahebda.pl\/sklep\/masc-arnikowa\/","url":"https:\/\/klaudynahebda.pl\/sklep\/masc-arnikowa\/","name":"Ma\u015b\u0107 arnikowa [30 ml] - Klaudyna Hebda Nature","isPartOf":{"@id":"https:\/\/klaudynahebda.pl\/sklep\/#website"},"datePublished":"2023-09-08T12:21:34+00:00","dateModified":"2026-04-06T21:22:07+00:00","description":"Ma\u015b\u0107 arnikowa \u0142agodzi zaczerwienienia i podra\u017cnienia. 4 olejki eteryczne, ekstrakt z arniki g\u00f3rskiej oraz oleje ro\u015blinne piel\u0119gnuj\u0105 i dbaj\u0105 o komfort sk\u00f3ry.","breadcrumb":{"@id":"https:\/\/klaudynahebda.pl\/sklep\/masc-arnikowa\/#breadcrumb"},"inLanguage":"pl-PL","potentialAction":[{"@type":"ReadAction","target":["https:\/\/klaudynahebda.pl\/sklep\/masc-arnikowa\/"]}]},{"@type":"BreadcrumbList","@id":"https:\/\/klaudynahebda.pl\/sklep\/masc-arnikowa\/#breadcrumb","itemListElement":[{"@type":"ListItem","position":1,"name":"Strona g\u0142\u00f3wna","item":"https:\/\/klaudynahebda.pl\/sklep\/"},{"@type":"ListItem","position":2,"name":"Sklep","item":"https:\/\/klaudynahebda.pl\/sklep\/sklep\/"},{"@type":"ListItem","position":3,"name":"Ma\u015bci i balsamy","item":"https:\/\/klaudynahebda.pl\/sklep\/masci\/"},{"@type":"ListItem","position":4,"name":"Ma\u015b\u0107 arnikowa [30 ml]"}]},{"@type":"WebSite","@id":"https:\/\/klaudynahebda.pl\/sklep\/#website","url":"https:\/\/klaudynahebda.pl\/sklep\/","name":"Klaudyna Hebda Nature","description":"Sklep","publisher":{"@id":"https:\/\/klaudynahebda.pl\/sklep\/#organization"},"potentialAction":[{"@type":"SearchAction","target":{"@type":"EntryPoint","urlTemplate":"https:\/\/klaudynahebda.pl\/sklep\/?s={search_term_string}"},"query-input":"required name=search_term_string"}],"inLanguage":"pl-PL"},{"@type":"Organization","@id":"https:\/\/klaudynahebda.pl\/sklep\/#organization","name":"KlaudynaHebda","url":"https:\/\/klaudynahebda.pl\/sklep\/","sameAs":[],"logo":{"@type":"ImageObject","inLanguage":"pl-PL","@id":"https:\/\/klaudynahebda.pl\/sklep\/#\/schema\/logo\/image\/","url":"","contentUrl":"","caption":"KlaudynaHebda"},"image":{"@id":"https:\/\/klaudynahebda.pl\/sklep\/#\/schema\/logo\/image\/"}}]}},"_links":{"self":[{"href":"https:\/\/klaudynahebda.pl\/sklep\/wp-json\/wp\/v2\/product\/1779148"}],"collection":[{"href":"https:\/\/klaudynahebda.pl\/sklep\/wp-json\/wp\/v2\/product"}],"about":[{"href":"https:\/\/klaudynahebda.pl\/sklep\/wp-json\/wp\/v2\/types\/product"}],"replies":[{"embeddable":true,"href":"https:\/\/klaudynahebda.pl\/sklep\/wp-json\/wp\/v2\/comments?post=1779148"}],"wp:featuredmedia":[{"embeddable":true,"href":"https:\/\/klaudynahebda.pl\/sklep\/wp-json\/wp\/v2\/media\/2221660"}],"wp:attachment":[{"href":"https:\/\/klaudynahebda.pl\/sklep\/wp-json\/wp\/v2\/media?parent=1779148"}],"wp:term":[{"taxonomy":"product_cat","embeddable":true,"href":"https:\/\/klaudynahebda.pl\/sklep\/wp-json\/wp\/v2\/product_cat?post=1779148"},{"taxonomy":"product_tag","embeddable":true,"href":"https:\/\/klaudynahebda.pl\/sklep\/wp-json\/wp\/v2\/product_tag?post=1779148"}],"curies":[{"name":"wp","href":"https:\/\/api.w.org\/{rel}","templated":true}]}}