{"id":1779124,"date":"2023-05-09T17:36:10","date_gmt":"2023-05-09T15:36:10","guid":{"rendered":"https:\/\/klaudynahebda.pl\/sklep\/?post_type=product&#038;p=1779124"},"modified":"2026-04-05T22:20:15","modified_gmt":"2026-04-05T20:20:15","slug":"masc-nagietkowa","status":"publish","type":"product","link":"https:\/\/klaudynahebda.pl\/sklep\/masc-nagietkowa\/","title":{"rendered":"Ma\u015b\u0107 z nagietka lekarskiego &#8211; regeneruj\u0105ca sk\u00f3r\u0119 [30 ml]"},"content":{"rendered":"<h2><span data-contrast=\"auto\">Ma\u015b\u0107 z nagietka lekarskiego: prawdziwy hit w piel\u0119gnacji sk\u00f3ry w potrzebie<\/span><\/h2>\n<p><span data-contrast=\"auto\"><strong>Ma\u015b\u0107 nagietkowa<\/strong> to niezwyk\u0142e rozwi\u0105zanie dla Twojej sk\u00f3ry, kt\u00f3re oferuje <strong>g\u0142\u0119bok\u0105 ulg\u0119 i regeneracj\u0119<\/strong>. Jej wyj\u0105tkowa formu\u0142a, oparta na ekstraktach CO2 z nagietka, rokitnika, nasion dzikiej r\u00f3\u017cy i li\u015bci rozmarynu, zapewnia <strong>wszechstronne dzia\u0142anie koj\u0105ce i \u0142agodz\u0105ce.<\/strong><\/span><span data-ccp-props=\"{&quot;201341983&quot;:0,&quot;335551550&quot;:1,&quot;335551620&quot;:1,&quot;335559739&quot;:200,&quot;335559740&quot;:276,&quot;469777462&quot;:[1210],&quot;469777927&quot;:[0],&quot;469777928&quot;:[1]}\">\u00a0<\/span><\/p>\n<h2>Co wyr\u00f3\u017cnia nasz\u0105 ma\u015b\u0107 nagietkow\u0105?<\/h2>\n<ul>\n<li><span class=\"OYPEnA text-decoration-none text-strikethrough-none\"><strong>naturalny sk\u0142ad<\/strong>: ekstrakt z nagietka, wyci\u0105g z nasion dzikiej r\u00f3\u017cy,<\/span> <span class=\"OYPEnA text-decoration-none text-strikethrough-none\">olej z owoc\u00f3w rokitnika, wyci\u0105g z rozmarynu<\/span><\/li>\n<li><span class=\"OYPEnA text-decoration-none text-strikethrough-none\"><strong>bez parafiny i wazeliny<\/strong>, w sk\u0142adzie znajdziesz olej ze s\u0142odkich migda\u0142\u00f3w i wosk pszczeli<\/span><\/li>\n<li><strong><span class=\"OYPEnA text-decoration-none text-strikethrough-none\">bez ulepszaczy<\/span><\/strong><\/li>\n<li><span class=\"OYPEnA text-decoration-none text-strikethrough-strikethrough\">100% olejek eteryczny &#8211; znany i lubiany przez sk\u00f3r\u0119 <a href=\"https:\/\/klaudynahebda.pl\/sklep\/copaiba\/\" target=\"_blank\" rel=\"noopener\"><strong>olejek copaiba<\/strong><\/a><\/span><\/li>\n<li><span class=\"OYPEnA text-decoration-none text-strikethrough-none\">wszechstronne zastosowanie &#8211; na otarcia, zadrapania latem, ma\u015b\u0107 ochronna na zim\u0119<\/span><\/li>\n<li><span class=\"OYPEnA text-decoration-none text-strikethrough-none\">przyjemna konsystencja &#8211; 100% badanych oceni\u0142o, \u017ce konsystencja im odpowiada lub zdecydowanie odpowiada<\/span><\/li>\n<li><span class=\"OYPEnA text-decoration-none text-strikethrough-none\">szybko si\u0119 wch\u0142ania<\/span> <span class=\"OYPEnA text-decoration-none text-strikethrough-none\">&#8211; 100% badanych oceni\u0142o, \u017ce wch\u0142anianie produktu im odpowiada lub zdecydowanie odpowiada<\/span><\/li>\n<li><span class=\"OYPEnA text-decoration-none text-strikethrough-none\"><strong>t<\/strong><\/span><span class=\"OYPEnA text-decoration-none text-strikethrough-none\"><strong>worzy na sk\u00f3rze ochronny film<\/strong>, kt\u00f3ry chroni przed czynnikami zewn\u0119trznymi, np. wiatrem<\/span><\/li>\n<li><span class=\"OYPEnA text-decoration-none text-strikethrough-none\">w s\u0142oiczku z ciemnego szk\u0142a, nie w tubce &#8211; nie wycieka po kolejnym u\u017cyciu\u00a0<\/span><\/li>\n<li><span class=\"OYPEnA text-decoration-none text-strikethrough-none\">przez niekt\u00f3rych ma\u015b\u0107 nagietkowa uwa\u017cana za bezpieczniejsz\u0105 ni\u017c ma\u015b\u0107 rumiankowa\u00a0<\/span><\/li>\n<li><strong><span class=\"OYPEnA text-decoration-none text-strikethrough-none\">nagietek u\u017cywany jest w niekt\u00f3rych kosmetykach dla dzieci i niemowl\u0105t<\/span><\/strong><\/li>\n<\/ul>\n<h2>Jak dzia\u0142a ma\u015b\u0107 nagietkowa?<\/h2>\n<p>Ma\u015b\u0107 nagietkowa zosta\u0142a przebadana pod nadzorem lekarza pediatry*. 100% badanych os\u00f3b po dw\u00f3ch tygodniach u\u017cywania potwierdzi\u0142o, \u017ce ma\u015b\u0107:<\/p>\n<ul>\n<li>daje sk\u00f3rze uczucie ulgi,<\/li>\n<li>daje uczucie regeneracji sk\u00f3ry,<\/li>\n<li>daje uczucie ukojenia i \u0142agodzenia,<\/li>\n<li>daje uczucie od\u017cywienia i nat\u0142uszczenia sk\u00f3ry,<\/li>\n<li>daje uczucie ochrony przed czynnikami zewn\u0119trznymi (np. przy wietrze, zimnie),<\/li>\n<li>zmniejsza uczucie napi\u0119cia sk\u00f3ry,<\/li>\n<li>daje uczucie wyg\u0142adzenia sk\u00f3ry po stosowaniu w okolicach pieluszkowych,<\/li>\n<li>ma odpowiedni\u0105 wydajno\u015b\u0107, konsystencj\u0119 i intensywno\u015b\u0107 zapachu.<\/li>\n<\/ul>\n<p>*W badaniu wzi\u0119\u0142o udzia\u0142 11 os\u00f3b. Ka\u017cda z nich przez 14 dni stosowa\u0142a ma\u015b\u0107 nagietkow\u0105 3-4 razy dziennie i dokona\u0142a subiektywnej oceny.<br \/>\nA\u017c 82% badanych kupi\u0142oby ma\u015b\u0107 nagietkow\u0105 i poleci\u0142oby j\u0105 przyjacielowi.<\/p>\n<h2>W jaki spos\u00f3b ma\u015b\u0107 nagietkowa mo\u017ce pom\u00f3c Twojej sk\u00f3rze?<\/h2>\n<p><span data-contrast=\"auto\">Stosuj\u0105c t\u0119 ma\u015b\u0107, mo\u017cesz liczy\u0107 na jej pomoc w r\u00f3\u017cnych sytuacjach. <strong>Koi i \u0142agodzi sk\u00f3r\u0119<\/strong>, <strong>daje uczucie od\u017cywienia<\/strong>, a po oparzeniach s\u0142onecznych lub w czasie zimy mo\u017cesz stosowa\u0107 j\u0105, \u017ceby <strong>zmniejszy\u0107 uczucie \u015bwi\u0105du, pieczenia czy wzmo\u017conego napi\u0119cia sk\u00f3ry.<\/strong><\/span><\/p>\n<p><span data-contrast=\"auto\">Ponadto ma\u015b\u0107 nagietkowa skutecznie przeciwdzia\u0142a \u0142uszczeniu si\u0119 sk\u00f3ry wynikaj\u0105cemu z niew\u0142a\u015bciwej piel\u0119gnacji, chroni\u0105c j\u0105 przed sucho\u015bci\u0105 i utrzymuj\u0105c jej zdrowy wygl\u0105d. <strong>Ma\u015b\u0107 nagietkowa daje uczucie mi\u0119kko\u015bci i wyg\u0142adza sk\u00f3r\u0119<\/strong>. Mo\u017ce by\u0107 r\u00f3wnie\u017c nieocenionym sojusznikiem w ochronie sk\u00f3ry podczas zimowych mroz\u00f3w, gwarantuj\u0105c ochron\u0119 dla r\u0105k podczas zabawy na zewn\u0105trz.<\/span><span data-ccp-props=\"{&quot;201341983&quot;:0,&quot;335551550&quot;:1,&quot;335551620&quot;:1,&quot;335559739&quot;:200,&quot;335559740&quot;:276,&quot;469777462&quot;:[1210],&quot;469777927&quot;:[0],&quot;469777928&quot;:[1]}\">\u00a0<\/span><\/p>\n<p>Ma\u015b\u0107 z nagietka to nie jedyna receptura Klaudyny Hebdy, kt\u00f3ra naturalnie zadba o Twoj\u0105 sk\u00f3r\u0119. Sprawd\u017a te\u017c: <a href=\"https:\/\/klaudynahebda.pl\/sklep\/zestaw-3-masci-masc-nagietkowa-masc-arnikowa-masc-topolowa\/\" target=\"_blank\" rel=\"noopener\">zestaw ma\u015bci z naturalnymi ekstraktami i olejkami eterycznymi: nagietkowa, topolowa i arnikowa<\/a>.<\/p>\n","protected":false},"excerpt":{"rendered":"<h2><strong>Ma\u015b\u0107 z nagietkiem lekarskim to&#8230;<\/strong><\/h2>\n<ul>\n<li>ma\u015b\u0107 zio\u0142owa, kt\u00f3ra naturalnie regeneruje mocno podra\u017cnion\u0105 i zaczerwienion\u0105 sk\u00f3r\u0119;<\/li>\n<li>naturalny spos\u00f3b na zrogowacia\u0142\u0105 sk\u00f3r\u0119;<\/li>\n<li>autorska kompozycja sk\u0142adnik\u00f3w zielarki i aromaterapeutki klinicznej stworzona w oparciu o tradycyjn\u0105, zio\u0142ow\u0105 receptur\u0119;<\/li>\n<li>mocne, st\u0119\u017cone ekstrakty zio\u0142owe o w\u0142a\u015bciwo\u015bciach goj\u0105cych i koj\u0105cych;<\/li>\n<li>formu\u0142a bez wazeliny &#8211; zamiast niej znajdziesz wosk pszczeli;<\/li>\n<li>bezpieczna formu\u0142a badana pod nadzorem pediatry, przeznaczona dla dzieci ju\u017c powy\u017cej 6. miesi\u0105ca \u017cycia.<\/li>\n<\/ul>\n<h2>Kiedy si\u0119gn\u0105\u0107 po ma\u015b\u0107 z nagietka lekarskiego?<\/h2>\n<p>Ma\u015b\u0107 nagietkowa przyda Ci si\u0119, je\u015bli potrzebujesz:<\/p>\n<ul>\n<li>szybkiej regeneracji sk\u00f3ry, zw\u0142aszcza punktowo (drobne otarcia, skaleczenia)<\/li>\n<li>czego\u015b, co z\u0142agodzi zmiany sk\u00f3rne (klientki u\u017cywaj\u0105 punktowo przy AZS czy drobnych odle\u017cynach)<\/li>\n<li>regeneracji mocno przesuszonej sk\u00f3ry (od deszczu, wiatru, ogrzewania czy smarkania)<\/li>\n<li>regeneracji suchej sk\u00f3ry na pi\u0119tach<\/li>\n<\/ul>\n<p>Og\u00f3lnie ma\u015b\u0107 jest dobra przy r\u00f3\u017cnych \u201edziwnych\u201d podra\u017cnieniach i zaczerwienieniach.<\/p>\n<p>&nbsp;<\/p>\n","protected":false},"featured_media":2221657,"comment_status":"open","ping_status":"closed","template":"","meta":[],"product_cat":[246,209],"product_tag":[],"acf":[],"yoast_head":"<!-- This site is optimized with the Yoast SEO plugin v19.6.1 - https:\/\/yoast.com\/wordpress\/plugins\/seo\/ -->\n<title>Ma\u015b\u0107 z nagietka lekarskiego - regeneruj\u0105ca sk\u00f3r\u0119 [30 ml] - Klaudyna Hebda Nature<\/title>\n<meta name=\"description\" content=\"Ma\u015b\u0107 z nagietka koi, piel\u0119gnuje i \u0142agodzi sk\u00f3r\u0119. Daje uczucie od\u017cywienia. U\u017cyta po oparzeniach s\u0142onecznych lub zim\u0105 zmniejsza uczucie pieczenia i napi\u0119cia.\" \/>\n<meta name=\"robots\" content=\"index, follow, max-snippet:-1, max-image-preview:large, max-video-preview:-1\" \/>\n<link rel=\"canonical\" href=\"https:\/\/klaudynahebda.pl\/sklep\/masc-nagietkowa\/\" \/>\n<meta property=\"og:locale\" content=\"pl_PL\" \/>\n<meta property=\"og:type\" content=\"article\" \/>\n<meta property=\"og:title\" content=\"Ma\u015b\u0107 z nagietka lekarskiego - regeneruj\u0105ca sk\u00f3r\u0119 [30 ml] - Klaudyna Hebda Nature\" \/>\n<meta property=\"og:description\" content=\"Ma\u015b\u0107 z nagietka koi, piel\u0119gnuje i \u0142agodzi sk\u00f3r\u0119. Daje uczucie od\u017cywienia. U\u017cyta po oparzeniach s\u0142onecznych lub zim\u0105 zmniejsza uczucie pieczenia i napi\u0119cia.\" \/>\n<meta property=\"og:url\" content=\"https:\/\/klaudynahebda.pl\/sklep\/masc-nagietkowa\/\" \/>\n<meta property=\"og:site_name\" content=\"Klaudyna Hebda Nature\" \/>\n<meta property=\"article:modified_time\" content=\"2026-04-05T20:20:15+00:00\" \/>\n<meta property=\"og:image\" content=\"https:\/\/klaudynahebda.pl\/sklep\/wp-content\/uploads\/2023\/05\/SKLEP_PRODUKT_MASC_NAGIETKOWA_01.jpg\" \/>\n\t<meta property=\"og:image:width\" content=\"900\" \/>\n\t<meta property=\"og:image:height\" content=\"1400\" \/>\n\t<meta property=\"og:image:type\" content=\"image\/jpeg\" \/>\n<meta name=\"twitter:card\" content=\"summary_large_image\" \/>\n<meta name=\"twitter:label1\" content=\"Szacowany czas czytania\" \/>\n\t<meta name=\"twitter:data1\" content=\"3 minuty\" \/>\n<script type=\"application\/ld+json\" class=\"yoast-schema-graph\">{\"@context\":\"https:\/\/schema.org\",\"@graph\":[{\"@type\":\"WebPage\",\"@id\":\"https:\/\/klaudynahebda.pl\/sklep\/masc-nagietkowa\/\",\"url\":\"https:\/\/klaudynahebda.pl\/sklep\/masc-nagietkowa\/\",\"name\":\"Ma\u015b\u0107 z nagietka lekarskiego - regeneruj\u0105ca sk\u00f3r\u0119 [30 ml] - Klaudyna Hebda Nature\",\"isPartOf\":{\"@id\":\"https:\/\/klaudynahebda.pl\/sklep\/#website\"},\"datePublished\":\"2023-05-09T15:36:10+00:00\",\"dateModified\":\"2026-04-05T20:20:15+00:00\",\"description\":\"Ma\u015b\u0107 z nagietka koi, piel\u0119gnuje i \u0142agodzi sk\u00f3r\u0119. Daje uczucie od\u017cywienia. U\u017cyta po oparzeniach s\u0142onecznych lub zim\u0105 zmniejsza uczucie pieczenia i napi\u0119cia.\",\"breadcrumb\":{\"@id\":\"https:\/\/klaudynahebda.pl\/sklep\/masc-nagietkowa\/#breadcrumb\"},\"inLanguage\":\"pl-PL\",\"potentialAction\":[{\"@type\":\"ReadAction\",\"target\":[\"https:\/\/klaudynahebda.pl\/sklep\/masc-nagietkowa\/\"]}]},{\"@type\":\"BreadcrumbList\",\"@id\":\"https:\/\/klaudynahebda.pl\/sklep\/masc-nagietkowa\/#breadcrumb\",\"itemListElement\":[{\"@type\":\"ListItem\",\"position\":1,\"name\":\"Strona g\u0142\u00f3wna\",\"item\":\"https:\/\/klaudynahebda.pl\/sklep\/\"},{\"@type\":\"ListItem\",\"position\":2,\"name\":\"Sklep\",\"item\":\"https:\/\/klaudynahebda.pl\/sklep\/sklep\/\"},{\"@type\":\"ListItem\",\"position\":3,\"name\":\"Ma\u015bci i balsamy\",\"item\":\"https:\/\/klaudynahebda.pl\/sklep\/masci\/\"},{\"@type\":\"ListItem\",\"position\":4,\"name\":\"Ma\u015b\u0107 z nagietka lekarskiego &#8211; regeneruj\u0105ca sk\u00f3r\u0119 [30 ml]\"}]},{\"@type\":\"WebSite\",\"@id\":\"https:\/\/klaudynahebda.pl\/sklep\/#website\",\"url\":\"https:\/\/klaudynahebda.pl\/sklep\/\",\"name\":\"Klaudyna Hebda Nature\",\"description\":\"Sklep\",\"publisher\":{\"@id\":\"https:\/\/klaudynahebda.pl\/sklep\/#organization\"},\"potentialAction\":[{\"@type\":\"SearchAction\",\"target\":{\"@type\":\"EntryPoint\",\"urlTemplate\":\"https:\/\/klaudynahebda.pl\/sklep\/?s={search_term_string}\"},\"query-input\":\"required name=search_term_string\"}],\"inLanguage\":\"pl-PL\"},{\"@type\":\"Organization\",\"@id\":\"https:\/\/klaudynahebda.pl\/sklep\/#organization\",\"name\":\"KlaudynaHebda\",\"url\":\"https:\/\/klaudynahebda.pl\/sklep\/\",\"sameAs\":[],\"logo\":{\"@type\":\"ImageObject\",\"inLanguage\":\"pl-PL\",\"@id\":\"https:\/\/klaudynahebda.pl\/sklep\/#\/schema\/logo\/image\/\",\"url\":\"\",\"contentUrl\":\"\",\"caption\":\"KlaudynaHebda\"},\"image\":{\"@id\":\"https:\/\/klaudynahebda.pl\/sklep\/#\/schema\/logo\/image\/\"}}]}<\/script>\n<!-- \/ Yoast SEO plugin. -->","yoast_head_json":{"title":"Ma\u015b\u0107 z nagietka lekarskiego - regeneruj\u0105ca sk\u00f3r\u0119 [30 ml] - Klaudyna Hebda Nature","description":"Ma\u015b\u0107 z nagietka koi, piel\u0119gnuje i \u0142agodzi sk\u00f3r\u0119. Daje uczucie od\u017cywienia. U\u017cyta po oparzeniach s\u0142onecznych lub zim\u0105 zmniejsza uczucie pieczenia i napi\u0119cia.","robots":{"index":"index","follow":"follow","max-snippet":"max-snippet:-1","max-image-preview":"max-image-preview:large","max-video-preview":"max-video-preview:-1"},"canonical":"https:\/\/klaudynahebda.pl\/sklep\/masc-nagietkowa\/","og_locale":"pl_PL","og_type":"article","og_title":"Ma\u015b\u0107 z nagietka lekarskiego - regeneruj\u0105ca sk\u00f3r\u0119 [30 ml] - Klaudyna Hebda Nature","og_description":"Ma\u015b\u0107 z nagietka koi, piel\u0119gnuje i \u0142agodzi sk\u00f3r\u0119. Daje uczucie od\u017cywienia. U\u017cyta po oparzeniach s\u0142onecznych lub zim\u0105 zmniejsza uczucie pieczenia i napi\u0119cia.","og_url":"https:\/\/klaudynahebda.pl\/sklep\/masc-nagietkowa\/","og_site_name":"Klaudyna Hebda Nature","article_modified_time":"2026-04-05T20:20:15+00:00","og_image":[{"width":900,"height":1400,"url":"https:\/\/klaudynahebda.pl\/sklep\/wp-content\/uploads\/2023\/05\/SKLEP_PRODUKT_MASC_NAGIETKOWA_01.jpg","type":"image\/jpeg"}],"twitter_card":"summary_large_image","twitter_misc":{"Szacowany czas czytania":"3 minuty"},"schema":{"@context":"https:\/\/schema.org","@graph":[{"@type":"WebPage","@id":"https:\/\/klaudynahebda.pl\/sklep\/masc-nagietkowa\/","url":"https:\/\/klaudynahebda.pl\/sklep\/masc-nagietkowa\/","name":"Ma\u015b\u0107 z nagietka lekarskiego - regeneruj\u0105ca sk\u00f3r\u0119 [30 ml] - Klaudyna Hebda Nature","isPartOf":{"@id":"https:\/\/klaudynahebda.pl\/sklep\/#website"},"datePublished":"2023-05-09T15:36:10+00:00","dateModified":"2026-04-05T20:20:15+00:00","description":"Ma\u015b\u0107 z nagietka koi, piel\u0119gnuje i \u0142agodzi sk\u00f3r\u0119. Daje uczucie od\u017cywienia. U\u017cyta po oparzeniach s\u0142onecznych lub zim\u0105 zmniejsza uczucie pieczenia i napi\u0119cia.","breadcrumb":{"@id":"https:\/\/klaudynahebda.pl\/sklep\/masc-nagietkowa\/#breadcrumb"},"inLanguage":"pl-PL","potentialAction":[{"@type":"ReadAction","target":["https:\/\/klaudynahebda.pl\/sklep\/masc-nagietkowa\/"]}]},{"@type":"BreadcrumbList","@id":"https:\/\/klaudynahebda.pl\/sklep\/masc-nagietkowa\/#breadcrumb","itemListElement":[{"@type":"ListItem","position":1,"name":"Strona g\u0142\u00f3wna","item":"https:\/\/klaudynahebda.pl\/sklep\/"},{"@type":"ListItem","position":2,"name":"Sklep","item":"https:\/\/klaudynahebda.pl\/sklep\/sklep\/"},{"@type":"ListItem","position":3,"name":"Ma\u015bci i balsamy","item":"https:\/\/klaudynahebda.pl\/sklep\/masci\/"},{"@type":"ListItem","position":4,"name":"Ma\u015b\u0107 z nagietka lekarskiego &#8211; regeneruj\u0105ca sk\u00f3r\u0119 [30 ml]"}]},{"@type":"WebSite","@id":"https:\/\/klaudynahebda.pl\/sklep\/#website","url":"https:\/\/klaudynahebda.pl\/sklep\/","name":"Klaudyna Hebda Nature","description":"Sklep","publisher":{"@id":"https:\/\/klaudynahebda.pl\/sklep\/#organization"},"potentialAction":[{"@type":"SearchAction","target":{"@type":"EntryPoint","urlTemplate":"https:\/\/klaudynahebda.pl\/sklep\/?s={search_term_string}"},"query-input":"required name=search_term_string"}],"inLanguage":"pl-PL"},{"@type":"Organization","@id":"https:\/\/klaudynahebda.pl\/sklep\/#organization","name":"KlaudynaHebda","url":"https:\/\/klaudynahebda.pl\/sklep\/","sameAs":[],"logo":{"@type":"ImageObject","inLanguage":"pl-PL","@id":"https:\/\/klaudynahebda.pl\/sklep\/#\/schema\/logo\/image\/","url":"","contentUrl":"","caption":"KlaudynaHebda"},"image":{"@id":"https:\/\/klaudynahebda.pl\/sklep\/#\/schema\/logo\/image\/"}}]}},"_links":{"self":[{"href":"https:\/\/klaudynahebda.pl\/sklep\/wp-json\/wp\/v2\/product\/1779124"}],"collection":[{"href":"https:\/\/klaudynahebda.pl\/sklep\/wp-json\/wp\/v2\/product"}],"about":[{"href":"https:\/\/klaudynahebda.pl\/sklep\/wp-json\/wp\/v2\/types\/product"}],"replies":[{"embeddable":true,"href":"https:\/\/klaudynahebda.pl\/sklep\/wp-json\/wp\/v2\/comments?post=1779124"}],"wp:featuredmedia":[{"embeddable":true,"href":"https:\/\/klaudynahebda.pl\/sklep\/wp-json\/wp\/v2\/media\/2221657"}],"wp:attachment":[{"href":"https:\/\/klaudynahebda.pl\/sklep\/wp-json\/wp\/v2\/media?parent=1779124"}],"wp:term":[{"taxonomy":"product_cat","embeddable":true,"href":"https:\/\/klaudynahebda.pl\/sklep\/wp-json\/wp\/v2\/product_cat?post=1779124"},{"taxonomy":"product_tag","embeddable":true,"href":"https:\/\/klaudynahebda.pl\/sklep\/wp-json\/wp\/v2\/product_tag?post=1779124"}],"curies":[{"name":"wp","href":"https:\/\/api.w.org\/{rel}","templated":true}]}}