{"id":176423,"date":"2021-08-24T17:43:02","date_gmt":"2021-08-24T15:43:02","guid":{"rendered":"https:\/\/klaudynahebda.pl\/sklep\/?post_type=product&#038;p=176423"},"modified":"2026-02-27T16:20:33","modified_gmt":"2026-02-27T15:20:33","slug":"zestaw-alchemikow","status":"publish","type":"product","link":"https:\/\/klaudynahebda.pl\/sklep\/zestaw-alchemikow\/","title":{"rendered":"Zestaw Czterech Alchemik\u00f3w\u00ae"},"content":{"rendered":"<h2><b>4 Achemik\u00f3w: wszystko, czego potrzebuje Twoja rodzina, \u017ceby cieszy\u0107 si\u0119 dobrym samopoczuciem.<\/b><\/h2>\n<p><span style=\"font-weight: 400;\">To prawdopodobnie nasz najbardziej uniwersalny zestaw. Mieszank\u0119 Czterech Alchemik\u00f3w\u00ae tworzy olejek kardamonowy, go\u017adzikowy, rozmarynowy, eukaliptusowy, pomara\u0144czowy i z li\u015bci cynamonu. Razem pachn\u0105 tak dobrze, jak Ci si\u0119 wydaje (niekt\u00f3rzy u\u017cywaj\u0105 mieszanki jako perfum, ale cichosza \u2014 niech pozostanie to ich sekretem). Spr\u00f3buj, nawet je\u015bli wydaje Ci si\u0119, \u017ce korzenne aromaty to nie Twoja bajka.\u00a0<\/span><\/p>\n<p><span style=\"font-weight: 400;\">Ania te\u017c tak my\u015bla\u0142a, dop\u00f3ki si\u0119 w tym zapachu nie zakocha\u0142a.\u00a0<\/span><\/p>\n<p>Ta mieszanka olejk\u00f3w eterycznych jest stworzona przeze mnie, a zamiast na legendzie opiera si\u0119 bardziej na wsp\u00f3\u0142czesnych badaniach nad w\u0142a\u015bciwo\u015bciami olejk\u00f3w. I dlatego w\u0142a\u015bnie postanowi\u0142am zmieni\u0107 nazw\u0119 na tak\u0105, kt\u00f3ra mniej ma si\u0119 kojarzy\u0107 z legend\u0105, a bardziej z potwierdzonym przez nauk\u0119 dzia\u0142aniem.<\/p>\n<h2><b>Zestaw Czterech Alchemik\u00f3w\u00ae \u2014 poznaj dzia\u0142anie olejk\u00f3w eterycznych<\/b><\/h2>\n<ul>\n<li style=\"font-weight: 400;\"><span style=\"font-weight: 400;\">W\u0105chanie olejk\u00f3w poprawia nastr\u00f3j.<\/span><\/li>\n<li style=\"font-weight: 400;\"><span style=\"font-weight: 400;\">Ich aromaty pomagaj\u0105 si\u0119 zregenerowa\u0107 po zm\u0119czeniu, kiedy Tw\u00f3j organizm jest bardziej nara\u017cony na jesienno-zimowe komplikacje.<\/span><\/li>\n<li style=\"font-weight: 400;\"><span style=\"font-weight: 400;\">Niekt\u00f3re Dziewczyny ten zapach wycisza, a inne wr\u0119cz przeciwnie \u2014 motywuje do dzia\u0142ania, wi\u0119c przekonaj si\u0119, jak zadzia\u0142a u Ciebie\u00a0<\/span><\/li>\n<\/ul>\n<p>&nbsp;<\/p>\n<p>\ud83d\udc49 Sprawd\u017a te\u017c inne nasze<a href=\"https:\/\/klaudynahebda.pl\/sklep\/zestawy\/\"> zestawy zio\u0142owych receptur<\/a> od Klaudyny Hebdy!<\/p>\n","protected":false},"excerpt":{"rendered":"<h2><strong>Zestaw Czterech Alchemik\u00f3w\u00ae to:<\/strong><\/h2>\n<ul>\n<li><strong>najs\u0142ynniejsza mieszanka \u015bwiata<\/strong> w najlepszej cenie i w zestawie, kt\u00f3ry nie ma sobie r\u00f3wnych;<\/li>\n<li>naturalny spos\u00f3b na <strong>popraw\u0119 samopoczucia;<\/strong><\/li>\n<li>naturalna<strong> alternatywa dla \u015brodk\u00f3w do od\u015bwie\u017cania<\/strong> powietrza,<\/li>\n<li><strong>ciep\u0142e, ob\u0142\u0119dnie korzenne<\/strong> aromaty &#8211; idealne szczeg\u00f3lnie wtedy, gdy pogoda nie rozpieszcza, a dni s\u0105 kr\u00f3tkie i ponure.<\/li>\n<\/ul>\n<h2><strong>Co znajduje si\u0119 w naszym zestawie korzennych receptur z olejkami eterycznymi?<\/strong><\/h2>\n<p><strong>W zestawie Czterech Alchemik\u00f3w\u00ae znajdziesz:<\/strong><\/p>\n<ul>\n<li>roll-on, bajecznie prosty w u\u017cyciu, kt\u00f3ry wrzucisz do torebki i zabierzesz na podb\u00f3j \u015bwiata<\/li>\n<li>olejek, idealny do dyfuzji lub dodawania do kosmetyk\u00f3w<\/li>\n<li>s\u00f3l do k\u0105pieli, kt\u00f3ra zamieni Twoj\u0105 wann\u0119 w 4 gwiazdkowe SPA<\/li>\n<li>spray, kt\u00f3rym jednocze\u015bnie od\u015bwie\u017cysz powietrze<\/li>\n<\/ul>\n<p>Wybierz wszechstronno\u015b\u0107.<br \/>\n<strong>Wybierz Zestaw Czterech Alchemik\u00f3w\u00ae.<\/strong><\/p>\n","protected":false},"featured_media":211843,"comment_status":"open","ping_status":"closed","template":"","meta":[],"product_cat":[244,114,36,90,210,39,129,46],"product_tag":[],"acf":[],"yoast_head":"<!-- This site is optimized with the Yoast SEO plugin v19.6.1 - https:\/\/yoast.com\/wordpress\/plugins\/seo\/ -->\n<title>Zestaw Czterech Alchemik\u00f3w\u00ae - Klaudyna Hebda Nature<\/title>\n<meta name=\"description\" content=\"To korzenne mikstury, kt\u00f3re wspomog\u0105 Ci\u0119 w walce o lepsz\u0105 odporno\u015b\u0107. Zestaw Czterech Alchemik\u00f3w\u00ae to roll-on, s\u00f3l, olejek i spray. \ud83d\udee1\ufe0fSprawd\u017a moc olejk\u00f3w!\" \/>\n<meta name=\"robots\" content=\"index, follow, max-snippet:-1, max-image-preview:large, max-video-preview:-1\" \/>\n<link rel=\"canonical\" href=\"https:\/\/klaudynahebda.pl\/sklep\/zestaw-alchemikow\/\" \/>\n<meta property=\"og:locale\" content=\"pl_PL\" \/>\n<meta property=\"og:type\" content=\"article\" \/>\n<meta property=\"og:title\" content=\"Zestaw Czterech Alchemik\u00f3w\u00ae - Klaudyna Hebda Nature\" \/>\n<meta property=\"og:description\" content=\"To korzenne mikstury, kt\u00f3re wspomog\u0105 Ci\u0119 w walce o lepsz\u0105 odporno\u015b\u0107. Zestaw Czterech Alchemik\u00f3w\u00ae to roll-on, s\u00f3l, olejek i spray. \ud83d\udee1\ufe0fSprawd\u017a moc olejk\u00f3w!\" \/>\n<meta property=\"og:url\" content=\"https:\/\/klaudynahebda.pl\/sklep\/zestaw-alchemikow\/\" \/>\n<meta property=\"og:site_name\" content=\"Klaudyna Hebda Nature\" \/>\n<meta property=\"article:modified_time\" content=\"2026-02-27T15:20:33+00:00\" \/>\n<meta property=\"og:image\" content=\"https:\/\/klaudynahebda.pl\/sklep\/wp-content\/uploads\/2021\/08\/Produkt_sklep_obrazek_zestaw_4a.png\" \/>\n\t<meta property=\"og:image:width\" content=\"900\" \/>\n\t<meta property=\"og:image:height\" content=\"1400\" \/>\n\t<meta property=\"og:image:type\" content=\"image\/png\" \/>\n<meta name=\"twitter:card\" content=\"summary_large_image\" \/>\n<meta name=\"twitter:label1\" content=\"Szacowany czas czytania\" \/>\n\t<meta name=\"twitter:data1\" content=\"2 minuty\" \/>\n<script type=\"application\/ld+json\" class=\"yoast-schema-graph\">{\"@context\":\"https:\/\/schema.org\",\"@graph\":[{\"@type\":\"WebPage\",\"@id\":\"https:\/\/klaudynahebda.pl\/sklep\/zestaw-alchemikow\/\",\"url\":\"https:\/\/klaudynahebda.pl\/sklep\/zestaw-alchemikow\/\",\"name\":\"Zestaw Czterech Alchemik\u00f3w\u00ae - Klaudyna Hebda Nature\",\"isPartOf\":{\"@id\":\"https:\/\/klaudynahebda.pl\/sklep\/#website\"},\"datePublished\":\"2021-08-24T15:43:02+00:00\",\"dateModified\":\"2026-02-27T15:20:33+00:00\",\"description\":\"To korzenne mikstury, kt\u00f3re wspomog\u0105 Ci\u0119 w walce o lepsz\u0105 odporno\u015b\u0107. Zestaw Czterech Alchemik\u00f3w\u00ae to roll-on, s\u00f3l, olejek i spray. \ud83d\udee1\ufe0fSprawd\u017a moc olejk\u00f3w!\",\"breadcrumb\":{\"@id\":\"https:\/\/klaudynahebda.pl\/sklep\/zestaw-alchemikow\/#breadcrumb\"},\"inLanguage\":\"pl-PL\",\"potentialAction\":[{\"@type\":\"ReadAction\",\"target\":[\"https:\/\/klaudynahebda.pl\/sklep\/zestaw-alchemikow\/\"]}]},{\"@type\":\"BreadcrumbList\",\"@id\":\"https:\/\/klaudynahebda.pl\/sklep\/zestaw-alchemikow\/#breadcrumb\",\"itemListElement\":[{\"@type\":\"ListItem\",\"position\":1,\"name\":\"Strona g\u0142\u00f3wna\",\"item\":\"https:\/\/klaudynahebda.pl\/sklep\/\"},{\"@type\":\"ListItem\",\"position\":2,\"name\":\"Sklep\",\"item\":\"https:\/\/klaudynahebda.pl\/sklep\/sklep\/\"},{\"@type\":\"ListItem\",\"position\":3,\"name\":\"Zestawy Klaudyna Hebda\",\"item\":\"https:\/\/klaudynahebda.pl\/sklep\/zestawy\/\"},{\"@type\":\"ListItem\",\"position\":4,\"name\":\"Zestaw Czterech Alchemik\u00f3w\u00ae\"}]},{\"@type\":\"WebSite\",\"@id\":\"https:\/\/klaudynahebda.pl\/sklep\/#website\",\"url\":\"https:\/\/klaudynahebda.pl\/sklep\/\",\"name\":\"Klaudyna Hebda Nature\",\"description\":\"Sklep\",\"publisher\":{\"@id\":\"https:\/\/klaudynahebda.pl\/sklep\/#organization\"},\"potentialAction\":[{\"@type\":\"SearchAction\",\"target\":{\"@type\":\"EntryPoint\",\"urlTemplate\":\"https:\/\/klaudynahebda.pl\/sklep\/?s={search_term_string}\"},\"query-input\":\"required name=search_term_string\"}],\"inLanguage\":\"pl-PL\"},{\"@type\":\"Organization\",\"@id\":\"https:\/\/klaudynahebda.pl\/sklep\/#organization\",\"name\":\"KlaudynaHebda\",\"url\":\"https:\/\/klaudynahebda.pl\/sklep\/\",\"sameAs\":[],\"logo\":{\"@type\":\"ImageObject\",\"inLanguage\":\"pl-PL\",\"@id\":\"https:\/\/klaudynahebda.pl\/sklep\/#\/schema\/logo\/image\/\",\"url\":\"\",\"contentUrl\":\"\",\"caption\":\"KlaudynaHebda\"},\"image\":{\"@id\":\"https:\/\/klaudynahebda.pl\/sklep\/#\/schema\/logo\/image\/\"}}]}<\/script>\n<!-- \/ Yoast SEO plugin. -->","yoast_head_json":{"title":"Zestaw Czterech Alchemik\u00f3w\u00ae - Klaudyna Hebda Nature","description":"To korzenne mikstury, kt\u00f3re wspomog\u0105 Ci\u0119 w walce o lepsz\u0105 odporno\u015b\u0107. Zestaw Czterech Alchemik\u00f3w\u00ae to roll-on, s\u00f3l, olejek i spray. \ud83d\udee1\ufe0fSprawd\u017a moc olejk\u00f3w!","robots":{"index":"index","follow":"follow","max-snippet":"max-snippet:-1","max-image-preview":"max-image-preview:large","max-video-preview":"max-video-preview:-1"},"canonical":"https:\/\/klaudynahebda.pl\/sklep\/zestaw-alchemikow\/","og_locale":"pl_PL","og_type":"article","og_title":"Zestaw Czterech Alchemik\u00f3w\u00ae - Klaudyna Hebda Nature","og_description":"To korzenne mikstury, kt\u00f3re wspomog\u0105 Ci\u0119 w walce o lepsz\u0105 odporno\u015b\u0107. Zestaw Czterech Alchemik\u00f3w\u00ae to roll-on, s\u00f3l, olejek i spray. \ud83d\udee1\ufe0fSprawd\u017a moc olejk\u00f3w!","og_url":"https:\/\/klaudynahebda.pl\/sklep\/zestaw-alchemikow\/","og_site_name":"Klaudyna Hebda Nature","article_modified_time":"2026-02-27T15:20:33+00:00","og_image":[{"width":900,"height":1400,"url":"https:\/\/klaudynahebda.pl\/sklep\/wp-content\/uploads\/2021\/08\/Produkt_sklep_obrazek_zestaw_4a.png","type":"image\/png"}],"twitter_card":"summary_large_image","twitter_misc":{"Szacowany czas czytania":"2 minuty"},"schema":{"@context":"https:\/\/schema.org","@graph":[{"@type":"WebPage","@id":"https:\/\/klaudynahebda.pl\/sklep\/zestaw-alchemikow\/","url":"https:\/\/klaudynahebda.pl\/sklep\/zestaw-alchemikow\/","name":"Zestaw Czterech Alchemik\u00f3w\u00ae - Klaudyna Hebda Nature","isPartOf":{"@id":"https:\/\/klaudynahebda.pl\/sklep\/#website"},"datePublished":"2021-08-24T15:43:02+00:00","dateModified":"2026-02-27T15:20:33+00:00","description":"To korzenne mikstury, kt\u00f3re wspomog\u0105 Ci\u0119 w walce o lepsz\u0105 odporno\u015b\u0107. Zestaw Czterech Alchemik\u00f3w\u00ae to roll-on, s\u00f3l, olejek i spray. \ud83d\udee1\ufe0fSprawd\u017a moc olejk\u00f3w!","breadcrumb":{"@id":"https:\/\/klaudynahebda.pl\/sklep\/zestaw-alchemikow\/#breadcrumb"},"inLanguage":"pl-PL","potentialAction":[{"@type":"ReadAction","target":["https:\/\/klaudynahebda.pl\/sklep\/zestaw-alchemikow\/"]}]},{"@type":"BreadcrumbList","@id":"https:\/\/klaudynahebda.pl\/sklep\/zestaw-alchemikow\/#breadcrumb","itemListElement":[{"@type":"ListItem","position":1,"name":"Strona g\u0142\u00f3wna","item":"https:\/\/klaudynahebda.pl\/sklep\/"},{"@type":"ListItem","position":2,"name":"Sklep","item":"https:\/\/klaudynahebda.pl\/sklep\/sklep\/"},{"@type":"ListItem","position":3,"name":"Zestawy Klaudyna Hebda","item":"https:\/\/klaudynahebda.pl\/sklep\/zestawy\/"},{"@type":"ListItem","position":4,"name":"Zestaw Czterech Alchemik\u00f3w\u00ae"}]},{"@type":"WebSite","@id":"https:\/\/klaudynahebda.pl\/sklep\/#website","url":"https:\/\/klaudynahebda.pl\/sklep\/","name":"Klaudyna Hebda Nature","description":"Sklep","publisher":{"@id":"https:\/\/klaudynahebda.pl\/sklep\/#organization"},"potentialAction":[{"@type":"SearchAction","target":{"@type":"EntryPoint","urlTemplate":"https:\/\/klaudynahebda.pl\/sklep\/?s={search_term_string}"},"query-input":"required name=search_term_string"}],"inLanguage":"pl-PL"},{"@type":"Organization","@id":"https:\/\/klaudynahebda.pl\/sklep\/#organization","name":"KlaudynaHebda","url":"https:\/\/klaudynahebda.pl\/sklep\/","sameAs":[],"logo":{"@type":"ImageObject","inLanguage":"pl-PL","@id":"https:\/\/klaudynahebda.pl\/sklep\/#\/schema\/logo\/image\/","url":"","contentUrl":"","caption":"KlaudynaHebda"},"image":{"@id":"https:\/\/klaudynahebda.pl\/sklep\/#\/schema\/logo\/image\/"}}]}},"_links":{"self":[{"href":"https:\/\/klaudynahebda.pl\/sklep\/wp-json\/wp\/v2\/product\/176423"}],"collection":[{"href":"https:\/\/klaudynahebda.pl\/sklep\/wp-json\/wp\/v2\/product"}],"about":[{"href":"https:\/\/klaudynahebda.pl\/sklep\/wp-json\/wp\/v2\/types\/product"}],"replies":[{"embeddable":true,"href":"https:\/\/klaudynahebda.pl\/sklep\/wp-json\/wp\/v2\/comments?post=176423"}],"wp:featuredmedia":[{"embeddable":true,"href":"https:\/\/klaudynahebda.pl\/sklep\/wp-json\/wp\/v2\/media\/211843"}],"wp:attachment":[{"href":"https:\/\/klaudynahebda.pl\/sklep\/wp-json\/wp\/v2\/media?parent=176423"}],"wp:term":[{"taxonomy":"product_cat","embeddable":true,"href":"https:\/\/klaudynahebda.pl\/sklep\/wp-json\/wp\/v2\/product_cat?post=176423"},{"taxonomy":"product_tag","embeddable":true,"href":"https:\/\/klaudynahebda.pl\/sklep\/wp-json\/wp\/v2\/product_tag?post=176423"}],"curies":[{"name":"wp","href":"https:\/\/api.w.org\/{rel}","templated":true}]}}