{"id":172061,"date":"2021-08-05T11:27:24","date_gmt":"2021-08-05T09:27:24","guid":{"rendered":"https:\/\/klaudynahebda.pl\/sklep\/?post_type=product&#038;p=172061"},"modified":"2026-04-10T13:48:17","modified_gmt":"2026-04-10T11:48:17","slug":"olejek-mieszanka-skupienie","status":"publish","type":"product","link":"https:\/\/klaudynahebda.pl\/sklep\/olejek-mieszanka-skupienie\/","title":{"rendered":"Olejek Skupienie &#8211; mieszanka 100% olejk\u00f3w eterycznych"},"content":{"rendered":"<h2><b>Olejki eteryczne, kt\u00f3re znajdziesz w mieszance Skupienie:<\/b><\/h2>\n<ul>\n<li><b>olejek eteryczny z rozmarynu:<\/b><span style=\"font-weight: 400;\">\u00a0 starannie dobrany przez aromaterapeutk\u0119 kliniczn\u0105 pod k\u0105tem biochemicznym; b\u0119dzie Twoim niezawodnym kompanem studenckich maraton\u00f3w i energetycznym zastrzykiem w jednym. Doskona\u0142y towarzysz podczas intensywnego czasu, w kt\u00f3rym zmagasz si\u0119 z egzaminami, planujesz kolejne etapy projektu czy rozwa\u017casz zdobywanie \u015bwiata, nie ruszaj\u0105c si\u0119 z wygodnego fotela. \ud83d\ude42<\/span><\/li>\n<li><b>olejek eteryczny z bergamotki<\/b><span style=\"font-weight: 400;\">: nie tylko kusi cytrusowym zapachem znanym z herbaty Earl Grey, ale te\u017c orze\u017awia i poprawia nastr\u00f3j. Bergamotka znana jest\u00a0 w aromaterapii jako &#8220;tonik nerwowy&#8221;, dlatego \u017ce jej zapach mo\u017ce pom\u00f3c, kiedy czujesz si\u0119 nadmiernie pobudzony (np. po du\u017cym stresie).<\/span><\/li>\n<li><b>olejek eteryczny z eukaliptusa<\/b>: aromat <span style=\"font-weight: 400;\">szybko stawia na nogi, oczyszcza umys\u0142 i przerywa znajdywanie powod\u00f3w, dla kt\u00f3rych mog\u0142aby\u015b jednak zacz\u0105\u0107 prac\u0119 p\u00f3\u017aniej\u2026<\/span><\/li>\n<li><b>olejek eteryczny copaiba: <\/b><span style=\"font-weight: 400;\">to bardzo mocny olejek, kt\u00f3rego kolejne w\u0142a\u015bciwo\u015bci ca\u0142y czas s\u0105 odkrywane\u00a0<\/span><\/li>\n<li><b>olejek eteryczny Frankincense:<\/b><span style=\"font-weight: 400;\"> jego zapach mo\u017ce dzia\u0142a\u0107 wyciszaj\u0105co; kadzid\u0142owca po prostu nie mog\u0142o zabrakn\u0105\u0107 w tej mieszance\u00a0<\/span><\/li>\n<\/ul>\n<h3><strong>Dyfuzor bezwodny \u2013 wydob\u0105d\u017a z Olejku Skupienie, co najlepsze<\/strong><\/h3>\n<p>Aby w pe\u0142ni czerpa\u0107 z w\u0142a\u015bciwo\u015bci olejk\u00f3w eterycznych, si\u0119gnij po <a href=\"https:\/\/klaudynahebda.pl\/sklep\/dyfuzor-do-aromaterapii\/\"><strong data-start=\"259\" data-end=\"288\">dyfuzor bezwodny K. HEBDA<\/strong><\/a> \u2013 urz\u0105dzenie, kt\u00f3re wydobywa 100% esencji zapachowej bez u\u017cycia wody i ciep\u0142a. D<span data-contrast=\"auto\">zi\u0119ki temu cz\u0105steczki olejk\u00f3w nie s\u0105 rozcie\u0144czone, a zapach jest dok\u0142adnie taki, jaki czujesz w\u0105chaj\u0105c buteleczk\u0119.<\/span><span data-ccp-props=\"{&quot;134233118&quot;:false,&quot;201341983&quot;:0,&quot;335559685&quot;:-20,&quot;335559737&quot;:-20,&quot;335559739&quot;:200,&quot;335559740&quot;:276}\">\u00a0<\/span><\/p>\n<p><span style=\"font-weight: 400;\">Wi\u0119cej o koncentracji i patentach na efektywn\u0105 prac\u0119 znajdziesz w tym artykule: <a href=\"https:\/\/klaudynahebda.pl\/7-technik-na-lepsze-skupienie\/\" target=\"_blank\" rel=\"noopener\">7 technik na skupienie<\/a><\/span><\/p>\n","protected":false},"excerpt":{"rendered":"<p><span style=\"font-weight: 400;\">Pe\u0142na koncentracja nie musi by\u0107 wyzwaniem.<br \/>\n<\/span><span style=\"font-weight: 400;\">Niech stanie si\u0119 po prostu cz\u0119\u015bci\u0105 Twojej codzienno\u015bci.\u00a0<\/span><\/p>\n<h2><strong>Mieszanka olejk\u00f3w eterycznych Skupienie to\u2026<\/strong><\/h2>\n<ul>\n<li style=\"font-weight: 400;\"><strong>szybka zapachowa, od\u015bwie\u017caj\u0105ca pomoc przy trudno\u015bciach z doko\u0144czeniem pracy czy domowych zada\u0144\u00a0<\/strong><\/li>\n<li style=\"font-weight: 400;\"><span style=\"font-weight: 400;\">a\u017c <strong>5 naturalnych 100% olejk\u00f3w eterycznych<\/strong> wybranych na podstawie wieloletniego do\u015bwiadczenia Klaudyny Hebdy<\/span><\/li>\n<li style=\"font-weight: 400;\"><span style=\"font-weight: 400;\"><strong>\u0142atwe stosowanie<\/strong>, kt\u00f3re nie wymaga specjalistycznego sprz\u0119tu\u00a0<\/span><\/li>\n<\/ul>\n<p>Ka\u017cdy z nas ma ten problem &#8211; trudno jest si\u0119 skupi\u0107 na rzeczach, kt\u00f3re trzeba zrobi\u0107, a jeszcze trudniej, gdy jest ich wiele, nie wiadomo, co za co zabra\u0107 si\u0119 najpierw. No i ta zgrzytaj\u0105ca my\u015bl, \u017ce znowu nie uda\u0142o si\u0119 zrobi\u0107 tego, co by si\u0119 chcia\u0142o&#8230;<\/p>\n<p>Dlatego dla tych, kt\u00f3rzy maj\u0105 zawsze pe\u0142ne r\u0119ce roboty, ale<strong> chc\u0105 si\u0119 skupi\u0107 i efektywnie pracowa\u0107,<\/strong> stworzy\u0142am Mieszanin\u0119 Skupienie.<\/p>\n<p><span style=\"font-weight: 400;\">Zr\u00f3b z niej dobry u\u017cytek i odzyskaj czas na to, co jest dla Ciebie naprawd\u0119 wa\u017cne. \ud83d\ude42<\/span><\/p>\n","protected":false},"featured_media":3227350,"comment_status":"open","ping_status":"closed","template":"","meta":[],"product_cat":[114,213,36,187,190],"product_tag":[],"acf":[],"yoast_head":"<!-- This site is optimized with the Yoast SEO plugin v19.6.1 - https:\/\/yoast.com\/wordpress\/plugins\/seo\/ -->\n<title>Olejek Skupienie - mieszanka 100% olejk\u00f3w eterycznych - Klaudyna Hebda Nature<\/title>\n<meta name=\"description\" content=\"Lista zada\u0144 ro\u015bnie, a Ty i tak nie mo\u017cesz si\u0119 skupi\u0107? \u2705 Skoncentruj si\u0119 na zio\u0142owym, od\u015bwie\u017caj\u0105cym zapachu olejk\u00f3w eterycznych w mieszance Skupienie.\" \/>\n<meta name=\"robots\" content=\"index, follow, max-snippet:-1, max-image-preview:large, max-video-preview:-1\" \/>\n<link rel=\"canonical\" href=\"https:\/\/klaudynahebda.pl\/sklep\/olejek-mieszanka-skupienie\/\" \/>\n<meta property=\"og:locale\" content=\"pl_PL\" \/>\n<meta property=\"og:type\" content=\"article\" \/>\n<meta property=\"og:title\" content=\"Olejek Skupienie - mieszanka 100% olejk\u00f3w eterycznych - Klaudyna Hebda Nature\" \/>\n<meta property=\"og:description\" content=\"Lista zada\u0144 ro\u015bnie, a Ty i tak nie mo\u017cesz si\u0119 skupi\u0107? \u2705 Skoncentruj si\u0119 na zio\u0142owym, od\u015bwie\u017caj\u0105cym zapachu olejk\u00f3w eterycznych w mieszance Skupienie.\" \/>\n<meta property=\"og:url\" content=\"https:\/\/klaudynahebda.pl\/sklep\/olejek-mieszanka-skupienie\/\" \/>\n<meta property=\"og:site_name\" content=\"Klaudyna Hebda Nature\" \/>\n<meta property=\"article:modified_time\" content=\"2026-04-10T11:48:17+00:00\" \/>\n<meta property=\"og:image\" content=\"https:\/\/klaudynahebda.pl\/sklep\/wp-content\/uploads\/2021\/08\/16.jpg\" \/>\n\t<meta property=\"og:image:width\" content=\"1020\" \/>\n\t<meta property=\"og:image:height\" content=\"1530\" \/>\n\t<meta property=\"og:image:type\" content=\"image\/jpeg\" \/>\n<meta name=\"twitter:card\" content=\"summary_large_image\" \/>\n<meta name=\"twitter:label1\" content=\"Szacowany czas czytania\" \/>\n\t<meta name=\"twitter:data1\" content=\"2 minuty\" \/>\n<script type=\"application\/ld+json\" class=\"yoast-schema-graph\">{\"@context\":\"https:\/\/schema.org\",\"@graph\":[{\"@type\":\"WebPage\",\"@id\":\"https:\/\/klaudynahebda.pl\/sklep\/olejek-mieszanka-skupienie\/\",\"url\":\"https:\/\/klaudynahebda.pl\/sklep\/olejek-mieszanka-skupienie\/\",\"name\":\"Olejek Skupienie - mieszanka 100% olejk\u00f3w eterycznych - Klaudyna Hebda Nature\",\"isPartOf\":{\"@id\":\"https:\/\/klaudynahebda.pl\/sklep\/#website\"},\"datePublished\":\"2021-08-05T09:27:24+00:00\",\"dateModified\":\"2026-04-10T11:48:17+00:00\",\"description\":\"Lista zada\u0144 ro\u015bnie, a Ty i tak nie mo\u017cesz si\u0119 skupi\u0107? \u2705 Skoncentruj si\u0119 na zio\u0142owym, od\u015bwie\u017caj\u0105cym zapachu olejk\u00f3w eterycznych w mieszance Skupienie.\",\"breadcrumb\":{\"@id\":\"https:\/\/klaudynahebda.pl\/sklep\/olejek-mieszanka-skupienie\/#breadcrumb\"},\"inLanguage\":\"pl-PL\",\"potentialAction\":[{\"@type\":\"ReadAction\",\"target\":[\"https:\/\/klaudynahebda.pl\/sklep\/olejek-mieszanka-skupienie\/\"]}]},{\"@type\":\"BreadcrumbList\",\"@id\":\"https:\/\/klaudynahebda.pl\/sklep\/olejek-mieszanka-skupienie\/#breadcrumb\",\"itemListElement\":[{\"@type\":\"ListItem\",\"position\":1,\"name\":\"Strona g\u0142\u00f3wna\",\"item\":\"https:\/\/klaudynahebda.pl\/sklep\/\"},{\"@type\":\"ListItem\",\"position\":2,\"name\":\"Sklep\",\"item\":\"https:\/\/klaudynahebda.pl\/sklep\/sklep\/\"},{\"@type\":\"ListItem\",\"position\":3,\"name\":\"Autorskie mieszanki olejk\u00f3w eterycznych\",\"item\":\"https:\/\/klaudynahebda.pl\/sklep\/autorskie-mieszanki-olejkow\/\"},{\"@type\":\"ListItem\",\"position\":4,\"name\":\"Olejek Skupienie &#8211; mieszanka 100% olejk\u00f3w eterycznych\"}]},{\"@type\":\"WebSite\",\"@id\":\"https:\/\/klaudynahebda.pl\/sklep\/#website\",\"url\":\"https:\/\/klaudynahebda.pl\/sklep\/\",\"name\":\"Klaudyna Hebda Nature\",\"description\":\"Sklep\",\"publisher\":{\"@id\":\"https:\/\/klaudynahebda.pl\/sklep\/#organization\"},\"potentialAction\":[{\"@type\":\"SearchAction\",\"target\":{\"@type\":\"EntryPoint\",\"urlTemplate\":\"https:\/\/klaudynahebda.pl\/sklep\/?s={search_term_string}\"},\"query-input\":\"required name=search_term_string\"}],\"inLanguage\":\"pl-PL\"},{\"@type\":\"Organization\",\"@id\":\"https:\/\/klaudynahebda.pl\/sklep\/#organization\",\"name\":\"KlaudynaHebda\",\"url\":\"https:\/\/klaudynahebda.pl\/sklep\/\",\"sameAs\":[],\"logo\":{\"@type\":\"ImageObject\",\"inLanguage\":\"pl-PL\",\"@id\":\"https:\/\/klaudynahebda.pl\/sklep\/#\/schema\/logo\/image\/\",\"url\":\"\",\"contentUrl\":\"\",\"caption\":\"KlaudynaHebda\"},\"image\":{\"@id\":\"https:\/\/klaudynahebda.pl\/sklep\/#\/schema\/logo\/image\/\"}}]}<\/script>\n<!-- \/ Yoast SEO plugin. -->","yoast_head_json":{"title":"Olejek Skupienie - mieszanka 100% olejk\u00f3w eterycznych - Klaudyna Hebda Nature","description":"Lista zada\u0144 ro\u015bnie, a Ty i tak nie mo\u017cesz si\u0119 skupi\u0107? \u2705 Skoncentruj si\u0119 na zio\u0142owym, od\u015bwie\u017caj\u0105cym zapachu olejk\u00f3w eterycznych w mieszance Skupienie.","robots":{"index":"index","follow":"follow","max-snippet":"max-snippet:-1","max-image-preview":"max-image-preview:large","max-video-preview":"max-video-preview:-1"},"canonical":"https:\/\/klaudynahebda.pl\/sklep\/olejek-mieszanka-skupienie\/","og_locale":"pl_PL","og_type":"article","og_title":"Olejek Skupienie - mieszanka 100% olejk\u00f3w eterycznych - Klaudyna Hebda Nature","og_description":"Lista zada\u0144 ro\u015bnie, a Ty i tak nie mo\u017cesz si\u0119 skupi\u0107? \u2705 Skoncentruj si\u0119 na zio\u0142owym, od\u015bwie\u017caj\u0105cym zapachu olejk\u00f3w eterycznych w mieszance Skupienie.","og_url":"https:\/\/klaudynahebda.pl\/sklep\/olejek-mieszanka-skupienie\/","og_site_name":"Klaudyna Hebda Nature","article_modified_time":"2026-04-10T11:48:17+00:00","og_image":[{"width":1020,"height":1530,"url":"https:\/\/klaudynahebda.pl\/sklep\/wp-content\/uploads\/2021\/08\/16.jpg","type":"image\/jpeg"}],"twitter_card":"summary_large_image","twitter_misc":{"Szacowany czas czytania":"2 minuty"},"schema":{"@context":"https:\/\/schema.org","@graph":[{"@type":"WebPage","@id":"https:\/\/klaudynahebda.pl\/sklep\/olejek-mieszanka-skupienie\/","url":"https:\/\/klaudynahebda.pl\/sklep\/olejek-mieszanka-skupienie\/","name":"Olejek Skupienie - mieszanka 100% olejk\u00f3w eterycznych - Klaudyna Hebda Nature","isPartOf":{"@id":"https:\/\/klaudynahebda.pl\/sklep\/#website"},"datePublished":"2021-08-05T09:27:24+00:00","dateModified":"2026-04-10T11:48:17+00:00","description":"Lista zada\u0144 ro\u015bnie, a Ty i tak nie mo\u017cesz si\u0119 skupi\u0107? \u2705 Skoncentruj si\u0119 na zio\u0142owym, od\u015bwie\u017caj\u0105cym zapachu olejk\u00f3w eterycznych w mieszance Skupienie.","breadcrumb":{"@id":"https:\/\/klaudynahebda.pl\/sklep\/olejek-mieszanka-skupienie\/#breadcrumb"},"inLanguage":"pl-PL","potentialAction":[{"@type":"ReadAction","target":["https:\/\/klaudynahebda.pl\/sklep\/olejek-mieszanka-skupienie\/"]}]},{"@type":"BreadcrumbList","@id":"https:\/\/klaudynahebda.pl\/sklep\/olejek-mieszanka-skupienie\/#breadcrumb","itemListElement":[{"@type":"ListItem","position":1,"name":"Strona g\u0142\u00f3wna","item":"https:\/\/klaudynahebda.pl\/sklep\/"},{"@type":"ListItem","position":2,"name":"Sklep","item":"https:\/\/klaudynahebda.pl\/sklep\/sklep\/"},{"@type":"ListItem","position":3,"name":"Autorskie mieszanki olejk\u00f3w eterycznych","item":"https:\/\/klaudynahebda.pl\/sklep\/autorskie-mieszanki-olejkow\/"},{"@type":"ListItem","position":4,"name":"Olejek Skupienie &#8211; mieszanka 100% olejk\u00f3w eterycznych"}]},{"@type":"WebSite","@id":"https:\/\/klaudynahebda.pl\/sklep\/#website","url":"https:\/\/klaudynahebda.pl\/sklep\/","name":"Klaudyna Hebda Nature","description":"Sklep","publisher":{"@id":"https:\/\/klaudynahebda.pl\/sklep\/#organization"},"potentialAction":[{"@type":"SearchAction","target":{"@type":"EntryPoint","urlTemplate":"https:\/\/klaudynahebda.pl\/sklep\/?s={search_term_string}"},"query-input":"required name=search_term_string"}],"inLanguage":"pl-PL"},{"@type":"Organization","@id":"https:\/\/klaudynahebda.pl\/sklep\/#organization","name":"KlaudynaHebda","url":"https:\/\/klaudynahebda.pl\/sklep\/","sameAs":[],"logo":{"@type":"ImageObject","inLanguage":"pl-PL","@id":"https:\/\/klaudynahebda.pl\/sklep\/#\/schema\/logo\/image\/","url":"","contentUrl":"","caption":"KlaudynaHebda"},"image":{"@id":"https:\/\/klaudynahebda.pl\/sklep\/#\/schema\/logo\/image\/"}}]}},"_links":{"self":[{"href":"https:\/\/klaudynahebda.pl\/sklep\/wp-json\/wp\/v2\/product\/172061"}],"collection":[{"href":"https:\/\/klaudynahebda.pl\/sklep\/wp-json\/wp\/v2\/product"}],"about":[{"href":"https:\/\/klaudynahebda.pl\/sklep\/wp-json\/wp\/v2\/types\/product"}],"replies":[{"embeddable":true,"href":"https:\/\/klaudynahebda.pl\/sklep\/wp-json\/wp\/v2\/comments?post=172061"}],"wp:featuredmedia":[{"embeddable":true,"href":"https:\/\/klaudynahebda.pl\/sklep\/wp-json\/wp\/v2\/media\/3227350"}],"wp:attachment":[{"href":"https:\/\/klaudynahebda.pl\/sklep\/wp-json\/wp\/v2\/media?parent=172061"}],"wp:term":[{"taxonomy":"product_cat","embeddable":true,"href":"https:\/\/klaudynahebda.pl\/sklep\/wp-json\/wp\/v2\/product_cat?post=172061"},{"taxonomy":"product_tag","embeddable":true,"href":"https:\/\/klaudynahebda.pl\/sklep\/wp-json\/wp\/v2\/product_tag?post=172061"}],"curies":[{"name":"wp","href":"https:\/\/api.w.org\/{rel}","templated":true}]}}