{"id":172060,"date":"2021-08-05T11:26:44","date_gmt":"2021-08-05T09:26:44","guid":{"rendered":"https:\/\/klaudynahebda.pl\/sklep\/?post_type=product&#038;p=172060"},"modified":"2026-04-09T10:33:08","modified_gmt":"2026-04-09T08:33:08","slug":"olejek-mieszanka-medytacja","status":"publish","type":"product","link":"https:\/\/klaudynahebda.pl\/sklep\/olejek-mieszanka-medytacja\/","title":{"rendered":"Olejek Medytacja &#8211; mieszanka 100% olejk\u00f3w eterycznych"},"content":{"rendered":"<h2><strong>Czym jest i jak pachnie mieszanka olejk\u00f3w eterycznych Medytacja?<\/strong><\/h2>\n<p><span style=\"font-weight: 400;\">Mieszanka Medytacja to a\u017c 8 naturalnych olejk\u00f3w eterycznych, w\u015br\u00f3d kt\u00f3rych odkryjesz r\u00f3wnie\u017c te najbardziej nieuchwytne jako Palo santo, kadzid\u0142o czy bia\u0142a jod\u0142a. Wszystkie pochodz\u0105 od sprawdzonych dostawc\u00f3w najwy\u017cszej klasy.\u00a0<\/span><\/p>\n<p><span style=\"font-weight: 400;\">\u015awi\u0105tynia bez \u015bcian i dachu, stoj\u0105ca po\u015brodku lasu &#8211; tak opisa\u0142abym zapach Mieszanki Medytacja, a i wci\u0105\u017c nie uj\u0119\u0142abym w s\u0142owa wszystkiego, co si\u0119 w nim kryje.\u00a0<\/span><span style=\"font-weight: 400;\">By\u0107 mo\u017ce te\u017c dlatego, \u017ce tak jak Ty zmieniasz si\u0119 podczas praktyki, tak i nuty wybranych olejk\u00f3w czasem wybrzmiewaj\u0105 mocniej, a innym razem znowu bardziej nie\u015bmia\u0142o?\u00a0<\/span><\/p>\n<h2><b>Jakie olejki eteryczne do medytacji znajdziesz w tej mieszance?\u00a0<\/b><\/h2>\n<ul>\n<li><b>olejek eteryczny kadzid\u0142owy Frankincense:<\/b><span style=\"font-weight: 400;\"> m\u00f3wi\u0119 o nim \u2018\u2019las w kropelce\u2019\u2019, bo dzia\u0142a na nasze cia\u0142o tak, jak spacer le\u015bn\u0105 \u015bcie\u017ck\u0105<\/span><\/li>\n<li><b>olejek eteryczny z jod\u0142y bia\u0142ej:<\/b><span style=\"font-weight: 400;\"> o bardzo ciekawym, iglicznym zapachu pozwala nam poczu\u0107 pod stopami las i naturalnie si\u0119 zrelaksowa\u0107, odsuwaj\u0105c negatywne my\u015bli\u00a0<\/span><\/li>\n<li><b>olejek eteryczny z Palo santo<\/b><span style=\"font-weight: 400;\">: mistyczny, oczyszczaj\u0105cy przestrze\u0144 ze z\u0142ej energii, znany przede wszystkim z India\u0144skich rytua\u0142\u00f3w; ten konkretny olejek pozyskiwany jest z szacunkiem osobi\u015bcie przez Indian w oparciu o ich tradycj\u0119\u00a0<\/span><\/li>\n<li><b>olejek eteryczny ylang ylang:<\/b><span style=\"font-weight: 400;\"> wed\u0142ug autora ksi\u0105\u017cki <\/span><i><span style=\"font-weight: 400;\">Aromatica<\/span><\/i><span style=\"font-weight: 400;\">, ylang ylang dzia\u0142a na nasz uk\u0142ad limbiczny i pozbawia nas zahamowa\u0144, kt\u00f3re wynikaj\u0105 z niepewno\u015bci czy zdenerwowania; podczas medytacji mocno \u2018\u2019otula\u2019\u2019, a jego charakterystyczn\u0105 nut\u0119 mo\u017cesz zna\u0107 z perfum Chanel nr 5\u00a0<\/span><\/li>\n<li><b>olejek eteryczny lawendowy: <\/b>zapach <span style=\"font-weight: 400;\">dzia\u0142a relaksuj\u0105co i ma ciekaw\u0105, s\u0142odko &#8211; zieln\u0105 nut\u0105<\/span><\/li>\n<li><b>olejek eteryczny z drzewa herbacianego:<\/b><span style=\"font-weight: 400;\"> drzewo herbaciane pojawia si\u0119 ju\u017c w legendach Aborygen\u00f3w, gdzie pomaga zb\u0142\u0105kanym znale\u017a\u0107 drog\u0119<\/span><\/li>\n<li><b>olejek eteryczny copaiba:<\/b><span style=\"font-weight: 400;\">\u00a0to bardzo mocny olejek, kt\u00f3rego kolejne w\u0142a\u015bciwo\u015bci ca\u0142y czas s\u0105 odkrywane\u00a0<\/span><\/li>\n<li><b>olejek eteryczny paczula:<\/b><span style=\"font-weight: 400;\"> zapach mo\u017ce podnosi\u0107 na duchu i poprawia\u0107 samopoczucie; to moja pierwsza, ale z pewno\u015bci\u0105 nie ostatnia mieszanka, w kt\u00f3rej mo\u017cna znale\u017a\u0107 ten pi\u0119kny olejek\u00a0<\/span><\/li>\n<\/ul>\n<p><strong>Nowa, od\u015bwie\u017cona etykieta w wersji 5 ml<\/strong><br \/>\nTo wci\u0105\u017c ten sam, uwielbiany przez Was olejek \u2013 zmieni\u0142 si\u0119 tylko jego wygl\u0105d.<\/p>\n<p>&nbsp;<\/p>\n<p>\u27a1\ufe0f Sprawd\u017a te\u017c:<\/p>\n<ul>\n<li><a href=\"https:\/\/klaudynahebda.pl\/sklep\/roll-on-medytacja\/\"> roll-on Medytacja<\/a> do bezpiecznego stosowania bezpo\u015brednio na sk\u00f3r\u0119.<\/li>\n<li><a href=\"https:\/\/klaudynahebda.pl\/sklep\/dyfuzor-do-aromaterapii\/\">dyfuzor bezprzewodowy<\/a>\u00a0do aromaterapii<\/li>\n<li>inne<a href=\"https:\/\/klaudynahebda.pl\/sklep\/olejki-eteryczne\/\"> olejki eteryczne<\/a> K. Hebda.<\/li>\n<\/ul>\n","protected":false},"excerpt":{"rendered":"<h2><strong>Mieszanka Medytacja to:<\/strong><\/h2>\n<ul>\n<li><strong>aromaterapeutyczny kompan podczas medytacji, jogi, ta\u0144ca <\/strong>lub wtedy, kiedy potrzebujesz zapachu do pe\u0142nej koncentracji i poczucia jedno\u015bci z w\u0142asnym cia\u0142em.<\/li>\n<li><span style=\"font-weight: 400;\">100% olejki eteryczne, dzi\u0119ki kt\u00f3rym <strong>ca\u0142\u0105 sob\u0105 odczujesz korzy\u015bci z praktyki<\/strong><\/span><\/li>\n<li><span style=\"font-weight: 400;\">autorska kompozycja aromaterapeutki i podr\u00f3\u017cniczki \u2014 to <strong style=\"font-weight: 400;\">olejki ze \u015bwiata tysi\u0105cletnich rytua\u0142\u00f3w<\/strong> i s\u0142\u00f3w w zapomnianych ju\u017c j\u0119zykach<\/span><\/li>\n<li><span style=\"font-weight: 400;\">magia ro\u015blin zamkni\u0119ta w ka\u017cdej kropli receptury<\/span><\/li>\n<\/ul>\n<p><span style=\"font-weight: 400;\"><strong>Wystarczy odrobinka zapachu na nadgarstku,<br \/>\n\u017ceby\u015b us\u0142ysza\u0142a bicie swojego serca.\u00a0<\/strong><br \/>\n<\/span><\/p>\n<p><span style=\"font-weight: 400;\">Nie my\u015bla\u0142a o tym, co by\u0142o czy co b\u0119dzie.<br \/>\n<\/span><span style=\"font-weight: 400;\">Tylko po prostu\u2026 by\u0142a.<br \/>\n<\/span><span style=\"font-weight: 400;\">Tu i teraz.\u00a0<\/span><\/p>\n<p><strong>Nowa, od\u015bwie\u017cona etykieta w wersji 5 ml<\/strong><br \/>\nTo wci\u0105\u017c ten sam, uwielbiany przez Was olejek \u2013 zmieni\u0142 si\u0119 tylko jego wygl\u0105d.<\/p>\n","protected":false},"featured_media":3387770,"comment_status":"open","ping_status":"closed","template":"","meta":[],"product_cat":[114,130,213,36,118],"product_tag":[],"acf":[],"yoast_head":"<!-- This site is optimized with the Yoast SEO plugin v19.6.1 - https:\/\/yoast.com\/wordpress\/plugins\/seo\/ -->\n<title>Olejek Medytacja - mieszanka 100% olejk\u00f3w eterycznych - Klaudyna Hebda Nature<\/title>\n<meta name=\"description\" content=\"Pi\u0119kna mieszanka o zapachu lasu i kadzid\u0142a. Pomo\u017ce Ci by\u0107 tylko tu i teraz - zar\u00f3wno podczas praktyki jogi, medytacji, ta\u0144ca, jak i po prostu odpoczynku.\" \/>\n<meta name=\"robots\" content=\"index, follow, max-snippet:-1, max-image-preview:large, max-video-preview:-1\" \/>\n<link rel=\"canonical\" href=\"https:\/\/klaudynahebda.pl\/sklep\/olejek-mieszanka-medytacja\/\" \/>\n<meta property=\"og:locale\" content=\"pl_PL\" \/>\n<meta property=\"og:type\" content=\"article\" \/>\n<meta property=\"og:title\" content=\"Olejek Medytacja - mieszanka 100% olejk\u00f3w eterycznych - Klaudyna Hebda Nature\" \/>\n<meta property=\"og:description\" content=\"Pi\u0119kna mieszanka o zapachu lasu i kadzid\u0142a. Pomo\u017ce Ci by\u0107 tylko tu i teraz - zar\u00f3wno podczas praktyki jogi, medytacji, ta\u0144ca, jak i po prostu odpoczynku.\" \/>\n<meta property=\"og:url\" content=\"https:\/\/klaudynahebda.pl\/sklep\/olejek-mieszanka-medytacja\/\" \/>\n<meta property=\"og:site_name\" content=\"Klaudyna Hebda Nature\" \/>\n<meta property=\"article:modified_time\" content=\"2026-04-09T08:33:08+00:00\" \/>\n<meta property=\"og:image\" content=\"https:\/\/klaudynahebda.pl\/sklep\/wp-content\/uploads\/2021\/08\/olejek-medytacja-5ml-k-hebda-packshot.jpg.png\" \/>\n\t<meta property=\"og:image:width\" content=\"844\" \/>\n\t<meta property=\"og:image:height\" content=\"1152\" \/>\n\t<meta property=\"og:image:type\" content=\"image\/png\" \/>\n<meta name=\"twitter:card\" content=\"summary_large_image\" \/>\n<meta name=\"twitter:label1\" content=\"Szacowany czas czytania\" \/>\n\t<meta name=\"twitter:data1\" content=\"2 minuty\" \/>\n<script type=\"application\/ld+json\" class=\"yoast-schema-graph\">{\"@context\":\"https:\/\/schema.org\",\"@graph\":[{\"@type\":\"WebPage\",\"@id\":\"https:\/\/klaudynahebda.pl\/sklep\/olejek-mieszanka-medytacja\/\",\"url\":\"https:\/\/klaudynahebda.pl\/sklep\/olejek-mieszanka-medytacja\/\",\"name\":\"Olejek Medytacja - mieszanka 100% olejk\u00f3w eterycznych - Klaudyna Hebda Nature\",\"isPartOf\":{\"@id\":\"https:\/\/klaudynahebda.pl\/sklep\/#website\"},\"datePublished\":\"2021-08-05T09:26:44+00:00\",\"dateModified\":\"2026-04-09T08:33:08+00:00\",\"description\":\"Pi\u0119kna mieszanka o zapachu lasu i kadzid\u0142a. Pomo\u017ce Ci by\u0107 tylko tu i teraz - zar\u00f3wno podczas praktyki jogi, medytacji, ta\u0144ca, jak i po prostu odpoczynku.\",\"breadcrumb\":{\"@id\":\"https:\/\/klaudynahebda.pl\/sklep\/olejek-mieszanka-medytacja\/#breadcrumb\"},\"inLanguage\":\"pl-PL\",\"potentialAction\":[{\"@type\":\"ReadAction\",\"target\":[\"https:\/\/klaudynahebda.pl\/sklep\/olejek-mieszanka-medytacja\/\"]}]},{\"@type\":\"BreadcrumbList\",\"@id\":\"https:\/\/klaudynahebda.pl\/sklep\/olejek-mieszanka-medytacja\/#breadcrumb\",\"itemListElement\":[{\"@type\":\"ListItem\",\"position\":1,\"name\":\"Strona g\u0142\u00f3wna\",\"item\":\"https:\/\/klaudynahebda.pl\/sklep\/\"},{\"@type\":\"ListItem\",\"position\":2,\"name\":\"Sklep\",\"item\":\"https:\/\/klaudynahebda.pl\/sklep\/sklep\/\"},{\"@type\":\"ListItem\",\"position\":3,\"name\":\"Autorskie mieszanki olejk\u00f3w eterycznych\",\"item\":\"https:\/\/klaudynahebda.pl\/sklep\/autorskie-mieszanki-olejkow\/\"},{\"@type\":\"ListItem\",\"position\":4,\"name\":\"Olejek Medytacja &#8211; mieszanka 100% olejk\u00f3w eterycznych\"}]},{\"@type\":\"WebSite\",\"@id\":\"https:\/\/klaudynahebda.pl\/sklep\/#website\",\"url\":\"https:\/\/klaudynahebda.pl\/sklep\/\",\"name\":\"Klaudyna Hebda Nature\",\"description\":\"Sklep\",\"publisher\":{\"@id\":\"https:\/\/klaudynahebda.pl\/sklep\/#organization\"},\"potentialAction\":[{\"@type\":\"SearchAction\",\"target\":{\"@type\":\"EntryPoint\",\"urlTemplate\":\"https:\/\/klaudynahebda.pl\/sklep\/?s={search_term_string}\"},\"query-input\":\"required name=search_term_string\"}],\"inLanguage\":\"pl-PL\"},{\"@type\":\"Organization\",\"@id\":\"https:\/\/klaudynahebda.pl\/sklep\/#organization\",\"name\":\"KlaudynaHebda\",\"url\":\"https:\/\/klaudynahebda.pl\/sklep\/\",\"sameAs\":[],\"logo\":{\"@type\":\"ImageObject\",\"inLanguage\":\"pl-PL\",\"@id\":\"https:\/\/klaudynahebda.pl\/sklep\/#\/schema\/logo\/image\/\",\"url\":\"\",\"contentUrl\":\"\",\"caption\":\"KlaudynaHebda\"},\"image\":{\"@id\":\"https:\/\/klaudynahebda.pl\/sklep\/#\/schema\/logo\/image\/\"}}]}<\/script>\n<!-- \/ Yoast SEO plugin. -->","yoast_head_json":{"title":"Olejek Medytacja - mieszanka 100% olejk\u00f3w eterycznych - Klaudyna Hebda Nature","description":"Pi\u0119kna mieszanka o zapachu lasu i kadzid\u0142a. Pomo\u017ce Ci by\u0107 tylko tu i teraz - zar\u00f3wno podczas praktyki jogi, medytacji, ta\u0144ca, jak i po prostu odpoczynku.","robots":{"index":"index","follow":"follow","max-snippet":"max-snippet:-1","max-image-preview":"max-image-preview:large","max-video-preview":"max-video-preview:-1"},"canonical":"https:\/\/klaudynahebda.pl\/sklep\/olejek-mieszanka-medytacja\/","og_locale":"pl_PL","og_type":"article","og_title":"Olejek Medytacja - mieszanka 100% olejk\u00f3w eterycznych - Klaudyna Hebda Nature","og_description":"Pi\u0119kna mieszanka o zapachu lasu i kadzid\u0142a. Pomo\u017ce Ci by\u0107 tylko tu i teraz - zar\u00f3wno podczas praktyki jogi, medytacji, ta\u0144ca, jak i po prostu odpoczynku.","og_url":"https:\/\/klaudynahebda.pl\/sklep\/olejek-mieszanka-medytacja\/","og_site_name":"Klaudyna Hebda Nature","article_modified_time":"2026-04-09T08:33:08+00:00","og_image":[{"width":844,"height":1152,"url":"https:\/\/klaudynahebda.pl\/sklep\/wp-content\/uploads\/2021\/08\/olejek-medytacja-5ml-k-hebda-packshot.jpg.png","type":"image\/png"}],"twitter_card":"summary_large_image","twitter_misc":{"Szacowany czas czytania":"2 minuty"},"schema":{"@context":"https:\/\/schema.org","@graph":[{"@type":"WebPage","@id":"https:\/\/klaudynahebda.pl\/sklep\/olejek-mieszanka-medytacja\/","url":"https:\/\/klaudynahebda.pl\/sklep\/olejek-mieszanka-medytacja\/","name":"Olejek Medytacja - mieszanka 100% olejk\u00f3w eterycznych - Klaudyna Hebda Nature","isPartOf":{"@id":"https:\/\/klaudynahebda.pl\/sklep\/#website"},"datePublished":"2021-08-05T09:26:44+00:00","dateModified":"2026-04-09T08:33:08+00:00","description":"Pi\u0119kna mieszanka o zapachu lasu i kadzid\u0142a. Pomo\u017ce Ci by\u0107 tylko tu i teraz - zar\u00f3wno podczas praktyki jogi, medytacji, ta\u0144ca, jak i po prostu odpoczynku.","breadcrumb":{"@id":"https:\/\/klaudynahebda.pl\/sklep\/olejek-mieszanka-medytacja\/#breadcrumb"},"inLanguage":"pl-PL","potentialAction":[{"@type":"ReadAction","target":["https:\/\/klaudynahebda.pl\/sklep\/olejek-mieszanka-medytacja\/"]}]},{"@type":"BreadcrumbList","@id":"https:\/\/klaudynahebda.pl\/sklep\/olejek-mieszanka-medytacja\/#breadcrumb","itemListElement":[{"@type":"ListItem","position":1,"name":"Strona g\u0142\u00f3wna","item":"https:\/\/klaudynahebda.pl\/sklep\/"},{"@type":"ListItem","position":2,"name":"Sklep","item":"https:\/\/klaudynahebda.pl\/sklep\/sklep\/"},{"@type":"ListItem","position":3,"name":"Autorskie mieszanki olejk\u00f3w eterycznych","item":"https:\/\/klaudynahebda.pl\/sklep\/autorskie-mieszanki-olejkow\/"},{"@type":"ListItem","position":4,"name":"Olejek Medytacja &#8211; mieszanka 100% olejk\u00f3w eterycznych"}]},{"@type":"WebSite","@id":"https:\/\/klaudynahebda.pl\/sklep\/#website","url":"https:\/\/klaudynahebda.pl\/sklep\/","name":"Klaudyna Hebda Nature","description":"Sklep","publisher":{"@id":"https:\/\/klaudynahebda.pl\/sklep\/#organization"},"potentialAction":[{"@type":"SearchAction","target":{"@type":"EntryPoint","urlTemplate":"https:\/\/klaudynahebda.pl\/sklep\/?s={search_term_string}"},"query-input":"required name=search_term_string"}],"inLanguage":"pl-PL"},{"@type":"Organization","@id":"https:\/\/klaudynahebda.pl\/sklep\/#organization","name":"KlaudynaHebda","url":"https:\/\/klaudynahebda.pl\/sklep\/","sameAs":[],"logo":{"@type":"ImageObject","inLanguage":"pl-PL","@id":"https:\/\/klaudynahebda.pl\/sklep\/#\/schema\/logo\/image\/","url":"","contentUrl":"","caption":"KlaudynaHebda"},"image":{"@id":"https:\/\/klaudynahebda.pl\/sklep\/#\/schema\/logo\/image\/"}}]}},"_links":{"self":[{"href":"https:\/\/klaudynahebda.pl\/sklep\/wp-json\/wp\/v2\/product\/172060"}],"collection":[{"href":"https:\/\/klaudynahebda.pl\/sklep\/wp-json\/wp\/v2\/product"}],"about":[{"href":"https:\/\/klaudynahebda.pl\/sklep\/wp-json\/wp\/v2\/types\/product"}],"replies":[{"embeddable":true,"href":"https:\/\/klaudynahebda.pl\/sklep\/wp-json\/wp\/v2\/comments?post=172060"}],"wp:featuredmedia":[{"embeddable":true,"href":"https:\/\/klaudynahebda.pl\/sklep\/wp-json\/wp\/v2\/media\/3387770"}],"wp:attachment":[{"href":"https:\/\/klaudynahebda.pl\/sklep\/wp-json\/wp\/v2\/media?parent=172060"}],"wp:term":[{"taxonomy":"product_cat","embeddable":true,"href":"https:\/\/klaudynahebda.pl\/sklep\/wp-json\/wp\/v2\/product_cat?post=172060"},{"taxonomy":"product_tag","embeddable":true,"href":"https:\/\/klaudynahebda.pl\/sklep\/wp-json\/wp\/v2\/product_tag?post=172060"}],"curies":[{"name":"wp","href":"https:\/\/api.w.org\/{rel}","templated":true}]}}