{"id":169816,"date":"2022-01-24T08:16:55","date_gmt":"2022-01-24T07:16:55","guid":{"rendered":"https:\/\/klaudynahebda.pl\/sklep\/?post_type=product&#038;p=169816"},"modified":"2026-04-16T15:28:47","modified_gmt":"2026-04-16T13:28:47","slug":"roll-on-liptus","status":"publish","type":"product","link":"https:\/\/klaudynahebda.pl\/sklep\/roll-on-liptus\/","title":{"rendered":"Roll-on Liptus\u00ae z eukaliptusem i mi\u0119t\u0105"},"content":{"rendered":"<h2>Dlaczego warto wybra\u0107 roll-on Liptus\u00ae?<\/h2>\n<ul>\n<li><strong>Wsparcie swobodnego oddechu<\/strong>: \u015bwie\u017cy zapach wspiera <strong>uczucie oczyszczenia, &#8220;przewietrzenia&#8221; i oddychania pe\u0142n\u0105 piersi\u0105.<\/strong><\/li>\n<li><strong>Wielofunkcyjno\u015b\u0107:<\/strong> nadaje si\u0119 do automasa\u017cu sk\u00f3ry na dekolcie, za uszami, na karku czy nadgarstkach, <strong>przynosz\u0105c uczucie ulgi i od\u015bwie\u017cenia.<\/strong><\/li>\n<li><strong>Kompaktowy format:<\/strong> ma\u0142y i por\u0119czny, idealny do torebki czy kieszeni.<\/li>\n<li><strong>Naturalne ukojenie<\/strong>: zapach a\u017c 7 olejk\u00f3w eterycznych, kt\u00f3re zapewniaj\u0105<strong> uczucie jasno\u015bci umys\u0142u i odpr\u0119\u017cenia.<\/strong><\/li>\n<li><strong>Przyjemno\u015b\u0107 aplikacji:<\/strong> wygodny aplikator pozwala na dyskretne i <strong>\u0142atwe stosowanie<\/strong> w ka\u017cdej sytuacji.<\/li>\n<\/ul>\n<p>&nbsp;<\/p>\n<h3>Jak dzia\u0142a roll-on do masa\u017cu Liptus\u00ae?<\/h3>\n<ul>\n<li><strong>Ch\u0142\u00f3d i orze\u017awienie:<\/strong> olejek z mi\u0119ty pieprzowej i eukaliptusa to aromaty daj\u0105ce uczucie przyjemnego ch\u0142odu i <strong>\u015bwie\u017co\u015bci<\/strong>.<\/li>\n<li><strong>Relaks i jasno\u015b\u0107 umys\u0142u<\/strong>: zapach kadzid\u0142owca i rozmarynu wspieraj\u0105 klarowno\u015b\u0107 my\u015bli i <strong>pomagaj\u0105 si\u0119 skoncentrowa\u0107.<\/strong><\/li>\n<li><strong>\u015awie\u017cy mi\u0119towo-mentolowy zapach<\/strong>: kompozycja jest przyjemna dla nosa, a <strong>niekt\u00f3rym z Was kojarz\u0105 si\u0119 z mi\u0119towymi cukierkami z dzieci\u0144stwa<\/strong> \ud83d\ude09<\/li>\n<li><strong>Od\u017cywienie sk\u00f3ry:<\/strong>\u00a0bogaty w witaminy i minera\u0142yolej jojoba <strong>piel\u0119gnuje sk\u00f3r\u0119<\/strong>, nadaj\u0105c jej g\u0142adko\u015b\u0107 i elastyczno\u015b\u0107.<\/li>\n<\/ul>\n<p>&nbsp;<\/p>\n<h2>Co znajdziesz w roll-onie Liptus\u00ae?<\/h2>\n<p>To po\u0142\u0105czenie 7 najwy\u017cszej jako\u015bci olejk\u00f3w eterycznych i od\u017cywczego oleju jojoba. Co dok\u0142adnie znajdziesz w \u015brodku?<\/p>\n<ul>\n<li><strong>Olej jojoba:<\/strong> nawil\u017ca i od\u017cywia sk\u00f3r\u0119, zapewniaj\u0105c jedwabiste wyko\u0144czenie bez lepko\u015bci.<\/li>\n<li><strong>Olejek copaiba:<\/strong> drzewno-ziemiste nuty dzia\u0142aj\u0105 regeneruj\u0105co i koj\u0105co.<\/li>\n<li><strong>Olejek eukaliptusowy:<\/strong> aromat intensywnie od\u015bwie\u017ca.<\/li>\n<li><strong>Olejek z mi\u0119ty pieprzowej:<\/strong> zapach, kt\u00f3ry ch\u0142odzi i orze\u017awia, \u0142agodz\u0105c uczucie zm\u0119czenia.<\/li>\n<li><strong>Olejek rozmarynowy:<\/strong> zio\u0142owy aromat dodaje energii i wspiera koncentracj\u0119.<\/li>\n<li><strong>Olejek pomara\u0144czowy:<\/strong> cytrusowa nuta wprowadza lekko\u015b\u0107 i poprawia nastr\u00f3j.<\/li>\n<li><strong>Olejek kadzid\u0142owy Frankincense:<\/strong> g\u0142\u0119boki zapach relaksuje, koi zmys\u0142y i sprzyja odpr\u0119\u017ceniu.<\/li>\n<\/ul>\n<p>&nbsp;<\/p>\n<h3>Za co uwielbiacie roll-on Liptus\u00ae?<\/h3>\n<ul>\n<li>Jego mi\u0119towo-zio\u0142owy zapach zapewnia<strong> natychmiastowe uczucie \u015bwie\u017co\u015bci<\/strong> i komfortu.<\/li>\n<li>Jest wygodny w u\u017cyciu i zajmuje tak ma\u0142o miejsca, \u017ce <strong>zmie\u015bci si\u0119 do plecaka, torebki, portfela, a nawet do damskiej kieszeni<\/strong><\/li>\n<li>Zapewnia <strong>przyjemno\u015b\u0107 u\u017cywania w ka\u017cdej sytuacji<\/strong>.<\/li>\n<\/ul>\n<p>&nbsp;<\/p>\n<h3>Jak i gdzie u\u017cywa\u0107 roll-onu z olejkami eterycznymi?<\/h3>\n<p><strong>Automasa\u017c:<\/strong> aplikuj roll-on za uszami, na szyj\u0119, kark, dekolt lub nadgarstki. Wykonaj delikatny masa\u017c, aby wspom\u00f3c uczucie relaksu i odpr\u0119\u017cenia.<\/p>\n<p><strong>W domu, poza domem, na wyje\u017adzie:<\/strong> u\u017cywaj roll-onu zawsze, gdy potrzebujesz chwili od\u015bwie\u017cenia lub ulgi.<\/p>\n<p><strong>Poczuj relaksuj\u0105cy dotyk i eukaliptusowe orze\u017awienie!<\/strong><\/p>\n<p>&nbsp;<\/p>\n<h3>Aromaterapeutyczny rytua\u0142 z seri\u0105 Liptus\u00ae<\/h3>\n<p><a href=\"https:\/\/klaudynahebda.pl\/sklep\/seria-liptus\/\"><strong>Poznaj ca\u0142\u0105 seri\u0119 Liptus\u00ae<\/strong><\/a> \u2013 i korzystaj z mocy zi\u00f3\u0142 i aromaterapii w takiej formie, jaka najlepiej Ci odpowiada. Stw\u00f3rz w\u0142asny zestaw Liptus lub skorzystaj z naszych propozycji. A co masz do wyboru?<\/p>\n<ul>\n<li><strong>Roll-on Liptus\u00ae<\/strong> \u2013\u00a0 kompaktowy rozmiar sprawia, \u017ce mo\u017cesz go zabra\u0107 ze sob\u0105, gdy wychodzisz z domu lub wyje\u017cd\u017casz gdzie\u015b dalej.<\/li>\n<li><strong><a href=\"https:\/\/klaudynahebda.pl\/sklep\/masc-liptus\/\">Ma\u015b\u0107 Liptus<\/a><a href=\"https:\/\/klaudynahebda.pl\/sklep\/masc-liptus\/\">\u00ae<\/a> <\/strong>\u2013 do smarowania klatki piersiowej, zio\u0142owo-mentolowy aromat wspiera komfort oddechu.<\/li>\n<li><a href=\"https:\/\/klaudynahebda.pl\/sklep\/herbata-liptus\/\"><strong>Herbatka Liptus\u00ae<\/strong><\/a> &#8211; zio\u0142a, przyprawy i olejki eteryczne w Twoim ulubionym kubku. We\u017a \u0142yk i poczuj tradycyjn\u0105 moc ro\u015blin.<\/li>\n<li><strong><a href=\"https:\/\/klaudynahebda.pl\/sklep\/zatoki-i\/\">Olejek Liptus\u00ae<\/a><\/strong> \u2013 mieszanka olejk\u00f3w eterycznych dla fan\u00f3w dyfuzowania.<\/li>\n<li><strong><a href=\"https:\/\/klaudynahebda.pl\/sklep\/spray-liptus-light\/\">Spray Liptus Light\u00ae<\/a><\/strong>\u00a0 &#8211; wygodny spos\u00f3b na od\u015bwie\u017cenie pomieszcze\u0144 i po\u015bcieli.<\/li>\n<li><strong><a href=\"https:\/\/klaudynahebda.pl\/sklep\/sol-liptus\/\">S\u00f3l<\/a><\/strong> i <strong><a href=\"https:\/\/klaudynahebda.pl\/sklep\/koncentrat-do-kapieli-liptus-100-200-ml\/\">koncentrat do k\u0105pieli<\/a><\/strong> Liptus\u00ae &#8211; zanurz si\u0119 w od\u015bwie\u017caj\u0105cej k\u0105pieli.\u00a0 Dla Ciebie \u2013 aromatyczna k\u0105piel. Dla sk\u00f3ry \u2013 od\u017cywienie i nawil\u017cenie. Dla nosa \u2013 aromatyczna para z olejk\u00f3w, kt\u00f3ra unosi si\u0119 podczas k\u0105piel. Dla mi\u0142o\u015bnik\u00f3w k\u0105pieli z delikatn\u0105 piank\u0105 lub bez \ud83d\ude09<\/li>\n<\/ul>\n<div class=\"row row-collapse align-middle\"  id=\"row-179714827\">\n\n\t<div id=\"col-1522649241\" class=\"col small-10 large-12\"  >\n\t\t\t\t<div class=\"col-inner\"  >\n\t\t\t\n\t\t\t\n<h3 class=\"accordion_title\">Najcz\u0119\u015bciej zadawane pytania<\/h3><div class=\"accordion\" rel=\"1\"><\/div>\n<div class=\"accordion-item\"><a href=\"#\" class=\"accordion-title plain\"><button class=\"toggle\"><i class=\"icon-angle-down\"><\/i><\/button><span>Czym jest roll-on Liptus\u00ae?<\/span><\/a><div class=\"accordion-inner\">\nRoll-on Liptus\u00ae to po\u0142\u0105czenie aromaterapii i naturalnej piel\u0119gnacji w por\u0119cznym formacie. Zawiera 7 olejk\u00f3w eterycznych i olej jojoba, dzi\u0119ki czemu zapewnia od\u015bwie\u017cenie, wspiera komfort oddechowy oraz piel\u0119gnuje sk\u00f3r\u0119.<br \/>\n<\/div><\/div>\n<div class=\"accordion-item\"><a href=\"#\" class=\"accordion-title plain\"><button class=\"toggle\"><i class=\"icon-angle-down\"><\/i><\/button><span>Jak dzia\u0142a roll-on Liptus\u00ae?<\/span><\/a><div class=\"accordion-inner\">\nFormu\u0142a roll-onu Liptus\u00ae oparta na olejkach eukaliptusowym i mi\u0119towym daje uczucie ch\u0142odu i \u015bwie\u017co\u015bci w okolicy nosa. Dodatkowo zapach rozmarynu i kadzid\u0142owca wspiera koncentracj\u0119, a olejek pomara\u0144czowy poprawia nastr\u00f3j. To naturalny spos\u00f3b na relaks i jasno\u015b\u0107 umys\u0142u.<br \/>\n<\/div><\/div>\n<div class=\"accordion-item\"><a href=\"#\" class=\"accordion-title plain\"><button class=\"toggle\"><i class=\"icon-angle-down\"><\/i><\/button><span>Jak u\u017cywa\u0107 roll-onu Liptus\u00ae?<\/span><\/a><div class=\"accordion-inner\">\nAplikuj roll-on Liptus\u00ae na kark, szyj\u0119, dekolt, nadgarstki lub za uszami, wykonuj\u0105c delikatny masa\u017c. Dzi\u0119ki temu poczujesz od\u015bwie\u017cenie, relaks i komfort oddechu. Mo\u017cesz korzysta\u0107 z niego w domu, w pracy, w podr\u00f3\u017cy czy na \u015bwie\u017cym powietrzu.<br \/>\n<\/div><\/div>\n<div class=\"accordion-item\"><a href=\"#\" class=\"accordion-title plain\"><button class=\"toggle\"><i class=\"icon-angle-down\"><\/i><\/button><span>Co zawiera roll-on Liptus\u00ae?<\/span><\/a><div class=\"accordion-inner\">\nRoll-on Liptus\u00ae to kompozycja 7 olejk\u00f3w eterycznych najwy\u017cszej jako\u015bci oraz od\u017cywczego oleju jojoba:<br \/>\n&#8211; olejek copaiba,<br \/>\n&#8211; olejek eukaliptusowy,<br \/>\n&#8211; olejek z mi\u0119ty pieprzowej,<br \/>\n&#8211; olejek rozmarynowy,<br \/>\n&#8211; olejek pomara\u0144czowy,<br \/>\n&#8211; olejek kadzid\u0142owy Frankincense,<br \/>\n&#8211; oraz od\u017cywczy olej jojoba.<br \/>\n<\/div><\/div>\n<div class=\"accordion-item\"><a href=\"#\" class=\"accordion-title plain\"><button class=\"toggle\"><i class=\"icon-angle-down\"><\/i><\/button><span>Dlaczego warto wybra\u0107 roll-on Liptus\u00ae?<\/span><\/a><div class=\"accordion-inner\">\n&#8211; wspiera komfort oddychania i daje uczucie \u201eprzewietrzenia\u201d,<br \/>\n&#8211; idealny do automasa\u017cu \u2013 zawsze pod r\u0119k\u0105,<br \/>\n&#8211; kompaktowy i wygodny \u2013 mie\u015bci si\u0119 w torebce czy kieszeni,<br \/>\n&#8211; zawiera naturalne olejki, kt\u00f3re wspieraj\u0105 relaks i dobre samopoczucie.<br \/>\n<\/div><\/div>\n<div class=\"accordion-item\"><a href=\"#\" class=\"accordion-title plain\"><button class=\"toggle\"><i class=\"icon-angle-down\"><\/i><\/button><span>Czy roll-on Liptus\u00ae mog\u0119 stosowa\u0107 codziennie?<\/span><\/a><div class=\"accordion-inner\">\nTak, roll-on Liptus\u00ae jest stworzony do codziennego stosowania. Mo\u017cesz si\u0119ga\u0107 po niego zawsze, gdy potrzebujesz chwili od\u015bwie\u017cenia, ulgi lub relaksu.<br \/>\n<\/div><\/div>\n<div class=\"accordion-item\"><a href=\"#\" class=\"accordion-title plain\"><button class=\"toggle\"><i class=\"icon-angle-down\"><\/i><\/button><span>Czy roll-on Liptus\u00ae mog\u0105 stosowa\u0107 dzieci?<\/span><\/a><div class=\"accordion-inner\">\nRoll-on Liptus\u00ae zosta\u0142 opracowany przede wszystkim z my\u015bl\u0105 o doros\u0142ych. W przypadku stosowania u dzieci zalecamy wcze\u015bniejsz\u0105 konsultacj\u0119 z lekarzem.<br \/>\n<\/div><\/div>\n\t<div id=\"gap-813648842\" class=\"gap-element clearfix\" style=\"display:block; height:auto;\">\n\t\t\n<style>\n#gap-813648842 {\n  padding-top: 20px;\n}\n<\/style>\n\t<\/div>\n\t\n\t\t<\/div>\n\t\t\t\t\t<\/div>\n\n\t\n\n<style>\n#row-179714827 > .col > .col-inner {\n  padding: 35px 0px 20px 0px;\n}\n<\/style>\n<\/div>\n<div><\/div>\n","protected":false},"excerpt":{"rendered":"<h2><strong>Naturalny automasa\u017c i aromaterapia w jednym. Gdziekolwiek jeste\u015b, roll-on Liptus\u00ae jest z Tob\u0105<\/strong><\/h2>\n<ul>\n<li><span data-contrast=\"auto\">formu\u0142a<strong> idealna do masa\u017cu <\/strong>dekoltu, karku, nadgarstk\u00f3w i okolic za uszami &#8211; wystarczy chwila, by poczu\u0107 od\u015bwie\u017cenie i komfort.<\/span><\/li>\n<li>aromat, kt\u00f3ry daje <strong>uczucie ch\u0142odzenia <\/strong>i wspiera komfortowy oddech \u2013 zawsze, kiedy tego potrzebujesz;<\/li>\n<li><span style=\"color: #333333;\"><span data-contrast=\"auto\">naturalne sk\u0142adniki, takie jak orze\u017awiaj\u0105cy<strong> olejek z eukaliptusa, mi\u0119ty<\/strong> i od\u017cywczy olej jojoba;<\/span><\/span><\/li>\n<li><span style=\"color: #333333;\">Tw\u00f3j kieszonkowy towarzysz w codziennych wyzwaniach, przez ca\u0142y rok &#8211; w rozmiarze Twojego ulubionego b\u0142yszczyka.<\/span><\/li>\n<\/ul>\n<p>Roll-on ma now\u0105 etykiet\u0119 &#8211; w \u015brodku to wci\u0105\u017c ta tama, uwielbiana przez Was, kompozycja sk\u0142adnik\u00f3w.<\/p>\n<p>&nbsp;<\/p>\n","protected":false},"featured_media":3353580,"comment_status":"open","ping_status":"closed","template":"","meta":[],"product_cat":[39,134,132,190,80,118],"product_tag":[],"acf":[],"yoast_head":"<!-- This site is optimized with the Yoast SEO plugin v19.6.1 - https:\/\/yoast.com\/wordpress\/plugins\/seo\/ -->\n<title>Roll-on Liptus\u00ae z eukaliptusem i mi\u0119t\u0105 - Klaudyna Hebda Nature<\/title>\n<meta name=\"description\" content=\"Roll-on Liptus\u00ae do automasa\u017cu to 7 olejk\u00f3w eterycznych i olej jojoba. Ch\u0142odz\u0105cy zapach. Dziecinnie prosty w u\u017cyciu. Skuteczny jak babcine receptury. Sprawd\u017a\" \/>\n<meta name=\"robots\" content=\"index, follow, max-snippet:-1, max-image-preview:large, max-video-preview:-1\" \/>\n<link rel=\"canonical\" href=\"https:\/\/klaudynahebda.pl\/sklep\/roll-on-liptus\/\" \/>\n<meta property=\"og:locale\" content=\"pl_PL\" \/>\n<meta property=\"og:type\" content=\"article\" \/>\n<meta property=\"og:title\" content=\"Roll-on Liptus\u00ae z eukaliptusem i mi\u0119t\u0105 - Klaudyna Hebda Nature\" \/>\n<meta property=\"og:description\" content=\"Roll-on Liptus\u00ae do automasa\u017cu to 7 olejk\u00f3w eterycznych i olej jojoba. Ch\u0142odz\u0105cy zapach. Dziecinnie prosty w u\u017cyciu. Skuteczny jak babcine receptury. Sprawd\u017a\" \/>\n<meta property=\"og:url\" content=\"https:\/\/klaudynahebda.pl\/sklep\/roll-on-liptus\/\" \/>\n<meta property=\"og:site_name\" content=\"Klaudyna Hebda Nature\" \/>\n<meta property=\"article:modified_time\" content=\"2026-04-16T13:28:47+00:00\" \/>\n<meta property=\"og:image\" content=\"https:\/\/klaudynahebda.pl\/sklep\/wp-content\/uploads\/2022\/01\/roll-on-liptus-packshot-biale-tlo.jpg.png\" \/>\n\t<meta property=\"og:image:width\" content=\"844\" \/>\n\t<meta property=\"og:image:height\" content=\"1152\" \/>\n\t<meta property=\"og:image:type\" content=\"image\/png\" \/>\n<meta name=\"twitter:card\" content=\"summary_large_image\" \/>\n<meta name=\"twitter:label1\" content=\"Szacowany czas czytania\" \/>\n\t<meta name=\"twitter:data1\" content=\"5 minut\" \/>\n<script type=\"application\/ld+json\" class=\"yoast-schema-graph\">{\"@context\":\"https:\/\/schema.org\",\"@graph\":[{\"@type\":\"WebPage\",\"@id\":\"https:\/\/klaudynahebda.pl\/sklep\/roll-on-liptus\/\",\"url\":\"https:\/\/klaudynahebda.pl\/sklep\/roll-on-liptus\/\",\"name\":\"Roll-on Liptus\u00ae z eukaliptusem i mi\u0119t\u0105 - Klaudyna Hebda Nature\",\"isPartOf\":{\"@id\":\"https:\/\/klaudynahebda.pl\/sklep\/#website\"},\"datePublished\":\"2022-01-24T07:16:55+00:00\",\"dateModified\":\"2026-04-16T13:28:47+00:00\",\"description\":\"Roll-on Liptus\u00ae do automasa\u017cu to 7 olejk\u00f3w eterycznych i olej jojoba. Ch\u0142odz\u0105cy zapach. Dziecinnie prosty w u\u017cyciu. Skuteczny jak babcine receptury. Sprawd\u017a\",\"breadcrumb\":{\"@id\":\"https:\/\/klaudynahebda.pl\/sklep\/roll-on-liptus\/#breadcrumb\"},\"inLanguage\":\"pl-PL\",\"potentialAction\":[{\"@type\":\"ReadAction\",\"target\":[\"https:\/\/klaudynahebda.pl\/sklep\/roll-on-liptus\/\"]}]},{\"@type\":\"BreadcrumbList\",\"@id\":\"https:\/\/klaudynahebda.pl\/sklep\/roll-on-liptus\/#breadcrumb\",\"itemListElement\":[{\"@type\":\"ListItem\",\"position\":1,\"name\":\"Strona g\u0142\u00f3wna\",\"item\":\"https:\/\/klaudynahebda.pl\/sklep\/\"},{\"@type\":\"ListItem\",\"position\":2,\"name\":\"Sklep\",\"item\":\"https:\/\/klaudynahebda.pl\/sklep\/sklep\/\"},{\"@type\":\"ListItem\",\"position\":3,\"name\":\"Roll-ony z olejkami eterycznymi\",\"item\":\"https:\/\/klaudynahebda.pl\/sklep\/roll-on-z-olejkami-eterycznymi\/\"},{\"@type\":\"ListItem\",\"position\":4,\"name\":\"Roll-on Liptus\u00ae z eukaliptusem i mi\u0119t\u0105\"}]},{\"@type\":\"WebSite\",\"@id\":\"https:\/\/klaudynahebda.pl\/sklep\/#website\",\"url\":\"https:\/\/klaudynahebda.pl\/sklep\/\",\"name\":\"Klaudyna Hebda Nature\",\"description\":\"Sklep\",\"publisher\":{\"@id\":\"https:\/\/klaudynahebda.pl\/sklep\/#organization\"},\"potentialAction\":[{\"@type\":\"SearchAction\",\"target\":{\"@type\":\"EntryPoint\",\"urlTemplate\":\"https:\/\/klaudynahebda.pl\/sklep\/?s={search_term_string}\"},\"query-input\":\"required name=search_term_string\"}],\"inLanguage\":\"pl-PL\"},{\"@type\":\"Organization\",\"@id\":\"https:\/\/klaudynahebda.pl\/sklep\/#organization\",\"name\":\"KlaudynaHebda\",\"url\":\"https:\/\/klaudynahebda.pl\/sklep\/\",\"sameAs\":[],\"logo\":{\"@type\":\"ImageObject\",\"inLanguage\":\"pl-PL\",\"@id\":\"https:\/\/klaudynahebda.pl\/sklep\/#\/schema\/logo\/image\/\",\"url\":\"\",\"contentUrl\":\"\",\"caption\":\"KlaudynaHebda\"},\"image\":{\"@id\":\"https:\/\/klaudynahebda.pl\/sklep\/#\/schema\/logo\/image\/\"}}]}<\/script>\n<!-- \/ Yoast SEO plugin. -->","yoast_head_json":{"title":"Roll-on Liptus\u00ae z eukaliptusem i mi\u0119t\u0105 - Klaudyna Hebda Nature","description":"Roll-on Liptus\u00ae do automasa\u017cu to 7 olejk\u00f3w eterycznych i olej jojoba. Ch\u0142odz\u0105cy zapach. Dziecinnie prosty w u\u017cyciu. Skuteczny jak babcine receptury. Sprawd\u017a","robots":{"index":"index","follow":"follow","max-snippet":"max-snippet:-1","max-image-preview":"max-image-preview:large","max-video-preview":"max-video-preview:-1"},"canonical":"https:\/\/klaudynahebda.pl\/sklep\/roll-on-liptus\/","og_locale":"pl_PL","og_type":"article","og_title":"Roll-on Liptus\u00ae z eukaliptusem i mi\u0119t\u0105 - Klaudyna Hebda Nature","og_description":"Roll-on Liptus\u00ae do automasa\u017cu to 7 olejk\u00f3w eterycznych i olej jojoba. Ch\u0142odz\u0105cy zapach. Dziecinnie prosty w u\u017cyciu. Skuteczny jak babcine receptury. Sprawd\u017a","og_url":"https:\/\/klaudynahebda.pl\/sklep\/roll-on-liptus\/","og_site_name":"Klaudyna Hebda Nature","article_modified_time":"2026-04-16T13:28:47+00:00","og_image":[{"width":844,"height":1152,"url":"https:\/\/klaudynahebda.pl\/sklep\/wp-content\/uploads\/2022\/01\/roll-on-liptus-packshot-biale-tlo.jpg.png","type":"image\/png"}],"twitter_card":"summary_large_image","twitter_misc":{"Szacowany czas czytania":"5 minut"},"schema":{"@context":"https:\/\/schema.org","@graph":[{"@type":"WebPage","@id":"https:\/\/klaudynahebda.pl\/sklep\/roll-on-liptus\/","url":"https:\/\/klaudynahebda.pl\/sklep\/roll-on-liptus\/","name":"Roll-on Liptus\u00ae z eukaliptusem i mi\u0119t\u0105 - Klaudyna Hebda Nature","isPartOf":{"@id":"https:\/\/klaudynahebda.pl\/sklep\/#website"},"datePublished":"2022-01-24T07:16:55+00:00","dateModified":"2026-04-16T13:28:47+00:00","description":"Roll-on Liptus\u00ae do automasa\u017cu to 7 olejk\u00f3w eterycznych i olej jojoba. Ch\u0142odz\u0105cy zapach. Dziecinnie prosty w u\u017cyciu. Skuteczny jak babcine receptury. Sprawd\u017a","breadcrumb":{"@id":"https:\/\/klaudynahebda.pl\/sklep\/roll-on-liptus\/#breadcrumb"},"inLanguage":"pl-PL","potentialAction":[{"@type":"ReadAction","target":["https:\/\/klaudynahebda.pl\/sklep\/roll-on-liptus\/"]}]},{"@type":"BreadcrumbList","@id":"https:\/\/klaudynahebda.pl\/sklep\/roll-on-liptus\/#breadcrumb","itemListElement":[{"@type":"ListItem","position":1,"name":"Strona g\u0142\u00f3wna","item":"https:\/\/klaudynahebda.pl\/sklep\/"},{"@type":"ListItem","position":2,"name":"Sklep","item":"https:\/\/klaudynahebda.pl\/sklep\/sklep\/"},{"@type":"ListItem","position":3,"name":"Roll-ony z olejkami eterycznymi","item":"https:\/\/klaudynahebda.pl\/sklep\/roll-on-z-olejkami-eterycznymi\/"},{"@type":"ListItem","position":4,"name":"Roll-on Liptus\u00ae z eukaliptusem i mi\u0119t\u0105"}]},{"@type":"WebSite","@id":"https:\/\/klaudynahebda.pl\/sklep\/#website","url":"https:\/\/klaudynahebda.pl\/sklep\/","name":"Klaudyna Hebda Nature","description":"Sklep","publisher":{"@id":"https:\/\/klaudynahebda.pl\/sklep\/#organization"},"potentialAction":[{"@type":"SearchAction","target":{"@type":"EntryPoint","urlTemplate":"https:\/\/klaudynahebda.pl\/sklep\/?s={search_term_string}"},"query-input":"required name=search_term_string"}],"inLanguage":"pl-PL"},{"@type":"Organization","@id":"https:\/\/klaudynahebda.pl\/sklep\/#organization","name":"KlaudynaHebda","url":"https:\/\/klaudynahebda.pl\/sklep\/","sameAs":[],"logo":{"@type":"ImageObject","inLanguage":"pl-PL","@id":"https:\/\/klaudynahebda.pl\/sklep\/#\/schema\/logo\/image\/","url":"","contentUrl":"","caption":"KlaudynaHebda"},"image":{"@id":"https:\/\/klaudynahebda.pl\/sklep\/#\/schema\/logo\/image\/"}}]}},"_links":{"self":[{"href":"https:\/\/klaudynahebda.pl\/sklep\/wp-json\/wp\/v2\/product\/169816"}],"collection":[{"href":"https:\/\/klaudynahebda.pl\/sklep\/wp-json\/wp\/v2\/product"}],"about":[{"href":"https:\/\/klaudynahebda.pl\/sklep\/wp-json\/wp\/v2\/types\/product"}],"replies":[{"embeddable":true,"href":"https:\/\/klaudynahebda.pl\/sklep\/wp-json\/wp\/v2\/comments?post=169816"}],"wp:featuredmedia":[{"embeddable":true,"href":"https:\/\/klaudynahebda.pl\/sklep\/wp-json\/wp\/v2\/media\/3353580"}],"wp:attachment":[{"href":"https:\/\/klaudynahebda.pl\/sklep\/wp-json\/wp\/v2\/media?parent=169816"}],"wp:term":[{"taxonomy":"product_cat","embeddable":true,"href":"https:\/\/klaudynahebda.pl\/sklep\/wp-json\/wp\/v2\/product_cat?post=169816"},{"taxonomy":"product_tag","embeddable":true,"href":"https:\/\/klaudynahebda.pl\/sklep\/wp-json\/wp\/v2\/product_tag?post=169816"}],"curies":[{"name":"wp","href":"https:\/\/api.w.org\/{rel}","templated":true}]}}