{"id":169813,"date":"2021-07-27T08:20:42","date_gmt":"2021-07-27T06:20:42","guid":{"rendered":"https:\/\/klaudynahebda.pl\/sklep\/?post_type=product&#038;p=169813"},"modified":"2026-04-09T09:40:55","modified_gmt":"2026-04-09T07:40:55","slug":"sol-liptus","status":"publish","type":"product","link":"https:\/\/klaudynahebda.pl\/sklep\/sol-liptus\/","title":{"rendered":"S\u00f3l do k\u0105pieli Liptus\u00ae z eukaliptusem i mi\u0119t\u0105"},"content":{"rendered":"<p><strong>Zamawiaj\u0105c s\u00f3l Liptus\u00ae, otrzymujesz<\/strong> nie tylko <strong>dok\u0142adnie wyja\u015bniony spos\u00f3b u\u017cycia<\/strong>, ale tak\u017ce <strong>wideo tutorial o masa\u017cu<\/strong>\u00a0w prezencie! Wszystkie informacje wy\u015blemy Ci mailem \ud83d\ude42<\/p>\n<h2><strong>Odkryj 8 olejk\u00f3w zamkni\u0119tych w s\u0142oiczku soli do k\u0105pieli Liptus\u00ae<\/strong><\/h2>\n<ul>\n<li>olejek eukaliptusowy &#8211; dobrze znany wszystkim zatokowcom;<\/li>\n<li>olejek z mi\u0119ty pieprzowej &#8211; dzi\u0119ki zawarto\u015bci mentolu daje przyjemne uczucie ch\u0142odu i orze\u017awienia;<\/li>\n<li>olejek rozmarynowy &#8211; bardzo wszechstronny, dodaj\u0105cy energii aromat w chwilach os\u0142abienia;<\/li>\n<li>olejek tymiankowy &#8211; nr 1 w czasie jesienno-zimowego sezonu;<\/li>\n<li>olejek z sosny pospolitej &#8211; od\u015bwie\u017caj\u0105cy aromat, kt\u00f3ry wspiera komfort oddechowy;<\/li>\n<li>olejek kadzid\u0142owy &#8211; zapach polecany przez aromaterapeut\u00f3w ze wzgl\u0119du na swoje dzia\u0142anie relaksuj\u0105ce;<\/li>\n<li>olejek geraniowy &#8211; zachwyci\u0142 niedawno naukowy \u015bwiat swoimi \u015bwietnymi w\u0142a\u015bciwo\u015bciami;<\/li>\n<li>olejek wetiwerowy &#8211; jego zapach bardzo dobrze od\u015bwie\u017ca i jest cz\u0119stym sk\u0142adnikiem naszych mieszanek.<\/li>\n<\/ul>\n<h3><strong>Aromaterapeutyczny rytua\u0142 z seri\u0105 Liptus\u00ae<\/strong><\/h3>\n<p><a href=\"https:\/\/klaudynahebda.pl\/sklep\/seria-liptus\/\"><strong>Poznaj ca\u0142\u0105 seri\u0119 Liptus\u00ae<\/strong><\/a> \u2013 i korzystaj z mocy zi\u00f3\u0142 i aromaterapii w takiej formie, jaka najlepiej Ci odpowiada. Stw\u00f3rz w\u0142asny zestaw Liptus<strong>\u00ae <\/strong>lub skorzystaj z naszych propozycji. A co masz do wyboru?<\/p>\n<ul>\n<li><strong><a href=\"https:\/\/klaudynahebda.pl\/sklep\/roll-on-liptus\/\">Roll-on Liptus\u00ae<\/a><\/strong> \u2013\u00a0 kompaktowy rozmiar sprawia, \u017ce mo\u017cesz go zabra\u0107 ze sob\u0105, gdy wychodzisz z domu lub wyje\u017cd\u017casz gdzie\u015b dalej.<\/li>\n<li><strong><a href=\"https:\/\/klaudynahebda.pl\/sklep\/masc-liptus\/\">Ma\u015b\u0107 Liptus<\/a><a href=\"https:\/\/klaudynahebda.pl\/sklep\/masc-liptus\/\">\u00ae<\/a> <\/strong>\u2013 do smarowania klatki piersiowej, zio\u0142owo-mentolowy aromat wspiera komfort oddechu.<\/li>\n<li><a href=\"https:\/\/klaudynahebda.pl\/sklep\/herbata-liptus\/\"><strong>Herbatka Liptus\u00ae<\/strong><\/a> \u2013 zio\u0142a, przyprawy i olejki eteryczne w Twoim ulubionym kubku. We\u017a \u0142yk i poczuj tradycyjn\u0105 moc ro\u015blin.<\/li>\n<li><strong><a href=\"https:\/\/klaudynahebda.pl\/sklep\/zatoki-i\/\">Olejek Liptus\u00ae<\/a><\/strong> \u2013 mieszanka olejk\u00f3w eterycznych dla fan\u00f3w dyfuzowania.<\/li>\n<li><a href=\"https:\/\/klaudynahebda.pl\/sklep\/spray-liptus-light\/\"><strong>Spray Liptus Light\u00ae<\/strong><\/a>\u00a0 &#8211; wygodny spos\u00f3b na od\u015bwie\u017cenie pomieszcze\u0144 i po\u015bcieli.<\/li>\n<li><strong>S\u00f3l<\/strong> i <a href=\"https:\/\/klaudynahebda.pl\/sklep\/koncentrat-do-kapieli-liptus-100-200-ml\/\"><strong>koncentrat do k\u0105pieli<\/strong><\/a> Liptus\u00ae &#8211; zanurz si\u0119 w od\u015bwie\u017caj\u0105cej k\u0105pieli.\u00a0 Dla Ciebie \u2013 aromatyczna k\u0105piel. Dla sk\u00f3ry \u2013 od\u017cywienie i nawil\u017cenie. Dla nosa \u2013 aromatyczna para z olejk\u00f3w, kt\u00f3ra unosi si\u0119 podczas k\u0105piel. Dla mi\u0142o\u015bnik\u00f3w k\u0105pieli z delikatn\u0105 piank\u0105 lub bez \ud83d\ude09<\/li>\n<\/ul>\n<div class=\"row row-collapse align-middle\"  id=\"row-1855585821\">\n\n\t<div id=\"col-67863092\" class=\"col small-10 large-12\"  >\n\t\t\t\t<div class=\"col-inner\"  >\n\t\t\t\n\t\t\t\n<h3 class=\"accordion_title\">Najcz\u0119\u015bciej zadawane pytania<\/h3><div class=\"accordion\" rel=\"1\"><\/div>\n<div class=\"accordion-item\"><a href=\"#\" class=\"accordion-title plain\"><button class=\"toggle\"><i class=\"icon-angle-down\"><\/i><\/button><span>Czym jest s\u00f3l do k\u0105pieli Liptus\u00ae?<\/span><\/a><div class=\"accordion-inner\">\nS\u00f3l Liptus\u00ae to naturalna mieszanka soli himalajskiej, 8 olejk\u00f3w eterycznych i 2 od\u017cywczych olej\u00f3w ro\u015blinnych. Pod wp\u0142ywem ciep\u0142ej wody uwalnia aromaty ro\u015blinnych esencji, kt\u00f3re wspieraj\u0105 komfort oddychania i relaksuj\u0105 cia\u0142o.<br \/>\n<\/div><\/div>\n<div class=\"accordion-item\"><a href=\"#\" class=\"accordion-title plain\"><button class=\"toggle\"><i class=\"icon-angle-down\"><\/i><\/button><span>Jakie olejki eteryczne znajd\u0119 w soli Liptus\u00ae?<\/span><\/a><div class=\"accordion-inner\">\nW ka\u017cdej k\u0105pieli z sol\u0105 Liptus\u00ae zanurzysz si\u0119 w aromatach 8 starannie dobranych olejk\u00f3w:<br \/>\n&#8211; eukaliptusowy,<br \/>\n&#8211; z mi\u0119ty pieprzowej,<br \/>\n&#8211; rozmarynowy,<br \/>\n&#8211; tymiankowy,<br \/>\n&#8211; z sosny pospolitej,<br \/>\n&#8211; kadzid\u0142owy,<br \/>\n&#8211; geraniowy,<br \/>\n&#8211; wetiwerowy.<br \/>\nKa\u017cdy z nich polecany jest przez aromaterapeut\u00f3w \u2013 razem tworz\u0105 wyj\u0105tkow\u0105 kompozycj\u0119 wspieraj\u0105c\u0105 dobre samopoczucie.<br \/>\n<\/div><\/div>\n<div class=\"accordion-item\"><a href=\"#\" class=\"accordion-title plain\"><button class=\"toggle\"><i class=\"icon-angle-down\"><\/i><\/button><span>Jak dzia\u0142a k\u0105piel z sol\u0105 Liptus\u00ae?<\/span><\/a><div class=\"accordion-inner\">\nS\u00f3l Liptus\u00ae wspiera uczucie odblokowanego nosa, odpr\u0119\u017ca cia\u0142o i przygotowuje do spokojnego snu. Dzi\u0119ki olejkom eterycznym efekty utrzymuj\u0105 si\u0119 d\u0142ugo po k\u0105pieli, a organizm ma szans\u0119 lepiej si\u0119 zregenerowa\u0107.<br \/>\n<\/div><\/div>\n<div class=\"accordion-item\"><a href=\"#\" class=\"accordion-title plain\"><button class=\"toggle\"><i class=\"icon-angle-down\"><\/i><\/button><span>Czy s\u00f3l Liptus\u00ae dzia\u0142a tak\u017ce piel\u0119gnacyjnie?<\/span><\/a><div class=\"accordion-inner\">\nTak! Dzi\u0119ki dodatkowi 2 olej\u00f3w ro\u015blinnych k\u0105piel z sol\u0105 Liptus\u00ae nie tylko pachnie i wspiera oddychanie, ale tak\u017ce nawil\u017ca i piel\u0119gnuje sk\u00f3r\u0119, pozostawiaj\u0105c j\u0105 g\u0142adk\u0105 i przyjemn\u0105 w dotyku.<br \/>\n<\/div><\/div>\n<div class=\"accordion-item\"><a href=\"#\" class=\"accordion-title plain\"><button class=\"toggle\"><i class=\"icon-angle-down\"><\/i><\/button><span>Jak stosowa\u0107 s\u00f3l Liptus\u00ae w k\u0105pieli?<\/span><\/a><div class=\"accordion-inner\">\nWsyp kilka \u0142y\u017cek soli Liptus\u00ae do wanny z ciep\u0142\u0105 wod\u0105. Pozw\u00f3l, by s\u00f3l ca\u0142kowicie si\u0119 rozpu\u015bci\u0142a i uwolni\u0142a olejki eteryczne. K\u0105piel powinna trwa\u0107 oko\u0142o 15\u201320 minut.<br \/>\n<\/div><\/div>\n<div class=\"accordion-item\"><a href=\"#\" class=\"accordion-title plain\"><button class=\"toggle\"><i class=\"icon-angle-down\"><\/i><\/button><span>Kiedy najlepiej korzysta\u0107 z soli Liptus\u00ae?<\/span><\/a><div class=\"accordion-inner\">\nNajlepiej wieczorem, aby przygotowa\u0107 cia\u0142o i umys\u0142 do spokojnego snu. S\u00f3l Liptus\u00ae sprawdzi si\u0119 szczeg\u00f3lnie w sezonie jesienno-zimowym, ale warto si\u0119ga\u0107 po ni\u0105 przez ca\u0142y rok.<br \/>\n<\/div><\/div>\n<div class=\"accordion-item\"><a href=\"#\" class=\"accordion-title plain\"><button class=\"toggle\"><i class=\"icon-angle-down\"><\/i><\/button><span>Jakie produkty wchodz\u0105 w sk\u0142ad serii Liptus\u00ae, opr\u00f3cz soli do k\u0105pieli?<\/span><\/a><div class=\"accordion-inner\">\n<p><a href=\"https:\/\/klaudynahebda.pl\/sklep\/seria-liptus\/\"><strong>Poznaj ca\u0142\u0105 seri\u0119 Liptus\u00ae<\/strong><\/a> \u2013 i korzystaj z mocy zi\u00f3\u0142 i aromaterapii w takiej formie, jaka najlepiej Ci odpowiada. Stw\u00f3rz w\u0142asny zestaw Liptus\u00a0lub skorzystaj z naszych propozycji. A co masz do wyboru?<\/p>\n<ul>\n<li><strong><a href=\"https:\/\/klaudynahebda.pl\/sklep\/roll-on-liptus\/\">Roll-on Liptus\u00ae<\/a><\/strong> \u2013\u00a0 kompaktowy rozmiar sprawia, \u017ce mo\u017cesz go zabra\u0107 ze sob\u0105, gdy wychodzisz z domu lub wyje\u017cdzasz gdzie\u015b dalej.<\/li>\n<li><strong><a href=\"https:\/\/klaudynahebda.pl\/sklep\/masc-liptus\/\">Ma\u015b\u0107 Liptus<\/a><a href=\"https:\/\/klaudynahebda.pl\/sklep\/masc-liptus\/\">\u00ae<\/a> <\/strong>\u2013 do smarowania klatki piersiowej, zio\u0142owo-mentolowy aromat wspiera komfort oddechu.<\/li>\n<li><a href=\"https:\/\/klaudynahebda.pl\/sklep\/herbata-liptus\/\"><strong>Herbatka Liptus\u00ae<\/strong><\/a> \u2013 zio\u0142a, przyprawy i olejki eteryczne w Twoim ulubionym kubku. We\u017a \u0142yk i poczuj tradycyjn\u0105 moc ro\u015blin.<\/li>\n<li><strong><a href=\"https:\/\/klaudynahebda.pl\/sklep\/zatoki-i\/\">Olejek Liptus\u00ae<\/a><\/strong> \u2013 mieszanka olejk\u00f3w eterycznych dla fan\u00f3w dyfuzowania.<\/li>\n<li><a href=\"https:\/\/klaudynahebda.pl\/sklep\/spray-liptus-light\/\"><strong>Spray Liptus Light\u00ae<\/strong><\/a>\u00a0 &#8211; wygodny spos\u00f3b na od\u015bwie\u017cenie pomieszcze\u0144 i po\u015bcieli.<\/li>\n<li><strong>S\u00f3l<\/strong> i <a href=\"https:\/\/klaudynahebda.pl\/sklep\/koncentrat-do-kapieli-liptus-100-200-ml\/\"><strong>koncentrat do k\u0105pieli<\/strong><\/a> Liptus\u00ae &#8211; zanurz si\u0119 w od\u015bwie\u017caj\u0105cej k\u0105pieli.\u00a0 Dla Ciebie \u2013 aromatyczna k\u0105piel. Dla sk\u00f3ry \u2013 od\u017cywienie i nawil\u017cenie. Dla nosa \u2013 aromatyczna para z olejk\u00f3w, kt\u00f3ra unosi si\u0119 podczas k\u0105piel. Dla mi\u0142o\u015bnik\u00f3w k\u0105pieli z delikatn\u0105 piank\u0105 lub bez \ud83d\ude09<\/li>\n<\/ul>\n<\/div><\/div>\n\t<div id=\"gap-1071105131\" class=\"gap-element clearfix\" style=\"display:block; height:auto;\">\n\t\t\n<style>\n#gap-1071105131 {\n  padding-top: 20px;\n}\n<\/style>\n\t<\/div>\n\t\n\t\t<\/div>\n\t\t\t\t\t<\/div>\n\n\t\n\n<style>\n#row-1855585821 > .col > .col-inner {\n  padding: 35px 0px 20px 0px;\n}\n<\/style>\n<\/div>\n","protected":false},"excerpt":{"rendered":"<h2>S\u00f3l k\u0105pielowa Liptus\u00ae to:<\/h2>\n<ul>\n<li>Tw\u00f3j przyjaciel na wieczory, gdy nie tylko sk\u00f3ra potrzebuje silnego od\u015bwie\u017cenia;<\/li>\n<li>s\u00f3l himalajska, dobroczynne oleje ro\u015blinne i naturalne olejki eteryczne, kt\u00f3re w po\u0142\u0105czeniu z ciep\u0142\u0105 wod\u0105 pozwalaj\u0105 na naturaln\u0105 ulg\u0119, szczeg\u00f3lnie w sezonie jesienno-zimowym;<\/li>\n<li>kosmetyk najwy\u017cszej jako\u015bci &#8211; Liptus dobrze rozpuszcza si\u0119 w wodzie, jest wydajny i wygodny w u\u017cyciu.<\/li>\n<li>chwila dla Ciebie &#8211; dobre samopoczucie i efekt od\u015bwie\u017cenia jeszcze d\u0142ugo po k\u0105pieli.<\/li>\n<\/ul>\n<h2>Co znajdziesz w soli eukaliptusowej Liptus\u00ae?<\/h2>\n<ul>\n<li>8 olejk\u00f3w eterycznych &#8211; ich aromaterapeutyczne w\u0142a\u015bciwo\u015bci oraz naturalny aromat przynosz\u0105 orze\u017awienie i oddech lekki jak powiew wiatru<\/li>\n<li>2 oleje ro\u015blinne &#8211; nawil\u017caj\u0105ce oraz dodatkowo piel\u0119gnuj\u0105ce sk\u00f3r\u0119 sk\u0142adniki prosto z natury<\/li>\n<li>s\u00f3l himalajsk\u0105 &#8211; wydobywan\u0105 w g\u00f3rskich rejonach Pakistanu<\/li>\n<\/ul>\n<p>&nbsp;<\/p>\n","protected":false},"featured_media":3405027,"comment_status":"open","ping_status":"closed","template":"","meta":[],"product_cat":[246,133,220,132,190,80],"product_tag":[],"acf":[],"yoast_head":"<!-- This site is optimized with the Yoast SEO plugin v19.6.1 - https:\/\/yoast.com\/wordpress\/plugins\/seo\/ -->\n<title>S\u00f3l eukaliptusowa do k\u0105pieli Liptus\u00ae - Klaudyna Hebda Nature<\/title>\n<meta name=\"description\" content=\"S\u00f3l eukaliptusowa Liptus\u00ae do k\u0105pieli z 8 olejkami eterycznymi. Stworzona przez aromaterapeutk\u0119 kliniczn\u0105. Poczuj komfort i ulg\u0119 w k\u0105pieli.\" \/>\n<meta name=\"robots\" content=\"index, follow, max-snippet:-1, max-image-preview:large, max-video-preview:-1\" \/>\n<link rel=\"canonical\" href=\"https:\/\/klaudynahebda.pl\/sklep\/sol-liptus\/\" \/>\n<meta property=\"og:locale\" content=\"pl_PL\" \/>\n<meta property=\"og:type\" content=\"article\" \/>\n<meta property=\"og:title\" content=\"S\u00f3l eukaliptusowa do k\u0105pieli Liptus\u00ae - Klaudyna Hebda Nature\" \/>\n<meta property=\"og:description\" content=\"S\u00f3l eukaliptusowa Liptus\u00ae do k\u0105pieli z 8 olejkami eterycznymi. Stworzona przez aromaterapeutk\u0119 kliniczn\u0105. Poczuj komfort i ulg\u0119 w k\u0105pieli.\" \/>\n<meta property=\"og:url\" content=\"https:\/\/klaudynahebda.pl\/sklep\/sol-liptus\/\" \/>\n<meta property=\"og:site_name\" content=\"Klaudyna Hebda Nature\" \/>\n<meta property=\"article:modified_time\" content=\"2026-04-09T07:40:55+00:00\" \/>\n<meta property=\"og:image\" content=\"https:\/\/klaudynahebda.pl\/sklep\/wp-content\/uploads\/2021\/07\/sol-liptus-packshot.webp\" \/>\n\t<meta property=\"og:image:width\" content=\"844\" \/>\n\t<meta property=\"og:image:height\" content=\"1152\" \/>\n\t<meta property=\"og:image:type\" content=\"image\/webp\" \/>\n<meta name=\"twitter:card\" content=\"summary_large_image\" \/>\n<meta name=\"twitter:label1\" content=\"Szacowany czas czytania\" \/>\n\t<meta name=\"twitter:data1\" content=\"4 minuty\" \/>\n<script type=\"application\/ld+json\" class=\"yoast-schema-graph\">{\"@context\":\"https:\/\/schema.org\",\"@graph\":[{\"@type\":\"WebPage\",\"@id\":\"https:\/\/klaudynahebda.pl\/sklep\/sol-liptus\/\",\"url\":\"https:\/\/klaudynahebda.pl\/sklep\/sol-liptus\/\",\"name\":\"S\u00f3l eukaliptusowa do k\u0105pieli Liptus\u00ae - Klaudyna Hebda Nature\",\"isPartOf\":{\"@id\":\"https:\/\/klaudynahebda.pl\/sklep\/#website\"},\"datePublished\":\"2021-07-27T06:20:42+00:00\",\"dateModified\":\"2026-04-09T07:40:55+00:00\",\"description\":\"S\u00f3l eukaliptusowa Liptus\u00ae do k\u0105pieli z 8 olejkami eterycznymi. Stworzona przez aromaterapeutk\u0119 kliniczn\u0105. Poczuj komfort i ulg\u0119 w k\u0105pieli.\",\"breadcrumb\":{\"@id\":\"https:\/\/klaudynahebda.pl\/sklep\/sol-liptus\/#breadcrumb\"},\"inLanguage\":\"pl-PL\",\"potentialAction\":[{\"@type\":\"ReadAction\",\"target\":[\"https:\/\/klaudynahebda.pl\/sklep\/sol-liptus\/\"]}]},{\"@type\":\"BreadcrumbList\",\"@id\":\"https:\/\/klaudynahebda.pl\/sklep\/sol-liptus\/#breadcrumb\",\"itemListElement\":[{\"@type\":\"ListItem\",\"position\":1,\"name\":\"Strona g\u0142\u00f3wna\",\"item\":\"https:\/\/klaudynahebda.pl\/sklep\/\"},{\"@type\":\"ListItem\",\"position\":2,\"name\":\"Sklep\",\"item\":\"https:\/\/klaudynahebda.pl\/sklep\/sklep\/\"},{\"@type\":\"ListItem\",\"position\":3,\"name\":\"Do k\u0105pieli\",\"item\":\"https:\/\/klaudynahebda.pl\/sklep\/do-kapieli\/\"},{\"@type\":\"ListItem\",\"position\":4,\"name\":\"S\u00f3l do k\u0105pieli Liptus\u00ae z eukaliptusem i mi\u0119t\u0105\"}]},{\"@type\":\"WebSite\",\"@id\":\"https:\/\/klaudynahebda.pl\/sklep\/#website\",\"url\":\"https:\/\/klaudynahebda.pl\/sklep\/\",\"name\":\"Klaudyna Hebda Nature\",\"description\":\"Sklep\",\"publisher\":{\"@id\":\"https:\/\/klaudynahebda.pl\/sklep\/#organization\"},\"potentialAction\":[{\"@type\":\"SearchAction\",\"target\":{\"@type\":\"EntryPoint\",\"urlTemplate\":\"https:\/\/klaudynahebda.pl\/sklep\/?s={search_term_string}\"},\"query-input\":\"required name=search_term_string\"}],\"inLanguage\":\"pl-PL\"},{\"@type\":\"Organization\",\"@id\":\"https:\/\/klaudynahebda.pl\/sklep\/#organization\",\"name\":\"KlaudynaHebda\",\"url\":\"https:\/\/klaudynahebda.pl\/sklep\/\",\"sameAs\":[],\"logo\":{\"@type\":\"ImageObject\",\"inLanguage\":\"pl-PL\",\"@id\":\"https:\/\/klaudynahebda.pl\/sklep\/#\/schema\/logo\/image\/\",\"url\":\"\",\"contentUrl\":\"\",\"caption\":\"KlaudynaHebda\"},\"image\":{\"@id\":\"https:\/\/klaudynahebda.pl\/sklep\/#\/schema\/logo\/image\/\"}}]}<\/script>\n<!-- \/ Yoast SEO plugin. -->","yoast_head_json":{"title":"S\u00f3l eukaliptusowa do k\u0105pieli Liptus\u00ae - Klaudyna Hebda Nature","description":"S\u00f3l eukaliptusowa Liptus\u00ae do k\u0105pieli z 8 olejkami eterycznymi. Stworzona przez aromaterapeutk\u0119 kliniczn\u0105. Poczuj komfort i ulg\u0119 w k\u0105pieli.","robots":{"index":"index","follow":"follow","max-snippet":"max-snippet:-1","max-image-preview":"max-image-preview:large","max-video-preview":"max-video-preview:-1"},"canonical":"https:\/\/klaudynahebda.pl\/sklep\/sol-liptus\/","og_locale":"pl_PL","og_type":"article","og_title":"S\u00f3l eukaliptusowa do k\u0105pieli Liptus\u00ae - Klaudyna Hebda Nature","og_description":"S\u00f3l eukaliptusowa Liptus\u00ae do k\u0105pieli z 8 olejkami eterycznymi. Stworzona przez aromaterapeutk\u0119 kliniczn\u0105. Poczuj komfort i ulg\u0119 w k\u0105pieli.","og_url":"https:\/\/klaudynahebda.pl\/sklep\/sol-liptus\/","og_site_name":"Klaudyna Hebda Nature","article_modified_time":"2026-04-09T07:40:55+00:00","og_image":[{"width":844,"height":1152,"url":"https:\/\/klaudynahebda.pl\/sklep\/wp-content\/uploads\/2021\/07\/sol-liptus-packshot.webp","type":"image\/webp"}],"twitter_card":"summary_large_image","twitter_misc":{"Szacowany czas czytania":"4 minuty"},"schema":{"@context":"https:\/\/schema.org","@graph":[{"@type":"WebPage","@id":"https:\/\/klaudynahebda.pl\/sklep\/sol-liptus\/","url":"https:\/\/klaudynahebda.pl\/sklep\/sol-liptus\/","name":"S\u00f3l eukaliptusowa do k\u0105pieli Liptus\u00ae - Klaudyna Hebda Nature","isPartOf":{"@id":"https:\/\/klaudynahebda.pl\/sklep\/#website"},"datePublished":"2021-07-27T06:20:42+00:00","dateModified":"2026-04-09T07:40:55+00:00","description":"S\u00f3l eukaliptusowa Liptus\u00ae do k\u0105pieli z 8 olejkami eterycznymi. Stworzona przez aromaterapeutk\u0119 kliniczn\u0105. Poczuj komfort i ulg\u0119 w k\u0105pieli.","breadcrumb":{"@id":"https:\/\/klaudynahebda.pl\/sklep\/sol-liptus\/#breadcrumb"},"inLanguage":"pl-PL","potentialAction":[{"@type":"ReadAction","target":["https:\/\/klaudynahebda.pl\/sklep\/sol-liptus\/"]}]},{"@type":"BreadcrumbList","@id":"https:\/\/klaudynahebda.pl\/sklep\/sol-liptus\/#breadcrumb","itemListElement":[{"@type":"ListItem","position":1,"name":"Strona g\u0142\u00f3wna","item":"https:\/\/klaudynahebda.pl\/sklep\/"},{"@type":"ListItem","position":2,"name":"Sklep","item":"https:\/\/klaudynahebda.pl\/sklep\/sklep\/"},{"@type":"ListItem","position":3,"name":"Do k\u0105pieli","item":"https:\/\/klaudynahebda.pl\/sklep\/do-kapieli\/"},{"@type":"ListItem","position":4,"name":"S\u00f3l do k\u0105pieli Liptus\u00ae z eukaliptusem i mi\u0119t\u0105"}]},{"@type":"WebSite","@id":"https:\/\/klaudynahebda.pl\/sklep\/#website","url":"https:\/\/klaudynahebda.pl\/sklep\/","name":"Klaudyna Hebda Nature","description":"Sklep","publisher":{"@id":"https:\/\/klaudynahebda.pl\/sklep\/#organization"},"potentialAction":[{"@type":"SearchAction","target":{"@type":"EntryPoint","urlTemplate":"https:\/\/klaudynahebda.pl\/sklep\/?s={search_term_string}"},"query-input":"required name=search_term_string"}],"inLanguage":"pl-PL"},{"@type":"Organization","@id":"https:\/\/klaudynahebda.pl\/sklep\/#organization","name":"KlaudynaHebda","url":"https:\/\/klaudynahebda.pl\/sklep\/","sameAs":[],"logo":{"@type":"ImageObject","inLanguage":"pl-PL","@id":"https:\/\/klaudynahebda.pl\/sklep\/#\/schema\/logo\/image\/","url":"","contentUrl":"","caption":"KlaudynaHebda"},"image":{"@id":"https:\/\/klaudynahebda.pl\/sklep\/#\/schema\/logo\/image\/"}}]}},"_links":{"self":[{"href":"https:\/\/klaudynahebda.pl\/sklep\/wp-json\/wp\/v2\/product\/169813"}],"collection":[{"href":"https:\/\/klaudynahebda.pl\/sklep\/wp-json\/wp\/v2\/product"}],"about":[{"href":"https:\/\/klaudynahebda.pl\/sklep\/wp-json\/wp\/v2\/types\/product"}],"replies":[{"embeddable":true,"href":"https:\/\/klaudynahebda.pl\/sklep\/wp-json\/wp\/v2\/comments?post=169813"}],"wp:featuredmedia":[{"embeddable":true,"href":"https:\/\/klaudynahebda.pl\/sklep\/wp-json\/wp\/v2\/media\/3405027"}],"wp:attachment":[{"href":"https:\/\/klaudynahebda.pl\/sklep\/wp-json\/wp\/v2\/media?parent=169813"}],"wp:term":[{"taxonomy":"product_cat","embeddable":true,"href":"https:\/\/klaudynahebda.pl\/sklep\/wp-json\/wp\/v2\/product_cat?post=169813"},{"taxonomy":"product_tag","embeddable":true,"href":"https:\/\/klaudynahebda.pl\/sklep\/wp-json\/wp\/v2\/product_tag?post=169813"}],"curies":[{"name":"wp","href":"https:\/\/api.w.org\/{rel}","templated":true}]}}