{"id":168099,"date":"2021-07-19T16:58:19","date_gmt":"2021-07-19T14:58:19","guid":{"rendered":"https:\/\/klaudynahebda.pl\/sklep\/?post_type=product&#038;p=168099"},"modified":"2026-04-04T21:13:49","modified_gmt":"2026-04-04T19:13:49","slug":"olejek-paczulowy","status":"publish","type":"product","link":"https:\/\/klaudynahebda.pl\/sklep\/olejek-paczulowy\/","title":{"rendered":"Olejek paczulowy"},"content":{"rendered":"<h2><strong>Paczula: zapach z histori\u0105&#8230;<\/strong><\/h2>\n<p>Z paczul\u0105 jest nieco jak ze szczypt\u0105 soli dodawan\u0105 do deser\u00f3w. Niby jej nie czu\u0107, a jednak odgrywa istotn\u0105 rol\u0119 w urozmaicaniu sztampowych zapach\u00f3w. <strong>Wed\u0142ug niekt\u00f3rych \u017ar\u00f3de\u0142 na arystokratyczne francuskie salony trafi\u0142a dzi\u0119ki Napoleonowi.<\/strong> Podczas podr\u00f3\u017cy do Egiptu Bonaparte zakupi\u0142 azjatyckie materia\u0142y o bardzo oryginalnym zapachu. Szybko si\u0119 okaza\u0142o, \u017ce by\u0142 to aromat paczuli \u2014 tradycyjnie wykorzystywanej do ochrony przed molami. Mimo tego do\u015b\u0107 ma\u0142o romantycznego pocz\u0105tku znajomo\u015bci paczula zdoby\u0142a szerokie uznanie i zosta\u0142a pokochana przez wy\u017csze sfery za swoj\u0105 zapachow\u0105 g\u0142\u0119bi\u0119.<\/p>\n<p><strong>Jednak paczula mo\u017ce si\u0119 pochwali\u0107 nie tylko popularno\u015bci\u0105 w \u015bwiecie perfumeryjnym, ale i naukowym.<\/strong> Jej bogate wn\u0119trze skrywa w sobie g\u0142\u0119boki zapach, kt\u00f3ry spodoba si\u0119 wybranym \ud83d\ude42<\/p>\n<p>Ca\u0142kiem nie\u017ale jak na hippisowski olejek z perfum, prawda? \ud83d\ude42<\/p>\n<h2><strong>Olejek paczulowy: zastosowanie<\/strong><\/h2>\n<ul>\n<li>mo\u017ce zapewnia\u0107 delikatn\u0105 ochron\u0119 przed ulatnianiem si\u0119 zapach\u00f3w, dzi\u0119ki czemu podnosi trwa\u0142o\u015b\u0107 domowych perfum;<\/li>\n<li>tego zapachu podobno nie lubi\u0105 owady;<\/li>\n<li>zapach mo\u017ce dzia\u0142a\u0107 koj\u0105co, \u0142agodz\u0105co;<\/li>\n<li>charakterystyczny, ziemisty aromat mo\u017ce dzia\u0142a\u0107 jako delikatny afrodyzjak.<\/li>\n<\/ul>\n<p data-pm-slice=\"0 0 []\" data-gtm-vis-has-fired9999833_56=\"1\"><strong>Pojemno\u015b\u0107 15 ml ma teraz now\u0105 etykiet To wci\u0105\u017c ten sam, uwielbiany przez Was olejek \u2013 zmieni\u0142 si\u0119 tylko jego wygl\u0105d.<\/strong><\/p>\n<p>&nbsp;<\/p>\n<p>\ud83d\udc49 Sprawd\u017a te\u017c inne <a href=\"https:\/\/klaudynahebda.pl\/sklep\/olejki-eteryczne\/\">naturalne olejki eteryczne<\/a> wybrane przez aromaterapeutk\u0119 kliniczn\u0105. A je\u015bli zastanawiasz, jak dyfuzowa\u0107 olejki, zerknij na ten <a href=\"https:\/\/klaudynahebda.pl\/sklep\/dyfuzor-do-aromaterapii\/\">bezprzewodowy i bezwodny dyfuzor do aromaterapii<\/a>.<\/p>\n","protected":false},"excerpt":{"rendered":"<h2><strong>Olejek paczulowy to:<\/strong><\/h2>\n<ul>\n<li>zmys\u0142owy, ziemisty i zaskakuj\u0105co niejednoznaczny<strong> 100% olejek eteryczny<\/strong>;<\/li>\n<li>aromat<strong>\u00a0wyrazisty<\/strong> \u2014 albo si\u0119 go kocha, albo omija szerokim \u0142ukiem;<\/li>\n<li>olejek u\u017cywany nawet <strong>w co trzecich damskich perfumach;<\/strong><\/li>\n<li>charakter i olfaktoryczna osobowo\u015b\u0107 \u2014 <strong>wzmacnia zapachy innych olejk\u00f3w<\/strong>, urozmaica md\u0142e kwiatowe tony;<\/li>\n<li><strong style=\"color: #555555;\">naturalny afrodyzjak<\/strong> \u2014 by\u0142a symbolem hippisowskiej rewolucji seksualnej;<\/li>\n<li>dobry wyb\u00f3r nie tylko dla romantyk\u00f3w, ale r\u00f3wnie\u017c dla tych mocno st\u0105paj\u0105cych po ziemi.<\/li>\n<\/ul>\n<p><strong>Szukasz czego\u015b nieoczywistego? Wybierz zapach rewolucji!<\/strong><\/p>\n","protected":false},"featured_media":3291180,"comment_status":"open","ping_status":"closed","template":"","meta":[],"product_cat":[249,130,36,118],"product_tag":[],"acf":[],"yoast_head":"<!-- This site is optimized with the Yoast SEO plugin v19.6.1 - https:\/\/yoast.com\/wordpress\/plugins\/seo\/ -->\n<title>Olejek paczulowy - Klaudyna Hebda Nature<\/title>\n<meta name=\"description\" content=\"Zmys\u0142owy, ziemisty i zaskakuj\u0105co niejednoznaczny. Olejek paczulowy nie pozwala pozosta\u0107 wobec siebie oboj\u0119tnym! \ud83d\udc49 Poznaj jego unikalne w\u0142a\u015bciwo\u015bci.\" \/>\n<meta name=\"robots\" content=\"index, follow, max-snippet:-1, max-image-preview:large, max-video-preview:-1\" \/>\n<link rel=\"canonical\" href=\"https:\/\/klaudynahebda.pl\/sklep\/olejek-paczulowy\/\" \/>\n<meta property=\"og:locale\" content=\"pl_PL\" \/>\n<meta property=\"og:type\" content=\"article\" \/>\n<meta property=\"og:title\" content=\"Olejek paczulowy - Klaudyna Hebda Nature\" \/>\n<meta property=\"og:description\" content=\"Zmys\u0142owy, ziemisty i zaskakuj\u0105co niejednoznaczny. Olejek paczulowy nie pozwala pozosta\u0107 wobec siebie oboj\u0119tnym! \ud83d\udc49 Poznaj jego unikalne w\u0142a\u015bciwo\u015bci.\" \/>\n<meta property=\"og:url\" content=\"https:\/\/klaudynahebda.pl\/sklep\/olejek-paczulowy\/\" \/>\n<meta property=\"og:site_name\" content=\"Klaudyna Hebda Nature\" \/>\n<meta property=\"article:modified_time\" content=\"2026-04-04T19:13:49+00:00\" \/>\n<meta property=\"og:image\" content=\"https:\/\/klaudynahebda.pl\/sklep\/wp-content\/uploads\/2021\/07\/olejek-paczula-15ml-klaudyna-hebda.jpg\" \/>\n\t<meta property=\"og:image:width\" content=\"768\" \/>\n\t<meta property=\"og:image:height\" content=\"1152\" \/>\n\t<meta property=\"og:image:type\" content=\"image\/jpeg\" \/>\n<meta name=\"twitter:card\" content=\"summary_large_image\" \/>\n<meta name=\"twitter:label1\" content=\"Szacowany czas czytania\" \/>\n\t<meta name=\"twitter:data1\" content=\"2 minuty\" \/>\n<script type=\"application\/ld+json\" class=\"yoast-schema-graph\">{\"@context\":\"https:\/\/schema.org\",\"@graph\":[{\"@type\":\"WebPage\",\"@id\":\"https:\/\/klaudynahebda.pl\/sklep\/olejek-paczulowy\/\",\"url\":\"https:\/\/klaudynahebda.pl\/sklep\/olejek-paczulowy\/\",\"name\":\"Olejek paczulowy - Klaudyna Hebda Nature\",\"isPartOf\":{\"@id\":\"https:\/\/klaudynahebda.pl\/sklep\/#website\"},\"datePublished\":\"2021-07-19T14:58:19+00:00\",\"dateModified\":\"2026-04-04T19:13:49+00:00\",\"description\":\"Zmys\u0142owy, ziemisty i zaskakuj\u0105co niejednoznaczny. Olejek paczulowy nie pozwala pozosta\u0107 wobec siebie oboj\u0119tnym! \ud83d\udc49 Poznaj jego unikalne w\u0142a\u015bciwo\u015bci.\",\"breadcrumb\":{\"@id\":\"https:\/\/klaudynahebda.pl\/sklep\/olejek-paczulowy\/#breadcrumb\"},\"inLanguage\":\"pl-PL\",\"potentialAction\":[{\"@type\":\"ReadAction\",\"target\":[\"https:\/\/klaudynahebda.pl\/sklep\/olejek-paczulowy\/\"]}]},{\"@type\":\"BreadcrumbList\",\"@id\":\"https:\/\/klaudynahebda.pl\/sklep\/olejek-paczulowy\/#breadcrumb\",\"itemListElement\":[{\"@type\":\"ListItem\",\"position\":1,\"name\":\"Strona g\u0142\u00f3wna\",\"item\":\"https:\/\/klaudynahebda.pl\/sklep\/\"},{\"@type\":\"ListItem\",\"position\":2,\"name\":\"Sklep\",\"item\":\"https:\/\/klaudynahebda.pl\/sklep\/sklep\/\"},{\"@type\":\"ListItem\",\"position\":3,\"name\":\"Olejki eteryczne\",\"item\":\"https:\/\/klaudynahebda.pl\/sklep\/olejki-eteryczne\/\"},{\"@type\":\"ListItem\",\"position\":4,\"name\":\"Olejek paczulowy\"}]},{\"@type\":\"WebSite\",\"@id\":\"https:\/\/klaudynahebda.pl\/sklep\/#website\",\"url\":\"https:\/\/klaudynahebda.pl\/sklep\/\",\"name\":\"Klaudyna Hebda Nature\",\"description\":\"Sklep\",\"publisher\":{\"@id\":\"https:\/\/klaudynahebda.pl\/sklep\/#organization\"},\"potentialAction\":[{\"@type\":\"SearchAction\",\"target\":{\"@type\":\"EntryPoint\",\"urlTemplate\":\"https:\/\/klaudynahebda.pl\/sklep\/?s={search_term_string}\"},\"query-input\":\"required name=search_term_string\"}],\"inLanguage\":\"pl-PL\"},{\"@type\":\"Organization\",\"@id\":\"https:\/\/klaudynahebda.pl\/sklep\/#organization\",\"name\":\"KlaudynaHebda\",\"url\":\"https:\/\/klaudynahebda.pl\/sklep\/\",\"sameAs\":[],\"logo\":{\"@type\":\"ImageObject\",\"inLanguage\":\"pl-PL\",\"@id\":\"https:\/\/klaudynahebda.pl\/sklep\/#\/schema\/logo\/image\/\",\"url\":\"\",\"contentUrl\":\"\",\"caption\":\"KlaudynaHebda\"},\"image\":{\"@id\":\"https:\/\/klaudynahebda.pl\/sklep\/#\/schema\/logo\/image\/\"}}]}<\/script>\n<!-- \/ Yoast SEO plugin. -->","yoast_head_json":{"title":"Olejek paczulowy - Klaudyna Hebda Nature","description":"Zmys\u0142owy, ziemisty i zaskakuj\u0105co niejednoznaczny. Olejek paczulowy nie pozwala pozosta\u0107 wobec siebie oboj\u0119tnym! \ud83d\udc49 Poznaj jego unikalne w\u0142a\u015bciwo\u015bci.","robots":{"index":"index","follow":"follow","max-snippet":"max-snippet:-1","max-image-preview":"max-image-preview:large","max-video-preview":"max-video-preview:-1"},"canonical":"https:\/\/klaudynahebda.pl\/sklep\/olejek-paczulowy\/","og_locale":"pl_PL","og_type":"article","og_title":"Olejek paczulowy - Klaudyna Hebda Nature","og_description":"Zmys\u0142owy, ziemisty i zaskakuj\u0105co niejednoznaczny. Olejek paczulowy nie pozwala pozosta\u0107 wobec siebie oboj\u0119tnym! \ud83d\udc49 Poznaj jego unikalne w\u0142a\u015bciwo\u015bci.","og_url":"https:\/\/klaudynahebda.pl\/sklep\/olejek-paczulowy\/","og_site_name":"Klaudyna Hebda Nature","article_modified_time":"2026-04-04T19:13:49+00:00","og_image":[{"width":768,"height":1152,"url":"https:\/\/klaudynahebda.pl\/sklep\/wp-content\/uploads\/2021\/07\/olejek-paczula-15ml-klaudyna-hebda.jpg","type":"image\/jpeg"}],"twitter_card":"summary_large_image","twitter_misc":{"Szacowany czas czytania":"2 minuty"},"schema":{"@context":"https:\/\/schema.org","@graph":[{"@type":"WebPage","@id":"https:\/\/klaudynahebda.pl\/sklep\/olejek-paczulowy\/","url":"https:\/\/klaudynahebda.pl\/sklep\/olejek-paczulowy\/","name":"Olejek paczulowy - Klaudyna Hebda Nature","isPartOf":{"@id":"https:\/\/klaudynahebda.pl\/sklep\/#website"},"datePublished":"2021-07-19T14:58:19+00:00","dateModified":"2026-04-04T19:13:49+00:00","description":"Zmys\u0142owy, ziemisty i zaskakuj\u0105co niejednoznaczny. Olejek paczulowy nie pozwala pozosta\u0107 wobec siebie oboj\u0119tnym! \ud83d\udc49 Poznaj jego unikalne w\u0142a\u015bciwo\u015bci.","breadcrumb":{"@id":"https:\/\/klaudynahebda.pl\/sklep\/olejek-paczulowy\/#breadcrumb"},"inLanguage":"pl-PL","potentialAction":[{"@type":"ReadAction","target":["https:\/\/klaudynahebda.pl\/sklep\/olejek-paczulowy\/"]}]},{"@type":"BreadcrumbList","@id":"https:\/\/klaudynahebda.pl\/sklep\/olejek-paczulowy\/#breadcrumb","itemListElement":[{"@type":"ListItem","position":1,"name":"Strona g\u0142\u00f3wna","item":"https:\/\/klaudynahebda.pl\/sklep\/"},{"@type":"ListItem","position":2,"name":"Sklep","item":"https:\/\/klaudynahebda.pl\/sklep\/sklep\/"},{"@type":"ListItem","position":3,"name":"Olejki eteryczne","item":"https:\/\/klaudynahebda.pl\/sklep\/olejki-eteryczne\/"},{"@type":"ListItem","position":4,"name":"Olejek paczulowy"}]},{"@type":"WebSite","@id":"https:\/\/klaudynahebda.pl\/sklep\/#website","url":"https:\/\/klaudynahebda.pl\/sklep\/","name":"Klaudyna Hebda Nature","description":"Sklep","publisher":{"@id":"https:\/\/klaudynahebda.pl\/sklep\/#organization"},"potentialAction":[{"@type":"SearchAction","target":{"@type":"EntryPoint","urlTemplate":"https:\/\/klaudynahebda.pl\/sklep\/?s={search_term_string}"},"query-input":"required name=search_term_string"}],"inLanguage":"pl-PL"},{"@type":"Organization","@id":"https:\/\/klaudynahebda.pl\/sklep\/#organization","name":"KlaudynaHebda","url":"https:\/\/klaudynahebda.pl\/sklep\/","sameAs":[],"logo":{"@type":"ImageObject","inLanguage":"pl-PL","@id":"https:\/\/klaudynahebda.pl\/sklep\/#\/schema\/logo\/image\/","url":"","contentUrl":"","caption":"KlaudynaHebda"},"image":{"@id":"https:\/\/klaudynahebda.pl\/sklep\/#\/schema\/logo\/image\/"}}]}},"_links":{"self":[{"href":"https:\/\/klaudynahebda.pl\/sklep\/wp-json\/wp\/v2\/product\/168099"}],"collection":[{"href":"https:\/\/klaudynahebda.pl\/sklep\/wp-json\/wp\/v2\/product"}],"about":[{"href":"https:\/\/klaudynahebda.pl\/sklep\/wp-json\/wp\/v2\/types\/product"}],"replies":[{"embeddable":true,"href":"https:\/\/klaudynahebda.pl\/sklep\/wp-json\/wp\/v2\/comments?post=168099"}],"wp:featuredmedia":[{"embeddable":true,"href":"https:\/\/klaudynahebda.pl\/sklep\/wp-json\/wp\/v2\/media\/3291180"}],"wp:attachment":[{"href":"https:\/\/klaudynahebda.pl\/sklep\/wp-json\/wp\/v2\/media?parent=168099"}],"wp:term":[{"taxonomy":"product_cat","embeddable":true,"href":"https:\/\/klaudynahebda.pl\/sklep\/wp-json\/wp\/v2\/product_cat?post=168099"},{"taxonomy":"product_tag","embeddable":true,"href":"https:\/\/klaudynahebda.pl\/sklep\/wp-json\/wp\/v2\/product_tag?post=168099"}],"curies":[{"name":"wp","href":"https:\/\/api.w.org\/{rel}","templated":true}]}}