{"id":162752,"date":"2021-06-22T09:32:27","date_gmt":"2021-06-22T07:32:27","guid":{"rendered":"https:\/\/klaudynahebda.pl\/sklep\/?post_type=product&#038;p=162752"},"modified":"2026-04-22T12:38:02","modified_gmt":"2026-04-22T10:38:02","slug":"zestaw-na-owady","status":"publish","type":"product","link":"https:\/\/klaudynahebda.pl\/sklep\/zestaw-na-owady\/","title":{"rendered":"Zestaw Owadowy"},"content":{"rendered":"<h2><span style=\"font-weight: 400;\">Zestaw Owadowy: gotowi na ka\u017cd\u0105 (nie tylko wakacyjn\u0105) przygod\u0119\u00a0<\/span><\/h2>\n<p><span style=\"font-weight: 400;\">Nasz owadowy niezb\u0119dnik zabieraj\u0105 nawet ci, kt\u00f3rzy rzucaj\u0105 wszystko i jad\u0105 w Bieszczady. Zapewni spokojne przetrwanie zar\u00f3wno na kra\u0144cach \u015bwiata, jak i w miejskiej d\u017cungli.\u00a0<\/span><\/p>\n<h2>Co zawiera zestaw na owady ze 100% olejkami eterycznymi?<\/h2>\n<p><b>1) <a href=\"https:\/\/klaudynahebda.pl\/sklep\/mieszanka-spacerowa\/\">Mieszanka Spacerowa<\/a><\/b><span style=\"font-weight: 400;\"> &#8211; ten pachn\u0105cy spray do ubra\u0144 pozwoli Ci wr\u00f3ci\u0107 ze spaceru tylko w towarzystwie dobrego humoru i bez niechcianych go\u015bci. Przetestowany przez le\u015bnik\u00f3w, pszczelarzy, ale te\u017c &#8211; albo raczej przede wszystkim &#8211; przez rodzic\u00f3w. To 100 ml prawdziwego spokoju na spacerze.<\/span><\/p>\n<p><b>2) <a href=\"https:\/\/klaudynahebda.pl\/sklep\/mieszanka-na-komary\/\">Mieszanka \u201c\u2026 i komar nie siada<\/a>\u201d<\/b><span style=\"font-weight: 400;\"> &#8211; mieszanka najlepszych olejk\u00f3w eterycznych, kt\u00f3ra trzyma z daleka irytuj\u0105co bzycz\u0105cych natr\u0119t\u00f3w. Zaprojektowana z naciskiem na wszechstronno\u015b\u0107, dzi\u0119ki czemu mo\u017cesz j\u0105 dyfuzowa\u0107 przy otwartym oknie lub zrobi\u0107 w\u0142asny spray. Jak Ci w duszy gra!<\/span><\/p>\n<p><b>3) <a href=\"https:\/\/klaudynahebda.pl\/sklep\/swieca-na-komary-wloczykija\/\">\u015awieca W\u0142\u00f3czykija <\/a>&#8211; <\/b><span style=\"font-weight: 400;\">gwarancja dobrego wieczoru. Idealna na balkon, taras, biwak czy kemping, podbija serca swoim cytrusowym aromatem i prawdziwie dystyngowanym, szklanym opakowaniem. Starczy do ko\u0144ca \u015bwiata i na jeden dzie\u0144 d\u0142u\u017cej.\u00a0<\/span><\/p>\n<p>Przeczytaj wi\u0119cej na blogu:<\/p>\n<ul>\n<li><a href=\"https:\/\/klaudynahebda.pl\/skuteczne-naturalne-sposoby-na-komary\/\" target=\"_blank\" rel=\"noopener\">Naturalne sposoby na komary<\/a><\/li>\n<li><a href=\"https:\/\/klaudynahebda.pl\/naturalne-sposoby-na-kleszcze\/\" target=\"_blank\" rel=\"noopener\">Naturalne sposoby na kleszcze<\/a><\/li>\n<\/ul>\n<p>&nbsp;<\/p>\n","protected":false},"excerpt":{"rendered":"<h2><span style=\"font-weight: 400;\">Zestaw na owady to:<\/span><\/h2>\n<ul>\n<li><b>3 naturalne receptury:\u00a0<\/b><span style=\"font-weight: 400;\">mieszanka Spacerowa,\u00a0<\/span><span style=\"font-weight: 400;\">mieszanka olejk\u00f3w eterycznych \u201c&#8230;i komar nie siada\u201d oraz naturaln\u0105, sojow\u0105 <\/span><span style=\"font-weight: 400;\">\u015bwiec\u0119 W\u0142\u00f3czykija;<\/span><\/li>\n<li><b>prawdziwy niezb\u0119dnik <\/b><span style=\"font-weight: 400;\">dla wszystkich w\u0142\u00f3czykij\u00f3w, wiecznych wagabund\u00f3w i mi\u0142o\u015bnik\u00f3w sp\u0119dzania czasu na \u015bwie\u017cym powietrzu;<\/span><\/li>\n<li><span style=\"font-weight: 400;\">nieoceniony towarzysz do sp\u0119dzania czasu na \u015bwie\u017cym powietrzu: odpoczynku, zabawy, sportu i turystyki;<\/span><\/li>\n<li><span style=\"font-weight: 400;\">must-have w okresie ca\u0142ego sezonu wiosenno-letniego, a czasem jeszcze d\u0142u\u017cej;<\/span><\/li>\n<li><b style=\"color: #555555;\">wszystko, czego potrzeba, aby wyruszy\u0107 na przygod\u0119!<\/b><\/li>\n<\/ul>\n<p><b>Spakuj nasz Zestaw i w drog\u0119!\u00a0<\/b><\/p>\n","protected":false},"featured_media":3284812,"comment_status":"open","ping_status":"closed","template":"","meta":[],"product_cat":[214,111,46],"product_tag":[],"acf":[],"yoast_head":"<!-- This site is optimized with the Yoast SEO plugin v19.6.1 - https:\/\/yoast.com\/wordpress\/plugins\/seo\/ -->\n<title>Zestaw Owadowy - Klaudyna Hebda Nature<\/title>\n<meta name=\"description\" content=\"Ten zestaw na owady to niezb\u0119dnik dla wszystkich mi\u0142o\u015bnik\u00f3w zieleni! -15% w Zestawie na mieszank\u0119 Spacerow\u0105, &quot;I komar nie siada&quot; i \u015bwiec\u0119 W\u0142\u00f3czykija!\" \/>\n<meta name=\"robots\" content=\"index, follow, max-snippet:-1, max-image-preview:large, max-video-preview:-1\" \/>\n<link rel=\"canonical\" href=\"https:\/\/klaudynahebda.pl\/sklep\/zestaw-na-owady\/\" \/>\n<meta property=\"og:locale\" content=\"pl_PL\" \/>\n<meta property=\"og:type\" content=\"article\" \/>\n<meta property=\"og:title\" content=\"Zestaw Owadowy - Klaudyna Hebda Nature\" \/>\n<meta property=\"og:description\" content=\"Ten zestaw na owady to niezb\u0119dnik dla wszystkich mi\u0142o\u015bnik\u00f3w zieleni! -15% w Zestawie na mieszank\u0119 Spacerow\u0105, &quot;I komar nie siada&quot; i \u015bwiec\u0119 W\u0142\u00f3czykija!\" \/>\n<meta property=\"og:url\" content=\"https:\/\/klaudynahebda.pl\/sklep\/zestaw-na-owady\/\" \/>\n<meta property=\"og:site_name\" content=\"Klaudyna Hebda Nature\" \/>\n<meta property=\"article:modified_time\" content=\"2026-04-22T10:38:02+00:00\" \/>\n<meta property=\"og:image\" content=\"https:\/\/klaudynahebda.pl\/sklep\/wp-content\/uploads\/2021\/06\/klaudyna-hebda-zestaw-owadowy.jpg\" \/>\n\t<meta property=\"og:image:width\" content=\"768\" \/>\n\t<meta property=\"og:image:height\" content=\"1152\" \/>\n\t<meta property=\"og:image:type\" content=\"image\/jpeg\" \/>\n<meta name=\"twitter:card\" content=\"summary_large_image\" \/>\n<meta name=\"twitter:label1\" content=\"Szacowany czas czytania\" \/>\n\t<meta name=\"twitter:data1\" content=\"2 minuty\" \/>\n<script type=\"application\/ld+json\" class=\"yoast-schema-graph\">{\"@context\":\"https:\/\/schema.org\",\"@graph\":[{\"@type\":\"WebPage\",\"@id\":\"https:\/\/klaudynahebda.pl\/sklep\/zestaw-na-owady\/\",\"url\":\"https:\/\/klaudynahebda.pl\/sklep\/zestaw-na-owady\/\",\"name\":\"Zestaw Owadowy - Klaudyna Hebda Nature\",\"isPartOf\":{\"@id\":\"https:\/\/klaudynahebda.pl\/sklep\/#website\"},\"datePublished\":\"2021-06-22T07:32:27+00:00\",\"dateModified\":\"2026-04-22T10:38:02+00:00\",\"description\":\"Ten zestaw na owady to niezb\u0119dnik dla wszystkich mi\u0142o\u015bnik\u00f3w zieleni! -15% w Zestawie na mieszank\u0119 Spacerow\u0105, \\\"I komar nie siada\\\" i \u015bwiec\u0119 W\u0142\u00f3czykija!\",\"breadcrumb\":{\"@id\":\"https:\/\/klaudynahebda.pl\/sklep\/zestaw-na-owady\/#breadcrumb\"},\"inLanguage\":\"pl-PL\",\"potentialAction\":[{\"@type\":\"ReadAction\",\"target\":[\"https:\/\/klaudynahebda.pl\/sklep\/zestaw-na-owady\/\"]}]},{\"@type\":\"BreadcrumbList\",\"@id\":\"https:\/\/klaudynahebda.pl\/sklep\/zestaw-na-owady\/#breadcrumb\",\"itemListElement\":[{\"@type\":\"ListItem\",\"position\":1,\"name\":\"Strona g\u0142\u00f3wna\",\"item\":\"https:\/\/klaudynahebda.pl\/sklep\/\"},{\"@type\":\"ListItem\",\"position\":2,\"name\":\"Sklep\",\"item\":\"https:\/\/klaudynahebda.pl\/sklep\/sklep\/\"},{\"@type\":\"ListItem\",\"position\":3,\"name\":\"Zestawy Klaudyna Hebda\",\"item\":\"https:\/\/klaudynahebda.pl\/sklep\/zestawy\/\"},{\"@type\":\"ListItem\",\"position\":4,\"name\":\"Zestaw Owadowy\"}]},{\"@type\":\"WebSite\",\"@id\":\"https:\/\/klaudynahebda.pl\/sklep\/#website\",\"url\":\"https:\/\/klaudynahebda.pl\/sklep\/\",\"name\":\"Klaudyna Hebda Nature\",\"description\":\"Sklep\",\"publisher\":{\"@id\":\"https:\/\/klaudynahebda.pl\/sklep\/#organization\"},\"potentialAction\":[{\"@type\":\"SearchAction\",\"target\":{\"@type\":\"EntryPoint\",\"urlTemplate\":\"https:\/\/klaudynahebda.pl\/sklep\/?s={search_term_string}\"},\"query-input\":\"required name=search_term_string\"}],\"inLanguage\":\"pl-PL\"},{\"@type\":\"Organization\",\"@id\":\"https:\/\/klaudynahebda.pl\/sklep\/#organization\",\"name\":\"KlaudynaHebda\",\"url\":\"https:\/\/klaudynahebda.pl\/sklep\/\",\"sameAs\":[],\"logo\":{\"@type\":\"ImageObject\",\"inLanguage\":\"pl-PL\",\"@id\":\"https:\/\/klaudynahebda.pl\/sklep\/#\/schema\/logo\/image\/\",\"url\":\"\",\"contentUrl\":\"\",\"caption\":\"KlaudynaHebda\"},\"image\":{\"@id\":\"https:\/\/klaudynahebda.pl\/sklep\/#\/schema\/logo\/image\/\"}}]}<\/script>\n<!-- \/ Yoast SEO plugin. -->","yoast_head_json":{"title":"Zestaw Owadowy - Klaudyna Hebda Nature","description":"Ten zestaw na owady to niezb\u0119dnik dla wszystkich mi\u0142o\u015bnik\u00f3w zieleni! -15% w Zestawie na mieszank\u0119 Spacerow\u0105, \"I komar nie siada\" i \u015bwiec\u0119 W\u0142\u00f3czykija!","robots":{"index":"index","follow":"follow","max-snippet":"max-snippet:-1","max-image-preview":"max-image-preview:large","max-video-preview":"max-video-preview:-1"},"canonical":"https:\/\/klaudynahebda.pl\/sklep\/zestaw-na-owady\/","og_locale":"pl_PL","og_type":"article","og_title":"Zestaw Owadowy - Klaudyna Hebda Nature","og_description":"Ten zestaw na owady to niezb\u0119dnik dla wszystkich mi\u0142o\u015bnik\u00f3w zieleni! -15% w Zestawie na mieszank\u0119 Spacerow\u0105, \"I komar nie siada\" i \u015bwiec\u0119 W\u0142\u00f3czykija!","og_url":"https:\/\/klaudynahebda.pl\/sklep\/zestaw-na-owady\/","og_site_name":"Klaudyna Hebda Nature","article_modified_time":"2026-04-22T10:38:02+00:00","og_image":[{"width":768,"height":1152,"url":"https:\/\/klaudynahebda.pl\/sklep\/wp-content\/uploads\/2021\/06\/klaudyna-hebda-zestaw-owadowy.jpg","type":"image\/jpeg"}],"twitter_card":"summary_large_image","twitter_misc":{"Szacowany czas czytania":"2 minuty"},"schema":{"@context":"https:\/\/schema.org","@graph":[{"@type":"WebPage","@id":"https:\/\/klaudynahebda.pl\/sklep\/zestaw-na-owady\/","url":"https:\/\/klaudynahebda.pl\/sklep\/zestaw-na-owady\/","name":"Zestaw Owadowy - Klaudyna Hebda Nature","isPartOf":{"@id":"https:\/\/klaudynahebda.pl\/sklep\/#website"},"datePublished":"2021-06-22T07:32:27+00:00","dateModified":"2026-04-22T10:38:02+00:00","description":"Ten zestaw na owady to niezb\u0119dnik dla wszystkich mi\u0142o\u015bnik\u00f3w zieleni! -15% w Zestawie na mieszank\u0119 Spacerow\u0105, \"I komar nie siada\" i \u015bwiec\u0119 W\u0142\u00f3czykija!","breadcrumb":{"@id":"https:\/\/klaudynahebda.pl\/sklep\/zestaw-na-owady\/#breadcrumb"},"inLanguage":"pl-PL","potentialAction":[{"@type":"ReadAction","target":["https:\/\/klaudynahebda.pl\/sklep\/zestaw-na-owady\/"]}]},{"@type":"BreadcrumbList","@id":"https:\/\/klaudynahebda.pl\/sklep\/zestaw-na-owady\/#breadcrumb","itemListElement":[{"@type":"ListItem","position":1,"name":"Strona g\u0142\u00f3wna","item":"https:\/\/klaudynahebda.pl\/sklep\/"},{"@type":"ListItem","position":2,"name":"Sklep","item":"https:\/\/klaudynahebda.pl\/sklep\/sklep\/"},{"@type":"ListItem","position":3,"name":"Zestawy Klaudyna Hebda","item":"https:\/\/klaudynahebda.pl\/sklep\/zestawy\/"},{"@type":"ListItem","position":4,"name":"Zestaw Owadowy"}]},{"@type":"WebSite","@id":"https:\/\/klaudynahebda.pl\/sklep\/#website","url":"https:\/\/klaudynahebda.pl\/sklep\/","name":"Klaudyna Hebda Nature","description":"Sklep","publisher":{"@id":"https:\/\/klaudynahebda.pl\/sklep\/#organization"},"potentialAction":[{"@type":"SearchAction","target":{"@type":"EntryPoint","urlTemplate":"https:\/\/klaudynahebda.pl\/sklep\/?s={search_term_string}"},"query-input":"required name=search_term_string"}],"inLanguage":"pl-PL"},{"@type":"Organization","@id":"https:\/\/klaudynahebda.pl\/sklep\/#organization","name":"KlaudynaHebda","url":"https:\/\/klaudynahebda.pl\/sklep\/","sameAs":[],"logo":{"@type":"ImageObject","inLanguage":"pl-PL","@id":"https:\/\/klaudynahebda.pl\/sklep\/#\/schema\/logo\/image\/","url":"","contentUrl":"","caption":"KlaudynaHebda"},"image":{"@id":"https:\/\/klaudynahebda.pl\/sklep\/#\/schema\/logo\/image\/"}}]}},"_links":{"self":[{"href":"https:\/\/klaudynahebda.pl\/sklep\/wp-json\/wp\/v2\/product\/162752"}],"collection":[{"href":"https:\/\/klaudynahebda.pl\/sklep\/wp-json\/wp\/v2\/product"}],"about":[{"href":"https:\/\/klaudynahebda.pl\/sklep\/wp-json\/wp\/v2\/types\/product"}],"replies":[{"embeddable":true,"href":"https:\/\/klaudynahebda.pl\/sklep\/wp-json\/wp\/v2\/comments?post=162752"}],"wp:featuredmedia":[{"embeddable":true,"href":"https:\/\/klaudynahebda.pl\/sklep\/wp-json\/wp\/v2\/media\/3284812"}],"wp:attachment":[{"href":"https:\/\/klaudynahebda.pl\/sklep\/wp-json\/wp\/v2\/media?parent=162752"}],"wp:term":[{"taxonomy":"product_cat","embeddable":true,"href":"https:\/\/klaudynahebda.pl\/sklep\/wp-json\/wp\/v2\/product_cat?post=162752"},{"taxonomy":"product_tag","embeddable":true,"href":"https:\/\/klaudynahebda.pl\/sklep\/wp-json\/wp\/v2\/product_tag?post=162752"}],"curies":[{"name":"wp","href":"https:\/\/api.w.org\/{rel}","templated":true}]}}