{"id":156069,"date":"2021-05-27T12:16:34","date_gmt":"2021-05-27T10:16:34","guid":{"rendered":"https:\/\/klaudynahebda.pl\/sklep\/?post_type=product&#038;p=156069"},"modified":"2026-04-06T15:25:58","modified_gmt":"2026-04-06T13:25:58","slug":"zestaw-na-spokoj","status":"publish","type":"product","link":"https:\/\/klaudynahebda.pl\/sklep\/zestaw-na-spokoj\/","title":{"rendered":"Zestaw na spok\u00f3j (3 roll-ony)"},"content":{"rendered":"<h2>Zestaw roll-on\u00f3w z olejkami eterycznymi na spok\u00f3j &#8211; co warto wiedzie\u0107?<\/h2>\n<ul>\n<li><b>Nasze roll-ony to rozcie\u0144czone w oleju jojoba, specjalnie wybrane olejki eteryczne. <\/b><\/li>\n<li><span style=\"font-weight: 400;\">Ich dzia\u0142anie ma potwierdzenie zar\u00f3wno w nauce, jak i w kulturze (mo\u017cesz je spotka\u0107 m.in. w tradycyjnej medycynie chi\u0144skiej). <\/span><\/li>\n<li><span style=\"font-weight: 400;\">S\u0105 zaprojektowane maksymalnie z my\u015bl\u0105 o Twoim komforcie, dlatego <\/span><b>wystarczy posmarowa\u0107 nimi nadgarstki, dekolt oraz miejsca za uszami,<\/b><span style=\"font-weight: 400;\"> \u017ceby zacz\u0119\u0142y dzia\u0142a\u0107. <\/span><\/li>\n<li><span style=\"font-weight: 400;\">Najlepiej ich stosowanie po\u0142\u0105czy\u0107 z ulubion\u0105 technik\u0105 relaksacyjn\u0105, kt\u00f3rej przyk\u0142ady znajdziesz w zak\u0142adce \u2018\u2019spos\u00f3b u\u017cycia\u2019\u2019. <\/span><\/li>\n<\/ul>\n<p><strong>Wa\u017cne!<\/strong><\/p>\n<p>Je\u015bli zam\u00f3wisz roll-ony w czasie jesienno-zimowym, mog\u0105 dotrze\u0107 do Ciebie zamro\u017cone. To zupe\u0142nie normalne cechy naturalnego sk\u0142adnika \u2013 oleju jojoba (kt\u00f3ry przy spadku temperatury robi si\u0119 g\u0119sty i przypomina wosk). Produkty nie trac\u0105 jednak swoich w\u0142a\u015bciwo\u015bci, a w temperaturze pokojowej wr\u00f3c\u0105 do swojej prawid\u0142owej konsystencji.<\/p>\n<p>&nbsp;<\/p>\n","protected":false},"excerpt":{"rendered":"<h2>Zestaw roll-on\u00f3w na spok\u00f3j to:<\/h2>\n<ul>\n<li>por\u0119czny i podr\u0119czny pomocnik<b>, kt\u00f3ry pomo\u017ce Ci odzyska\u0107 harmoni\u0119<\/b><span style=\"font-weight: 400;\"> w dniach, kiedy my\u015blisz, \u017ce nie dasz rady.<strong> K<\/strong><\/span><b>iedy wszyscy m\u00f3wi\u0105, lecz nikt nie s\u0142ucha<\/b><span style=\"font-weight: 400;\">. <\/span><\/li>\n<li><span style=\"font-weight: 400;\">naturalny spos\u00f3b na z\u0142o\u015b\u0107, nad kt\u00f3r\u0105 nie potrafisz zapanowa\u0107, a tak bardzo <\/span><b>nie chcesz zawie\u015b\u0107 ludzi, na kt\u00f3rych Ci zale\u017cy;<\/b><\/li>\n<li><span style=\"font-weight: 400;\">zestaw, kt\u00f3ry m\u00f3wi: &#8220;<strong>W<\/strong><\/span><b>ierz\u0119 w Ciebie&#8221;<\/b> za Ciebie.<\/li>\n<\/ul>\n<h2><span style=\"font-weight: 400;\">Co znajdziesz w zestawie 3 roll-on\u00f3w?<\/span><\/h2>\n<ul>\n<li style=\"font-weight: 400;\"><span style=\"font-weight: 400;\">roll-on na silne emocje, kiedy nie chcesz wybuchn\u0105\u0107<\/span><\/li>\n<li style=\"font-weight: 400;\"><span style=\"font-weight: 400;\">roll-on na nat\u0142ok my\u015bli, gdy my\u015blenie powstrzymuje Ci\u0119 od dzia\u0142ania<\/span><\/li>\n<li style=\"font-weight: 400;\"><span style=\"font-weight: 400;\">roll-on na dobry sen, idealny na lepszy sen<\/span><\/li>\n<\/ul>\n<p><b>Zmiana jest odwag\u0105<\/b><span style=\"font-weight: 400;\">. A Ty j\u0105 w sobie ju\u017c masz, skoro to czytasz. Wybierz nasz zestaw i <\/span><b>wykonaj krok w stron\u0119 spokojniejszego \u017cycia.\u00a0<\/b><\/p>\n","protected":false},"featured_media":3267752,"comment_status":"open","ping_status":"closed","template":"","meta":[],"product_cat":[244,114,134,46],"product_tag":[],"acf":[],"yoast_head":"<!-- This site is optimized with the Yoast SEO plugin v19.6.1 - https:\/\/yoast.com\/wordpress\/plugins\/seo\/ -->\n<title>Zestaw na spok\u00f3j (3 roll-ony) - Klaudyna Hebda Nature<\/title>\n<meta name=\"description\" content=\"Ten zestaw pomo\u017ce Ci odzyska\u0107 spok\u00f3j w chwilach, kiedy my\u015blisz, \u017ce nie dasz rady. Kiedy wszyscy m\u00f3wi\u0105, lecz nikt nie s\u0142ucha.\" \/>\n<meta name=\"robots\" content=\"index, follow, max-snippet:-1, max-image-preview:large, max-video-preview:-1\" \/>\n<link rel=\"canonical\" href=\"https:\/\/klaudynahebda.pl\/sklep\/zestaw-na-spokoj\/\" \/>\n<meta property=\"og:locale\" content=\"pl_PL\" \/>\n<meta property=\"og:type\" content=\"article\" \/>\n<meta property=\"og:title\" content=\"Zestaw na spok\u00f3j (3 roll-ony) - Klaudyna Hebda Nature\" \/>\n<meta property=\"og:description\" content=\"Ten zestaw pomo\u017ce Ci odzyska\u0107 spok\u00f3j w chwilach, kiedy my\u015blisz, \u017ce nie dasz rady. Kiedy wszyscy m\u00f3wi\u0105, lecz nikt nie s\u0142ucha.\" \/>\n<meta property=\"og:url\" content=\"https:\/\/klaudynahebda.pl\/sklep\/zestaw-na-spokoj\/\" \/>\n<meta property=\"og:site_name\" content=\"Klaudyna Hebda Nature\" \/>\n<meta property=\"article:modified_time\" content=\"2026-04-06T13:25:58+00:00\" \/>\n<meta property=\"og:image\" content=\"https:\/\/klaudynahebda.pl\/sklep\/wp-content\/uploads\/2021\/05\/Zestaw-na-spokoj-3-roll-ony.jpg\" \/>\n\t<meta property=\"og:image:width\" content=\"1020\" \/>\n\t<meta property=\"og:image:height\" content=\"1530\" \/>\n\t<meta property=\"og:image:type\" content=\"image\/jpeg\" \/>\n<meta name=\"twitter:card\" content=\"summary_large_image\" \/>\n<meta name=\"twitter:label1\" content=\"Szacowany czas czytania\" \/>\n\t<meta name=\"twitter:data1\" content=\"1 minuta\" \/>\n<script type=\"application\/ld+json\" class=\"yoast-schema-graph\">{\"@context\":\"https:\/\/schema.org\",\"@graph\":[{\"@type\":\"WebPage\",\"@id\":\"https:\/\/klaudynahebda.pl\/sklep\/zestaw-na-spokoj\/\",\"url\":\"https:\/\/klaudynahebda.pl\/sklep\/zestaw-na-spokoj\/\",\"name\":\"Zestaw na spok\u00f3j (3 roll-ony) - Klaudyna Hebda Nature\",\"isPartOf\":{\"@id\":\"https:\/\/klaudynahebda.pl\/sklep\/#website\"},\"datePublished\":\"2021-05-27T10:16:34+00:00\",\"dateModified\":\"2026-04-06T13:25:58+00:00\",\"description\":\"Ten zestaw pomo\u017ce Ci odzyska\u0107 spok\u00f3j w chwilach, kiedy my\u015blisz, \u017ce nie dasz rady. Kiedy wszyscy m\u00f3wi\u0105, lecz nikt nie s\u0142ucha.\",\"breadcrumb\":{\"@id\":\"https:\/\/klaudynahebda.pl\/sklep\/zestaw-na-spokoj\/#breadcrumb\"},\"inLanguage\":\"pl-PL\",\"potentialAction\":[{\"@type\":\"ReadAction\",\"target\":[\"https:\/\/klaudynahebda.pl\/sklep\/zestaw-na-spokoj\/\"]}]},{\"@type\":\"BreadcrumbList\",\"@id\":\"https:\/\/klaudynahebda.pl\/sklep\/zestaw-na-spokoj\/#breadcrumb\",\"itemListElement\":[{\"@type\":\"ListItem\",\"position\":1,\"name\":\"Strona g\u0142\u00f3wna\",\"item\":\"https:\/\/klaudynahebda.pl\/sklep\/\"},{\"@type\":\"ListItem\",\"position\":2,\"name\":\"Sklep\",\"item\":\"https:\/\/klaudynahebda.pl\/sklep\/sklep\/\"},{\"@type\":\"ListItem\",\"position\":3,\"name\":\"Roll-ony z olejkami eterycznymi\",\"item\":\"https:\/\/klaudynahebda.pl\/sklep\/roll-on-z-olejkami-eterycznymi\/\"},{\"@type\":\"ListItem\",\"position\":4,\"name\":\"Zestaw na spok\u00f3j (3 roll-ony)\"}]},{\"@type\":\"WebSite\",\"@id\":\"https:\/\/klaudynahebda.pl\/sklep\/#website\",\"url\":\"https:\/\/klaudynahebda.pl\/sklep\/\",\"name\":\"Klaudyna Hebda Nature\",\"description\":\"Sklep\",\"publisher\":{\"@id\":\"https:\/\/klaudynahebda.pl\/sklep\/#organization\"},\"potentialAction\":[{\"@type\":\"SearchAction\",\"target\":{\"@type\":\"EntryPoint\",\"urlTemplate\":\"https:\/\/klaudynahebda.pl\/sklep\/?s={search_term_string}\"},\"query-input\":\"required name=search_term_string\"}],\"inLanguage\":\"pl-PL\"},{\"@type\":\"Organization\",\"@id\":\"https:\/\/klaudynahebda.pl\/sklep\/#organization\",\"name\":\"KlaudynaHebda\",\"url\":\"https:\/\/klaudynahebda.pl\/sklep\/\",\"sameAs\":[],\"logo\":{\"@type\":\"ImageObject\",\"inLanguage\":\"pl-PL\",\"@id\":\"https:\/\/klaudynahebda.pl\/sklep\/#\/schema\/logo\/image\/\",\"url\":\"\",\"contentUrl\":\"\",\"caption\":\"KlaudynaHebda\"},\"image\":{\"@id\":\"https:\/\/klaudynahebda.pl\/sklep\/#\/schema\/logo\/image\/\"}}]}<\/script>\n<!-- \/ Yoast SEO plugin. -->","yoast_head_json":{"title":"Zestaw na spok\u00f3j (3 roll-ony) - Klaudyna Hebda Nature","description":"Ten zestaw pomo\u017ce Ci odzyska\u0107 spok\u00f3j w chwilach, kiedy my\u015blisz, \u017ce nie dasz rady. Kiedy wszyscy m\u00f3wi\u0105, lecz nikt nie s\u0142ucha.","robots":{"index":"index","follow":"follow","max-snippet":"max-snippet:-1","max-image-preview":"max-image-preview:large","max-video-preview":"max-video-preview:-1"},"canonical":"https:\/\/klaudynahebda.pl\/sklep\/zestaw-na-spokoj\/","og_locale":"pl_PL","og_type":"article","og_title":"Zestaw na spok\u00f3j (3 roll-ony) - Klaudyna Hebda Nature","og_description":"Ten zestaw pomo\u017ce Ci odzyska\u0107 spok\u00f3j w chwilach, kiedy my\u015blisz, \u017ce nie dasz rady. Kiedy wszyscy m\u00f3wi\u0105, lecz nikt nie s\u0142ucha.","og_url":"https:\/\/klaudynahebda.pl\/sklep\/zestaw-na-spokoj\/","og_site_name":"Klaudyna Hebda Nature","article_modified_time":"2026-04-06T13:25:58+00:00","og_image":[{"width":1020,"height":1530,"url":"https:\/\/klaudynahebda.pl\/sklep\/wp-content\/uploads\/2021\/05\/Zestaw-na-spokoj-3-roll-ony.jpg","type":"image\/jpeg"}],"twitter_card":"summary_large_image","twitter_misc":{"Szacowany czas czytania":"1 minuta"},"schema":{"@context":"https:\/\/schema.org","@graph":[{"@type":"WebPage","@id":"https:\/\/klaudynahebda.pl\/sklep\/zestaw-na-spokoj\/","url":"https:\/\/klaudynahebda.pl\/sklep\/zestaw-na-spokoj\/","name":"Zestaw na spok\u00f3j (3 roll-ony) - Klaudyna Hebda Nature","isPartOf":{"@id":"https:\/\/klaudynahebda.pl\/sklep\/#website"},"datePublished":"2021-05-27T10:16:34+00:00","dateModified":"2026-04-06T13:25:58+00:00","description":"Ten zestaw pomo\u017ce Ci odzyska\u0107 spok\u00f3j w chwilach, kiedy my\u015blisz, \u017ce nie dasz rady. Kiedy wszyscy m\u00f3wi\u0105, lecz nikt nie s\u0142ucha.","breadcrumb":{"@id":"https:\/\/klaudynahebda.pl\/sklep\/zestaw-na-spokoj\/#breadcrumb"},"inLanguage":"pl-PL","potentialAction":[{"@type":"ReadAction","target":["https:\/\/klaudynahebda.pl\/sklep\/zestaw-na-spokoj\/"]}]},{"@type":"BreadcrumbList","@id":"https:\/\/klaudynahebda.pl\/sklep\/zestaw-na-spokoj\/#breadcrumb","itemListElement":[{"@type":"ListItem","position":1,"name":"Strona g\u0142\u00f3wna","item":"https:\/\/klaudynahebda.pl\/sklep\/"},{"@type":"ListItem","position":2,"name":"Sklep","item":"https:\/\/klaudynahebda.pl\/sklep\/sklep\/"},{"@type":"ListItem","position":3,"name":"Roll-ony z olejkami eterycznymi","item":"https:\/\/klaudynahebda.pl\/sklep\/roll-on-z-olejkami-eterycznymi\/"},{"@type":"ListItem","position":4,"name":"Zestaw na spok\u00f3j (3 roll-ony)"}]},{"@type":"WebSite","@id":"https:\/\/klaudynahebda.pl\/sklep\/#website","url":"https:\/\/klaudynahebda.pl\/sklep\/","name":"Klaudyna Hebda Nature","description":"Sklep","publisher":{"@id":"https:\/\/klaudynahebda.pl\/sklep\/#organization"},"potentialAction":[{"@type":"SearchAction","target":{"@type":"EntryPoint","urlTemplate":"https:\/\/klaudynahebda.pl\/sklep\/?s={search_term_string}"},"query-input":"required name=search_term_string"}],"inLanguage":"pl-PL"},{"@type":"Organization","@id":"https:\/\/klaudynahebda.pl\/sklep\/#organization","name":"KlaudynaHebda","url":"https:\/\/klaudynahebda.pl\/sklep\/","sameAs":[],"logo":{"@type":"ImageObject","inLanguage":"pl-PL","@id":"https:\/\/klaudynahebda.pl\/sklep\/#\/schema\/logo\/image\/","url":"","contentUrl":"","caption":"KlaudynaHebda"},"image":{"@id":"https:\/\/klaudynahebda.pl\/sklep\/#\/schema\/logo\/image\/"}}]}},"_links":{"self":[{"href":"https:\/\/klaudynahebda.pl\/sklep\/wp-json\/wp\/v2\/product\/156069"}],"collection":[{"href":"https:\/\/klaudynahebda.pl\/sklep\/wp-json\/wp\/v2\/product"}],"about":[{"href":"https:\/\/klaudynahebda.pl\/sklep\/wp-json\/wp\/v2\/types\/product"}],"replies":[{"embeddable":true,"href":"https:\/\/klaudynahebda.pl\/sklep\/wp-json\/wp\/v2\/comments?post=156069"}],"wp:featuredmedia":[{"embeddable":true,"href":"https:\/\/klaudynahebda.pl\/sklep\/wp-json\/wp\/v2\/media\/3267752"}],"wp:attachment":[{"href":"https:\/\/klaudynahebda.pl\/sklep\/wp-json\/wp\/v2\/media?parent=156069"}],"wp:term":[{"taxonomy":"product_cat","embeddable":true,"href":"https:\/\/klaudynahebda.pl\/sklep\/wp-json\/wp\/v2\/product_cat?post=156069"},{"taxonomy":"product_tag","embeddable":true,"href":"https:\/\/klaudynahebda.pl\/sklep\/wp-json\/wp\/v2\/product_tag?post=156069"}],"curies":[{"name":"wp","href":"https:\/\/api.w.org\/{rel}","templated":true}]}}