{"id":153695,"date":"2021-05-12T10:51:09","date_gmt":"2021-05-12T08:51:09","guid":{"rendered":"https:\/\/klaudynahebda.pl\/sklep\/?post_type=product&#038;p=153695"},"modified":"2026-04-27T12:14:30","modified_gmt":"2026-04-27T10:14:30","slug":"sol-4-alchemikow","status":"publish","type":"product","link":"https:\/\/klaudynahebda.pl\/sklep\/sol-4-alchemikow\/","title":{"rendered":"S\u00f3l do k\u0105pieli Czterech Alchemik\u00f3w\u00ae"},"content":{"rendered":"<h2>Dlaczego s\u00f3l do k\u0105pieli Czterech Alchemik\u00f3w<b>\u00ae<\/b> jest tak wyj\u0105tkowa?<\/h2>\n<p>To taka s\u00f3l-marzenie, czysta rozkosz i niebo w jednym. Sama nie wiem \u2014 czy Dziewczyny najbardziej lubi\u0105 jej u\u017cywa\u0107, kiedy maj\u0105 gorsze samopoczucie, albo po prostu po spacerze w deszczowy dzie\u0144?<\/p>\n<p><span style=\"font-weight: 400;\">Bo taka ju\u017c jest ta s\u00f3l \u2014 zawsze znajdzie si\u0119 dobry pow\u00f3d, \u017ceby po ni\u0105 si\u0119gn\u0105\u0107.<\/span><\/p>\n<p><b>Stworzy\u0142am baz\u0119 z r\u00f3\u017cowej soli himalajskiej,<\/b><span style=\"font-weight: 400;\"> wydobywanej w dzikich, g\u00f3rskich rejonach Pakistanu. Doda\u0142am <\/span><b>oleje: makadamia, jojoba oraz z migda\u0142\u00f3w, <\/b><span style=\"font-weight: 400;\">kt\u00f3re tworz\u0105 przyjemn\u0105, nawil\u017caj\u0105c\u0105 warstw\u0119 na sk\u00f3rze. To wszystko sprawia, \u017ce najcenniejsze substancje z olejk\u00f3w eterycznych jeszcze szybciej Ci\u0119 zrelaksuj\u0105 i wype\u0142ni\u0105 rozgrzewaj\u0105cym, korzennym zapachem ca\u0142e pomieszczenie.<\/span><\/p>\n<h2>Co znajdziesz w soli k\u0105pielowej Czterech Alchemik\u00f3w\u00ae z olejkami eterycznymi?<\/h2>\n<p><b>S\u00f3l Czterech Alchemik\u00f3w\u00ae tworz\u0105:\u00a0<\/b><\/p>\n<ul>\n<li style=\"font-weight: 400;\"><b>olejek eteryczny z pomara\u0144czy &#8211; <\/b><span style=\"font-weight: 400;\">poprawia nastr\u00f3j i do tego bosko pachnie<\/span><\/li>\n<li><b>olejek eteryczny z perskiej limonki &#8211; <\/b><span style=\"font-weight: 400;\">od\u015bwie\u017ca, dodaje energii i wprowadza ciekaw\u0105 cytrusow\u0105 nut\u0119 w ca\u0142\u0105 kompozycj\u0119\u00a0<\/span><\/li>\n<li><b>olejek eteryczny z li\u015bci cynamonu &#8211;<\/b><span style=\"font-weight: 400;\"> rozgrzewaj\u0105cy zapach, no i pachnie ciep\u0142em\u00a0<\/span><\/li>\n<li><b>olejek eteryczny z go\u017adzika &#8211; <\/b><span style=\"font-weight: 400;\">niezast\u0105piony przy gorszym samopoczuciu<\/span><\/li>\n<li><b>olejek eteryczny z kardamonu &#8211; <\/b><span style=\"font-weight: 400;\">\u0142agodzi zm\u0119czenie\u00a0<\/span><\/li>\n<li><b><a href=\"https:\/\/klaudynahebda.pl\/sklep\/olejek-wetiweriowy\/\">olejek eteryczny z wetywerii<\/a> &#8211; <\/b><span style=\"font-weight: 400;\">nazywany \u2018\u2019olejkiem spokoju\u2019\u2019 znakomicie uspokaja, odpr\u0119\u017ca i poprawia humor\u00a0<\/span><\/li>\n<\/ul>\n<p>Ta mieszanka jest stworzona przeze mnie, a zamiast na legendzie opiera si\u0119 bardziej na wsp\u00f3\u0142czesnych badaniach nad w\u0142a\u015bciwo\u015bciami olejk\u00f3w. I dlatego w\u0142a\u015bnie postanowi\u0142am zmieni\u0107 nazw\u0119 na tak\u0105, kt\u00f3ra mniej ma si\u0119 kojarzy\u0107 z legend\u0105, a bardziej z potwierdzonym przez nauk\u0119 dzia\u0142aniem.<\/p>\n<p>\ud83d\udc49 Odkryj te\u017c inne receptury z <a href=\"https:\/\/klaudynahebda.pl\/sklep\/seria-czterech-alchemikow\/\" target=\"_blank\" rel=\"noopener\">serii Czterech Alchemik\u00f3w<b>\u00ae.<\/b><\/a><\/p>\n","protected":false},"excerpt":{"rendered":"<h2>S\u00f3l do k\u0105pieli Czterech Alchemik\u00f3w\u00ae to:<\/h2>\n<ul>\n<li>aromatyczna mieszanka pe\u0142na ciep\u0142ych, korzennych nut,<\/li>\n<li><strong><span class=\"NormalTextRun SCXW258342453 BCX0\">ciep\u0142a, z<\/span><span class=\"NormalTextRun SCXW258342453 BCX0\">io\u0142owa k\u0105piel, gdy nie ma czasu na eksperymenty,<\/span><\/strong><\/li>\n<li>naturalny spos\u00f3b <strong>n<span class=\"TextRun SCXW97353529 BCX0\" lang=\"PL-PL\" xml:lang=\"PL-PL\" data-contrast=\"none\"><span class=\"NormalTextRun SCXW97353529 BCX0\">a zimne poranki i rozgrzewaj\u0105ce wieczory,<\/span><\/span><\/strong><\/li>\n<li>aromaterapeutyczny spos\u00f3b na jesienny relaks i ukojenie po d\u0142ugim dniu,<\/li>\n<li>zapach, kt\u00f3ry otula, <strong>rozgrzewa<\/strong> i poprawia nastr\u00f3j,<\/li>\n<li>naturalny rytua\u0142, kt\u00f3ry zamienia k\u0105piel w domowe SPA,<\/li>\n<li>idea\u0142, gdy potrzebujesz chwili blisko\u015bci, ciep\u0142a i spokoju,<\/li>\n<li>magia zapach\u00f3w, kt\u00f3ra potrafi rozja\u015bni\u0107 nawet najbardziej deszczowy dzie\u0144.<\/li>\n<\/ul>\n","protected":false},"featured_media":3410220,"comment_status":"open","ping_status":"closed","template":"","meta":[],"product_cat":[246,114,130,133,220,90,39,129,190,118],"product_tag":[],"acf":[],"yoast_head":"<!-- This site is optimized with the Yoast SEO plugin v19.6.1 - https:\/\/yoast.com\/wordpress\/plugins\/seo\/ -->\n<title>S\u00f3l do k\u0105pieli Czterech Alchemik\u00f3w\u00ae - Klaudyna Hebda Nature<\/title>\n<meta name=\"description\" content=\"To taka s\u00f3l-marzenie, czysta rozkosz i niebo w jednym. U\u017cywaj jej do k\u0105pieli wspomagaj\u0105co w jesienno-zimowym sezonie, kiedy \u0142apie Ci\u0119 gorsze samopoczucie.\" \/>\n<meta name=\"robots\" content=\"index, follow, max-snippet:-1, max-image-preview:large, max-video-preview:-1\" \/>\n<link rel=\"canonical\" href=\"https:\/\/klaudynahebda.pl\/sklep\/sol-4-alchemikow\/\" \/>\n<meta property=\"og:locale\" content=\"pl_PL\" \/>\n<meta property=\"og:type\" content=\"article\" \/>\n<meta property=\"og:title\" content=\"S\u00f3l do k\u0105pieli Czterech Alchemik\u00f3w\u00ae - Klaudyna Hebda Nature\" \/>\n<meta property=\"og:description\" content=\"To taka s\u00f3l-marzenie, czysta rozkosz i niebo w jednym. U\u017cywaj jej do k\u0105pieli wspomagaj\u0105co w jesienno-zimowym sezonie, kiedy \u0142apie Ci\u0119 gorsze samopoczucie.\" \/>\n<meta property=\"og:url\" content=\"https:\/\/klaudynahebda.pl\/sklep\/sol-4-alchemikow\/\" \/>\n<meta property=\"og:site_name\" content=\"Klaudyna Hebda Nature\" \/>\n<meta property=\"article:modified_time\" content=\"2026-04-27T10:14:30+00:00\" \/>\n<meta property=\"og:image\" content=\"https:\/\/klaudynahebda.pl\/sklep\/wp-content\/uploads\/2021\/05\/Sol-czterech-alchemikow-_1_.webp\" \/>\n\t<meta property=\"og:image:width\" content=\"844\" \/>\n\t<meta property=\"og:image:height\" content=\"1152\" \/>\n\t<meta property=\"og:image:type\" content=\"image\/webp\" \/>\n<meta name=\"twitter:card\" content=\"summary_large_image\" \/>\n<meta name=\"twitter:label1\" content=\"Szacowany czas czytania\" \/>\n\t<meta name=\"twitter:data1\" content=\"2 minuty\" \/>\n<script type=\"application\/ld+json\" class=\"yoast-schema-graph\">{\"@context\":\"https:\/\/schema.org\",\"@graph\":[{\"@type\":\"WebPage\",\"@id\":\"https:\/\/klaudynahebda.pl\/sklep\/sol-4-alchemikow\/\",\"url\":\"https:\/\/klaudynahebda.pl\/sklep\/sol-4-alchemikow\/\",\"name\":\"S\u00f3l do k\u0105pieli Czterech Alchemik\u00f3w\u00ae - Klaudyna Hebda Nature\",\"isPartOf\":{\"@id\":\"https:\/\/klaudynahebda.pl\/sklep\/#website\"},\"datePublished\":\"2021-05-12T08:51:09+00:00\",\"dateModified\":\"2026-04-27T10:14:30+00:00\",\"description\":\"To taka s\u00f3l-marzenie, czysta rozkosz i niebo w jednym. U\u017cywaj jej do k\u0105pieli wspomagaj\u0105co w jesienno-zimowym sezonie, kiedy \u0142apie Ci\u0119 gorsze samopoczucie.\",\"breadcrumb\":{\"@id\":\"https:\/\/klaudynahebda.pl\/sklep\/sol-4-alchemikow\/#breadcrumb\"},\"inLanguage\":\"pl-PL\",\"potentialAction\":[{\"@type\":\"ReadAction\",\"target\":[\"https:\/\/klaudynahebda.pl\/sklep\/sol-4-alchemikow\/\"]}]},{\"@type\":\"BreadcrumbList\",\"@id\":\"https:\/\/klaudynahebda.pl\/sklep\/sol-4-alchemikow\/#breadcrumb\",\"itemListElement\":[{\"@type\":\"ListItem\",\"position\":1,\"name\":\"Strona g\u0142\u00f3wna\",\"item\":\"https:\/\/klaudynahebda.pl\/sklep\/\"},{\"@type\":\"ListItem\",\"position\":2,\"name\":\"Sklep\",\"item\":\"https:\/\/klaudynahebda.pl\/sklep\/sklep\/\"},{\"@type\":\"ListItem\",\"position\":3,\"name\":\"Autorskie mieszanki olejk\u00f3w eterycznych\",\"item\":\"https:\/\/klaudynahebda.pl\/sklep\/autorskie-mieszanki-olejkow\/\"},{\"@type\":\"ListItem\",\"position\":4,\"name\":\"S\u00f3l do k\u0105pieli Czterech Alchemik\u00f3w\u00ae\"}]},{\"@type\":\"WebSite\",\"@id\":\"https:\/\/klaudynahebda.pl\/sklep\/#website\",\"url\":\"https:\/\/klaudynahebda.pl\/sklep\/\",\"name\":\"Klaudyna Hebda Nature\",\"description\":\"Sklep\",\"publisher\":{\"@id\":\"https:\/\/klaudynahebda.pl\/sklep\/#organization\"},\"potentialAction\":[{\"@type\":\"SearchAction\",\"target\":{\"@type\":\"EntryPoint\",\"urlTemplate\":\"https:\/\/klaudynahebda.pl\/sklep\/?s={search_term_string}\"},\"query-input\":\"required name=search_term_string\"}],\"inLanguage\":\"pl-PL\"},{\"@type\":\"Organization\",\"@id\":\"https:\/\/klaudynahebda.pl\/sklep\/#organization\",\"name\":\"KlaudynaHebda\",\"url\":\"https:\/\/klaudynahebda.pl\/sklep\/\",\"sameAs\":[],\"logo\":{\"@type\":\"ImageObject\",\"inLanguage\":\"pl-PL\",\"@id\":\"https:\/\/klaudynahebda.pl\/sklep\/#\/schema\/logo\/image\/\",\"url\":\"\",\"contentUrl\":\"\",\"caption\":\"KlaudynaHebda\"},\"image\":{\"@id\":\"https:\/\/klaudynahebda.pl\/sklep\/#\/schema\/logo\/image\/\"}}]}<\/script>\n<!-- \/ Yoast SEO plugin. -->","yoast_head_json":{"title":"S\u00f3l do k\u0105pieli Czterech Alchemik\u00f3w\u00ae - Klaudyna Hebda Nature","description":"To taka s\u00f3l-marzenie, czysta rozkosz i niebo w jednym. U\u017cywaj jej do k\u0105pieli wspomagaj\u0105co w jesienno-zimowym sezonie, kiedy \u0142apie Ci\u0119 gorsze samopoczucie.","robots":{"index":"index","follow":"follow","max-snippet":"max-snippet:-1","max-image-preview":"max-image-preview:large","max-video-preview":"max-video-preview:-1"},"canonical":"https:\/\/klaudynahebda.pl\/sklep\/sol-4-alchemikow\/","og_locale":"pl_PL","og_type":"article","og_title":"S\u00f3l do k\u0105pieli Czterech Alchemik\u00f3w\u00ae - Klaudyna Hebda Nature","og_description":"To taka s\u00f3l-marzenie, czysta rozkosz i niebo w jednym. U\u017cywaj jej do k\u0105pieli wspomagaj\u0105co w jesienno-zimowym sezonie, kiedy \u0142apie Ci\u0119 gorsze samopoczucie.","og_url":"https:\/\/klaudynahebda.pl\/sklep\/sol-4-alchemikow\/","og_site_name":"Klaudyna Hebda Nature","article_modified_time":"2026-04-27T10:14:30+00:00","og_image":[{"width":844,"height":1152,"url":"https:\/\/klaudynahebda.pl\/sklep\/wp-content\/uploads\/2021\/05\/Sol-czterech-alchemikow-_1_.webp","type":"image\/webp"}],"twitter_card":"summary_large_image","twitter_misc":{"Szacowany czas czytania":"2 minuty"},"schema":{"@context":"https:\/\/schema.org","@graph":[{"@type":"WebPage","@id":"https:\/\/klaudynahebda.pl\/sklep\/sol-4-alchemikow\/","url":"https:\/\/klaudynahebda.pl\/sklep\/sol-4-alchemikow\/","name":"S\u00f3l do k\u0105pieli Czterech Alchemik\u00f3w\u00ae - Klaudyna Hebda Nature","isPartOf":{"@id":"https:\/\/klaudynahebda.pl\/sklep\/#website"},"datePublished":"2021-05-12T08:51:09+00:00","dateModified":"2026-04-27T10:14:30+00:00","description":"To taka s\u00f3l-marzenie, czysta rozkosz i niebo w jednym. U\u017cywaj jej do k\u0105pieli wspomagaj\u0105co w jesienno-zimowym sezonie, kiedy \u0142apie Ci\u0119 gorsze samopoczucie.","breadcrumb":{"@id":"https:\/\/klaudynahebda.pl\/sklep\/sol-4-alchemikow\/#breadcrumb"},"inLanguage":"pl-PL","potentialAction":[{"@type":"ReadAction","target":["https:\/\/klaudynahebda.pl\/sklep\/sol-4-alchemikow\/"]}]},{"@type":"BreadcrumbList","@id":"https:\/\/klaudynahebda.pl\/sklep\/sol-4-alchemikow\/#breadcrumb","itemListElement":[{"@type":"ListItem","position":1,"name":"Strona g\u0142\u00f3wna","item":"https:\/\/klaudynahebda.pl\/sklep\/"},{"@type":"ListItem","position":2,"name":"Sklep","item":"https:\/\/klaudynahebda.pl\/sklep\/sklep\/"},{"@type":"ListItem","position":3,"name":"Autorskie mieszanki olejk\u00f3w eterycznych","item":"https:\/\/klaudynahebda.pl\/sklep\/autorskie-mieszanki-olejkow\/"},{"@type":"ListItem","position":4,"name":"S\u00f3l do k\u0105pieli Czterech Alchemik\u00f3w\u00ae"}]},{"@type":"WebSite","@id":"https:\/\/klaudynahebda.pl\/sklep\/#website","url":"https:\/\/klaudynahebda.pl\/sklep\/","name":"Klaudyna Hebda Nature","description":"Sklep","publisher":{"@id":"https:\/\/klaudynahebda.pl\/sklep\/#organization"},"potentialAction":[{"@type":"SearchAction","target":{"@type":"EntryPoint","urlTemplate":"https:\/\/klaudynahebda.pl\/sklep\/?s={search_term_string}"},"query-input":"required name=search_term_string"}],"inLanguage":"pl-PL"},{"@type":"Organization","@id":"https:\/\/klaudynahebda.pl\/sklep\/#organization","name":"KlaudynaHebda","url":"https:\/\/klaudynahebda.pl\/sklep\/","sameAs":[],"logo":{"@type":"ImageObject","inLanguage":"pl-PL","@id":"https:\/\/klaudynahebda.pl\/sklep\/#\/schema\/logo\/image\/","url":"","contentUrl":"","caption":"KlaudynaHebda"},"image":{"@id":"https:\/\/klaudynahebda.pl\/sklep\/#\/schema\/logo\/image\/"}}]}},"_links":{"self":[{"href":"https:\/\/klaudynahebda.pl\/sklep\/wp-json\/wp\/v2\/product\/153695"}],"collection":[{"href":"https:\/\/klaudynahebda.pl\/sklep\/wp-json\/wp\/v2\/product"}],"about":[{"href":"https:\/\/klaudynahebda.pl\/sklep\/wp-json\/wp\/v2\/types\/product"}],"replies":[{"embeddable":true,"href":"https:\/\/klaudynahebda.pl\/sklep\/wp-json\/wp\/v2\/comments?post=153695"}],"wp:featuredmedia":[{"embeddable":true,"href":"https:\/\/klaudynahebda.pl\/sklep\/wp-json\/wp\/v2\/media\/3410220"}],"wp:attachment":[{"href":"https:\/\/klaudynahebda.pl\/sklep\/wp-json\/wp\/v2\/media?parent=153695"}],"wp:term":[{"taxonomy":"product_cat","embeddable":true,"href":"https:\/\/klaudynahebda.pl\/sklep\/wp-json\/wp\/v2\/product_cat?post=153695"},{"taxonomy":"product_tag","embeddable":true,"href":"https:\/\/klaudynahebda.pl\/sklep\/wp-json\/wp\/v2\/product_tag?post=153695"}],"curies":[{"name":"wp","href":"https:\/\/api.w.org\/{rel}","templated":true}]}}