{"id":153694,"date":"2021-05-12T10:51:47","date_gmt":"2021-05-12T08:51:47","guid":{"rendered":"https:\/\/klaudynahebda.pl\/sklep\/?post_type=product&#038;p=153694"},"modified":"2026-04-02T13:52:37","modified_gmt":"2026-04-02T11:52:37","slug":"roll-on-4-alchemikow","status":"publish","type":"product","link":"https:\/\/klaudynahebda.pl\/sklep\/roll-on-4-alchemikow\/","title":{"rendered":"Roll-on Czterech Alchemik\u00f3w\u00ae"},"content":{"rendered":"<h2><b>Dlaczego pokochasz roll-on Czterech Alchemik\u00f3w\u00ae?<\/b><\/h2>\n<ul>\n<li data-leveltext=\"\uf0b7\" data-font=\"Symbol\" data-listid=\"4\" data-list-defn-props=\"{&quot;335552541&quot;:1,&quot;335559685&quot;:720,&quot;335559991&quot;:360,&quot;469769226&quot;:&quot;Symbol&quot;,&quot;469769242&quot;:[8226],&quot;469777803&quot;:&quot;left&quot;,&quot;469777804&quot;:&quot;\uf0b7&quot;,&quot;469777815&quot;:&quot;hybridMultilevel&quot;}\" data-aria-posinset=\"1\" data-aria-level=\"1\"><b>Zapach ciep\u0142a i bezpiecze\u0144stwa<\/b>: korzenne nuty otulaj\u0105 Ci\u0119 niczym mi\u0119kki szal w ch\u0142odny dzie\u0144.<\/li>\n<\/ul>\n<ul>\n<li data-leveltext=\"\uf0b7\" data-font=\"Symbol\" data-listid=\"4\" data-list-defn-props=\"{&quot;335552541&quot;:1,&quot;335559685&quot;:720,&quot;335559991&quot;:360,&quot;469769226&quot;:&quot;Symbol&quot;,&quot;469769242&quot;:[8226],&quot;469777803&quot;:&quot;left&quot;,&quot;469777804&quot;:&quot;\uf0b7&quot;,&quot;469777815&quot;:&quot;hybridMultilevel&quot;}\" data-aria-posinset=\"2\" data-aria-level=\"1\"><b>Wsparcie po ci\u0119\u017ckim dniu<\/b>: rozlu\u017ania, od\u015bwie\u017ca i poprawia samopoczucie.<\/li>\n<\/ul>\n<ul>\n<li data-leveltext=\"\uf0b7\" data-font=\"Symbol\" data-listid=\"4\" data-list-defn-props=\"{&quot;335552541&quot;:1,&quot;335559685&quot;:720,&quot;335559991&quot;:360,&quot;469769226&quot;:&quot;Symbol&quot;,&quot;469769242&quot;:[8226],&quot;469777803&quot;:&quot;left&quot;,&quot;469777804&quot;:&quot;\uf0b7&quot;,&quot;469777815&quot;:&quot;hybridMultilevel&quot;}\" data-aria-posinset=\"3\" data-aria-level=\"1\"><b>Naturalne perfumy<\/b>: delikatny, ale wyczuwalny zapach utrzymuje si\u0119 na sk\u00f3rze wystarczaj\u0105co d\u0142ugo.<\/li>\n<\/ul>\n<ul>\n<li data-leveltext=\"\uf0b7\" data-font=\"Symbol\" data-listid=\"4\" data-list-defn-props=\"{&quot;335552541&quot;:1,&quot;335559685&quot;:720,&quot;335559991&quot;:360,&quot;469769226&quot;:&quot;Symbol&quot;,&quot;469769242&quot;:[8226],&quot;469777803&quot;:&quot;left&quot;,&quot;469777804&quot;:&quot;\uf0b7&quot;,&quot;469777815&quot;:&quot;hybridMultilevel&quot;}\" data-aria-posinset=\"4\" data-aria-level=\"1\"><b>Uniwersalny rytua\u0142<\/b>: \u0142atwy w aplikacji \u2013 u\u017cyj go na nadgarstki, dekolt czy szyj\u0119, by stworzy\u0107 swoje osobiste, relaksuj\u0105ce miejsce w ka\u017cdym momencie.<\/li>\n<\/ul>\n<h2><strong>Co<\/strong><b> znajdziesz w roll-onie Czterech Alchemik\u00f3w\u00ae?<\/b><\/h2>\n<p>Moc 5 starannie wyselekcjonowanych olejk\u00f3w eterycznych rozcie\u0144czonych w najwy\u017cszej jako\u015bci oleju jojoba:<\/p>\n<ul>\n<li data-leveltext=\"\uf0b7\" data-font=\"Symbol\" data-listid=\"5\" data-list-defn-props=\"{&quot;335552541&quot;:1,&quot;335559685&quot;:720,&quot;335559991&quot;:360,&quot;469769226&quot;:&quot;Symbol&quot;,&quot;469769242&quot;:[8226],&quot;469777803&quot;:&quot;left&quot;,&quot;469777804&quot;:&quot;\uf0b7&quot;,&quot;469777815&quot;:&quot;hybridMultilevel&quot;}\" data-aria-posinset=\"1\" data-aria-level=\"1\"><b>Olejek z pomara\u0144czy<\/b>: poprawia nastr\u00f3j i wnosi ciep\u0142o.<\/li>\n<\/ul>\n<ul>\n<li data-leveltext=\"\uf0b7\" data-font=\"Symbol\" data-listid=\"5\" data-list-defn-props=\"{&quot;335552541&quot;:1,&quot;335559685&quot;:720,&quot;335559991&quot;:360,&quot;469769226&quot;:&quot;Symbol&quot;,&quot;469769242&quot;:[8226],&quot;469777803&quot;:&quot;left&quot;,&quot;469777804&quot;:&quot;\uf0b7&quot;,&quot;469777815&quot;:&quot;hybridMultilevel&quot;}\" data-aria-posinset=\"2\" data-aria-level=\"1\"><b>Olejek z li\u015bci cynamonu<\/b>: przywo\u0142uje zapach jesiennych wieczor\u00f3w i rozgrzewa.<\/li>\n<\/ul>\n<ul>\n<li data-leveltext=\"\uf0b7\" data-font=\"Symbol\" data-listid=\"5\" data-list-defn-props=\"{&quot;335552541&quot;:1,&quot;335559685&quot;:720,&quot;335559991&quot;:360,&quot;469769226&quot;:&quot;Symbol&quot;,&quot;469769242&quot;:[8226],&quot;469777803&quot;:&quot;left&quot;,&quot;469777804&quot;:&quot;\uf0b7&quot;,&quot;469777815&quot;:&quot;hybridMultilevel&quot;}\" data-aria-posinset=\"3\" data-aria-level=\"1\"><b>Olejek z kardamonu<\/b>: jego koj\u0105cy aromat \u0142agodzi zm\u0119czenie.<\/li>\n<\/ul>\n<ul>\n<li data-leveltext=\"\uf0b7\" data-font=\"Symbol\" data-listid=\"5\" data-list-defn-props=\"{&quot;335552541&quot;:1,&quot;335559685&quot;:720,&quot;335559991&quot;:360,&quot;469769226&quot;:&quot;Symbol&quot;,&quot;469769242&quot;:[8226],&quot;469777803&quot;:&quot;left&quot;,&quot;469777804&quot;:&quot;\uf0b7&quot;,&quot;469777815&quot;:&quot;hybridMultilevel&quot;}\" data-aria-posinset=\"4\" data-aria-level=\"1\"><b>Olejek z rozmarynu<\/b>: orze\u017awia i dodaje energii.<\/li>\n<\/ul>\n<ul>\n<li data-leveltext=\"\uf0b7\" data-font=\"Symbol\" data-listid=\"5\" data-list-defn-props=\"{&quot;335552541&quot;:1,&quot;335559685&quot;:720,&quot;335559991&quot;:360,&quot;469769226&quot;:&quot;Symbol&quot;,&quot;469769242&quot;:[8226],&quot;469777803&quot;:&quot;left&quot;,&quot;469777804&quot;:&quot;\uf0b7&quot;,&quot;469777815&quot;:&quot;hybridMultilevel&quot;}\" data-aria-posinset=\"5\" data-aria-level=\"1\"><b>Olejek z go\u017adzik\u00f3w<\/b>: nadaje g\u0142\u0119bi zapachowi, otula i relaksuje.<\/li>\n<\/ul>\n<h2><b>Jak u\u017cywa\u0107 roll-onu z olejkami eterycznymi Czterech Alchemik\u00f3w\u00ae?<\/b><\/h2>\n<ol>\n<li data-leveltext=\"%1.\" data-font=\"Aptos\" data-listid=\"6\" data-list-defn-props=\"{&quot;335552541&quot;:0,&quot;335559685&quot;:720,&quot;335559991&quot;:360,&quot;469769242&quot;:[65533,0],&quot;469777803&quot;:&quot;left&quot;,&quot;469777804&quot;:&quot;%1.&quot;,&quot;469777815&quot;:&quot;hybridMultilevel&quot;}\" data-aria-posinset=\"1\" data-aria-level=\"1\">Posmaruj nim nadgarstki, szyj\u0119 lub dekolt.<\/li>\n<li data-leveltext=\"%1.\" data-font=\"Aptos\" data-listid=\"6\" data-list-defn-props=\"{&quot;335552541&quot;:0,&quot;335559685&quot;:720,&quot;335559991&quot;:360,&quot;469769242&quot;:[65533,0],&quot;469777803&quot;:&quot;left&quot;,&quot;469777804&quot;:&quot;%1.&quot;,&quot;469777815&quot;:&quot;hybridMultilevel&quot;}\" data-aria-posinset=\"1\" data-aria-level=\"1\">Wykorzystaj go jako subtelne, naturalne perfumy, kt\u00f3re wspieraj\u0105 Twoje emocje i samopoczucie.<\/li>\n<li data-leveltext=\"%1.\" data-font=\"Aptos\" data-listid=\"6\" data-list-defn-props=\"{&quot;335552541&quot;:0,&quot;335559685&quot;:720,&quot;335559991&quot;:360,&quot;469769242&quot;:[65533,0],&quot;469777803&quot;:&quot;left&quot;,&quot;469777804&quot;:&quot;%1.&quot;,&quot;469777815&quot;:&quot;hybridMultilevel&quot;}\" data-aria-posinset=\"1\" data-aria-level=\"1\">Dla wi\u0119kszego komfortu aplikacji, przed u\u017cyciem wstrz\u0105\u015bnij.<\/li>\n<\/ol>\n<h2><b>Jak dzia\u0142a roll-on Czterech Alchemik\u00f3w\u00ae?\u00a0<\/b><\/h2>\n<ul>\n<li data-leveltext=\"\uf0b7\" data-font=\"Symbol\" data-listid=\"7\" data-list-defn-props=\"{&quot;335552541&quot;:1,&quot;335559685&quot;:720,&quot;335559991&quot;:360,&quot;469769226&quot;:&quot;Symbol&quot;,&quot;469769242&quot;:[8226],&quot;469777803&quot;:&quot;left&quot;,&quot;469777804&quot;:&quot;\uf0b7&quot;,&quot;469777815&quot;:&quot;hybridMultilevel&quot;}\" data-aria-posinset=\"1\" data-aria-level=\"1\"><b>Klarowno\u015bci umys\u0142u i spokoju<\/b>: aromat wspiera regeneracj\u0119 emocjonaln\u0105.<\/li>\n<\/ul>\n<ul>\n<li data-leveltext=\"\uf0b7\" data-font=\"Symbol\" data-listid=\"7\" data-list-defn-props=\"{&quot;335552541&quot;:1,&quot;335559685&quot;:720,&quot;335559991&quot;:360,&quot;469769226&quot;:&quot;Symbol&quot;,&quot;469769242&quot;:[8226],&quot;469777803&quot;:&quot;left&quot;,&quot;469777804&quot;:&quot;\uf0b7&quot;,&quot;469777815&quot;:&quot;hybridMultilevel&quot;}\" data-aria-posinset=\"2\" data-aria-level=\"1\"><b>Naturalnego otulenia<\/b>: zapach dzia\u0142a na poziomie biochemicznym, nie musi by\u0107 intensywny, by dzia\u0142a\u0107.<\/li>\n<\/ul>\n<ul>\n<li data-leveltext=\"\uf0b7\" data-font=\"Symbol\" data-listid=\"7\" data-list-defn-props=\"{&quot;335552541&quot;:1,&quot;335559685&quot;:720,&quot;335559991&quot;:360,&quot;469769226&quot;:&quot;Symbol&quot;,&quot;469769242&quot;:[8226],&quot;469777803&quot;:&quot;left&quot;,&quot;469777804&quot;:&quot;\uf0b7&quot;,&quot;469777815&quot;:&quot;hybridMultilevel&quot;}\" data-aria-posinset=\"3\" data-aria-level=\"1\"><b>Wszechstronno\u015bci<\/b>: idealny na ka\u017cdy moment dnia \u2013 jako dodatek zar\u00f3wno do porannej rutyny, jak i wieczornego relaksu.<\/li>\n<\/ul>\n<h3><b>Co warto wiedzie\u0107 o roll-onie z olejkami eterycznymi?<\/b><\/h3>\n<p>W zimowe miesi\u0105ce olej jojoba mo\u017ce zmieni\u0107 swoj\u0105 konsystencj\u0119 na woskow\u0105, ale produkt zachowuje wszystkie swoje w\u0142a\u015bciwo\u015bci. Wystarczy poczeka\u0107, a\u017c powr\u00f3ci do p\u0142ynnej formy w temperaturze pokojowej.<\/p>\n<p>&nbsp;<\/p>\n<p>\ud83d\udc49 Odkryj inne receptury z serii Czterech Alchemik\u00f3w\u00ae, m.in.:<\/p>\n<ul>\n<li><a href=\"https:\/\/klaudynahebda.pl\/sklep\/sol-4-alchemikow\/\" target=\"_blank\" rel=\"noopener\">S\u00f3l do k\u0105pieli Czterech Alchemik\u00f3w<\/a><\/li>\n<li><a href=\"https:\/\/klaudynahebda.pl\/sklep\/olejek-4-alchemikow\/\" target=\"_blank\" rel=\"noopener\">Olejek Czterech Alchemik\u00f3w<\/a><\/li>\n<\/ul>\n","protected":false},"excerpt":{"rendered":"<h2><strong>Roll-on Czterech Alchemik\u00f3w\u00ae to:<\/strong><\/h2>\n<ul>\n<li>rozgrzewaj\u0105cy, koj\u0105cy i otulaj\u0105cy zapach;<\/li>\n<li><span class=\"TextRun SCXW53011699 BCX0\" lang=\"PL-PL\" xml:lang=\"PL-PL\" data-contrast=\"none\"><span class=\"NormalTextRun SCXW53011699 BCX0\">naturalny spos\u00f3b na ch\u0142odne poranki i rozgrzewaj\u0105ce popo\u0142udnia &#8211; z<\/span><span class=\"NormalTextRun SCXW53011699 BCX0\">awsze pod r\u0119k\u0105;<\/span><\/span><span class=\"EOP SCXW53011699 BCX0\" data-ccp-props=\"{}\">\u00a0<\/span><\/li>\n<li>prawdziwa alchemia zapach\u00f3w i emocji;<\/li>\n<li>najlepszy wyb\u00f3r, kiedy potrzebujesz chwili dla siebie i poczucia bezpiecze\u0144stwa;<\/li>\n<li>starannie dobrane olejki eteryczne, kt\u00f3rych aromat daje uczucie klarowno\u015bci umys\u0142u, poprawia nastr\u00f3j i wspiera regeneracj\u0119 wewn\u0119trzn\u0105.<\/li>\n<\/ul>\n<p>&nbsp;<\/p>\n","protected":false},"featured_media":3344638,"comment_status":"open","ping_status":"closed","template":"","meta":[],"product_cat":[246,244,114,130,90,134,129,190,118],"product_tag":[],"acf":[],"yoast_head":"<!-- This site is optimized with the Yoast SEO plugin v19.6.1 - https:\/\/yoast.com\/wordpress\/plugins\/seo\/ -->\n<title>Roll-on Czterech Alchemik\u00f3w\u00ae - Klaudyna Hebda Nature<\/title>\n<meta name=\"description\" content=\"Otula ciep\u0142ym, korzennym aromatem. Zabierz go ze sob\u0105, gdziekolwiek chcesz i w\u0142\u00f3\u017c do torebki. Nie wymaga rozcie\u0144czania, nie potrzebujesz dyfuzora.\" \/>\n<meta name=\"robots\" content=\"index, follow, max-snippet:-1, max-image-preview:large, max-video-preview:-1\" \/>\n<link rel=\"canonical\" href=\"https:\/\/klaudynahebda.pl\/sklep\/roll-on-4-alchemikow\/\" \/>\n<meta property=\"og:locale\" content=\"pl_PL\" \/>\n<meta property=\"og:type\" content=\"article\" \/>\n<meta property=\"og:title\" content=\"Roll-on Czterech Alchemik\u00f3w\u00ae - Klaudyna Hebda Nature\" \/>\n<meta property=\"og:description\" content=\"Otula ciep\u0142ym, korzennym aromatem. Zabierz go ze sob\u0105, gdziekolwiek chcesz i w\u0142\u00f3\u017c do torebki. Nie wymaga rozcie\u0144czania, nie potrzebujesz dyfuzora.\" \/>\n<meta property=\"og:url\" content=\"https:\/\/klaudynahebda.pl\/sklep\/roll-on-4-alchemikow\/\" \/>\n<meta property=\"og:site_name\" content=\"Klaudyna Hebda Nature\" \/>\n<meta property=\"article:modified_time\" content=\"2026-04-02T11:52:37+00:00\" \/>\n<meta property=\"og:image\" content=\"https:\/\/klaudynahebda.pl\/sklep\/wp-content\/uploads\/2021\/05\/roll-on-czterech-alchemikow-olejki-eteryczne-aromaterapia.jpg.png\" \/>\n\t<meta property=\"og:image:width\" content=\"844\" \/>\n\t<meta property=\"og:image:height\" content=\"1152\" \/>\n\t<meta property=\"og:image:type\" content=\"image\/png\" \/>\n<meta name=\"twitter:card\" content=\"summary_large_image\" \/>\n<meta name=\"twitter:label1\" content=\"Szacowany czas czytania\" \/>\n\t<meta name=\"twitter:data1\" content=\"2 minuty\" \/>\n<script type=\"application\/ld+json\" class=\"yoast-schema-graph\">{\"@context\":\"https:\/\/schema.org\",\"@graph\":[{\"@type\":\"WebPage\",\"@id\":\"https:\/\/klaudynahebda.pl\/sklep\/roll-on-4-alchemikow\/\",\"url\":\"https:\/\/klaudynahebda.pl\/sklep\/roll-on-4-alchemikow\/\",\"name\":\"Roll-on Czterech Alchemik\u00f3w\u00ae - Klaudyna Hebda Nature\",\"isPartOf\":{\"@id\":\"https:\/\/klaudynahebda.pl\/sklep\/#website\"},\"datePublished\":\"2021-05-12T08:51:47+00:00\",\"dateModified\":\"2026-04-02T11:52:37+00:00\",\"description\":\"Otula ciep\u0142ym, korzennym aromatem. Zabierz go ze sob\u0105, gdziekolwiek chcesz i w\u0142\u00f3\u017c do torebki. Nie wymaga rozcie\u0144czania, nie potrzebujesz dyfuzora.\",\"breadcrumb\":{\"@id\":\"https:\/\/klaudynahebda.pl\/sklep\/roll-on-4-alchemikow\/#breadcrumb\"},\"inLanguage\":\"pl-PL\",\"potentialAction\":[{\"@type\":\"ReadAction\",\"target\":[\"https:\/\/klaudynahebda.pl\/sklep\/roll-on-4-alchemikow\/\"]}]},{\"@type\":\"BreadcrumbList\",\"@id\":\"https:\/\/klaudynahebda.pl\/sklep\/roll-on-4-alchemikow\/#breadcrumb\",\"itemListElement\":[{\"@type\":\"ListItem\",\"position\":1,\"name\":\"Strona g\u0142\u00f3wna\",\"item\":\"https:\/\/klaudynahebda.pl\/sklep\/\"},{\"@type\":\"ListItem\",\"position\":2,\"name\":\"Sklep\",\"item\":\"https:\/\/klaudynahebda.pl\/sklep\/sklep\/\"},{\"@type\":\"ListItem\",\"position\":3,\"name\":\"Roll-ony z olejkami eterycznymi\",\"item\":\"https:\/\/klaudynahebda.pl\/sklep\/roll-on-z-olejkami-eterycznymi\/\"},{\"@type\":\"ListItem\",\"position\":4,\"name\":\"Roll-on Czterech Alchemik\u00f3w\u00ae\"}]},{\"@type\":\"WebSite\",\"@id\":\"https:\/\/klaudynahebda.pl\/sklep\/#website\",\"url\":\"https:\/\/klaudynahebda.pl\/sklep\/\",\"name\":\"Klaudyna Hebda Nature\",\"description\":\"Sklep\",\"publisher\":{\"@id\":\"https:\/\/klaudynahebda.pl\/sklep\/#organization\"},\"potentialAction\":[{\"@type\":\"SearchAction\",\"target\":{\"@type\":\"EntryPoint\",\"urlTemplate\":\"https:\/\/klaudynahebda.pl\/sklep\/?s={search_term_string}\"},\"query-input\":\"required name=search_term_string\"}],\"inLanguage\":\"pl-PL\"},{\"@type\":\"Organization\",\"@id\":\"https:\/\/klaudynahebda.pl\/sklep\/#organization\",\"name\":\"KlaudynaHebda\",\"url\":\"https:\/\/klaudynahebda.pl\/sklep\/\",\"sameAs\":[],\"logo\":{\"@type\":\"ImageObject\",\"inLanguage\":\"pl-PL\",\"@id\":\"https:\/\/klaudynahebda.pl\/sklep\/#\/schema\/logo\/image\/\",\"url\":\"\",\"contentUrl\":\"\",\"caption\":\"KlaudynaHebda\"},\"image\":{\"@id\":\"https:\/\/klaudynahebda.pl\/sklep\/#\/schema\/logo\/image\/\"}}]}<\/script>\n<!-- \/ Yoast SEO plugin. -->","yoast_head_json":{"title":"Roll-on Czterech Alchemik\u00f3w\u00ae - Klaudyna Hebda Nature","description":"Otula ciep\u0142ym, korzennym aromatem. Zabierz go ze sob\u0105, gdziekolwiek chcesz i w\u0142\u00f3\u017c do torebki. Nie wymaga rozcie\u0144czania, nie potrzebujesz dyfuzora.","robots":{"index":"index","follow":"follow","max-snippet":"max-snippet:-1","max-image-preview":"max-image-preview:large","max-video-preview":"max-video-preview:-1"},"canonical":"https:\/\/klaudynahebda.pl\/sklep\/roll-on-4-alchemikow\/","og_locale":"pl_PL","og_type":"article","og_title":"Roll-on Czterech Alchemik\u00f3w\u00ae - Klaudyna Hebda Nature","og_description":"Otula ciep\u0142ym, korzennym aromatem. Zabierz go ze sob\u0105, gdziekolwiek chcesz i w\u0142\u00f3\u017c do torebki. Nie wymaga rozcie\u0144czania, nie potrzebujesz dyfuzora.","og_url":"https:\/\/klaudynahebda.pl\/sklep\/roll-on-4-alchemikow\/","og_site_name":"Klaudyna Hebda Nature","article_modified_time":"2026-04-02T11:52:37+00:00","og_image":[{"width":844,"height":1152,"url":"https:\/\/klaudynahebda.pl\/sklep\/wp-content\/uploads\/2021\/05\/roll-on-czterech-alchemikow-olejki-eteryczne-aromaterapia.jpg.png","type":"image\/png"}],"twitter_card":"summary_large_image","twitter_misc":{"Szacowany czas czytania":"2 minuty"},"schema":{"@context":"https:\/\/schema.org","@graph":[{"@type":"WebPage","@id":"https:\/\/klaudynahebda.pl\/sklep\/roll-on-4-alchemikow\/","url":"https:\/\/klaudynahebda.pl\/sklep\/roll-on-4-alchemikow\/","name":"Roll-on Czterech Alchemik\u00f3w\u00ae - Klaudyna Hebda Nature","isPartOf":{"@id":"https:\/\/klaudynahebda.pl\/sklep\/#website"},"datePublished":"2021-05-12T08:51:47+00:00","dateModified":"2026-04-02T11:52:37+00:00","description":"Otula ciep\u0142ym, korzennym aromatem. Zabierz go ze sob\u0105, gdziekolwiek chcesz i w\u0142\u00f3\u017c do torebki. Nie wymaga rozcie\u0144czania, nie potrzebujesz dyfuzora.","breadcrumb":{"@id":"https:\/\/klaudynahebda.pl\/sklep\/roll-on-4-alchemikow\/#breadcrumb"},"inLanguage":"pl-PL","potentialAction":[{"@type":"ReadAction","target":["https:\/\/klaudynahebda.pl\/sklep\/roll-on-4-alchemikow\/"]}]},{"@type":"BreadcrumbList","@id":"https:\/\/klaudynahebda.pl\/sklep\/roll-on-4-alchemikow\/#breadcrumb","itemListElement":[{"@type":"ListItem","position":1,"name":"Strona g\u0142\u00f3wna","item":"https:\/\/klaudynahebda.pl\/sklep\/"},{"@type":"ListItem","position":2,"name":"Sklep","item":"https:\/\/klaudynahebda.pl\/sklep\/sklep\/"},{"@type":"ListItem","position":3,"name":"Roll-ony z olejkami eterycznymi","item":"https:\/\/klaudynahebda.pl\/sklep\/roll-on-z-olejkami-eterycznymi\/"},{"@type":"ListItem","position":4,"name":"Roll-on Czterech Alchemik\u00f3w\u00ae"}]},{"@type":"WebSite","@id":"https:\/\/klaudynahebda.pl\/sklep\/#website","url":"https:\/\/klaudynahebda.pl\/sklep\/","name":"Klaudyna Hebda Nature","description":"Sklep","publisher":{"@id":"https:\/\/klaudynahebda.pl\/sklep\/#organization"},"potentialAction":[{"@type":"SearchAction","target":{"@type":"EntryPoint","urlTemplate":"https:\/\/klaudynahebda.pl\/sklep\/?s={search_term_string}"},"query-input":"required name=search_term_string"}],"inLanguage":"pl-PL"},{"@type":"Organization","@id":"https:\/\/klaudynahebda.pl\/sklep\/#organization","name":"KlaudynaHebda","url":"https:\/\/klaudynahebda.pl\/sklep\/","sameAs":[],"logo":{"@type":"ImageObject","inLanguage":"pl-PL","@id":"https:\/\/klaudynahebda.pl\/sklep\/#\/schema\/logo\/image\/","url":"","contentUrl":"","caption":"KlaudynaHebda"},"image":{"@id":"https:\/\/klaudynahebda.pl\/sklep\/#\/schema\/logo\/image\/"}}]}},"_links":{"self":[{"href":"https:\/\/klaudynahebda.pl\/sklep\/wp-json\/wp\/v2\/product\/153694"}],"collection":[{"href":"https:\/\/klaudynahebda.pl\/sklep\/wp-json\/wp\/v2\/product"}],"about":[{"href":"https:\/\/klaudynahebda.pl\/sklep\/wp-json\/wp\/v2\/types\/product"}],"replies":[{"embeddable":true,"href":"https:\/\/klaudynahebda.pl\/sklep\/wp-json\/wp\/v2\/comments?post=153694"}],"wp:featuredmedia":[{"embeddable":true,"href":"https:\/\/klaudynahebda.pl\/sklep\/wp-json\/wp\/v2\/media\/3344638"}],"wp:attachment":[{"href":"https:\/\/klaudynahebda.pl\/sklep\/wp-json\/wp\/v2\/media?parent=153694"}],"wp:term":[{"taxonomy":"product_cat","embeddable":true,"href":"https:\/\/klaudynahebda.pl\/sklep\/wp-json\/wp\/v2\/product_cat?post=153694"},{"taxonomy":"product_tag","embeddable":true,"href":"https:\/\/klaudynahebda.pl\/sklep\/wp-json\/wp\/v2\/product_tag?post=153694"}],"curies":[{"name":"wp","href":"https:\/\/api.w.org\/{rel}","templated":true}]}}