{"id":153691,"date":"2021-05-12T10:49:59","date_gmt":"2021-05-12T08:49:59","guid":{"rendered":"https:\/\/klaudynahebda.pl\/sklep\/?post_type=product&#038;p=153691"},"modified":"2026-04-21T13:48:55","modified_gmt":"2026-04-21T11:48:55","slug":"olejek-4-alchemikow","status":"publish","type":"product","link":"https:\/\/klaudynahebda.pl\/sklep\/olejek-4-alchemikow\/","title":{"rendered":"Olejek Czterech Alchemik\u00f3w\u00ae &#8211; naturalna tarcza dla Twojego domu"},"content":{"rendered":"<h2>Chro\u0144 sw\u00f3j dom naturalnie. Olejek Czterech Alchemik\u00f3w\u00ae &#8211; niezast\u0105piony od wiek\u00f3w<\/h2>\n<p>Olejek Czterech Alchemik\u00f3w\u00ae to mieszanka olejk\u00f3w eterycznych, kt\u00f3rej zapach daje poczucie bezpiecze\u0144stwa i tworzy przyjemn\u0105 atmosfer\u0119 w Twoim domu. Dzi\u0119ki olejkowi pomara\u0144czowemu kompozycja jest \u0142agodna i nieprzyt\u0142aczaj\u0105ca nawet dla najm\u0142odszych domownik\u00f3w.<\/p>\n<p>&nbsp;<\/p>\n<h2>Co znajdziesz w mieszance olejk\u00f3w eterycznych Czterech Alchemik\u00f3w\u00ae?<\/h2>\n<ul>\n<li><strong>Olejek cynamonowy<\/strong> \u2013 niczym stra\u017cnik domu otula ciep\u0142em i korzennym zapachem, kt\u00f3ry odgania wszelkie troski.<\/li>\n<li><a href=\"https:\/\/klaudynahebda.pl\/sklep\/olejek-gozdzikowy\/\" target=\"_blank\" rel=\"noopener\"><strong>Olejek go\u017adzikowy<\/strong> <\/a>\u2013 jego intensywny aromat dzia\u0142a jak naturalny filtr, wprowadzaj\u0105c poczucie czysto\u015bci i \u015bwie\u017co\u015bci.<\/li>\n<li><a href=\"https:\/\/klaudynahebda.pl\/sklep\/olejek-eukaliptusowy\/\"><strong>Olejek eukaliptusowy<\/strong><\/a> \u2013 lekki, orze\u017awiaj\u0105cy, jak powiew \u015bwie\u017cego powietrza po letniej burzy.<\/li>\n<li><a href=\"https:\/\/klaudynahebda.pl\/sklep\/olejek-rozmarynowy\/\"><strong>Olejek rozmarynowy<\/strong><\/a> \u2013 zio\u0142owy stra\u017cnik klarowno\u015bci, tworzy atmosfer\u0119, w kt\u00f3rej \u0142atwiej si\u0119 przebywa.<\/li>\n<li><strong>Olejek pomara\u0144czowy<\/strong> \u2013 delikatna s\u0142odycz, kt\u00f3ra wype\u0142nia dom rado\u015bci\u0105 i spokojem.<\/li>\n<li><strong>Olejek kardamonowy<\/strong> \u2013 subtelny akcent przytulno\u015bci, kt\u00f3ry sprawia, \u017ce czujesz si\u0119 otoczony trosk\u0105 natury.<\/li>\n<\/ul>\n<p>&nbsp;<\/p>\n<h3>Dlaczego ta mieszanka ma nazw\u0119 Czterech Alchemik\u00f3w?<\/h3>\n<p>Sprawd\u017a tutaj:<a href=\"https:\/\/klaudynahebda.pl\/dowiedz-sie-wiecej-seria-czterech-alchemikow\/\" target=\"_blank\" rel=\"noopener\"> Czterech Alchemik\u00f3w &#8211; najs\u0142ynniejsza mieszanka aromaterapeutyczna \u015bwiata<\/a><\/p>\n<h3><strong>Dyfuzor bezwodny \u2013 wydob\u0105d\u017a z Olejku Czterech Alchemik\u00f3w\u00ae, co najlepsze<\/strong><\/h3>\n<p>Aby w pe\u0142ni czerpa\u0107 z w\u0142a\u015bciwo\u015bci olejk\u00f3w eterycznych, si\u0119gnij po <a href=\"https:\/\/klaudynahebda.pl\/sklep\/dyfuzor-do-aromaterapii\/\"><strong data-start=\"259\" data-end=\"288\">dyfuzor bezwodny K. HEBDA<\/strong><\/a> \u2013 urz\u0105dzenie, kt\u00f3re wydobywa 100% esencji zapachowej bez u\u017cycia wody i ciep\u0142a. D<span data-contrast=\"auto\">zi\u0119ki temu cz\u0105steczki olejk\u00f3w nie s\u0105 rozcie\u0144czone, a zapach jest dok\u0142adnie taki, jaki czujesz w\u0105chaj\u0105c buteleczk\u0119.<\/span><span data-ccp-props=\"{&quot;134233118&quot;:false,&quot;201341983&quot;:0,&quot;335559685&quot;:-20,&quot;335559737&quot;:-20,&quot;335559739&quot;:200,&quot;335559740&quot;:276}\">\u00a0<\/span><\/p>\n<div class=\"row row-collapse align-middle\"  id=\"row-1770615604\">\n\n\t<div id=\"col-941351176\" class=\"col small-10 large-12\"  >\n\t\t\t\t<div class=\"col-inner\"  >\n\t\t\t\n\t\t\t <h3 class=\"accordion_title\">Najcz\u0119\u015bciej zadawane pytania<\/h3><div class=\"accordion\" rel=\"1\"><\/div>\n<div class=\"accordion-item\"><a href=\"#\" class=\"accordion-title plain\"><button class=\"toggle\"><i class=\"icon-angle-down\"><\/i><\/button><span>Jak pachnie teraz mieszanka olejk\u00f3w eterycznych Czterech Alchemik\u00f3w\u00ae?<\/span><\/a><div class=\"accordion-inner\">\nU\u017cywa\u0142a\u015b wcze\u015bniej naszej mieszanki? Jej zapach mo\u017ce delikatnie r\u00f3\u017cni\u0107 si\u0119 od wersji, kt\u00f3r\u0105 znasz, jednak wci\u0105\u017c tworz\u0105 j\u0105 te same, naturalne olejki eteryczne. By\u0107 mo\u017ce tego nie poczujesz, bo sk\u0142adniki s\u0105 te same \u2013 zmienili\u015bmy jedynie ich proporcje. Teraz zapach ma nieco bardziej ni\u017c wcze\u015bniej wyczuwaln\u0105 pomara\u0144cz\u0119, kardamon i cynamon. Nieco mniej wyra\u017any mo\u017ce by\u0107 z kolei rozmaryn i go\u017adzik.<\/p>\n<p>Jak widzisz, nie s\u0105 to zmiany du\u017ce czy rewolucyjne i nie ka\u017cdy je zauwa\u017cy, jednak niekt\u00f3re nosy mog\u0105 je wyczu\u0107, dlatego chcemy by\u0107 z Tob\u0105 w pe\u0142ni transparentni.<\/p>\n<p>Sk\u0105d ta zmiana? To efekt od\u015bwie\u017cenia receptury na podstawie najnowszej wiedzy i naszego do\u015bwiadczenia, tak aby by\u0142 jeszcze przyjemniejszy w codziennym u\u017cyciu. Nasza jako\u015b\u0107 i dba\u0142o\u015b\u0107 o szczeg\u00f3\u0142y pozostaj\u0105 bez zmian.<br \/>\n<\/div><\/div>\n<div class=\"accordion-item\"><a href=\"#\" class=\"accordion-title plain\"><button class=\"toggle\"><i class=\"icon-angle-down\"><\/i><\/button><span>Czy olejek Czterech Alchemik\u00f3w\u00ae to to samo, co olejek Dobrego Samarytanina?<\/span><\/a><div class=\"accordion-inner\">\nNie, ale obie mieszanki maj\u0105 podobne sk\u0142adniki. Olejek Dobrego Samarytanina zawiera olejki: cynamonowy, go\u017adzikowy, cytrynowy, rozmarynowy i eukaliptusowy. Olejek Czterech Alchemik\u00f3w\u00ae wzbogacili\u015bmy o olejki pomara\u0144czowy i kardamonowy, kt\u00f3re nadaj\u0105 mu cieplejszy i bardziej z\u0142o\u017cony aromat.<\/p>\n<p>Olejek Czterech Alchemik\u00f3w\u00ae to wszechstronny produkt stworzony z my\u015bl\u0105 o harmonii w domu i o codziennej wygodzie. Idealny do tworzenia w\u0142asnych rytua\u0142\u00f3w piel\u0119gnacyjnych i domowych.<br \/>\n<\/div><\/div>\n<div class=\"accordion-item\"><a href=\"#\" class=\"accordion-title plain\"><button class=\"toggle\"><i class=\"icon-angle-down\"><\/i><\/button><span>Co znajduje si\u0119 w mieszance olejk\u00f3w eterycznych Czterech Alchemik\u00f3w\u00ae?<\/span><\/a><div class=\"accordion-inner\">\n<ul>\n<li>Olejek cynamonowy \u2013 otula ciep\u0142em i korzennym zapachem, kt\u00f3ry odgania troski.<\/li>\n<li>Olejek go\u017adzikowy \u2013 intensywny aromat wprowadza poczucie czysto\u015bci i \u015bwie\u017co\u015bci.<\/li>\n<li>Olejek eukaliptusowy \u2013 lekki i orze\u017awiaj\u0105cy, jak powiew \u015bwie\u017cego powietrza po letniej burzy.<\/li>\n<li>Olejek rozmarynowy \u2013 zio\u0142owy akcent, kt\u00f3ry sprzyja klarowno\u015bci umys\u0142u.<\/li>\n<li>Olejek pomara\u0144czowy \u2013 delikatna s\u0142odycz nios\u0105ca rado\u015b\u0107 i spok\u00f3j.<\/li>\n<li>Olejek kardamonowy \u2013 subtelny, przytulny akcent natury.<\/li>\n<\/ul>\n<\/div><\/div>\n<div class=\"accordion-item\"><a href=\"#\" class=\"accordion-title plain\"><button class=\"toggle\"><i class=\"icon-angle-down\"><\/i><\/button><span>Dlaczego mieszanka nosi nazw\u0119 Czterech Alchemik\u00f3w\u00ae?<\/span><\/a><div class=\"accordion-inner\">\nInspiracj\u0105 by\u0142a najs\u0142ynniejsza mieszanka aromaterapeutyczna \u015bwiata \u2014 jej historia si\u0119ga setek lat wstecz, kiedy wykorzystywano j\u0105, by chroni\u0107 domostwa i tworzy\u0107 w nich poczucie bezpiecze\u0144stwa. Nasza receptura \u0142\u0105czy t\u0119 tradycj\u0119 z nowoczesn\u0105 wiedz\u0105 o aromaterapii.<br \/>\n<\/div><\/div>\n<div class=\"accordion-item\"><a href=\"#\" class=\"accordion-title plain\"><button class=\"toggle\"><i class=\"icon-angle-down\"><\/i><\/button><span>Jak mog\u0119 u\u017cywa\u0107 olejku Czterech Alchemik\u00f3w\u00ae w domu?<\/span><\/a><div class=\"accordion-inner\">\n<p><b><span data-contrast=\"auto\">W domu<\/span><\/b><\/p>\n<ul>\n<li data-leveltext=\"\uf0b7\" data-font=\"Symbol\" data-listid=\"5\" data-list-defn-props=\"{&quot;335552541&quot;:1,&quot;335559685&quot;:720,&quot;335559991&quot;:360,&quot;469769226&quot;:&quot;Symbol&quot;,&quot;469769242&quot;:&#091;8226&#093;,&quot;469777803&quot;:&quot;left&quot;,&quot;469777804&quot;:&quot;\uf0b7&quot;,&quot;469777815&quot;:&quot;hybridMultilevel&quot;}\" data-aria-posinset=\"1\" data-aria-level=\"1\"><b><span data-contrast=\"auto\">Przemywanie powierzchni:<\/span><\/b><span data-contrast=\"auto\"> Dodaj 7-8 kropli olejku do 30 ml alkoholu o st\u0119\u017ceniu minimum 60% lub \u015brodka dezynfekcyjnego. U\u017cyj mieszanki do czyszczenia klamek i innych cz\u0119sto dotykanych powierzchni. Pami\u0119taj, aby przetestowa\u0107 mikstur\u0119 na ma\u0142ym fragmencie, by upewni\u0107 si\u0119, \u017ce nie uszkodzi powierzchni.<\/span><span data-ccp-props=\"{&quot;134233117&quot;:false,&quot;134233118&quot;:false,&quot;335559738&quot;:0,&quot;335559739&quot;:0}\">\u00a0<\/span><\/li>\n<\/ul>\n<ul>\n<li data-leveltext=\"\uf0b7\" data-font=\"Symbol\" data-listid=\"5\" data-list-defn-props=\"{&quot;335552541&quot;:1,&quot;335559685&quot;:720,&quot;335559991&quot;:360,&quot;469769226&quot;:&quot;Symbol&quot;,&quot;469769242&quot;:&#091;8226&#093;,&quot;469777803&quot;:&quot;left&quot;,&quot;469777804&quot;:&quot;\uf0b7&quot;,&quot;469777815&quot;:&quot;hybridMultilevel&quot;}\" data-aria-posinset=\"2\" data-aria-level=\"1\"><b><span data-contrast=\"auto\">W dyfuzorze:<\/span><\/b> <span data-ccp-props=\"{&quot;134233117&quot;:false,&quot;134233118&quot;:false,&quot;335559738&quot;:0,&quot;335559739&quot;:0}\"><strong>Dyfuzor nebulizuj\u0105cy (na zimno)<\/strong> <a href=\"https:\/\/klaudynahebda.pl\/sklep\/dyfuzor-do-aromaterapii\/\">znajdziesz u nas w sklepie<\/a>. To urz\u0105dzenie, kt\u00f3re rozpyla czysty olejek eteryczny bez u\u017cycia wody ani podgrzewania.\u00a0Dzi\u0119ki temu zachowuj\u0105 one pe\u0142ni\u0119 swoich w\u0142a\u015bciwo\u015bci terapeutycznych, a efekt aromaterapii jest silny i natychmiastowy. To idealne rozwi\u0105zanie, je\u015bli zale\u017cy Ci na wsparciu koncentracji, odporno\u015bci lub samopoczucia emocjonalnego. Dyfuzor jest bezprzewodowy, co pozwala korzysta\u0107 z niego w domu, w pracy czy w podr\u00f3\u017cy. W zestawie otrzymujesz r\u00f3wnie\u017c dwa olejki 5 ml gratis \u2013 klasyczn\u0105 lawend\u0119 i orze\u017awiaj\u0105c\u0105 pomara\u0144cz\u0119.<\/span><\/li>\n<\/ul>\n<p><b><span data-contrast=\"auto\">Relaks i regeneracja<\/span><\/b><\/p>\n<ul>\n<li data-leveltext=\"\uf0b7\" data-font=\"Symbol\" data-listid=\"6\" data-list-defn-props=\"{&quot;335552541&quot;:1,&quot;335559685&quot;:720,&quot;335559991&quot;:360,&quot;469769226&quot;:&quot;Symbol&quot;,&quot;469769242&quot;:&#091;8226&#093;,&quot;469777803&quot;:&quot;left&quot;,&quot;469777804&quot;:&quot;\uf0b7&quot;,&quot;469777815&quot;:&quot;hybridMultilevel&quot;}\" data-aria-posinset=\"1\" data-aria-level=\"1\"><b><span data-contrast=\"auto\">K\u0105piel:<\/span><\/b><span data-contrast=\"auto\"> Wymieszaj 7-10 kropli olejku z bezwonnym p\u0142ynem do k\u0105pieli i dodaj do wanny. To idealny spos\u00f3b na rozgrzanie i relaks po m\u0119cz\u0105cym dniu.<\/span><span data-ccp-props=\"{&quot;134233117&quot;:false,&quot;134233118&quot;:false,&quot;335559738&quot;:0,&quot;335559739&quot;:0}\">\u00a0<\/span><\/li>\n<\/ul>\n<p><b><span data-contrast=\"auto\">Wzmocnienie codziennej higieny<\/span><\/b><\/p>\n<ul>\n<li data-leveltext=\"\uf0b7\" data-font=\"Symbol\" data-listid=\"7\" data-list-defn-props=\"{&quot;335552541&quot;:1,&quot;335559685&quot;:720,&quot;335559991&quot;:360,&quot;469769226&quot;:&quot;Symbol&quot;,&quot;469769242&quot;:&#091;8226&#093;,&quot;469777803&quot;:&quot;left&quot;,&quot;469777804&quot;:&quot;\uf0b7&quot;,&quot;469777815&quot;:&quot;hybridMultilevel&quot;}\" data-aria-posinset=\"1\" data-aria-level=\"1\"><b><span data-contrast=\"auto\">\u015arodek do mycia r\u0105k:<\/span><\/b><span data-contrast=\"auto\"> Dodaj 2-3 krople olejku do 10 ml \u015brodka dezynfekcyjnego, <\/span><span data-contrast=\"auto\">aby wzbogaci\u0107 go ciep\u0142ym, korzennym zapachem, kt\u00f3ry umili ka\u017cd\u0105 aplikacj\u0119. Dzi\u0119ki temu prostemu zabiegowi codzienne rytua\u0142y higieny stan\u0105 si\u0119 przyjemniejsze i bardziej aromatyczne.<\/span><span data-ccp-props=\"{&quot;134233117&quot;:false,&quot;134233118&quot;:false,&quot;335559738&quot;:0,&quot;335559739&quot;:0}\">\u00a0<\/span><\/li>\n<\/ul>\n<p><b><span data-contrast=\"auto\">Dodatkowe zastosowania<\/span><\/b><\/p>\n<ul>\n<li data-leveltext=\"\uf0b7\" data-font=\"Symbol\" data-listid=\"8\" data-list-defn-props=\"{&quot;335552541&quot;:1,&quot;335559685&quot;:720,&quot;335559991&quot;:360,&quot;469769226&quot;:&quot;Symbol&quot;,&quot;469769242&quot;:&#091;8226&#093;,&quot;469777803&quot;:&quot;left&quot;,&quot;469777804&quot;:&quot;\uf0b7&quot;,&quot;469777815&quot;:&quot;hybridMultilevel&quot;}\" data-aria-posinset=\"1\" data-aria-level=\"1\"><b><span data-contrast=\"auto\">Masa\u017c rozgrzewaj\u0105cy z olejkami:<\/span><\/b><span data-contrast=\"auto\"> Wymieszaj 8 kropli olejku z 30 ml oleju bazowego (np. jojoba, migda\u0142owego, kokosowego) lub Aromabazy. Wmasuj w stopy, klatk\u0119 piersiow\u0105 lub kark, szczeg\u00f3lnie po przemarzni\u0119ciu lub profilaktycznie w okresie jesienno-zimowym.<\/span><span data-ccp-props=\"{&quot;134233117&quot;:false,&quot;134233118&quot;:false,&quot;335559738&quot;:0,&quot;335559739&quot;:0}\">\u00a0<\/span><\/li>\n<\/ul>\n<div class=\"accordion-item\"><a href=\"#\" class=\"accordion-title plain\"><button class=\"toggle\"><i class=\"icon-angle-down\"><\/i><\/button><span>Jak przechowywa\u0107 olejek Czterech Alchemik\u00f3w\u00ae?<\/span><\/a><div class=\"accordion-inner\"><\/div><\/div>\nPrzechowuj go w szczelnie zamkni\u0119tej butelce, w ch\u0142odnym i suchym miejscu, z dala od \u015bwiat\u0142a s\u0142onecznego i \u017ar\u00f3de\u0142 ciep\u0142a. Unikaj kontaktu z wod\u0105, by nie zaburzy\u0107 jako\u015bci olejku.<br \/>\n<\/div><\/div>\n<div class=\"accordion-item\"><a href=\"#\" class=\"accordion-title plain\"><button class=\"toggle\"><i class=\"icon-angle-down\"><\/i><\/button><span>Jak d\u0142ugo olejek Czterech Alchemik\u00f3w\u00ae zachowuje \u015bwie\u017co\u015b\u0107?<\/span><\/a><div class=\"accordion-inner\">\nPrzy odpowiednim przechowywaniu olejek zachowuje swoje w\u0142a\u015bciwo\u015bci przez minimum 12 miesi\u0119cy od otwarcia. Po tym czasie mo\u017ce stopniowo traci\u0107 intensywno\u015b\u0107 zapachu, ale nadal b\u0119dzie bezpieczny do u\u017cytku, je\u015bli nie zmieni koloru czy zapachu w niepokoj\u0105cy spos\u00f3b.<br \/>\n<\/div><\/div>\n\t<div id=\"gap-1961341205\" class=\"gap-element clearfix\" style=\"display:block; height:auto;\">\n\t\t\n<style>\n#gap-1961341205 {\n  padding-top: 20px;\n}\n<\/style>\n\t<\/div>\n\t\n\t\t<\/div>\n\t\t\t\t\t<\/div>\n\n\t\n\n<style>\n#row-1770615604 > .col > .col-inner {\n  padding: 35px 0px 20px 0px;\n}\n<\/style>\n<\/div>\n<p>&nbsp;<\/p>\n","protected":false},"excerpt":{"rendered":"<h2>Olejek Czterech Alchemik\u00f3w\u00ae to&#8230;<\/h2>\n<ul>\n<li>wyj\u0105tkowa kompozycja<strong> inspirowana tradycyjn\u0105 receptur\u0105<\/strong> z 1413 roku;<\/li>\n<li><strong>synergia naturalnych olejk\u00f3w<\/strong> eterycznych, kt\u00f3re zachwycaj\u0105 pe\u0142nym ciep\u0142a aromatem i kryj\u0105 w sobie pot\u0119\u017cn\u0105 moc natury;<\/li>\n<li>zapach, kt\u00f3ry otula i<strong> pachnie pe\u0142nym bezpiecze\u0144stwa i troski domem<\/strong>, szczeg\u00f3lnie w ch\u0142odne dni.<\/li>\n<\/ul>\n<h3>Ciep\u0142y, korzenny aromat mieszanki idealnie sprawdzi si\u0119:<\/h3>\n<ul>\n<li>do <strong>od\u015bwie\u017cania powietrza<\/strong> w Twoim domu, szczeg\u00f3lnie w okresie jesienno-zimowym (np. po powrocie z miejsc, w kt\u00f3rych przebywa wiele os\u00f3b);<\/li>\n<li>do <strong>poprawy samopoczucia<\/strong> w chwilach os\u0142abienia;<\/li>\n<li>w <strong>codziennej rutynie,<\/strong> kt\u00f3ra wprowadza harmoni\u0119 i komfort;<\/li>\n<li>do tworzenia <strong>domowych \u015brodk\u00f3w czysto\u015bci<\/strong>, kt\u00f3re pachn\u0105 ciep\u0142em i natur\u0105.<\/li>\n<\/ul>\n<p>&nbsp;<\/p>\n<p><strong>Wa\u017cne!<\/strong> Mieszanka ma delikatnie zmieniony zapach, jednak wci\u0105\u017c znajduj\u0105 si\u0119 w niej te same olejki eteryczne. Zmianie uleg\u0142y jedynie ich proporcje.<\/p>\n<p>Wi\u0119cej w sekcji<em> Najcz\u0119\u015bciej zadawane pytania<\/em>.<\/p>\n<p>&nbsp;<\/p>\n","protected":false},"featured_media":3359148,"comment_status":"open","ping_status":"closed","template":"","meta":[],"product_cat":[114,127,130,213,36,90,39,129,190,118],"product_tag":[],"acf":[],"yoast_head":"<!-- This site is optimized with the Yoast SEO plugin v19.6.1 - https:\/\/yoast.com\/wordpress\/plugins\/seo\/ -->\n<title>Olejek Czterech Alchemik\u00f3w\u00ae - naturalna tarcza dla Twojego domu - Klaudyna Hebda Nature<\/title>\n<meta name=\"description\" content=\"Chcesz poczu\u0107 energi\u0119 do dzia\u0142ania i mie\u0107 dobre samopoczucie jesieni\u0105 i zim\u0105? Wybierz olejek Czterech Alchemik\u00f3w\u00ae z rozgrzewaj\u0105cymi, korzennymi zapachami.\" \/>\n<meta name=\"robots\" content=\"index, follow, max-snippet:-1, max-image-preview:large, max-video-preview:-1\" \/>\n<link rel=\"canonical\" href=\"https:\/\/klaudynahebda.pl\/sklep\/olejek-4-alchemikow\/\" \/>\n<meta property=\"og:locale\" content=\"pl_PL\" \/>\n<meta property=\"og:type\" content=\"article\" \/>\n<meta property=\"og:title\" content=\"Olejek Czterech Alchemik\u00f3w\u00ae - naturalna tarcza dla Twojego domu - Klaudyna Hebda Nature\" \/>\n<meta property=\"og:description\" content=\"Chcesz poczu\u0107 energi\u0119 do dzia\u0142ania i mie\u0107 dobre samopoczucie jesieni\u0105 i zim\u0105? Wybierz olejek Czterech Alchemik\u00f3w\u00ae z rozgrzewaj\u0105cymi, korzennymi zapachami.\" \/>\n<meta property=\"og:url\" content=\"https:\/\/klaudynahebda.pl\/sklep\/olejek-4-alchemikow\/\" \/>\n<meta property=\"og:site_name\" content=\"Klaudyna Hebda Nature\" \/>\n<meta property=\"article:modified_time\" content=\"2026-04-21T11:48:55+00:00\" \/>\n<meta property=\"og:image\" content=\"https:\/\/klaudynahebda.pl\/sklep\/wp-content\/uploads\/2021\/05\/olejek-czterech-alchemikow-15ml-packshot.jpg.png\" \/>\n\t<meta property=\"og:image:width\" content=\"844\" \/>\n\t<meta property=\"og:image:height\" content=\"1152\" \/>\n\t<meta property=\"og:image:type\" content=\"image\/png\" \/>\n<meta name=\"twitter:card\" content=\"summary_large_image\" \/>\n<meta name=\"twitter:label1\" content=\"Szacowany czas czytania\" \/>\n\t<meta name=\"twitter:data1\" content=\"5 minut\" \/>\n<script type=\"application\/ld+json\" class=\"yoast-schema-graph\">{\"@context\":\"https:\/\/schema.org\",\"@graph\":[{\"@type\":\"WebPage\",\"@id\":\"https:\/\/klaudynahebda.pl\/sklep\/olejek-4-alchemikow\/\",\"url\":\"https:\/\/klaudynahebda.pl\/sklep\/olejek-4-alchemikow\/\",\"name\":\"Olejek Czterech Alchemik\u00f3w\u00ae - naturalna tarcza dla Twojego domu - Klaudyna Hebda Nature\",\"isPartOf\":{\"@id\":\"https:\/\/klaudynahebda.pl\/sklep\/#website\"},\"datePublished\":\"2021-05-12T08:49:59+00:00\",\"dateModified\":\"2026-04-21T11:48:55+00:00\",\"description\":\"Chcesz poczu\u0107 energi\u0119 do dzia\u0142ania i mie\u0107 dobre samopoczucie jesieni\u0105 i zim\u0105? Wybierz olejek Czterech Alchemik\u00f3w\u00ae z rozgrzewaj\u0105cymi, korzennymi zapachami.\",\"breadcrumb\":{\"@id\":\"https:\/\/klaudynahebda.pl\/sklep\/olejek-4-alchemikow\/#breadcrumb\"},\"inLanguage\":\"pl-PL\",\"potentialAction\":[{\"@type\":\"ReadAction\",\"target\":[\"https:\/\/klaudynahebda.pl\/sklep\/olejek-4-alchemikow\/\"]}]},{\"@type\":\"BreadcrumbList\",\"@id\":\"https:\/\/klaudynahebda.pl\/sklep\/olejek-4-alchemikow\/#breadcrumb\",\"itemListElement\":[{\"@type\":\"ListItem\",\"position\":1,\"name\":\"Strona g\u0142\u00f3wna\",\"item\":\"https:\/\/klaudynahebda.pl\/sklep\/\"},{\"@type\":\"ListItem\",\"position\":2,\"name\":\"Sklep\",\"item\":\"https:\/\/klaudynahebda.pl\/sklep\/sklep\/\"},{\"@type\":\"ListItem\",\"position\":3,\"name\":\"Autorskie mieszanki olejk\u00f3w eterycznych\",\"item\":\"https:\/\/klaudynahebda.pl\/sklep\/autorskie-mieszanki-olejkow\/\"},{\"@type\":\"ListItem\",\"position\":4,\"name\":\"Olejek Czterech Alchemik\u00f3w\u00ae &#8211; naturalna tarcza dla Twojego domu\"}]},{\"@type\":\"WebSite\",\"@id\":\"https:\/\/klaudynahebda.pl\/sklep\/#website\",\"url\":\"https:\/\/klaudynahebda.pl\/sklep\/\",\"name\":\"Klaudyna Hebda Nature\",\"description\":\"Sklep\",\"publisher\":{\"@id\":\"https:\/\/klaudynahebda.pl\/sklep\/#organization\"},\"potentialAction\":[{\"@type\":\"SearchAction\",\"target\":{\"@type\":\"EntryPoint\",\"urlTemplate\":\"https:\/\/klaudynahebda.pl\/sklep\/?s={search_term_string}\"},\"query-input\":\"required name=search_term_string\"}],\"inLanguage\":\"pl-PL\"},{\"@type\":\"Organization\",\"@id\":\"https:\/\/klaudynahebda.pl\/sklep\/#organization\",\"name\":\"KlaudynaHebda\",\"url\":\"https:\/\/klaudynahebda.pl\/sklep\/\",\"sameAs\":[],\"logo\":{\"@type\":\"ImageObject\",\"inLanguage\":\"pl-PL\",\"@id\":\"https:\/\/klaudynahebda.pl\/sklep\/#\/schema\/logo\/image\/\",\"url\":\"\",\"contentUrl\":\"\",\"caption\":\"KlaudynaHebda\"},\"image\":{\"@id\":\"https:\/\/klaudynahebda.pl\/sklep\/#\/schema\/logo\/image\/\"}}]}<\/script>\n<!-- \/ Yoast SEO plugin. -->","yoast_head_json":{"title":"Olejek Czterech Alchemik\u00f3w\u00ae - naturalna tarcza dla Twojego domu - Klaudyna Hebda Nature","description":"Chcesz poczu\u0107 energi\u0119 do dzia\u0142ania i mie\u0107 dobre samopoczucie jesieni\u0105 i zim\u0105? Wybierz olejek Czterech Alchemik\u00f3w\u00ae z rozgrzewaj\u0105cymi, korzennymi zapachami.","robots":{"index":"index","follow":"follow","max-snippet":"max-snippet:-1","max-image-preview":"max-image-preview:large","max-video-preview":"max-video-preview:-1"},"canonical":"https:\/\/klaudynahebda.pl\/sklep\/olejek-4-alchemikow\/","og_locale":"pl_PL","og_type":"article","og_title":"Olejek Czterech Alchemik\u00f3w\u00ae - naturalna tarcza dla Twojego domu - Klaudyna Hebda Nature","og_description":"Chcesz poczu\u0107 energi\u0119 do dzia\u0142ania i mie\u0107 dobre samopoczucie jesieni\u0105 i zim\u0105? Wybierz olejek Czterech Alchemik\u00f3w\u00ae z rozgrzewaj\u0105cymi, korzennymi zapachami.","og_url":"https:\/\/klaudynahebda.pl\/sklep\/olejek-4-alchemikow\/","og_site_name":"Klaudyna Hebda Nature","article_modified_time":"2026-04-21T11:48:55+00:00","og_image":[{"width":844,"height":1152,"url":"https:\/\/klaudynahebda.pl\/sklep\/wp-content\/uploads\/2021\/05\/olejek-czterech-alchemikow-15ml-packshot.jpg.png","type":"image\/png"}],"twitter_card":"summary_large_image","twitter_misc":{"Szacowany czas czytania":"5 minut"},"schema":{"@context":"https:\/\/schema.org","@graph":[{"@type":"WebPage","@id":"https:\/\/klaudynahebda.pl\/sklep\/olejek-4-alchemikow\/","url":"https:\/\/klaudynahebda.pl\/sklep\/olejek-4-alchemikow\/","name":"Olejek Czterech Alchemik\u00f3w\u00ae - naturalna tarcza dla Twojego domu - Klaudyna Hebda Nature","isPartOf":{"@id":"https:\/\/klaudynahebda.pl\/sklep\/#website"},"datePublished":"2021-05-12T08:49:59+00:00","dateModified":"2026-04-21T11:48:55+00:00","description":"Chcesz poczu\u0107 energi\u0119 do dzia\u0142ania i mie\u0107 dobre samopoczucie jesieni\u0105 i zim\u0105? Wybierz olejek Czterech Alchemik\u00f3w\u00ae z rozgrzewaj\u0105cymi, korzennymi zapachami.","breadcrumb":{"@id":"https:\/\/klaudynahebda.pl\/sklep\/olejek-4-alchemikow\/#breadcrumb"},"inLanguage":"pl-PL","potentialAction":[{"@type":"ReadAction","target":["https:\/\/klaudynahebda.pl\/sklep\/olejek-4-alchemikow\/"]}]},{"@type":"BreadcrumbList","@id":"https:\/\/klaudynahebda.pl\/sklep\/olejek-4-alchemikow\/#breadcrumb","itemListElement":[{"@type":"ListItem","position":1,"name":"Strona g\u0142\u00f3wna","item":"https:\/\/klaudynahebda.pl\/sklep\/"},{"@type":"ListItem","position":2,"name":"Sklep","item":"https:\/\/klaudynahebda.pl\/sklep\/sklep\/"},{"@type":"ListItem","position":3,"name":"Autorskie mieszanki olejk\u00f3w eterycznych","item":"https:\/\/klaudynahebda.pl\/sklep\/autorskie-mieszanki-olejkow\/"},{"@type":"ListItem","position":4,"name":"Olejek Czterech Alchemik\u00f3w\u00ae &#8211; naturalna tarcza dla Twojego domu"}]},{"@type":"WebSite","@id":"https:\/\/klaudynahebda.pl\/sklep\/#website","url":"https:\/\/klaudynahebda.pl\/sklep\/","name":"Klaudyna Hebda Nature","description":"Sklep","publisher":{"@id":"https:\/\/klaudynahebda.pl\/sklep\/#organization"},"potentialAction":[{"@type":"SearchAction","target":{"@type":"EntryPoint","urlTemplate":"https:\/\/klaudynahebda.pl\/sklep\/?s={search_term_string}"},"query-input":"required name=search_term_string"}],"inLanguage":"pl-PL"},{"@type":"Organization","@id":"https:\/\/klaudynahebda.pl\/sklep\/#organization","name":"KlaudynaHebda","url":"https:\/\/klaudynahebda.pl\/sklep\/","sameAs":[],"logo":{"@type":"ImageObject","inLanguage":"pl-PL","@id":"https:\/\/klaudynahebda.pl\/sklep\/#\/schema\/logo\/image\/","url":"","contentUrl":"","caption":"KlaudynaHebda"},"image":{"@id":"https:\/\/klaudynahebda.pl\/sklep\/#\/schema\/logo\/image\/"}}]}},"_links":{"self":[{"href":"https:\/\/klaudynahebda.pl\/sklep\/wp-json\/wp\/v2\/product\/153691"}],"collection":[{"href":"https:\/\/klaudynahebda.pl\/sklep\/wp-json\/wp\/v2\/product"}],"about":[{"href":"https:\/\/klaudynahebda.pl\/sklep\/wp-json\/wp\/v2\/types\/product"}],"replies":[{"embeddable":true,"href":"https:\/\/klaudynahebda.pl\/sklep\/wp-json\/wp\/v2\/comments?post=153691"}],"wp:featuredmedia":[{"embeddable":true,"href":"https:\/\/klaudynahebda.pl\/sklep\/wp-json\/wp\/v2\/media\/3359148"}],"wp:attachment":[{"href":"https:\/\/klaudynahebda.pl\/sklep\/wp-json\/wp\/v2\/media?parent=153691"}],"wp:term":[{"taxonomy":"product_cat","embeddable":true,"href":"https:\/\/klaudynahebda.pl\/sklep\/wp-json\/wp\/v2\/product_cat?post=153691"},{"taxonomy":"product_tag","embeddable":true,"href":"https:\/\/klaudynahebda.pl\/sklep\/wp-json\/wp\/v2\/product_tag?post=153691"}],"curies":[{"name":"wp","href":"https:\/\/api.w.org\/{rel}","templated":true}]}}