{"id":1473861,"date":"2023-03-06T13:51:43","date_gmt":"2023-03-06T12:51:43","guid":{"rendered":"https:\/\/klaudynahebda.pl\/sklep\/?post_type=product&#038;p=1473861"},"modified":"2026-04-10T13:55:14","modified_gmt":"2026-04-10T11:55:14","slug":"herbatka-czterech-alchemikow-refill","status":"publish","type":"product","link":"https:\/\/klaudynahebda.pl\/sklep\/herbatka-czterech-alchemikow-refill\/","title":{"rendered":"Herbatka Czterech Alchemik\u00f3w\u00ae &#8211; zapas [100 g]"},"content":{"rendered":"<h2>Jeszcze wi\u0119cej Twojej ulubionej herbaty zio\u0142owej!<\/h2>\n<p>Na Wasze liczne pro\u015bby przygotowali\u015bmy\u00a0 zapas uzupe\u0142niaj\u0105cy (100g) do <a href=\"https:\/\/klaudynahebda.pl\/sklep\/herbata-czterech-alchemikow\/\" target=\"_blank\" rel=\"noopener\">herbatki Czterech Alchemik\u00f3w\u00ae <\/a> w s\u0142oiczku z ciemnego szk\u0142a.<\/p>\n<p>Receptur\u0119 tego naparu opar\u0142am na klasycznych przepisach zielarskich, w kt\u00f3rych tkwi\u0142y ludowe m\u0105dro\u015bci, przekazywane z ust do ust. Ale poniewa\u017c same zio\u0142a maj\u0105 cz\u0119sto do\u015b\u0107 delikatny posmak, postanowi\u0142am po\u0142\u0105czy\u0107 je z korzennymi przyprawami dla wi\u0119kszej wyrazisto\u015bci. <strong>To moja wsp\u00f3\u0142czesna herbata szeptuchy<\/strong> \ud83d\ude42 Pe\u0142na dobroczynnych w\u0142a\u015bciwo\u015bci, kt\u00f3re mog\u0105 poprawi\u0107 Twoje samopoczucie.<\/p>\n<h2>Jak pi\u0107 napar Czterech Alchemik\u00f3w\u00ae?<\/h2>\n<p>1 \u0142y\u017ceczk\u0119 suszu zalej ok. 200 ml wrz\u0105cej wody i trzymaj pod przykryciem przez ok. 5 minut. Wi\u0119cej informacji w sekcji &#8220;Spos\u00f3b u\u017cycia&#8221;.<\/p>\n<p><strong>WA\u017bNE<\/strong>! Wszystkie zio\u0142a oraz przyprawy pochodz\u0105 z upraw ekologicznych.<\/p>\n","protected":false},"excerpt":{"rendered":"<h2 data-start=\"0\" data-end=\"39\"><strong data-start=\"0\" data-end=\"37\">Herbatka Czterech Alchemik\u00f3w\u00ae (zapas 100g) to:<\/strong><\/h2>\n<ul data-start=\"40\" data-end=\"548\" data-is-last-node=\"\" data-is-only-node=\"\">\n<li data-start=\"40\" data-end=\"106\">\n<p data-start=\"42\" data-end=\"106\">pierwsza autorska mieszanka zio\u0142owa stworzona z dum\u0105 i sercem przez zielark\u0119 i aromaterapeutk\u0119 kliniczn\u0105;<\/p>\n<\/li>\n<li data-start=\"107\" data-end=\"195\">\n<p data-start=\"109\" data-end=\"195\">suplement diety \u0142\u0105cz\u0105cy tradycyjne zielarstwo, naukow\u0105 wiedz\u0119 i najwy\u017csze jako\u015bci sk\u0142adniki;<\/p>\n<\/li>\n<li data-start=\"107\" data-end=\"195\"><span class=\"TextRun Highlight SCXW11838061 BCX0\" lang=\"PL-PL\" xml:lang=\"PL-PL\" data-contrast=\"none\"><span class=\"NormalTextRun SCXW11838061 BCX0\">Tw\u00f3j prawdziwy as w kubeczku &#8211; gdy nie ma<\/span><span class=\"NormalTextRun SCXW11838061 BCX0\">sz<\/span><span class=\"NormalTextRun SCXW11838061 BCX0\"> czasu na eksperymenty, <\/span><span class=\"NormalTextRun SCXW11838061 BCX0\">si\u0119gasz<\/span><span class=\"NormalTextRun SCXW11838061 BCX0\">\u00a0po to, co sprawdzone;<\/span><\/span><\/li>\n<li data-start=\"196\" data-end=\"286\">\n<p data-start=\"198\" data-end=\"286\">kompozycja pe\u0142na zielarskich \u201egwiazd\u201d, takich jak kwiatu czarnego bzu, imbiru i mi\u0119ty pieprzowej \u2014 kwiat\u00a0czarnego bzu, imbir i mi\u0119ta pieprzowa pomagaj\u0105 w prawid\u0142owym funkcjonowaniu uk\u0142adu odporno\u015bciowego, a cynamon oraz go\u017adziki wspomagaj\u0105 w utrzymaniu zdrowia g\u00f3rnych dr\u00f3g oddechowych;<\/p>\n<\/li>\n<li data-start=\"287\" data-end=\"371\">\n<p data-start=\"289\" data-end=\"371\">aromatyczna harmonia z cynamonem i go\u017adzikami, kt\u00f3re otulaj\u0105 zapachem i smakiem;<\/p>\n<\/li>\n<li data-start=\"462\" data-end=\"548\" data-is-last-node=\"\">\n<p data-start=\"464\" data-end=\"548\" data-is-last-node=\"\">w 100% ekologiczne zio\u0142a i przyprawy, tworz\u0105ce napar pe\u0142en ciep\u0142a i naturalnej mocy.<\/p>\n<\/li>\n<\/ul>\n","protected":false},"featured_media":1712337,"comment_status":"open","ping_status":"closed","template":"","meta":[],"product_cat":[238,131,129],"product_tag":[],"acf":[],"yoast_head":"<!-- This site is optimized with the Yoast SEO plugin v19.6.1 - https:\/\/yoast.com\/wordpress\/plugins\/seo\/ -->\n<title>Herbatka Czterech Alchemik\u00f3w\u00ae - zapas [100 g] - Klaudyna Hebda Nature<\/title>\n<meta name=\"description\" content=\"Herbata na bazie polskich zi\u00f3\u0142, lecz z dodatkiem korzennych i rozgrzewaj\u0105cych serce przypraw. Pyszna w smaku, dobroczynna dla Twojego organizmu.\" \/>\n<meta name=\"robots\" content=\"index, follow, max-snippet:-1, max-image-preview:large, max-video-preview:-1\" \/>\n<link rel=\"canonical\" href=\"https:\/\/klaudynahebda.pl\/sklep\/herbatka-czterech-alchemikow-refill\/\" \/>\n<meta property=\"og:locale\" content=\"pl_PL\" \/>\n<meta property=\"og:type\" content=\"article\" \/>\n<meta property=\"og:title\" content=\"Herbatka Czterech Alchemik\u00f3w\u00ae - zapas [100 g] - Klaudyna Hebda Nature\" \/>\n<meta property=\"og:description\" content=\"Herbata na bazie polskich zi\u00f3\u0142, lecz z dodatkiem korzennych i rozgrzewaj\u0105cych serce przypraw. Pyszna w smaku, dobroczynna dla Twojego organizmu.\" \/>\n<meta property=\"og:url\" content=\"https:\/\/klaudynahebda.pl\/sklep\/herbatka-czterech-alchemikow-refill\/\" \/>\n<meta property=\"og:site_name\" content=\"Klaudyna Hebda Nature\" \/>\n<meta property=\"article:modified_time\" content=\"2026-04-10T11:55:14+00:00\" \/>\n<meta property=\"og:image\" content=\"https:\/\/klaudynahebda.pl\/sklep\/wp-content\/uploads\/2023\/03\/Herbatka_Czterech_Alchemikow_zapas_Klaudyna_Hebda_02.jpg\" \/>\n\t<meta property=\"og:image:width\" content=\"1200\" \/>\n\t<meta property=\"og:image:height\" content=\"1800\" \/>\n\t<meta property=\"og:image:type\" content=\"image\/jpeg\" \/>\n<meta name=\"twitter:card\" content=\"summary_large_image\" \/>\n<meta name=\"twitter:label1\" content=\"Szacowany czas czytania\" \/>\n\t<meta name=\"twitter:data1\" content=\"1 minuta\" \/>\n<script type=\"application\/ld+json\" class=\"yoast-schema-graph\">{\"@context\":\"https:\/\/schema.org\",\"@graph\":[{\"@type\":\"WebPage\",\"@id\":\"https:\/\/klaudynahebda.pl\/sklep\/herbatka-czterech-alchemikow-refill\/\",\"url\":\"https:\/\/klaudynahebda.pl\/sklep\/herbatka-czterech-alchemikow-refill\/\",\"name\":\"Herbatka Czterech Alchemik\u00f3w\u00ae - zapas [100 g] - Klaudyna Hebda Nature\",\"isPartOf\":{\"@id\":\"https:\/\/klaudynahebda.pl\/sklep\/#website\"},\"datePublished\":\"2023-03-06T12:51:43+00:00\",\"dateModified\":\"2026-04-10T11:55:14+00:00\",\"description\":\"Herbata na bazie polskich zi\u00f3\u0142, lecz z dodatkiem korzennych i rozgrzewaj\u0105cych serce przypraw. Pyszna w smaku, dobroczynna dla Twojego organizmu.\",\"breadcrumb\":{\"@id\":\"https:\/\/klaudynahebda.pl\/sklep\/herbatka-czterech-alchemikow-refill\/#breadcrumb\"},\"inLanguage\":\"pl-PL\",\"potentialAction\":[{\"@type\":\"ReadAction\",\"target\":[\"https:\/\/klaudynahebda.pl\/sklep\/herbatka-czterech-alchemikow-refill\/\"]}]},{\"@type\":\"BreadcrumbList\",\"@id\":\"https:\/\/klaudynahebda.pl\/sklep\/herbatka-czterech-alchemikow-refill\/#breadcrumb\",\"itemListElement\":[{\"@type\":\"ListItem\",\"position\":1,\"name\":\"Strona g\u0142\u00f3wna\",\"item\":\"https:\/\/klaudynahebda.pl\/sklep\/\"},{\"@type\":\"ListItem\",\"position\":2,\"name\":\"Sklep\",\"item\":\"https:\/\/klaudynahebda.pl\/sklep\/sklep\/\"},{\"@type\":\"ListItem\",\"position\":3,\"name\":\"Herbaty zio\u0142owe z olejkami\",\"item\":\"https:\/\/klaudynahebda.pl\/sklep\/herbaty\/\"},{\"@type\":\"ListItem\",\"position\":4,\"name\":\"Herbatka Czterech Alchemik\u00f3w\u00ae &#8211; zapas [100 g]\"}]},{\"@type\":\"WebSite\",\"@id\":\"https:\/\/klaudynahebda.pl\/sklep\/#website\",\"url\":\"https:\/\/klaudynahebda.pl\/sklep\/\",\"name\":\"Klaudyna Hebda Nature\",\"description\":\"Sklep\",\"publisher\":{\"@id\":\"https:\/\/klaudynahebda.pl\/sklep\/#organization\"},\"potentialAction\":[{\"@type\":\"SearchAction\",\"target\":{\"@type\":\"EntryPoint\",\"urlTemplate\":\"https:\/\/klaudynahebda.pl\/sklep\/?s={search_term_string}\"},\"query-input\":\"required name=search_term_string\"}],\"inLanguage\":\"pl-PL\"},{\"@type\":\"Organization\",\"@id\":\"https:\/\/klaudynahebda.pl\/sklep\/#organization\",\"name\":\"KlaudynaHebda\",\"url\":\"https:\/\/klaudynahebda.pl\/sklep\/\",\"sameAs\":[],\"logo\":{\"@type\":\"ImageObject\",\"inLanguage\":\"pl-PL\",\"@id\":\"https:\/\/klaudynahebda.pl\/sklep\/#\/schema\/logo\/image\/\",\"url\":\"\",\"contentUrl\":\"\",\"caption\":\"KlaudynaHebda\"},\"image\":{\"@id\":\"https:\/\/klaudynahebda.pl\/sklep\/#\/schema\/logo\/image\/\"}}]}<\/script>\n<!-- \/ Yoast SEO plugin. -->","yoast_head_json":{"title":"Herbatka Czterech Alchemik\u00f3w\u00ae - zapas [100 g] - Klaudyna Hebda Nature","description":"Herbata na bazie polskich zi\u00f3\u0142, lecz z dodatkiem korzennych i rozgrzewaj\u0105cych serce przypraw. Pyszna w smaku, dobroczynna dla Twojego organizmu.","robots":{"index":"index","follow":"follow","max-snippet":"max-snippet:-1","max-image-preview":"max-image-preview:large","max-video-preview":"max-video-preview:-1"},"canonical":"https:\/\/klaudynahebda.pl\/sklep\/herbatka-czterech-alchemikow-refill\/","og_locale":"pl_PL","og_type":"article","og_title":"Herbatka Czterech Alchemik\u00f3w\u00ae - zapas [100 g] - Klaudyna Hebda Nature","og_description":"Herbata na bazie polskich zi\u00f3\u0142, lecz z dodatkiem korzennych i rozgrzewaj\u0105cych serce przypraw. Pyszna w smaku, dobroczynna dla Twojego organizmu.","og_url":"https:\/\/klaudynahebda.pl\/sklep\/herbatka-czterech-alchemikow-refill\/","og_site_name":"Klaudyna Hebda Nature","article_modified_time":"2026-04-10T11:55:14+00:00","og_image":[{"width":1200,"height":1800,"url":"https:\/\/klaudynahebda.pl\/sklep\/wp-content\/uploads\/2023\/03\/Herbatka_Czterech_Alchemikow_zapas_Klaudyna_Hebda_02.jpg","type":"image\/jpeg"}],"twitter_card":"summary_large_image","twitter_misc":{"Szacowany czas czytania":"1 minuta"},"schema":{"@context":"https:\/\/schema.org","@graph":[{"@type":"WebPage","@id":"https:\/\/klaudynahebda.pl\/sklep\/herbatka-czterech-alchemikow-refill\/","url":"https:\/\/klaudynahebda.pl\/sklep\/herbatka-czterech-alchemikow-refill\/","name":"Herbatka Czterech Alchemik\u00f3w\u00ae - zapas [100 g] - Klaudyna Hebda Nature","isPartOf":{"@id":"https:\/\/klaudynahebda.pl\/sklep\/#website"},"datePublished":"2023-03-06T12:51:43+00:00","dateModified":"2026-04-10T11:55:14+00:00","description":"Herbata na bazie polskich zi\u00f3\u0142, lecz z dodatkiem korzennych i rozgrzewaj\u0105cych serce przypraw. Pyszna w smaku, dobroczynna dla Twojego organizmu.","breadcrumb":{"@id":"https:\/\/klaudynahebda.pl\/sklep\/herbatka-czterech-alchemikow-refill\/#breadcrumb"},"inLanguage":"pl-PL","potentialAction":[{"@type":"ReadAction","target":["https:\/\/klaudynahebda.pl\/sklep\/herbatka-czterech-alchemikow-refill\/"]}]},{"@type":"BreadcrumbList","@id":"https:\/\/klaudynahebda.pl\/sklep\/herbatka-czterech-alchemikow-refill\/#breadcrumb","itemListElement":[{"@type":"ListItem","position":1,"name":"Strona g\u0142\u00f3wna","item":"https:\/\/klaudynahebda.pl\/sklep\/"},{"@type":"ListItem","position":2,"name":"Sklep","item":"https:\/\/klaudynahebda.pl\/sklep\/sklep\/"},{"@type":"ListItem","position":3,"name":"Herbaty zio\u0142owe z olejkami","item":"https:\/\/klaudynahebda.pl\/sklep\/herbaty\/"},{"@type":"ListItem","position":4,"name":"Herbatka Czterech Alchemik\u00f3w\u00ae &#8211; zapas [100 g]"}]},{"@type":"WebSite","@id":"https:\/\/klaudynahebda.pl\/sklep\/#website","url":"https:\/\/klaudynahebda.pl\/sklep\/","name":"Klaudyna Hebda Nature","description":"Sklep","publisher":{"@id":"https:\/\/klaudynahebda.pl\/sklep\/#organization"},"potentialAction":[{"@type":"SearchAction","target":{"@type":"EntryPoint","urlTemplate":"https:\/\/klaudynahebda.pl\/sklep\/?s={search_term_string}"},"query-input":"required name=search_term_string"}],"inLanguage":"pl-PL"},{"@type":"Organization","@id":"https:\/\/klaudynahebda.pl\/sklep\/#organization","name":"KlaudynaHebda","url":"https:\/\/klaudynahebda.pl\/sklep\/","sameAs":[],"logo":{"@type":"ImageObject","inLanguage":"pl-PL","@id":"https:\/\/klaudynahebda.pl\/sklep\/#\/schema\/logo\/image\/","url":"","contentUrl":"","caption":"KlaudynaHebda"},"image":{"@id":"https:\/\/klaudynahebda.pl\/sklep\/#\/schema\/logo\/image\/"}}]}},"_links":{"self":[{"href":"https:\/\/klaudynahebda.pl\/sklep\/wp-json\/wp\/v2\/product\/1473861"}],"collection":[{"href":"https:\/\/klaudynahebda.pl\/sklep\/wp-json\/wp\/v2\/product"}],"about":[{"href":"https:\/\/klaudynahebda.pl\/sklep\/wp-json\/wp\/v2\/types\/product"}],"replies":[{"embeddable":true,"href":"https:\/\/klaudynahebda.pl\/sklep\/wp-json\/wp\/v2\/comments?post=1473861"}],"wp:featuredmedia":[{"embeddable":true,"href":"https:\/\/klaudynahebda.pl\/sklep\/wp-json\/wp\/v2\/media\/1712337"}],"wp:attachment":[{"href":"https:\/\/klaudynahebda.pl\/sklep\/wp-json\/wp\/v2\/media?parent=1473861"}],"wp:term":[{"taxonomy":"product_cat","embeddable":true,"href":"https:\/\/klaudynahebda.pl\/sklep\/wp-json\/wp\/v2\/product_cat?post=1473861"},{"taxonomy":"product_tag","embeddable":true,"href":"https:\/\/klaudynahebda.pl\/sklep\/wp-json\/wp\/v2\/product_tag?post=1473861"}],"curies":[{"name":"wp","href":"https:\/\/api.w.org\/{rel}","templated":true}]}}