{"id":146344,"date":"2021-04-27T08:56:06","date_gmt":"2021-04-27T06:56:06","guid":{"rendered":"https:\/\/klaudynahebda.pl\/sklep\/?post_type=product&#038;p=146344"},"modified":"2026-04-23T12:10:11","modified_gmt":"2026-04-23T10:10:11","slug":"mieszanka-spacerowa","status":"publish","type":"product","link":"https:\/\/klaudynahebda.pl\/sklep\/mieszanka-spacerowa\/","title":{"rendered":"Mieszanka Spacerowa &#8211; spray do ubra\u0144 [100 ml]"},"content":{"rendered":"<p><span style=\"font-weight: 400;\">Muminek na niezwykle niebezpieczne \u015bcie\u017cki zabiera\u0142 ze sob\u0105 kanapki i sok. Naszym zdaniem do plecaka wrzuca\u0142 te\u017c <strong>Spacerow\u0105, kt\u00f3ra ochroni przed zabraniem go\u015bci na gap\u0119.\u00a0<\/strong><\/span><\/p>\n<p><span style=\"font-weight: 400;\">Nie podchod\u017a do niej jak do je\u017ca &#8211; <strong>zaufali jej nie tylko le\u015bnicy czy pszczelarze<\/strong>, ale <strong>przede wszystkim &#8211; rodzice.\u00a0<\/strong><\/span><\/p>\n<p><span style=\"font-weight: 400;\">Produkt nadaje si\u0119 do u\u017cycia powy\u017cej 3. roku \u017cycia.\u00a0<\/span><\/p>\n<p><span style=\"font-weight: 400;\">Przeznaczony wy\u0142\u0105cznie dla ludzi, nie jest odpowiedni dla domowych zwierz\u0105t.<\/span><\/p>\n<p>Poznaj tak\u017ce <a href=\"https:\/\/klaudynahebda.pl\/sklep\/nutta-odstraszacz-kleszczy\/\"><strong><span style=\"color: #006f4f;\">NUTTA\u00ae \u2013 spray odstraszaj\u0105cy kleszcze i komary<\/span><\/strong><\/a>. To preparat dla ca\u0142ej rodziny, bezpieczny ju\u017c powy\u017cej 3. roku \u017cycia. <strong>Zapewnia do 5 godzin skutecznej ochrony przez kleszczami i do 4 godzin przed komarami.<\/strong> Skuteczno\u015b\u0107 potwierdzona badaniami.<\/p>\n<p>Potrzebne inne rozwi\u0105zania na &#8220;nieproszonych go\u015bci&#8221;? Sprawd\u017a <a href=\"https:\/\/klaudynahebda.pl\/sklep\/swieca-wloczykija\/\"><span style=\"color: #006f4f;\"><b>\u015bwiec\u0119 W\u0142\u00f3czykija &#8211; idealn\u0105 na taras, camping, czy grilla<\/b><\/span><\/a> oraz mieszank\u0119 100% olejk\u00f3w eterycznych <span style=\"color: #006f4f;\"><strong><a href=\"https:\/\/klaudynahebda.pl\/sklep\/mieszanka-na-komary\/\"><span style=\"color: #006f4f;\">&#8230;i komar nie siada<\/span><\/a>.<\/strong><\/span>\u00a0A mo\u017ce <strong><a href=\"https:\/\/klaudynahebda.pl\/sklep\/zestaw-na-owady\/\" target=\"_blank\" rel=\"noopener\"><span style=\"color: #006f4f;\">Zestaw<\/span><\/a><\/strong> w promocyjnej cenie -15% z mieszank\u0105 &#8220;Komar nie siada&#8221;, <strong><span style=\"color: #006f4f;\"><a style=\"color: #006f4f;\" href=\"https:\/\/klaudynahebda.pl\/sklep\/mieszanka-spacerowa\/\" target=\"_blank\" rel=\"noopener\">mieszank\u0105 Spacerow\u0105<\/a><\/span><\/strong> i <a href=\"https:\/\/klaudynahebda.pl\/sklep\/swieca-na-komary-wloczykija\/\" target=\"_blank\" rel=\"noopener\"><span style=\"color: #006f4f;\"><strong>\u015bwiec\u0105 W\u0142\u00f3czykija<\/strong><\/span>.<\/a><\/p>\n<div class=\"row row-collapse align-middle\"  id=\"row-1755609001\">\n\n\t<div id=\"col-556565972\" class=\"col small-10 large-12\"  >\n\t\t\t\t<div class=\"col-inner\"  >\n\t\t\t\n\t\t\t\n<h3 class=\"accordion_title\">Najcz\u0119\u015bciej zadawane pytania o mieszank\u0119 Spacerow\u0105<\/h3><div class=\"accordion\" rel=\"1\">\n<\/div>\n<div class=\"accordion-item\"><a href=\"#\" class=\"accordion-title plain\"><button class=\"toggle\"><i class=\"icon-angle-down\"><\/i><\/button><span>Czy nadaje si\u0119 do u\u017cycia bezpo\u015brednio na sk\u00f3r\u0119?<\/span><\/a><div class=\"accordion-inner\">\n<p>Nie. W Mieszance Spacerowej jest BARDZO du\u017co olejk\u00f3w eterycznych, wi\u0119cej ni\u017c w kosmetykach, dlatego nie nadaje si\u0119 do nak\u0142adania na sk\u00f3r\u0119.<\/p>\n<p><span class=\"TextRun SCXW129319460 BCX8\" lang=\"PL-PL\" xml:lang=\"PL-PL\" data-contrast=\"auto\"><span class=\"NormalTextRun CommentStart SCXW129319460 BCX8\">Je\u015bli szukasz produktu do codziennego u\u017cycia na sk\u00f3r\u0119 sprawd\u017a nasz bestseller &#8211; <span style=\"color: #006f4f;\"><strong><a style=\"color: #006f4f;\" href=\"https:\/\/klaudynahebda.pl\/sklep\/nutta-odstraszacz-kleszczy\">NUTTA\u00ae<\/a> <\/strong><\/span>\u2013 spray na kleszcze i komary. Z nim zyskasz do 5 godzin skutecznej ochrony przez kleszczami i do 4 godzin przed komarami<\/span><\/span><span class=\"EOP SCXW129319460 BCX8\" data-ccp-props=\"{&quot;134233117&quot;:false,&quot;134233118&quot;:false,&quot;201341983&quot;:0,&quot;335559738&quot;:0,&quot;335559739&quot;:160,&quot;335559740&quot;:276,&quot;469777462&quot;:&#091;7513&#093;,&quot;469777927&quot;:&#091;0&#093;,&quot;469777928&quot;:&#091;1&#093;}\">\u00a0<\/span><\/p>\n<\/div><\/div>\n<div class=\"accordion-item\"><a href=\"#\" class=\"accordion-title plain\"><button class=\"toggle\"><i class=\"icon-angle-down\"><\/i><\/button><span>Czy mo\u017cna u\u017cywa\u0107 mieszanki Spacerowej u dzieci?<\/span><\/a><div class=\"accordion-inner\">\n<p>Mieszanka mo\u017ce by\u0107 stosowana powy\u017cej trzeciego roku \u017cycia, g\u0142\u00f3wnie ze wzgl\u0119du na du\u017c\u0105 ilo\u015b\u0107 olejk\u00f3w, zw\u0142aszcza mi\u0119towego (du\u017co olejk\u00f3w + ma\u0142e dziecko = mo\u017ce uczuli\u0107).<\/p>\n<\/div><\/div>\n<div class=\"accordion-item\"><a href=\"#\" class=\"accordion-title plain\"><button class=\"toggle\"><i class=\"icon-angle-down\"><\/i><\/button><span>Czy mieszanka jest bezpieczna dla kobiet w ci\u0105\u017cy?<\/span><\/a><div class=\"accordion-inner\">\n<p>Mieszanka nie zosta\u0142a formalnie przebadana pod k\u0105tem ci\u0105\u017cy i karmienia piersi\u0105 (bo w UE nie mo\u017cna robi\u0107 bada\u0144 na kobietach w ci\u0105\u017cy). Dotyczy to mojej mieszanki, ale te\u017c perfum, od\u015bwie\u017caczy do toalety, p\u0142yn\u00f3w do pod\u0142\u00f3g, pachn\u0105cych \u015bwieczek, od\u015bwie\u017caczy powietrza i do samochodu itp.<\/p>\n<\/div><\/div>\n<div class=\"accordion-item\"><a href=\"#\" class=\"accordion-title plain\"><button class=\"toggle\"><i class=\"icon-angle-down\"><\/i><\/button><span>Czy mieszanki mog\u0119 u\u017cywa\u0107 dla zwierz\u0105t?<\/span><\/a><div class=\"accordion-inner\">\n<p>Raczej nie! Mieszanka spacerowa to mieszanka olejk\u00f3w aromaterapeutycznych. Ich zawarto\u015b\u0107 jest bardzo wysoka, wi\u0119c zapach jest intensywny. Pami\u0119taj, \u017ce psy i koty maj\u0105 o wiele bardziej czu\u0142y w\u0119ch ni\u017c my. B\u0119d\u0105 si\u0119 okropnie m\u0119czy\u0107, je\u015bli spryskasz je tak intensywnie pachn\u0105c\u0105 mieszank\u0105 \ud83d\ude42<\/p>\n<\/div><\/div>\n<div class=\"accordion-item\"><a href=\"#\" class=\"accordion-title plain\"><button class=\"toggle\"><i class=\"icon-angle-down\"><\/i><\/button><span>Czy mieszanka brudzi tkaniny?<\/span><\/a><div class=\"accordion-inner\">\n<p>Przetestowa\u0142am mieszank\u0119 na wielu tkaninach i sprawuje si\u0119 dobrze. \u015awie\u017co psikni\u0119ta mo\u017ce zostawia\u0107 t\u0142ust\u0105 plamk\u0119, ale potem odparowuje i dobrze si\u0119 spiera.<\/p>\n<p>ALE na wszelki wypadek zr\u00f3b test na niewielkiej ilo\u015bci materia\u0142u. Teraz na rynku s\u0105 tysi\u0105ce syntetycznych tkanin i barwnik\u00f3w, dlatego nie mog\u0119 obieca\u0107, \u017ce olejki nie wejd\u0105 z jakimi\u015b w reakcj\u0119.<\/p>\n<p>Na wszelki wypadek zostaw najlepsze jedwabie w szafie na czas wyprawy \ud83d\ude42<\/p>\n<\/div><\/div>\n<div class=\"accordion-item\"><a href=\"#\" class=\"accordion-title plain\"><button class=\"toggle\"><i class=\"icon-angle-down\"><\/i><\/button><span>Mam mieszank\u0119 z ubieg\u0142ego roku - czy straci\u0142a na jako\u015bci?<\/span><\/a><div class=\"accordion-inner\">\n<p>Olejki nie trac\u0105 na jako\u015bci i nie ma potrzeby kupowania nowej mieszanki &#8211; je\u015bli tylko prawid\u0142owo j\u0105 przechowywa\u0142a\u015b (by\u0142a dobrze dokr\u0119cona i nie by\u0142a wystawiona przez d\u0142ugi czas na s\u0142o\u0144ce (np. w aucie)).<\/p>\n<\/div><\/div>\n<div class=\"accordion-item\"><a href=\"#\" class=\"accordion-title plain\"><button class=\"toggle\"><i class=\"icon-angle-down\"><\/i><\/button><span>Na jaki czas wystarczy jedno opakowanie?<\/span><\/a><div class=\"accordion-inner\">\n<p>Naprawd\u0119 nie wiem. To kwestia BARDZO INDYWIDUALNA. S\u0105 Dziewczyny, kt\u00f3re zamawiaj\u0105 u mnie trzy sztuki na miesi\u0105c, a s\u0105 takie, kt\u00f3rym wystarczy jeden na rok. Wszystko zale\u017cy od tego, jak cz\u0119sto chodzisz na spacery, ile czasu sp\u0119dzasz na \u015bwie\u017cym powietrzu, etc.<\/p>\n<\/div><\/div>\n<div class=\"accordion-item\"><a href=\"#\" class=\"accordion-title plain\"><button class=\"toggle\"><i class=\"icon-angle-down\"><\/i><\/button><span>Czym r\u00f3\u017cni si\u0119 Mieszanka Spacerowa od NUTTY\u00ae? <\/span><\/a><div class=\"accordion-inner\">\n<p><a href=\"https:\/\/klaudynahebda.pl\/sklep\/nutta-odstraszacz-kleszczy\">NUTTA\u00ae<\/a> jest produktem do stosowania na cia\u0142o. Ma r\u00f3wnie\u017c znacznie delikatniejszy zapach ni\u017c Mieszanka Spacerowa i inne opakowanie &#8211; lekkie i aluminiowe. Mieszanka Spacerowa jest przeznaczona do stosowania na ubrania, jej opakowanie jest szklane, a zapach du\u017co bardziej intensywny. Oba produkty zawieraj\u0105 olejki eteryczne.<\/p>\n<p><img loading=\"lazy\" class=\"aligncenter wp-image-3011181\" src=\"https:\/\/klaudynahebda.pl\/sklep\/wp-content\/uploads\/2021\/04\/13-1-1024x1024.png\" alt=\"\" width=\"600\" height=\"600\" srcset=\"https:\/\/klaudynahebda.pl\/sklep\/wp-content\/uploads\/2021\/04\/13-1-1024x1024.png 1024w, https:\/\/klaudynahebda.pl\/sklep\/wp-content\/uploads\/2021\/04\/13-1-100x100.png 100w, https:\/\/klaudynahebda.pl\/sklep\/wp-content\/uploads\/2021\/04\/13-1-1020x1020.png 1020w, https:\/\/klaudynahebda.pl\/sklep\/wp-content\/uploads\/2021\/04\/13-1-300x300.png 300w, https:\/\/klaudynahebda.pl\/sklep\/wp-content\/uploads\/2021\/04\/13-1-150x150.png 150w, https:\/\/klaudynahebda.pl\/sklep\/wp-content\/uploads\/2021\/04\/13-1-768x768.png 768w, https:\/\/klaudynahebda.pl\/sklep\/wp-content\/uploads\/2021\/04\/13-1-70x70.png 70w, https:\/\/klaudynahebda.pl\/sklep\/wp-content\/uploads\/2021\/04\/13-1.png 1080w\" sizes=\"(max-width: 600px) 100vw, 600px\" \/><\/p>\n<\/div><\/div>\n\t<div id=\"gap-1720159664\" class=\"gap-element clearfix\" style=\"display:block; height:auto;\">\n\t\t\n<style>\n#gap-1720159664 {\n  padding-top: 20px;\n}\n<\/style>\n\t<\/div>\n\t\n\t\t<\/div>\n\t\t\t\t\t<\/div>\n\n\t\n\n<style>\n#row-1755609001 > .col > .col-inner {\n  padding: 35px 0px 20px 0px;\n}\n<\/style>\n<\/div>\n<p>&nbsp;<\/p>\n","protected":false},"excerpt":{"rendered":"<h2><span style=\"font-weight: 400;\">Spray na ubrania Mieszanka Spacerowa to:<\/span><\/h2>\n<ul>\n<li><span style=\"font-weight: 400;\">pachn\u0105cy spray do ubra\u0144 i pomieszcze\u0144, kt\u00f3ry zabierzesz ze sob\u0105 na spacer na \u0142onie natury; <\/span><\/li>\n<li><span style=\"font-weight: 400;\">przyjemny zapach, kt\u00f3ry sprawi, \u017ce Tw\u00f3j spacer stanie si\u0119 bardziej relaksuj\u0105cy ni\u017c zazwyczaj;<\/span><\/li>\n<li>naturalne sk\u0142adniki, m.in. olejek z trawy cytrynowej, z mi\u0119ty, czy z grejpfruta;<\/li>\n<li>nieod\u0142\u0105czny towarzysz ma\u0142ych i du\u017cych przyrodnik\u00f3w, wiecznych w\u0142\u00f3czykij\u00f3w i poszukiwaczy przyg\u00f3d.<\/li>\n<\/ul>\n<p><span style=\"font-weight: 400;\">Do\u0142\u0105cz do grona mi\u0142o\u015bnik\u00f3w Spacerowej. <\/span><span style=\"font-weight: 400;\">Spryskaj Spacerow\u0105 ko\u0142nierzyk czy nogawki i nie b\u00f3j si\u0119 wkroczy\u0107 w nieznane.\u00a0<\/span><b>Bo czasem najwspanialsza przygoda czeka w najwi\u0119kszych chaszczach.\u00a0<\/b><\/p>\n<p>&nbsp;<\/p>\n","protected":false},"featured_media":3276504,"comment_status":"open","ping_status":"closed","template":"","meta":[],"product_cat":[241,127,130,214,111,128,157],"product_tag":[],"acf":[],"yoast_head":"<!-- This site is optimized with the Yoast SEO plugin v19.6.1 - https:\/\/yoast.com\/wordpress\/plugins\/seo\/ -->\n<title>Mieszanka Spacerowa - spray do ubra\u0144 [100 ml] - Klaudyna Hebda Nature<\/title>\n<meta name=\"description\" content=\"Mieszanka Spacerowa to spray do ubra\u0144, kt\u00f3ry zabierzesz ze sob\u0105 na spacer do lasu. Pe\u0142ny 100% olejk\u00f3w eterycznych. Spray na komary i kleszcze!\" \/>\n<meta name=\"robots\" content=\"index, follow, max-snippet:-1, max-image-preview:large, max-video-preview:-1\" \/>\n<link rel=\"canonical\" href=\"https:\/\/klaudynahebda.pl\/sklep\/mieszanka-spacerowa\/\" \/>\n<meta property=\"og:locale\" content=\"pl_PL\" \/>\n<meta property=\"og:type\" content=\"article\" \/>\n<meta property=\"og:title\" content=\"Mieszanka Spacerowa - spray do ubra\u0144 [100 ml] - Klaudyna Hebda Nature\" \/>\n<meta property=\"og:description\" content=\"Mieszanka Spacerowa to spray do ubra\u0144, kt\u00f3ry zabierzesz ze sob\u0105 na spacer do lasu. Pe\u0142ny 100% olejk\u00f3w eterycznych. Spray na komary i kleszcze!\" \/>\n<meta property=\"og:url\" content=\"https:\/\/klaudynahebda.pl\/sklep\/mieszanka-spacerowa\/\" \/>\n<meta property=\"og:site_name\" content=\"Klaudyna Hebda Nature\" \/>\n<meta property=\"article:modified_time\" content=\"2026-04-23T10:10:11+00:00\" \/>\n<meta property=\"og:image\" content=\"https:\/\/klaudynahebda.pl\/sklep\/wp-content\/uploads\/2021\/04\/mieszanka_spacerowa.png\" \/>\n\t<meta property=\"og:image:width\" content=\"1020\" \/>\n\t<meta property=\"og:image:height\" content=\"1530\" \/>\n\t<meta property=\"og:image:type\" content=\"image\/png\" \/>\n<meta name=\"twitter:card\" content=\"summary_large_image\" \/>\n<meta name=\"twitter:label1\" content=\"Szacowany czas czytania\" \/>\n\t<meta name=\"twitter:data1\" content=\"4 minuty\" \/>\n<script type=\"application\/ld+json\" class=\"yoast-schema-graph\">{\"@context\":\"https:\/\/schema.org\",\"@graph\":[{\"@type\":\"WebPage\",\"@id\":\"https:\/\/klaudynahebda.pl\/sklep\/mieszanka-spacerowa\/\",\"url\":\"https:\/\/klaudynahebda.pl\/sklep\/mieszanka-spacerowa\/\",\"name\":\"Mieszanka Spacerowa - spray do ubra\u0144 [100 ml] - Klaudyna Hebda Nature\",\"isPartOf\":{\"@id\":\"https:\/\/klaudynahebda.pl\/sklep\/#website\"},\"datePublished\":\"2021-04-27T06:56:06+00:00\",\"dateModified\":\"2026-04-23T10:10:11+00:00\",\"description\":\"Mieszanka Spacerowa to spray do ubra\u0144, kt\u00f3ry zabierzesz ze sob\u0105 na spacer do lasu. Pe\u0142ny 100% olejk\u00f3w eterycznych. Spray na komary i kleszcze!\",\"breadcrumb\":{\"@id\":\"https:\/\/klaudynahebda.pl\/sklep\/mieszanka-spacerowa\/#breadcrumb\"},\"inLanguage\":\"pl-PL\",\"potentialAction\":[{\"@type\":\"ReadAction\",\"target\":[\"https:\/\/klaudynahebda.pl\/sklep\/mieszanka-spacerowa\/\"]}]},{\"@type\":\"BreadcrumbList\",\"@id\":\"https:\/\/klaudynahebda.pl\/sklep\/mieszanka-spacerowa\/#breadcrumb\",\"itemListElement\":[{\"@type\":\"ListItem\",\"position\":1,\"name\":\"Strona g\u0142\u00f3wna\",\"item\":\"https:\/\/klaudynahebda.pl\/sklep\/\"},{\"@type\":\"ListItem\",\"position\":2,\"name\":\"Sklep\",\"item\":\"https:\/\/klaudynahebda.pl\/sklep\/sklep\/\"},{\"@type\":\"ListItem\",\"position\":3,\"name\":\"Olejki na kleszcze i komary\",\"item\":\"https:\/\/klaudynahebda.pl\/sklep\/olejki-na-kleszcze-i-komary\/\"},{\"@type\":\"ListItem\",\"position\":4,\"name\":\"Mieszanka Spacerowa &#8211; spray do ubra\u0144 [100 ml]\"}]},{\"@type\":\"WebSite\",\"@id\":\"https:\/\/klaudynahebda.pl\/sklep\/#website\",\"url\":\"https:\/\/klaudynahebda.pl\/sklep\/\",\"name\":\"Klaudyna Hebda Nature\",\"description\":\"Sklep\",\"publisher\":{\"@id\":\"https:\/\/klaudynahebda.pl\/sklep\/#organization\"},\"potentialAction\":[{\"@type\":\"SearchAction\",\"target\":{\"@type\":\"EntryPoint\",\"urlTemplate\":\"https:\/\/klaudynahebda.pl\/sklep\/?s={search_term_string}\"},\"query-input\":\"required name=search_term_string\"}],\"inLanguage\":\"pl-PL\"},{\"@type\":\"Organization\",\"@id\":\"https:\/\/klaudynahebda.pl\/sklep\/#organization\",\"name\":\"KlaudynaHebda\",\"url\":\"https:\/\/klaudynahebda.pl\/sklep\/\",\"sameAs\":[],\"logo\":{\"@type\":\"ImageObject\",\"inLanguage\":\"pl-PL\",\"@id\":\"https:\/\/klaudynahebda.pl\/sklep\/#\/schema\/logo\/image\/\",\"url\":\"\",\"contentUrl\":\"\",\"caption\":\"KlaudynaHebda\"},\"image\":{\"@id\":\"https:\/\/klaudynahebda.pl\/sklep\/#\/schema\/logo\/image\/\"}}]}<\/script>\n<!-- \/ Yoast SEO plugin. -->","yoast_head_json":{"title":"Mieszanka Spacerowa - spray do ubra\u0144 [100 ml] - Klaudyna Hebda Nature","description":"Mieszanka Spacerowa to spray do ubra\u0144, kt\u00f3ry zabierzesz ze sob\u0105 na spacer do lasu. Pe\u0142ny 100% olejk\u00f3w eterycznych. Spray na komary i kleszcze!","robots":{"index":"index","follow":"follow","max-snippet":"max-snippet:-1","max-image-preview":"max-image-preview:large","max-video-preview":"max-video-preview:-1"},"canonical":"https:\/\/klaudynahebda.pl\/sklep\/mieszanka-spacerowa\/","og_locale":"pl_PL","og_type":"article","og_title":"Mieszanka Spacerowa - spray do ubra\u0144 [100 ml] - Klaudyna Hebda Nature","og_description":"Mieszanka Spacerowa to spray do ubra\u0144, kt\u00f3ry zabierzesz ze sob\u0105 na spacer do lasu. Pe\u0142ny 100% olejk\u00f3w eterycznych. Spray na komary i kleszcze!","og_url":"https:\/\/klaudynahebda.pl\/sklep\/mieszanka-spacerowa\/","og_site_name":"Klaudyna Hebda Nature","article_modified_time":"2026-04-23T10:10:11+00:00","og_image":[{"width":1020,"height":1530,"url":"https:\/\/klaudynahebda.pl\/sklep\/wp-content\/uploads\/2021\/04\/mieszanka_spacerowa.png","type":"image\/png"}],"twitter_card":"summary_large_image","twitter_misc":{"Szacowany czas czytania":"4 minuty"},"schema":{"@context":"https:\/\/schema.org","@graph":[{"@type":"WebPage","@id":"https:\/\/klaudynahebda.pl\/sklep\/mieszanka-spacerowa\/","url":"https:\/\/klaudynahebda.pl\/sklep\/mieszanka-spacerowa\/","name":"Mieszanka Spacerowa - spray do ubra\u0144 [100 ml] - Klaudyna Hebda Nature","isPartOf":{"@id":"https:\/\/klaudynahebda.pl\/sklep\/#website"},"datePublished":"2021-04-27T06:56:06+00:00","dateModified":"2026-04-23T10:10:11+00:00","description":"Mieszanka Spacerowa to spray do ubra\u0144, kt\u00f3ry zabierzesz ze sob\u0105 na spacer do lasu. Pe\u0142ny 100% olejk\u00f3w eterycznych. Spray na komary i kleszcze!","breadcrumb":{"@id":"https:\/\/klaudynahebda.pl\/sklep\/mieszanka-spacerowa\/#breadcrumb"},"inLanguage":"pl-PL","potentialAction":[{"@type":"ReadAction","target":["https:\/\/klaudynahebda.pl\/sklep\/mieszanka-spacerowa\/"]}]},{"@type":"BreadcrumbList","@id":"https:\/\/klaudynahebda.pl\/sklep\/mieszanka-spacerowa\/#breadcrumb","itemListElement":[{"@type":"ListItem","position":1,"name":"Strona g\u0142\u00f3wna","item":"https:\/\/klaudynahebda.pl\/sklep\/"},{"@type":"ListItem","position":2,"name":"Sklep","item":"https:\/\/klaudynahebda.pl\/sklep\/sklep\/"},{"@type":"ListItem","position":3,"name":"Olejki na kleszcze i komary","item":"https:\/\/klaudynahebda.pl\/sklep\/olejki-na-kleszcze-i-komary\/"},{"@type":"ListItem","position":4,"name":"Mieszanka Spacerowa &#8211; spray do ubra\u0144 [100 ml]"}]},{"@type":"WebSite","@id":"https:\/\/klaudynahebda.pl\/sklep\/#website","url":"https:\/\/klaudynahebda.pl\/sklep\/","name":"Klaudyna Hebda Nature","description":"Sklep","publisher":{"@id":"https:\/\/klaudynahebda.pl\/sklep\/#organization"},"potentialAction":[{"@type":"SearchAction","target":{"@type":"EntryPoint","urlTemplate":"https:\/\/klaudynahebda.pl\/sklep\/?s={search_term_string}"},"query-input":"required name=search_term_string"}],"inLanguage":"pl-PL"},{"@type":"Organization","@id":"https:\/\/klaudynahebda.pl\/sklep\/#organization","name":"KlaudynaHebda","url":"https:\/\/klaudynahebda.pl\/sklep\/","sameAs":[],"logo":{"@type":"ImageObject","inLanguage":"pl-PL","@id":"https:\/\/klaudynahebda.pl\/sklep\/#\/schema\/logo\/image\/","url":"","contentUrl":"","caption":"KlaudynaHebda"},"image":{"@id":"https:\/\/klaudynahebda.pl\/sklep\/#\/schema\/logo\/image\/"}}]}},"_links":{"self":[{"href":"https:\/\/klaudynahebda.pl\/sklep\/wp-json\/wp\/v2\/product\/146344"}],"collection":[{"href":"https:\/\/klaudynahebda.pl\/sklep\/wp-json\/wp\/v2\/product"}],"about":[{"href":"https:\/\/klaudynahebda.pl\/sklep\/wp-json\/wp\/v2\/types\/product"}],"replies":[{"embeddable":true,"href":"https:\/\/klaudynahebda.pl\/sklep\/wp-json\/wp\/v2\/comments?post=146344"}],"wp:featuredmedia":[{"embeddable":true,"href":"https:\/\/klaudynahebda.pl\/sklep\/wp-json\/wp\/v2\/media\/3276504"}],"wp:attachment":[{"href":"https:\/\/klaudynahebda.pl\/sklep\/wp-json\/wp\/v2\/media?parent=146344"}],"wp:term":[{"taxonomy":"product_cat","embeddable":true,"href":"https:\/\/klaudynahebda.pl\/sklep\/wp-json\/wp\/v2\/product_cat?post=146344"},{"taxonomy":"product_tag","embeddable":true,"href":"https:\/\/klaudynahebda.pl\/sklep\/wp-json\/wp\/v2\/product_tag?post=146344"}],"curies":[{"name":"wp","href":"https:\/\/api.w.org\/{rel}","templated":true}]}}