{"id":146117,"date":"2021-04-12T08:14:38","date_gmt":"2021-04-12T06:14:38","guid":{"rendered":"https:\/\/klaudynahebda.pl\/sklep\/?post_type=product&#038;p=146117"},"modified":"2026-04-02T10:48:29","modified_gmt":"2026-04-02T08:48:29","slug":"swieca-wloczykija","status":"publish","type":"product","link":"https:\/\/klaudynahebda.pl\/sklep\/swieca-wloczykija\/","title":{"rendered":"\u015awieca W\u0142\u00f3czykija"},"content":{"rendered":"<h2>Sojowa \u015bwieca W\u0142\u00f3czykija \u2013 spok\u00f3j d\u0142ugich, letnich wieczor\u00f3w<\/h2>\n<p>Wiecz\u00f3r z ksi\u0105\u017ck\u0105 na tarasie, rodzinna kolacja w altance przed domem, biwak nad jeziorem\u2026 Letnie, wakacyjne chwile, kt\u00f3re mia\u0142y by\u0107 pe\u0142ne relaksu i dobrej zabawy, staj\u0105 si\u0119 cz\u0119sto walk\u0105 z \u201cnieproszonymi go\u015b\u0107mi\u201d, kt\u00f3rzy natr\u0119tnie nie daj\u0105 o sobie zapomnie\u0107.<\/p>\n<p>I zamiast skupi\u0107 si\u0119 na tym, co wa\u017cne, Ty i Twoja rodzina albo znajomi machacie r\u0119kami, klepiecie si\u0119 po \u0142ydkach i w og\u00f3le bardziej przypomina to jaki\u015b dziki taniec&#8230; \ud83d\ude00<\/p>\n<p><strong>Koniec z tym!\u00a0<\/strong><\/p>\n<p>\u015awieca W\u0142\u00f3czykija powsta\u0142a w\u0142a\u015bnie po to, by\u015b Ty i Twoi bliscy mogli cieszy\u0107 si\u0119 spokojem na \u015bwie\u017cym powietrzu \u2013 bez \u201czb\u0119dnych towarzyszy\u201d. To naturalna, <strong>sojowa \u015bwieca z kompozycj\u0105 olejk\u00f3w eterycznych: z cytroneli, rozmarynu i eukaliptusa<\/strong>. Ich aromat tworzy przyjemn\u0105 aur\u0119, kt\u00f3ra sprzyja niczym niezm\u0105conemu, letniemu odpoczynkowi.<\/p>\n<p><strong>To spora \u015bwieca (210 g) i pali si\u0119 przez wiele godzin<\/strong>. Zabierz j\u0105 ze sob\u0105 na wyjazd camperem lub pod namioty lub trzymaj na tarasie, balkonie albo w ogrodzie.<\/p>\n<p>Dzi\u0119ki niej letnie wieczory zn\u00f3w s\u0105 takie, jakie by\u0107 powinny: spokojne i tylko w takim towarzystwie, jakie naprawd\u0119 lubisz.<\/p>\n<h3>Szukasz naturalnej, sojowej \u015bwiecy z olejkami eterycznymi?<\/h3>\n<p>Ha, to ju\u017c nie musisz szuka\u0107 dalej! Musisz spr\u00f3bowa\u0107 tej \ud83d\ude0a A je\u015bli zastanawiasz si\u0119, jak pachnie \u015bwieca W\u0142\u00f3czykija, to od razu odpowiadamy: <strong>\u015bwiece z wega\u0144skiego wosku sojowego Klaudyny maj\u0105 orze\u017awiaj\u0105ce, cytrusowe aromaty<\/strong> i nie zepsuj\u0105 nawet romantycznej kolacji w plenerze.<\/p>\n<p>Wosk sojowy jest biodegradowalny i <strong>pali si\u0119 nawet o po\u0142ow\u0119 d\u0142u\u017cej od \u015bwiec parafinowych<\/strong>. Nie przejmuj si\u0119 je\u015bli skapnie go nieco na st\u00f3\u0142 \u2013 woda z myd\u0142em w zupe\u0142no\u015bci wystarczy, aby nie zosta\u0142a po nim nawet plama.<\/p>\n<p><strong>To co, obudzisz w sobie W\u0142\u00f3czykija?<\/strong><\/p>\n<p>Poznaj tak\u017ce <a href=\"https:\/\/klaudynahebda.pl\/sklep\/nutta-odstraszacz-kleszczy\/\"><strong><span style=\"color: #006f4f;\">NUTTA\u00ae \u2013 spray odstraszaj\u0105cy kleszcze i komary<\/span><\/strong><\/a>. To preparat dla ca\u0142ej rodziny, bezpieczny ju\u017c powy\u017cej 3. roku \u017cycia. <strong>Zapewnia do 5 godzin skutecznej ochrony przez kleszczami i do 4 godzin przed komarami.<\/strong> Skuteczno\u015b\u0107 potwierdzona badaniami.<\/p>\n<p>Potrzebne inne rozwi\u0105zania na &#8220;nieproszonych go\u015bci&#8221;? Sprawd\u017a <span style=\"color: #006f4f;\"><strong><a style=\"color: #006f4f;\" href=\"https:\/\/klaudynahebda.pl\/sklep\/mieszanka-na-komary\/\">mieszank\u0119 100% olejk\u00f3w eterycznych Komar nie siada<\/a><\/strong><\/span> do dyfuzora oraz <a href=\"https:\/\/klaudynahebda.pl\/sklep\/mieszanka-spacerowa\/\"><strong><span style=\"color: #006f4f;\">spray do ubra\u0144 i pomieszcze\u0144 Mieszanka spacerowa<\/span><\/strong>.<\/a><\/p>\n","protected":false},"excerpt":{"rendered":"<h2>\u015awieca W\u0142\u00f3czykija to&#8230;<\/h2>\n<ul>\n<li>R\u0119cznie robiona, naturalna \u015bwieca sojowa z citronell\u0105, olejkami eterycznymi z rozmarynu i eukaliptusa<\/li>\n<li>Tw\u00f3j towarzysz na letnie wieczory na campingu, altance, a tak\u017ce na tarasie czy balkonie<\/li>\n<li>Zapach, kt\u00f3ry przez d\u0142ugie godziny pozwoli cieszy\u0107 si\u0119 spokojem na \u0142onie natury \u2013 bez \u201cnieproszonych go\u015bci\u201d<\/li>\n<li>Niezb\u0119dnik dla mi\u0142o\u015bnik\u00f3w szeroko otwartych okien<\/li>\n<\/ul>\n","protected":false},"featured_media":3284825,"comment_status":"open","ping_status":"closed","template":"","meta":[],"product_cat":[130,214,111,104],"product_tag":[],"acf":[],"yoast_head":"<!-- This site is optimized with the Yoast SEO plugin v19.6.1 - https:\/\/yoast.com\/wordpress\/plugins\/seo\/ -->\n<title>\u015awieca W\u0142\u00f3czykija - Klaudyna Hebda Nature<\/title>\n<meta name=\"description\" content=\"Wega\u0144ska, naturalna \u015bwieca z wosku sojowego z olejkami. Znajdziesz w niej olejki eteryczne, kt\u00f3re pomog\u0105 Ci cieszy\u0107 si\u0119, tym co wa\u017cne.\" \/>\n<meta name=\"robots\" content=\"index, follow, max-snippet:-1, max-image-preview:large, max-video-preview:-1\" \/>\n<link rel=\"canonical\" href=\"https:\/\/klaudynahebda.pl\/sklep\/swieca-wloczykija\/\" \/>\n<meta property=\"og:locale\" content=\"pl_PL\" \/>\n<meta property=\"og:type\" content=\"article\" \/>\n<meta property=\"og:title\" content=\"\u015awieca W\u0142\u00f3czykija - Klaudyna Hebda Nature\" \/>\n<meta property=\"og:description\" content=\"Wega\u0144ska, naturalna \u015bwieca z wosku sojowego z olejkami. Znajdziesz w niej olejki eteryczne, kt\u00f3re pomog\u0105 Ci cieszy\u0107 si\u0119, tym co wa\u017cne.\" \/>\n<meta property=\"og:url\" content=\"https:\/\/klaudynahebda.pl\/sklep\/swieca-wloczykija\/\" \/>\n<meta property=\"og:site_name\" content=\"Klaudyna Hebda Nature\" \/>\n<meta property=\"article:modified_time\" content=\"2026-04-02T08:48:29+00:00\" \/>\n<meta property=\"og:image\" content=\"https:\/\/klaudynahebda.pl\/sklep\/wp-content\/uploads\/2021\/04\/swieca-wloczykija-na-komary-i-kleszcze-klaudyna-hebda.jpg\" \/>\n\t<meta property=\"og:image:width\" content=\"768\" \/>\n\t<meta property=\"og:image:height\" content=\"1152\" \/>\n\t<meta property=\"og:image:type\" content=\"image\/jpeg\" \/>\n<meta name=\"twitter:card\" content=\"summary_large_image\" \/>\n<meta name=\"twitter:label1\" content=\"Szacowany czas czytania\" \/>\n\t<meta name=\"twitter:data1\" content=\"2 minuty\" \/>\n<script type=\"application\/ld+json\" class=\"yoast-schema-graph\">{\"@context\":\"https:\/\/schema.org\",\"@graph\":[{\"@type\":\"WebPage\",\"@id\":\"https:\/\/klaudynahebda.pl\/sklep\/swieca-wloczykija\/\",\"url\":\"https:\/\/klaudynahebda.pl\/sklep\/swieca-wloczykija\/\",\"name\":\"\u015awieca W\u0142\u00f3czykija - Klaudyna Hebda Nature\",\"isPartOf\":{\"@id\":\"https:\/\/klaudynahebda.pl\/sklep\/#website\"},\"datePublished\":\"2021-04-12T06:14:38+00:00\",\"dateModified\":\"2026-04-02T08:48:29+00:00\",\"description\":\"Wega\u0144ska, naturalna \u015bwieca z wosku sojowego z olejkami. Znajdziesz w niej olejki eteryczne, kt\u00f3re pomog\u0105 Ci cieszy\u0107 si\u0119, tym co wa\u017cne.\",\"breadcrumb\":{\"@id\":\"https:\/\/klaudynahebda.pl\/sklep\/swieca-wloczykija\/#breadcrumb\"},\"inLanguage\":\"pl-PL\",\"potentialAction\":[{\"@type\":\"ReadAction\",\"target\":[\"https:\/\/klaudynahebda.pl\/sklep\/swieca-wloczykija\/\"]}]},{\"@type\":\"BreadcrumbList\",\"@id\":\"https:\/\/klaudynahebda.pl\/sklep\/swieca-wloczykija\/#breadcrumb\",\"itemListElement\":[{\"@type\":\"ListItem\",\"position\":1,\"name\":\"Strona g\u0142\u00f3wna\",\"item\":\"https:\/\/klaudynahebda.pl\/sklep\/\"},{\"@type\":\"ListItem\",\"position\":2,\"name\":\"Sklep\",\"item\":\"https:\/\/klaudynahebda.pl\/sklep\/sklep\/\"},{\"@type\":\"ListItem\",\"position\":3,\"name\":\"\u015awiece\",\"item\":\"https:\/\/klaudynahebda.pl\/sklep\/swiece\/\"},{\"@type\":\"ListItem\",\"position\":4,\"name\":\"\u015awieca W\u0142\u00f3czykija\"}]},{\"@type\":\"WebSite\",\"@id\":\"https:\/\/klaudynahebda.pl\/sklep\/#website\",\"url\":\"https:\/\/klaudynahebda.pl\/sklep\/\",\"name\":\"Klaudyna Hebda Nature\",\"description\":\"Sklep\",\"publisher\":{\"@id\":\"https:\/\/klaudynahebda.pl\/sklep\/#organization\"},\"potentialAction\":[{\"@type\":\"SearchAction\",\"target\":{\"@type\":\"EntryPoint\",\"urlTemplate\":\"https:\/\/klaudynahebda.pl\/sklep\/?s={search_term_string}\"},\"query-input\":\"required name=search_term_string\"}],\"inLanguage\":\"pl-PL\"},{\"@type\":\"Organization\",\"@id\":\"https:\/\/klaudynahebda.pl\/sklep\/#organization\",\"name\":\"KlaudynaHebda\",\"url\":\"https:\/\/klaudynahebda.pl\/sklep\/\",\"sameAs\":[],\"logo\":{\"@type\":\"ImageObject\",\"inLanguage\":\"pl-PL\",\"@id\":\"https:\/\/klaudynahebda.pl\/sklep\/#\/schema\/logo\/image\/\",\"url\":\"\",\"contentUrl\":\"\",\"caption\":\"KlaudynaHebda\"},\"image\":{\"@id\":\"https:\/\/klaudynahebda.pl\/sklep\/#\/schema\/logo\/image\/\"}}]}<\/script>\n<!-- \/ Yoast SEO plugin. -->","yoast_head_json":{"title":"\u015awieca W\u0142\u00f3czykija - Klaudyna Hebda Nature","description":"Wega\u0144ska, naturalna \u015bwieca z wosku sojowego z olejkami. Znajdziesz w niej olejki eteryczne, kt\u00f3re pomog\u0105 Ci cieszy\u0107 si\u0119, tym co wa\u017cne.","robots":{"index":"index","follow":"follow","max-snippet":"max-snippet:-1","max-image-preview":"max-image-preview:large","max-video-preview":"max-video-preview:-1"},"canonical":"https:\/\/klaudynahebda.pl\/sklep\/swieca-wloczykija\/","og_locale":"pl_PL","og_type":"article","og_title":"\u015awieca W\u0142\u00f3czykija - Klaudyna Hebda Nature","og_description":"Wega\u0144ska, naturalna \u015bwieca z wosku sojowego z olejkami. Znajdziesz w niej olejki eteryczne, kt\u00f3re pomog\u0105 Ci cieszy\u0107 si\u0119, tym co wa\u017cne.","og_url":"https:\/\/klaudynahebda.pl\/sklep\/swieca-wloczykija\/","og_site_name":"Klaudyna Hebda Nature","article_modified_time":"2026-04-02T08:48:29+00:00","og_image":[{"width":768,"height":1152,"url":"https:\/\/klaudynahebda.pl\/sklep\/wp-content\/uploads\/2021\/04\/swieca-wloczykija-na-komary-i-kleszcze-klaudyna-hebda.jpg","type":"image\/jpeg"}],"twitter_card":"summary_large_image","twitter_misc":{"Szacowany czas czytania":"2 minuty"},"schema":{"@context":"https:\/\/schema.org","@graph":[{"@type":"WebPage","@id":"https:\/\/klaudynahebda.pl\/sklep\/swieca-wloczykija\/","url":"https:\/\/klaudynahebda.pl\/sklep\/swieca-wloczykija\/","name":"\u015awieca W\u0142\u00f3czykija - Klaudyna Hebda Nature","isPartOf":{"@id":"https:\/\/klaudynahebda.pl\/sklep\/#website"},"datePublished":"2021-04-12T06:14:38+00:00","dateModified":"2026-04-02T08:48:29+00:00","description":"Wega\u0144ska, naturalna \u015bwieca z wosku sojowego z olejkami. Znajdziesz w niej olejki eteryczne, kt\u00f3re pomog\u0105 Ci cieszy\u0107 si\u0119, tym co wa\u017cne.","breadcrumb":{"@id":"https:\/\/klaudynahebda.pl\/sklep\/swieca-wloczykija\/#breadcrumb"},"inLanguage":"pl-PL","potentialAction":[{"@type":"ReadAction","target":["https:\/\/klaudynahebda.pl\/sklep\/swieca-wloczykija\/"]}]},{"@type":"BreadcrumbList","@id":"https:\/\/klaudynahebda.pl\/sklep\/swieca-wloczykija\/#breadcrumb","itemListElement":[{"@type":"ListItem","position":1,"name":"Strona g\u0142\u00f3wna","item":"https:\/\/klaudynahebda.pl\/sklep\/"},{"@type":"ListItem","position":2,"name":"Sklep","item":"https:\/\/klaudynahebda.pl\/sklep\/sklep\/"},{"@type":"ListItem","position":3,"name":"\u015awiece","item":"https:\/\/klaudynahebda.pl\/sklep\/swiece\/"},{"@type":"ListItem","position":4,"name":"\u015awieca W\u0142\u00f3czykija"}]},{"@type":"WebSite","@id":"https:\/\/klaudynahebda.pl\/sklep\/#website","url":"https:\/\/klaudynahebda.pl\/sklep\/","name":"Klaudyna Hebda Nature","description":"Sklep","publisher":{"@id":"https:\/\/klaudynahebda.pl\/sklep\/#organization"},"potentialAction":[{"@type":"SearchAction","target":{"@type":"EntryPoint","urlTemplate":"https:\/\/klaudynahebda.pl\/sklep\/?s={search_term_string}"},"query-input":"required name=search_term_string"}],"inLanguage":"pl-PL"},{"@type":"Organization","@id":"https:\/\/klaudynahebda.pl\/sklep\/#organization","name":"KlaudynaHebda","url":"https:\/\/klaudynahebda.pl\/sklep\/","sameAs":[],"logo":{"@type":"ImageObject","inLanguage":"pl-PL","@id":"https:\/\/klaudynahebda.pl\/sklep\/#\/schema\/logo\/image\/","url":"","contentUrl":"","caption":"KlaudynaHebda"},"image":{"@id":"https:\/\/klaudynahebda.pl\/sklep\/#\/schema\/logo\/image\/"}}]}},"_links":{"self":[{"href":"https:\/\/klaudynahebda.pl\/sklep\/wp-json\/wp\/v2\/product\/146117"}],"collection":[{"href":"https:\/\/klaudynahebda.pl\/sklep\/wp-json\/wp\/v2\/product"}],"about":[{"href":"https:\/\/klaudynahebda.pl\/sklep\/wp-json\/wp\/v2\/types\/product"}],"replies":[{"embeddable":true,"href":"https:\/\/klaudynahebda.pl\/sklep\/wp-json\/wp\/v2\/comments?post=146117"}],"wp:featuredmedia":[{"embeddable":true,"href":"https:\/\/klaudynahebda.pl\/sklep\/wp-json\/wp\/v2\/media\/3284825"}],"wp:attachment":[{"href":"https:\/\/klaudynahebda.pl\/sklep\/wp-json\/wp\/v2\/media?parent=146117"}],"wp:term":[{"taxonomy":"product_cat","embeddable":true,"href":"https:\/\/klaudynahebda.pl\/sklep\/wp-json\/wp\/v2\/product_cat?post=146117"},{"taxonomy":"product_tag","embeddable":true,"href":"https:\/\/klaudynahebda.pl\/sklep\/wp-json\/wp\/v2\/product_tag?post=146117"}],"curies":[{"name":"wp","href":"https:\/\/api.w.org\/{rel}","templated":true}]}}