{"id":1351267,"date":"2023-02-01T13:06:39","date_gmt":"2023-02-01T12:06:39","guid":{"rendered":"https:\/\/klaudynahebda.pl\/sklep\/?post_type=product&#038;p=1351267"},"modified":"2026-02-27T10:48:10","modified_gmt":"2026-02-27T09:48:10","slug":"zestaw-ziolowych-herbatek","status":"publish","type":"product","link":"https:\/\/klaudynahebda.pl\/sklep\/zestaw-ziolowych-herbatek\/","title":{"rendered":"Zestaw: Herbatka na Dobry Sen i Herbatka Spok\u00f3j"},"content":{"rendered":"<h3><b><span data-contrast=\"none\">Dlaczego warto kupi\u0107 dwie Herbatki w zestawie? Czy nie dzia\u0142aj\u0105 tak samo?<\/span><\/b><span data-ccp-props=\"{&quot;134245418&quot;:true,&quot;134245529&quot;:true,&quot;201341983&quot;:0,&quot;335559739&quot;:160,&quot;335559740&quot;:259}\">\u00a0<\/span><\/h3>\n<p><span data-contrast=\"none\">Zdecydowanie nie! Herbatka Spok\u00f3j i Herbatka na Dobry Sen doskonale uzupe\u0142niaj\u0105 swoje dzia\u0142anie.<\/span><span data-ccp-props=\"{&quot;134245418&quot;:true,&quot;134245529&quot;:true,&quot;201341983&quot;:0,&quot;335559739&quot;:160,&quot;335559740&quot;:259}\">\u00a0<\/span><\/p>\n<p><b><span data-contrast=\"none\">Suplement diety NA DOBRY SEN w formie herbatki <\/span><\/b><span data-contrast=\"none\">jest idealna na popo\u0142udnie po pe\u0142nym wra\u017ce\u0144 poranku, by ze spokojem wej\u015b\u0107 w drug\u0105 po\u0142ow\u0119 dnia. Docenisz jej dzia\u0142anie r\u00f3wnie\u017c wieczorem, poniewa\u017c sk\u0142adniki w niej zawarte wspomagaj\u0105 zdrowy sen &#8211; dla Ciebie mo\u017ce to oznacza\u0107 noc bez przewracania si\u0119 z boku na bok i wybudze\u0144 nad ranem. <\/span><span data-ccp-props=\"{&quot;134245418&quot;:true,&quot;134245529&quot;:true,&quot;201341983&quot;:0,&quot;335559739&quot;:160,&quot;335559740&quot;:259}\">Szyszka chmielu zwyczajnego\u00a0<b>ma koj\u0105cy wp\u0142yw na uk\u0142ad nerwowy<\/b>. Melisa lekarska przyczynia si\u0119\u00a0<strong>do dobrego i spokojnego wypoczynku<\/strong>. Wspiera spok\u00f3j i pomaga w zasypianiu.<\/span><\/p>\n<p><b><span data-contrast=\"none\">Suplement diety SPOK\u00d3J <\/span><\/b>to mieszanka zi\u00f3\u0142<b><span data-contrast=\"none\">, <\/span><\/b><span data-contrast=\"none\">kt\u00f3r\u0105 mo\u017cesz popija\u0107 o dowolnej porze w ci\u0105gu dnia.\u00a0<\/span><span data-ccp-props=\"{&quot;134245418&quot;:true,&quot;134245529&quot;:true,&quot;201341983&quot;:0,&quot;335559739&quot;:160,&quot;335559740&quot;:259}\">Bazylia \u015bwi\u0119ta <strong>pozwala zachowa\u0107 witalno\u015b\u0107. Pomaga r\u00f3wnie\u017c zachowa\u0107 odporno\u015b\u0107 na stres. <\/strong>Li\u015bcie mi\u0119ty pieprzowej przyczyniaj\u0105 si\u0119 do<strong> optymalnego odpr\u0119\u017cenia.<\/strong><\/span><\/p>\n<p><span data-contrast=\"none\">Poza tym:\u00a0<\/span><span data-ccp-props=\"{&quot;134245418&quot;:true,&quot;134245529&quot;:true,&quot;201341983&quot;:0,&quot;335559739&quot;:160,&quot;335559740&quot;:259}\">\u00a0<\/span><\/p>\n<ul>\n<li data-leveltext=\"-\" data-font=\"Calibri\" data-listid=\"45\" data-list-defn-props=\"{&quot;335552541&quot;:1,&quot;335559684&quot;:-2,&quot;335559685&quot;:720,&quot;335559991&quot;:360,&quot;469769226&quot;:&quot;Calibri&quot;,&quot;469769242&quot;:[8226],&quot;469777803&quot;:&quot;left&quot;,&quot;469777804&quot;:&quot;-&quot;,&quot;469777815&quot;:&quot;hybridMultilevel&quot;}\" data-aria-posinset=\"1\" data-aria-level=\"1\">\n<h4><b><span data-contrast=\"none\">Obie Herbatki smakuj\u0105 (i wygl\u0105daj\u0105!) zupe\u0142nie inaczej.\u00a0<\/span><\/b><span data-ccp-props=\"{&quot;134245418&quot;:true,&quot;134245529&quot;:true,&quot;201341983&quot;:0,&quot;335559739&quot;:160,&quot;335559740&quot;:259}\">\u00a0<\/span><\/h4>\n<\/li>\n<\/ul>\n<p><b><span data-contrast=\"none\">Herbatka Spok\u00f3j <\/span><\/b><span data-contrast=\"none\">to \u0142agodno\u015b\u0107 w ka\u017cdym calu. W jej sk\u0142adzie dominuj\u0105 li\u015bcie tarczycy bajkalskiej, w doskona\u0142ej kompozycji ze \u015bwi\u0119t\u0105 bazyli\u0105 <\/span><i><span data-contrast=\"none\">tulsi<\/span><\/i><span data-contrast=\"none\">. Bazylia <\/span><i><span data-contrast=\"none\">tulsi <\/span><\/i><span data-contrast=\"none\">uchodzi w ajurwedzie za eliksir \u017cycia, a jej aromat jest \u0142agodny i bogaty. Nieoczywisty dodatek &#8211; \u0142uski kakaowca \u2013 nadaje naparowi g\u0142\u0119bokiej s\u0142odyczy. W naszych mieszankach nie mo\u017ce zabrakn\u0105\u0107 naturalnych olejk\u00f3w: w Spokoju odnajdziesz delikatn\u0105 nut\u0119 bergamotki, przywodz\u0105c\u0105 na my\u015bl herbat\u0119 earl grey. <\/span><span data-ccp-props=\"{&quot;134245418&quot;:true,&quot;134245529&quot;:true,&quot;201341983&quot;:0,&quot;335559739&quot;:160,&quot;335559740&quot;:259}\">\u00a0<\/span><\/p>\n<p><b><span data-contrast=\"none\">Herbatka na Dobry Sen<\/span><\/b><span data-contrast=\"none\"> czaruje b\u0142\u0119kitem i \u2013 jak piszecie \u2013 robi niezapomniane wra\u017cenie na go\u015bciach! Mo\u017cesz z ni\u0105 eksperymentowa\u0107, zmieniaj\u0105c kolor naparu na r\u00f3\u017cowy po dodaniu kilku kropel cytryny albo przygotowuj\u0105c kremow\u0105 <\/span><i><span data-contrast=\"none\">blue latte<\/span><\/i><span data-contrast=\"none\"> z mlekiem. Przepisy na te wspania\u0142o\u015bci znajdziesz <a href=\"https:\/\/klaudynahebda.pl\/sklep\/herbata-na-dobry-sen\/\" target=\"_blank\" rel=\"noopener\">tuta<\/a>j. <\/span><span data-ccp-props=\"{&quot;134245418&quot;:true,&quot;134245529&quot;:true,&quot;201341983&quot;:0,&quot;335559739&quot;:160,&quot;335559740&quot;:259}\">\u00a0<\/span><\/p>\n<p><span data-contrast=\"none\">W jej smaku odnajdziesz gwiazdy polskiego zielarstwa: rumianek, kwiat lipy, melis\u0119 i chmiel, ale w niecodziennym towarzystwie. Kocimi\u0119tka, werbena i trawa cytrynowa dodaj\u0105 naparowi wyrazisto\u015bci, a kompozycj\u0119 dodatkowo podkr\u0119caj\u0105 ashwaganda i aromatyczny olejek ze s\u0142odkiej mandarynki.\u00a0<\/span><span data-ccp-props=\"{&quot;134245418&quot;:true,&quot;134245529&quot;:true,&quot;201341983&quot;:0,&quot;335559739&quot;:160,&quot;335559740&quot;:259}\">\u00a0<\/span><\/p>\n<p><span data-ccp-props=\"{&quot;134245418&quot;:true,&quot;134245529&quot;:true,&quot;201341983&quot;:0,&quot;335559739&quot;:160,&quot;335559740&quot;:259}\">\u00a0<\/span><\/p>\n<ul>\n<li data-leveltext=\"-\" data-font=\"Calibri\" data-listid=\"46\" data-list-defn-props=\"{&quot;335552541&quot;:1,&quot;335559684&quot;:-2,&quot;335559685&quot;:720,&quot;335559991&quot;:360,&quot;469769226&quot;:&quot;Calibri&quot;,&quot;469769242&quot;:[8226],&quot;469777803&quot;:&quot;left&quot;,&quot;469777804&quot;:&quot;-&quot;,&quot;469777815&quot;:&quot;hybridMultilevel&quot;}\" data-aria-posinset=\"1\" data-aria-level=\"1\">\n<h4><b><span data-contrast=\"none\">Ze wzgl\u0119du na pi\u0119kne i ekologiczne opakowanie, ten zestaw b\u0119dzie idealny na prezent wspieraj\u0105cy zdrowie i dobrostan. <\/span><\/b><\/h4>\n<\/li>\n<\/ul>\n<p><span data-contrast=\"none\">Ciemne szk\u0142o nie tylko dobrze wygl\u0105da, ale przede wszystkim jest szczelne i chroni moc Twoich zi\u00f3\u0142 przed \u015bwiat\u0142em. Ozdobi te\u017c kuchenne p\u00f3\u0142ki &#8211; obiecujemy, \u017ce po wypiciu Herbatek nie b\u0119dziesz chcia\u0142a wyrzuca\u0107 s\u0142oiczk\u00f3w i z pewno\u015bci\u0105 znajdziesz dla nich nowe zastosowanie.<\/span><span data-ccp-props=\"{&quot;134245418&quot;:true,&quot;134245529&quot;:true,&quot;201341983&quot;:0,&quot;335559739&quot;:160,&quot;335559740&quot;:259}\">\u00a0<\/span><\/p>\n<p><span data-ccp-props=\"{&quot;134245418&quot;:true,&quot;134245529&quot;:true,&quot;201341983&quot;:0,&quot;335559685&quot;:0,&quot;335559739&quot;:160,&quot;335559740&quot;:259}\">\u00a0<\/span><b style=\"color: #333333;\"><span data-contrast=\"none\">I wreszcie &#8211;<\/span><\/b> <b style=\"color: #333333;\"><span data-contrast=\"none\">kupuj\u0105c Herbatki w zestawie, oszcz\u0119dzasz<\/span><\/b><span style=\"color: #333333;\" data-contrast=\"none\">!\u00a0<\/span><span style=\"color: #333333;\" data-ccp-props=\"{&quot;134245418&quot;:true,&quot;134245529&quot;:true,&quot;201341983&quot;:0,&quot;335559739&quot;:160,&quot;335559740&quot;:259}\">\u00a0<\/span><\/p>\n<p><span data-ccp-props=\"{&quot;134245418&quot;:true,&quot;134245529&quot;:true,&quot;201341983&quot;:0,&quot;335559739&quot;:160,&quot;335559740&quot;:259}\">\u00a0<\/span><\/p>\n<h3><b><span data-contrast=\"none\">Dla dociekliwych\u00a0<\/span><\/b><span data-ccp-props=\"{&quot;134245418&quot;:true,&quot;134245529&quot;:true,&quot;201341983&quot;:0,&quot;335559739&quot;:160,&quot;335559740&quot;:259}\">\u00a0<\/span><\/h3>\n<p><span data-contrast=\"none\">Chcesz wiedzie\u0107 wi\u0119cej o Herbatkach, ich poszczeg\u00f3lnych sk\u0142adnikach i dzia\u0142aniu?<\/span><span data-ccp-props=\"{&quot;134245418&quot;:true,&quot;134245529&quot;:true,&quot;201341983&quot;:0,&quot;335559739&quot;:160,&quot;335559740&quot;:259}\">\u00a0<\/span><\/p>\n<p><a href=\"https:\/\/klaudynahebda.pl\/sklep\/herbatka-spokoj\/\"><span data-contrast=\"none\">&gt;&gt; Przeczytaj pe\u0142en opis Herbatki Spok\u00f3j <\/span><\/a><\/p>\n<p><span data-contrast=\"none\"><a href=\"https:\/\/klaudynahebda.pl\/sklep\/herbata-na-dobry-sen\/\">&gt;&gt; Przeczytaj pe\u0142en opis Herbatki na Dobry Sen<\/a>\u00a0<\/span><\/p>\n","protected":false},"excerpt":{"rendered":"<p><span data-ccp-props=\"{&quot;134233117&quot;:false,&quot;134233118&quot;:false,&quot;134245418&quot;:true,&quot;134245529&quot;:true,&quot;201341983&quot;:0,&quot;335551550&quot;:1,&quot;335551620&quot;:1,&quot;335559685&quot;:0,&quot;335559737&quot;:0,&quot;335559738&quot;:0,&quot;335559739&quot;:160,&quot;335559740&quot;:259}\">Ten zestaw to tw\u00f3j sprzymierzeniec w poszukiwaniu codziennej r\u00f3wnowagi.<br \/>\n<\/span><\/p>\n<p><b><span data-contrast=\"none\">Jak mo\u017ce przyczyni\u0107 si\u0119 do poprawy \u017cycia?<\/span><\/b><\/p>\n<ul>\n<li data-leveltext=\"-\" data-font=\"Calibri\" data-listid=\"41\" data-list-defn-props=\"{&quot;335552541&quot;:1,&quot;335559684&quot;:-2,&quot;335559685&quot;:720,&quot;335559991&quot;:360,&quot;469769226&quot;:&quot;Calibri&quot;,&quot;469769242&quot;:[8226],&quot;469777803&quot;:&quot;left&quot;,&quot;469777804&quot;:&quot;-&quot;,&quot;469777815&quot;:&quot;hybridMultilevel&quot;}\" data-aria-posinset=\"1\" data-aria-level=\"1\"><span data-contrast=\"none\">Zaczniesz dzie\u0144 wyspana i w dobrym nastroju.\u00a0<\/span><span data-ccp-props=\"{&quot;134233117&quot;:false,&quot;134233118&quot;:false,&quot;134245418&quot;:true,&quot;134245529&quot;:true,&quot;201341983&quot;:0,&quot;335551550&quot;:1,&quot;335551620&quot;:1,&quot;335559685&quot;:720,&quot;335559737&quot;:0,&quot;335559738&quot;:0,&quot;335559739&quot;:160,&quot;335559740&quot;:259,&quot;335559991&quot;:360}\">\u00a0<\/span><\/li>\n<li data-leveltext=\"-\" data-font=\"Calibri\" data-listid=\"41\" data-list-defn-props=\"{&quot;335552541&quot;:1,&quot;335559684&quot;:-2,&quot;335559685&quot;:720,&quot;335559991&quot;:360,&quot;469769226&quot;:&quot;Calibri&quot;,&quot;469769242&quot;:[8226],&quot;469777803&quot;:&quot;left&quot;,&quot;469777804&quot;:&quot;-&quot;,&quot;469777815&quot;:&quot;hybridMultilevel&quot;}\" data-aria-posinset=\"3\" data-aria-level=\"1\"><span data-contrast=\"none\">B\u0119dziesz kwiatem lotosu na tafli wody, gdy znowu wszystko p\u00f3jdzie nie tak.\u00a0<\/span><span data-ccp-props=\"{&quot;134233117&quot;:false,&quot;134233118&quot;:false,&quot;134245418&quot;:true,&quot;134245529&quot;:true,&quot;201341983&quot;:0,&quot;335551550&quot;:1,&quot;335551620&quot;:1,&quot;335559737&quot;:0,&quot;335559738&quot;:0,&quot;335559739&quot;:160,&quot;335559740&quot;:259}\">\u00a0<\/span><\/li>\n<\/ul>\n<p><span data-contrast=\"none\">Obydwie Herbatki maj\u0105 w sk\u0142adzie <\/span><b><span data-contrast=\"none\">starannie dobran\u0105 przez Klaudyn\u0119 kompozycj\u0119 zi\u00f3\u0142<\/span><\/b><span data-contrast=\"none\">. U\u017cywamy wy\u0142\u0105cznie <\/span><b><span data-contrast=\"none\">ro\u015blin najwy\u017cszej jako\u015bci.<\/span><\/b><span data-ccp-props=\"{&quot;134233117&quot;:false,&quot;134233118&quot;:false,&quot;134245418&quot;:true,&quot;134245529&quot;:true,&quot;201341983&quot;:0,&quot;335551550&quot;:1,&quot;335551620&quot;:1,&quot;335559685&quot;:0,&quot;335559737&quot;:0,&quot;335559738&quot;:0,&quot;335559739&quot;:160,&quot;335559740&quot;:259}\">\u00a0<\/span><\/p>\n<p><b><span data-contrast=\"none\">Jak u\u017cywa\u0107? <\/span><\/b><span data-contrast=\"none\">Wrzu\u0107 \u0142y\u017ceczk\u0119 suszu do ulubionego kubka, zalej wrz\u0105tkiem i zaparzaj pod przykryciem. Dla uzyskania najlepszych efekt\u00f3w, stosuj regularnie.\u00a0\u00a0<\/span><span data-ccp-props=\"{&quot;134233117&quot;:false,&quot;134233118&quot;:false,&quot;134245418&quot;:true,&quot;134245529&quot;:true,&quot;201341983&quot;:0,&quot;335551550&quot;:1,&quot;335551620&quot;:1,&quot;335559685&quot;:0,&quot;335559737&quot;:0,&quot;335559738&quot;:0,&quot;335559739&quot;:160,&quot;335559740&quot;:259}\">\u00a0<\/span><\/p>\n","protected":false},"featured_media":3205430,"comment_status":"open","ping_status":"closed","template":"","meta":[],"product_cat":[131,210,46],"product_tag":[],"acf":[],"yoast_head":"<!-- This site is optimized with the Yoast SEO plugin v19.6.1 - https:\/\/yoast.com\/wordpress\/plugins\/seo\/ -->\n<title>Zestaw: Herbatka na Dobry Sen i Herbatka Spok\u00f3j - Klaudyna Hebda Nature<\/title>\n<meta name=\"description\" content=\"Wybierz Zestaw dw\u00f3ch zio\u0142owych herbatek w pi\u0119knym, szklanym opakowaniu.\" \/>\n<meta name=\"robots\" content=\"index, follow, max-snippet:-1, max-image-preview:large, max-video-preview:-1\" \/>\n<link rel=\"canonical\" href=\"https:\/\/klaudynahebda.pl\/sklep\/zestaw-ziolowych-herbatek\/\" \/>\n<meta property=\"og:locale\" content=\"pl_PL\" \/>\n<meta property=\"og:type\" content=\"article\" \/>\n<meta property=\"og:title\" content=\"Zestaw: Herbatka na Dobry Sen i Herbatka Spok\u00f3j - Klaudyna Hebda Nature\" \/>\n<meta property=\"og:description\" content=\"Wybierz Zestaw dw\u00f3ch zio\u0142owych herbatek w pi\u0119knym, szklanym opakowaniu.\" \/>\n<meta property=\"og:url\" content=\"https:\/\/klaudynahebda.pl\/sklep\/zestaw-ziolowych-herbatek\/\" \/>\n<meta property=\"og:site_name\" content=\"Klaudyna Hebda Nature\" \/>\n<meta property=\"article:modified_time\" content=\"2026-02-27T09:48:10+00:00\" \/>\n<meta property=\"og:image\" content=\"https:\/\/klaudynahebda.pl\/sklep\/wp-content\/uploads\/2023\/02\/1.jpg\" \/>\n\t<meta property=\"og:image:width\" content=\"1020\" \/>\n\t<meta property=\"og:image:height\" content=\"1530\" \/>\n\t<meta property=\"og:image:type\" content=\"image\/jpeg\" \/>\n<meta name=\"twitter:card\" content=\"summary_large_image\" \/>\n<meta name=\"twitter:label1\" content=\"Szacowany czas czytania\" \/>\n\t<meta name=\"twitter:data1\" content=\"3 minuty\" \/>\n<script type=\"application\/ld+json\" class=\"yoast-schema-graph\">{\"@context\":\"https:\/\/schema.org\",\"@graph\":[{\"@type\":\"WebPage\",\"@id\":\"https:\/\/klaudynahebda.pl\/sklep\/zestaw-ziolowych-herbatek\/\",\"url\":\"https:\/\/klaudynahebda.pl\/sklep\/zestaw-ziolowych-herbatek\/\",\"name\":\"Zestaw: Herbatka na Dobry Sen i Herbatka Spok\u00f3j - Klaudyna Hebda Nature\",\"isPartOf\":{\"@id\":\"https:\/\/klaudynahebda.pl\/sklep\/#website\"},\"datePublished\":\"2023-02-01T12:06:39+00:00\",\"dateModified\":\"2026-02-27T09:48:10+00:00\",\"description\":\"Wybierz Zestaw dw\u00f3ch zio\u0142owych herbatek w pi\u0119knym, szklanym opakowaniu.\",\"breadcrumb\":{\"@id\":\"https:\/\/klaudynahebda.pl\/sklep\/zestaw-ziolowych-herbatek\/#breadcrumb\"},\"inLanguage\":\"pl-PL\",\"potentialAction\":[{\"@type\":\"ReadAction\",\"target\":[\"https:\/\/klaudynahebda.pl\/sklep\/zestaw-ziolowych-herbatek\/\"]}]},{\"@type\":\"BreadcrumbList\",\"@id\":\"https:\/\/klaudynahebda.pl\/sklep\/zestaw-ziolowych-herbatek\/#breadcrumb\",\"itemListElement\":[{\"@type\":\"ListItem\",\"position\":1,\"name\":\"Strona g\u0142\u00f3wna\",\"item\":\"https:\/\/klaudynahebda.pl\/sklep\/\"},{\"@type\":\"ListItem\",\"position\":2,\"name\":\"Sklep\",\"item\":\"https:\/\/klaudynahebda.pl\/sklep\/sklep\/\"},{\"@type\":\"ListItem\",\"position\":3,\"name\":\"Herbaty zio\u0142owe z olejkami\",\"item\":\"https:\/\/klaudynahebda.pl\/sklep\/herbaty\/\"},{\"@type\":\"ListItem\",\"position\":4,\"name\":\"Zestaw: Herbatka na Dobry Sen i Herbatka Spok\u00f3j\"}]},{\"@type\":\"WebSite\",\"@id\":\"https:\/\/klaudynahebda.pl\/sklep\/#website\",\"url\":\"https:\/\/klaudynahebda.pl\/sklep\/\",\"name\":\"Klaudyna Hebda Nature\",\"description\":\"Sklep\",\"publisher\":{\"@id\":\"https:\/\/klaudynahebda.pl\/sklep\/#organization\"},\"potentialAction\":[{\"@type\":\"SearchAction\",\"target\":{\"@type\":\"EntryPoint\",\"urlTemplate\":\"https:\/\/klaudynahebda.pl\/sklep\/?s={search_term_string}\"},\"query-input\":\"required name=search_term_string\"}],\"inLanguage\":\"pl-PL\"},{\"@type\":\"Organization\",\"@id\":\"https:\/\/klaudynahebda.pl\/sklep\/#organization\",\"name\":\"KlaudynaHebda\",\"url\":\"https:\/\/klaudynahebda.pl\/sklep\/\",\"sameAs\":[],\"logo\":{\"@type\":\"ImageObject\",\"inLanguage\":\"pl-PL\",\"@id\":\"https:\/\/klaudynahebda.pl\/sklep\/#\/schema\/logo\/image\/\",\"url\":\"\",\"contentUrl\":\"\",\"caption\":\"KlaudynaHebda\"},\"image\":{\"@id\":\"https:\/\/klaudynahebda.pl\/sklep\/#\/schema\/logo\/image\/\"}}]}<\/script>\n<!-- \/ Yoast SEO plugin. -->","yoast_head_json":{"title":"Zestaw: Herbatka na Dobry Sen i Herbatka Spok\u00f3j - Klaudyna Hebda Nature","description":"Wybierz Zestaw dw\u00f3ch zio\u0142owych herbatek w pi\u0119knym, szklanym opakowaniu.","robots":{"index":"index","follow":"follow","max-snippet":"max-snippet:-1","max-image-preview":"max-image-preview:large","max-video-preview":"max-video-preview:-1"},"canonical":"https:\/\/klaudynahebda.pl\/sklep\/zestaw-ziolowych-herbatek\/","og_locale":"pl_PL","og_type":"article","og_title":"Zestaw: Herbatka na Dobry Sen i Herbatka Spok\u00f3j - Klaudyna Hebda Nature","og_description":"Wybierz Zestaw dw\u00f3ch zio\u0142owych herbatek w pi\u0119knym, szklanym opakowaniu.","og_url":"https:\/\/klaudynahebda.pl\/sklep\/zestaw-ziolowych-herbatek\/","og_site_name":"Klaudyna Hebda Nature","article_modified_time":"2026-02-27T09:48:10+00:00","og_image":[{"width":1020,"height":1530,"url":"https:\/\/klaudynahebda.pl\/sklep\/wp-content\/uploads\/2023\/02\/1.jpg","type":"image\/jpeg"}],"twitter_card":"summary_large_image","twitter_misc":{"Szacowany czas czytania":"3 minuty"},"schema":{"@context":"https:\/\/schema.org","@graph":[{"@type":"WebPage","@id":"https:\/\/klaudynahebda.pl\/sklep\/zestaw-ziolowych-herbatek\/","url":"https:\/\/klaudynahebda.pl\/sklep\/zestaw-ziolowych-herbatek\/","name":"Zestaw: Herbatka na Dobry Sen i Herbatka Spok\u00f3j - Klaudyna Hebda Nature","isPartOf":{"@id":"https:\/\/klaudynahebda.pl\/sklep\/#website"},"datePublished":"2023-02-01T12:06:39+00:00","dateModified":"2026-02-27T09:48:10+00:00","description":"Wybierz Zestaw dw\u00f3ch zio\u0142owych herbatek w pi\u0119knym, szklanym opakowaniu.","breadcrumb":{"@id":"https:\/\/klaudynahebda.pl\/sklep\/zestaw-ziolowych-herbatek\/#breadcrumb"},"inLanguage":"pl-PL","potentialAction":[{"@type":"ReadAction","target":["https:\/\/klaudynahebda.pl\/sklep\/zestaw-ziolowych-herbatek\/"]}]},{"@type":"BreadcrumbList","@id":"https:\/\/klaudynahebda.pl\/sklep\/zestaw-ziolowych-herbatek\/#breadcrumb","itemListElement":[{"@type":"ListItem","position":1,"name":"Strona g\u0142\u00f3wna","item":"https:\/\/klaudynahebda.pl\/sklep\/"},{"@type":"ListItem","position":2,"name":"Sklep","item":"https:\/\/klaudynahebda.pl\/sklep\/sklep\/"},{"@type":"ListItem","position":3,"name":"Herbaty zio\u0142owe z olejkami","item":"https:\/\/klaudynahebda.pl\/sklep\/herbaty\/"},{"@type":"ListItem","position":4,"name":"Zestaw: Herbatka na Dobry Sen i Herbatka Spok\u00f3j"}]},{"@type":"WebSite","@id":"https:\/\/klaudynahebda.pl\/sklep\/#website","url":"https:\/\/klaudynahebda.pl\/sklep\/","name":"Klaudyna Hebda Nature","description":"Sklep","publisher":{"@id":"https:\/\/klaudynahebda.pl\/sklep\/#organization"},"potentialAction":[{"@type":"SearchAction","target":{"@type":"EntryPoint","urlTemplate":"https:\/\/klaudynahebda.pl\/sklep\/?s={search_term_string}"},"query-input":"required name=search_term_string"}],"inLanguage":"pl-PL"},{"@type":"Organization","@id":"https:\/\/klaudynahebda.pl\/sklep\/#organization","name":"KlaudynaHebda","url":"https:\/\/klaudynahebda.pl\/sklep\/","sameAs":[],"logo":{"@type":"ImageObject","inLanguage":"pl-PL","@id":"https:\/\/klaudynahebda.pl\/sklep\/#\/schema\/logo\/image\/","url":"","contentUrl":"","caption":"KlaudynaHebda"},"image":{"@id":"https:\/\/klaudynahebda.pl\/sklep\/#\/schema\/logo\/image\/"}}]}},"_links":{"self":[{"href":"https:\/\/klaudynahebda.pl\/sklep\/wp-json\/wp\/v2\/product\/1351267"}],"collection":[{"href":"https:\/\/klaudynahebda.pl\/sklep\/wp-json\/wp\/v2\/product"}],"about":[{"href":"https:\/\/klaudynahebda.pl\/sklep\/wp-json\/wp\/v2\/types\/product"}],"replies":[{"embeddable":true,"href":"https:\/\/klaudynahebda.pl\/sklep\/wp-json\/wp\/v2\/comments?post=1351267"}],"wp:featuredmedia":[{"embeddable":true,"href":"https:\/\/klaudynahebda.pl\/sklep\/wp-json\/wp\/v2\/media\/3205430"}],"wp:attachment":[{"href":"https:\/\/klaudynahebda.pl\/sklep\/wp-json\/wp\/v2\/media?parent=1351267"}],"wp:term":[{"taxonomy":"product_cat","embeddable":true,"href":"https:\/\/klaudynahebda.pl\/sklep\/wp-json\/wp\/v2\/product_cat?post=1351267"},{"taxonomy":"product_tag","embeddable":true,"href":"https:\/\/klaudynahebda.pl\/sklep\/wp-json\/wp\/v2\/product_tag?post=1351267"}],"curies":[{"name":"wp","href":"https:\/\/api.w.org\/{rel}","templated":true}]}}