{"id":1291953,"date":"2023-01-18T13:58:07","date_gmt":"2023-01-18T12:58:07","guid":{"rendered":"https:\/\/klaudynahebda.pl\/sklep\/?post_type=product&#038;p=1291953"},"modified":"2026-04-23T11:04:27","modified_gmt":"2026-04-23T09:04:27","slug":"balsam-naprawczy","status":"publish","type":"product","link":"https:\/\/klaudynahebda.pl\/sklep\/balsam-naprawczy\/","title":{"rendered":"Balsam Naprawczy [30 &#8211; 100 ml]"},"content":{"rendered":"<h2><b><span data-contrast=\"none\">Jak powsta\u0142 Balsam Naprawczy? Poznaj opowie\u015b\u0107 Klaudyny<\/span><\/b><\/h2>\n<p><em>Balsam <strong>wzi\u0105\u0142 si\u0119 z potrzeby \u017cycia<\/strong>. Na wakacjach m\u00f3j towarzysz nie u\u017cywa\u0142 \u017cadnego filtra i sk\u00f3ra spiek\u0142a mu si\u0119 tak strasznie, \u017ce a\u017c odchodzi\u0142a. Trzeba by\u0142o dzia\u0142a\u0107 szybko. W Chorwacji bardzo popularna jest kocanka (helichrysum). Zmiesza\u0142am wi\u0119c olejek z kocanek w\u0142oskich z \u017celem aloesowym &#8211; i to pomog\u0142o! A po powrocie do Polski zrobi\u0142am prototyp balsamu. Doda\u0142am do niego dodatkowe olejki zmi\u0119kczaj\u0105ce i regeneruj\u0105ce sk\u00f3r\u0119, by dzia\u0142a\u0142 jeszcze skuteczniej. \u00a0\u00a0<\/em><\/p>\n<p><em>Ten balsam <strong>jest \u015bwietny wsz\u0119dzie tam, gdzie sk\u00f3ra jest podra\u017cniona i potrzebuje regeneracji<\/strong>. \u0141\u0105czy moc aloesu i koj\u0105cych olejk\u00f3w eterycznych, tradycyjnie stosowanych na po\u0142udniu Europy przy poparzeniach i wszelkiego rodzaju podra\u017cnieniach sk\u00f3ry.<\/em><\/p>\n<p>&nbsp;<\/p>\n<h3><b><span data-contrast=\"auto\">Co znajdziesz w \u015brodku Balsamu Naprawczego?<\/span><\/b><span data-ccp-props=\"{&quot;201341983&quot;:0,&quot;335551550&quot;:1,&quot;335551620&quot;:1,&quot;335559740&quot;:276}\">\u00a0<\/span><\/h3>\n<p><span data-contrast=\"auto\">Nasz Balsam Naprawczy jest specjalnie sformu\u0142owany, aby pomaga\u0107 sk\u00f3rze zniszczonej, suchej i mocno podra\u017cnionej. A to wszystko dzi\u0119ki aktywnym sk\u0142adnikom ro\u015blinnym:<\/span><span data-ccp-props=\"{&quot;201341983&quot;:0,&quot;335551550&quot;:1,&quot;335551620&quot;:1,&quot;335559740&quot;:276}\">\u00a0<\/span><span data-ccp-props=\"{&quot;201341983&quot;:0,&quot;335551550&quot;:1,&quot;335551620&quot;:1,&quot;335559740&quot;:276}\">\u00a0<\/span><\/p>\n<ul>\n<li data-leveltext=\"\uf0b7\" data-font=\"Symbol\" data-listid=\"171\" data-list-defn-props=\"{&quot;335552541&quot;:1,&quot;335559684&quot;:-2,&quot;335559685&quot;:720,&quot;335559991&quot;:360,&quot;469769226&quot;:&quot;Symbol&quot;,&quot;469769242&quot;:[8226],&quot;469777803&quot;:&quot;left&quot;,&quot;469777804&quot;:&quot;\uf0b7&quot;,&quot;469777815&quot;:&quot;hybridMultilevel&quot;}\" data-aria-posinset=\"1\" data-aria-level=\"1\"><b><span data-contrast=\"auto\">Aloes<\/span><\/b><span data-contrast=\"auto\">: ro\u015blina o silnych w\u0142a\u015bciwo\u015bciach nawil\u017caj\u0105cych i \u0142agodz\u0105cych, pomaga w gojeniu sk\u00f3ry i zmniejsza stany zapalne.<\/span><span data-ccp-props=\"{&quot;201341983&quot;:0,&quot;335551550&quot;:1,&quot;335551620&quot;:1,&quot;335559740&quot;:276}\">\u00a0<\/span><\/li>\n<li data-leveltext=\"\uf0b7\" data-font=\"Symbol\" data-listid=\"171\" data-list-defn-props=\"{&quot;335552541&quot;:1,&quot;335559684&quot;:-2,&quot;335559685&quot;:720,&quot;335559991&quot;:360,&quot;469769226&quot;:&quot;Symbol&quot;,&quot;469769242&quot;:[8226],&quot;469777803&quot;:&quot;left&quot;,&quot;469777804&quot;:&quot;\uf0b7&quot;,&quot;469777815&quot;:&quot;hybridMultilevel&quot;}\" data-aria-posinset=\"1\" data-aria-level=\"1\"><b><span data-contrast=\"auto\">Panthenol<\/span><\/b><span data-contrast=\"auto\">: sk\u0142adnik aktywny o w\u0142a\u015bciwo\u015bciach nawil\u017caj\u0105cych i \u0142agodz\u0105cych, pomaga w regeneracji sk\u00f3ry i zapobiega przesuszaniu. <\/span><span data-ccp-props=\"{&quot;201341983&quot;:0,&quot;335551550&quot;:1,&quot;335551620&quot;:1,&quot;335559740&quot;:276}\">\u00a0<\/span><\/li>\n<li data-leveltext=\"\uf0b7\" data-font=\"Symbol\" data-listid=\"171\" data-list-defn-props=\"{&quot;335552541&quot;:1,&quot;335559684&quot;:-2,&quot;335559685&quot;:720,&quot;335559991&quot;:360,&quot;469769226&quot;:&quot;Symbol&quot;,&quot;469769242&quot;:[8226],&quot;469777803&quot;:&quot;left&quot;,&quot;469777804&quot;:&quot;\uf0b7&quot;,&quot;469777815&quot;:&quot;hybridMultilevel&quot;}\" data-aria-posinset=\"1\" data-aria-level=\"1\"><b><span data-contrast=\"auto\">Olejek lawendow<\/span><\/b><span data-contrast=\"auto\">y: olejek eteryczny o dzia\u0142aniu przeciwzapalnym i \u0142agodz\u0105cym, pomaga w gojeniu ran i zmniejsza podra\u017cnienia.<\/span><span data-ccp-props=\"{&quot;201341983&quot;:0,&quot;335551550&quot;:1,&quot;335551620&quot;:1,&quot;335559740&quot;:276}\">\u00a0<\/span><\/li>\n<li data-leveltext=\"\uf0b7\" data-font=\"Symbol\" data-listid=\"171\" data-list-defn-props=\"{&quot;335552541&quot;:1,&quot;335559684&quot;:-2,&quot;335559685&quot;:720,&quot;335559991&quot;:360,&quot;469769226&quot;:&quot;Symbol&quot;,&quot;469769242&quot;:[8226],&quot;469777803&quot;:&quot;left&quot;,&quot;469777804&quot;:&quot;\uf0b7&quot;,&quot;469777815&quot;:&quot;hybridMultilevel&quot;}\" data-aria-posinset=\"1\" data-aria-level=\"1\"><b><span data-contrast=\"auto\">Olejek copaiba<\/span><\/b><span data-contrast=\"auto\">: olejek o dzia\u0142aniu przeciwzapalnym i antybakteryjnym, u\u015bmierza b\u00f3l i dyskomfort napi\u0119tej sk\u00f3ry.<\/span><span data-ccp-props=\"{&quot;201341983&quot;:0,&quot;335551550&quot;:1,&quot;335551620&quot;:1,&quot;335559740&quot;:276}\">\u00a0<\/span><\/li>\n<li data-leveltext=\"\uf0b7\" data-font=\"Symbol\" data-listid=\"171\" data-list-defn-props=\"{&quot;335552541&quot;:1,&quot;335559684&quot;:-2,&quot;335559685&quot;:720,&quot;335559991&quot;:360,&quot;469769226&quot;:&quot;Symbol&quot;,&quot;469769242&quot;:[8226],&quot;469777803&quot;:&quot;left&quot;,&quot;469777804&quot;:&quot;\uf0b7&quot;,&quot;469777815&quot;:&quot;hybridMultilevel&quot;}\" data-aria-posinset=\"1\" data-aria-level=\"1\"><b><span data-contrast=\"auto\">Olejek z kocanek w\u0142oskich<\/span><\/b><span data-contrast=\"auto\">: olejek o dzia\u0142aniu <\/span><span data-contrast=\"auto\">przyspieszaj\u0105cym regeneracj\u0119 sk\u00f3ry, stymuluje tkanki do szybszej regeneracji, przyspiesza gojenie, zadzia\u0142a przeciwzapalnie i\u00a0koj\u0105co.<\/span><span data-ccp-props=\"{&quot;201341983&quot;:0,&quot;335551550&quot;:1,&quot;335551620&quot;:1,&quot;335559740&quot;:276}\">\u00a0<\/span><\/li>\n<li data-leveltext=\"\uf0b7\" data-font=\"Symbol\" data-listid=\"171\" data-list-defn-props=\"{&quot;335552541&quot;:1,&quot;335559684&quot;:-2,&quot;335559685&quot;:720,&quot;335559991&quot;:360,&quot;469769226&quot;:&quot;Symbol&quot;,&quot;469769242&quot;:[8226],&quot;469777803&quot;:&quot;left&quot;,&quot;469777804&quot;:&quot;\uf0b7&quot;,&quot;469777815&quot;:&quot;hybridMultilevel&quot;}\" data-aria-posinset=\"1\" data-aria-level=\"1\"><b><span data-contrast=\"auto\">Olejek z kadzid\u0142owca<\/span><\/b><span data-contrast=\"auto\">: olejek o dzia\u0142aniu przeciwzapalnym i przyspieszaj\u0105cym gojenie sk\u00f3ry (podobno nawet Kleopatra u\u017cywa\u0142a olejku z kadzid\u0142owca i geranium dla pi\u0119kniejszej cery!).<\/span><span data-ccp-props=\"{&quot;201341983&quot;:0,&quot;335551550&quot;:1,&quot;335551620&quot;:1,&quot;335559740&quot;:276}\">\u00a0<\/span><\/li>\n<li data-leveltext=\"\uf0b7\" data-font=\"Symbol\" data-listid=\"171\" data-list-defn-props=\"{&quot;335552541&quot;:1,&quot;335559684&quot;:-2,&quot;335559685&quot;:720,&quot;335559991&quot;:360,&quot;469769226&quot;:&quot;Symbol&quot;,&quot;469769242&quot;:[8226],&quot;469777803&quot;:&quot;left&quot;,&quot;469777804&quot;:&quot;\uf0b7&quot;,&quot;469777815&quot;:&quot;hybridMultilevel&quot;}\" data-aria-posinset=\"1\" data-aria-level=\"1\"><b><span data-contrast=\"auto\">Olejek rumiankowy<\/span><\/b><span data-contrast=\"auto\">: olejek o silnym dzia\u0142aniu \u0142agodz\u0105cym i przeciwzapalnym.<\/span><span data-ccp-props=\"{&quot;201341983&quot;:0,&quot;335551550&quot;:1,&quot;335551620&quot;:1,&quot;335559740&quot;:276}\">\u00a0<\/span><\/li>\n<\/ul>\n<p>&nbsp;<\/p>\n<h3><b><span data-contrast=\"auto\">Kiedy si\u0119gn\u0105\u0107 po Balsam Naprawczy?<\/span><\/b><span data-ccp-props=\"{&quot;201341983&quot;:0,&quot;335551550&quot;:1,&quot;335551620&quot;:1,&quot;335559740&quot;:276}\">\u00a0<\/span><\/h3>\n<p><span data-contrast=\"auto\">To<strong> jeden kosmetyk, kt\u00f3ry odpowie na potrzeby ca\u0142ej Rodziny<\/strong>!<\/span><\/p>\n<p><span data-contrast=\"auto\">Warto mie\u0107 go zawsze pod r\u0119k\u0105, by m\u00f3c szybko poradzi\u0107 sobie z nag\u0142ymi przygodami ze sk\u00f3r\u0105. U\u017cywany jak plaster przy nag\u0142ych zdarzeniach, sprawdza si\u0119 na medal w nieprzewidzianych sytuacjach <strong>w domu i w podr\u00f3\u017cy<\/strong> (skaleczenia, oparzenia, otarcia, sucho\u015b\u0107 sk\u00f3ry, dyskomfort).<\/span><span data-contrast=\"auto\"> Ale r\u00f3wnie skuteczny jest <strong>w\u00a0codziennej piel\u0119gnacji<\/strong> sk\u00f3ry. <\/span><span data-ccp-props=\"{&quot;201341983&quot;:0,&quot;335551550&quot;:1,&quot;335551620&quot;:1,&quot;335559685&quot;:0,&quot;335559740&quot;:276}\">\u00a0<\/span><\/p>\n<p><span data-contrast=\"auto\">Oto kilka inspiracji, jak z niego korzysta\u0107:<\/span><span data-ccp-props=\"{&quot;201341983&quot;:0,&quot;335551550&quot;:1,&quot;335551620&quot;:1,&quot;335559740&quot;:276}\">\u00a0<\/span><\/p>\n<ul>\n<li><span data-ccp-props=\"{&quot;201341983&quot;:0,&quot;335551550&quot;:1,&quot;335551620&quot;:1,&quot;335559740&quot;:276}\">\u00a0<\/span><b><span data-contrast=\"auto\">W codziennej<\/span><\/b><strong> piel\u0119gnacji<\/strong>: <span data-contrast=\"auto\">Balsam Naprawczy to doskona\u0142y wyb\u00f3r dla os\u00f3b o cerze wra\u017cliwej i sk\u0142onnej do alergii. Jego delikatny sk\u0142ad i naturalne sk\u0142adniki sprawiaj\u0105, \u017ce nie podra\u017cnia sk\u00f3ry i jest bezpieczny nawet dla najbardziej wra\u017cliwych typ\u00f3w sk\u00f3ry. Mo\u017cesz go stosowa\u0107 jako krem do twarzy, do r\u0105k, do piel\u0119gnacji w\u0142os\u00f3w i jako balsam do cia\u0142a.<\/span><span data-ccp-props=\"{&quot;201341983&quot;:0,&quot;335551550&quot;:1,&quot;335551620&quot;:1,&quot;335559740&quot;:276}\">\u00a0<\/span><\/li>\n<li><span data-ccp-props=\"{&quot;201341983&quot;:0,&quot;335551550&quot;:1,&quot;335551620&quot;:1,&quot;335559740&quot;:276}\">\u00a0<\/span><span data-contrast=\"auto\">Stosowany jako lekki, niepozostawiaj\u0105cy t\u0142ustego filmu krem do twarzy na dzie\u0144, rewitalizuje i <strong>chroni przed <\/strong><\/span><b><span data-contrast=\"auto\">wysuszaj\u0105cym dzia\u0142aniem ogrzewania i klimatyzacji <\/span><\/b><span data-contrast=\"auto\">w samolocie, w samochodzie i w pracy.<\/span><span data-ccp-props=\"{&quot;201341983&quot;:0,&quot;335551550&quot;:1,&quot;335551620&quot;:1,&quot;335559740&quot;:276}\">\u00a0<\/span><\/li>\n<li><span data-ccp-props=\"{&quot;201341983&quot;:0,&quot;335551550&quot;:1,&quot;335551620&quot;:1,&quot;335559740&quot;:276}\">\u00a0<\/span><b><span data-contrast=\"auto\">Po depilacji i\u00a0na otarcia<\/span><\/b><span data-contrast=\"auto\">: Balsam z\u0142agodzi i nawil\u017cy sk\u00f3r\u0119, <\/span><span data-contrast=\"auto\">gdy zn\u00f3w mia\u0142a\u015b za ma\u0142o czasu na dok\u0142adn\u0105 depilacj\u0119 lub cierpisz przez otarcia wewn\u0119trznej strony ud i ramion. Po depilacji, kiedy sk\u00f3ra jest delikatna i podatna na podra\u017cnienia, pomaga zapobiega\u0107 powstawaniu stan\u00f3w zapalnych.<\/span><span data-ccp-props=\"{&quot;201341983&quot;:0,&quot;335551550&quot;:1,&quot;335551620&quot;:1,&quot;335559685&quot;:0,&quot;335559740&quot;:276}\">\u00a0<\/span><\/li>\n<li><span data-ccp-props=\"{&quot;201341983&quot;:0,&quot;335551550&quot;:1,&quot;335551620&quot;:1,&quot;335559740&quot;:276}\">\u00a0<\/span><b><span data-contrast=\"auto\">Po opalaniu:<\/span><\/b><span data-contrast=\"auto\"> G<\/span><span data-contrast=\"auto\">dy s\u0142o\u0144ce na wakacjach lub feriach zaskoczy\u0142o Ci\u0119 swoj\u0105 moc\u0105, a dzieciaki odm\u00f3wi\u0142y kremu z filtrem. <\/span><span data-contrast=\"auto\">Aloes jest znany ze swoich w\u0142a\u015bciwo\u015bci\u00a0ch\u0142odz\u0105cych, a panthenol \u0142agodzi podra\u017cnienia, dlatego balsam jest niezast\u0105piony po d\u0142ugim dniu sp\u0119dzonym na s\u0142o\u0144cu. <\/span><span data-contrast=\"auto\">\u00a0\u00a0<\/span><span data-ccp-props=\"{&quot;201341983&quot;:0,&quot;335551550&quot;:1,&quot;335551620&quot;:1,&quot;335559740&quot;:276}\">\u00a0<\/span><\/li>\n<li><span data-ccp-props=\"{&quot;201341983&quot;:0,&quot;335551550&quot;:1,&quot;335551620&quot;:1,&quot;335559740&quot;:276}\">\u00a0<\/span><b><span data-contrast=\"auto\">Dla m\u0119\u017cczyzny:<\/span><\/b><span data-contrast=\"auto\"> Balsam Naprawczy <\/span><span data-contrast=\"auto\">przyspiesza gojenie drobnych ran, otar\u0107 i skalecze\u0144. Przyda si\u0119 po goleniu, w podr\u00f3\u017cy, po majsterkowaniu i wsz\u0119dzie tam, gdzie m\u0119ska sk\u00f3ra potrzebuje dodatkowego wsparcia. <\/span><span data-ccp-props=\"{&quot;201341983&quot;:0,&quot;335551550&quot;:1,&quot;335551620&quot;:1,&quot;335559740&quot;:276}\">\u00a0<\/span><\/li>\n<li><span data-ccp-props=\"{&quot;201341983&quot;:0,&quot;335551550&quot;:1,&quot;335551620&quot;:1,&quot;335559740&quot;:276}\">\u00a0<\/span><span data-contrast=\"auto\">Przy suchych i <strong>spierzchni\u0119tych ustach<\/strong>: Balsam z aloesem nawil\u017ca i pomaga regenerowa\u0107 such\u0105 i spierzchni\u0119t\u0105 sk\u00f3r\u0119, dlatego mo\u017ce by\u0107 przydatny w piel\u0119gnacji ust. <\/span> <span data-ccp-props=\"{&quot;201341983&quot;:0,&quot;335551550&quot;:1,&quot;335551620&quot;:1,&quot;335559740&quot;:276}\">\u00a0<\/span><\/li>\n<li><b><span data-contrast=\"auto\">W podr\u00f3\u017cy: <\/span><\/b><span data-contrast=\"auto\">n<\/span><span data-contrast=\"auto\">iezale\u017cnie od tego, czy wyruszasz na samotn\u0105 wypraw\u0119, urlop w kurorcie czy pod namiot z rodzin\u0105, ten jeden kosmetyk zast\u0105pi wszystkie inne w podr\u00f3\u017cy (\u017cegnaj, wypchana kosmetyczko!).<\/span><span data-ccp-props=\"{&quot;201341983&quot;:0,&quot;335551550&quot;:1,&quot;335551620&quot;:1,&quot;335559740&quot;:276}\"> Stosuj go jako krem do twarzy, serum do przesuszonych w\u0142os\u00f3w, balsam po opalaniu czy krem po depilacji.<\/span><\/li>\n<\/ul>\n<p><span data-ccp-props=\"{&quot;201341983&quot;:0,&quot;335551550&quot;:1,&quot;335551620&quot;:1,&quot;335559740&quot;:276}\">\u00a0Nie mamy w\u0105tpliwo\u015bci<\/span>, \u017ce znajdziesz dla niego znacznie wi\u0119cej ciekawych zastosowa\u0144! Je\u015bli tak si\u0119 zdarzy, koniecznie daj nam zna\u0107.<\/p>\n<p>Sprawd\u017a te\u017c inne <a href=\"https:\/\/klaudynahebda.pl\/sklep\/kosmetyki-naturalne\/\" target=\"_blank\" rel=\"noopener\">kosmetyki K. Hebda<\/a>!<\/p>\n<p>&nbsp;<\/p>\n<div style=\"text-align: center;\"><iframe loading=\"lazy\" title=\"YouTube video player\" src=\"https:\/\/www.youtube.com\/embed\/92O7mTe-4ds?rel=0\" width=\"315\" height=\"560\" frameborder=\"0\" allowfullscreen=\"allowfullscreen\"><span data-mce-type=\"bookmark\" style=\"display: inline-block; width: 0px; overflow: hidden; line-height: 0;\" class=\"mce_SELRES_start\">\ufeff<\/span><\/iframe><\/div>\n","protected":false},"excerpt":{"rendered":"<h2><span data-contrast=\"auto\">Balsam Naprawczy to: <\/span><\/h2>\n<ul>\n<li><span data-contrast=\"auto\">wielofunkcyjny kosmetyk dla ca\u0142ej rodziny, kt\u00f3ry pomaga naprawi\u0107 <\/span><b><span data-contrast=\"auto\">sk\u00f3r\u0119 such\u0105, zniszczon\u0105, podra\u017cnion\u0105;<\/span><\/b><\/li>\n<li><span data-contrast=\"auto\">synergia koj\u0105cych sk\u0142adnik\u00f3w, takich jak panthenol i olejek lawendowy, kt\u00f3re s\u0105 skuteczne w nawil\u017caniu i \u0142agodzeniu podra\u017cnie\u0144 sk\u00f3ry, oraz olejki copaiba i z kocanek w\u0142oskich, kt\u00f3re wspieraj\u0105 proces gojenia;<\/span><\/li>\n<li><span data-contrast=\"auto\">aloes, kt\u00f3ry znany jest z w\u0142a\u015bciwo\u015bci nawil\u017caj\u0105cych i regeneruj\u0105cych. To g\u0142\u00f3wny sk\u0142adnik balsamu, dzi\u0119ki kt\u00f3remu sk\u00f3ra po jego zastosowaniu staje si\u0119 g\u0142adka i elastyczna;<\/span><\/li>\n<li><span data-contrast=\"auto\">ulubieniec piel\u0119gnacyjnych minimalistek i minimalist\u00f3w \u2014 ten gagatek ma <strong>mn\u00f3stwo zastosowa\u0144!<\/strong> Mo\u017cesz go aplikowa\u0107 punktowo, na twarz i szyj\u0119, a tak\u017ce na ca\u0142e cia\u0142o;<\/span><\/li>\n<li><span data-contrast=\"auto\">pomocnik w od\u017cywieniu sk\u00f3ry i sprawieniu, by wygl\u0105da\u0142a zdrowo i promiennie;<\/span><\/li>\n<li>lekka, delikatna i niewyczuwalna konsystencja o ob\u0142\u0119dnym zapachu.<\/li>\n<\/ul>\n<p><strong>Zaufaj naturalnym sk\u0142adnikom i ciesz si\u0119 pi\u0119kn\u0105, zdrow\u0105 sk\u00f3r\u0105!\u00a0<\/strong><\/p>\n","protected":false},"featured_media":3315247,"comment_status":"open","ping_status":"closed","template":"","meta":[],"product_cat":[246,130,47,209,157],"product_tag":[],"acf":[],"yoast_head":"<!-- This site is optimized with the Yoast SEO plugin v19.6.1 - https:\/\/yoast.com\/wordpress\/plugins\/seo\/ -->\n<title>Balsam Naprawczy [30 - 100 ml] - Klaudyna Hebda Nature<\/title>\n<meta name=\"description\" content=\"Balsam Naprawczy to wielofunkcyjny, naturalny kosmetyk, kt\u00f3ry pomaga naprawi\u0107 sk\u00f3r\u0119 such\u0105, zniszczon\u0105, podra\u017cnion\u0105. Zawiera panthenol, aloes i olejek lawendowy, kt\u00f3re nawil\u017caj\u0105 i \u0142agodz\u0105 podra\u017cnienia oraz olejki copaiba i z kocanek w\u0142oskich, kt\u00f3re wspieraj\u0105 proces gojenia.\" \/>\n<meta name=\"robots\" content=\"index, follow, max-snippet:-1, max-image-preview:large, max-video-preview:-1\" \/>\n<link rel=\"canonical\" href=\"https:\/\/klaudynahebda.pl\/sklep\/balsam-naprawczy\/\" \/>\n<meta property=\"og:locale\" content=\"pl_PL\" \/>\n<meta property=\"og:type\" content=\"article\" \/>\n<meta property=\"og:title\" content=\"Balsam Naprawczy [30 - 100 ml] - Klaudyna Hebda Nature\" \/>\n<meta property=\"og:description\" content=\"Balsam Naprawczy to wielofunkcyjny, naturalny kosmetyk, kt\u00f3ry pomaga naprawi\u0107 sk\u00f3r\u0119 such\u0105, zniszczon\u0105, podra\u017cnion\u0105. Zawiera panthenol, aloes i olejek lawendowy, kt\u00f3re nawil\u017caj\u0105 i \u0142agodz\u0105 podra\u017cnienia oraz olejki copaiba i z kocanek w\u0142oskich, kt\u00f3re wspieraj\u0105 proces gojenia.\" \/>\n<meta property=\"og:url\" content=\"https:\/\/klaudynahebda.pl\/sklep\/balsam-naprawczy\/\" \/>\n<meta property=\"og:site_name\" content=\"Klaudyna Hebda Nature\" \/>\n<meta property=\"article:modified_time\" content=\"2026-04-23T09:04:27+00:00\" \/>\n<meta property=\"og:image\" content=\"https:\/\/klaudynahebda.pl\/sklep\/wp-content\/uploads\/2023\/01\/Balsam-Naprawczy.jpg\" \/>\n\t<meta property=\"og:image:width\" content=\"1932\" \/>\n\t<meta property=\"og:image:height\" content=\"1932\" \/>\n\t<meta property=\"og:image:type\" content=\"image\/jpeg\" \/>\n<meta name=\"twitter:card\" content=\"summary_large_image\" \/>\n<meta name=\"twitter:label1\" content=\"Szacowany czas czytania\" \/>\n\t<meta name=\"twitter:data1\" content=\"4 minuty\" \/>\n<script type=\"application\/ld+json\" class=\"yoast-schema-graph\">{\"@context\":\"https:\/\/schema.org\",\"@graph\":[{\"@type\":\"WebPage\",\"@id\":\"https:\/\/klaudynahebda.pl\/sklep\/balsam-naprawczy\/\",\"url\":\"https:\/\/klaudynahebda.pl\/sklep\/balsam-naprawczy\/\",\"name\":\"Balsam Naprawczy [30 - 100 ml] - Klaudyna Hebda Nature\",\"isPartOf\":{\"@id\":\"https:\/\/klaudynahebda.pl\/sklep\/#website\"},\"datePublished\":\"2023-01-18T12:58:07+00:00\",\"dateModified\":\"2026-04-23T09:04:27+00:00\",\"description\":\"Balsam Naprawczy to wielofunkcyjny, naturalny kosmetyk, kt\u00f3ry pomaga naprawi\u0107 sk\u00f3r\u0119 such\u0105, zniszczon\u0105, podra\u017cnion\u0105. Zawiera panthenol, aloes i olejek lawendowy, kt\u00f3re nawil\u017caj\u0105 i \u0142agodz\u0105 podra\u017cnienia oraz olejki copaiba i z kocanek w\u0142oskich, kt\u00f3re wspieraj\u0105 proces gojenia.\",\"breadcrumb\":{\"@id\":\"https:\/\/klaudynahebda.pl\/sklep\/balsam-naprawczy\/#breadcrumb\"},\"inLanguage\":\"pl-PL\",\"potentialAction\":[{\"@type\":\"ReadAction\",\"target\":[\"https:\/\/klaudynahebda.pl\/sklep\/balsam-naprawczy\/\"]}]},{\"@type\":\"BreadcrumbList\",\"@id\":\"https:\/\/klaudynahebda.pl\/sklep\/balsam-naprawczy\/#breadcrumb\",\"itemListElement\":[{\"@type\":\"ListItem\",\"position\":1,\"name\":\"Strona g\u0142\u00f3wna\",\"item\":\"https:\/\/klaudynahebda.pl\/sklep\/\"},{\"@type\":\"ListItem\",\"position\":2,\"name\":\"Sklep\",\"item\":\"https:\/\/klaudynahebda.pl\/sklep\/sklep\/\"},{\"@type\":\"ListItem\",\"position\":3,\"name\":\"Kosmetyki naturalne\",\"item\":\"https:\/\/klaudynahebda.pl\/sklep\/kosmetyki-naturalne\/\"},{\"@type\":\"ListItem\",\"position\":4,\"name\":\"Balsam Naprawczy [30 &#8211; 100 ml]\"}]},{\"@type\":\"WebSite\",\"@id\":\"https:\/\/klaudynahebda.pl\/sklep\/#website\",\"url\":\"https:\/\/klaudynahebda.pl\/sklep\/\",\"name\":\"Klaudyna Hebda Nature\",\"description\":\"Sklep\",\"publisher\":{\"@id\":\"https:\/\/klaudynahebda.pl\/sklep\/#organization\"},\"potentialAction\":[{\"@type\":\"SearchAction\",\"target\":{\"@type\":\"EntryPoint\",\"urlTemplate\":\"https:\/\/klaudynahebda.pl\/sklep\/?s={search_term_string}\"},\"query-input\":\"required name=search_term_string\"}],\"inLanguage\":\"pl-PL\"},{\"@type\":\"Organization\",\"@id\":\"https:\/\/klaudynahebda.pl\/sklep\/#organization\",\"name\":\"KlaudynaHebda\",\"url\":\"https:\/\/klaudynahebda.pl\/sklep\/\",\"sameAs\":[],\"logo\":{\"@type\":\"ImageObject\",\"inLanguage\":\"pl-PL\",\"@id\":\"https:\/\/klaudynahebda.pl\/sklep\/#\/schema\/logo\/image\/\",\"url\":\"\",\"contentUrl\":\"\",\"caption\":\"KlaudynaHebda\"},\"image\":{\"@id\":\"https:\/\/klaudynahebda.pl\/sklep\/#\/schema\/logo\/image\/\"}}]}<\/script>\n<!-- \/ Yoast SEO plugin. -->","yoast_head_json":{"title":"Balsam Naprawczy [30 - 100 ml] - Klaudyna Hebda Nature","description":"Balsam Naprawczy to wielofunkcyjny, naturalny kosmetyk, kt\u00f3ry pomaga naprawi\u0107 sk\u00f3r\u0119 such\u0105, zniszczon\u0105, podra\u017cnion\u0105. Zawiera panthenol, aloes i olejek lawendowy, kt\u00f3re nawil\u017caj\u0105 i \u0142agodz\u0105 podra\u017cnienia oraz olejki copaiba i z kocanek w\u0142oskich, kt\u00f3re wspieraj\u0105 proces gojenia.","robots":{"index":"index","follow":"follow","max-snippet":"max-snippet:-1","max-image-preview":"max-image-preview:large","max-video-preview":"max-video-preview:-1"},"canonical":"https:\/\/klaudynahebda.pl\/sklep\/balsam-naprawczy\/","og_locale":"pl_PL","og_type":"article","og_title":"Balsam Naprawczy [30 - 100 ml] - Klaudyna Hebda Nature","og_description":"Balsam Naprawczy to wielofunkcyjny, naturalny kosmetyk, kt\u00f3ry pomaga naprawi\u0107 sk\u00f3r\u0119 such\u0105, zniszczon\u0105, podra\u017cnion\u0105. Zawiera panthenol, aloes i olejek lawendowy, kt\u00f3re nawil\u017caj\u0105 i \u0142agodz\u0105 podra\u017cnienia oraz olejki copaiba i z kocanek w\u0142oskich, kt\u00f3re wspieraj\u0105 proces gojenia.","og_url":"https:\/\/klaudynahebda.pl\/sklep\/balsam-naprawczy\/","og_site_name":"Klaudyna Hebda Nature","article_modified_time":"2026-04-23T09:04:27+00:00","og_image":[{"width":1932,"height":1932,"url":"https:\/\/klaudynahebda.pl\/sklep\/wp-content\/uploads\/2023\/01\/Balsam-Naprawczy.jpg","type":"image\/jpeg"}],"twitter_card":"summary_large_image","twitter_misc":{"Szacowany czas czytania":"4 minuty"},"schema":{"@context":"https:\/\/schema.org","@graph":[{"@type":"WebPage","@id":"https:\/\/klaudynahebda.pl\/sklep\/balsam-naprawczy\/","url":"https:\/\/klaudynahebda.pl\/sklep\/balsam-naprawczy\/","name":"Balsam Naprawczy [30 - 100 ml] - Klaudyna Hebda Nature","isPartOf":{"@id":"https:\/\/klaudynahebda.pl\/sklep\/#website"},"datePublished":"2023-01-18T12:58:07+00:00","dateModified":"2026-04-23T09:04:27+00:00","description":"Balsam Naprawczy to wielofunkcyjny, naturalny kosmetyk, kt\u00f3ry pomaga naprawi\u0107 sk\u00f3r\u0119 such\u0105, zniszczon\u0105, podra\u017cnion\u0105. Zawiera panthenol, aloes i olejek lawendowy, kt\u00f3re nawil\u017caj\u0105 i \u0142agodz\u0105 podra\u017cnienia oraz olejki copaiba i z kocanek w\u0142oskich, kt\u00f3re wspieraj\u0105 proces gojenia.","breadcrumb":{"@id":"https:\/\/klaudynahebda.pl\/sklep\/balsam-naprawczy\/#breadcrumb"},"inLanguage":"pl-PL","potentialAction":[{"@type":"ReadAction","target":["https:\/\/klaudynahebda.pl\/sklep\/balsam-naprawczy\/"]}]},{"@type":"BreadcrumbList","@id":"https:\/\/klaudynahebda.pl\/sklep\/balsam-naprawczy\/#breadcrumb","itemListElement":[{"@type":"ListItem","position":1,"name":"Strona g\u0142\u00f3wna","item":"https:\/\/klaudynahebda.pl\/sklep\/"},{"@type":"ListItem","position":2,"name":"Sklep","item":"https:\/\/klaudynahebda.pl\/sklep\/sklep\/"},{"@type":"ListItem","position":3,"name":"Kosmetyki naturalne","item":"https:\/\/klaudynahebda.pl\/sklep\/kosmetyki-naturalne\/"},{"@type":"ListItem","position":4,"name":"Balsam Naprawczy [30 &#8211; 100 ml]"}]},{"@type":"WebSite","@id":"https:\/\/klaudynahebda.pl\/sklep\/#website","url":"https:\/\/klaudynahebda.pl\/sklep\/","name":"Klaudyna Hebda Nature","description":"Sklep","publisher":{"@id":"https:\/\/klaudynahebda.pl\/sklep\/#organization"},"potentialAction":[{"@type":"SearchAction","target":{"@type":"EntryPoint","urlTemplate":"https:\/\/klaudynahebda.pl\/sklep\/?s={search_term_string}"},"query-input":"required name=search_term_string"}],"inLanguage":"pl-PL"},{"@type":"Organization","@id":"https:\/\/klaudynahebda.pl\/sklep\/#organization","name":"KlaudynaHebda","url":"https:\/\/klaudynahebda.pl\/sklep\/","sameAs":[],"logo":{"@type":"ImageObject","inLanguage":"pl-PL","@id":"https:\/\/klaudynahebda.pl\/sklep\/#\/schema\/logo\/image\/","url":"","contentUrl":"","caption":"KlaudynaHebda"},"image":{"@id":"https:\/\/klaudynahebda.pl\/sklep\/#\/schema\/logo\/image\/"}}]}},"_links":{"self":[{"href":"https:\/\/klaudynahebda.pl\/sklep\/wp-json\/wp\/v2\/product\/1291953"}],"collection":[{"href":"https:\/\/klaudynahebda.pl\/sklep\/wp-json\/wp\/v2\/product"}],"about":[{"href":"https:\/\/klaudynahebda.pl\/sklep\/wp-json\/wp\/v2\/types\/product"}],"replies":[{"embeddable":true,"href":"https:\/\/klaudynahebda.pl\/sklep\/wp-json\/wp\/v2\/comments?post=1291953"}],"wp:featuredmedia":[{"embeddable":true,"href":"https:\/\/klaudynahebda.pl\/sklep\/wp-json\/wp\/v2\/media\/3315247"}],"wp:attachment":[{"href":"https:\/\/klaudynahebda.pl\/sklep\/wp-json\/wp\/v2\/media?parent=1291953"}],"wp:term":[{"taxonomy":"product_cat","embeddable":true,"href":"https:\/\/klaudynahebda.pl\/sklep\/wp-json\/wp\/v2\/product_cat?post=1291953"},{"taxonomy":"product_tag","embeddable":true,"href":"https:\/\/klaudynahebda.pl\/sklep\/wp-json\/wp\/v2\/product_tag?post=1291953"}],"curies":[{"name":"wp","href":"https:\/\/api.w.org\/{rel}","templated":true}]}}