{"id":11627,"date":"2018-07-03T10:29:55","date_gmt":"2018-07-03T08:29:55","guid":{"rendered":"http:\/\/klaudynahebda.pl\/sklep\/product\/olejek-kadzidlowy-frankincense-15ml\/"},"modified":"2026-04-05T21:11:59","modified_gmt":"2026-04-05T19:11:59","slug":"olejek-kadzidlowy-frankincense-15ml","status":"publish","type":"product","link":"https:\/\/klaudynahebda.pl\/sklep\/olejek-kadzidlowy-frankincense-15ml\/","title":{"rendered":"Olejek kadzid\u0142owy Frankincense (dla g\u0142\u0119bokiego relaksu)"},"content":{"rendered":"<p>Najbardziej znany olejek kadzidlany (Frankincense\/Olibanum). Je\u015bli czyta\u0142a\u015b\/czyta\u0142e\u015b o cudownych w\u0142a\u015bciwo\u015bciach tego olejku, to by\u0142 to prawdopodobnie w\u0142a\u015bnie olejek z Boswelii carterii! Olejek Frankincense jest u nas dost\u0119pny tak\u017ce w mniejszej pojemno\u015bci &#8211; <a href=\"https:\/\/klaudynahebda.pl\/sklep\/olejek-kadzidlowy-frankincense-maly\/\">olejek Frankincense 5 ml<\/a>, a tak\u017ce w wygodnej formie <a href=\"https:\/\/klaudynahebda.pl\/sklep\/roll-on-frankincense\/\">roll-onu do twarzy<\/a>.<\/p>\n<h2><b>Olejek Frankincense &#8211; zastosowanie<\/b><\/h2>\n<ul>\n<li>ju\u017c staro\u017cytni Egipcjanie wykorzystywali go do piel\u0119gnacji twarzy (podobno nawet Kleopatra u\u017cywa\u0142a olejku z kadzid\u0142owca i geranium \u2013 w\u0142a\u015bnie dla pi\u0119kniejszej cery!)<\/li>\n<li>kadzid\u0142o bardzo uspokaja i oczyszcza umys\u0142, ale jednocze\u015bnie nie usypia<\/li>\n<li>kadzidlany aromat uwalnia emocje, dlatego nie polecamy jej po trudnych prze\u017cyciach, kiedy potrzebujesz dla siebie bezpiecznej przestrzeni, a jeszcze nie jeste\u015b gotowa na zamkni\u0119cie pewnych spraw (w takich momentach lepiej wybra\u0107 ylang-ylang)<\/li>\n<li>jego ciep\u0142y zapach wywo\u0142uje uczucie ciep\u0142a, rado\u015bci, szcz\u0119\u015bcia i rado\u015bci \u2013 wystarczy jeden wdech, \u017ceby poczu\u0107 rozlu\u017anienie<\/li>\n<\/ul>\n<p>\u27a1\ufe0f Sprawd\u017a te\u017c:<\/p>\n<ul>\n<li><a href=\"https:\/\/klaudynahebda.pl\/sklep\/dyfuzor-do-aromaterapii\/\">dyfuzor bezprzewodowy<\/a>\u00a0do aromaterapii<\/li>\n<li>inne<a href=\"https:\/\/klaudynahebda.pl\/sklep\/olejki-eteryczne\/\"> olejki eteryczne<\/a> K. Hebda.<\/li>\n<\/ul>\n<h3><strong>Chcesz dowiedzie\u0107 si\u0119 wi\u0119cej? Zerknij na nasze artyku\u0142y!<\/strong><\/h3>\n<p><a href=\"https:\/\/klaudynahebda.pl\/prawdziwe-kadzidlo\/\"><b>https:\/\/klaudynahebda.pl\/prawdziwe-kadzidlo\/<\/b><\/a><b><br \/>\n<\/b><a href=\"https:\/\/klaudynahebda.pl\/ja-tez-sie-boje-czyli-o-tym-znalazlam-sie-omanie\/#\"><b>https:\/\/klaudynahebda.pl\/ja-tez-sie-boje-czyli-o-tym-znalazlam-sie-omanie\/#<\/b><\/a><b><br \/>\n<\/b><a href=\"https:\/\/klaudynahebda.pl\/olejek-kadzidlowy-nie-jest-dla-ciebie-jesli\/\"><b>https:\/\/klaudynahebda.pl\/olejek-kadzidlowy-nie-jest-dla-ciebie-jesli\/<\/b><\/a><b><br \/>\n<\/b><a href=\"https:\/\/klaudynahebda.pl\/jak-szybko-sie-uspokoic\/\"><b>https:\/\/klaudynahebda.pl\/jak-szybko-sie-uspokoic\/<\/b><\/a><b>\u00a0<\/b><\/p>\n<p>&nbsp;<\/p>\n","protected":false},"excerpt":{"rendered":"<h2>Olejek kadzid\u0142owy to:<\/h2>\n<ul>\n<li>jeden z najbardziej mistycznych olejk\u00f3w na \u015bwiecie<\/li>\n<li>prawdziwy skarb Natury &#8211; w czasach staro\u017cytnych by\u0142 r\u00f3wnie <strong>cenny jak czyste z\u0142oto<\/strong><\/li>\n<li>idealny kompan w czasie<b> jogi, relaksu albo tw\u00f3rczej pracy<\/b><\/li>\n<li>aromat, kt\u00f3ry wprowadza w<strong> stan g\u0142\u0119bokiej medytacji,<\/strong> oczyszcza umys\u0142 i wywo\u0142uje poczucie ciep\u0142a<\/li>\n<li>lekko \u017cywicowy zapach, ale z charakterystyczn\u0105, cytrusow\u0105 nut\u0105<\/li>\n<\/ul>\n<p><b>Wypr\u00f3buj jego niezwyk\u0142e dzia\u0142anie.\u00a0<\/b><\/p>\n<p style=\"text-align: left;\">\n","protected":false},"featured_media":3349515,"comment_status":"open","ping_status":"closed","template":"","meta":[],"product_cat":[130,36,66,90,118],"product_tag":[],"acf":[],"yoast_head":"<!-- This site is optimized with the Yoast SEO plugin v19.6.1 - https:\/\/yoast.com\/wordpress\/plugins\/seo\/ -->\n<title>Olejek kadzid\u0142owy Frankincense (dla g\u0142\u0119bokiego relaksu) - Klaudyna Hebda Nature<\/title>\n<meta name=\"description\" content=\"100% olejek kadzid\u0142owy o \u017cywicznym, cytrusowym aromacie. Idealny do medytacji, relaksu i tworzenia atmosfery spokoju. Wypr\u00f3buj jego niezwyk\u0142e w\u0142a\u015bciwo\u015bci!\" \/>\n<meta name=\"robots\" content=\"index, follow, max-snippet:-1, max-image-preview:large, max-video-preview:-1\" \/>\n<link rel=\"canonical\" href=\"https:\/\/klaudynahebda.pl\/sklep\/olejek-kadzidlowy-frankincense-15ml\/\" \/>\n<meta property=\"og:locale\" content=\"pl_PL\" \/>\n<meta property=\"og:type\" content=\"article\" \/>\n<meta property=\"og:title\" content=\"Olejek kadzid\u0142owy Frankincense (dla g\u0142\u0119bokiego relaksu) - Klaudyna Hebda Nature\" \/>\n<meta property=\"og:description\" content=\"100% olejek kadzid\u0142owy o \u017cywicznym, cytrusowym aromacie. Idealny do medytacji, relaksu i tworzenia atmosfery spokoju. Wypr\u00f3buj jego niezwyk\u0142e w\u0142a\u015bciwo\u015bci!\" \/>\n<meta property=\"og:url\" content=\"https:\/\/klaudynahebda.pl\/sklep\/olejek-kadzidlowy-frankincense-15ml\/\" \/>\n<meta property=\"og:site_name\" content=\"Klaudyna Hebda Nature\" \/>\n<meta property=\"article:modified_time\" content=\"2026-04-05T19:11:59+00:00\" \/>\n<meta property=\"og:image\" content=\"https:\/\/klaudynahebda.pl\/sklep\/wp-content\/uploads\/2018\/02\/olejek-frankincense-kadzidlowiec-packshot-15ml.jpg.png\" \/>\n\t<meta property=\"og:image:width\" content=\"844\" \/>\n\t<meta property=\"og:image:height\" content=\"1152\" \/>\n\t<meta property=\"og:image:type\" content=\"image\/png\" \/>\n<meta name=\"twitter:card\" content=\"summary_large_image\" \/>\n<meta name=\"twitter:label1\" content=\"Szacowany czas czytania\" \/>\n\t<meta name=\"twitter:data1\" content=\"1 minuta\" \/>\n<script type=\"application\/ld+json\" class=\"yoast-schema-graph\">{\"@context\":\"https:\/\/schema.org\",\"@graph\":[{\"@type\":\"WebPage\",\"@id\":\"https:\/\/klaudynahebda.pl\/sklep\/olejek-kadzidlowy-frankincense-15ml\/\",\"url\":\"https:\/\/klaudynahebda.pl\/sklep\/olejek-kadzidlowy-frankincense-15ml\/\",\"name\":\"Olejek kadzid\u0142owy Frankincense (dla g\u0142\u0119bokiego relaksu) - Klaudyna Hebda Nature\",\"isPartOf\":{\"@id\":\"https:\/\/klaudynahebda.pl\/sklep\/#website\"},\"datePublished\":\"2018-07-03T08:29:55+00:00\",\"dateModified\":\"2026-04-05T19:11:59+00:00\",\"description\":\"100% olejek kadzid\u0142owy o \u017cywicznym, cytrusowym aromacie. Idealny do medytacji, relaksu i tworzenia atmosfery spokoju. Wypr\u00f3buj jego niezwyk\u0142e w\u0142a\u015bciwo\u015bci!\",\"breadcrumb\":{\"@id\":\"https:\/\/klaudynahebda.pl\/sklep\/olejek-kadzidlowy-frankincense-15ml\/#breadcrumb\"},\"inLanguage\":\"pl-PL\",\"potentialAction\":[{\"@type\":\"ReadAction\",\"target\":[\"https:\/\/klaudynahebda.pl\/sklep\/olejek-kadzidlowy-frankincense-15ml\/\"]}]},{\"@type\":\"BreadcrumbList\",\"@id\":\"https:\/\/klaudynahebda.pl\/sklep\/olejek-kadzidlowy-frankincense-15ml\/#breadcrumb\",\"itemListElement\":[{\"@type\":\"ListItem\",\"position\":1,\"name\":\"Strona g\u0142\u00f3wna\",\"item\":\"https:\/\/klaudynahebda.pl\/sklep\/\"},{\"@type\":\"ListItem\",\"position\":2,\"name\":\"Sklep\",\"item\":\"https:\/\/klaudynahebda.pl\/sklep\/sklep\/\"},{\"@type\":\"ListItem\",\"position\":3,\"name\":\"Olejki eteryczne\",\"item\":\"https:\/\/klaudynahebda.pl\/sklep\/olejki-eteryczne\/\"},{\"@type\":\"ListItem\",\"position\":4,\"name\":\"Olejek kadzid\u0142owy Frankincense (dla g\u0142\u0119bokiego relaksu)\"}]},{\"@type\":\"WebSite\",\"@id\":\"https:\/\/klaudynahebda.pl\/sklep\/#website\",\"url\":\"https:\/\/klaudynahebda.pl\/sklep\/\",\"name\":\"Klaudyna Hebda Nature\",\"description\":\"Sklep\",\"publisher\":{\"@id\":\"https:\/\/klaudynahebda.pl\/sklep\/#organization\"},\"potentialAction\":[{\"@type\":\"SearchAction\",\"target\":{\"@type\":\"EntryPoint\",\"urlTemplate\":\"https:\/\/klaudynahebda.pl\/sklep\/?s={search_term_string}\"},\"query-input\":\"required name=search_term_string\"}],\"inLanguage\":\"pl-PL\"},{\"@type\":\"Organization\",\"@id\":\"https:\/\/klaudynahebda.pl\/sklep\/#organization\",\"name\":\"KlaudynaHebda\",\"url\":\"https:\/\/klaudynahebda.pl\/sklep\/\",\"sameAs\":[],\"logo\":{\"@type\":\"ImageObject\",\"inLanguage\":\"pl-PL\",\"@id\":\"https:\/\/klaudynahebda.pl\/sklep\/#\/schema\/logo\/image\/\",\"url\":\"\",\"contentUrl\":\"\",\"caption\":\"KlaudynaHebda\"},\"image\":{\"@id\":\"https:\/\/klaudynahebda.pl\/sklep\/#\/schema\/logo\/image\/\"}}]}<\/script>\n<!-- \/ Yoast SEO plugin. -->","yoast_head_json":{"title":"Olejek kadzid\u0142owy Frankincense (dla g\u0142\u0119bokiego relaksu) - Klaudyna Hebda Nature","description":"100% olejek kadzid\u0142owy o \u017cywicznym, cytrusowym aromacie. Idealny do medytacji, relaksu i tworzenia atmosfery spokoju. Wypr\u00f3buj jego niezwyk\u0142e w\u0142a\u015bciwo\u015bci!","robots":{"index":"index","follow":"follow","max-snippet":"max-snippet:-1","max-image-preview":"max-image-preview:large","max-video-preview":"max-video-preview:-1"},"canonical":"https:\/\/klaudynahebda.pl\/sklep\/olejek-kadzidlowy-frankincense-15ml\/","og_locale":"pl_PL","og_type":"article","og_title":"Olejek kadzid\u0142owy Frankincense (dla g\u0142\u0119bokiego relaksu) - Klaudyna Hebda Nature","og_description":"100% olejek kadzid\u0142owy o \u017cywicznym, cytrusowym aromacie. Idealny do medytacji, relaksu i tworzenia atmosfery spokoju. Wypr\u00f3buj jego niezwyk\u0142e w\u0142a\u015bciwo\u015bci!","og_url":"https:\/\/klaudynahebda.pl\/sklep\/olejek-kadzidlowy-frankincense-15ml\/","og_site_name":"Klaudyna Hebda Nature","article_modified_time":"2026-04-05T19:11:59+00:00","og_image":[{"width":844,"height":1152,"url":"https:\/\/klaudynahebda.pl\/sklep\/wp-content\/uploads\/2018\/02\/olejek-frankincense-kadzidlowiec-packshot-15ml.jpg.png","type":"image\/png"}],"twitter_card":"summary_large_image","twitter_misc":{"Szacowany czas czytania":"1 minuta"},"schema":{"@context":"https:\/\/schema.org","@graph":[{"@type":"WebPage","@id":"https:\/\/klaudynahebda.pl\/sklep\/olejek-kadzidlowy-frankincense-15ml\/","url":"https:\/\/klaudynahebda.pl\/sklep\/olejek-kadzidlowy-frankincense-15ml\/","name":"Olejek kadzid\u0142owy Frankincense (dla g\u0142\u0119bokiego relaksu) - Klaudyna Hebda Nature","isPartOf":{"@id":"https:\/\/klaudynahebda.pl\/sklep\/#website"},"datePublished":"2018-07-03T08:29:55+00:00","dateModified":"2026-04-05T19:11:59+00:00","description":"100% olejek kadzid\u0142owy o \u017cywicznym, cytrusowym aromacie. Idealny do medytacji, relaksu i tworzenia atmosfery spokoju. Wypr\u00f3buj jego niezwyk\u0142e w\u0142a\u015bciwo\u015bci!","breadcrumb":{"@id":"https:\/\/klaudynahebda.pl\/sklep\/olejek-kadzidlowy-frankincense-15ml\/#breadcrumb"},"inLanguage":"pl-PL","potentialAction":[{"@type":"ReadAction","target":["https:\/\/klaudynahebda.pl\/sklep\/olejek-kadzidlowy-frankincense-15ml\/"]}]},{"@type":"BreadcrumbList","@id":"https:\/\/klaudynahebda.pl\/sklep\/olejek-kadzidlowy-frankincense-15ml\/#breadcrumb","itemListElement":[{"@type":"ListItem","position":1,"name":"Strona g\u0142\u00f3wna","item":"https:\/\/klaudynahebda.pl\/sklep\/"},{"@type":"ListItem","position":2,"name":"Sklep","item":"https:\/\/klaudynahebda.pl\/sklep\/sklep\/"},{"@type":"ListItem","position":3,"name":"Olejki eteryczne","item":"https:\/\/klaudynahebda.pl\/sklep\/olejki-eteryczne\/"},{"@type":"ListItem","position":4,"name":"Olejek kadzid\u0142owy Frankincense (dla g\u0142\u0119bokiego relaksu)"}]},{"@type":"WebSite","@id":"https:\/\/klaudynahebda.pl\/sklep\/#website","url":"https:\/\/klaudynahebda.pl\/sklep\/","name":"Klaudyna Hebda Nature","description":"Sklep","publisher":{"@id":"https:\/\/klaudynahebda.pl\/sklep\/#organization"},"potentialAction":[{"@type":"SearchAction","target":{"@type":"EntryPoint","urlTemplate":"https:\/\/klaudynahebda.pl\/sklep\/?s={search_term_string}"},"query-input":"required name=search_term_string"}],"inLanguage":"pl-PL"},{"@type":"Organization","@id":"https:\/\/klaudynahebda.pl\/sklep\/#organization","name":"KlaudynaHebda","url":"https:\/\/klaudynahebda.pl\/sklep\/","sameAs":[],"logo":{"@type":"ImageObject","inLanguage":"pl-PL","@id":"https:\/\/klaudynahebda.pl\/sklep\/#\/schema\/logo\/image\/","url":"","contentUrl":"","caption":"KlaudynaHebda"},"image":{"@id":"https:\/\/klaudynahebda.pl\/sklep\/#\/schema\/logo\/image\/"}}]}},"_links":{"self":[{"href":"https:\/\/klaudynahebda.pl\/sklep\/wp-json\/wp\/v2\/product\/11627"}],"collection":[{"href":"https:\/\/klaudynahebda.pl\/sklep\/wp-json\/wp\/v2\/product"}],"about":[{"href":"https:\/\/klaudynahebda.pl\/sklep\/wp-json\/wp\/v2\/types\/product"}],"replies":[{"embeddable":true,"href":"https:\/\/klaudynahebda.pl\/sklep\/wp-json\/wp\/v2\/comments?post=11627"}],"wp:featuredmedia":[{"embeddable":true,"href":"https:\/\/klaudynahebda.pl\/sklep\/wp-json\/wp\/v2\/media\/3349515"}],"wp:attachment":[{"href":"https:\/\/klaudynahebda.pl\/sklep\/wp-json\/wp\/v2\/media?parent=11627"}],"wp:term":[{"taxonomy":"product_cat","embeddable":true,"href":"https:\/\/klaudynahebda.pl\/sklep\/wp-json\/wp\/v2\/product_cat?post=11627"},{"taxonomy":"product_tag","embeddable":true,"href":"https:\/\/klaudynahebda.pl\/sklep\/wp-json\/wp\/v2\/product_tag?post=11627"}],"curies":[{"name":"wp","href":"https:\/\/api.w.org\/{rel}","templated":true}]}}