{"id":112557,"date":"2020-11-17T15:41:00","date_gmt":"2020-11-17T14:41:00","guid":{"rendered":"https:\/\/klaudynahebda.pl\/sklep\/?post_type=product&#038;p=112557"},"modified":"2026-04-19T10:10:52","modified_gmt":"2026-04-19T08:10:52","slug":"olejek-z-zielonej-mandarynki","status":"publish","type":"product","link":"https:\/\/klaudynahebda.pl\/sklep\/olejek-z-zielonej-mandarynki\/","title":{"rendered":"Olejek z zielonej mandarynki"},"content":{"rendered":"<h2>100% olejek z zielonej mandarynki: jak pachnie i komu si\u0119 spodoba?<\/h2>\n<p><strong>Olejek eteryczny z zielonej mandarynki<\/strong> jest t\u0142oczony na zimno ze sk\u00f3rki niedojrza\u0142ych zielonych owoc\u00f3w, mimo to nie jest tak kwa\u015bny, jak inne cytrusy. Ma pi\u0119knie ostry i \u015bwie\u017cy, ale te\u017c lekko gorzki aromat cytrusowy z delikatnym, kwiatowym akcentem.<\/p>\n<p>Rzadko spotykany, bardzo specyficzny. Je\u015bli lubisz tradycyjne, s\u0142odkie aromaty, mo\u017ce nie by\u0107 dla Ciebie. Wtedy zosta\u0144 przy olejku pomara\u0144czowym, <a href=\"https:\/\/klaudynahebda.pl\/sklep\/olejek-pomarancza-czerwona\/\" target=\"_blank\" rel=\"noopener noreferrer\">olejku pomara\u0144cza czerwona<\/a>, olejku z mandarynki (klasycznym). Je\u015bli jeszcze nie wiesz, jaki olejek cytrusowy b\u0119dzie dla Ciebie idealny, <a href=\"https:\/\/klaudynahebda.pl\/olejki-cytrusowe\/\" target=\"_blank\" rel=\"noopener noreferrer\">przeczytaj ten wpis na blogu.<\/a><\/p>\n<p><strong>Olejek z zielonej mandarynki<\/strong> nadaje si\u0119 idealnie do dyfuzowania, do k\u0105pieli (po uprzednim rozcie\u0144czeniu w olejku do k\u0105pieli).<\/p>\n<h3>Z czym \u0142\u0105czy\u0107 olejek eteryczny z zielonej mandarynki?\u00a0 Nasza propozycja<\/h3>\n<p>Po\u0142\u0105cz go z olejkami cytrusowymi: <a href=\"https:\/\/klaudynahebda.pl\/sklep\/olejek-z-bergamotki-na-nerwy\/\" target=\"_blank\" rel=\"noopener noreferrer\">olejkiem z bergamotki<\/a>, olejkiem grejpfrutowym,\u00a0<a href=\"https:\/\/klaudynahebda.pl\/sklep\/olejek-cytrynowy\/\" target=\"_blank\" rel=\"noopener noreferrer\">olejkiem cytrynowym<\/a>, <a href=\"https:\/\/klaudynahebda.pl\/sklep\/olejek-pomaranczowy\/\" target=\"_blank\" rel=\"noopener noreferrer\">olejkiem pomara\u0144czowym,<\/a> ale te\u017c <a href=\"https:\/\/klaudynahebda.pl\/sklep\/olejek-lawendowy-slodki\/\" target=\"_blank\" rel=\"noopener noreferrer\">olejkiem lawendowym<\/a><a href=\"https:\/\/klaudynahebda.pl\/sklep\/olejek-pomaranczowy\/\" target=\"_blank\" rel=\"noopener noreferrer\">,<\/a> <a href=\"https:\/\/klaudynahebda.pl\/sklep\/olejek-sandalowy\/\" target=\"_blank\" rel=\"noopener noreferrer\">drzewem sanda\u0142owym<\/a><\/p>\n<p>Moje przypadkowe odkrycie to po\u0142\u0105czenie z <a href=\"https:\/\/klaudynahebda.pl\/sklep\/olejek-jodla-himalajska\/\" target=\"_blank\" rel=\"noopener noreferrer\">olejkiem z jod\u0142y himalajskiej<\/a>.<\/p>\n<p>&nbsp;<\/p>\n<p>\ud83d\udc49 Sprawd\u017a te\u017c <a href=\"https:\/\/klaudynahebda.pl\/sklep\/dyfuzor-do-aromaterapii\/\">bezprzewodowy dyfuzor do aromaterapii<\/a><\/p>\n","protected":false},"excerpt":{"rendered":"<h2><strong>Olejek z zielonej mandarynki to&#8230;<\/strong><\/h2>\n<ul>\n<li><strong>100% olejek eteryczny &#8211;<\/strong> bez sztucznych dodatk\u00f3w zapachowych;<\/li>\n<li><strong>faworyt wielu dzieci <\/strong>&#8211; mo\u017ce i Twoje si\u0119 z nim polubi\u0105;<\/li>\n<li>blask i urok, kt\u00f3ry mog\u0105 zazdro\u015bci\u0107 mu inne cytrusy;<\/li>\n<li>odrobina <strong>prostej rado\u015bci i s\u0142odkiego ciep\u0142a mandarynek<\/strong> w szare, mro\u017ane dni;<\/li>\n<li><span class=\"VIiyi\" lang=\"pl\"><span class=\"JLqJ4b ChMk0b\" data-language-for-alternatives=\"pl\" data-language-to-translate-into=\"en\" data-phrase-index=\"0\">energetyzuj\u0105cy i podnosz\u0105cy na duchu zapach, kt\u00f3ry mo\u017ce \u0142agodzi\u0107 uczucie zdenerwowania.<\/span><\/span><\/li>\n<\/ul>\n<p><strong>Nowa, od\u015bwie\u017cona etykieta w pojemno\u015bci 5 ml<\/strong><br \/>\nTo wci\u0105\u017c ten sam, uwielbiany przez Was olejek \u2013 zmieni\u0142 si\u0119 tylko jego wygl\u0105d.<\/p>\n","protected":false},"featured_media":116775,"comment_status":"open","ping_status":"closed","template":"","meta":[],"product_cat":[213,36,38,90,118],"product_tag":[],"acf":[],"yoast_head":"<!-- This site is optimized with the Yoast SEO plugin v19.6.1 - https:\/\/yoast.com\/wordpress\/plugins\/seo\/ -->\n<title>Olejek z zielonej mandarynki - Klaudyna Hebda Nature<\/title>\n<meta name=\"description\" content=\"Olejek z zielonej mandarynki kochaj\u0105 nawet dzieciaki. Ma ten blask i urok, kt\u00f3ry mog\u0105 zazdro\u015bci\u0107 mu inne olejki cytrusowe. Przekonaj si\u0119 sam(a)!\" \/>\n<meta name=\"robots\" content=\"index, follow, max-snippet:-1, max-image-preview:large, max-video-preview:-1\" \/>\n<link rel=\"canonical\" href=\"https:\/\/klaudynahebda.pl\/sklep\/olejek-z-zielonej-mandarynki\/\" \/>\n<meta property=\"og:locale\" content=\"pl_PL\" \/>\n<meta property=\"og:type\" content=\"article\" \/>\n<meta property=\"og:title\" content=\"Olejek z zielonej mandarynki - Klaudyna Hebda Nature\" \/>\n<meta property=\"og:description\" content=\"Olejek z zielonej mandarynki kochaj\u0105 nawet dzieciaki. Ma ten blask i urok, kt\u00f3ry mog\u0105 zazdro\u015bci\u0107 mu inne olejki cytrusowe. Przekonaj si\u0119 sam(a)!\" \/>\n<meta property=\"og:url\" content=\"https:\/\/klaudynahebda.pl\/sklep\/olejek-z-zielonej-mandarynki\/\" \/>\n<meta property=\"og:site_name\" content=\"Klaudyna Hebda Nature\" \/>\n<meta property=\"article:modified_time\" content=\"2026-04-19T08:10:52+00:00\" \/>\n<meta property=\"og:image\" content=\"https:\/\/klaudynahebda.pl\/sklep\/wp-content\/uploads\/2020\/11\/Olejek-zielona-mandarynka-sklep-Klaudyna-Hebda-01.png\" \/>\n\t<meta property=\"og:image:width\" content=\"1200\" \/>\n\t<meta property=\"og:image:height\" content=\"1800\" \/>\n\t<meta property=\"og:image:type\" content=\"image\/png\" \/>\n<meta name=\"twitter:card\" content=\"summary_large_image\" \/>\n<meta name=\"twitter:label1\" content=\"Szacowany czas czytania\" \/>\n\t<meta name=\"twitter:data1\" content=\"1 minuta\" \/>\n<script type=\"application\/ld+json\" class=\"yoast-schema-graph\">{\"@context\":\"https:\/\/schema.org\",\"@graph\":[{\"@type\":\"WebPage\",\"@id\":\"https:\/\/klaudynahebda.pl\/sklep\/olejek-z-zielonej-mandarynki\/\",\"url\":\"https:\/\/klaudynahebda.pl\/sklep\/olejek-z-zielonej-mandarynki\/\",\"name\":\"Olejek z zielonej mandarynki - Klaudyna Hebda Nature\",\"isPartOf\":{\"@id\":\"https:\/\/klaudynahebda.pl\/sklep\/#website\"},\"datePublished\":\"2020-11-17T14:41:00+00:00\",\"dateModified\":\"2026-04-19T08:10:52+00:00\",\"description\":\"Olejek z zielonej mandarynki kochaj\u0105 nawet dzieciaki. Ma ten blask i urok, kt\u00f3ry mog\u0105 zazdro\u015bci\u0107 mu inne olejki cytrusowe. Przekonaj si\u0119 sam(a)!\",\"breadcrumb\":{\"@id\":\"https:\/\/klaudynahebda.pl\/sklep\/olejek-z-zielonej-mandarynki\/#breadcrumb\"},\"inLanguage\":\"pl-PL\",\"potentialAction\":[{\"@type\":\"ReadAction\",\"target\":[\"https:\/\/klaudynahebda.pl\/sklep\/olejek-z-zielonej-mandarynki\/\"]}]},{\"@type\":\"BreadcrumbList\",\"@id\":\"https:\/\/klaudynahebda.pl\/sklep\/olejek-z-zielonej-mandarynki\/#breadcrumb\",\"itemListElement\":[{\"@type\":\"ListItem\",\"position\":1,\"name\":\"Strona g\u0142\u00f3wna\",\"item\":\"https:\/\/klaudynahebda.pl\/sklep\/\"},{\"@type\":\"ListItem\",\"position\":2,\"name\":\"Sklep\",\"item\":\"https:\/\/klaudynahebda.pl\/sklep\/sklep\/\"},{\"@type\":\"ListItem\",\"position\":3,\"name\":\"Olejki eteryczne\",\"item\":\"https:\/\/klaudynahebda.pl\/sklep\/olejki-eteryczne\/\"},{\"@type\":\"ListItem\",\"position\":4,\"name\":\"Olejek z zielonej mandarynki\"}]},{\"@type\":\"WebSite\",\"@id\":\"https:\/\/klaudynahebda.pl\/sklep\/#website\",\"url\":\"https:\/\/klaudynahebda.pl\/sklep\/\",\"name\":\"Klaudyna Hebda Nature\",\"description\":\"Sklep\",\"publisher\":{\"@id\":\"https:\/\/klaudynahebda.pl\/sklep\/#organization\"},\"potentialAction\":[{\"@type\":\"SearchAction\",\"target\":{\"@type\":\"EntryPoint\",\"urlTemplate\":\"https:\/\/klaudynahebda.pl\/sklep\/?s={search_term_string}\"},\"query-input\":\"required name=search_term_string\"}],\"inLanguage\":\"pl-PL\"},{\"@type\":\"Organization\",\"@id\":\"https:\/\/klaudynahebda.pl\/sklep\/#organization\",\"name\":\"KlaudynaHebda\",\"url\":\"https:\/\/klaudynahebda.pl\/sklep\/\",\"sameAs\":[],\"logo\":{\"@type\":\"ImageObject\",\"inLanguage\":\"pl-PL\",\"@id\":\"https:\/\/klaudynahebda.pl\/sklep\/#\/schema\/logo\/image\/\",\"url\":\"\",\"contentUrl\":\"\",\"caption\":\"KlaudynaHebda\"},\"image\":{\"@id\":\"https:\/\/klaudynahebda.pl\/sklep\/#\/schema\/logo\/image\/\"}}]}<\/script>\n<!-- \/ Yoast SEO plugin. -->","yoast_head_json":{"title":"Olejek z zielonej mandarynki - Klaudyna Hebda Nature","description":"Olejek z zielonej mandarynki kochaj\u0105 nawet dzieciaki. Ma ten blask i urok, kt\u00f3ry mog\u0105 zazdro\u015bci\u0107 mu inne olejki cytrusowe. Przekonaj si\u0119 sam(a)!","robots":{"index":"index","follow":"follow","max-snippet":"max-snippet:-1","max-image-preview":"max-image-preview:large","max-video-preview":"max-video-preview:-1"},"canonical":"https:\/\/klaudynahebda.pl\/sklep\/olejek-z-zielonej-mandarynki\/","og_locale":"pl_PL","og_type":"article","og_title":"Olejek z zielonej mandarynki - Klaudyna Hebda Nature","og_description":"Olejek z zielonej mandarynki kochaj\u0105 nawet dzieciaki. Ma ten blask i urok, kt\u00f3ry mog\u0105 zazdro\u015bci\u0107 mu inne olejki cytrusowe. Przekonaj si\u0119 sam(a)!","og_url":"https:\/\/klaudynahebda.pl\/sklep\/olejek-z-zielonej-mandarynki\/","og_site_name":"Klaudyna Hebda Nature","article_modified_time":"2026-04-19T08:10:52+00:00","og_image":[{"width":1200,"height":1800,"url":"https:\/\/klaudynahebda.pl\/sklep\/wp-content\/uploads\/2020\/11\/Olejek-zielona-mandarynka-sklep-Klaudyna-Hebda-01.png","type":"image\/png"}],"twitter_card":"summary_large_image","twitter_misc":{"Szacowany czas czytania":"1 minuta"},"schema":{"@context":"https:\/\/schema.org","@graph":[{"@type":"WebPage","@id":"https:\/\/klaudynahebda.pl\/sklep\/olejek-z-zielonej-mandarynki\/","url":"https:\/\/klaudynahebda.pl\/sklep\/olejek-z-zielonej-mandarynki\/","name":"Olejek z zielonej mandarynki - Klaudyna Hebda Nature","isPartOf":{"@id":"https:\/\/klaudynahebda.pl\/sklep\/#website"},"datePublished":"2020-11-17T14:41:00+00:00","dateModified":"2026-04-19T08:10:52+00:00","description":"Olejek z zielonej mandarynki kochaj\u0105 nawet dzieciaki. Ma ten blask i urok, kt\u00f3ry mog\u0105 zazdro\u015bci\u0107 mu inne olejki cytrusowe. Przekonaj si\u0119 sam(a)!","breadcrumb":{"@id":"https:\/\/klaudynahebda.pl\/sklep\/olejek-z-zielonej-mandarynki\/#breadcrumb"},"inLanguage":"pl-PL","potentialAction":[{"@type":"ReadAction","target":["https:\/\/klaudynahebda.pl\/sklep\/olejek-z-zielonej-mandarynki\/"]}]},{"@type":"BreadcrumbList","@id":"https:\/\/klaudynahebda.pl\/sklep\/olejek-z-zielonej-mandarynki\/#breadcrumb","itemListElement":[{"@type":"ListItem","position":1,"name":"Strona g\u0142\u00f3wna","item":"https:\/\/klaudynahebda.pl\/sklep\/"},{"@type":"ListItem","position":2,"name":"Sklep","item":"https:\/\/klaudynahebda.pl\/sklep\/sklep\/"},{"@type":"ListItem","position":3,"name":"Olejki eteryczne","item":"https:\/\/klaudynahebda.pl\/sklep\/olejki-eteryczne\/"},{"@type":"ListItem","position":4,"name":"Olejek z zielonej mandarynki"}]},{"@type":"WebSite","@id":"https:\/\/klaudynahebda.pl\/sklep\/#website","url":"https:\/\/klaudynahebda.pl\/sklep\/","name":"Klaudyna Hebda Nature","description":"Sklep","publisher":{"@id":"https:\/\/klaudynahebda.pl\/sklep\/#organization"},"potentialAction":[{"@type":"SearchAction","target":{"@type":"EntryPoint","urlTemplate":"https:\/\/klaudynahebda.pl\/sklep\/?s={search_term_string}"},"query-input":"required name=search_term_string"}],"inLanguage":"pl-PL"},{"@type":"Organization","@id":"https:\/\/klaudynahebda.pl\/sklep\/#organization","name":"KlaudynaHebda","url":"https:\/\/klaudynahebda.pl\/sklep\/","sameAs":[],"logo":{"@type":"ImageObject","inLanguage":"pl-PL","@id":"https:\/\/klaudynahebda.pl\/sklep\/#\/schema\/logo\/image\/","url":"","contentUrl":"","caption":"KlaudynaHebda"},"image":{"@id":"https:\/\/klaudynahebda.pl\/sklep\/#\/schema\/logo\/image\/"}}]}},"_links":{"self":[{"href":"https:\/\/klaudynahebda.pl\/sklep\/wp-json\/wp\/v2\/product\/112557"}],"collection":[{"href":"https:\/\/klaudynahebda.pl\/sklep\/wp-json\/wp\/v2\/product"}],"about":[{"href":"https:\/\/klaudynahebda.pl\/sklep\/wp-json\/wp\/v2\/types\/product"}],"replies":[{"embeddable":true,"href":"https:\/\/klaudynahebda.pl\/sklep\/wp-json\/wp\/v2\/comments?post=112557"}],"wp:featuredmedia":[{"embeddable":true,"href":"https:\/\/klaudynahebda.pl\/sklep\/wp-json\/wp\/v2\/media\/116775"}],"wp:attachment":[{"href":"https:\/\/klaudynahebda.pl\/sklep\/wp-json\/wp\/v2\/media?parent=112557"}],"wp:term":[{"taxonomy":"product_cat","embeddable":true,"href":"https:\/\/klaudynahebda.pl\/sklep\/wp-json\/wp\/v2\/product_cat?post=112557"},{"taxonomy":"product_tag","embeddable":true,"href":"https:\/\/klaudynahebda.pl\/sklep\/wp-json\/wp\/v2\/product_tag?post=112557"}],"curies":[{"name":"wp","href":"https:\/\/api.w.org\/{rel}","templated":true}]}}