{"id":111452,"date":"2021-04-01T10:30:29","date_gmt":"2021-04-01T08:30:29","guid":{"rendered":"https:\/\/klaudynahebda.pl\/sklep\/?post_type=product&#038;p=111452"},"modified":"2026-04-02T10:51:17","modified_gmt":"2026-04-02T08:51:17","slug":"olejek-jodla-biala","status":"publish","type":"product","link":"https:\/\/klaudynahebda.pl\/sklep\/olejek-jodla-biala\/","title":{"rendered":"Olejek jod\u0142a bia\u0142a [5 ml lub 15 ml]"},"content":{"rendered":"<h2><strong>Olejek z jod\u0142y bia\u0142ej: poczuj si\u0119 jak w \u015brodku puszczy jod\u0142owej<\/strong><\/h2>\n<p><strong>Zapach olejku z jod\u0142y bia\u0142ej<\/strong> mo\u017ce doda\u0107 energii i otuchy, kiedy tego potrzebujesz. Olejek z jod\u0142y mo\u017ce by\u0107 pomocny w \u0142agodzeniu napi\u0119cia po np. stresuj\u0105cych sytuacjach w pracy. Mo\u017cesz go rozpyla\u0107 w dyfuzorze, albo zrobi\u0107 sobie &#8220;jod\u0142ow\u0105 s\u00f3l&#8221; (i mie\u0107 j\u0105 dla siebie do w\u0105chania, kiedy tylko potrzebujesz). Wi\u0119cej propozycji stosowania znajdziesz w zak\u0142adce &#8220;Spos\u00f3b u\u017cycia&#8221;.<\/p>\n<p>Propozycje po\u0142\u0105czenia w dyfuzorze: <span style=\"color: #333333;\"><a href=\"https:\/\/klaudynahebda.pl\/sklep\/olejek-pomaranczowy\/\" target=\"_blank\" rel=\"noopener\">olejek pomara\u0144czowy<\/a>, <\/span><span style=\"color: #333333;\"><a href=\"https:\/\/klaudynahebda.pl\/sklep\/olejek-cytrynowy\/\" target=\"_blank\" rel=\"noopener\">olejek cytrynowy<\/a>, <\/span><span style=\"color: #333333;\"><a href=\"https:\/\/klaudynahebda.pl\/sklep\/olejek-z-miety-pieprzowej\/\" target=\"_blank\" rel=\"noopener\">olejek z mi\u0119ty pieprzowej<\/a>, <\/span><span style=\"color: #333333;\"><a href=\"https:\/\/klaudynahebda.pl\/sklep\/olejek-gozdzikowy\/\" target=\"_blank\" rel=\"noopener\">olejek go\u017adzikowy<\/a>. Spr\u00f3buj i daj zna\u0107, z czym najbardziej lubisz \u0142\u0105czy\u0107 olejek z jod\u0142y bia\u0142ej! \ud83d\ude42<\/span><\/p>\n<p>Mo\u017cesz sprawdzi\u0107 te\u017c:<\/p>\n<ul>\n<li>Mieszank\u0119 olejk\u00f3w eterycznych <a href=\"https:\/\/klaudynahebda.pl\/sklep\/chatka-w-lesie\/\">Chatka w lesie<\/a><\/li>\n<li><a href=\"https:\/\/klaudynahebda.pl\/sklep\/dyfuzor-do-aromaterapii\/\">Dyfuzor bezprzewodowy<\/a> do aromaterapii<\/li>\n<\/ul>\n","protected":false},"excerpt":{"rendered":"<h2>Olejek z jod\u0142y bia\u0142ej to&#8230;<\/h2>\n<ul>\n<li>pachn\u0105cy spos\u00f3b na frustruj\u0105cy dzie\u0144 w domu, pracy lub szkole;<\/li>\n<li><strong>le\u015bny olejek z jod\u0142y bia\u0142ej, kt\u00f3ry ma uspokajaj\u0105cy, ale jednocze\u015bnie podnosz\u0105cy na duchu aromat;<\/strong><\/li>\n<li>kawa\u0142ek niezwyk\u0142ego lasu w ma\u0142ej buteleczce;<\/li>\n<li>zapach, kt\u00f3ry mo\u017ce <strong>pobudzi\u0107<\/strong> umys\u0142, jednocze\u015bnie pozwalaj\u0105c cia\u0142u na relaksacj\u0119.<\/li>\n<li>aromat, kt\u00f3ry u\u0142atwi Ci<strong> powr\u00f3t do dobrego samopoczucia<\/strong> zawsze, gdy pojawia si\u0119 napi\u0119cie lub mia\u0142a\u015b przed chwil\u0105 stresuj\u0105c\u0105 sytuacj\u0119.<\/li>\n<\/ul>\n<p>&nbsp;<\/p>\n","protected":false},"featured_media":3227404,"comment_status":"open","ping_status":"closed","template":"","meta":[],"product_cat":[213,36,90,118],"product_tag":[],"acf":[],"yoast_head":"<!-- This site is optimized with the Yoast SEO plugin v19.6.1 - https:\/\/yoast.com\/wordpress\/plugins\/seo\/ -->\n<title>Olejek jod\u0142a bia\u0142a [5 ml lub 15 ml] - Klaudyna Hebda Nature<\/title>\n<meta name=\"description\" content=\"Olejek jod\u0142a bia\u0142a ma uspokajaj\u0105cy, ale jednocze\u015bnie podnosz\u0105cy na duchu aromat. Taki kawa\u0142ek lasu w ma\u0142ej buteleczce. \ud83c\udf32 SPRAWD\u0179!\" \/>\n<meta name=\"robots\" content=\"index, follow, max-snippet:-1, max-image-preview:large, max-video-preview:-1\" \/>\n<link rel=\"canonical\" href=\"https:\/\/klaudynahebda.pl\/sklep\/olejek-jodla-biala\/\" \/>\n<meta property=\"og:locale\" content=\"pl_PL\" \/>\n<meta property=\"og:type\" content=\"article\" \/>\n<meta property=\"og:title\" content=\"Olejek jod\u0142a bia\u0142a [5 ml lub 15 ml] - Klaudyna Hebda Nature\" \/>\n<meta property=\"og:description\" content=\"Olejek jod\u0142a bia\u0142a ma uspokajaj\u0105cy, ale jednocze\u015bnie podnosz\u0105cy na duchu aromat. Taki kawa\u0142ek lasu w ma\u0142ej buteleczce. \ud83c\udf32 SPRAWD\u0179!\" \/>\n<meta property=\"og:url\" content=\"https:\/\/klaudynahebda.pl\/sklep\/olejek-jodla-biala\/\" \/>\n<meta property=\"og:site_name\" content=\"Klaudyna Hebda Nature\" \/>\n<meta property=\"article:modified_time\" content=\"2026-04-02T08:51:17+00:00\" \/>\n<meta property=\"og:image\" content=\"https:\/\/klaudynahebda.pl\/sklep\/wp-content\/uploads\/2021\/04\/27.jpg\" \/>\n\t<meta property=\"og:image:width\" content=\"1020\" \/>\n\t<meta property=\"og:image:height\" content=\"1530\" \/>\n\t<meta property=\"og:image:type\" content=\"image\/jpeg\" \/>\n<meta name=\"twitter:card\" content=\"summary_large_image\" \/>\n<meta name=\"twitter:label1\" content=\"Szacowany czas czytania\" \/>\n\t<meta name=\"twitter:data1\" content=\"1 minuta\" \/>\n<script type=\"application\/ld+json\" class=\"yoast-schema-graph\">{\"@context\":\"https:\/\/schema.org\",\"@graph\":[{\"@type\":\"WebPage\",\"@id\":\"https:\/\/klaudynahebda.pl\/sklep\/olejek-jodla-biala\/\",\"url\":\"https:\/\/klaudynahebda.pl\/sklep\/olejek-jodla-biala\/\",\"name\":\"Olejek jod\u0142a bia\u0142a [5 ml lub 15 ml] - Klaudyna Hebda Nature\",\"isPartOf\":{\"@id\":\"https:\/\/klaudynahebda.pl\/sklep\/#website\"},\"datePublished\":\"2021-04-01T08:30:29+00:00\",\"dateModified\":\"2026-04-02T08:51:17+00:00\",\"description\":\"Olejek jod\u0142a bia\u0142a ma uspokajaj\u0105cy, ale jednocze\u015bnie podnosz\u0105cy na duchu aromat. Taki kawa\u0142ek lasu w ma\u0142ej buteleczce. \ud83c\udf32 SPRAWD\u0179!\",\"breadcrumb\":{\"@id\":\"https:\/\/klaudynahebda.pl\/sklep\/olejek-jodla-biala\/#breadcrumb\"},\"inLanguage\":\"pl-PL\",\"potentialAction\":[{\"@type\":\"ReadAction\",\"target\":[\"https:\/\/klaudynahebda.pl\/sklep\/olejek-jodla-biala\/\"]}]},{\"@type\":\"BreadcrumbList\",\"@id\":\"https:\/\/klaudynahebda.pl\/sklep\/olejek-jodla-biala\/#breadcrumb\",\"itemListElement\":[{\"@type\":\"ListItem\",\"position\":1,\"name\":\"Strona g\u0142\u00f3wna\",\"item\":\"https:\/\/klaudynahebda.pl\/sklep\/\"},{\"@type\":\"ListItem\",\"position\":2,\"name\":\"Sklep\",\"item\":\"https:\/\/klaudynahebda.pl\/sklep\/sklep\/\"},{\"@type\":\"ListItem\",\"position\":3,\"name\":\"Olejki eteryczne\",\"item\":\"https:\/\/klaudynahebda.pl\/sklep\/olejki-eteryczne\/\"},{\"@type\":\"ListItem\",\"position\":4,\"name\":\"Olejek jod\u0142a bia\u0142a [5 ml lub 15 ml]\"}]},{\"@type\":\"WebSite\",\"@id\":\"https:\/\/klaudynahebda.pl\/sklep\/#website\",\"url\":\"https:\/\/klaudynahebda.pl\/sklep\/\",\"name\":\"Klaudyna Hebda Nature\",\"description\":\"Sklep\",\"publisher\":{\"@id\":\"https:\/\/klaudynahebda.pl\/sklep\/#organization\"},\"potentialAction\":[{\"@type\":\"SearchAction\",\"target\":{\"@type\":\"EntryPoint\",\"urlTemplate\":\"https:\/\/klaudynahebda.pl\/sklep\/?s={search_term_string}\"},\"query-input\":\"required name=search_term_string\"}],\"inLanguage\":\"pl-PL\"},{\"@type\":\"Organization\",\"@id\":\"https:\/\/klaudynahebda.pl\/sklep\/#organization\",\"name\":\"KlaudynaHebda\",\"url\":\"https:\/\/klaudynahebda.pl\/sklep\/\",\"sameAs\":[],\"logo\":{\"@type\":\"ImageObject\",\"inLanguage\":\"pl-PL\",\"@id\":\"https:\/\/klaudynahebda.pl\/sklep\/#\/schema\/logo\/image\/\",\"url\":\"\",\"contentUrl\":\"\",\"caption\":\"KlaudynaHebda\"},\"image\":{\"@id\":\"https:\/\/klaudynahebda.pl\/sklep\/#\/schema\/logo\/image\/\"}}]}<\/script>\n<!-- \/ Yoast SEO plugin. -->","yoast_head_json":{"title":"Olejek jod\u0142a bia\u0142a [5 ml lub 15 ml] - Klaudyna Hebda Nature","description":"Olejek jod\u0142a bia\u0142a ma uspokajaj\u0105cy, ale jednocze\u015bnie podnosz\u0105cy na duchu aromat. Taki kawa\u0142ek lasu w ma\u0142ej buteleczce. \ud83c\udf32 SPRAWD\u0179!","robots":{"index":"index","follow":"follow","max-snippet":"max-snippet:-1","max-image-preview":"max-image-preview:large","max-video-preview":"max-video-preview:-1"},"canonical":"https:\/\/klaudynahebda.pl\/sklep\/olejek-jodla-biala\/","og_locale":"pl_PL","og_type":"article","og_title":"Olejek jod\u0142a bia\u0142a [5 ml lub 15 ml] - Klaudyna Hebda Nature","og_description":"Olejek jod\u0142a bia\u0142a ma uspokajaj\u0105cy, ale jednocze\u015bnie podnosz\u0105cy na duchu aromat. Taki kawa\u0142ek lasu w ma\u0142ej buteleczce. \ud83c\udf32 SPRAWD\u0179!","og_url":"https:\/\/klaudynahebda.pl\/sklep\/olejek-jodla-biala\/","og_site_name":"Klaudyna Hebda Nature","article_modified_time":"2026-04-02T08:51:17+00:00","og_image":[{"width":1020,"height":1530,"url":"https:\/\/klaudynahebda.pl\/sklep\/wp-content\/uploads\/2021\/04\/27.jpg","type":"image\/jpeg"}],"twitter_card":"summary_large_image","twitter_misc":{"Szacowany czas czytania":"1 minuta"},"schema":{"@context":"https:\/\/schema.org","@graph":[{"@type":"WebPage","@id":"https:\/\/klaudynahebda.pl\/sklep\/olejek-jodla-biala\/","url":"https:\/\/klaudynahebda.pl\/sklep\/olejek-jodla-biala\/","name":"Olejek jod\u0142a bia\u0142a [5 ml lub 15 ml] - Klaudyna Hebda Nature","isPartOf":{"@id":"https:\/\/klaudynahebda.pl\/sklep\/#website"},"datePublished":"2021-04-01T08:30:29+00:00","dateModified":"2026-04-02T08:51:17+00:00","description":"Olejek jod\u0142a bia\u0142a ma uspokajaj\u0105cy, ale jednocze\u015bnie podnosz\u0105cy na duchu aromat. Taki kawa\u0142ek lasu w ma\u0142ej buteleczce. \ud83c\udf32 SPRAWD\u0179!","breadcrumb":{"@id":"https:\/\/klaudynahebda.pl\/sklep\/olejek-jodla-biala\/#breadcrumb"},"inLanguage":"pl-PL","potentialAction":[{"@type":"ReadAction","target":["https:\/\/klaudynahebda.pl\/sklep\/olejek-jodla-biala\/"]}]},{"@type":"BreadcrumbList","@id":"https:\/\/klaudynahebda.pl\/sklep\/olejek-jodla-biala\/#breadcrumb","itemListElement":[{"@type":"ListItem","position":1,"name":"Strona g\u0142\u00f3wna","item":"https:\/\/klaudynahebda.pl\/sklep\/"},{"@type":"ListItem","position":2,"name":"Sklep","item":"https:\/\/klaudynahebda.pl\/sklep\/sklep\/"},{"@type":"ListItem","position":3,"name":"Olejki eteryczne","item":"https:\/\/klaudynahebda.pl\/sklep\/olejki-eteryczne\/"},{"@type":"ListItem","position":4,"name":"Olejek jod\u0142a bia\u0142a [5 ml lub 15 ml]"}]},{"@type":"WebSite","@id":"https:\/\/klaudynahebda.pl\/sklep\/#website","url":"https:\/\/klaudynahebda.pl\/sklep\/","name":"Klaudyna Hebda Nature","description":"Sklep","publisher":{"@id":"https:\/\/klaudynahebda.pl\/sklep\/#organization"},"potentialAction":[{"@type":"SearchAction","target":{"@type":"EntryPoint","urlTemplate":"https:\/\/klaudynahebda.pl\/sklep\/?s={search_term_string}"},"query-input":"required name=search_term_string"}],"inLanguage":"pl-PL"},{"@type":"Organization","@id":"https:\/\/klaudynahebda.pl\/sklep\/#organization","name":"KlaudynaHebda","url":"https:\/\/klaudynahebda.pl\/sklep\/","sameAs":[],"logo":{"@type":"ImageObject","inLanguage":"pl-PL","@id":"https:\/\/klaudynahebda.pl\/sklep\/#\/schema\/logo\/image\/","url":"","contentUrl":"","caption":"KlaudynaHebda"},"image":{"@id":"https:\/\/klaudynahebda.pl\/sklep\/#\/schema\/logo\/image\/"}}]}},"_links":{"self":[{"href":"https:\/\/klaudynahebda.pl\/sklep\/wp-json\/wp\/v2\/product\/111452"}],"collection":[{"href":"https:\/\/klaudynahebda.pl\/sklep\/wp-json\/wp\/v2\/product"}],"about":[{"href":"https:\/\/klaudynahebda.pl\/sklep\/wp-json\/wp\/v2\/types\/product"}],"replies":[{"embeddable":true,"href":"https:\/\/klaudynahebda.pl\/sklep\/wp-json\/wp\/v2\/comments?post=111452"}],"wp:featuredmedia":[{"embeddable":true,"href":"https:\/\/klaudynahebda.pl\/sklep\/wp-json\/wp\/v2\/media\/3227404"}],"wp:attachment":[{"href":"https:\/\/klaudynahebda.pl\/sklep\/wp-json\/wp\/v2\/media?parent=111452"}],"wp:term":[{"taxonomy":"product_cat","embeddable":true,"href":"https:\/\/klaudynahebda.pl\/sklep\/wp-json\/wp\/v2\/product_cat?post=111452"},{"taxonomy":"product_tag","embeddable":true,"href":"https:\/\/klaudynahebda.pl\/sklep\/wp-json\/wp\/v2\/product_tag?post=111452"}],"curies":[{"name":"wp","href":"https:\/\/api.w.org\/{rel}","templated":true}]}}