{"id":111397,"date":"2020-11-10T14:57:19","date_gmt":"2020-11-10T13:57:19","guid":{"rendered":"https:\/\/klaudynahebda.pl\/sklep\/?post_type=product&#038;p=111397"},"modified":"2026-04-02T10:51:08","modified_gmt":"2026-04-02T08:51:08","slug":"olejek-jodla-himalajska","status":"publish","type":"product","link":"https:\/\/klaudynahebda.pl\/sklep\/olejek-jodla-himalajska\/","title":{"rendered":"Olejek jod\u0142a himalajska"},"content":{"rendered":"<p><strong>Olejki eteryczne otrzymane z li\u015bci jod\u0142y himalajskiej<\/strong> by\u0142y w przesz\u0142o\u015bci stosowane w leczeniu siniak\u00f3w, a tak\u017ce w leczeniu kaszlu i przezi\u0119bienia.<\/p>\n<p><strong>Olejek z jod\u0142y himalajskiej<\/strong> mo\u017ce by\u0107 stosowany do odstresowania w sytuacjach wypalenia, niepokoju lub niestabilno\u015bci emocjonalnej oraz jako spos\u00f3b na osi\u0105gni\u0119cie uczucia spokoju i wyciszenia w trudnych sytuacjach.<\/p>\n<p>Znajdziesz u nas te\u017c spray <a href=\"https:\/\/klaudynahebda.pl\/sklep\/chce-do-lasu\/\">Chc\u0119 do lasu, ale nie mam czasu<\/a> &#8211; to mieszanka olejk\u00f3w jod\u0142y himalajskiej, olejku z cedru atlantyckiego, olejku grejpfrutowego.<\/p>\n","protected":false},"excerpt":{"rendered":"<p>Olejek z jod\u0142y himalajskiej pozwoli Ci otworzy\u0107 p\u0142uca i g\u0142\u0119boko odetchn\u0105\u0107. Mo\u017cesz stosowa\u0107 go w trudnych sytuacjach, kt\u00f3re musisz rozwi\u0105za\u0107, ale najpierw trzeba si\u0119 zatrzyma\u0107, pomy\u015ble\u0107, jaki powinna\u015b podj\u0105\u0107 kolejny krok.<\/p>\n<p>Pachnie lasem, jod\u0142ami, mro\u017anym porankiem, a to wszystko zamkni\u0119te w jednej buteleczce &#8211; dost\u0119pne na wyci\u0105gni\u0119cie r\u0119ki.<\/p>\n","protected":false},"featured_media":116786,"comment_status":"open","ping_status":"closed","template":"","meta":[],"product_cat":[36,90],"product_tag":[],"acf":[],"yoast_head":"<!-- This site is optimized with the Yoast SEO plugin v19.6.1 - https:\/\/yoast.com\/wordpress\/plugins\/seo\/ -->\n<title>Olejek jod\u0142a himalajska - Klaudyna Hebda Nature<\/title>\n<meta name=\"description\" content=\"Olejek z jod\u0142y himalajskiej pozwoli Ci otworzy\u0107 p\u0142uca i g\u0142\u0119boko odetchn\u0105\u0107. Pachnie lasem, jod\u0142ami, mro\u017anym porankiem.\" \/>\n<meta name=\"robots\" content=\"index, follow, max-snippet:-1, max-image-preview:large, max-video-preview:-1\" \/>\n<link rel=\"canonical\" href=\"https:\/\/klaudynahebda.pl\/sklep\/olejek-jodla-himalajska\/\" \/>\n<meta property=\"og:locale\" content=\"pl_PL\" \/>\n<meta property=\"og:type\" content=\"article\" \/>\n<meta property=\"og:title\" content=\"Olejek jod\u0142a himalajska - Klaudyna Hebda Nature\" \/>\n<meta property=\"og:description\" content=\"Olejek z jod\u0142y himalajskiej pozwoli Ci otworzy\u0107 p\u0142uca i g\u0142\u0119boko odetchn\u0105\u0107. Pachnie lasem, jod\u0142ami, mro\u017anym porankiem.\" \/>\n<meta property=\"og:url\" content=\"https:\/\/klaudynahebda.pl\/sklep\/olejek-jodla-himalajska\/\" \/>\n<meta property=\"og:site_name\" content=\"Klaudyna Hebda Nature\" \/>\n<meta property=\"article:modified_time\" content=\"2026-04-02T08:51:08+00:00\" \/>\n<meta property=\"og:image\" content=\"https:\/\/klaudynahebda.pl\/sklep\/wp-content\/uploads\/2020\/11\/Klaudyna-Hebda-sklep-jodla-himalajska.png\" \/>\n\t<meta property=\"og:image:width\" content=\"1200\" \/>\n\t<meta property=\"og:image:height\" content=\"1800\" \/>\n\t<meta property=\"og:image:type\" content=\"image\/png\" \/>\n<meta name=\"twitter:card\" content=\"summary_large_image\" \/>\n<meta name=\"twitter:label1\" content=\"Szacowany czas czytania\" \/>\n\t<meta name=\"twitter:data1\" content=\"1 minuta\" \/>\n<script type=\"application\/ld+json\" class=\"yoast-schema-graph\">{\"@context\":\"https:\/\/schema.org\",\"@graph\":[{\"@type\":\"WebPage\",\"@id\":\"https:\/\/klaudynahebda.pl\/sklep\/olejek-jodla-himalajska\/\",\"url\":\"https:\/\/klaudynahebda.pl\/sklep\/olejek-jodla-himalajska\/\",\"name\":\"Olejek jod\u0142a himalajska - Klaudyna Hebda Nature\",\"isPartOf\":{\"@id\":\"https:\/\/klaudynahebda.pl\/sklep\/#website\"},\"datePublished\":\"2020-11-10T13:57:19+00:00\",\"dateModified\":\"2026-04-02T08:51:08+00:00\",\"description\":\"Olejek z jod\u0142y himalajskiej pozwoli Ci otworzy\u0107 p\u0142uca i g\u0142\u0119boko odetchn\u0105\u0107. Pachnie lasem, jod\u0142ami, mro\u017anym porankiem.\",\"breadcrumb\":{\"@id\":\"https:\/\/klaudynahebda.pl\/sklep\/olejek-jodla-himalajska\/#breadcrumb\"},\"inLanguage\":\"pl-PL\",\"potentialAction\":[{\"@type\":\"ReadAction\",\"target\":[\"https:\/\/klaudynahebda.pl\/sklep\/olejek-jodla-himalajska\/\"]}]},{\"@type\":\"BreadcrumbList\",\"@id\":\"https:\/\/klaudynahebda.pl\/sklep\/olejek-jodla-himalajska\/#breadcrumb\",\"itemListElement\":[{\"@type\":\"ListItem\",\"position\":1,\"name\":\"Strona g\u0142\u00f3wna\",\"item\":\"https:\/\/klaudynahebda.pl\/sklep\/\"},{\"@type\":\"ListItem\",\"position\":2,\"name\":\"Sklep\",\"item\":\"https:\/\/klaudynahebda.pl\/sklep\/sklep\/\"},{\"@type\":\"ListItem\",\"position\":3,\"name\":\"Olejki eteryczne\",\"item\":\"https:\/\/klaudynahebda.pl\/sklep\/olejki-eteryczne\/\"},{\"@type\":\"ListItem\",\"position\":4,\"name\":\"Olejek jod\u0142a himalajska\"}]},{\"@type\":\"WebSite\",\"@id\":\"https:\/\/klaudynahebda.pl\/sklep\/#website\",\"url\":\"https:\/\/klaudynahebda.pl\/sklep\/\",\"name\":\"Klaudyna Hebda Nature\",\"description\":\"Sklep\",\"publisher\":{\"@id\":\"https:\/\/klaudynahebda.pl\/sklep\/#organization\"},\"potentialAction\":[{\"@type\":\"SearchAction\",\"target\":{\"@type\":\"EntryPoint\",\"urlTemplate\":\"https:\/\/klaudynahebda.pl\/sklep\/?s={search_term_string}\"},\"query-input\":\"required name=search_term_string\"}],\"inLanguage\":\"pl-PL\"},{\"@type\":\"Organization\",\"@id\":\"https:\/\/klaudynahebda.pl\/sklep\/#organization\",\"name\":\"KlaudynaHebda\",\"url\":\"https:\/\/klaudynahebda.pl\/sklep\/\",\"sameAs\":[],\"logo\":{\"@type\":\"ImageObject\",\"inLanguage\":\"pl-PL\",\"@id\":\"https:\/\/klaudynahebda.pl\/sklep\/#\/schema\/logo\/image\/\",\"url\":\"\",\"contentUrl\":\"\",\"caption\":\"KlaudynaHebda\"},\"image\":{\"@id\":\"https:\/\/klaudynahebda.pl\/sklep\/#\/schema\/logo\/image\/\"}}]}<\/script>\n<!-- \/ Yoast SEO plugin. -->","yoast_head_json":{"title":"Olejek jod\u0142a himalajska - Klaudyna Hebda Nature","description":"Olejek z jod\u0142y himalajskiej pozwoli Ci otworzy\u0107 p\u0142uca i g\u0142\u0119boko odetchn\u0105\u0107. Pachnie lasem, jod\u0142ami, mro\u017anym porankiem.","robots":{"index":"index","follow":"follow","max-snippet":"max-snippet:-1","max-image-preview":"max-image-preview:large","max-video-preview":"max-video-preview:-1"},"canonical":"https:\/\/klaudynahebda.pl\/sklep\/olejek-jodla-himalajska\/","og_locale":"pl_PL","og_type":"article","og_title":"Olejek jod\u0142a himalajska - Klaudyna Hebda Nature","og_description":"Olejek z jod\u0142y himalajskiej pozwoli Ci otworzy\u0107 p\u0142uca i g\u0142\u0119boko odetchn\u0105\u0107. Pachnie lasem, jod\u0142ami, mro\u017anym porankiem.","og_url":"https:\/\/klaudynahebda.pl\/sklep\/olejek-jodla-himalajska\/","og_site_name":"Klaudyna Hebda Nature","article_modified_time":"2026-04-02T08:51:08+00:00","og_image":[{"width":1200,"height":1800,"url":"https:\/\/klaudynahebda.pl\/sklep\/wp-content\/uploads\/2020\/11\/Klaudyna-Hebda-sklep-jodla-himalajska.png","type":"image\/png"}],"twitter_card":"summary_large_image","twitter_misc":{"Szacowany czas czytania":"1 minuta"},"schema":{"@context":"https:\/\/schema.org","@graph":[{"@type":"WebPage","@id":"https:\/\/klaudynahebda.pl\/sklep\/olejek-jodla-himalajska\/","url":"https:\/\/klaudynahebda.pl\/sklep\/olejek-jodla-himalajska\/","name":"Olejek jod\u0142a himalajska - Klaudyna Hebda Nature","isPartOf":{"@id":"https:\/\/klaudynahebda.pl\/sklep\/#website"},"datePublished":"2020-11-10T13:57:19+00:00","dateModified":"2026-04-02T08:51:08+00:00","description":"Olejek z jod\u0142y himalajskiej pozwoli Ci otworzy\u0107 p\u0142uca i g\u0142\u0119boko odetchn\u0105\u0107. Pachnie lasem, jod\u0142ami, mro\u017anym porankiem.","breadcrumb":{"@id":"https:\/\/klaudynahebda.pl\/sklep\/olejek-jodla-himalajska\/#breadcrumb"},"inLanguage":"pl-PL","potentialAction":[{"@type":"ReadAction","target":["https:\/\/klaudynahebda.pl\/sklep\/olejek-jodla-himalajska\/"]}]},{"@type":"BreadcrumbList","@id":"https:\/\/klaudynahebda.pl\/sklep\/olejek-jodla-himalajska\/#breadcrumb","itemListElement":[{"@type":"ListItem","position":1,"name":"Strona g\u0142\u00f3wna","item":"https:\/\/klaudynahebda.pl\/sklep\/"},{"@type":"ListItem","position":2,"name":"Sklep","item":"https:\/\/klaudynahebda.pl\/sklep\/sklep\/"},{"@type":"ListItem","position":3,"name":"Olejki eteryczne","item":"https:\/\/klaudynahebda.pl\/sklep\/olejki-eteryczne\/"},{"@type":"ListItem","position":4,"name":"Olejek jod\u0142a himalajska"}]},{"@type":"WebSite","@id":"https:\/\/klaudynahebda.pl\/sklep\/#website","url":"https:\/\/klaudynahebda.pl\/sklep\/","name":"Klaudyna Hebda Nature","description":"Sklep","publisher":{"@id":"https:\/\/klaudynahebda.pl\/sklep\/#organization"},"potentialAction":[{"@type":"SearchAction","target":{"@type":"EntryPoint","urlTemplate":"https:\/\/klaudynahebda.pl\/sklep\/?s={search_term_string}"},"query-input":"required name=search_term_string"}],"inLanguage":"pl-PL"},{"@type":"Organization","@id":"https:\/\/klaudynahebda.pl\/sklep\/#organization","name":"KlaudynaHebda","url":"https:\/\/klaudynahebda.pl\/sklep\/","sameAs":[],"logo":{"@type":"ImageObject","inLanguage":"pl-PL","@id":"https:\/\/klaudynahebda.pl\/sklep\/#\/schema\/logo\/image\/","url":"","contentUrl":"","caption":"KlaudynaHebda"},"image":{"@id":"https:\/\/klaudynahebda.pl\/sklep\/#\/schema\/logo\/image\/"}}]}},"_links":{"self":[{"href":"https:\/\/klaudynahebda.pl\/sklep\/wp-json\/wp\/v2\/product\/111397"}],"collection":[{"href":"https:\/\/klaudynahebda.pl\/sklep\/wp-json\/wp\/v2\/product"}],"about":[{"href":"https:\/\/klaudynahebda.pl\/sklep\/wp-json\/wp\/v2\/types\/product"}],"replies":[{"embeddable":true,"href":"https:\/\/klaudynahebda.pl\/sklep\/wp-json\/wp\/v2\/comments?post=111397"}],"wp:featuredmedia":[{"embeddable":true,"href":"https:\/\/klaudynahebda.pl\/sklep\/wp-json\/wp\/v2\/media\/116786"}],"wp:attachment":[{"href":"https:\/\/klaudynahebda.pl\/sklep\/wp-json\/wp\/v2\/media?parent=111397"}],"wp:term":[{"taxonomy":"product_cat","embeddable":true,"href":"https:\/\/klaudynahebda.pl\/sklep\/wp-json\/wp\/v2\/product_cat?post=111397"},{"taxonomy":"product_tag","embeddable":true,"href":"https:\/\/klaudynahebda.pl\/sklep\/wp-json\/wp\/v2\/product_tag?post=111397"}],"curies":[{"name":"wp","href":"https:\/\/api.w.org\/{rel}","templated":true}]}}