{"id":111367,"date":"2020-11-10T11:29:08","date_gmt":"2020-11-10T10:29:08","guid":{"rendered":"https:\/\/klaudynahebda.pl\/sklep\/?post_type=product&#038;p=111367"},"modified":"2026-04-02T11:00:06","modified_gmt":"2026-04-02T09:00:06","slug":"olejek-grapefruitowy","status":"publish","type":"product","link":"https:\/\/klaudynahebda.pl\/sklep\/olejek-grapefruitowy\/","title":{"rendered":"Olejek grejpfrutowy"},"content":{"rendered":"<h2><strong>Za co pokochasz olejek grejpfrutowy?<\/strong><\/h2>\n<p><span style=\"font-weight: 400;\">Olejek grejpfrutowy (albo olejek grapefruitowy &#8211; obie nazwy dozwolone!) ma wr\u0119cz hipnotyzuj\u0105co \u015bwie\u017cy, s\u0142odki zapach z lekk\u0105 nut\u0105 goryczy. Dodany do dyfuzora zast\u0105pi wszystkie alpejskie \u0142\u0105ki czy morskie bryzy w sprayu. Za wielk\u0105 wod\u0105 jeden ze sk\u0142adnik\u00f3w grapefruita zosta\u0142 oficjalnie uznany jako naturalny repelent na komary.<\/span><\/p>\n<p><span style=\"font-weight: 400;\">Nasz naturalny olejek grejpfrutowy pochodzi z destylarni we W\u0142oszech. W przeciwie\u0144stwie do wielu innych zapach\u00f3w grapefruita dost\u0119pnych na rynku nasz olejek eteryczny jest w 100% st\u0119\u017cony. Oznacza to, \u017ce jest pozbawiony dodatk\u00f3w, cz\u0119sto syntetycznych i dodawanych do ta\u0144szych esencji. Nasze podej\u015bcie pozwala na wykorzystanie w grapefruicie tego, co najlepsze. <\/span><\/p>\n<h2><strong>Olejek eteryczny grejpfrutowy: zastosowanie<\/strong><\/h2>\n<ul>\n<li><span style=\"font-weight: 400;\">m\u00f3wi si\u0119, \u017ce to jeden z najbardziej energetyzuj\u0105cych olejk\u00f3w<\/span><\/li>\n<li><span style=\"font-weight: 400;\">zapach od\u015bwie\u017ca i mo\u017ce poprawi\u0107 humor, je\u015bli tylko przypomnisz sobie s\u0142oneczny zapach grapefruit\u00f3w we w\u0142oskim miasteczku<\/span><\/li>\n<li><span style=\"font-weight: 400;\">w zimnych miesi\u0105cach b\u0119dzie Twoim promieniem s\u0142o\u0144ca, a na wiosn\u0119 da si\u0142\u0119 do urzeczywistnienia wszystkich zaplanowanych aktywno\u015bci<\/span><\/li>\n<li><span style=\"font-weight: 400;\">pami\u0119taj, \u017ce jest uwa\u017cany za afrodyzjak \ud83d\ude42<br \/>\n<\/span><\/li>\n<\/ul>\n<p><span style=\"font-weight: 400;\">Idealny, je\u015bli chcesz poczu\u0107 wiosn\u0119 i lato w swoim domu<\/span><\/p>\n<p><span style=\"font-weight: 400;\">Potrzebujesz \u015bci\u0105gawki, kt\u00f3ry olejek cytrusowy do Ciebie pasuje? Zobacz ten wpis na blogu \u27a1\ufe0f\u27a1\ufe0f <a href=\"https:\/\/klaudynahebda.pl\/olejki-cytrusowe\/\">Olejki cytrusowe<\/a><\/span><\/p>\n","protected":false},"excerpt":{"rendered":"<p><strong>Remedium na lenistwo i &#8220;nie chce mi si\u0119&#8221; nie istnieje. Ale jest olejek grejpfrutowy<\/strong><\/p>\n<h2><span style=\"font-weight: 400;\">Olejek grejpfrutowy to:<\/span><\/h2>\n<ul>\n<li><span style=\"font-weight: 400;\"><strong>rajski aromat<\/strong>, kt\u00f3ry potrafi zawr\u00f3ci\u0107 w g\u0142owie;<\/span><\/li>\n<li>idealny wyb\u00f3r\u00a0<b>na chwile, kiedy nic si\u0119 nie chce,<\/b> masz do\u0142a i marzysz, \u017ceby schowa\u0107 si\u0119 pod ko\u0142dr\u0105 z pude\u0142kiem lod\u00f3w, aby po raz setny obejrze\u0107 Bridget Jones;<\/li>\n<li>zapach, kt\u00f3ry<strong> doda Ci energii<\/strong> i od\u015bwie\u017cy;<\/li>\n<li><strong>naturalny afrodyzjak <\/strong>(podobnie jak rozmaryn) &#8211; wykorzystaj go do masa\u017cu ukochanej osoby \ud83d\udc97<\/li>\n<\/ul>\n<p><strong>Czemu jeszcze go nie masz?<\/strong><\/p>\n<p><span style=\"font-weight: 400;\">Minutka &#8211; tyle wystarczy, \u017ceby bezpiecznie u\u017cy\u0107 olejku. Dodaj go do<a href=\"https:\/\/klaudynahebda.pl\/sklep\/dyfuzor-do-aromaterapii\/\"> dyfuzora<\/a> albo wykorzystaj w formie rozcie\u0144czonej do k\u0105pieli lub na sk\u00f3r\u0119.<\/span><\/p>\n<p><strong>Nowa, od\u015bwie\u017cona etykieta w pojemno\u015bci 5 ml<\/strong><br \/>\nTo wci\u0105\u017c ten sam, uwielbiany przez Was olejek \u2013 zmieni\u0142 si\u0119 tylko jego wygl\u0105d.<\/p>\n<p>&nbsp;<\/p>\n","protected":false},"featured_media":3227351,"comment_status":"open","ping_status":"closed","template":"","meta":[],"product_cat":[130,36,38,90],"product_tag":[],"acf":[],"yoast_head":"<!-- This site is optimized with the Yoast SEO plugin v19.6.1 - https:\/\/yoast.com\/wordpress\/plugins\/seo\/ -->\n<title>Olejek grejpfrutowy - Klaudyna Hebda Nature<\/title>\n<meta name=\"description\" content=\"Olejek grejpfrutowy ma zapach, kt\u00f3ry doda Ci energii i od\u015bwie\u017cy. Podobno dzia\u0142a jak naturalny afrodyzjak. Poczuj cytrusow\u0105 energi\u0119! \ud83d\udc49 SPRAWD\u0179\" \/>\n<meta name=\"robots\" content=\"index, follow, max-snippet:-1, max-image-preview:large, max-video-preview:-1\" \/>\n<link rel=\"canonical\" href=\"https:\/\/klaudynahebda.pl\/sklep\/olejek-grapefruitowy\/\" \/>\n<meta property=\"og:locale\" content=\"pl_PL\" \/>\n<meta property=\"og:type\" content=\"article\" \/>\n<meta property=\"og:title\" content=\"Olejek grejpfrutowy - Klaudyna Hebda Nature\" \/>\n<meta property=\"og:description\" content=\"Olejek grejpfrutowy ma zapach, kt\u00f3ry doda Ci energii i od\u015bwie\u017cy. Podobno dzia\u0142a jak naturalny afrodyzjak. Poczuj cytrusow\u0105 energi\u0119! \ud83d\udc49 SPRAWD\u0179\" \/>\n<meta property=\"og:url\" content=\"https:\/\/klaudynahebda.pl\/sklep\/olejek-grapefruitowy\/\" \/>\n<meta property=\"og:site_name\" content=\"Klaudyna Hebda Nature\" \/>\n<meta property=\"article:modified_time\" content=\"2026-04-02T09:00:06+00:00\" \/>\n<meta property=\"og:image\" content=\"https:\/\/klaudynahebda.pl\/sklep\/wp-content\/uploads\/2020\/11\/17.jpg\" \/>\n\t<meta property=\"og:image:width\" content=\"1020\" \/>\n\t<meta property=\"og:image:height\" content=\"1530\" \/>\n\t<meta property=\"og:image:type\" content=\"image\/jpeg\" \/>\n<meta name=\"twitter:card\" content=\"summary_large_image\" \/>\n<meta name=\"twitter:label1\" content=\"Szacowany czas czytania\" \/>\n\t<meta name=\"twitter:data1\" content=\"2 minuty\" \/>\n<script type=\"application\/ld+json\" class=\"yoast-schema-graph\">{\"@context\":\"https:\/\/schema.org\",\"@graph\":[{\"@type\":\"WebPage\",\"@id\":\"https:\/\/klaudynahebda.pl\/sklep\/olejek-grapefruitowy\/\",\"url\":\"https:\/\/klaudynahebda.pl\/sklep\/olejek-grapefruitowy\/\",\"name\":\"Olejek grejpfrutowy - Klaudyna Hebda Nature\",\"isPartOf\":{\"@id\":\"https:\/\/klaudynahebda.pl\/sklep\/#website\"},\"datePublished\":\"2020-11-10T10:29:08+00:00\",\"dateModified\":\"2026-04-02T09:00:06+00:00\",\"description\":\"Olejek grejpfrutowy ma zapach, kt\u00f3ry doda Ci energii i od\u015bwie\u017cy. Podobno dzia\u0142a jak naturalny afrodyzjak. Poczuj cytrusow\u0105 energi\u0119! \ud83d\udc49 SPRAWD\u0179\",\"breadcrumb\":{\"@id\":\"https:\/\/klaudynahebda.pl\/sklep\/olejek-grapefruitowy\/#breadcrumb\"},\"inLanguage\":\"pl-PL\",\"potentialAction\":[{\"@type\":\"ReadAction\",\"target\":[\"https:\/\/klaudynahebda.pl\/sklep\/olejek-grapefruitowy\/\"]}]},{\"@type\":\"BreadcrumbList\",\"@id\":\"https:\/\/klaudynahebda.pl\/sklep\/olejek-grapefruitowy\/#breadcrumb\",\"itemListElement\":[{\"@type\":\"ListItem\",\"position\":1,\"name\":\"Strona g\u0142\u00f3wna\",\"item\":\"https:\/\/klaudynahebda.pl\/sklep\/\"},{\"@type\":\"ListItem\",\"position\":2,\"name\":\"Sklep\",\"item\":\"https:\/\/klaudynahebda.pl\/sklep\/sklep\/\"},{\"@type\":\"ListItem\",\"position\":3,\"name\":\"Olejki eteryczne\",\"item\":\"https:\/\/klaudynahebda.pl\/sklep\/olejki-eteryczne\/\"},{\"@type\":\"ListItem\",\"position\":4,\"name\":\"Olejek grejpfrutowy\"}]},{\"@type\":\"WebSite\",\"@id\":\"https:\/\/klaudynahebda.pl\/sklep\/#website\",\"url\":\"https:\/\/klaudynahebda.pl\/sklep\/\",\"name\":\"Klaudyna Hebda Nature\",\"description\":\"Sklep\",\"publisher\":{\"@id\":\"https:\/\/klaudynahebda.pl\/sklep\/#organization\"},\"potentialAction\":[{\"@type\":\"SearchAction\",\"target\":{\"@type\":\"EntryPoint\",\"urlTemplate\":\"https:\/\/klaudynahebda.pl\/sklep\/?s={search_term_string}\"},\"query-input\":\"required name=search_term_string\"}],\"inLanguage\":\"pl-PL\"},{\"@type\":\"Organization\",\"@id\":\"https:\/\/klaudynahebda.pl\/sklep\/#organization\",\"name\":\"KlaudynaHebda\",\"url\":\"https:\/\/klaudynahebda.pl\/sklep\/\",\"sameAs\":[],\"logo\":{\"@type\":\"ImageObject\",\"inLanguage\":\"pl-PL\",\"@id\":\"https:\/\/klaudynahebda.pl\/sklep\/#\/schema\/logo\/image\/\",\"url\":\"\",\"contentUrl\":\"\",\"caption\":\"KlaudynaHebda\"},\"image\":{\"@id\":\"https:\/\/klaudynahebda.pl\/sklep\/#\/schema\/logo\/image\/\"}}]}<\/script>\n<!-- \/ Yoast SEO plugin. -->","yoast_head_json":{"title":"Olejek grejpfrutowy - Klaudyna Hebda Nature","description":"Olejek grejpfrutowy ma zapach, kt\u00f3ry doda Ci energii i od\u015bwie\u017cy. Podobno dzia\u0142a jak naturalny afrodyzjak. Poczuj cytrusow\u0105 energi\u0119! \ud83d\udc49 SPRAWD\u0179","robots":{"index":"index","follow":"follow","max-snippet":"max-snippet:-1","max-image-preview":"max-image-preview:large","max-video-preview":"max-video-preview:-1"},"canonical":"https:\/\/klaudynahebda.pl\/sklep\/olejek-grapefruitowy\/","og_locale":"pl_PL","og_type":"article","og_title":"Olejek grejpfrutowy - Klaudyna Hebda Nature","og_description":"Olejek grejpfrutowy ma zapach, kt\u00f3ry doda Ci energii i od\u015bwie\u017cy. Podobno dzia\u0142a jak naturalny afrodyzjak. Poczuj cytrusow\u0105 energi\u0119! \ud83d\udc49 SPRAWD\u0179","og_url":"https:\/\/klaudynahebda.pl\/sklep\/olejek-grapefruitowy\/","og_site_name":"Klaudyna Hebda Nature","article_modified_time":"2026-04-02T09:00:06+00:00","og_image":[{"width":1020,"height":1530,"url":"https:\/\/klaudynahebda.pl\/sklep\/wp-content\/uploads\/2020\/11\/17.jpg","type":"image\/jpeg"}],"twitter_card":"summary_large_image","twitter_misc":{"Szacowany czas czytania":"2 minuty"},"schema":{"@context":"https:\/\/schema.org","@graph":[{"@type":"WebPage","@id":"https:\/\/klaudynahebda.pl\/sklep\/olejek-grapefruitowy\/","url":"https:\/\/klaudynahebda.pl\/sklep\/olejek-grapefruitowy\/","name":"Olejek grejpfrutowy - Klaudyna Hebda Nature","isPartOf":{"@id":"https:\/\/klaudynahebda.pl\/sklep\/#website"},"datePublished":"2020-11-10T10:29:08+00:00","dateModified":"2026-04-02T09:00:06+00:00","description":"Olejek grejpfrutowy ma zapach, kt\u00f3ry doda Ci energii i od\u015bwie\u017cy. Podobno dzia\u0142a jak naturalny afrodyzjak. Poczuj cytrusow\u0105 energi\u0119! \ud83d\udc49 SPRAWD\u0179","breadcrumb":{"@id":"https:\/\/klaudynahebda.pl\/sklep\/olejek-grapefruitowy\/#breadcrumb"},"inLanguage":"pl-PL","potentialAction":[{"@type":"ReadAction","target":["https:\/\/klaudynahebda.pl\/sklep\/olejek-grapefruitowy\/"]}]},{"@type":"BreadcrumbList","@id":"https:\/\/klaudynahebda.pl\/sklep\/olejek-grapefruitowy\/#breadcrumb","itemListElement":[{"@type":"ListItem","position":1,"name":"Strona g\u0142\u00f3wna","item":"https:\/\/klaudynahebda.pl\/sklep\/"},{"@type":"ListItem","position":2,"name":"Sklep","item":"https:\/\/klaudynahebda.pl\/sklep\/sklep\/"},{"@type":"ListItem","position":3,"name":"Olejki eteryczne","item":"https:\/\/klaudynahebda.pl\/sklep\/olejki-eteryczne\/"},{"@type":"ListItem","position":4,"name":"Olejek grejpfrutowy"}]},{"@type":"WebSite","@id":"https:\/\/klaudynahebda.pl\/sklep\/#website","url":"https:\/\/klaudynahebda.pl\/sklep\/","name":"Klaudyna Hebda Nature","description":"Sklep","publisher":{"@id":"https:\/\/klaudynahebda.pl\/sklep\/#organization"},"potentialAction":[{"@type":"SearchAction","target":{"@type":"EntryPoint","urlTemplate":"https:\/\/klaudynahebda.pl\/sklep\/?s={search_term_string}"},"query-input":"required name=search_term_string"}],"inLanguage":"pl-PL"},{"@type":"Organization","@id":"https:\/\/klaudynahebda.pl\/sklep\/#organization","name":"KlaudynaHebda","url":"https:\/\/klaudynahebda.pl\/sklep\/","sameAs":[],"logo":{"@type":"ImageObject","inLanguage":"pl-PL","@id":"https:\/\/klaudynahebda.pl\/sklep\/#\/schema\/logo\/image\/","url":"","contentUrl":"","caption":"KlaudynaHebda"},"image":{"@id":"https:\/\/klaudynahebda.pl\/sklep\/#\/schema\/logo\/image\/"}}]}},"_links":{"self":[{"href":"https:\/\/klaudynahebda.pl\/sklep\/wp-json\/wp\/v2\/product\/111367"}],"collection":[{"href":"https:\/\/klaudynahebda.pl\/sklep\/wp-json\/wp\/v2\/product"}],"about":[{"href":"https:\/\/klaudynahebda.pl\/sklep\/wp-json\/wp\/v2\/types\/product"}],"replies":[{"embeddable":true,"href":"https:\/\/klaudynahebda.pl\/sklep\/wp-json\/wp\/v2\/comments?post=111367"}],"wp:featuredmedia":[{"embeddable":true,"href":"https:\/\/klaudynahebda.pl\/sklep\/wp-json\/wp\/v2\/media\/3227351"}],"wp:attachment":[{"href":"https:\/\/klaudynahebda.pl\/sklep\/wp-json\/wp\/v2\/media?parent=111367"}],"wp:term":[{"taxonomy":"product_cat","embeddable":true,"href":"https:\/\/klaudynahebda.pl\/sklep\/wp-json\/wp\/v2\/product_cat?post=111367"},{"taxonomy":"product_tag","embeddable":true,"href":"https:\/\/klaudynahebda.pl\/sklep\/wp-json\/wp\/v2\/product_tag?post=111367"}],"curies":[{"name":"wp","href":"https:\/\/api.w.org\/{rel}","templated":true}]}}