{"id":65,"date":"2018-04-08T21:54:29","date_gmt":"2018-04-08T19:54:29","guid":{"rendered":"http:\/\/klaudynahebda.pl\/sklep\/?page_id=65"},"modified":"2026-04-01T09:34:16","modified_gmt":"2026-04-01T07:34:16","slug":"kontakt","status":"publish","type":"page","link":"https:\/\/klaudynahebda.pl\/sklep\/kontakt\/","title":{"rendered":"Kontakt"},"content":{"rendered":"<p>Je\u015bli masz pytanie dotycz\u0105ce moich produkt\u00f3w, napisz do nas! Wpisz swoj\u0105 wiadomo\u015b\u0107 do formularza kontaktowego poni\u017cej lub napisz e-mail na pytanie@klaudynahebda.pl.<\/p>\n<p>W ci\u0105gu 24-72h dostaniesz odpowied\u017a od mojego Zespo\u0142u Alchemiczki, kt\u00f3ry odpowie na wszystkie Twoje w\u0105tpliwo\u015bci i pomo\u017ce wybra\u0107 odpowiedni olejek lub mikstur\u0119 do Twoich potrzeb.<\/p>\n<p>Je\u015bli wype\u0142ni\u0142a\u015b formularz kontaktowy i z jakiegokolwiek powodu nie otrzymasz odpowiedzi, napisz, prosz\u0119 e-mail na adres pytanie@klaudynahebda.pl.<\/p>\n<p>PS. Sprawd\u017a e-mail, kt\u00f3ry wpisujesz do formularza kontaktowego &#8211; je\u015bli jest b\u0142\u0119dny, nie b\u0119d\u0119 mog\u0142a odpowiedzie\u0107 na Twoj\u0105 wiadomo\u015b\u0107.<\/p>\n<div class=\"wpforms-container wpforms-container-full\" id=\"wpforms-147733\"><form id=\"wpforms-form-147733\" class=\"wpforms-validate wpforms-form\" data-formid=\"147733\" method=\"post\" enctype=\"multipart\/form-data\" action=\"\/sklep\/wp-json\/wp\/v2\/pages\/65\" data-token=\"84c38951c9e3cd35f91e432fd1db82b0\"><noscript class=\"wpforms-error-noscript\">Please enable JavaScript in your browser to complete this form.<\/noscript><div class=\"wpforms-field-container\"><div id=\"wpforms-147733-field_0-container\" class=\"wpforms-field wpforms-field-name\" data-field-id=\"0\"><label class=\"wpforms-field-label\" for=\"wpforms-147733-field_0\">Imi\u0119 <span class=\"wpforms-required-label\">*<\/span><\/label><input type=\"text\" id=\"wpforms-147733-field_0\" class=\"wpforms-field-medium wpforms-field-required\" name=\"wpforms[fields][0]\" placeholder=\"Podaj swoje imi\u0119\" required><\/div><div id=\"wpforms-147733-field_1-container\" class=\"wpforms-field wpforms-field-email\" data-field-id=\"1\"><label class=\"wpforms-field-label\" for=\"wpforms-147733-field_1\">E-mail <span class=\"wpforms-required-label\">*<\/span><\/label><input type=\"email\" id=\"wpforms-147733-field_1\" class=\"wpforms-field-medium wpforms-field-required\" name=\"wpforms[fields][1]\" placeholder=\"Wpisz sw\u00f3j e-mail\" required><\/div><div id=\"wpforms-147733-field_2-container\" class=\"wpforms-field wpforms-field-textarea\" data-field-id=\"2\"><label class=\"wpforms-field-label\" for=\"wpforms-147733-field_2\">Tre\u015b\u0107 wiadomo\u015bci <span class=\"wpforms-required-label\">*<\/span><\/label><textarea id=\"wpforms-147733-field_2\" class=\"wpforms-field-medium wpforms-field-required\" name=\"wpforms[fields][2]\" placeholder=\"Wpisz tre\u015b\u0107\u00a0wiadomo\u015bci\" required><\/textarea><\/div><\/div><div class=\"wpforms-recaptcha-container wpforms-is-recaptcha\"><div class=\"g-recaptcha\" data-sitekey=\"6Leg4ekeAAAAAAYDaPLcd78_3Y8VNyLwjctRCeJc\"><\/div><input type=\"text\" name=\"g-recaptcha-hidden\" class=\"wpforms-recaptcha-hidden\" style=\"position:absolute!important;clip:rect(0,0,0,0)!important;height:1px!important;width:1px!important;border:0!important;overflow:hidden!important;padding:0!important;margin:0!important;\" required><\/div><div class=\"wpforms-submit-container\"><input type=\"hidden\" name=\"wpforms[id]\" value=\"147733\"><input type=\"hidden\" name=\"wpforms[author]\" value=\"1\"><button type=\"submit\" name=\"wpforms[submit]\" id=\"wpforms-submit-147733\" class=\"wpforms-submit\" data-alt-text=\"Wysy\u0142am...\" data-submit-text=\"Wy\u015blij\" aria-live=\"assertive\" value=\"wpforms-submit\">Wy\u015blij<\/button><\/div><\/form><\/div>  <!-- .wpforms-container -->\n<p>&nbsp;<\/p>\n","protected":false},"excerpt":{"rendered":"<p>Je\u015bli masz pytanie dotycz\u0105ce moich produkt\u00f3w, napisz do nas! Wpisz swoj\u0105 wiadomo\u015b\u0107 do formularza kontaktowego poni\u017cej lub napisz e-mail na pytanie@klaudynahebda.pl. W ci\u0105gu 24-72h dostaniesz odpowied\u017a od mojego Zespo\u0142u Alchemiczki, kt\u00f3ry odpowie na wszystkie Twoje w\u0105tpliwo\u015bci i pomo\u017ce wybra\u0107 odpowiedni olejek lub mikstur\u0119 do Twoich potrzeb. Je\u015bli wype\u0142ni\u0142a\u015b formularz kontaktowy i z jakiegokolwiek powodu nie [&#8230;]\n","protected":false},"author":1,"featured_media":0,"parent":0,"menu_order":0,"comment_status":"closed","ping_status":"closed","template":"","meta":[],"acf":[],"yoast_head":"<!-- This site is optimized with the Yoast SEO plugin v19.6.1 - https:\/\/yoast.com\/wordpress\/plugins\/seo\/ -->\n<title>Kontakt - Klaudyna Hebda Nature<\/title>\n<meta name=\"robots\" content=\"index, follow, max-snippet:-1, max-image-preview:large, max-video-preview:-1\" \/>\n<link rel=\"canonical\" href=\"https:\/\/klaudynahebda.pl\/sklep\/kontakt\/\" \/>\n<meta property=\"og:locale\" content=\"pl_PL\" \/>\n<meta property=\"og:type\" content=\"article\" \/>\n<meta property=\"og:title\" content=\"Kontakt - Klaudyna Hebda Nature\" \/>\n<meta property=\"og:description\" content=\"Je\u015bli masz pytanie dotycz\u0105ce moich produkt\u00f3w, napisz do nas! Wpisz swoj\u0105 wiadomo\u015b\u0107 do formularza kontaktowego poni\u017cej lub napisz e-mail na pytanie@klaudynahebda.pl. W ci\u0105gu 24-72h dostaniesz odpowied\u017a od mojego Zespo\u0142u Alchemiczki, kt\u00f3ry odpowie na wszystkie Twoje w\u0105tpliwo\u015bci i pomo\u017ce wybra\u0107 odpowiedni olejek lub mikstur\u0119 do Twoich potrzeb. Je\u015bli wype\u0142ni\u0142a\u015b formularz kontaktowy i z jakiegokolwiek powodu nie [...]\" \/>\n<meta property=\"og:url\" content=\"https:\/\/klaudynahebda.pl\/sklep\/kontakt\/\" \/>\n<meta property=\"og:site_name\" content=\"Klaudyna Hebda Nature\" \/>\n<meta property=\"article:modified_time\" content=\"2026-04-01T07:34:16+00:00\" \/>\n<meta name=\"twitter:card\" content=\"summary_large_image\" \/>\n<meta name=\"twitter:label1\" content=\"Szacowany czas czytania\" \/>\n\t<meta name=\"twitter:data1\" content=\"1 minuta\" \/>\n<script type=\"application\/ld+json\" class=\"yoast-schema-graph\">{\"@context\":\"https:\/\/schema.org\",\"@graph\":[{\"@type\":\"WebPage\",\"@id\":\"https:\/\/klaudynahebda.pl\/sklep\/kontakt\/\",\"url\":\"https:\/\/klaudynahebda.pl\/sklep\/kontakt\/\",\"name\":\"Kontakt - Klaudyna Hebda Nature\",\"isPartOf\":{\"@id\":\"https:\/\/klaudynahebda.pl\/sklep\/#website\"},\"datePublished\":\"2018-04-08T19:54:29+00:00\",\"dateModified\":\"2026-04-01T07:34:16+00:00\",\"breadcrumb\":{\"@id\":\"https:\/\/klaudynahebda.pl\/sklep\/kontakt\/#breadcrumb\"},\"inLanguage\":\"pl-PL\",\"potentialAction\":[{\"@type\":\"ReadAction\",\"target\":[\"https:\/\/klaudynahebda.pl\/sklep\/kontakt\/\"]}]},{\"@type\":\"BreadcrumbList\",\"@id\":\"https:\/\/klaudynahebda.pl\/sklep\/kontakt\/#breadcrumb\",\"itemListElement\":[{\"@type\":\"ListItem\",\"position\":1,\"name\":\"Strona g\u0142\u00f3wna\",\"item\":\"https:\/\/klaudynahebda.pl\/sklep\/\"},{\"@type\":\"ListItem\",\"position\":2,\"name\":\"Kontakt\"}]},{\"@type\":\"WebSite\",\"@id\":\"https:\/\/klaudynahebda.pl\/sklep\/#website\",\"url\":\"https:\/\/klaudynahebda.pl\/sklep\/\",\"name\":\"Klaudyna Hebda Nature\",\"description\":\"Sklep\",\"publisher\":{\"@id\":\"https:\/\/klaudynahebda.pl\/sklep\/#organization\"},\"potentialAction\":[{\"@type\":\"SearchAction\",\"target\":{\"@type\":\"EntryPoint\",\"urlTemplate\":\"https:\/\/klaudynahebda.pl\/sklep\/?s={search_term_string}\"},\"query-input\":\"required name=search_term_string\"}],\"inLanguage\":\"pl-PL\"},{\"@type\":\"Organization\",\"@id\":\"https:\/\/klaudynahebda.pl\/sklep\/#organization\",\"name\":\"KlaudynaHebda\",\"url\":\"https:\/\/klaudynahebda.pl\/sklep\/\",\"sameAs\":[],\"logo\":{\"@type\":\"ImageObject\",\"inLanguage\":\"pl-PL\",\"@id\":\"https:\/\/klaudynahebda.pl\/sklep\/#\/schema\/logo\/image\/\",\"url\":\"\",\"contentUrl\":\"\",\"caption\":\"KlaudynaHebda\"},\"image\":{\"@id\":\"https:\/\/klaudynahebda.pl\/sklep\/#\/schema\/logo\/image\/\"}}]}<\/script>\n<!-- \/ Yoast SEO plugin. -->","yoast_head_json":{"title":"Kontakt - Klaudyna Hebda Nature","robots":{"index":"index","follow":"follow","max-snippet":"max-snippet:-1","max-image-preview":"max-image-preview:large","max-video-preview":"max-video-preview:-1"},"canonical":"https:\/\/klaudynahebda.pl\/sklep\/kontakt\/","og_locale":"pl_PL","og_type":"article","og_title":"Kontakt - Klaudyna Hebda Nature","og_description":"Je\u015bli masz pytanie dotycz\u0105ce moich produkt\u00f3w, napisz do nas! Wpisz swoj\u0105 wiadomo\u015b\u0107 do formularza kontaktowego poni\u017cej lub napisz e-mail na pytanie@klaudynahebda.pl. W ci\u0105gu 24-72h dostaniesz odpowied\u017a od mojego Zespo\u0142u Alchemiczki, kt\u00f3ry odpowie na wszystkie Twoje w\u0105tpliwo\u015bci i pomo\u017ce wybra\u0107 odpowiedni olejek lub mikstur\u0119 do Twoich potrzeb. Je\u015bli wype\u0142ni\u0142a\u015b formularz kontaktowy i z jakiegokolwiek powodu nie [...]","og_url":"https:\/\/klaudynahebda.pl\/sklep\/kontakt\/","og_site_name":"Klaudyna Hebda Nature","article_modified_time":"2026-04-01T07:34:16+00:00","twitter_card":"summary_large_image","twitter_misc":{"Szacowany czas czytania":"1 minuta"},"schema":{"@context":"https:\/\/schema.org","@graph":[{"@type":"WebPage","@id":"https:\/\/klaudynahebda.pl\/sklep\/kontakt\/","url":"https:\/\/klaudynahebda.pl\/sklep\/kontakt\/","name":"Kontakt - Klaudyna Hebda Nature","isPartOf":{"@id":"https:\/\/klaudynahebda.pl\/sklep\/#website"},"datePublished":"2018-04-08T19:54:29+00:00","dateModified":"2026-04-01T07:34:16+00:00","breadcrumb":{"@id":"https:\/\/klaudynahebda.pl\/sklep\/kontakt\/#breadcrumb"},"inLanguage":"pl-PL","potentialAction":[{"@type":"ReadAction","target":["https:\/\/klaudynahebda.pl\/sklep\/kontakt\/"]}]},{"@type":"BreadcrumbList","@id":"https:\/\/klaudynahebda.pl\/sklep\/kontakt\/#breadcrumb","itemListElement":[{"@type":"ListItem","position":1,"name":"Strona g\u0142\u00f3wna","item":"https:\/\/klaudynahebda.pl\/sklep\/"},{"@type":"ListItem","position":2,"name":"Kontakt"}]},{"@type":"WebSite","@id":"https:\/\/klaudynahebda.pl\/sklep\/#website","url":"https:\/\/klaudynahebda.pl\/sklep\/","name":"Klaudyna Hebda Nature","description":"Sklep","publisher":{"@id":"https:\/\/klaudynahebda.pl\/sklep\/#organization"},"potentialAction":[{"@type":"SearchAction","target":{"@type":"EntryPoint","urlTemplate":"https:\/\/klaudynahebda.pl\/sklep\/?s={search_term_string}"},"query-input":"required name=search_term_string"}],"inLanguage":"pl-PL"},{"@type":"Organization","@id":"https:\/\/klaudynahebda.pl\/sklep\/#organization","name":"KlaudynaHebda","url":"https:\/\/klaudynahebda.pl\/sklep\/","sameAs":[],"logo":{"@type":"ImageObject","inLanguage":"pl-PL","@id":"https:\/\/klaudynahebda.pl\/sklep\/#\/schema\/logo\/image\/","url":"","contentUrl":"","caption":"KlaudynaHebda"},"image":{"@id":"https:\/\/klaudynahebda.pl\/sklep\/#\/schema\/logo\/image\/"}}]}},"_links":{"self":[{"href":"https:\/\/klaudynahebda.pl\/sklep\/wp-json\/wp\/v2\/pages\/65"}],"collection":[{"href":"https:\/\/klaudynahebda.pl\/sklep\/wp-json\/wp\/v2\/pages"}],"about":[{"href":"https:\/\/klaudynahebda.pl\/sklep\/wp-json\/wp\/v2\/types\/page"}],"author":[{"embeddable":true,"href":"https:\/\/klaudynahebda.pl\/sklep\/wp-json\/wp\/v2\/users\/1"}],"replies":[{"embeddable":true,"href":"https:\/\/klaudynahebda.pl\/sklep\/wp-json\/wp\/v2\/comments?post=65"}],"version-history":[{"count":1,"href":"https:\/\/klaudynahebda.pl\/sklep\/wp-json\/wp\/v2\/pages\/65\/revisions"}],"predecessor-version":[{"id":3482741,"href":"https:\/\/klaudynahebda.pl\/sklep\/wp-json\/wp\/v2\/pages\/65\/revisions\/3482741"}],"wp:attachment":[{"href":"https:\/\/klaudynahebda.pl\/sklep\/wp-json\/wp\/v2\/media?parent=65"}],"curies":[{"name":"wp","href":"https:\/\/api.w.org\/{rel}","templated":true}]}}